{"id":9776,"date":"2025-03-24T22:04:14","date_gmt":"2025-03-24T21:04:14","guid":{"rendered":"https:\/\/premiumkeszulek.hu\/product\/aeg-rcb646e3mb-kombinalt-hutoszekreny-nofrost-192-cm\/"},"modified":"2026-04-01T19:47:28","modified_gmt":"2026-04-01T17:47:28","slug":"aeg-rcb646e3mb-kombinalt-hutoszekreny-nofrost-192-cm","status":"publish","type":"product","link":"https:\/\/premiumkeszulek.hu\/hu\/termek\/aeg-rcb646e3mb-kombinalt-hutoszekreny-nofrost-192-cm\/","title":{"rendered":"AEG RCB646E3MB Kombin\u00e1lt h\u0171t\u0151szekr\u00e9ny, NoFrost, 192 cm"},"content":{"rendered":"<p>- megford\u00edthat\u00f3 ajt\u00f3nyit\u00e1s (a m\u00e1rkaszerviz v\u00e9gezheti el!)<br \/>\n- elektronikus h\u0151m\u00e9rs\u00e9klet vez\u00e9rl\u00e9s, digit\u00e1lis kijelz\u00e9ssel az ajt\u00f3n<br \/>\n- magas h\u0151m\u00e9rs\u00e9klet riaszt\u00e1s<br \/>\n- nyitott ajt\u00f3 jelz\u00e9s<br \/>\n- Action Freeze gyorsfagyaszt\u00e1s<br \/>\n- TwinTech\u00ae No Frost - Intelligens kett\u0151s h\u0171t\u00e9si rendszer<br \/>\n- Twist &amp; Serve j\u00e9g adagol\u00f3<br \/>\n- MultiFlow - Stabil, egyenletes h\u0151m\u00e9rs\u00e9klet fenntart\u00e1s<br \/>\n- Action Cool - Intenz\u00edv h\u0171t\u00e9s<br \/>\n- Vak\u00e1ci\u00f3 - Hoszabb t\u00e1voll\u00e9tn\u00e9l fix 14 fokos h\u0171t\u0151t\u00e9r<br \/>\n- Dual Control rendszer: k\u00fcl\u00f6n vez\u00e9relhet\u0151 h\u0171t\u0151 \u00e9s fagyaszt\u00f3t\u00e9r<br \/>\n- LED-vil\u00e1g\u00edt\u00e1s a tet\u0151panelen<br \/>\n- fekete rozsdamentes ac\u00e9l ajt\u00f3, sz\u00fcrke oldalfalak<\/p>","protected":false},"excerpt":{"rendered":"<p>&#8211; megford\u00edthat\u00f3 ajt\u00f3nyit\u00e1s (a m\u00e1rkaszerviz v\u00e9gezheti el!) &#8211; elektronikus h\u0151m\u00e9rs\u00e9klet vez\u00e9rl\u00e9s, digit\u00e1lis kijelz\u00e9ssel az ajt\u00f3n &#8211; magas h\u0151m\u00e9rs\u00e9klet riaszt\u00e1s &#8211; nyitott ajt\u00f3 jelz\u00e9s &#8211; Action Freeze gyorsfagyaszt\u00e1s &#8211; TwinTech\u00ae No Frost &#8211; Intelligens kett\u0151s h\u0171t\u00e9si rendszer &#8211; Twist &amp; Serve j\u00e9g adagol\u00f3 &#8211; MultiFlow &#8211; Stabil, egyenletes h\u0151m\u00e9rs\u00e9klet fenntart\u00e1s &#8211; Action Cool &#8211; Intenz\u00edv h\u0171t\u00e9s [&hellip;]<\/p>\n","protected":false},"featured_media":9775,"comment_status":"closed","ping_status":"closed","template":"","meta":{"_crdt_document":"","content-type":"","jetpack_post_was_ever_published":false,"jetpack_publicize_message":"","jetpack_publicize_feature_enabled":true,"jetpack_social_post_already_shared":true,"jetpack_social_options":{"image_generator_settings":{"template":"highway","default_image_id":0,"font":"","enabled":false},"version":2},"_wpas_customize_per_network":false},"product_brand":[1632],"product_cat":[1404,1543],"product_tag":[],"woo-feed-brand":[],"class_list":{"0":"post-9776","1":"product","2":"type-product","3":"status-publish","4":"has-post-thumbnail","6":"product_brand-aeg","7":"product_cat-hutokfagyasztok","8":"product_cat-szabadonallo-hutoszekrenyek","9":"product_shipping_class-100000felett","11":"first","12":"onbackorder","13":"taxable","14":"shipping-taxable","15":"purchasable","16":"product-type-simple"},"yoast_head":"<!-- This site is optimized with the Yoast SEO Premium plugin v26.9 (Yoast SEO v26.9) - https:\/\/yoast.com\/product\/yoast-seo-premium-wordpress\/ -->\n<title>AEG RCB646E3MB Kombin\u00e1lt h\u0171t\u0151szekr\u00e9ny, NoFrost, 192 cm - Pr\u00e9miumK\u00e9sz\u00fcl\u00e9k<\/title>\n<meta name=\"description\" content=\"Ismerje meg az AEG RCB646E3MB Kombin\u00e1lt h\u0171t\u0151szekr\u00e9nyt! A p\u00e9lda\u00e9rt\u00e9k\u0171 h\u0171t\u00e9si technol\u00f3gia \u00e9s egyszer\u0171 kezelhet\u0151s\u00e9g egyes\u00fcl benne. \ud83d\ude0d\" \/>\n<meta name=\"robots\" content=\"index, follow, max-snippet:-1, max-image-preview:large, max-video-preview:-1\" \/>\n<link rel=\"canonical\" href=\"https:\/\/premiumkeszulek.hu\/hu\/termek\/aeg-rcb646e3mb-kombinalt-hutoszekreny-nofrost-192-cm\/\" \/>\n<meta property=\"og:locale\" content=\"hu_HU\" \/>\n<meta property=\"og:type\" content=\"article\" \/>\n<meta property=\"og:title\" content=\"AEG RCB646E3MB Kombin\u00e1lt h\u0171t\u0151szekr\u00e9ny, NoFrost, 192 cm\" \/>\n<meta property=\"og:description\" content=\"Ismerje meg az AEG RCB646E3MB Kombin\u00e1lt h\u0171t\u0151szekr\u00e9nyt! A p\u00e9lda\u00e9rt\u00e9k\u0171 h\u0171t\u00e9si technol\u00f3gia \u00e9s egyszer\u0171 kezelhet\u0151s\u00e9g egyes\u00fcl benne. \ud83d\ude0d\" \/>\n<meta property=\"og:url\" content=\"https:\/\/premiumkeszulek.hu\/hu\/termek\/aeg-rcb646e3mb-kombinalt-hutoszekreny-nofrost-192-cm\/\" \/>\n<meta property=\"og:site_name\" content=\"Pr\u00e9miumK\u00e9sz\u00fcl\u00e9k\" \/>\n<meta property=\"article:publisher\" content=\"https:\/\/www.facebook.com\/konyhaluxnet\" \/>\n<meta property=\"article:modified_time\" content=\"2026-04-01T17:47:28+00:00\" \/>\n<meta property=\"og:image\" content=\"https:\/\/i0.wp.com\/premiumkeszulek.hu\/wp-content\/uploads\/2025\/03\/RCB646E3MB.jpg?fit=800%2C800&ssl=1\" \/>\n\t<meta property=\"og:image:width\" content=\"800\" \/>\n\t<meta property=\"og:image:height\" content=\"800\" \/>\n\t<meta property=\"og:image:type\" content=\"image\/jpeg\" \/>\n<meta name=\"twitter:card\" content=\"summary_large_image\" \/>\n<meta name=\"twitter:label1\" content=\"\u00c1r\" \/>\n\t<meta name=\"twitter:data1\" content=\"459.900&#070;&#116;\" \/>\n\t<meta name=\"twitter:label2\" content=\"El\u00e9rhet\u0151s\u00e9g\" \/>\n\t<meta name=\"twitter:data2\" content=\"Beszerz\u00e9s alatt\" \/>\n<script type=\"application\/ld+json\" class=\"yoast-schema-graph\">{\"@context\":\"https:\/\/schema.org\",\"@graph\":[{\"@type\":\"WebPage\",\"@id\":\"https:\/\/premiumkeszulek.hu\/hu\/termek\/aeg-rcb646e3mb-kombinalt-hutoszekreny-nofrost-192-cm\/\",\"url\":\"https:\/\/premiumkeszulek.hu\/hu\/termek\/aeg-rcb646e3mb-kombinalt-hutoszekreny-nofrost-192-cm\/\",\"name\":\"AEG RCB646E3MB Kombin\u00e1lt h\u0171t\u0151szekr\u00e9ny, NoFrost, 192 cm - Pr\u00e9miumK\u00e9sz\u00fcl\u00e9k\",\"isPartOf\":{\"@id\":\"https:\/\/premiumkeszulek.hu\/en\/#website\"},\"primaryImageOfPage\":{\"@id\":\"https:\/\/premiumkeszulek.hu\/hu\/termek\/aeg-rcb646e3mb-kombinalt-hutoszekreny-nofrost-192-cm\/#primaryimage\"},\"image\":{\"@id\":\"https:\/\/premiumkeszulek.hu\/hu\/termek\/aeg-rcb646e3mb-kombinalt-hutoszekreny-nofrost-192-cm\/#primaryimage\"},\"thumbnailUrl\":\"https:\/\/i0.wp.com\/premiumkeszulek.hu\/wp-content\/uploads\/2025\/03\/RCB646E3MB.jpg?fit=800%2C800&ssl=1\",\"datePublished\":\"2025-03-24T21:04:14+00:00\",\"dateModified\":\"2026-04-01T17:47:28+00:00\",\"description\":\"Ismerje meg az AEG RCB646E3MB Kombin\u00e1lt h\u0171t\u0151szekr\u00e9nyt! A p\u00e9lda\u00e9rt\u00e9k\u0171 h\u0171t\u00e9si technol\u00f3gia \u00e9s egyszer\u0171 kezelhet\u0151s\u00e9g egyes\u00fcl benne. \ud83d\ude0d\",\"breadcrumb\":{\"@id\":\"https:\/\/premiumkeszulek.hu\/hu\/termek\/aeg-rcb646e3mb-kombinalt-hutoszekreny-nofrost-192-cm\/#breadcrumb\"},\"inLanguage\":\"hu\",\"potentialAction\":[{\"@type\":\"ReadAction\",\"target\":[\"https:\/\/premiumkeszulek.hu\/hu\/termek\/aeg-rcb646e3mb-kombinalt-hutoszekreny-nofrost-192-cm\/\"]}]},{\"@type\":\"ImageObject\",\"inLanguage\":\"hu\",\"@id\":\"https:\/\/premiumkeszulek.hu\/hu\/termek\/aeg-rcb646e3mb-kombinalt-hutoszekreny-nofrost-192-cm\/#primaryimage\",\"url\":\"https:\/\/i0.wp.com\/premiumkeszulek.hu\/wp-content\/uploads\/2025\/03\/RCB646E3MB.jpg?fit=800%2C800&ssl=1\",\"contentUrl\":\"https:\/\/i0.wp.com\/premiumkeszulek.hu\/wp-content\/uploads\/2025\/03\/RCB646E3MB.jpg?fit=800%2C800&ssl=1\",\"width\":800,\"height\":800},{\"@type\":\"BreadcrumbList\",\"@id\":\"https:\/\/premiumkeszulek.hu\/hu\/termek\/aeg-rcb646e3mb-kombinalt-hutoszekreny-nofrost-192-cm\/#breadcrumb\",\"itemListElement\":[{\"@type\":\"ListItem\",\"position\":1,\"name\":\"Home\",\"item\":\"https:\/\/premiumkeszulek.hu\/en\/\"},{\"@type\":\"ListItem\",\"position\":2,\"name\":\"Shop\",\"item\":\"https:\/\/premiumkeszulek.hu\/en\/shop\/\"},{\"@type\":\"ListItem\",\"position\":3,\"name\":\"AEG RCB646E3MB Kombin\u00e1lt h\u0171t\u0151szekr\u00e9ny, NoFrost, 192 cm\"}]},{\"@type\":\"WebSite\",\"@id\":\"https:\/\/premiumkeszulek.hu\/en\/#website\",\"url\":\"https:\/\/premiumkeszulek.hu\/en\/\",\"name\":\"Pr\u00e9miumK\u00e9sz\u00fcl\u00e9k\",\"description\":\"\",\"publisher\":{\"@id\":\"https:\/\/premiumkeszulek.hu\/en\/#organization\"},\"potentialAction\":[{\"@type\":\"SearchAction\",\"target\":{\"@type\":\"EntryPoint\",\"urlTemplate\":\"https:\/\/premiumkeszulek.hu\/en\/?s={search_term_string}\"},\"query-input\":{\"@type\":\"PropertyValueSpecification\",\"valueRequired\":true,\"valueName\":\"search_term_string\"}}],\"inLanguage\":\"hu\"},{\"@type\":\"Organization\",\"@id\":\"https:\/\/premiumkeszulek.hu\/en\/#organization\",\"name\":\"Pr\u00e9miumK\u00e9sz\u00fcl\u00e9k\",\"alternateName\":\"HPH Special Kft\",\"url\":\"https:\/\/premiumkeszulek.hu\/en\/\",\"logo\":{\"@type\":\"ImageObject\",\"inLanguage\":\"hu\",\"@id\":\"https:\/\/premiumkeszulek.hu\/en\/#\/schema\/logo\/image\/\",\"url\":\"http:\/\/premiumkeszulek.hu\/wp-content\/uploads\/2025\/03\/TURKIZLOGO-kicsi.png\",\"contentUrl\":\"http:\/\/premiumkeszulek.hu\/wp-content\/uploads\/2025\/03\/TURKIZLOGO-kicsi.png\",\"width\":1600,\"height\":547,\"caption\":\"Pr\u00e9miumK\u00e9sz\u00fcl\u00e9k\"},\"image\":{\"@id\":\"https:\/\/premiumkeszulek.hu\/en\/#\/schema\/logo\/image\/\"},\"sameAs\":[\"https:\/\/www.facebook.com\/konyhaluxnet\",\"https:\/\/www.instagram.com\/konyhaluxnet\/#\"],\"email\":\"info@premiumkeszulek.hu\",\"telephone\":\"36 1 \/ 226-1992\",\"legalName\":\"HPH Special Kft\",\"vatID\":\"HU12549502\",\"taxID\":\"12549502\",\"hasMerchantReturnPolicy\":{\"@type\":\"MerchantReturnPolicy\",\"merchantReturnLink\":\"https:\/\/premiumkeszulek.hu\/hu\/altalanos-szerzodesi-es-felhasznalasi-feltetelek\/\"}}]}<\/script>\n<meta property=\"product:brand\" content=\"AEG\" \/>\n<meta property=\"product:price:amount\" content=\"459900\" \/>\n<meta property=\"product:price:currency\" content=\"HUF\" \/>\n<meta property=\"og:availability\" content=\"backorder\" \/>\n<meta property=\"product:availability\" content=\"available for order\" \/>\n<meta property=\"product:retailer_item_id\" content=\"925993287\" \/>\n<meta property=\"product:condition\" content=\"new\" \/>\n<!-- \/ Yoast SEO Premium plugin. -->","yoast_head_json":{"title":"AEG RCB646E3MB Kombin\u00e1lt h\u0171t\u0151szekr\u00e9ny, NoFrost, 192 cm - Pr\u00e9miumK\u00e9sz\u00fcl\u00e9k","description":"Ismerje meg az AEG RCB646E3MB Kombin\u00e1lt h\u0171t\u0151szekr\u00e9nyt! A p\u00e9lda\u00e9rt\u00e9k\u0171 h\u0171t\u00e9si technol\u00f3gia \u00e9s egyszer\u0171 kezelhet\u0151s\u00e9g egyes\u00fcl benne. \ud83d\ude0d","robots":{"index":"index","follow":"follow","max-snippet":"max-snippet:-1","max-image-preview":"max-image-preview:large","max-video-preview":"max-video-preview:-1"},"canonical":"https:\/\/premiumkeszulek.hu\/hu\/termek\/aeg-rcb646e3mb-kombinalt-hutoszekreny-nofrost-192-cm\/","og_locale":"hu_HU","og_type":"article","og_title":"AEG RCB646E3MB Kombin\u00e1lt h\u0171t\u0151szekr\u00e9ny, NoFrost, 192 cm","og_description":"Ismerje meg az AEG RCB646E3MB Kombin\u00e1lt h\u0171t\u0151szekr\u00e9nyt! A p\u00e9lda\u00e9rt\u00e9k\u0171 h\u0171t\u00e9si technol\u00f3gia \u00e9s egyszer\u0171 kezelhet\u0151s\u00e9g egyes\u00fcl benne. \ud83d\ude0d","og_url":"https:\/\/premiumkeszulek.hu\/hu\/termek\/aeg-rcb646e3mb-kombinalt-hutoszekreny-nofrost-192-cm\/","og_site_name":"Pr\u00e9miumK\u00e9sz\u00fcl\u00e9k","article_publisher":"https:\/\/www.facebook.com\/konyhaluxnet","article_modified_time":"2026-04-01T17:47:28+00:00","og_image":[{"width":800,"height":800,"url":"https:\/\/i0.wp.com\/premiumkeszulek.hu\/wp-content\/uploads\/2025\/03\/RCB646E3MB.jpg?fit=800%2C800&ssl=1","type":"image\/jpeg"}],"twitter_card":"summary_large_image","twitter_misc":{"\u00c1r":"459.900&#70;&#116;","El\u00e9rhet\u0151s\u00e9g":"Beszerz\u00e9s alatt"},"schema":{"@context":"https:\/\/schema.org","@graph":[{"@type":"WebPage","@id":"https:\/\/premiumkeszulek.hu\/hu\/termek\/aeg-rcb646e3mb-kombinalt-hutoszekreny-nofrost-192-cm\/","url":"https:\/\/premiumkeszulek.hu\/hu\/termek\/aeg-rcb646e3mb-kombinalt-hutoszekreny-nofrost-192-cm\/","name":"AEG RCB646E3MB Kombin\u00e1lt h\u0171t\u0151szekr\u00e9ny, NoFrost, 192 cm - Pr\u00e9miumK\u00e9sz\u00fcl\u00e9k","isPartOf":{"@id":"https:\/\/premiumkeszulek.hu\/en\/#website"},"primaryImageOfPage":{"@id":"https:\/\/premiumkeszulek.hu\/hu\/termek\/aeg-rcb646e3mb-kombinalt-hutoszekreny-nofrost-192-cm\/#primaryimage"},"image":{"@id":"https:\/\/premiumkeszulek.hu\/hu\/termek\/aeg-rcb646e3mb-kombinalt-hutoszekreny-nofrost-192-cm\/#primaryimage"},"thumbnailUrl":"https:\/\/i0.wp.com\/premiumkeszulek.hu\/wp-content\/uploads\/2025\/03\/RCB646E3MB.jpg?fit=800%2C800&ssl=1","datePublished":"2025-03-24T21:04:14+00:00","dateModified":"2026-04-01T17:47:28+00:00","description":"Ismerje meg az AEG RCB646E3MB Kombin\u00e1lt h\u0171t\u0151szekr\u00e9nyt! A p\u00e9lda\u00e9rt\u00e9k\u0171 h\u0171t\u00e9si technol\u00f3gia \u00e9s egyszer\u0171 kezelhet\u0151s\u00e9g egyes\u00fcl benne. \ud83d\ude0d","breadcrumb":{"@id":"https:\/\/premiumkeszulek.hu\/hu\/termek\/aeg-rcb646e3mb-kombinalt-hutoszekreny-nofrost-192-cm\/#breadcrumb"},"inLanguage":"hu","potentialAction":[{"@type":"ReadAction","target":["https:\/\/premiumkeszulek.hu\/hu\/termek\/aeg-rcb646e3mb-kombinalt-hutoszekreny-nofrost-192-cm\/"]}]},{"@type":"ImageObject","inLanguage":"hu","@id":"https:\/\/premiumkeszulek.hu\/hu\/termek\/aeg-rcb646e3mb-kombinalt-hutoszekreny-nofrost-192-cm\/#primaryimage","url":"https:\/\/i0.wp.com\/premiumkeszulek.hu\/wp-content\/uploads\/2025\/03\/RCB646E3MB.jpg?fit=800%2C800&ssl=1","contentUrl":"https:\/\/i0.wp.com\/premiumkeszulek.hu\/wp-content\/uploads\/2025\/03\/RCB646E3MB.jpg?fit=800%2C800&ssl=1","width":800,"height":800},{"@type":"BreadcrumbList","@id":"https:\/\/premiumkeszulek.hu\/hu\/termek\/aeg-rcb646e3mb-kombinalt-hutoszekreny-nofrost-192-cm\/#breadcrumb","itemListElement":[{"@type":"ListItem","position":1,"name":"Home","item":"https:\/\/premiumkeszulek.hu\/en\/"},{"@type":"ListItem","position":2,"name":"Shop","item":"https:\/\/premiumkeszulek.hu\/en\/shop\/"},{"@type":"ListItem","position":3,"name":"AEG RCB646E3MB Kombin\u00e1lt h\u0171t\u0151szekr\u00e9ny, NoFrost, 192 cm"}]},{"@type":"WebSite","@id":"https:\/\/premiumkeszulek.hu\/en\/#website","url":"https:\/\/premiumkeszulek.hu\/en\/","name":"Pr\u00e9miumK\u00e9sz\u00fcl\u00e9k","description":"","publisher":{"@id":"https:\/\/premiumkeszulek.hu\/en\/#organization"},"potentialAction":[{"@type":"SearchAction","target":{"@type":"EntryPoint","urlTemplate":"https:\/\/premiumkeszulek.hu\/en\/?s={search_term_string}"},"query-input":{"@type":"PropertyValueSpecification","valueRequired":true,"valueName":"search_term_string"}}],"inLanguage":"hu"},{"@type":"Organization","@id":"https:\/\/premiumkeszulek.hu\/en\/#organization","name":"Pr\u00e9miumK\u00e9sz\u00fcl\u00e9k","alternateName":"HPH Special Kft","url":"https:\/\/premiumkeszulek.hu\/en\/","logo":{"@type":"ImageObject","inLanguage":"hu","@id":"https:\/\/premiumkeszulek.hu\/en\/#\/schema\/logo\/image\/","url":"http:\/\/premiumkeszulek.hu\/wp-content\/uploads\/2025\/03\/TURKIZLOGO-kicsi.png","contentUrl":"http:\/\/premiumkeszulek.hu\/wp-content\/uploads\/2025\/03\/TURKIZLOGO-kicsi.png","width":1600,"height":547,"caption":"Pr\u00e9miumK\u00e9sz\u00fcl\u00e9k"},"image":{"@id":"https:\/\/premiumkeszulek.hu\/en\/#\/schema\/logo\/image\/"},"sameAs":["https:\/\/www.facebook.com\/konyhaluxnet","https:\/\/www.instagram.com\/konyhaluxnet\/#"],"email":"info@premiumkeszulek.hu","telephone":"36 1 \/ 226-1992","legalName":"HPH Special Kft","vatID":"HU12549502","taxID":"12549502","hasMerchantReturnPolicy":{"@type":"MerchantReturnPolicy","merchantReturnLink":"https:\/\/premiumkeszulek.hu\/hu\/altalanos-szerzodesi-es-felhasznalasi-feltetelek\/"}}]},"product_brand":"AEG","product_price_amount":"459900","product_price_currency":"HUF","og_availability":"backorder","product_availability":"available for order","product_retailer_item_id":"925993287","product_condition":"new"},"jetpack_publicize_connections":[],"jetpack_likes_enabled":true,"jetpack_sharing_enabled":true,"jetpack-related-posts":[],"_links":{"self":[{"href":"https:\/\/premiumkeszulek.hu\/hu\/wp-json\/wp\/v2\/product\/9776","targetHints":{"allow":["GET"]}}],"collection":[{"href":"https:\/\/premiumkeszulek.hu\/hu\/wp-json\/wp\/v2\/product"}],"about":[{"href":"https:\/\/premiumkeszulek.hu\/hu\/wp-json\/wp\/v2\/types\/product"}],"replies":[{"embeddable":true,"href":"https:\/\/premiumkeszulek.hu\/hu\/wp-json\/wp\/v2\/comments?post=9776"}],"wp:featuredmedia":[{"embeddable":true,"href":"https:\/\/premiumkeszulek.hu\/hu\/wp-json\/wp\/v2\/media\/9775"}],"wp:attachment":[{"href":"https:\/\/premiumkeszulek.hu\/hu\/wp-json\/wp\/v2\/media?parent=9776"}],"wp:term":[{"taxonomy":"product_brand","embeddable":true,"href":"https:\/\/premiumkeszulek.hu\/hu\/wp-json\/wp\/v2\/product_brand?post=9776"},{"taxonomy":"product_cat","embeddable":true,"href":"https:\/\/premiumkeszulek.hu\/hu\/wp-json\/wp\/v2\/product_cat?post=9776"},{"taxonomy":"product_tag","embeddable":true,"href":"https:\/\/premiumkeszulek.hu\/hu\/wp-json\/wp\/v2\/product_tag?post=9776"},{"taxonomy":"woo-feed-brand","embeddable":true,"href":"https:\/\/premiumkeszulek.hu\/hu\/wp-json\/wp\/v2\/woo-feed-brand?post=9776"}],"curies":[{"name":"wp","href":"https:\/\/api.w.org\/{rel}","templated":true}]}}