{"id":9493,"date":"2025-03-24T21:57:50","date_gmt":"2025-03-24T20:57:50","guid":{"rendered":"https:\/\/premiumkeszulek.hu\/product\/liebherr-ewtgw-1683-vinidor-beepitheto-borhuto-feher-88cm-33-palack-2\/"},"modified":"2026-04-17T19:36:12","modified_gmt":"2026-04-17T17:36:12","slug":"liebherr-ewtgw-1683-vinidor-beepitheto-borhuto-feher-88cm-33-palack-2","status":"publish","type":"product","link":"https:\/\/premiumkeszulek.hu\/hu\/termek\/liebherr-ewtgw-1683-vinidor-beepitheto-borhuto-feher-88cm-33-palack-2\/","title":{"rendered":"LIEBHERR EWTgw 1683 Vinidor be\u00e9p\u00edthet\u0151 borh\u0171t\u0151 feh\u00e9r 88cm 33 palack"},"content":{"rendered":"<p>A kivitel el\u0151nyei:<br \/>\n\t\u00c1ll\u00edthat\u00f3 magass\u00e1g\u00fa l\u00e1bak el\u00f6l<br \/>\n\tAz ajt\u00f3 nyit\u00e1si ir\u00e1nya v\u00e1ltoztathat\u00f3<\/p>\n<p>\tBortemper\u00e1l\u00f3 r\u00e9sz:<br \/>\n\t2 h\u0151m\u00e9rs\u00e9kleti z\u00f3na, +5\u00b0C \u00e9s +20\u00b0C k\u00f6z\u00f6tt \u00e1ll\u00edthat\u00f3<br \/>\n\t2 szab\u00e1lyozhat\u00f3 h\u0171t\u0151\u00e1ramk\u00f6r<br \/>\n\tLED-es megvil\u00e1g\u00edt\u00e1s, tart\u00f3san bekapcsolhat\u00f3, f\u00e9nyer\u0151 fokozatosan \u00e1ll\u00edthat\u00f3<br \/>\n\tB\u00fckkf\u00e1b\u00f3l k\u00e9sz\u00fclt polcok<br \/>\n\t4 t\u00e1rol\u00f3 polc, ebb\u0151l 2 teleszk\u00f3posan kih\u00fazhat\u00f3 farost\u00e9ly<\/p>\n<p>\tVez\u00e9rl\u00e9s:<br \/>\n\tDigit\u00e1lis LCD &#8211; kijelz\u0151 a bels\u0151 t\u00e9rben<br \/>\n\tFigyelmeztet\u0151 jelz\u00e9s zavar eset\u00e9n: optikai \u00e9s akusztikus<br \/>\n\tAjt\u00f3nyit\u00e1sra figyelmeztet\u0151 jel: akusztikus<\/p>\n<p>EWTgw 1683 Vinidor<br \/>\n\tBe\u00e9p\u00edthet\u0151 borszekr\u00e9ny<\/p>\n<p>F\u00fclke magass\u00e1ga 88 cm<br \/>\n\tMagass\u00e1g\/sz\u00e9less\u00e9g\/m\u00e9lys\u00e9g (csomagol\u00e1ssal egy\u00fctt) 975,0 \/ 639,0 \/ 639,0 mm<br \/>\n\t0,75 l-es bord\u00f3i palackok maxim\u00e1lis sz\u00e1ma 33<br \/>\n\tH\u0151m\u00e9rs\u00e9kletz\u00f3n\u00e1k 2<br \/>\n\tSzab\u00e1lyozhat\u00f3 h\u0171t\u0151 k\u00f6rfolyamatok 2<br \/>\n\tEnergiahat\u00e9konys\u00e1gi oszt\u00e1ly G<br \/>\n\tAjt\u00f3szerel\u00e9s S\u00edkba s\u00fcllyesztve<\/p>\n<p>\tAjt\u00f3riaszt\u00f3<\/p>\n<p>\tAz ajt\u00f3riaszt\u00f3 hangjelz\u00e9ssel figyelmeztet, ha az ajt\u00f3 t\u00f6bb mint 60 m\u00e1sodpercig nyitva marad, ezzel \u00f3vva az \u00e9lelmiszer \u00e9ps\u00e9g\u00e9t.<\/p>\n<p>\tGyermekz\u00e1r<\/p>\n<p>\tA gyermekz\u00e1rat \u00fagy programoztuk, hogy megakad\u00e1lyozza a k\u00e9sz\u00fcl\u00e9k v\u00e9letlen kikapcsol\u00e1s\u00e1t. A MagicEye kijelz\u0151n piktogram jelzi, ha a gyermekz\u00e1r akt\u00edv.<\/p>\n<p>\tMegford\u00edthat\u00f3 ajt\u00f3p\u00e1ntok<\/p>\n<p>\tA k\u00e9sz\u00fcl\u00e9keket a gy\u00e1rb\u00f3l jobb oldali zsan\u00e9roz\u00e1ssal sz\u00e1ll\u00edtjuk. A megford\u00edthat\u00f3 sarokp\u00e1ntok r\u00e9v\u00e9n azonban b\u00e1rhol optim\u00e1lisan haszn\u00e1lhat\u00f3k.<\/p>\n<p>\tIntegr\u00e1lt felhaszn\u00e1l\u00e1sra sz\u00e1nt be\u00e9p\u00edthet\u0151 k\u00e9sz\u00fcl\u00e9kek<\/p>\n<p>\tA k\u00e9sz\u00fcl\u00e9kek k\u00f6nnyed\u00e9n elf\u00e9rnek a konyhab\u00fator ajtaja m\u00f6g\u00f6tt, \u00edgy ide\u00e1lisan integr\u00e1lhat\u00f3k be\u00e9p\u00edtett konyh\u00e1ba, \u00edgy biztos\u00edtva a helyis\u00e9g egys\u00e9ges megjelen\u00e9s\u00e9t. Figyelje meg, milyen technol\u00f3gi\u00e1j\u00fa az ajt\u00f3szerelv\u00e9ny. Fixen r\u00f6gz\u00edtett: a h\u0171t\u0151szekr\u00e9ny \u00e9s a konyhab\u00fator ajtaj\u00e1t k\u00f6zvetlen\u00fcl egym\u00e1shoz r\u00f6gz\u00edtj\u00fck. Cs\u00fasz\u00f3zsan\u00e9ros: a b\u00fator ajt\u00f3lapot cs\u00fasz\u00f3s\u00ednek seg\u00edts\u00e9g\u00e9vel r\u00f6gz\u00edtj\u00fck a k\u00e9sz\u00fcl\u00e9k ajtaj\u00e1ra. Nyit\u00e1skor \u00e9s z\u00e1r\u00e1skor a b\u00fator ajt\u00f3lap elcs\u00faszik a s\u00edneken.<\/p>\n<p>\tVinidor term\u00e9kcsal\u00e1d<\/p>\n<p>\tA Vinidor k\u00e9sz\u00fcl\u00e9kek maxim\u00e1lisan rugalmas haszn\u00e1lat\u00e1t k\u00e9t vagy h\u00e1rom, egym\u00e1st\u00f3l f\u00fcggetlen\u00fcl, prec\u00edzen (+5\u00b0C \u00e9s +20\u00b0C k\u00f6z\u00f6tt) szab\u00e1lyozhat\u00f3 h\u0151m\u00e9rs\u00e9klet\u0171 bort\u00e1rol\u00f3 rekesz seg\u00edti el\u0151. A h\u00e1rom borrekesszel rendelkez\u0151 k\u00e9sz\u00fcl\u00e9kek ez\u00e9rt k\u00e9pesek egyidej\u0171leg optim\u00e1lis fogyaszt\u00e1si h\u0151m\u00e9rs\u00e9kleten t\u00e1rolni a v\u00f6r\u00f6sbort, a feh\u00e9rbort \u00e9s a pezsg\u0151t. Ezek a k\u00e9sz\u00fcl\u00e9kek emellett a hossz\u00fa t\u00e1v\u00fa bort\u00e1rol\u00e1shoz is optim\u00e1lis kl\u00edmaviszonyokat teremtenek. Mivel a borsz\u00e9fek k\u00fcl\u00f6nb\u00f6z\u0151 m\u00e9retben k\u00e9sz\u00fclnek, h\u0151m\u00e9rs\u00e9klet\u00fck pedig messzemen\u0151kig rugalmasan szab\u00e1lyozhat\u00f3, b\u00e1rmilyen m\u00e9ret\u0171 vagy jelleg\u0171 borgy\u0171jtem\u00e9ny t\u00e1rol\u00e1s\u00e1ra optim\u00e1lisak.<\/p>\n<p>\tAkt\u00edvszenes sz\u0171r\u0151<\/p>\n<p>\tA k\u00f6rnyezeti szagok \u00e9s illatanyagok befoly\u00e1solhatj\u00e1k a huzamosabban t\u00e1rolt borok min\u0151s\u00e9g\u00e9t. A bort\u00e1rol\u00f3 szekr\u00e9nyben t\u00f6k\u00e9letes l\u00e9gmin\u0151s\u00e9get biztos\u00edt a k\u00f6nnyen cser\u00e9lhet\u0151 FreshAir akt\u00edvszenes sz\u0171r\u0151.<\/p>\n","protected":false},"excerpt":{"rendered":"<div class=\"loadbeeTabContent\" data-loadbee-apikey=\"bVxDWaSdseFz5PWWtvKmAkGr88n6WXYY\" data-loadbee-gtin=\"9005382234112\" data-loadbee-locale=\"hu_HU\"><\/div>\n<p><script async src=\"https:\/\/cdn.loadbee.com\/js\/loadbee_integration.js\"><\/script><script type=\"text\/javascript\" src=\"https:\/\/tracking.channelsight.com\/api\/tracking\/v2\/Init\">\n<\/script><\/p>\n","protected":false},"featured_media":3072,"comment_status":"closed","ping_status":"closed","template":"","meta":{"_crdt_document":"","content-type":"","jetpack_post_was_ever_published":false,"jetpack_publicize_message":"","jetpack_publicize_feature_enabled":true,"jetpack_social_post_already_shared":true,"jetpack_social_options":{"image_generator_settings":{"template":"highway","default_image_id":0,"font":"","enabled":false},"version":2},"_wpas_customize_per_network":false},"product_brand":[1373],"product_cat":[1546,1404],"product_tag":[],"woo-feed-brand":[],"class_list":{"0":"post-9493","1":"product","2":"type-product","3":"status-publish","4":"has-post-thumbnail","6":"product_brand-liebherr","7":"product_cat-beepitheto-borhutok","8":"product_cat-hutokfagyasztok","9":"product_shipping_class-100000felett","11":"first","12":"onbackorder","13":"taxable","14":"shipping-taxable","15":"purchasable","16":"product-type-simple"},"yoast_head":"<!-- This site is optimized with the Yoast SEO Premium plugin v26.9 (Yoast SEO v27.4) - https:\/\/yoast.com\/product\/yoast-seo-premium-wordpress\/ -->\n<title>LIEBHERR EWTgw 1683 Vinidor be\u00e9p\u00edthet\u0151 borh\u0171t\u0151 feh\u00e9r 88cm 33 palack - Pr\u00e9miumK\u00e9sz\u00fcl\u00e9k<\/title>\n<meta name=\"description\" content=\"Fedezze fel a LIEBHERR EWTgw 1683 be\u00e9p\u00edthet\u0151 borh\u0171t\u0151t, amely \u00e1ll\u00edthat\u00f3 h\u0151m\u00e9rs\u00e9kleti z\u00f3n\u00e1kkal biztos\u00edtja a borok t\u00f6k\u00e9letes t\u00e1rol\u00e1s\u00e1t. Rendelje meg most!\" \/>\n<meta name=\"robots\" content=\"index, follow, max-snippet:-1, max-image-preview:large, max-video-preview:-1\" \/>\n<link rel=\"canonical\" href=\"http:\/\/premiumkeszulek.hu\/hu\/termek\/liebherr-ewtgw-1683-vinidor-beepitheto-borhuto-feher-88cm-33-palack-2\/\" \/>\n<meta property=\"og:locale\" content=\"hu_HU\" \/>\n<meta property=\"og:type\" content=\"article\" \/>\n<meta property=\"og:title\" content=\"LIEBHERR EWTgw 1683 Vinidor be\u00e9p\u00edthet\u0151 borh\u0171t\u0151 feh\u00e9r 88cm 33 palack\" \/>\n<meta property=\"og:description\" content=\"Fedezze fel a LIEBHERR EWTgw 1683 be\u00e9p\u00edthet\u0151 borh\u0171t\u0151t, amely \u00e1ll\u00edthat\u00f3 h\u0151m\u00e9rs\u00e9kleti z\u00f3n\u00e1kkal biztos\u00edtja a borok t\u00f6k\u00e9letes t\u00e1rol\u00e1s\u00e1t. Rendelje meg most!\" \/>\n<meta property=\"og:url\" content=\"http:\/\/premiumkeszulek.hu\/hu\/termek\/liebherr-ewtgw-1683-vinidor-beepitheto-borhuto-feher-88cm-33-palack-2\/\" \/>\n<meta property=\"og:site_name\" content=\"Pr\u00e9miumK\u00e9sz\u00fcl\u00e9k\" \/>\n<meta property=\"article:publisher\" content=\"https:\/\/www.facebook.com\/konyhaluxnet\" \/>\n<meta property=\"article:modified_time\" content=\"2026-04-17T17:36:12+00:00\" \/>\n<meta property=\"og:image\" content=\"https:\/\/i0.wp.com\/premiumkeszulek.hu\/wp-content\/uploads\/2025\/02\/EWTgw201683-11120FILEminimizer.jpg?fit=800%2C800\" \/>\n\t<meta property=\"og:image:width\" content=\"800\" \/>\n\t<meta property=\"og:image:height\" content=\"800\" \/>\n\t<meta property=\"og:image:type\" content=\"image\/jpeg\" \/>\n<meta name=\"twitter:card\" content=\"summary_large_image\" \/>\n<meta name=\"twitter:label1\" content=\"\u00c1r\" \/>\n\t<meta name=\"twitter:data1\" content=\"996.890&#070;&#116;\" \/>\n\t<meta name=\"twitter:label2\" content=\"El\u00e9rhet\u0151s\u00e9g\" \/>\n\t<meta name=\"twitter:data2\" content=\"Beszerz\u00e9s alatt\" \/>\n<script type=\"application\/ld+json\" class=\"yoast-schema-graph\">{\"@context\":\"https:\\\/\\\/schema.org\",\"@graph\":[{\"@type\":\"WebPage\",\"@id\":\"http:\\\/\\\/premiumkeszulek.hu\\\/hu\\\/termek\\\/liebherr-ewtgw-1683-vinidor-beepitheto-borhuto-feher-88cm-33-palack-2\\\/\",\"url\":\"http:\\\/\\\/premiumkeszulek.hu\\\/hu\\\/termek\\\/liebherr-ewtgw-1683-vinidor-beepitheto-borhuto-feher-88cm-33-palack-2\\\/\",\"name\":\"LIEBHERR EWTgw 1683 Vinidor be\u00e9p\u00edthet\u0151 borh\u0171t\u0151 feh\u00e9r 88cm 33 palack - Pr\u00e9miumK\u00e9sz\u00fcl\u00e9k\",\"isPartOf\":{\"@id\":\"https:\\\/\\\/premiumkeszulek.hu\\\/hu\\\/#website\"},\"primaryImageOfPage\":{\"@id\":\"http:\\\/\\\/premiumkeszulek.hu\\\/hu\\\/termek\\\/liebherr-ewtgw-1683-vinidor-beepitheto-borhuto-feher-88cm-33-palack-2\\\/#primaryimage\"},\"image\":{\"@id\":\"http:\\\/\\\/premiumkeszulek.hu\\\/hu\\\/termek\\\/liebherr-ewtgw-1683-vinidor-beepitheto-borhuto-feher-88cm-33-palack-2\\\/#primaryimage\"},\"thumbnailUrl\":\"https:\\\/\\\/i0.wp.com\\\/premiumkeszulek.hu\\\/wp-content\\\/uploads\\\/2025\\\/02\\\/EWTgw201683-11120FILEminimizer.jpg?fit=800%2C800&ssl=1\",\"datePublished\":\"2025-03-24T20:57:50+00:00\",\"dateModified\":\"2026-04-17T17:36:12+00:00\",\"description\":\"Fedezze fel a LIEBHERR EWTgw 1683 be\u00e9p\u00edthet\u0151 borh\u0171t\u0151t, amely \u00e1ll\u00edthat\u00f3 h\u0151m\u00e9rs\u00e9kleti z\u00f3n\u00e1kkal biztos\u00edtja a borok t\u00f6k\u00e9letes t\u00e1rol\u00e1s\u00e1t. Rendelje meg most!\",\"breadcrumb\":{\"@id\":\"http:\\\/\\\/premiumkeszulek.hu\\\/hu\\\/termek\\\/liebherr-ewtgw-1683-vinidor-beepitheto-borhuto-feher-88cm-33-palack-2\\\/#breadcrumb\"},\"inLanguage\":\"hu\",\"potentialAction\":[{\"@type\":\"ReadAction\",\"target\":[\"http:\\\/\\\/premiumkeszulek.hu\\\/hu\\\/termek\\\/liebherr-ewtgw-1683-vinidor-beepitheto-borhuto-feher-88cm-33-palack-2\\\/\"]}]},{\"@type\":\"ImageObject\",\"inLanguage\":\"hu\",\"@id\":\"http:\\\/\\\/premiumkeszulek.hu\\\/hu\\\/termek\\\/liebherr-ewtgw-1683-vinidor-beepitheto-borhuto-feher-88cm-33-palack-2\\\/#primaryimage\",\"url\":\"https:\\\/\\\/i0.wp.com\\\/premiumkeszulek.hu\\\/wp-content\\\/uploads\\\/2025\\\/02\\\/EWTgw201683-11120FILEminimizer.jpg?fit=800%2C800&ssl=1\",\"contentUrl\":\"https:\\\/\\\/i0.wp.com\\\/premiumkeszulek.hu\\\/wp-content\\\/uploads\\\/2025\\\/02\\\/EWTgw201683-11120FILEminimizer.jpg?fit=800%2C800&ssl=1\",\"width\":800,\"height\":800},{\"@type\":\"BreadcrumbList\",\"@id\":\"http:\\\/\\\/premiumkeszulek.hu\\\/hu\\\/termek\\\/liebherr-ewtgw-1683-vinidor-beepitheto-borhuto-feher-88cm-33-palack-2\\\/#breadcrumb\",\"itemListElement\":[{\"@type\":\"ListItem\",\"position\":1,\"name\":\"Home\",\"item\":\"https:\\\/\\\/premiumkeszulek.hu\\\/hu\\\/\"},{\"@type\":\"ListItem\",\"position\":2,\"name\":\"Shop\",\"item\":\"https:\\\/\\\/premiumkeszulek.hu\\\/hu\\\/shop\\\/\"},{\"@type\":\"ListItem\",\"position\":3,\"name\":\"LIEBHERR EWTgw 1683 Vinidor be\u00e9p\u00edthet\u0151 borh\u0171t\u0151 feh\u00e9r 88cm 33 palack\"}]},{\"@type\":\"WebSite\",\"@id\":\"https:\\\/\\\/premiumkeszulek.hu\\\/hu\\\/#website\",\"url\":\"https:\\\/\\\/premiumkeszulek.hu\\\/hu\\\/\",\"name\":\"Pr\u00e9miumK\u00e9sz\u00fcl\u00e9k\",\"description\":\"\",\"publisher\":{\"@id\":\"https:\\\/\\\/premiumkeszulek.hu\\\/hu\\\/#organization\"},\"potentialAction\":[{\"@type\":\"SearchAction\",\"target\":{\"@type\":\"EntryPoint\",\"urlTemplate\":\"https:\\\/\\\/premiumkeszulek.hu\\\/hu\\\/?s={search_term_string}\"},\"query-input\":{\"@type\":\"PropertyValueSpecification\",\"valueRequired\":true,\"valueName\":\"search_term_string\"}}],\"inLanguage\":\"hu\"},{\"@type\":\"Organization\",\"@id\":\"https:\\\/\\\/premiumkeszulek.hu\\\/hu\\\/#organization\",\"name\":\"Pr\u00e9miumK\u00e9sz\u00fcl\u00e9k\",\"alternateName\":\"HPH Special Kft\",\"url\":\"https:\\\/\\\/premiumkeszulek.hu\\\/hu\\\/\",\"logo\":{\"@type\":\"ImageObject\",\"inLanguage\":\"hu\",\"@id\":\"https:\\\/\\\/premiumkeszulek.hu\\\/hu\\\/#\\\/schema\\\/logo\\\/image\\\/\",\"url\":\"http:\\\/\\\/premiumkeszulek.hu\\\/wp-content\\\/uploads\\\/2025\\\/03\\\/TURKIZLOGO-kicsi.png\",\"contentUrl\":\"http:\\\/\\\/premiumkeszulek.hu\\\/wp-content\\\/uploads\\\/2025\\\/03\\\/TURKIZLOGO-kicsi.png\",\"width\":1600,\"height\":547,\"caption\":\"Pr\u00e9miumK\u00e9sz\u00fcl\u00e9k\"},\"image\":{\"@id\":\"https:\\\/\\\/premiumkeszulek.hu\\\/hu\\\/#\\\/schema\\\/logo\\\/image\\\/\"},\"sameAs\":[\"https:\\\/\\\/www.facebook.com\\\/konyhaluxnet\",\"https:\\\/\\\/www.instagram.com\\\/konyhaluxnet\\\/#\"],\"email\":\"info@premiumkeszulek.hu\",\"telephone\":\"36 1 \\\/ 226-1992\",\"legalName\":\"HPH Special Kft\",\"vatID\":\"HU12549502\",\"taxID\":\"12549502\",\"hasMerchantReturnPolicy\":{\"@type\":\"MerchantReturnPolicy\",\"merchantReturnLink\":\"https:\\\/\\\/premiumkeszulek.hu\\\/hu\\\/altalanos-szerzodesi-es-felhasznalasi-feltetelek\\\/\"}}]}<\/script>\n<meta property=\"product:brand\" content=\"Liebherr\" \/>\n<meta property=\"product:price:amount\" content=\"996890\" \/>\n<meta property=\"product:price:currency\" content=\"HUF\" \/>\n<meta property=\"og:availability\" content=\"backorder\" \/>\n<meta property=\"product:availability\" content=\"available for order\" \/>\n<meta property=\"product:retailer_item_id\" content=\"996821151\" \/>\n<meta property=\"product:condition\" content=\"new\" \/>\n<!-- \/ Yoast SEO Premium plugin. -->","yoast_head_json":{"title":"LIEBHERR EWTgw 1683 Vinidor be\u00e9p\u00edthet\u0151 borh\u0171t\u0151 feh\u00e9r 88cm 33 palack - Pr\u00e9miumK\u00e9sz\u00fcl\u00e9k","description":"Fedezze fel a LIEBHERR EWTgw 1683 be\u00e9p\u00edthet\u0151 borh\u0171t\u0151t, amely \u00e1ll\u00edthat\u00f3 h\u0151m\u00e9rs\u00e9kleti z\u00f3n\u00e1kkal biztos\u00edtja a borok t\u00f6k\u00e9letes t\u00e1rol\u00e1s\u00e1t. Rendelje meg most!","robots":{"index":"index","follow":"follow","max-snippet":"max-snippet:-1","max-image-preview":"max-image-preview:large","max-video-preview":"max-video-preview:-1"},"canonical":"http:\/\/premiumkeszulek.hu\/hu\/termek\/liebherr-ewtgw-1683-vinidor-beepitheto-borhuto-feher-88cm-33-palack-2\/","og_locale":"hu_HU","og_type":"article","og_title":"LIEBHERR EWTgw 1683 Vinidor be\u00e9p\u00edthet\u0151 borh\u0171t\u0151 feh\u00e9r 88cm 33 palack","og_description":"Fedezze fel a LIEBHERR EWTgw 1683 be\u00e9p\u00edthet\u0151 borh\u0171t\u0151t, amely \u00e1ll\u00edthat\u00f3 h\u0151m\u00e9rs\u00e9kleti z\u00f3n\u00e1kkal biztos\u00edtja a borok t\u00f6k\u00e9letes t\u00e1rol\u00e1s\u00e1t. Rendelje meg most!","og_url":"http:\/\/premiumkeszulek.hu\/hu\/termek\/liebherr-ewtgw-1683-vinidor-beepitheto-borhuto-feher-88cm-33-palack-2\/","og_site_name":"Pr\u00e9miumK\u00e9sz\u00fcl\u00e9k","article_publisher":"https:\/\/www.facebook.com\/konyhaluxnet","article_modified_time":"2026-04-17T17:36:12+00:00","og_image":[{"width":800,"height":800,"url":"https:\/\/i0.wp.com\/premiumkeszulek.hu\/wp-content\/uploads\/2025\/02\/EWTgw201683-11120FILEminimizer.jpg?fit=800%2C800","type":"image\/jpeg"}],"twitter_card":"summary_large_image","twitter_misc":{"\u00c1r":"996.890&#70;&#116;","El\u00e9rhet\u0151s\u00e9g":"Beszerz\u00e9s alatt"},"schema":{"@context":"https:\/\/schema.org","@graph":[{"@type":"WebPage","@id":"http:\/\/premiumkeszulek.hu\/hu\/termek\/liebherr-ewtgw-1683-vinidor-beepitheto-borhuto-feher-88cm-33-palack-2\/","url":"http:\/\/premiumkeszulek.hu\/hu\/termek\/liebherr-ewtgw-1683-vinidor-beepitheto-borhuto-feher-88cm-33-palack-2\/","name":"LIEBHERR EWTgw 1683 Vinidor be\u00e9p\u00edthet\u0151 borh\u0171t\u0151 feh\u00e9r 88cm 33 palack - Pr\u00e9miumK\u00e9sz\u00fcl\u00e9k","isPartOf":{"@id":"https:\/\/premiumkeszulek.hu\/hu\/#website"},"primaryImageOfPage":{"@id":"http:\/\/premiumkeszulek.hu\/hu\/termek\/liebherr-ewtgw-1683-vinidor-beepitheto-borhuto-feher-88cm-33-palack-2\/#primaryimage"},"image":{"@id":"http:\/\/premiumkeszulek.hu\/hu\/termek\/liebherr-ewtgw-1683-vinidor-beepitheto-borhuto-feher-88cm-33-palack-2\/#primaryimage"},"thumbnailUrl":"https:\/\/i0.wp.com\/premiumkeszulek.hu\/wp-content\/uploads\/2025\/02\/EWTgw201683-11120FILEminimizer.jpg?fit=800%2C800&ssl=1","datePublished":"2025-03-24T20:57:50+00:00","dateModified":"2026-04-17T17:36:12+00:00","description":"Fedezze fel a LIEBHERR EWTgw 1683 be\u00e9p\u00edthet\u0151 borh\u0171t\u0151t, amely \u00e1ll\u00edthat\u00f3 h\u0151m\u00e9rs\u00e9kleti z\u00f3n\u00e1kkal biztos\u00edtja a borok t\u00f6k\u00e9letes t\u00e1rol\u00e1s\u00e1t. Rendelje meg most!","breadcrumb":{"@id":"http:\/\/premiumkeszulek.hu\/hu\/termek\/liebherr-ewtgw-1683-vinidor-beepitheto-borhuto-feher-88cm-33-palack-2\/#breadcrumb"},"inLanguage":"hu","potentialAction":[{"@type":"ReadAction","target":["http:\/\/premiumkeszulek.hu\/hu\/termek\/liebherr-ewtgw-1683-vinidor-beepitheto-borhuto-feher-88cm-33-palack-2\/"]}]},{"@type":"ImageObject","inLanguage":"hu","@id":"http:\/\/premiumkeszulek.hu\/hu\/termek\/liebherr-ewtgw-1683-vinidor-beepitheto-borhuto-feher-88cm-33-palack-2\/#primaryimage","url":"https:\/\/i0.wp.com\/premiumkeszulek.hu\/wp-content\/uploads\/2025\/02\/EWTgw201683-11120FILEminimizer.jpg?fit=800%2C800&ssl=1","contentUrl":"https:\/\/i0.wp.com\/premiumkeszulek.hu\/wp-content\/uploads\/2025\/02\/EWTgw201683-11120FILEminimizer.jpg?fit=800%2C800&ssl=1","width":800,"height":800},{"@type":"BreadcrumbList","@id":"http:\/\/premiumkeszulek.hu\/hu\/termek\/liebherr-ewtgw-1683-vinidor-beepitheto-borhuto-feher-88cm-33-palack-2\/#breadcrumb","itemListElement":[{"@type":"ListItem","position":1,"name":"Home","item":"https:\/\/premiumkeszulek.hu\/hu\/"},{"@type":"ListItem","position":2,"name":"Shop","item":"https:\/\/premiumkeszulek.hu\/hu\/shop\/"},{"@type":"ListItem","position":3,"name":"LIEBHERR EWTgw 1683 Vinidor be\u00e9p\u00edthet\u0151 borh\u0171t\u0151 feh\u00e9r 88cm 33 palack"}]},{"@type":"WebSite","@id":"https:\/\/premiumkeszulek.hu\/hu\/#website","url":"https:\/\/premiumkeszulek.hu\/hu\/","name":"Pr\u00e9miumK\u00e9sz\u00fcl\u00e9k","description":"","publisher":{"@id":"https:\/\/premiumkeszulek.hu\/hu\/#organization"},"potentialAction":[{"@type":"SearchAction","target":{"@type":"EntryPoint","urlTemplate":"https:\/\/premiumkeszulek.hu\/hu\/?s={search_term_string}"},"query-input":{"@type":"PropertyValueSpecification","valueRequired":true,"valueName":"search_term_string"}}],"inLanguage":"hu"},{"@type":"Organization","@id":"https:\/\/premiumkeszulek.hu\/hu\/#organization","name":"Pr\u00e9miumK\u00e9sz\u00fcl\u00e9k","alternateName":"HPH Special Kft","url":"https:\/\/premiumkeszulek.hu\/hu\/","logo":{"@type":"ImageObject","inLanguage":"hu","@id":"https:\/\/premiumkeszulek.hu\/hu\/#\/schema\/logo\/image\/","url":"http:\/\/premiumkeszulek.hu\/wp-content\/uploads\/2025\/03\/TURKIZLOGO-kicsi.png","contentUrl":"http:\/\/premiumkeszulek.hu\/wp-content\/uploads\/2025\/03\/TURKIZLOGO-kicsi.png","width":1600,"height":547,"caption":"Pr\u00e9miumK\u00e9sz\u00fcl\u00e9k"},"image":{"@id":"https:\/\/premiumkeszulek.hu\/hu\/#\/schema\/logo\/image\/"},"sameAs":["https:\/\/www.facebook.com\/konyhaluxnet","https:\/\/www.instagram.com\/konyhaluxnet\/#"],"email":"info@premiumkeszulek.hu","telephone":"36 1 \/ 226-1992","legalName":"HPH Special Kft","vatID":"HU12549502","taxID":"12549502","hasMerchantReturnPolicy":{"@type":"MerchantReturnPolicy","merchantReturnLink":"https:\/\/premiumkeszulek.hu\/hu\/altalanos-szerzodesi-es-felhasznalasi-feltetelek\/"}}]},"product_brand":"Liebherr","product_price_amount":"996890","product_price_currency":"HUF","og_availability":"backorder","product_availability":"available for order","product_retailer_item_id":"996821151","product_condition":"new"},"jetpack_publicize_connections":[],"jetpack_likes_enabled":true,"jetpack_sharing_enabled":true,"jetpack-related-posts":[],"_links":{"self":[{"href":"https:\/\/premiumkeszulek.hu\/hu\/wp-json\/wp\/v2\/product\/9493","targetHints":{"allow":["GET"]}}],"collection":[{"href":"https:\/\/premiumkeszulek.hu\/hu\/wp-json\/wp\/v2\/product"}],"about":[{"href":"https:\/\/premiumkeszulek.hu\/hu\/wp-json\/wp\/v2\/types\/product"}],"replies":[{"embeddable":true,"href":"https:\/\/premiumkeszulek.hu\/hu\/wp-json\/wp\/v2\/comments?post=9493"}],"wp:featuredmedia":[{"embeddable":true,"href":"https:\/\/premiumkeszulek.hu\/hu\/wp-json\/wp\/v2\/media\/3072"}],"wp:attachment":[{"href":"https:\/\/premiumkeszulek.hu\/hu\/wp-json\/wp\/v2\/media?parent=9493"}],"wp:term":[{"taxonomy":"product_brand","embeddable":true,"href":"https:\/\/premiumkeszulek.hu\/hu\/wp-json\/wp\/v2\/product_brand?post=9493"},{"taxonomy":"product_cat","embeddable":true,"href":"https:\/\/premiumkeszulek.hu\/hu\/wp-json\/wp\/v2\/product_cat?post=9493"},{"taxonomy":"product_tag","embeddable":true,"href":"https:\/\/premiumkeszulek.hu\/hu\/wp-json\/wp\/v2\/product_tag?post=9493"},{"taxonomy":"woo-feed-brand","embeddable":true,"href":"https:\/\/premiumkeszulek.hu\/hu\/wp-json\/wp\/v2\/woo-feed-brand?post=9493"}],"curies":[{"name":"wp","href":"https:\/\/api.w.org\/{rel}","templated":true}]}}