{"id":8590,"date":"2025-03-06T21:30:52","date_gmt":"2025-03-06T20:30:52","guid":{"rendered":"https:\/\/premiumkeszulek.hu\/product\/aeg-fsb53907z-beepitheto-mosogatogep-quickselect-kezelopanel-airdry\/"},"modified":"2026-04-01T19:47:11","modified_gmt":"2026-04-01T17:47:11","slug":"aeg-fsb53907z-beepitheto-mosogatogep-quickselect-kezelopanel-airdry","status":"publish","type":"product","link":"https:\/\/premiumkeszulek.hu\/hu\/termek\/aeg-fsb53907z-beepitheto-mosogatogep-quickselect-kezelopanel-airdry\/","title":{"rendered":"AEG FSB53907Z BE\u00c9P\u00cdTHET\u0150 MOSOGAT\u00d3G\u00c9P, QUICKSELECT KEZEL\u0150PANEL, AIRDRY"},"content":{"rendered":"<p>\n\tTeljesen be\u00e9p\u00edthet\u0151 kivitel\u00a0<br \/>\n\tTer\u00edt\u00e9k: IEC szabv\u00e1ny)\u00a0<br \/>\n\t7 program,3 h\u0151m\u00e9rs\u00e9klet<br \/>\n\tPro water rendszer - plusz egy sz\u00f3r\u00f3karral a tet\u0151n\u00a0<br \/>\n\tProClean szatelit sz\u00f3r\u00f3kar\u00a0<br \/>\n\tSz\u00e1r\u00edt\u00e1s: AirDry rendszer\u00a0<br \/>\n\tSz\u00f6veges+szimb\u00f3lumos panel\u00a0<br \/>\n\tAutoOff - automatikus kikapcsol\u00e1s\u00a0<br \/>\n\tThermo Efficient technol\u00f3gia a melegvizes bek\u00f6t\u00e9shez\u00a0<br \/>\n\tK\u00e9sleltetett ind\u00edt\u00e1si lehet\u0151s\u00e9g (1-24 \u00f3ra)\u00a0<br \/>\n\tH\u00e1tral\u00e9v\u0151 id\u0151 kijelz\u00e9s\u00a0<br \/>\n\tA v\u00edzszenzor \u00e9rz\u00e9keli a szennyezetts\u00e9gi szintet \u00e9s ez alapj\u00e1n igaz\u00edtja a v\u00edzfelhaszn\u00e1l\u00e1st\u00a0<br \/>\n\tS\u00f3 \u00e9s \u00f6bl\u00edt\u0151szer kijelz\u0151<br \/>\n\tK\u00e9t sz\u00edn\u0171 f\u00e9nypont a padl\u00f3n\u00a0<br \/>\n\t\u00c1ll\u00edthat\u00f3 fels\u0151 kos\u00e1r, megpakolva is\u00a0<br \/>\n\tFels\u0151 kos\u00e1r opci\u00f3k: lehajthat\u00f3 poh\u00e1rtart\u00f3k, M\u0171anyag foganty\u00fa\u00a0<br \/>\n\tAls\u00f3 kos\u00e1r a k\u00f6vetkez\u0151 opci\u00f3kkal: 4 lehajthat\u00f3 t\u00e1ny\u00e9rtart\u00f3, M\u0171anyag foganty\u00fa\u00a0<br \/>\n\tInverteres motor\u00a0<br \/>\n\tMelegv\u00edzre k\u00f6thet\u0151 (60\u00b0C-ig) <\/p>","protected":false},"excerpt":{"rendered":"<p><iframe src=\" https:\/\/www.mbhbank.hu\/sfcalculation\/?ar=[PRICE]&#038;partner=DX030&#038;konstrukcio=DLSK14\" width=\"100%\" height=\"500\" frameborder=\"0\" scrolling=\"yes\" align=\"left\"><\/iframe><\/p>\n","protected":false},"featured_media":8589,"comment_status":"closed","ping_status":"closed","template":"","meta":{"_crdt_document":"","content-type":"","jetpack_post_was_ever_published":false,"jetpack_publicize_message":"","jetpack_publicize_feature_enabled":true,"jetpack_social_post_already_shared":true,"jetpack_social_options":{"image_generator_settings":{"template":"highway","default_image_id":0,"font":"","enabled":false},"version":2},"_wpas_customize_per_network":false},"product_brand":[1632],"product_cat":[1385,1384],"product_tag":[],"woo-feed-brand":[],"class_list":{"0":"post-8590","1":"product","2":"type-product","3":"status-publish","4":"has-post-thumbnail","6":"product_brand-aeg","7":"product_cat-beepithetomosogatogep","8":"product_cat-mosogatogep","9":"product_shipping_class-100000felett","11":"first","12":"onbackorder","13":"taxable","14":"shipping-taxable","15":"purchasable","16":"product-type-simple"},"yoast_head":"<!-- This site is optimized with the Yoast SEO Premium plugin v26.9 (Yoast SEO v26.9) - https:\/\/yoast.com\/product\/yoast-seo-premium-wordpress\/ -->\n<title>AEG FSB53907Z BE\u00c9P\u00cdTHET\u0150 MOSOGAT\u00d3G\u00c9P \u2013 14 Ter\u00edt\u00e9k - Pr\u00e9miumK\u00e9sz\u00fcl\u00e9k<\/title>\n<meta name=\"description\" content=\"Tapasztald meg az AirDry \u00e9s a Pro water rendszer el\u0151nyeit az AEG FSB53907Z BE\u00c9P\u00cdTHET\u0150 MOSOGAT\u00d3G\u00c9P seg\u00edts\u00e9g\u00e9vel! Szerezd be min\u00e9l hamarabb!\" \/>\n<meta name=\"robots\" content=\"index, follow, max-snippet:-1, max-image-preview:large, max-video-preview:-1\" \/>\n<link rel=\"canonical\" href=\"https:\/\/premiumkeszulek.hu\/hu\/termek\/aeg-fsb53907z-beepitheto-mosogatogep-quickselect-kezelopanel-airdry\/\" \/>\n<meta property=\"og:locale\" content=\"hu_HU\" \/>\n<meta property=\"og:type\" content=\"article\" \/>\n<meta property=\"og:title\" content=\"AEG FSB53907Z BE\u00c9P\u00cdTHET\u0150 MOSOGAT\u00d3G\u00c9P, QUICKSELECT KEZEL\u0150PANEL, AIRDRY\" \/>\n<meta property=\"og:description\" content=\"Tapasztald meg az AirDry \u00e9s a Pro water rendszer el\u0151nyeit az AEG FSB53907Z BE\u00c9P\u00cdTHET\u0150 MOSOGAT\u00d3G\u00c9P seg\u00edts\u00e9g\u00e9vel! Szerezd be min\u00e9l hamarabb!\" \/>\n<meta property=\"og:url\" content=\"https:\/\/premiumkeszulek.hu\/hu\/termek\/aeg-fsb53907z-beepitheto-mosogatogep-quickselect-kezelopanel-airdry\/\" \/>\n<meta property=\"og:site_name\" content=\"Pr\u00e9miumK\u00e9sz\u00fcl\u00e9k\" \/>\n<meta property=\"article:publisher\" content=\"https:\/\/www.facebook.com\/konyhaluxnet\" \/>\n<meta property=\"article:modified_time\" content=\"2026-04-01T17:47:11+00:00\" \/>\n<meta property=\"og:image\" content=\"https:\/\/i0.wp.com\/premiumkeszulek.hu\/wp-content\/uploads\/2025\/03\/PSAADW190PE00005.jpg?fit=800%2C800&ssl=1\" \/>\n\t<meta property=\"og:image:width\" content=\"800\" \/>\n\t<meta property=\"og:image:height\" content=\"800\" \/>\n\t<meta property=\"og:image:type\" content=\"image\/jpeg\" \/>\n<meta name=\"twitter:card\" content=\"summary_large_image\" \/>\n<meta name=\"twitter:label1\" content=\"\u00c1r\" \/>\n\t<meta name=\"twitter:data1\" content=\"236.990&#070;&#116;\" \/>\n\t<meta name=\"twitter:label2\" content=\"El\u00e9rhet\u0151s\u00e9g\" \/>\n\t<meta name=\"twitter:data2\" content=\"Beszerz\u00e9s alatt\" \/>\n<script type=\"application\/ld+json\" class=\"yoast-schema-graph\">{\"@context\":\"https:\/\/schema.org\",\"@graph\":[{\"@type\":\"WebPage\",\"@id\":\"https:\/\/premiumkeszulek.hu\/hu\/termek\/aeg-fsb53907z-beepitheto-mosogatogep-quickselect-kezelopanel-airdry\/\",\"url\":\"https:\/\/premiumkeszulek.hu\/hu\/termek\/aeg-fsb53907z-beepitheto-mosogatogep-quickselect-kezelopanel-airdry\/\",\"name\":\"AEG FSB53907Z BE\u00c9P\u00cdTHET\u0150 MOSOGAT\u00d3G\u00c9P \u2013 14 Ter\u00edt\u00e9k - Pr\u00e9miumK\u00e9sz\u00fcl\u00e9k\",\"isPartOf\":{\"@id\":\"http:\/\/premiumkeszulek.hu\/hu\/#website\"},\"primaryImageOfPage\":{\"@id\":\"https:\/\/premiumkeszulek.hu\/hu\/termek\/aeg-fsb53907z-beepitheto-mosogatogep-quickselect-kezelopanel-airdry\/#primaryimage\"},\"image\":{\"@id\":\"https:\/\/premiumkeszulek.hu\/hu\/termek\/aeg-fsb53907z-beepitheto-mosogatogep-quickselect-kezelopanel-airdry\/#primaryimage\"},\"thumbnailUrl\":\"https:\/\/i0.wp.com\/premiumkeszulek.hu\/wp-content\/uploads\/2025\/03\/PSAADW190PE00005.jpg?fit=800%2C800&ssl=1\",\"datePublished\":\"2025-03-06T20:30:52+00:00\",\"dateModified\":\"2026-04-01T17:47:11+00:00\",\"description\":\"Tapasztald meg az AirDry \u00e9s a Pro water rendszer el\u0151nyeit az AEG FSB53907Z BE\u00c9P\u00cdTHET\u0150 MOSOGAT\u00d3G\u00c9P seg\u00edts\u00e9g\u00e9vel! Szerezd be min\u00e9l hamarabb!\",\"breadcrumb\":{\"@id\":\"https:\/\/premiumkeszulek.hu\/hu\/termek\/aeg-fsb53907z-beepitheto-mosogatogep-quickselect-kezelopanel-airdry\/#breadcrumb\"},\"inLanguage\":\"hu\",\"potentialAction\":[{\"@type\":\"ReadAction\",\"target\":[\"https:\/\/premiumkeszulek.hu\/hu\/termek\/aeg-fsb53907z-beepitheto-mosogatogep-quickselect-kezelopanel-airdry\/\"]}]},{\"@type\":\"ImageObject\",\"inLanguage\":\"hu\",\"@id\":\"https:\/\/premiumkeszulek.hu\/hu\/termek\/aeg-fsb53907z-beepitheto-mosogatogep-quickselect-kezelopanel-airdry\/#primaryimage\",\"url\":\"https:\/\/i0.wp.com\/premiumkeszulek.hu\/wp-content\/uploads\/2025\/03\/PSAADW190PE00005.jpg?fit=800%2C800&ssl=1\",\"contentUrl\":\"https:\/\/i0.wp.com\/premiumkeszulek.hu\/wp-content\/uploads\/2025\/03\/PSAADW190PE00005.jpg?fit=800%2C800&ssl=1\",\"width\":800,\"height\":800},{\"@type\":\"BreadcrumbList\",\"@id\":\"https:\/\/premiumkeszulek.hu\/hu\/termek\/aeg-fsb53907z-beepitheto-mosogatogep-quickselect-kezelopanel-airdry\/#breadcrumb\",\"itemListElement\":[{\"@type\":\"ListItem\",\"position\":1,\"name\":\"Home\",\"item\":\"https:\/\/premiumkeszulek.hu\/hu\/\"},{\"@type\":\"ListItem\",\"position\":2,\"name\":\"Shop\",\"item\":\"https:\/\/premiumkeszulek.hu\/hu\/shop\/\"},{\"@type\":\"ListItem\",\"position\":3,\"name\":\"AEG FSB53907Z BE\u00c9P\u00cdTHET\u0150 MOSOGAT\u00d3G\u00c9P, QUICKSELECT KEZEL\u0150PANEL, AIRDRY\"}]},{\"@type\":\"WebSite\",\"@id\":\"http:\/\/premiumkeszulek.hu\/hu\/#website\",\"url\":\"http:\/\/premiumkeszulek.hu\/hu\/\",\"name\":\"Pr\u00e9miumK\u00e9sz\u00fcl\u00e9k\",\"description\":\"\",\"publisher\":{\"@id\":\"http:\/\/premiumkeszulek.hu\/hu\/#organization\"},\"potentialAction\":[{\"@type\":\"SearchAction\",\"target\":{\"@type\":\"EntryPoint\",\"urlTemplate\":\"http:\/\/premiumkeszulek.hu\/hu\/?s={search_term_string}\"},\"query-input\":{\"@type\":\"PropertyValueSpecification\",\"valueRequired\":true,\"valueName\":\"search_term_string\"}}],\"inLanguage\":\"hu\"},{\"@type\":\"Organization\",\"@id\":\"http:\/\/premiumkeszulek.hu\/hu\/#organization\",\"name\":\"Pr\u00e9miumK\u00e9sz\u00fcl\u00e9k\",\"alternateName\":\"HPH Special Kft\",\"url\":\"http:\/\/premiumkeszulek.hu\/hu\/\",\"logo\":{\"@type\":\"ImageObject\",\"inLanguage\":\"hu\",\"@id\":\"http:\/\/premiumkeszulek.hu\/hu\/#\/schema\/logo\/image\/\",\"url\":\"http:\/\/premiumkeszulek.hu\/wp-content\/uploads\/2025\/03\/TURKIZLOGO-kicsi.png\",\"contentUrl\":\"http:\/\/premiumkeszulek.hu\/wp-content\/uploads\/2025\/03\/TURKIZLOGO-kicsi.png\",\"width\":1600,\"height\":547,\"caption\":\"Pr\u00e9miumK\u00e9sz\u00fcl\u00e9k\"},\"image\":{\"@id\":\"http:\/\/premiumkeszulek.hu\/hu\/#\/schema\/logo\/image\/\"},\"sameAs\":[\"https:\/\/www.facebook.com\/konyhaluxnet\",\"https:\/\/www.instagram.com\/konyhaluxnet\/#\"],\"email\":\"info@premiumkeszulek.hu\",\"telephone\":\"36 1 \/ 226-1992\",\"legalName\":\"HPH Special Kft\",\"vatID\":\"HU12549502\",\"taxID\":\"12549502\",\"hasMerchantReturnPolicy\":{\"@type\":\"MerchantReturnPolicy\",\"merchantReturnLink\":\"https:\/\/premiumkeszulek.hu\/hu\/altalanos-szerzodesi-es-felhasznalasi-feltetelek\/\"}}]}<\/script>\n<meta property=\"product:brand\" content=\"AEG\" \/>\n<meta property=\"product:price:amount\" content=\"236990\" \/>\n<meta property=\"product:price:currency\" content=\"HUF\" \/>\n<meta property=\"og:availability\" content=\"backorder\" \/>\n<meta property=\"product:availability\" content=\"available for order\" \/>\n<meta property=\"product:retailer_item_id\" content=\"911536416\" \/>\n<meta property=\"product:condition\" content=\"new\" \/>\n<!-- \/ Yoast SEO Premium plugin. -->","yoast_head_json":{"title":"AEG FSB53907Z BE\u00c9P\u00cdTHET\u0150 MOSOGAT\u00d3G\u00c9P - 14 Ter\u00edt\u00e9k - Pr\u00e9miumK\u00e9sz\u00fcl\u00e9k","description":"Tapasztald meg az AirDry \u00e9s a Pro water rendszer el\u0151nyeit az AEG FSB53907Z BE\u00c9P\u00cdTHET\u0150 MOSOGAT\u00d3G\u00c9P seg\u00edts\u00e9g\u00e9vel! Szerezd be min\u00e9l hamarabb!","robots":{"index":"index","follow":"follow","max-snippet":"max-snippet:-1","max-image-preview":"max-image-preview:large","max-video-preview":"max-video-preview:-1"},"canonical":"https:\/\/premiumkeszulek.hu\/hu\/termek\/aeg-fsb53907z-beepitheto-mosogatogep-quickselect-kezelopanel-airdry\/","og_locale":"hu_HU","og_type":"article","og_title":"AEG FSB53907Z BE\u00c9P\u00cdTHET\u0150 MOSOGAT\u00d3G\u00c9P, QUICKSELECT KEZEL\u0150PANEL, AIRDRY","og_description":"Tapasztald meg az AirDry \u00e9s a Pro water rendszer el\u0151nyeit az AEG FSB53907Z BE\u00c9P\u00cdTHET\u0150 MOSOGAT\u00d3G\u00c9P seg\u00edts\u00e9g\u00e9vel! Szerezd be min\u00e9l hamarabb!","og_url":"https:\/\/premiumkeszulek.hu\/hu\/termek\/aeg-fsb53907z-beepitheto-mosogatogep-quickselect-kezelopanel-airdry\/","og_site_name":"Pr\u00e9miumK\u00e9sz\u00fcl\u00e9k","article_publisher":"https:\/\/www.facebook.com\/konyhaluxnet","article_modified_time":"2026-04-01T17:47:11+00:00","og_image":[{"width":800,"height":800,"url":"https:\/\/i0.wp.com\/premiumkeszulek.hu\/wp-content\/uploads\/2025\/03\/PSAADW190PE00005.jpg?fit=800%2C800&ssl=1","type":"image\/jpeg"}],"twitter_card":"summary_large_image","twitter_misc":{"\u00c1r":"236.990&#70;&#116;","El\u00e9rhet\u0151s\u00e9g":"Beszerz\u00e9s alatt"},"schema":{"@context":"https:\/\/schema.org","@graph":[{"@type":"WebPage","@id":"https:\/\/premiumkeszulek.hu\/hu\/termek\/aeg-fsb53907z-beepitheto-mosogatogep-quickselect-kezelopanel-airdry\/","url":"https:\/\/premiumkeszulek.hu\/hu\/termek\/aeg-fsb53907z-beepitheto-mosogatogep-quickselect-kezelopanel-airdry\/","name":"AEG FSB53907Z BE\u00c9P\u00cdTHET\u0150 MOSOGAT\u00d3G\u00c9P - 14 Ter\u00edt\u00e9k - Pr\u00e9miumK\u00e9sz\u00fcl\u00e9k","isPartOf":{"@id":"http:\/\/premiumkeszulek.hu\/hu\/#website"},"primaryImageOfPage":{"@id":"https:\/\/premiumkeszulek.hu\/hu\/termek\/aeg-fsb53907z-beepitheto-mosogatogep-quickselect-kezelopanel-airdry\/#primaryimage"},"image":{"@id":"https:\/\/premiumkeszulek.hu\/hu\/termek\/aeg-fsb53907z-beepitheto-mosogatogep-quickselect-kezelopanel-airdry\/#primaryimage"},"thumbnailUrl":"https:\/\/i0.wp.com\/premiumkeszulek.hu\/wp-content\/uploads\/2025\/03\/PSAADW190PE00005.jpg?fit=800%2C800&ssl=1","datePublished":"2025-03-06T20:30:52+00:00","dateModified":"2026-04-01T17:47:11+00:00","description":"Tapasztald meg az AirDry \u00e9s a Pro water rendszer el\u0151nyeit az AEG FSB53907Z BE\u00c9P\u00cdTHET\u0150 MOSOGAT\u00d3G\u00c9P seg\u00edts\u00e9g\u00e9vel! Szerezd be min\u00e9l hamarabb!","breadcrumb":{"@id":"https:\/\/premiumkeszulek.hu\/hu\/termek\/aeg-fsb53907z-beepitheto-mosogatogep-quickselect-kezelopanel-airdry\/#breadcrumb"},"inLanguage":"hu","potentialAction":[{"@type":"ReadAction","target":["https:\/\/premiumkeszulek.hu\/hu\/termek\/aeg-fsb53907z-beepitheto-mosogatogep-quickselect-kezelopanel-airdry\/"]}]},{"@type":"ImageObject","inLanguage":"hu","@id":"https:\/\/premiumkeszulek.hu\/hu\/termek\/aeg-fsb53907z-beepitheto-mosogatogep-quickselect-kezelopanel-airdry\/#primaryimage","url":"https:\/\/i0.wp.com\/premiumkeszulek.hu\/wp-content\/uploads\/2025\/03\/PSAADW190PE00005.jpg?fit=800%2C800&ssl=1","contentUrl":"https:\/\/i0.wp.com\/premiumkeszulek.hu\/wp-content\/uploads\/2025\/03\/PSAADW190PE00005.jpg?fit=800%2C800&ssl=1","width":800,"height":800},{"@type":"BreadcrumbList","@id":"https:\/\/premiumkeszulek.hu\/hu\/termek\/aeg-fsb53907z-beepitheto-mosogatogep-quickselect-kezelopanel-airdry\/#breadcrumb","itemListElement":[{"@type":"ListItem","position":1,"name":"Home","item":"https:\/\/premiumkeszulek.hu\/hu\/"},{"@type":"ListItem","position":2,"name":"Shop","item":"https:\/\/premiumkeszulek.hu\/hu\/shop\/"},{"@type":"ListItem","position":3,"name":"AEG FSB53907Z BE\u00c9P\u00cdTHET\u0150 MOSOGAT\u00d3G\u00c9P, QUICKSELECT KEZEL\u0150PANEL, AIRDRY"}]},{"@type":"WebSite","@id":"http:\/\/premiumkeszulek.hu\/hu\/#website","url":"http:\/\/premiumkeszulek.hu\/hu\/","name":"Pr\u00e9miumK\u00e9sz\u00fcl\u00e9k","description":"","publisher":{"@id":"http:\/\/premiumkeszulek.hu\/hu\/#organization"},"potentialAction":[{"@type":"SearchAction","target":{"@type":"EntryPoint","urlTemplate":"http:\/\/premiumkeszulek.hu\/hu\/?s={search_term_string}"},"query-input":{"@type":"PropertyValueSpecification","valueRequired":true,"valueName":"search_term_string"}}],"inLanguage":"hu"},{"@type":"Organization","@id":"http:\/\/premiumkeszulek.hu\/hu\/#organization","name":"Pr\u00e9miumK\u00e9sz\u00fcl\u00e9k","alternateName":"HPH Special Kft","url":"http:\/\/premiumkeszulek.hu\/hu\/","logo":{"@type":"ImageObject","inLanguage":"hu","@id":"http:\/\/premiumkeszulek.hu\/hu\/#\/schema\/logo\/image\/","url":"http:\/\/premiumkeszulek.hu\/wp-content\/uploads\/2025\/03\/TURKIZLOGO-kicsi.png","contentUrl":"http:\/\/premiumkeszulek.hu\/wp-content\/uploads\/2025\/03\/TURKIZLOGO-kicsi.png","width":1600,"height":547,"caption":"Pr\u00e9miumK\u00e9sz\u00fcl\u00e9k"},"image":{"@id":"http:\/\/premiumkeszulek.hu\/hu\/#\/schema\/logo\/image\/"},"sameAs":["https:\/\/www.facebook.com\/konyhaluxnet","https:\/\/www.instagram.com\/konyhaluxnet\/#"],"email":"info@premiumkeszulek.hu","telephone":"36 1 \/ 226-1992","legalName":"HPH Special Kft","vatID":"HU12549502","taxID":"12549502","hasMerchantReturnPolicy":{"@type":"MerchantReturnPolicy","merchantReturnLink":"https:\/\/premiumkeszulek.hu\/hu\/altalanos-szerzodesi-es-felhasznalasi-feltetelek\/"}}]},"product_brand":"AEG","product_price_amount":"236990","product_price_currency":"HUF","og_availability":"backorder","product_availability":"available for order","product_retailer_item_id":"911536416","product_condition":"new"},"jetpack_publicize_connections":[],"jetpack_likes_enabled":true,"jetpack_sharing_enabled":true,"jetpack-related-posts":[],"_links":{"self":[{"href":"https:\/\/premiumkeszulek.hu\/hu\/wp-json\/wp\/v2\/product\/8590","targetHints":{"allow":["GET"]}}],"collection":[{"href":"https:\/\/premiumkeszulek.hu\/hu\/wp-json\/wp\/v2\/product"}],"about":[{"href":"https:\/\/premiumkeszulek.hu\/hu\/wp-json\/wp\/v2\/types\/product"}],"replies":[{"embeddable":true,"href":"https:\/\/premiumkeszulek.hu\/hu\/wp-json\/wp\/v2\/comments?post=8590"}],"wp:featuredmedia":[{"embeddable":true,"href":"https:\/\/premiumkeszulek.hu\/hu\/wp-json\/wp\/v2\/media\/8589"}],"wp:attachment":[{"href":"https:\/\/premiumkeszulek.hu\/hu\/wp-json\/wp\/v2\/media?parent=8590"}],"wp:term":[{"taxonomy":"product_brand","embeddable":true,"href":"https:\/\/premiumkeszulek.hu\/hu\/wp-json\/wp\/v2\/product_brand?post=8590"},{"taxonomy":"product_cat","embeddable":true,"href":"https:\/\/premiumkeszulek.hu\/hu\/wp-json\/wp\/v2\/product_cat?post=8590"},{"taxonomy":"product_tag","embeddable":true,"href":"https:\/\/premiumkeszulek.hu\/hu\/wp-json\/wp\/v2\/product_tag?post=8590"},{"taxonomy":"woo-feed-brand","embeddable":true,"href":"https:\/\/premiumkeszulek.hu\/hu\/wp-json\/wp\/v2\/woo-feed-brand?post=8590"}],"curies":[{"name":"wp","href":"https:\/\/api.w.org\/{rel}","templated":true}]}}