{"id":79914,"date":"2026-04-14T19:52:59","date_gmt":"2026-04-14T17:52:59","guid":{"rendered":"https:\/\/premiumkeszulek.hu\/termek\/miele-dishclean-mosogatogep-tisztito-gp-co-g-160-p\/"},"modified":"2026-04-17T19:37:43","modified_gmt":"2026-04-17T17:37:43","slug":"miele-dishclean-mosogatogep-tisztito-gp-co-g-160-p","status":"publish","type":"product","link":"https:\/\/premiumkeszulek.hu\/hu\/termek\/miele-dishclean-mosogatogep-tisztito-gp-co-g-160-p\/","title":{"rendered":"MIELE DishClean Mosogat\u00f3g\u00e9p Tiszt\u00edt\u00f3 GP CO G 160 P"},"content":{"rendered":"\n<figure class=\"wp-block-image size-full\"><img data-recalc-dims=\"1\" fetchpriority=\"high\" decoding=\"async\" width=\"364\" height=\"138\" data-attachment-id=\"79707\" data-permalink=\"https:\/\/premiumkeszulek.hu\/hu\/?attachment_id=79707\" data-orig-file=\"https:\/\/i0.wp.com\/premiumkeszulek.hu\/wp-content\/uploads\/2026\/04\/images-3.png?fit=364%2C138&amp;ssl=1\" data-orig-size=\"364,138\" data-comments-opened=\"1\" data-image-meta=\"{&quot;aperture&quot;:&quot;0&quot;,&quot;credit&quot;:&quot;&quot;,&quot;camera&quot;:&quot;&quot;,&quot;caption&quot;:&quot;&quot;,&quot;created_timestamp&quot;:&quot;0&quot;,&quot;copyright&quot;:&quot;&quot;,&quot;focal_length&quot;:&quot;0&quot;,&quot;iso&quot;:&quot;0&quot;,&quot;shutter_speed&quot;:&quot;0&quot;,&quot;title&quot;:&quot;&quot;,&quot;orientation&quot;:&quot;0&quot;}\" data-image-title=\"images (3)\" data-image-description=\"\" data-image-caption=\"\" data-medium-file=\"https:\/\/i0.wp.com\/premiumkeszulek.hu\/wp-content\/uploads\/2026\/04\/images-3.png?fit=300%2C114&amp;ssl=1\" data-large-file=\"https:\/\/i0.wp.com\/premiumkeszulek.hu\/wp-content\/uploads\/2026\/04\/images-3.png?fit=364%2C138&amp;ssl=1\" src=\"https:\/\/i0.wp.com\/premiumkeszulek.hu\/wp-content\/uploads\/2026\/04\/images-3.png?resize=364%2C138&#038;ssl=1\" alt=\"\" class=\"wp-image-79707\" srcset=\"https:\/\/i0.wp.com\/premiumkeszulek.hu\/wp-content\/uploads\/2026\/04\/images-3.png?w=364&amp;ssl=1 364w, https:\/\/i0.wp.com\/premiumkeszulek.hu\/wp-content\/uploads\/2026\/04\/images-3.png?resize=300%2C114&amp;ssl=1 300w, https:\/\/i0.wp.com\/premiumkeszulek.hu\/wp-content\/uploads\/2026\/04\/images-3.png?resize=18%2C7&amp;ssl=1 18w\" sizes=\"(max-width: 364px) 100vw, 364px\" \/><\/figure>\nElt\u00e1vol\u00edtja a szagokat, a v\u00edzk\u00f6vet \u00e9s az enyh\u00e9bb lerak\u00f3d\u00e1sokat\nFenntartja az ajt\u00f3t\u00f6m\u00edt\u00e9sek rugalmass\u00e1g\u00e1t \u00e9s t\u00f6m\u00edt\u0151 k\u00e9pess\u00e9g\u00e9t\nAkt\u00edv v\u00e9delem a tisztas\u00e1gnak k\u00f6sz\u00f6nhet\u0151en\nOptim\u00e1lis g\u00e9pteljes\u00edtm\u00e9ny \u2013 Speci\u00e1lis Miele formula\nT\u00f6k\u00e9letes \u00e1pol\u00e1s a hossz\u00fa \u00e9veken \u00e1t megb\u00edzhat\u00f3 m\u0171k\u00f6d\u00e9s\u00e9rt\n","protected":false},"excerpt":{"rendered":"<p>Elt\u00e1vol\u00edtja a szagokat, a v\u00edzk\u00f6vet \u00e9s az enyh\u00e9bb lerak\u00f3d\u00e1sokat Fenntartja az ajt\u00f3t\u00f6m\u00edt\u00e9sek rugalmass\u00e1g\u00e1t \u00e9s t\u00f6m\u00edt\u0151 k\u00e9pess\u00e9g\u00e9t Akt\u00edv v\u00e9delem a tisztas\u00e1gnak k\u00f6sz\u00f6nhet\u0151en Optim\u00e1lis g\u00e9pteljes\u00edtm\u00e9ny \u2013 Speci\u00e1lis Miele formula T\u00f6k\u00e9letes \u00e1pol\u00e1s a hossz\u00fa \u00e9veken \u00e1t megb\u00edzhat\u00f3 m\u0171k\u00f6d\u00e9s\u00e9rt<\/p>\n","protected":false},"featured_media":79913,"comment_status":"closed","ping_status":"closed","template":"","meta":{"_crdt_document":"","content-type":"","jetpack_post_was_ever_published":false,"jetpack_publicize_message":"","jetpack_publicize_feature_enabled":true,"jetpack_social_post_already_shared":true,"jetpack_social_options":{"image_generator_settings":{"template":"highway","default_image_id":0,"font":"","enabled":false},"version":2},"_wpas_customize_per_network":false},"product_brand":[1372],"product_cat":[5042,9811,5032],"product_tag":[],"woo-feed-brand":[],"class_list":{"0":"post-79914","1":"product","2":"type-product","3":"status-publish","4":"has-post-thumbnail","6":"product_brand-miele","7":"product_cat-kiegeszitok","8":"product_cat-tisztitoszerek","9":"product_cat-tobb-kategoria","10":"product_shipping_class-100000alatt","12":"first","13":"instock","14":"taxable","15":"shipping-taxable","16":"purchasable","17":"product-type-simple"},"yoast_head":"<!-- This site is optimized with the Yoast SEO Premium plugin v26.9 (Yoast SEO v27.4) - https:\/\/yoast.com\/product\/yoast-seo-premium-wordpress\/ -->\n<title>MIELE DishClean Mosogat\u00f3g\u00e9p Tiszt\u00edt\u00f3 GP CO G 160 P - Pr\u00e9miumK\u00e9sz\u00fcl\u00e9k<\/title>\n<meta name=\"robots\" content=\"index, follow, max-snippet:-1, max-image-preview:large, max-video-preview:-1\" \/>\n<link rel=\"canonical\" href=\"https:\/\/premiumkeszulek.hu\/hu\/termek\/miele-dishclean-mosogatogep-tisztito-gp-co-g-160-p\/\" \/>\n<meta property=\"og:locale\" content=\"hu_HU\" \/>\n<meta property=\"og:type\" content=\"article\" \/>\n<meta property=\"og:title\" content=\"MIELE DishClean Mosogat\u00f3g\u00e9p Tiszt\u00edt\u00f3 GP CO G 160 P\" \/>\n<meta property=\"og:description\" content=\"Elt\u00e1vol\u00edtja a szagokat, a v\u00edzk\u00f6vet \u00e9s az enyh\u00e9bb lerak\u00f3d\u00e1sokat Fenntartja az ajt\u00f3t\u00f6m\u00edt\u00e9sek rugalmass\u00e1g\u00e1t \u00e9s t\u00f6m\u00edt\u0151 k\u00e9pess\u00e9g\u00e9t Akt\u00edv v\u00e9delem a tisztas\u00e1gnak k\u00f6sz\u00f6nhet\u0151en Optim\u00e1lis g\u00e9pteljes\u00edtm\u00e9ny \u2013 Speci\u00e1lis Miele formula T\u00f6k\u00e9letes \u00e1pol\u00e1s a hossz\u00fa \u00e9veken \u00e1t megb\u00edzhat\u00f3 m\u0171k\u00f6d\u00e9s\u00e9rt\" \/>\n<meta property=\"og:url\" content=\"https:\/\/premiumkeszulek.hu\/hu\/termek\/miele-dishclean-mosogatogep-tisztito-gp-co-g-160-p\/\" \/>\n<meta property=\"og:site_name\" content=\"Pr\u00e9miumK\u00e9sz\u00fcl\u00e9k\" \/>\n<meta property=\"article:publisher\" content=\"https:\/\/www.facebook.com\/konyhaluxnet\" \/>\n<meta property=\"article:modified_time\" content=\"2026-04-17T17:37:43+00:00\" \/>\n<meta property=\"og:image\" content=\"http:\/\/premiumkeszulek.hu\/wp-content\/uploads\/2026\/04\/dish_clean.jpg\" \/>\n\t<meta property=\"og:image:width\" content=\"800\" \/>\n\t<meta property=\"og:image:height\" content=\"800\" \/>\n\t<meta property=\"og:image:type\" content=\"image\/jpeg\" \/>\n<meta name=\"twitter:card\" content=\"summary_large_image\" \/>\n<meta name=\"twitter:label1\" content=\"\u00c1r\" \/>\n\t<meta name=\"twitter:data1\" content=\"5.490&#070;&#116;\" \/>\n\t<meta name=\"twitter:label2\" content=\"El\u00e9rhet\u0151s\u00e9g\" \/>\n\t<meta name=\"twitter:data2\" content=\"K\u00e9szleten\" \/>\n<script type=\"application\/ld+json\" class=\"yoast-schema-graph\">{\"@context\":\"https:\\\/\\\/schema.org\",\"@graph\":[{\"@type\":\"WebPage\",\"@id\":\"https:\\\/\\\/premiumkeszulek.hu\\\/termek\\\/miele-dishclean-mosogatogep-tisztito-gp-co-g-160-p\\\/\",\"url\":\"https:\\\/\\\/premiumkeszulek.hu\\\/termek\\\/miele-dishclean-mosogatogep-tisztito-gp-co-g-160-p\\\/\",\"name\":\"MIELE DishClean Mosogat\u00f3g\u00e9p Tiszt\u00edt\u00f3 GP CO G 160 P - Pr\u00e9miumK\u00e9sz\u00fcl\u00e9k\",\"isPartOf\":{\"@id\":\"https:\\\/\\\/premiumkeszulek.hu\\\/hu\\\/#website\"},\"primaryImageOfPage\":{\"@id\":\"https:\\\/\\\/premiumkeszulek.hu\\\/termek\\\/miele-dishclean-mosogatogep-tisztito-gp-co-g-160-p\\\/#primaryimage\"},\"image\":{\"@id\":\"https:\\\/\\\/premiumkeszulek.hu\\\/termek\\\/miele-dishclean-mosogatogep-tisztito-gp-co-g-160-p\\\/#primaryimage\"},\"thumbnailUrl\":\"https:\\\/\\\/i0.wp.com\\\/premiumkeszulek.hu\\\/wp-content\\\/uploads\\\/2026\\\/04\\\/dish_clean.jpg?fit=800%2C800&ssl=1\",\"datePublished\":\"2026-04-14T17:52:59+00:00\",\"dateModified\":\"2026-04-17T17:37:43+00:00\",\"breadcrumb\":{\"@id\":\"https:\\\/\\\/premiumkeszulek.hu\\\/termek\\\/miele-dishclean-mosogatogep-tisztito-gp-co-g-160-p\\\/#breadcrumb\"},\"inLanguage\":\"hu\",\"potentialAction\":[{\"@type\":\"ReadAction\",\"target\":[\"https:\\\/\\\/premiumkeszulek.hu\\\/termek\\\/miele-dishclean-mosogatogep-tisztito-gp-co-g-160-p\\\/\"]}]},{\"@type\":\"ImageObject\",\"inLanguage\":\"hu\",\"@id\":\"https:\\\/\\\/premiumkeszulek.hu\\\/termek\\\/miele-dishclean-mosogatogep-tisztito-gp-co-g-160-p\\\/#primaryimage\",\"url\":\"https:\\\/\\\/i0.wp.com\\\/premiumkeszulek.hu\\\/wp-content\\\/uploads\\\/2026\\\/04\\\/dish_clean.jpg?fit=800%2C800&ssl=1\",\"contentUrl\":\"https:\\\/\\\/i0.wp.com\\\/premiumkeszulek.hu\\\/wp-content\\\/uploads\\\/2026\\\/04\\\/dish_clean.jpg?fit=800%2C800&ssl=1\",\"width\":800,\"height\":800},{\"@type\":\"BreadcrumbList\",\"@id\":\"https:\\\/\\\/premiumkeszulek.hu\\\/termek\\\/miele-dishclean-mosogatogep-tisztito-gp-co-g-160-p\\\/#breadcrumb\",\"itemListElement\":[{\"@type\":\"ListItem\",\"position\":1,\"name\":\"Home\",\"item\":\"https:\\\/\\\/premiumkeszulek.hu\\\/hu\\\/\"},{\"@type\":\"ListItem\",\"position\":2,\"name\":\"Shop\",\"item\":\"https:\\\/\\\/premiumkeszulek.hu\\\/hu\\\/shop\\\/\"},{\"@type\":\"ListItem\",\"position\":3,\"name\":\"MIELE DishClean Mosogat\u00f3g\u00e9p Tiszt\u00edt\u00f3 GP CO G 160 P\"}]},{\"@type\":\"WebSite\",\"@id\":\"https:\\\/\\\/premiumkeszulek.hu\\\/hu\\\/#website\",\"url\":\"https:\\\/\\\/premiumkeszulek.hu\\\/hu\\\/\",\"name\":\"Pr\u00e9miumK\u00e9sz\u00fcl\u00e9k\",\"description\":\"\",\"publisher\":{\"@id\":\"https:\\\/\\\/premiumkeszulek.hu\\\/hu\\\/#organization\"},\"potentialAction\":[{\"@type\":\"SearchAction\",\"target\":{\"@type\":\"EntryPoint\",\"urlTemplate\":\"https:\\\/\\\/premiumkeszulek.hu\\\/hu\\\/?s={search_term_string}\"},\"query-input\":{\"@type\":\"PropertyValueSpecification\",\"valueRequired\":true,\"valueName\":\"search_term_string\"}}],\"inLanguage\":\"hu\"},{\"@type\":\"Organization\",\"@id\":\"https:\\\/\\\/premiumkeszulek.hu\\\/hu\\\/#organization\",\"name\":\"Pr\u00e9miumK\u00e9sz\u00fcl\u00e9k\",\"alternateName\":\"HPH Special Kft\",\"url\":\"https:\\\/\\\/premiumkeszulek.hu\\\/hu\\\/\",\"logo\":{\"@type\":\"ImageObject\",\"inLanguage\":\"hu\",\"@id\":\"https:\\\/\\\/premiumkeszulek.hu\\\/hu\\\/#\\\/schema\\\/logo\\\/image\\\/\",\"url\":\"http:\\\/\\\/premiumkeszulek.hu\\\/wp-content\\\/uploads\\\/2025\\\/03\\\/TURKIZLOGO-kicsi.png\",\"contentUrl\":\"http:\\\/\\\/premiumkeszulek.hu\\\/wp-content\\\/uploads\\\/2025\\\/03\\\/TURKIZLOGO-kicsi.png\",\"width\":1600,\"height\":547,\"caption\":\"Pr\u00e9miumK\u00e9sz\u00fcl\u00e9k\"},\"image\":{\"@id\":\"https:\\\/\\\/premiumkeszulek.hu\\\/hu\\\/#\\\/schema\\\/logo\\\/image\\\/\"},\"sameAs\":[\"https:\\\/\\\/www.facebook.com\\\/konyhaluxnet\",\"https:\\\/\\\/www.instagram.com\\\/konyhaluxnet\\\/#\"],\"email\":\"info@premiumkeszulek.hu\",\"telephone\":\"36 1 \\\/ 226-1992\",\"legalName\":\"HPH Special Kft\",\"vatID\":\"HU12549502\",\"taxID\":\"12549502\",\"hasMerchantReturnPolicy\":{\"@type\":\"MerchantReturnPolicy\",\"merchantReturnLink\":\"https:\\\/\\\/premiumkeszulek.hu\\\/hu\\\/altalanos-szerzodesi-es-felhasznalasi-feltetelek\\\/\"}}]}<\/script>\n<meta property=\"product:brand\" content=\"Miele\" \/>\n<meta property=\"product:price:amount\" content=\"5490\" \/>\n<meta property=\"product:price:currency\" content=\"HUF\" \/>\n<meta property=\"og:availability\" content=\"instock\" \/>\n<meta property=\"product:availability\" content=\"instock\" \/>\n<meta property=\"product:retailer_item_id\" content=\"4002516476092\" \/>\n<meta property=\"product:condition\" content=\"new\" \/>\n<!-- \/ Yoast SEO Premium plugin. -->","yoast_head_json":{"title":"MIELE DishClean Mosogat\u00f3g\u00e9p Tiszt\u00edt\u00f3 GP CO G 160 P - Pr\u00e9miumK\u00e9sz\u00fcl\u00e9k","robots":{"index":"index","follow":"follow","max-snippet":"max-snippet:-1","max-image-preview":"max-image-preview:large","max-video-preview":"max-video-preview:-1"},"canonical":"https:\/\/premiumkeszulek.hu\/hu\/termek\/miele-dishclean-mosogatogep-tisztito-gp-co-g-160-p\/","og_locale":"hu_HU","og_type":"article","og_title":"MIELE DishClean Mosogat\u00f3g\u00e9p Tiszt\u00edt\u00f3 GP CO G 160 P","og_description":"Elt\u00e1vol\u00edtja a szagokat, a v\u00edzk\u00f6vet \u00e9s az enyh\u00e9bb lerak\u00f3d\u00e1sokat Fenntartja az ajt\u00f3t\u00f6m\u00edt\u00e9sek rugalmass\u00e1g\u00e1t \u00e9s t\u00f6m\u00edt\u0151 k\u00e9pess\u00e9g\u00e9t Akt\u00edv v\u00e9delem a tisztas\u00e1gnak k\u00f6sz\u00f6nhet\u0151en Optim\u00e1lis g\u00e9pteljes\u00edtm\u00e9ny \u2013 Speci\u00e1lis Miele formula T\u00f6k\u00e9letes \u00e1pol\u00e1s a hossz\u00fa \u00e9veken \u00e1t megb\u00edzhat\u00f3 m\u0171k\u00f6d\u00e9s\u00e9rt","og_url":"https:\/\/premiumkeszulek.hu\/hu\/termek\/miele-dishclean-mosogatogep-tisztito-gp-co-g-160-p\/","og_site_name":"Pr\u00e9miumK\u00e9sz\u00fcl\u00e9k","article_publisher":"https:\/\/www.facebook.com\/konyhaluxnet","article_modified_time":"2026-04-17T17:37:43+00:00","og_image":[{"width":800,"height":800,"url":"http:\/\/premiumkeszulek.hu\/wp-content\/uploads\/2026\/04\/dish_clean.jpg","type":"image\/jpeg"}],"twitter_card":"summary_large_image","twitter_misc":{"\u00c1r":"5.490&#70;&#116;","El\u00e9rhet\u0151s\u00e9g":"K\u00e9szleten"},"schema":{"@context":"https:\/\/schema.org","@graph":[{"@type":"WebPage","@id":"https:\/\/premiumkeszulek.hu\/termek\/miele-dishclean-mosogatogep-tisztito-gp-co-g-160-p\/","url":"https:\/\/premiumkeszulek.hu\/termek\/miele-dishclean-mosogatogep-tisztito-gp-co-g-160-p\/","name":"MIELE DishClean Mosogat\u00f3g\u00e9p Tiszt\u00edt\u00f3 GP CO G 160 P - Pr\u00e9miumK\u00e9sz\u00fcl\u00e9k","isPartOf":{"@id":"https:\/\/premiumkeszulek.hu\/hu\/#website"},"primaryImageOfPage":{"@id":"https:\/\/premiumkeszulek.hu\/termek\/miele-dishclean-mosogatogep-tisztito-gp-co-g-160-p\/#primaryimage"},"image":{"@id":"https:\/\/premiumkeszulek.hu\/termek\/miele-dishclean-mosogatogep-tisztito-gp-co-g-160-p\/#primaryimage"},"thumbnailUrl":"https:\/\/i0.wp.com\/premiumkeszulek.hu\/wp-content\/uploads\/2026\/04\/dish_clean.jpg?fit=800%2C800&ssl=1","datePublished":"2026-04-14T17:52:59+00:00","dateModified":"2026-04-17T17:37:43+00:00","breadcrumb":{"@id":"https:\/\/premiumkeszulek.hu\/termek\/miele-dishclean-mosogatogep-tisztito-gp-co-g-160-p\/#breadcrumb"},"inLanguage":"hu","potentialAction":[{"@type":"ReadAction","target":["https:\/\/premiumkeszulek.hu\/termek\/miele-dishclean-mosogatogep-tisztito-gp-co-g-160-p\/"]}]},{"@type":"ImageObject","inLanguage":"hu","@id":"https:\/\/premiumkeszulek.hu\/termek\/miele-dishclean-mosogatogep-tisztito-gp-co-g-160-p\/#primaryimage","url":"https:\/\/i0.wp.com\/premiumkeszulek.hu\/wp-content\/uploads\/2026\/04\/dish_clean.jpg?fit=800%2C800&ssl=1","contentUrl":"https:\/\/i0.wp.com\/premiumkeszulek.hu\/wp-content\/uploads\/2026\/04\/dish_clean.jpg?fit=800%2C800&ssl=1","width":800,"height":800},{"@type":"BreadcrumbList","@id":"https:\/\/premiumkeszulek.hu\/termek\/miele-dishclean-mosogatogep-tisztito-gp-co-g-160-p\/#breadcrumb","itemListElement":[{"@type":"ListItem","position":1,"name":"Home","item":"https:\/\/premiumkeszulek.hu\/hu\/"},{"@type":"ListItem","position":2,"name":"Shop","item":"https:\/\/premiumkeszulek.hu\/hu\/shop\/"},{"@type":"ListItem","position":3,"name":"MIELE DishClean Mosogat\u00f3g\u00e9p Tiszt\u00edt\u00f3 GP CO G 160 P"}]},{"@type":"WebSite","@id":"https:\/\/premiumkeszulek.hu\/hu\/#website","url":"https:\/\/premiumkeszulek.hu\/hu\/","name":"Pr\u00e9miumK\u00e9sz\u00fcl\u00e9k","description":"","publisher":{"@id":"https:\/\/premiumkeszulek.hu\/hu\/#organization"},"potentialAction":[{"@type":"SearchAction","target":{"@type":"EntryPoint","urlTemplate":"https:\/\/premiumkeszulek.hu\/hu\/?s={search_term_string}"},"query-input":{"@type":"PropertyValueSpecification","valueRequired":true,"valueName":"search_term_string"}}],"inLanguage":"hu"},{"@type":"Organization","@id":"https:\/\/premiumkeszulek.hu\/hu\/#organization","name":"Pr\u00e9miumK\u00e9sz\u00fcl\u00e9k","alternateName":"HPH Special Kft","url":"https:\/\/premiumkeszulek.hu\/hu\/","logo":{"@type":"ImageObject","inLanguage":"hu","@id":"https:\/\/premiumkeszulek.hu\/hu\/#\/schema\/logo\/image\/","url":"http:\/\/premiumkeszulek.hu\/wp-content\/uploads\/2025\/03\/TURKIZLOGO-kicsi.png","contentUrl":"http:\/\/premiumkeszulek.hu\/wp-content\/uploads\/2025\/03\/TURKIZLOGO-kicsi.png","width":1600,"height":547,"caption":"Pr\u00e9miumK\u00e9sz\u00fcl\u00e9k"},"image":{"@id":"https:\/\/premiumkeszulek.hu\/hu\/#\/schema\/logo\/image\/"},"sameAs":["https:\/\/www.facebook.com\/konyhaluxnet","https:\/\/www.instagram.com\/konyhaluxnet\/#"],"email":"info@premiumkeszulek.hu","telephone":"36 1 \/ 226-1992","legalName":"HPH Special Kft","vatID":"HU12549502","taxID":"12549502","hasMerchantReturnPolicy":{"@type":"MerchantReturnPolicy","merchantReturnLink":"https:\/\/premiumkeszulek.hu\/hu\/altalanos-szerzodesi-es-felhasznalasi-feltetelek\/"}}]},"product_brand":"Miele","product_price_amount":"5490","product_price_currency":"HUF","og_availability":"instock","product_availability":"instock","product_retailer_item_id":"4002516476092","product_condition":"new"},"jetpack_publicize_connections":[],"jetpack_likes_enabled":true,"jetpack_sharing_enabled":true,"jetpack-related-posts":[],"_links":{"self":[{"href":"https:\/\/premiumkeszulek.hu\/hu\/wp-json\/wp\/v2\/product\/79914","targetHints":{"allow":["GET"]}}],"collection":[{"href":"https:\/\/premiumkeszulek.hu\/hu\/wp-json\/wp\/v2\/product"}],"about":[{"href":"https:\/\/premiumkeszulek.hu\/hu\/wp-json\/wp\/v2\/types\/product"}],"replies":[{"embeddable":true,"href":"https:\/\/premiumkeszulek.hu\/hu\/wp-json\/wp\/v2\/comments?post=79914"}],"wp:featuredmedia":[{"embeddable":true,"href":"https:\/\/premiumkeszulek.hu\/hu\/wp-json\/wp\/v2\/media\/79913"}],"wp:attachment":[{"href":"https:\/\/premiumkeszulek.hu\/hu\/wp-json\/wp\/v2\/media?parent=79914"}],"wp:term":[{"taxonomy":"product_brand","embeddable":true,"href":"https:\/\/premiumkeszulek.hu\/hu\/wp-json\/wp\/v2\/product_brand?post=79914"},{"taxonomy":"product_cat","embeddable":true,"href":"https:\/\/premiumkeszulek.hu\/hu\/wp-json\/wp\/v2\/product_cat?post=79914"},{"taxonomy":"product_tag","embeddable":true,"href":"https:\/\/premiumkeszulek.hu\/hu\/wp-json\/wp\/v2\/product_tag?post=79914"},{"taxonomy":"woo-feed-brand","embeddable":true,"href":"https:\/\/premiumkeszulek.hu\/hu\/wp-json\/wp\/v2\/woo-feed-brand?post=79914"}],"curies":[{"name":"wp","href":"https:\/\/api.w.org\/{rel}","templated":true}]}}