{"id":79375,"date":"2026-03-26T13:09:40","date_gmt":"2026-03-26T12:09:40","guid":{"rendered":"https:\/\/premiumkeszulek.hu\/termek\/smeg-smf05pkeu-retro-konyhai-robotgep-rozsaszin-test-es-talp\/"},"modified":"2026-04-17T19:39:56","modified_gmt":"2026-04-17T17:39:56","slug":"smeg-smf05pkeu-retro-konyhai-robotgep-rozsaszin-test-es-talp","status":"publish","type":"product","link":"https:\/\/premiumkeszulek.hu\/hu\/termek\/smeg-smf05pkeu-retro-konyhai-robotgep-rozsaszin-test-es-talp\/","title":{"rendered":"Smeg SMF05PKEU retro konyhai robotg\u00e9p r\u00f3zsasz\u00edn test \u00e9s talp"},"content":{"rendered":"<p>Teljes\u00edtm\u00e9ny \u00e9s elegancia jellemzi legjobban az &#8217;50-es \u00e9vekbeli \u00e1ll\u00f3 mixer diz\u00e1jnj\u00e1t, egy funkcion\u00e1lis eszk\u00f6zt, amely kifinomults\u00e1got \u00e9s st\u00edlust k\u00f6lcs\u00f6n\u00f6z a konyh\u00e1nak.<\/p>\n<p>T\u00edz sebess\u00e9gfokozat a k\u00fcl\u00f6nb\u00f6z\u0151 t\u00e9szta \u00e1llagokhoz val\u00f3 optim\u00e1lis alkalmazkod\u00e1shoz, \u00edgy mindig kiv\u00e1l\u00f3 eredm\u00e9nyeket biztos\u00edt.<br \/>\n\tSmooth Start rendszer a hozz\u00e1val\u00f3k t\u00f6k\u00e9letes kever\u00e9si hat\u00e9konys\u00e1g\u00e1\u00e9rt \u00e9s a foltok sz\u00e1m\u00e1nak cs\u00f6kkent\u00e9s\u00e9\u00e9rt.<\/p>\n<p>Er\u0151teljes motor \u00e9s bolyg\u00f3m\u0171ves forg\u00f3mozg\u00e1s a hozz\u00e1val\u00f3k t\u00f6k\u00e9letes kever\u00e9s\u00e9nek garant\u00e1l\u00e1s\u00e1\u00e9rt.<br \/>\n\tOptim\u00e1lis sokoldal\u00fas\u00e1g a n\u00e9gy mell\u00e9kelt tartoz\u00e9knak k\u00f6sz\u00f6nhet\u0151en: dr\u00f3tkever\u0151, lapos kever\u0151, hajl\u00e9kony sz\u00e9l\u0171 kever\u0151 \u00e9s dagaszt\u00f3horog.<br \/>\n\tA fagylaltk\u00e9sz\u00edt\u0151t\u0151l a t\u00e9sztak\u00e9sz\u00edt\u0151 k\u00e9szletig sz\u00e1mos opcion\u00e1lis tartoz\u00e9k kaphat\u00f3.<br \/>\n\tSteady-Mix rendszer: minimaliz\u00e1lja a g\u00e9p rezg\u00e9s\u00e9t kever\u00e9s k\u00f6zben, lehet\u0151v\u00e9 teszi a motorfej finom nyit\u00e1s\u00e1t \u00e9s megakad\u00e1lyozza annak v\u00e9letlen lecsuk\u00f3d\u00e1s\u00e1t.<\/p>\n<p>Term\u00e9kjellemz\u0151k:<\/p>\n<p>\u00a0 \u00a0 1000 W teljes\u00edtm\u00e9ny<br \/>\n\t\u00a0 \u00a0 Sz\u00ednes talpr\u00e9sszel<br \/>\n\t\u00a0 \u00a0 10 fokozat<br \/>\n\t\u00a0 \u00a0 Steady-mix system: meg\u00fajult rug\u00f3s emel\u00e9s\u0171 motorfej, mely cs\u00f6kkenti a rezonanci\u00e1t, t\u00e1mogatja a motorfej felemel\u00e9s\u00e9t \u00e9s megel\u0151zi a fej v\u00e9letlenszer\u0171 lecsuk\u00f3d\u00e1s\u00e1t.<br \/>\n\t\u00a0 \u00a0 Direct Drive motor<br \/>\n\t\u00a0 \u00a0 My Smeg Assistance<br \/>\n\t\u00a0 \u00a0 Alaptartoz\u00e9kok: 4,8 literes rozsdamentes ac\u00e9l kever\u0151t\u00e1l, habver\u0151, dagaszt\u00f3fej,\u00a0 2 t\u00edpus\u00fa kr\u00e9mkever\u0151, v\u00e9d\u0151karima<br \/>\n\t\u00a0 \u00a0 Egy\u00e9b opcion\u00e1lis tartoz\u00e9kok sz\u00e9les v\u00e1laszt\u00e9ka el\u00e9rhet\u0151. B\u0151vebb inform\u00e1ci\u00f3 a www.smeg.hu oldalon.<\/p>\n<p>Cikk hossza (cm)\u00a0 \u00a0 \u00a0 \u00a0 \u00a0 \u00a0 22,1 cm\u00a0<br \/>\n\t\u00a0 \u00a0 \u00a0 \u00a0 Cikk sz\u00e9less\u00e9ge (cm)\u00a0 \u00a0 \u00a0 \u00a0 \u00a0 \u00a0 40,5 cm\u00a0<br \/>\n\t\u00a0 \u00a0 \u00a0 \u00a0 Cikk magass\u00e1ga (cm)\u00a0 \u00a0 \u00a0 \u00a0 \u00a0 \u00a0 37,8 cm\u00a0<\/p>\n<p>\u00a0 \u00a0 \u00a0 \u00a0 Term\u00e9k kateg\u00f3ria\u00a0 \u00a0 \u00a0 \u00a0 \u00a0 \u00a0 \u00c9telk\u00e9sz\u00edt\u00e9s\u00a0<br \/>\n\t\u00a0 \u00a0 \u00a0 \u00a0 Design csal\u00e1d\u00a0 \u00a0 \u00a0 \u00a0 \u00a0 \u00a0 50-es \u00e9vek retro\u00a0<br \/>\n\t\u00a0 \u00a0 \u00a0 \u00a0 K\u00e9sz\u00fcl\u00e9kh\u00e1z anyag\u00a0 \u00a0 \u00a0 \u00a0 \u00d6nt\u00f6tt alum\u00ednium\u00a0<br \/>\n\t\u00a0 \u00a0 \u00a0 \u00a0 Sz\u00edn\/fel\u00fclet\u00a0 \u00a0 \u00a0 \u00a0 \u00a0 \u00a0 Fekete\u00a0<br \/>\n\t\u00a0 \u00a0 \u00a0 \u00a0 Fokozatok sz\u00e1ma\u00a0 \u00a0 \u00a0 \u00a0 \u00a0 \u00a0 10\u00a0<br \/>\n\t\u00a0 \u00a0 \u00a0 \u00a0 Ed\u00e9ny \u0171rtartalom (L)\u00a0 \u00a0 \u00a0 \u00a0 \u00a0 \u00a0 4,8 liter\u00a0<br \/>\n\t\u00a0 \u00a0 \u00a0 \u00a0 Ed\u00e9ny\/t\u00e1l anyaga\u00a0 \u00a0 \u00a0 \u00a0 \u00a0 \u00a0 Rozsdamentes ac\u00e9l\u00a0<br \/>\n\t\u00a0 \u00a0 \u00a0 \u00a0 Teljes\u00edtm\u00e9ny (W)\u00a0 \u00a0 \u00a0 \u00a0 \u00a0 \u00a0 1000 W\u00a0<br \/>\n\t\u00a0 \u00a0 \u00a0 \u00a0 T\u00e1pk\u00e1bel hossza (m)\u00a0 \u00a0 \u00a0 \u00a0 \u00a0 \u00a0 1 m\u00a0<br \/>\n\t\u00a0 \u00a0 \u00a0 \u00a0 Speci\u00e1lis term\u00e9ktulajdons\u00e1g<br \/>\n\t\u00a0 \u00a0 \u00a0 \u00a0 \u00a0 \u00a0 Smooth start funkci\u00f3<br \/>\n\t\u00a0 \u00a0 \u00a0 \u00a0 \u00a0 \u00a0 Tritan\u2122 Renew kieg\u00e9sz\u00edt\u0151k\u00a0<\/p>\n<p>\u00a0 \u00a0 \u00a0 \u00a0 Brutt\u00f3 t\u00f6meg\u00a0 \u00a0 \u00a0 \u00a0 \u00a0 \u00a0 12,7 kg\u00a0<br \/>\n\t\u00a0 \u00a0 \u00a0 \u00a0 Nett\u00f3 t\u00f6meg\u00a0 \u00a0 \u00a0 \u00a0 \u00a0 \u00a0 9,8 kg\u00a0<\/p>\n<p>Vari\u00e1ci\u00f3k:<\/p>\n<p>SMF05CREU &#8211; b\u00e9zs<br \/>\n\tSMF05WHEU &#8211; feh\u00e9r<br \/>\n\tSMF05RDEU &#8211; piros<br \/>\n\tSMF05BLEU &#8211; fekete<br \/>\n\tSMF05PKEU &#8211; r\u00f3zsasz\u00edn<br \/>\n\tSMF05PBEU &#8211; vil\u00e1gosk\u00e9k<br \/>\n\tSMF05PGEU &#8211; vil\u00e1gosz\u00f6ld<\/p>\n","protected":false},"excerpt":{"rendered":"<p>Teljes\u00edtm\u00e9ny \u00e9s elegancia jellemzi legjobban az &#8217;50-es \u00e9vekbeli \u00e1ll\u00f3 mixer diz\u00e1jnj\u00e1t, egy funkcion\u00e1lis eszk\u00f6zt, amely kifinomults\u00e1got \u00e9s st\u00edlust k\u00f6lcs\u00f6n\u00f6z a konyh\u00e1nak. T\u00edz sebess\u00e9gfokozat a k\u00fcl\u00f6nb\u00f6z\u0151 t\u00e9szta \u00e1llagokhoz val\u00f3 optim\u00e1lis alkalmazkod\u00e1shoz, \u00edgy mindig kiv\u00e1l\u00f3 eredm\u00e9nyeket biztos\u00edt. Smooth Start rendszer a hozz\u00e1val\u00f3k t\u00f6k\u00e9letes kever\u00e9si hat\u00e9konys\u00e1g\u00e1\u00e9rt \u00e9s a foltok sz\u00e1m\u00e1nak cs\u00f6kkent\u00e9s\u00e9\u00e9rt. Er\u0151teljes motor \u00e9s bolyg\u00f3m\u0171ves forg\u00f3mozg\u00e1s a hozz\u00e1val\u00f3k [&hellip;]<\/p>\n","protected":false},"featured_media":79374,"comment_status":"closed","ping_status":"closed","template":"","meta":{"_crdt_document":"","content-type":"","jetpack_post_was_ever_published":false,"jetpack_publicize_message":"","jetpack_publicize_feature_enabled":true,"jetpack_social_post_already_shared":true,"jetpack_social_options":{"image_generator_settings":{"template":"highway","default_image_id":0,"font":"","enabled":false},"version":2},"_wpas_customize_per_network":false},"product_brand":[1634],"product_cat":[5033,5037,5032],"product_tag":[],"woo-feed-brand":[],"class_list":{"0":"post-79375","1":"product","2":"type-product","3":"status-publish","4":"has-post-thumbnail","6":"product_brand-smeg","7":"product_cat-kiskeszulek","8":"product_cat-robotgep","9":"product_cat-tobb-kategoria","10":"product_shipping_class-100000felett","12":"first","13":"instock","14":"sale","15":"taxable","16":"shipping-taxable","17":"purchasable","18":"product-type-simple"},"yoast_head":"<!-- This site is optimized with the Yoast SEO Premium plugin v26.9 (Yoast SEO v27.4) - https:\/\/yoast.com\/product\/yoast-seo-premium-wordpress\/ -->\n<title>Smeg SMF05PKEU retro konyhai robotg\u00e9p r\u00f3zsasz\u00edn test \u00e9s talp - Pr\u00e9miumK\u00e9sz\u00fcl\u00e9k<\/title>\n<meta name=\"robots\" content=\"index, follow, max-snippet:-1, max-image-preview:large, max-video-preview:-1\" \/>\n<link rel=\"canonical\" href=\"https:\/\/premiumkeszulek.hu\/hu\/termek\/smeg-smf05pkeu-retro-konyhai-robotgep-rozsaszin-test-es-talp\/\" \/>\n<meta property=\"og:locale\" content=\"hu_HU\" \/>\n<meta property=\"og:type\" content=\"article\" \/>\n<meta property=\"og:title\" content=\"Smeg SMF05PKEU retro konyhai robotg\u00e9p r\u00f3zsasz\u00edn test \u00e9s talp\" \/>\n<meta property=\"og:description\" content=\"Teljes\u00edtm\u00e9ny \u00e9s elegancia jellemzi legjobban az &#8217;50-es \u00e9vekbeli \u00e1ll\u00f3 mixer diz\u00e1jnj\u00e1t, egy funkcion\u00e1lis eszk\u00f6zt, amely kifinomults\u00e1got \u00e9s st\u00edlust k\u00f6lcs\u00f6n\u00f6z a konyh\u00e1nak. T\u00edz sebess\u00e9gfokozat a k\u00fcl\u00f6nb\u00f6z\u0151 t\u00e9szta \u00e1llagokhoz val\u00f3 optim\u00e1lis alkalmazkod\u00e1shoz, \u00edgy mindig kiv\u00e1l\u00f3 eredm\u00e9nyeket biztos\u00edt. Smooth Start rendszer a hozz\u00e1val\u00f3k t\u00f6k\u00e9letes kever\u00e9si hat\u00e9konys\u00e1g\u00e1\u00e9rt \u00e9s a foltok sz\u00e1m\u00e1nak cs\u00f6kkent\u00e9s\u00e9\u00e9rt. Er\u0151teljes motor \u00e9s bolyg\u00f3m\u0171ves forg\u00f3mozg\u00e1s a hozz\u00e1val\u00f3k [&hellip;]\" \/>\n<meta property=\"og:url\" content=\"https:\/\/premiumkeszulek.hu\/hu\/termek\/smeg-smf05pkeu-retro-konyhai-robotgep-rozsaszin-test-es-talp\/\" \/>\n<meta property=\"og:site_name\" content=\"Pr\u00e9miumK\u00e9sz\u00fcl\u00e9k\" \/>\n<meta property=\"article:publisher\" content=\"https:\/\/www.facebook.com\/konyhaluxnet\" \/>\n<meta property=\"article:modified_time\" content=\"2026-04-17T17:39:56+00:00\" \/>\n<meta property=\"og:image\" content=\"https:\/\/i0.wp.com\/premiumkeszulek.hu\/wp-content\/uploads\/2026\/03\/SMF05PKEU-111.jpg?fit=800%2C800&ssl=1\" \/>\n\t<meta property=\"og:image:width\" content=\"800\" \/>\n\t<meta property=\"og:image:height\" content=\"800\" \/>\n\t<meta property=\"og:image:type\" content=\"image\/jpeg\" \/>\n<meta name=\"twitter:card\" content=\"summary_large_image\" \/>\n<meta name=\"twitter:label1\" content=\"\u00c1r\" \/>\n\t<meta name=\"twitter:data1\" content=\"213.900&#070;&#116;\" \/>\n\t<meta name=\"twitter:label2\" content=\"El\u00e9rhet\u0151s\u00e9g\" \/>\n\t<meta name=\"twitter:data2\" content=\"K\u00e9szleten\" \/>\n<script type=\"application\/ld+json\" class=\"yoast-schema-graph\">{\"@context\":\"https:\\\/\\\/schema.org\",\"@graph\":[{\"@type\":\"WebPage\",\"@id\":\"https:\\\/\\\/premiumkeszulek.hu\\\/hu\\\/termek\\\/smeg-smf05pkeu-retro-konyhai-robotgep-rozsaszin-test-es-talp\\\/\",\"url\":\"https:\\\/\\\/premiumkeszulek.hu\\\/hu\\\/termek\\\/smeg-smf05pkeu-retro-konyhai-robotgep-rozsaszin-test-es-talp\\\/\",\"name\":\"Smeg SMF05PKEU retro konyhai robotg\u00e9p r\u00f3zsasz\u00edn test \u00e9s talp - Pr\u00e9miumK\u00e9sz\u00fcl\u00e9k\",\"isPartOf\":{\"@id\":\"https:\\\/\\\/premiumkeszulek.hu\\\/hu\\\/#website\"},\"primaryImageOfPage\":{\"@id\":\"https:\\\/\\\/premiumkeszulek.hu\\\/hu\\\/termek\\\/smeg-smf05pkeu-retro-konyhai-robotgep-rozsaszin-test-es-talp\\\/#primaryimage\"},\"image\":{\"@id\":\"https:\\\/\\\/premiumkeszulek.hu\\\/hu\\\/termek\\\/smeg-smf05pkeu-retro-konyhai-robotgep-rozsaszin-test-es-talp\\\/#primaryimage\"},\"thumbnailUrl\":\"https:\\\/\\\/i0.wp.com\\\/premiumkeszulek.hu\\\/wp-content\\\/uploads\\\/2026\\\/03\\\/SMF05PKEU-111.jpg?fit=800%2C800&ssl=1\",\"datePublished\":\"2026-03-26T12:09:40+00:00\",\"dateModified\":\"2026-04-17T17:39:56+00:00\",\"breadcrumb\":{\"@id\":\"https:\\\/\\\/premiumkeszulek.hu\\\/hu\\\/termek\\\/smeg-smf05pkeu-retro-konyhai-robotgep-rozsaszin-test-es-talp\\\/#breadcrumb\"},\"inLanguage\":\"hu\",\"potentialAction\":[{\"@type\":\"ReadAction\",\"target\":[\"https:\\\/\\\/premiumkeszulek.hu\\\/hu\\\/termek\\\/smeg-smf05pkeu-retro-konyhai-robotgep-rozsaszin-test-es-talp\\\/\"]}]},{\"@type\":\"ImageObject\",\"inLanguage\":\"hu\",\"@id\":\"https:\\\/\\\/premiumkeszulek.hu\\\/hu\\\/termek\\\/smeg-smf05pkeu-retro-konyhai-robotgep-rozsaszin-test-es-talp\\\/#primaryimage\",\"url\":\"https:\\\/\\\/i0.wp.com\\\/premiumkeszulek.hu\\\/wp-content\\\/uploads\\\/2026\\\/03\\\/SMF05PKEU-111.jpg?fit=800%2C800&ssl=1\",\"contentUrl\":\"https:\\\/\\\/i0.wp.com\\\/premiumkeszulek.hu\\\/wp-content\\\/uploads\\\/2026\\\/03\\\/SMF05PKEU-111.jpg?fit=800%2C800&ssl=1\",\"width\":800,\"height\":800},{\"@type\":\"BreadcrumbList\",\"@id\":\"https:\\\/\\\/premiumkeszulek.hu\\\/hu\\\/termek\\\/smeg-smf05pkeu-retro-konyhai-robotgep-rozsaszin-test-es-talp\\\/#breadcrumb\",\"itemListElement\":[{\"@type\":\"ListItem\",\"position\":1,\"name\":\"Home\",\"item\":\"https:\\\/\\\/premiumkeszulek.hu\\\/hu\\\/\"},{\"@type\":\"ListItem\",\"position\":2,\"name\":\"Shop\",\"item\":\"https:\\\/\\\/premiumkeszulek.hu\\\/hu\\\/shop\\\/\"},{\"@type\":\"ListItem\",\"position\":3,\"name\":\"Smeg SMF05PKEU retro konyhai robotg\u00e9p r\u00f3zsasz\u00edn test \u00e9s talp\"}]},{\"@type\":\"WebSite\",\"@id\":\"https:\\\/\\\/premiumkeszulek.hu\\\/hu\\\/#website\",\"url\":\"https:\\\/\\\/premiumkeszulek.hu\\\/hu\\\/\",\"name\":\"Pr\u00e9miumK\u00e9sz\u00fcl\u00e9k\",\"description\":\"\",\"publisher\":{\"@id\":\"https:\\\/\\\/premiumkeszulek.hu\\\/hu\\\/#organization\"},\"potentialAction\":[{\"@type\":\"SearchAction\",\"target\":{\"@type\":\"EntryPoint\",\"urlTemplate\":\"https:\\\/\\\/premiumkeszulek.hu\\\/hu\\\/?s={search_term_string}\"},\"query-input\":{\"@type\":\"PropertyValueSpecification\",\"valueRequired\":true,\"valueName\":\"search_term_string\"}}],\"inLanguage\":\"hu\"},{\"@type\":\"Organization\",\"@id\":\"https:\\\/\\\/premiumkeszulek.hu\\\/hu\\\/#organization\",\"name\":\"Pr\u00e9miumK\u00e9sz\u00fcl\u00e9k\",\"alternateName\":\"HPH Special Kft\",\"url\":\"https:\\\/\\\/premiumkeszulek.hu\\\/hu\\\/\",\"logo\":{\"@type\":\"ImageObject\",\"inLanguage\":\"hu\",\"@id\":\"https:\\\/\\\/premiumkeszulek.hu\\\/hu\\\/#\\\/schema\\\/logo\\\/image\\\/\",\"url\":\"http:\\\/\\\/premiumkeszulek.hu\\\/wp-content\\\/uploads\\\/2025\\\/03\\\/TURKIZLOGO-kicsi.png\",\"contentUrl\":\"http:\\\/\\\/premiumkeszulek.hu\\\/wp-content\\\/uploads\\\/2025\\\/03\\\/TURKIZLOGO-kicsi.png\",\"width\":1600,\"height\":547,\"caption\":\"Pr\u00e9miumK\u00e9sz\u00fcl\u00e9k\"},\"image\":{\"@id\":\"https:\\\/\\\/premiumkeszulek.hu\\\/hu\\\/#\\\/schema\\\/logo\\\/image\\\/\"},\"sameAs\":[\"https:\\\/\\\/www.facebook.com\\\/konyhaluxnet\",\"https:\\\/\\\/www.instagram.com\\\/konyhaluxnet\\\/#\"],\"email\":\"info@premiumkeszulek.hu\",\"telephone\":\"36 1 \\\/ 226-1992\",\"legalName\":\"HPH Special Kft\",\"vatID\":\"HU12549502\",\"taxID\":\"12549502\",\"hasMerchantReturnPolicy\":{\"@type\":\"MerchantReturnPolicy\",\"merchantReturnLink\":\"https:\\\/\\\/premiumkeszulek.hu\\\/hu\\\/altalanos-szerzodesi-es-felhasznalasi-feltetelek\\\/\"}}]}<\/script>\n<meta property=\"product:brand\" content=\"Smeg\" \/>\n<meta property=\"product:price:amount\" content=\"213900\" \/>\n<meta property=\"product:price:currency\" content=\"HUF\" \/>\n<meta property=\"og:availability\" content=\"instock\" \/>\n<meta property=\"product:availability\" content=\"instock\" \/>\n<meta property=\"product:retailer_item_id\" content=\"SMF05PKEU\" \/>\n<meta property=\"product:condition\" content=\"new\" \/>\n<!-- \/ Yoast SEO Premium plugin. -->","yoast_head_json":{"title":"Smeg SMF05PKEU retro konyhai robotg\u00e9p r\u00f3zsasz\u00edn test \u00e9s talp - Pr\u00e9miumK\u00e9sz\u00fcl\u00e9k","robots":{"index":"index","follow":"follow","max-snippet":"max-snippet:-1","max-image-preview":"max-image-preview:large","max-video-preview":"max-video-preview:-1"},"canonical":"https:\/\/premiumkeszulek.hu\/hu\/termek\/smeg-smf05pkeu-retro-konyhai-robotgep-rozsaszin-test-es-talp\/","og_locale":"hu_HU","og_type":"article","og_title":"Smeg SMF05PKEU retro konyhai robotg\u00e9p r\u00f3zsasz\u00edn test \u00e9s talp","og_description":"Teljes\u00edtm\u00e9ny \u00e9s elegancia jellemzi legjobban az &#8217;50-es \u00e9vekbeli \u00e1ll\u00f3 mixer diz\u00e1jnj\u00e1t, egy funkcion\u00e1lis eszk\u00f6zt, amely kifinomults\u00e1got \u00e9s st\u00edlust k\u00f6lcs\u00f6n\u00f6z a konyh\u00e1nak. T\u00edz sebess\u00e9gfokozat a k\u00fcl\u00f6nb\u00f6z\u0151 t\u00e9szta \u00e1llagokhoz val\u00f3 optim\u00e1lis alkalmazkod\u00e1shoz, \u00edgy mindig kiv\u00e1l\u00f3 eredm\u00e9nyeket biztos\u00edt. Smooth Start rendszer a hozz\u00e1val\u00f3k t\u00f6k\u00e9letes kever\u00e9si hat\u00e9konys\u00e1g\u00e1\u00e9rt \u00e9s a foltok sz\u00e1m\u00e1nak cs\u00f6kkent\u00e9s\u00e9\u00e9rt. Er\u0151teljes motor \u00e9s bolyg\u00f3m\u0171ves forg\u00f3mozg\u00e1s a hozz\u00e1val\u00f3k [&hellip;]","og_url":"https:\/\/premiumkeszulek.hu\/hu\/termek\/smeg-smf05pkeu-retro-konyhai-robotgep-rozsaszin-test-es-talp\/","og_site_name":"Pr\u00e9miumK\u00e9sz\u00fcl\u00e9k","article_publisher":"https:\/\/www.facebook.com\/konyhaluxnet","article_modified_time":"2026-04-17T17:39:56+00:00","og_image":[{"width":800,"height":800,"url":"https:\/\/i0.wp.com\/premiumkeszulek.hu\/wp-content\/uploads\/2026\/03\/SMF05PKEU-111.jpg?fit=800%2C800&ssl=1","type":"image\/jpeg"}],"twitter_card":"summary_large_image","twitter_misc":{"\u00c1r":"213.900&#70;&#116;","El\u00e9rhet\u0151s\u00e9g":"K\u00e9szleten"},"schema":{"@context":"https:\/\/schema.org","@graph":[{"@type":"WebPage","@id":"https:\/\/premiumkeszulek.hu\/hu\/termek\/smeg-smf05pkeu-retro-konyhai-robotgep-rozsaszin-test-es-talp\/","url":"https:\/\/premiumkeszulek.hu\/hu\/termek\/smeg-smf05pkeu-retro-konyhai-robotgep-rozsaszin-test-es-talp\/","name":"Smeg SMF05PKEU retro konyhai robotg\u00e9p r\u00f3zsasz\u00edn test \u00e9s talp - Pr\u00e9miumK\u00e9sz\u00fcl\u00e9k","isPartOf":{"@id":"https:\/\/premiumkeszulek.hu\/hu\/#website"},"primaryImageOfPage":{"@id":"https:\/\/premiumkeszulek.hu\/hu\/termek\/smeg-smf05pkeu-retro-konyhai-robotgep-rozsaszin-test-es-talp\/#primaryimage"},"image":{"@id":"https:\/\/premiumkeszulek.hu\/hu\/termek\/smeg-smf05pkeu-retro-konyhai-robotgep-rozsaszin-test-es-talp\/#primaryimage"},"thumbnailUrl":"https:\/\/i0.wp.com\/premiumkeszulek.hu\/wp-content\/uploads\/2026\/03\/SMF05PKEU-111.jpg?fit=800%2C800&ssl=1","datePublished":"2026-03-26T12:09:40+00:00","dateModified":"2026-04-17T17:39:56+00:00","breadcrumb":{"@id":"https:\/\/premiumkeszulek.hu\/hu\/termek\/smeg-smf05pkeu-retro-konyhai-robotgep-rozsaszin-test-es-talp\/#breadcrumb"},"inLanguage":"hu","potentialAction":[{"@type":"ReadAction","target":["https:\/\/premiumkeszulek.hu\/hu\/termek\/smeg-smf05pkeu-retro-konyhai-robotgep-rozsaszin-test-es-talp\/"]}]},{"@type":"ImageObject","inLanguage":"hu","@id":"https:\/\/premiumkeszulek.hu\/hu\/termek\/smeg-smf05pkeu-retro-konyhai-robotgep-rozsaszin-test-es-talp\/#primaryimage","url":"https:\/\/i0.wp.com\/premiumkeszulek.hu\/wp-content\/uploads\/2026\/03\/SMF05PKEU-111.jpg?fit=800%2C800&ssl=1","contentUrl":"https:\/\/i0.wp.com\/premiumkeszulek.hu\/wp-content\/uploads\/2026\/03\/SMF05PKEU-111.jpg?fit=800%2C800&ssl=1","width":800,"height":800},{"@type":"BreadcrumbList","@id":"https:\/\/premiumkeszulek.hu\/hu\/termek\/smeg-smf05pkeu-retro-konyhai-robotgep-rozsaszin-test-es-talp\/#breadcrumb","itemListElement":[{"@type":"ListItem","position":1,"name":"Home","item":"https:\/\/premiumkeszulek.hu\/hu\/"},{"@type":"ListItem","position":2,"name":"Shop","item":"https:\/\/premiumkeszulek.hu\/hu\/shop\/"},{"@type":"ListItem","position":3,"name":"Smeg SMF05PKEU retro konyhai robotg\u00e9p r\u00f3zsasz\u00edn test \u00e9s talp"}]},{"@type":"WebSite","@id":"https:\/\/premiumkeszulek.hu\/hu\/#website","url":"https:\/\/premiumkeszulek.hu\/hu\/","name":"Pr\u00e9miumK\u00e9sz\u00fcl\u00e9k","description":"","publisher":{"@id":"https:\/\/premiumkeszulek.hu\/hu\/#organization"},"potentialAction":[{"@type":"SearchAction","target":{"@type":"EntryPoint","urlTemplate":"https:\/\/premiumkeszulek.hu\/hu\/?s={search_term_string}"},"query-input":{"@type":"PropertyValueSpecification","valueRequired":true,"valueName":"search_term_string"}}],"inLanguage":"hu"},{"@type":"Organization","@id":"https:\/\/premiumkeszulek.hu\/hu\/#organization","name":"Pr\u00e9miumK\u00e9sz\u00fcl\u00e9k","alternateName":"HPH Special Kft","url":"https:\/\/premiumkeszulek.hu\/hu\/","logo":{"@type":"ImageObject","inLanguage":"hu","@id":"https:\/\/premiumkeszulek.hu\/hu\/#\/schema\/logo\/image\/","url":"http:\/\/premiumkeszulek.hu\/wp-content\/uploads\/2025\/03\/TURKIZLOGO-kicsi.png","contentUrl":"http:\/\/premiumkeszulek.hu\/wp-content\/uploads\/2025\/03\/TURKIZLOGO-kicsi.png","width":1600,"height":547,"caption":"Pr\u00e9miumK\u00e9sz\u00fcl\u00e9k"},"image":{"@id":"https:\/\/premiumkeszulek.hu\/hu\/#\/schema\/logo\/image\/"},"sameAs":["https:\/\/www.facebook.com\/konyhaluxnet","https:\/\/www.instagram.com\/konyhaluxnet\/#"],"email":"info@premiumkeszulek.hu","telephone":"36 1 \/ 226-1992","legalName":"HPH Special Kft","vatID":"HU12549502","taxID":"12549502","hasMerchantReturnPolicy":{"@type":"MerchantReturnPolicy","merchantReturnLink":"https:\/\/premiumkeszulek.hu\/hu\/altalanos-szerzodesi-es-felhasznalasi-feltetelek\/"}}]},"product_brand":"Smeg","product_price_amount":"213900","product_price_currency":"HUF","og_availability":"instock","product_availability":"instock","product_retailer_item_id":"SMF05PKEU","product_condition":"new"},"jetpack_publicize_connections":[],"jetpack_likes_enabled":true,"jetpack_sharing_enabled":true,"jetpack-related-posts":[],"_links":{"self":[{"href":"https:\/\/premiumkeszulek.hu\/hu\/wp-json\/wp\/v2\/product\/79375","targetHints":{"allow":["GET"]}}],"collection":[{"href":"https:\/\/premiumkeszulek.hu\/hu\/wp-json\/wp\/v2\/product"}],"about":[{"href":"https:\/\/premiumkeszulek.hu\/hu\/wp-json\/wp\/v2\/types\/product"}],"replies":[{"embeddable":true,"href":"https:\/\/premiumkeszulek.hu\/hu\/wp-json\/wp\/v2\/comments?post=79375"}],"wp:featuredmedia":[{"embeddable":true,"href":"https:\/\/premiumkeszulek.hu\/hu\/wp-json\/wp\/v2\/media\/79374"}],"wp:attachment":[{"href":"https:\/\/premiumkeszulek.hu\/hu\/wp-json\/wp\/v2\/media?parent=79375"}],"wp:term":[{"taxonomy":"product_brand","embeddable":true,"href":"https:\/\/premiumkeszulek.hu\/hu\/wp-json\/wp\/v2\/product_brand?post=79375"},{"taxonomy":"product_cat","embeddable":true,"href":"https:\/\/premiumkeszulek.hu\/hu\/wp-json\/wp\/v2\/product_cat?post=79375"},{"taxonomy":"product_tag","embeddable":true,"href":"https:\/\/premiumkeszulek.hu\/hu\/wp-json\/wp\/v2\/product_tag?post=79375"},{"taxonomy":"woo-feed-brand","embeddable":true,"href":"https:\/\/premiumkeszulek.hu\/hu\/wp-json\/wp\/v2\/woo-feed-brand?post=79375"}],"curies":[{"name":"wp","href":"https:\/\/api.w.org\/{rel}","templated":true}]}}