{"id":78197,"date":"2026-03-03T21:06:14","date_gmt":"2026-03-03T20:06:14","guid":{"rendered":"https:\/\/premiumkeszulek.hu\/product\/neff-d67xdp2s0-beepitheto-paraelszivo-home-connect-fekete-uveg-60cm-line\/"},"modified":"2026-04-23T11:55:29","modified_gmt":"2026-04-23T09:55:29","slug":"neff-d67xdp2s0-beepitheto-paraelszivo-home-connect-fekete-uveg-60cm-line","status":"publish","type":"product","link":"https:\/\/premiumkeszulek.hu\/hu\/termek\/neff-d67xdp2s0-beepitheto-paraelszivo-home-connect-fekete-uveg-60cm-line\/","title":{"rendered":"Neff D67XDP2S0 be\u00e9p\u00edthet\u0151 p\u00e1raelsz\u00edv\u00f3 Home Connect fekete \u00fcveg 60cm Line"},"content":{"rendered":"<div class=\"loadbeeTabContent\" data-loadbee-apikey=\"bVxDWaSdseFz5PWWtvKmAkGr88n6WXYY\" data-loadbee-gtin=\"4242004287933\n\n\n\n\" data-loadbee-locale=\"hu_HU\">\u00a0\n<\/div>\n<p><script async src=\"https:\/\/cdn.loadbee.com\/js\/loadbee_integration.js\"><\/script><script type=\"text\/javascript\"\nsrc=\"https:\/\/tracking.channelsight.com\/api\/tracking\/v2\/Init\">\n<\/script><\/p>\n","protected":false},"excerpt":{"rendered":"<p>\u00a0T\u00f6k\u00e9letes be\u00e9p\u00edt\u00e9s: Szinte l\u00e1thatatlan, fels\u0151 szekr\u00e9nybe szerelve.<br \/>\n\t\u00a0 \u00a0 Extra t\u00e1rol\u00f3hely: A p\u00e1raelsz\u00edv\u00f3 T-alak\u00fa kialak\u00edt\u00e1sa mindk\u00e9t oldalon extra t\u00e1rol\u00f3helyet biztos\u00edt, ak\u00e1r 10 kg-ig.<br \/>\n\t\u00a0 \u00a0 Rugalmas be\u00e9p\u00edt\u00e9s: K\u00fcl\u00f6nb\u00f6z\u0151 szekr\u00e9nykialak\u00edt\u00e1sokba \u00e9s egyed\u00fcl is telep\u00edthet\u0151.<br \/>\n\t\u00a0 \u00a0 Smart Hood Automatika: A p\u00e1raelsz\u00edv\u00f3 automatikusan igazodik a f\u0151z\u0151lap be\u00e1ll\u00edt\u00e1saihoz.<br \/>\n\t\u00a0 \u00a0 Magas teljes\u00edtm\u00e9ny \u00e9s alacsony zajszint: Az optimaliz\u00e1lt motor csendes f\u0151z\u00e9st biztos\u00edt.<\/p>\n<p>Digit\u00e1lis jellemz\u0151k:<br \/>\n\tHome Connect: kezelje, figyelje \u00e9s \u00e1ll\u00edtsa be p\u00e1raelsz\u00edv\u00f3j\u00e1t okostelefonon vagy t\u00e1blag\u00e9pen kereszt\u00fcl (csak azokban az orsz\u00e1gokban, ahol el\u00e9rhet\u0151 a Home Connect szolg\u00e1ltat\u00e1s)<br \/>\n\tF\u0151z\u0151lap-vez\u00e9relt elsz\u00edv\u00e1s: a megfelel\u0151 f\u0151z\u0151lap WiFi csatlakoz\u00e1s\u00e1nak k\u00f6sz\u00f6nhet\u0151en automatikusan aktiv\u00e1lja a p\u00e1raelsz\u00edv\u00f3t f\u0151z\u00e9s k\u00f6zben.<br \/>\n\tSmart Hood Automatic: A p\u00e1raelsz\u00edv\u00f3 automatikusan igaz\u00edtja a ventil\u00e1tor sebess\u00e9g\u00e9t, mivel a f\u0151z\u0151lap folyamatosan tov\u00e1bb\u00edtja f\u0151z\u00e9ssel kapcsolatos adatokat (minden jelenlegi N90\/N70 indukci\u00f3s f\u0151z\u0151lappal kompatibilis; m\u00e1s Home Connect f\u0151z\u0151lapok eset\u00e9n a p\u00e1raelsz\u00edv\u00f3 k\u00f6zvetlen\u00fcl a f\u0151z\u0151lapr\u00f3l vez\u00e9relhet\u0151ek, felt\u00e9ve, hogy rendelkez\u00e9sre \u00e1ll egy csatlakoztatott Home Connect fi\u00f3k).<br \/>\n\tHangvez\u00e9rl\u00e9s lehets\u00e9ges a n\u00e9pszer\u0171 hangvez\u00e9rl\u0151 seg\u00e9dekkel (olyan orsz\u00e1gokban, ahol ez a funkci\u00f3 el\u00e9rhet\u0151)<br \/>\n\tTeljes\u00edtm\u00e9nyprofilok: v\u00e1lasszon szabv\u00e1nyos, teljes\u00edtm\u00e9ny- vagy n\u00e9m\u00edt\u00e1si profilok k\u00f6z\u00fcl, hogy n\u00f6velje az elsz\u00edv\u00e1si sebess\u00e9get vagy cs\u00f6kkentse a ventil\u00e1tor zaj\u00e1t a Home Connect alkalmaz\u00e1son kereszt\u00fcl<br \/>\n\tKedvenc gomb: k\u00f6zvetlen\u00fcl el\u00e9rheti kedvenc funkci\u00f3it egy konfigur\u00e1lhat\u00f3 gombbal (a csatlakoztatott Home Connect fi\u00f3kkal \u00e9rhet\u0151 el).<br \/>\n\tTartsa k\u00e9zben az ir\u00e1ny\u00edt\u00e1st a k\u00fcls\u0151 okos funkci\u00f3kkal programozhat\u00f3 Kedvenc gombon kereszt\u00fcl (csatlakozott Home Connect fi\u00f3kkal \u00e9rhet\u0151 el)(partnerszolg\u00e1ltat\u00e1s sz\u00fcks\u00e9ges).<br \/>\n\tLED l\u00e1mpa \u00e1ll\u00edthat\u00f3 f\u00e9nyh\u0151m\u00e9rs\u00e9klettel: Lehet\u0151v\u00e9 teszi, hogy a f\u00e9nyh\u0151m\u00e9rs\u00e9kletet szem\u00e9lyes ig\u00e9nyeihez igaz\u00edtsa a Home Connect alkalmaz\u00e1son kereszt\u00fcl<br \/>\n\tTel\u00edtetts\u00e9gjelz\u0151, zs\u00edrsz\u0171r\u0151 \u00e9s szagsz\u0171r\u0151 be\u00e1ll\u00edt\u00e1si \u00e9s vissza\u00e1ll\u00edt\u00e1si funkci\u00f3ja el\u00e9rhet\u0151 a Home Connect alkalmaz\u00e1son kereszt\u00fcl.<br \/>\n\tFut\u00e1s ut\u00e1ni funkci\u00f3: el\u00e9rhet\u0151 a Home Connect alkalmaz\u00e1son kereszt\u00fcl<br \/>\n\tIntervallum funkci\u00f3: el\u00e9rhet\u0151 a Home Connect alkalmaz\u00e1son kereszt\u00fcl<br \/>\n\tA Home Connect funkcionalit\u00e1s kib\u0151v\u00edthet\u0151 sz\u00e1mos alkalmaz\u00e1ssal a k\u00fcls\u0151 partnerekt\u0151l f\u00fcgg\u0151en.<br \/>\n\tFriss\u00edthet\u0151 k\u00e9sz\u00fcl\u00e9k (csatlakozott Home Connect fi\u00f3kkal \u00e9rhet\u0151 el): tartsa a k\u00e9sz\u00fcl\u00e9ket mindig naprak\u00e9szen a szoftver leg\u00fajabb \u00e1llapot\u00e1val.<\/p>\n<p>\tKivezet\u00e9ses \u00fczemm\u00f3d:<br \/>\n\tAz EN 61591 \u00e9s az EN\/IEC 60704-2-13 szerint k\u00e9sz\u00fcl\u00e9ke a k\u00f6vetkez\u0151 \u00e9rt\u00e9keket tudja el\u00e9rni kivon\u00e1si \u00fczemm\u00f3dban:\u00a0<br \/>\n\t1. sebess\u00e9g: kivon\u00e1si r\u00e1ta 244 m3\/h; hangszint 42 dB (A) re1pW\u00a0<br \/>\n\t2. sebess\u00e9g: kivon\u00e1si r\u00e1ta 339 m3\/h; hangszint 50 dB (A) re1pW\u00a0<br \/>\n\t3. sebess\u00e9g: kivon\u00e1si r\u00e1ta 433 m3\/h; hangszint 57 dB (A) re1pW\u00a0<br \/>\n\tIntenz\u00edv 1.: kivon\u00e1si r\u00e1ta 699 m3\/h; hangszint 68 dB (A) re1pW<br \/>\n\tEnergiahat\u00e9konys\u00e1gi oszt\u00e1ly: A+<br \/>\n\t\u00c1tlagos \u00e9ves energiafogyaszt\u00e1s: 27.2 kWh\/\u00e9v<br \/>\n\tHidrodinamikai hat\u00e9konys\u00e1g: A*<br \/>\n\tMegvil\u00e1g\u00edt\u00e1si hat\u00e9konys\u00e1g: A<br \/>\n\tZs\u00edrkisz\u0171r\u00e9si hat\u00e9konys\u00e1g: B<\/p>\n<p>Bels\u0151 keringtet\u00e9ses \u00fczemm\u00f3d:<br \/>\n\tBels\u0151 keringet\u00e9ses \u00fczemm\u00f3dhoz sz\u00fcks\u00e9ges a hossz\u00fa \u00e9lettartam\u00fa CleanAir sz\u0171r\u0151 k\u00e9szlet (kieg\u00e9sz\u00edt\u0151)<br \/>\n\tA Long-life CleanAir szagsz\u0171r\u0151 elnyeli az intenz\u00edv szagokat, p\u00e9ld\u00e1ul a hal szag\u00e1t, valamint a pollent is. A sz\u0171r\u0151 \u00e9lettartama ak\u00e1r n\u00e9gyszeres\u00e9re is meghosszabb\u00edthat\u00f3, ha a s\u00fct\u0151ben regener\u00e1lj\u00e1k.<br \/>\n\tAz EN 61591 \u00e9s EN\/IEC 60704-2-13 szabv\u00e1nyok szerint k\u00e9sz\u00fcl\u00e9ke a k\u00f6vetkez\u0151 \u00e9rt\u00e9keket \u00e9rheti el bels\u0151 keringet\u00e9ses \u00fczemm\u00f3dban a Long-life CleanAir k\u00e9szlettel (opcion\u00e1lis kieg\u00e9sz\u00edt\u0151k\u00e9nt kaphat\u00f3):\u00a0<br \/>\n\t1-es fokozat: Elsz\u00edv\u00e1si teljes\u00edtm\u00e9ny 231 m3\/h; Zajszint: 53 dB(A) re1pW\u00a0<br \/>\n\t2-es fokozat: Elsz\u00edv\u00e1si teljes\u00edtm\u00e9ny 329 m3\/h; Zajszint: 61 dB(A) re1pW\u00a0<br \/>\n\t3-as fokozat: Elsz\u00edv\u00e1si teljes\u00edtm\u00e9ny 413 m3\/h; Zajszint: 66 dB(A) re1pW<br \/>\n\tIntenz\u00edv fokozat: Elsz\u00edv\u00e1si teljes\u00edtm\u00e9ny 556 m3\/h; Zajszint: 72 dB (A) re1pW<\/p>\n","protected":false},"featured_media":78196,"comment_status":"closed","ping_status":"closed","template":"","meta":{"_crdt_document":"","content-type":"","jetpack_post_was_ever_published":false,"jetpack_publicize_message":"","jetpack_publicize_feature_enabled":true,"jetpack_social_post_already_shared":true,"jetpack_social_options":{"image_generator_settings":{"template":"highway","default_image_id":0,"font":"","enabled":false},"version":2},"_wpas_customize_per_network":false},"product_brand":[9058],"product_cat":[1525],"product_tag":[],"woo-feed-brand":[],"class_list":{"0":"post-78197","1":"product","2":"type-product","3":"status-publish","4":"has-post-thumbnail","6":"product_brand-bosch","7":"product_cat-paraelszivok","8":"product_shipping_class-100000felett","10":"first","11":"onbackorder","12":"taxable","13":"shipping-taxable","14":"purchasable","15":"product-type-simple"},"yoast_head":"<!-- This site is optimized with the Yoast SEO Premium plugin v26.9 (Yoast SEO v27.4) - https:\/\/yoast.com\/product\/yoast-seo-premium-wordpress\/ -->\n<title>Neff D67XDP2S0 be\u00e9p\u00edthet\u0151 p\u00e1raelsz\u00edv\u00f3 Home Connect fekete \u00fcveg 60cm Line - Pr\u00e9miumK\u00e9sz\u00fcl\u00e9k<\/title>\n<meta name=\"description\" content=\"A Neff D67XDP2S0 be\u00e9p\u00edthet\u0151 p\u00e1raelsz\u00edv\u00f3val a f\u0151z\u00e9s gyerekmunka lesz! A T-alak\u00fa tervez\u00e9s extra t\u00e1rol\u00f3helyet biztos\u00edt, ak\u00e1r 10 kg-ig. \ud83e\udd58\" \/>\n<meta name=\"robots\" content=\"index, follow, max-snippet:-1, max-image-preview:large, max-video-preview:-1\" \/>\n<link rel=\"canonical\" href=\"https:\/\/premiumkeszulek.hu\/hu\/termek\/neff-d67xdp2s0-beepitheto-paraelszivo-home-connect-fekete-uveg-60cm-line\/\" \/>\n<meta property=\"og:locale\" content=\"hu_HU\" \/>\n<meta property=\"og:type\" content=\"article\" \/>\n<meta property=\"og:title\" content=\"Neff D67XDP2S0 be\u00e9p\u00edthet\u0151 p\u00e1raelsz\u00edv\u00f3 Home Connect fekete \u00fcveg 60cm Line\" \/>\n<meta property=\"og:description\" content=\"A Neff D67XDP2S0 be\u00e9p\u00edthet\u0151 p\u00e1raelsz\u00edv\u00f3val a f\u0151z\u00e9s gyerekmunka lesz! A T-alak\u00fa tervez\u00e9s extra t\u00e1rol\u00f3helyet biztos\u00edt, ak\u00e1r 10 kg-ig. \ud83e\udd58\" \/>\n<meta property=\"og:url\" content=\"https:\/\/premiumkeszulek.hu\/hu\/termek\/neff-d67xdp2s0-beepitheto-paraelszivo-home-connect-fekete-uveg-60cm-line\/\" \/>\n<meta property=\"og:site_name\" content=\"Pr\u00e9miumK\u00e9sz\u00fcl\u00e9k\" \/>\n<meta property=\"article:publisher\" content=\"https:\/\/www.facebook.com\/konyhaluxnet\" \/>\n<meta property=\"article:modified_time\" content=\"2026-04-23T09:55:29+00:00\" \/>\n<meta property=\"og:image\" content=\"https:\/\/i0.wp.com\/premiumkeszulek.hu\/wp-content\/uploads\/2026\/03\/D67XDP2S0-111.jpg?fit=800%2C800&ssl=1\" \/>\n\t<meta property=\"og:image:width\" content=\"800\" \/>\n\t<meta property=\"og:image:height\" content=\"800\" \/>\n\t<meta property=\"og:image:type\" content=\"image\/jpeg\" \/>\n<meta name=\"twitter:card\" content=\"summary_large_image\" \/>\n<meta name=\"twitter:label1\" content=\"\u00c1r\" \/>\n\t<meta name=\"twitter:data1\" content=\"239.900&#070;&#116;\" \/>\n\t<meta name=\"twitter:label2\" content=\"El\u00e9rhet\u0151s\u00e9g\" \/>\n\t<meta name=\"twitter:data2\" content=\"Beszerz\u00e9s alatt\" \/>\n<script type=\"application\/ld+json\" class=\"yoast-schema-graph\">{\"@context\":\"https:\\\/\\\/schema.org\",\"@graph\":[{\"@type\":\"WebPage\",\"@id\":\"https:\\\/\\\/premiumkeszulek.hu\\\/hu\\\/termek\\\/neff-d67xdp2s0-beepitheto-paraelszivo-home-connect-fekete-uveg-60cm-line\\\/\",\"url\":\"https:\\\/\\\/premiumkeszulek.hu\\\/hu\\\/termek\\\/neff-d67xdp2s0-beepitheto-paraelszivo-home-connect-fekete-uveg-60cm-line\\\/\",\"name\":\"Neff D67XDP2S0 be\u00e9p\u00edthet\u0151 p\u00e1raelsz\u00edv\u00f3 Home Connect fekete \u00fcveg 60cm Line - Pr\u00e9miumK\u00e9sz\u00fcl\u00e9k\",\"isPartOf\":{\"@id\":\"https:\\\/\\\/premiumkeszulek.hu\\\/hu\\\/#website\"},\"primaryImageOfPage\":{\"@id\":\"https:\\\/\\\/premiumkeszulek.hu\\\/hu\\\/termek\\\/neff-d67xdp2s0-beepitheto-paraelszivo-home-connect-fekete-uveg-60cm-line\\\/#primaryimage\"},\"image\":{\"@id\":\"https:\\\/\\\/premiumkeszulek.hu\\\/hu\\\/termek\\\/neff-d67xdp2s0-beepitheto-paraelszivo-home-connect-fekete-uveg-60cm-line\\\/#primaryimage\"},\"thumbnailUrl\":\"https:\\\/\\\/i0.wp.com\\\/premiumkeszulek.hu\\\/wp-content\\\/uploads\\\/2026\\\/03\\\/D67XDP2S0-111.jpg?fit=800%2C800&ssl=1\",\"datePublished\":\"2026-03-03T20:06:14+00:00\",\"dateModified\":\"2026-04-23T09:55:29+00:00\",\"description\":\"A Neff D67XDP2S0 be\u00e9p\u00edthet\u0151 p\u00e1raelsz\u00edv\u00f3val a f\u0151z\u00e9s gyerekmunka lesz! A T-alak\u00fa tervez\u00e9s extra t\u00e1rol\u00f3helyet biztos\u00edt, ak\u00e1r 10 kg-ig. \ud83e\udd58\",\"breadcrumb\":{\"@id\":\"https:\\\/\\\/premiumkeszulek.hu\\\/hu\\\/termek\\\/neff-d67xdp2s0-beepitheto-paraelszivo-home-connect-fekete-uveg-60cm-line\\\/#breadcrumb\"},\"inLanguage\":\"hu\",\"potentialAction\":[{\"@type\":\"ReadAction\",\"target\":[\"https:\\\/\\\/premiumkeszulek.hu\\\/hu\\\/termek\\\/neff-d67xdp2s0-beepitheto-paraelszivo-home-connect-fekete-uveg-60cm-line\\\/\"]}]},{\"@type\":\"ImageObject\",\"inLanguage\":\"hu\",\"@id\":\"https:\\\/\\\/premiumkeszulek.hu\\\/hu\\\/termek\\\/neff-d67xdp2s0-beepitheto-paraelszivo-home-connect-fekete-uveg-60cm-line\\\/#primaryimage\",\"url\":\"https:\\\/\\\/i0.wp.com\\\/premiumkeszulek.hu\\\/wp-content\\\/uploads\\\/2026\\\/03\\\/D67XDP2S0-111.jpg?fit=800%2C800&ssl=1\",\"contentUrl\":\"https:\\\/\\\/i0.wp.com\\\/premiumkeszulek.hu\\\/wp-content\\\/uploads\\\/2026\\\/03\\\/D67XDP2S0-111.jpg?fit=800%2C800&ssl=1\",\"width\":800,\"height\":800},{\"@type\":\"BreadcrumbList\",\"@id\":\"https:\\\/\\\/premiumkeszulek.hu\\\/hu\\\/termek\\\/neff-d67xdp2s0-beepitheto-paraelszivo-home-connect-fekete-uveg-60cm-line\\\/#breadcrumb\",\"itemListElement\":[{\"@type\":\"ListItem\",\"position\":1,\"name\":\"Home\",\"item\":\"https:\\\/\\\/premiumkeszulek.hu\\\/hu\\\/\"},{\"@type\":\"ListItem\",\"position\":2,\"name\":\"Shop\",\"item\":\"https:\\\/\\\/premiumkeszulek.hu\\\/hu\\\/shop\\\/\"},{\"@type\":\"ListItem\",\"position\":3,\"name\":\"Neff D67XDP2S0 be\u00e9p\u00edthet\u0151 p\u00e1raelsz\u00edv\u00f3 Home Connect fekete \u00fcveg 60cm Line\"}]},{\"@type\":\"WebSite\",\"@id\":\"https:\\\/\\\/premiumkeszulek.hu\\\/hu\\\/#website\",\"url\":\"https:\\\/\\\/premiumkeszulek.hu\\\/hu\\\/\",\"name\":\"Pr\u00e9miumK\u00e9sz\u00fcl\u00e9k\",\"description\":\"\",\"publisher\":{\"@id\":\"https:\\\/\\\/premiumkeszulek.hu\\\/hu\\\/#organization\"},\"potentialAction\":[{\"@type\":\"SearchAction\",\"target\":{\"@type\":\"EntryPoint\",\"urlTemplate\":\"https:\\\/\\\/premiumkeszulek.hu\\\/hu\\\/?s={search_term_string}\"},\"query-input\":{\"@type\":\"PropertyValueSpecification\",\"valueRequired\":true,\"valueName\":\"search_term_string\"}}],\"inLanguage\":\"hu\"},{\"@type\":\"Organization\",\"@id\":\"https:\\\/\\\/premiumkeszulek.hu\\\/hu\\\/#organization\",\"name\":\"Pr\u00e9miumK\u00e9sz\u00fcl\u00e9k\",\"alternateName\":\"HPH Special Kft\",\"url\":\"https:\\\/\\\/premiumkeszulek.hu\\\/hu\\\/\",\"logo\":{\"@type\":\"ImageObject\",\"inLanguage\":\"hu\",\"@id\":\"https:\\\/\\\/premiumkeszulek.hu\\\/hu\\\/#\\\/schema\\\/logo\\\/image\\\/\",\"url\":\"http:\\\/\\\/premiumkeszulek.hu\\\/wp-content\\\/uploads\\\/2025\\\/03\\\/TURKIZLOGO-kicsi.png\",\"contentUrl\":\"http:\\\/\\\/premiumkeszulek.hu\\\/wp-content\\\/uploads\\\/2025\\\/03\\\/TURKIZLOGO-kicsi.png\",\"width\":1600,\"height\":547,\"caption\":\"Pr\u00e9miumK\u00e9sz\u00fcl\u00e9k\"},\"image\":{\"@id\":\"https:\\\/\\\/premiumkeszulek.hu\\\/hu\\\/#\\\/schema\\\/logo\\\/image\\\/\"},\"sameAs\":[\"https:\\\/\\\/www.facebook.com\\\/konyhaluxnet\",\"https:\\\/\\\/www.instagram.com\\\/konyhaluxnet\\\/#\"],\"email\":\"info@premiumkeszulek.hu\",\"telephone\":\"36 1 \\\/ 226-1992\",\"legalName\":\"HPH Special Kft\",\"vatID\":\"HU12549502\",\"taxID\":\"12549502\",\"hasMerchantReturnPolicy\":{\"@type\":\"MerchantReturnPolicy\",\"merchantReturnLink\":\"https:\\\/\\\/premiumkeszulek.hu\\\/hu\\\/altalanos-szerzodesi-es-felhasznalasi-feltetelek\\\/\"}}]}<\/script>\n<meta property=\"product:brand\" content=\"Bosch\" \/>\n<meta property=\"product:price:amount\" content=\"239900\" \/>\n<meta property=\"product:price:currency\" content=\"HUF\" \/>\n<meta property=\"og:availability\" content=\"backorder\" \/>\n<meta property=\"product:availability\" content=\"available for order\" \/>\n<meta property=\"product:retailer_item_id\" content=\"4242004287933\" \/>\n<meta property=\"product:condition\" content=\"new\" \/>\n<!-- \/ Yoast SEO Premium plugin. -->","yoast_head_json":{"title":"Neff D67XDP2S0 be\u00e9p\u00edthet\u0151 p\u00e1raelsz\u00edv\u00f3 Home Connect fekete \u00fcveg 60cm Line - Pr\u00e9miumK\u00e9sz\u00fcl\u00e9k","description":"A Neff D67XDP2S0 be\u00e9p\u00edthet\u0151 p\u00e1raelsz\u00edv\u00f3val a f\u0151z\u00e9s gyerekmunka lesz! A T-alak\u00fa tervez\u00e9s extra t\u00e1rol\u00f3helyet biztos\u00edt, ak\u00e1r 10 kg-ig. \ud83e\udd58","robots":{"index":"index","follow":"follow","max-snippet":"max-snippet:-1","max-image-preview":"max-image-preview:large","max-video-preview":"max-video-preview:-1"},"canonical":"https:\/\/premiumkeszulek.hu\/hu\/termek\/neff-d67xdp2s0-beepitheto-paraelszivo-home-connect-fekete-uveg-60cm-line\/","og_locale":"hu_HU","og_type":"article","og_title":"Neff D67XDP2S0 be\u00e9p\u00edthet\u0151 p\u00e1raelsz\u00edv\u00f3 Home Connect fekete \u00fcveg 60cm Line","og_description":"A Neff D67XDP2S0 be\u00e9p\u00edthet\u0151 p\u00e1raelsz\u00edv\u00f3val a f\u0151z\u00e9s gyerekmunka lesz! A T-alak\u00fa tervez\u00e9s extra t\u00e1rol\u00f3helyet biztos\u00edt, ak\u00e1r 10 kg-ig. \ud83e\udd58","og_url":"https:\/\/premiumkeszulek.hu\/hu\/termek\/neff-d67xdp2s0-beepitheto-paraelszivo-home-connect-fekete-uveg-60cm-line\/","og_site_name":"Pr\u00e9miumK\u00e9sz\u00fcl\u00e9k","article_publisher":"https:\/\/www.facebook.com\/konyhaluxnet","article_modified_time":"2026-04-23T09:55:29+00:00","og_image":[{"width":800,"height":800,"url":"https:\/\/i0.wp.com\/premiumkeszulek.hu\/wp-content\/uploads\/2026\/03\/D67XDP2S0-111.jpg?fit=800%2C800&ssl=1","type":"image\/jpeg"}],"twitter_card":"summary_large_image","twitter_misc":{"\u00c1r":"239.900&#70;&#116;","El\u00e9rhet\u0151s\u00e9g":"Beszerz\u00e9s alatt"},"schema":{"@context":"https:\/\/schema.org","@graph":[{"@type":"WebPage","@id":"https:\/\/premiumkeszulek.hu\/hu\/termek\/neff-d67xdp2s0-beepitheto-paraelszivo-home-connect-fekete-uveg-60cm-line\/","url":"https:\/\/premiumkeszulek.hu\/hu\/termek\/neff-d67xdp2s0-beepitheto-paraelszivo-home-connect-fekete-uveg-60cm-line\/","name":"Neff D67XDP2S0 be\u00e9p\u00edthet\u0151 p\u00e1raelsz\u00edv\u00f3 Home Connect fekete \u00fcveg 60cm Line - Pr\u00e9miumK\u00e9sz\u00fcl\u00e9k","isPartOf":{"@id":"https:\/\/premiumkeszulek.hu\/hu\/#website"},"primaryImageOfPage":{"@id":"https:\/\/premiumkeszulek.hu\/hu\/termek\/neff-d67xdp2s0-beepitheto-paraelszivo-home-connect-fekete-uveg-60cm-line\/#primaryimage"},"image":{"@id":"https:\/\/premiumkeszulek.hu\/hu\/termek\/neff-d67xdp2s0-beepitheto-paraelszivo-home-connect-fekete-uveg-60cm-line\/#primaryimage"},"thumbnailUrl":"https:\/\/i0.wp.com\/premiumkeszulek.hu\/wp-content\/uploads\/2026\/03\/D67XDP2S0-111.jpg?fit=800%2C800&ssl=1","datePublished":"2026-03-03T20:06:14+00:00","dateModified":"2026-04-23T09:55:29+00:00","description":"A Neff D67XDP2S0 be\u00e9p\u00edthet\u0151 p\u00e1raelsz\u00edv\u00f3val a f\u0151z\u00e9s gyerekmunka lesz! A T-alak\u00fa tervez\u00e9s extra t\u00e1rol\u00f3helyet biztos\u00edt, ak\u00e1r 10 kg-ig. \ud83e\udd58","breadcrumb":{"@id":"https:\/\/premiumkeszulek.hu\/hu\/termek\/neff-d67xdp2s0-beepitheto-paraelszivo-home-connect-fekete-uveg-60cm-line\/#breadcrumb"},"inLanguage":"hu","potentialAction":[{"@type":"ReadAction","target":["https:\/\/premiumkeszulek.hu\/hu\/termek\/neff-d67xdp2s0-beepitheto-paraelszivo-home-connect-fekete-uveg-60cm-line\/"]}]},{"@type":"ImageObject","inLanguage":"hu","@id":"https:\/\/premiumkeszulek.hu\/hu\/termek\/neff-d67xdp2s0-beepitheto-paraelszivo-home-connect-fekete-uveg-60cm-line\/#primaryimage","url":"https:\/\/i0.wp.com\/premiumkeszulek.hu\/wp-content\/uploads\/2026\/03\/D67XDP2S0-111.jpg?fit=800%2C800&ssl=1","contentUrl":"https:\/\/i0.wp.com\/premiumkeszulek.hu\/wp-content\/uploads\/2026\/03\/D67XDP2S0-111.jpg?fit=800%2C800&ssl=1","width":800,"height":800},{"@type":"BreadcrumbList","@id":"https:\/\/premiumkeszulek.hu\/hu\/termek\/neff-d67xdp2s0-beepitheto-paraelszivo-home-connect-fekete-uveg-60cm-line\/#breadcrumb","itemListElement":[{"@type":"ListItem","position":1,"name":"Home","item":"https:\/\/premiumkeszulek.hu\/hu\/"},{"@type":"ListItem","position":2,"name":"Shop","item":"https:\/\/premiumkeszulek.hu\/hu\/shop\/"},{"@type":"ListItem","position":3,"name":"Neff D67XDP2S0 be\u00e9p\u00edthet\u0151 p\u00e1raelsz\u00edv\u00f3 Home Connect fekete \u00fcveg 60cm Line"}]},{"@type":"WebSite","@id":"https:\/\/premiumkeszulek.hu\/hu\/#website","url":"https:\/\/premiumkeszulek.hu\/hu\/","name":"Pr\u00e9miumK\u00e9sz\u00fcl\u00e9k","description":"","publisher":{"@id":"https:\/\/premiumkeszulek.hu\/hu\/#organization"},"potentialAction":[{"@type":"SearchAction","target":{"@type":"EntryPoint","urlTemplate":"https:\/\/premiumkeszulek.hu\/hu\/?s={search_term_string}"},"query-input":{"@type":"PropertyValueSpecification","valueRequired":true,"valueName":"search_term_string"}}],"inLanguage":"hu"},{"@type":"Organization","@id":"https:\/\/premiumkeszulek.hu\/hu\/#organization","name":"Pr\u00e9miumK\u00e9sz\u00fcl\u00e9k","alternateName":"HPH Special Kft","url":"https:\/\/premiumkeszulek.hu\/hu\/","logo":{"@type":"ImageObject","inLanguage":"hu","@id":"https:\/\/premiumkeszulek.hu\/hu\/#\/schema\/logo\/image\/","url":"http:\/\/premiumkeszulek.hu\/wp-content\/uploads\/2025\/03\/TURKIZLOGO-kicsi.png","contentUrl":"http:\/\/premiumkeszulek.hu\/wp-content\/uploads\/2025\/03\/TURKIZLOGO-kicsi.png","width":1600,"height":547,"caption":"Pr\u00e9miumK\u00e9sz\u00fcl\u00e9k"},"image":{"@id":"https:\/\/premiumkeszulek.hu\/hu\/#\/schema\/logo\/image\/"},"sameAs":["https:\/\/www.facebook.com\/konyhaluxnet","https:\/\/www.instagram.com\/konyhaluxnet\/#"],"email":"info@premiumkeszulek.hu","telephone":"36 1 \/ 226-1992","legalName":"HPH Special Kft","vatID":"HU12549502","taxID":"12549502","hasMerchantReturnPolicy":{"@type":"MerchantReturnPolicy","merchantReturnLink":"https:\/\/premiumkeszulek.hu\/hu\/altalanos-szerzodesi-es-felhasznalasi-feltetelek\/"}}]},"product_brand":"Bosch","product_price_amount":"239900","product_price_currency":"HUF","og_availability":"backorder","product_availability":"available for order","product_retailer_item_id":"4242004287933","product_condition":"new"},"jetpack_publicize_connections":[],"jetpack_likes_enabled":true,"jetpack_sharing_enabled":true,"jetpack-related-posts":[],"_links":{"self":[{"href":"https:\/\/premiumkeszulek.hu\/hu\/wp-json\/wp\/v2\/product\/78197","targetHints":{"allow":["GET"]}}],"collection":[{"href":"https:\/\/premiumkeszulek.hu\/hu\/wp-json\/wp\/v2\/product"}],"about":[{"href":"https:\/\/premiumkeszulek.hu\/hu\/wp-json\/wp\/v2\/types\/product"}],"replies":[{"embeddable":true,"href":"https:\/\/premiumkeszulek.hu\/hu\/wp-json\/wp\/v2\/comments?post=78197"}],"wp:featuredmedia":[{"embeddable":true,"href":"https:\/\/premiumkeszulek.hu\/hu\/wp-json\/wp\/v2\/media\/78196"}],"wp:attachment":[{"href":"https:\/\/premiumkeszulek.hu\/hu\/wp-json\/wp\/v2\/media?parent=78197"}],"wp:term":[{"taxonomy":"product_brand","embeddable":true,"href":"https:\/\/premiumkeszulek.hu\/hu\/wp-json\/wp\/v2\/product_brand?post=78197"},{"taxonomy":"product_cat","embeddable":true,"href":"https:\/\/premiumkeszulek.hu\/hu\/wp-json\/wp\/v2\/product_cat?post=78197"},{"taxonomy":"product_tag","embeddable":true,"href":"https:\/\/premiumkeszulek.hu\/hu\/wp-json\/wp\/v2\/product_tag?post=78197"},{"taxonomy":"woo-feed-brand","embeddable":true,"href":"https:\/\/premiumkeszulek.hu\/hu\/wp-json\/wp\/v2\/woo-feed-brand?post=78197"}],"curies":[{"name":"wp","href":"https:\/\/api.w.org\/{rel}","templated":true}]}}