{"id":75830,"date":"2026-02-26T13:00:26","date_gmt":"2026-02-26T12:00:26","guid":{"rendered":"https:\/\/premiumkeszulek.hu\/product\/bosch-hbg539eb3-beepitheto-suto-fekete-ecoclean-hatfal-airfry-tft-kijelzo-serie6\/"},"modified":"2026-04-01T19:47:45","modified_gmt":"2026-04-01T17:47:45","slug":"bosch-hbg539eb3-beepitheto-suto-fekete-ecoclean-hatfal-airfry-tft-kijelzo-serie6","status":"publish","type":"product","link":"https:\/\/premiumkeszulek.hu\/hu\/termek\/bosch-hbg539eb3-beepitheto-suto-fekete-ecoclean-hatfal-airfry-tft-kijelzo-serie6\/","title":{"rendered":"Bosch HBG539EB3 be\u00e9p\u00edthet\u0151 s\u00fct\u0151 fekete EcoClean h\u00e1tfal AirFry TFT kijelz\u0151 Serie6"},"content":{"rendered":"<div class=\"loadbeeTabContent\" data-loadbee-apikey=\"bVxDWaSdseFz5PWWtvKmAkGr88n6WXYY\" data-loadbee-gtin=\"4242005465019\" data-loadbee-locale=\"hu_HU\">\u00a0\n<\/div>\n<p><script async src=\"https:\/\/cdn.loadbee.com\/js\/loadbee_integration.js\"><\/script><script type=\"text\/javascript\"\nsrc=\"https:\/\/tracking.channelsight.com\/api\/tracking\/v2\/Init\">\n<\/script><\/p>","protected":false},"excerpt":{"rendered":"<p>\u00d6n\u00e1ll\u00f3an be\u00e9p\u00edthet\u0151 s\u00fct\u0151 - Serie6 - fekete - 71 l s\u00fct\u0151t\u00e9r - 13 funkci\u00f3 - 3D h\u0151l\u00e9gbef\u00fav\u00e1s - Energiaoszt\u00e1ly: A+ - EcoClean h\u00e1tfal - AirFry s\u00fct\u00e9si m\u00f3d (AirFry tepsi tartoz\u00e9k) - AutoPilot40 - 1-szint\u0171 teleszk\u00f3pos s\u00fct\u0151s\u00edn - TFT kijelz\u0151 \u00e9rint\u0151gombokkal - Elektronikus \u00f3ra - Gyerekz\u00e1r - Automatikus gyorsf\u0171t\u00e9s - S\u00fcllyeszthet\u0151 gombok - SoftClose ajt\u00f3z\u00e1r<\/p>","protected":false},"featured_media":75829,"comment_status":"closed","ping_status":"closed","template":"","meta":{"_crdt_document":"","content-type":"","jetpack_post_was_ever_published":false,"jetpack_publicize_message":"","jetpack_publicize_feature_enabled":true,"jetpack_social_post_already_shared":true,"jetpack_social_options":{"image_generator_settings":{"template":"highway","default_image_id":0,"font":"","enabled":false},"version":2},"_wpas_customize_per_network":false},"product_brand":[9058],"product_cat":[1389,1527],"product_tag":[],"woo-feed-brand":[],"class_list":{"0":"post-75830","1":"product","2":"type-product","3":"status-publish","4":"has-post-thumbnail","6":"product_brand-bosch","7":"product_cat-beepithetosutok","8":"product_cat-sutok-es-fozolapok","9":"product_shipping_class-100000felett","11":"first","12":"onbackorder","13":"taxable","14":"shipping-taxable","15":"purchasable","16":"product-type-simple"},"yoast_head":"<!-- This site is optimized with the Yoast SEO Premium plugin v26.9 (Yoast SEO v26.9) - https:\/\/yoast.com\/product\/yoast-seo-premium-wordpress\/ -->\n<title>Bosch HBG539EB3 be\u00e9p\u00edthet\u0151 s\u00fct\u0151 fekete EcoClean h\u00e1tfal AirFry TFT kijelz\u0151 Serie6 - Pr\u00e9miumK\u00e9sz\u00fcl\u00e9k<\/title>\n<meta name=\"robots\" content=\"index, follow, max-snippet:-1, max-image-preview:large, max-video-preview:-1\" \/>\n<link rel=\"canonical\" href=\"https:\/\/premiumkeszulek.hu\/hu\/termek\/bosch-hbg539eb3-beepitheto-suto-fekete-ecoclean-hatfal-airfry-tft-kijelzo-serie6\/\" \/>\n<meta property=\"og:locale\" content=\"hu_HU\" \/>\n<meta property=\"og:type\" content=\"article\" \/>\n<meta property=\"og:title\" content=\"Bosch HBG539EB3 be\u00e9p\u00edthet\u0151 s\u00fct\u0151 fekete EcoClean h\u00e1tfal AirFry TFT kijelz\u0151 Serie6\" \/>\n<meta property=\"og:description\" content=\"\u00d6n\u00e1ll\u00f3an be\u00e9p\u00edthet\u0151 s\u00fct\u0151 - Serie6 - fekete - 71 l s\u00fct\u0151t\u00e9r - 13 funkci\u00f3 - 3D h\u0151l\u00e9gbef\u00fav\u00e1s - Energiaoszt\u00e1ly: A+ - EcoClean h\u00e1tfal - AirFry s\u00fct\u00e9si m\u00f3d (AirFry tepsi tartoz\u00e9k) - AutoPilot40 - 1-szint\u0171 teleszk\u00f3pos s\u00fct\u0151s\u00edn - TFT kijelz\u0151 \u00e9rint\u0151gombokkal - Elektronikus \u00f3ra - Gyerekz\u00e1r - Automatikus gyorsfelf\u0171t\u00e9s - S\u00fcllyeszthet\u0151 gombok - SoftClose ajt\u00f3\" \/>\n<meta property=\"og:url\" content=\"https:\/\/premiumkeszulek.hu\/hu\/termek\/bosch-hbg539eb3-beepitheto-suto-fekete-ecoclean-hatfal-airfry-tft-kijelzo-serie6\/\" \/>\n<meta property=\"og:site_name\" content=\"Pr\u00e9miumK\u00e9sz\u00fcl\u00e9k\" \/>\n<meta property=\"article:publisher\" content=\"https:\/\/www.facebook.com\/konyhaluxnet\" \/>\n<meta property=\"article:modified_time\" content=\"2026-04-01T17:47:45+00:00\" \/>\n<meta property=\"og:image\" content=\"https:\/\/i0.wp.com\/premiumkeszulek.hu\/wp-content\/uploads\/2026\/02\/HBG539.png?fit=800%2C800&ssl=1\" \/>\n\t<meta property=\"og:image:width\" content=\"800\" \/>\n\t<meta property=\"og:image:height\" content=\"800\" \/>\n\t<meta property=\"og:image:type\" content=\"image\/png\" \/>\n<meta name=\"twitter:card\" content=\"summary_large_image\" \/>\n<meta name=\"twitter:label1\" content=\"\u00c1r\" \/>\n\t<meta name=\"twitter:data1\" content=\"217.900&#070;&#116;\" \/>\n\t<meta name=\"twitter:label2\" content=\"El\u00e9rhet\u0151s\u00e9g\" \/>\n\t<meta name=\"twitter:data2\" content=\"Beszerz\u00e9s alatt\" \/>\n<script type=\"application\/ld+json\" class=\"yoast-schema-graph\">{\"@context\":\"https:\/\/schema.org\",\"@graph\":[{\"@type\":\"WebPage\",\"@id\":\"https:\/\/premiumkeszulek.hu\/hu\/termek\/bosch-hbg539eb3-beepitheto-suto-fekete-ecoclean-hatfal-airfry-tft-kijelzo-serie6\/\",\"url\":\"https:\/\/premiumkeszulek.hu\/hu\/termek\/bosch-hbg539eb3-beepitheto-suto-fekete-ecoclean-hatfal-airfry-tft-kijelzo-serie6\/\",\"name\":\"Bosch HBG539EB3 be\u00e9p\u00edthet\u0151 s\u00fct\u0151 fekete EcoClean h\u00e1tfal AirFry TFT kijelz\u0151 Serie6 - Pr\u00e9miumK\u00e9sz\u00fcl\u00e9k\",\"isPartOf\":{\"@id\":\"https:\/\/premiumkeszulek.hu\/en\/#website\"},\"primaryImageOfPage\":{\"@id\":\"https:\/\/premiumkeszulek.hu\/hu\/termek\/bosch-hbg539eb3-beepitheto-suto-fekete-ecoclean-hatfal-airfry-tft-kijelzo-serie6\/#primaryimage\"},\"image\":{\"@id\":\"https:\/\/premiumkeszulek.hu\/hu\/termek\/bosch-hbg539eb3-beepitheto-suto-fekete-ecoclean-hatfal-airfry-tft-kijelzo-serie6\/#primaryimage\"},\"thumbnailUrl\":\"https:\/\/i0.wp.com\/premiumkeszulek.hu\/wp-content\/uploads\/2026\/02\/HBG539.png?fit=800%2C800&ssl=1\",\"datePublished\":\"2026-02-26T12:00:26+00:00\",\"dateModified\":\"2026-04-01T17:47:45+00:00\",\"breadcrumb\":{\"@id\":\"https:\/\/premiumkeszulek.hu\/hu\/termek\/bosch-hbg539eb3-beepitheto-suto-fekete-ecoclean-hatfal-airfry-tft-kijelzo-serie6\/#breadcrumb\"},\"inLanguage\":\"hu\",\"potentialAction\":[{\"@type\":\"ReadAction\",\"target\":[\"https:\/\/premiumkeszulek.hu\/hu\/termek\/bosch-hbg539eb3-beepitheto-suto-fekete-ecoclean-hatfal-airfry-tft-kijelzo-serie6\/\"]}]},{\"@type\":\"ImageObject\",\"inLanguage\":\"hu\",\"@id\":\"https:\/\/premiumkeszulek.hu\/hu\/termek\/bosch-hbg539eb3-beepitheto-suto-fekete-ecoclean-hatfal-airfry-tft-kijelzo-serie6\/#primaryimage\",\"url\":\"https:\/\/i0.wp.com\/premiumkeszulek.hu\/wp-content\/uploads\/2026\/02\/HBG539.png?fit=800%2C800&ssl=1\",\"contentUrl\":\"https:\/\/i0.wp.com\/premiumkeszulek.hu\/wp-content\/uploads\/2026\/02\/HBG539.png?fit=800%2C800&ssl=1\",\"width\":800,\"height\":800},{\"@type\":\"BreadcrumbList\",\"@id\":\"https:\/\/premiumkeszulek.hu\/hu\/termek\/bosch-hbg539eb3-beepitheto-suto-fekete-ecoclean-hatfal-airfry-tft-kijelzo-serie6\/#breadcrumb\",\"itemListElement\":[{\"@type\":\"ListItem\",\"position\":1,\"name\":\"Home\",\"item\":\"https:\/\/premiumkeszulek.hu\/en\/\"},{\"@type\":\"ListItem\",\"position\":2,\"name\":\"Shop\",\"item\":\"https:\/\/premiumkeszulek.hu\/en\/shop\/\"},{\"@type\":\"ListItem\",\"position\":3,\"name\":\"Bosch HBG539EB3 be\u00e9p\u00edthet\u0151 s\u00fct\u0151 fekete EcoClean h\u00e1tfal AirFry TFT kijelz\u0151 Serie6\"}]},{\"@type\":\"WebSite\",\"@id\":\"https:\/\/premiumkeszulek.hu\/en\/#website\",\"url\":\"https:\/\/premiumkeszulek.hu\/en\/\",\"name\":\"Pr\u00e9miumK\u00e9sz\u00fcl\u00e9k\",\"description\":\"\",\"publisher\":{\"@id\":\"https:\/\/premiumkeszulek.hu\/en\/#organization\"},\"potentialAction\":[{\"@type\":\"SearchAction\",\"target\":{\"@type\":\"EntryPoint\",\"urlTemplate\":\"https:\/\/premiumkeszulek.hu\/en\/?s={search_term_string}\"},\"query-input\":{\"@type\":\"PropertyValueSpecification\",\"valueRequired\":true,\"valueName\":\"search_term_string\"}}],\"inLanguage\":\"hu\"},{\"@type\":\"Organization\",\"@id\":\"https:\/\/premiumkeszulek.hu\/en\/#organization\",\"name\":\"Pr\u00e9miumK\u00e9sz\u00fcl\u00e9k\",\"alternateName\":\"HPH Special Kft\",\"url\":\"https:\/\/premiumkeszulek.hu\/en\/\",\"logo\":{\"@type\":\"ImageObject\",\"inLanguage\":\"hu\",\"@id\":\"https:\/\/premiumkeszulek.hu\/en\/#\/schema\/logo\/image\/\",\"url\":\"http:\/\/premiumkeszulek.hu\/wp-content\/uploads\/2025\/03\/TURKIZLOGO-kicsi.png\",\"contentUrl\":\"http:\/\/premiumkeszulek.hu\/wp-content\/uploads\/2025\/03\/TURKIZLOGO-kicsi.png\",\"width\":1600,\"height\":547,\"caption\":\"Pr\u00e9miumK\u00e9sz\u00fcl\u00e9k\"},\"image\":{\"@id\":\"https:\/\/premiumkeszulek.hu\/en\/#\/schema\/logo\/image\/\"},\"sameAs\":[\"https:\/\/www.facebook.com\/konyhaluxnet\",\"https:\/\/www.instagram.com\/konyhaluxnet\/#\"],\"email\":\"info@premiumkeszulek.hu\",\"telephone\":\"36 1 \/ 226-1992\",\"legalName\":\"HPH Special Kft\",\"vatID\":\"HU12549502\",\"taxID\":\"12549502\",\"hasMerchantReturnPolicy\":{\"@type\":\"MerchantReturnPolicy\",\"merchantReturnLink\":\"https:\/\/premiumkeszulek.hu\/hu\/altalanos-szerzodesi-es-felhasznalasi-feltetelek\/\"}}]}<\/script>\n<meta property=\"product:brand\" content=\"Bosch\" \/>\n<meta property=\"product:price:amount\" content=\"217900\" \/>\n<meta property=\"product:price:currency\" content=\"HUF\" \/>\n<meta property=\"og:availability\" content=\"backorder\" \/>\n<meta property=\"product:availability\" content=\"available for order\" \/>\n<meta property=\"product:retailer_item_id\" content=\"4242005465019\" \/>\n<meta property=\"product:condition\" content=\"new\" \/>\n<!-- \/ Yoast SEO Premium plugin. -->","yoast_head_json":{"title":"Bosch HBG539EB3 be\u00e9p\u00edthet\u0151 s\u00fct\u0151 fekete EcoClean h\u00e1tfal AirFry TFT kijelz\u0151 Serie6 - Pr\u00e9miumK\u00e9sz\u00fcl\u00e9k","robots":{"index":"index","follow":"follow","max-snippet":"max-snippet:-1","max-image-preview":"max-image-preview:large","max-video-preview":"max-video-preview:-1"},"canonical":"https:\/\/premiumkeszulek.hu\/hu\/termek\/bosch-hbg539eb3-beepitheto-suto-fekete-ecoclean-hatfal-airfry-tft-kijelzo-serie6\/","og_locale":"hu_HU","og_type":"article","og_title":"Bosch HBG539EB3 be\u00e9p\u00edthet\u0151 s\u00fct\u0151 fekete EcoClean h\u00e1tfal AirFry TFT kijelz\u0151 Serie6","og_description":"\u00d6n\u00e1ll\u00f3an be\u00e9p\u00edthet\u0151 s\u00fct\u0151 - Serie6 - fekete - 71 l s\u00fct\u0151t\u00e9r - 13 funkci\u00f3 - 3D h\u0151l\u00e9gbef\u00fav\u00e1s - Energiaoszt\u00e1ly: A+ - EcoClean h\u00e1tfal - AirFry s\u00fct\u00e9si m\u00f3d (AirFry tepsi tartoz\u00e9k) - AutoPilot40 - 1-szint\u0171 teleszk\u00f3pos s\u00fct\u0151s\u00edn - TFT kijelz\u0151 \u00e9rint\u0151gombokkal - Elektronikus \u00f3ra - Gyerekz\u00e1r - Automatikus gyorsfelf\u0171t\u00e9s - S\u00fcllyeszthet\u0151 gombok - SoftClose ajt\u00f3","og_url":"https:\/\/premiumkeszulek.hu\/hu\/termek\/bosch-hbg539eb3-beepitheto-suto-fekete-ecoclean-hatfal-airfry-tft-kijelzo-serie6\/","og_site_name":"Pr\u00e9miumK\u00e9sz\u00fcl\u00e9k","article_publisher":"https:\/\/www.facebook.com\/konyhaluxnet","article_modified_time":"2026-04-01T17:47:45+00:00","og_image":[{"width":800,"height":800,"url":"https:\/\/i0.wp.com\/premiumkeszulek.hu\/wp-content\/uploads\/2026\/02\/HBG539.png?fit=800%2C800&ssl=1","type":"image\/png"}],"twitter_card":"summary_large_image","twitter_misc":{"\u00c1r":"217.900&#70;&#116;","El\u00e9rhet\u0151s\u00e9g":"Beszerz\u00e9s alatt"},"schema":{"@context":"https:\/\/schema.org","@graph":[{"@type":"WebPage","@id":"https:\/\/premiumkeszulek.hu\/hu\/termek\/bosch-hbg539eb3-beepitheto-suto-fekete-ecoclean-hatfal-airfry-tft-kijelzo-serie6\/","url":"https:\/\/premiumkeszulek.hu\/hu\/termek\/bosch-hbg539eb3-beepitheto-suto-fekete-ecoclean-hatfal-airfry-tft-kijelzo-serie6\/","name":"Bosch HBG539EB3 be\u00e9p\u00edthet\u0151 s\u00fct\u0151 fekete EcoClean h\u00e1tfal AirFry TFT kijelz\u0151 Serie6 - Pr\u00e9miumK\u00e9sz\u00fcl\u00e9k","isPartOf":{"@id":"https:\/\/premiumkeszulek.hu\/en\/#website"},"primaryImageOfPage":{"@id":"https:\/\/premiumkeszulek.hu\/hu\/termek\/bosch-hbg539eb3-beepitheto-suto-fekete-ecoclean-hatfal-airfry-tft-kijelzo-serie6\/#primaryimage"},"image":{"@id":"https:\/\/premiumkeszulek.hu\/hu\/termek\/bosch-hbg539eb3-beepitheto-suto-fekete-ecoclean-hatfal-airfry-tft-kijelzo-serie6\/#primaryimage"},"thumbnailUrl":"https:\/\/i0.wp.com\/premiumkeszulek.hu\/wp-content\/uploads\/2026\/02\/HBG539.png?fit=800%2C800&ssl=1","datePublished":"2026-02-26T12:00:26+00:00","dateModified":"2026-04-01T17:47:45+00:00","breadcrumb":{"@id":"https:\/\/premiumkeszulek.hu\/hu\/termek\/bosch-hbg539eb3-beepitheto-suto-fekete-ecoclean-hatfal-airfry-tft-kijelzo-serie6\/#breadcrumb"},"inLanguage":"hu","potentialAction":[{"@type":"ReadAction","target":["https:\/\/premiumkeszulek.hu\/hu\/termek\/bosch-hbg539eb3-beepitheto-suto-fekete-ecoclean-hatfal-airfry-tft-kijelzo-serie6\/"]}]},{"@type":"ImageObject","inLanguage":"hu","@id":"https:\/\/premiumkeszulek.hu\/hu\/termek\/bosch-hbg539eb3-beepitheto-suto-fekete-ecoclean-hatfal-airfry-tft-kijelzo-serie6\/#primaryimage","url":"https:\/\/i0.wp.com\/premiumkeszulek.hu\/wp-content\/uploads\/2026\/02\/HBG539.png?fit=800%2C800&ssl=1","contentUrl":"https:\/\/i0.wp.com\/premiumkeszulek.hu\/wp-content\/uploads\/2026\/02\/HBG539.png?fit=800%2C800&ssl=1","width":800,"height":800},{"@type":"BreadcrumbList","@id":"https:\/\/premiumkeszulek.hu\/hu\/termek\/bosch-hbg539eb3-beepitheto-suto-fekete-ecoclean-hatfal-airfry-tft-kijelzo-serie6\/#breadcrumb","itemListElement":[{"@type":"ListItem","position":1,"name":"Home","item":"https:\/\/premiumkeszulek.hu\/en\/"},{"@type":"ListItem","position":2,"name":"Shop","item":"https:\/\/premiumkeszulek.hu\/en\/shop\/"},{"@type":"ListItem","position":3,"name":"Bosch HBG539EB3 be\u00e9p\u00edthet\u0151 s\u00fct\u0151 fekete EcoClean h\u00e1tfal AirFry TFT kijelz\u0151 Serie6"}]},{"@type":"WebSite","@id":"https:\/\/premiumkeszulek.hu\/en\/#website","url":"https:\/\/premiumkeszulek.hu\/en\/","name":"Pr\u00e9miumK\u00e9sz\u00fcl\u00e9k","description":"","publisher":{"@id":"https:\/\/premiumkeszulek.hu\/en\/#organization"},"potentialAction":[{"@type":"SearchAction","target":{"@type":"EntryPoint","urlTemplate":"https:\/\/premiumkeszulek.hu\/en\/?s={search_term_string}"},"query-input":{"@type":"PropertyValueSpecification","valueRequired":true,"valueName":"search_term_string"}}],"inLanguage":"hu"},{"@type":"Organization","@id":"https:\/\/premiumkeszulek.hu\/en\/#organization","name":"Pr\u00e9miumK\u00e9sz\u00fcl\u00e9k","alternateName":"HPH Special Kft","url":"https:\/\/premiumkeszulek.hu\/en\/","logo":{"@type":"ImageObject","inLanguage":"hu","@id":"https:\/\/premiumkeszulek.hu\/en\/#\/schema\/logo\/image\/","url":"http:\/\/premiumkeszulek.hu\/wp-content\/uploads\/2025\/03\/TURKIZLOGO-kicsi.png","contentUrl":"http:\/\/premiumkeszulek.hu\/wp-content\/uploads\/2025\/03\/TURKIZLOGO-kicsi.png","width":1600,"height":547,"caption":"Pr\u00e9miumK\u00e9sz\u00fcl\u00e9k"},"image":{"@id":"https:\/\/premiumkeszulek.hu\/en\/#\/schema\/logo\/image\/"},"sameAs":["https:\/\/www.facebook.com\/konyhaluxnet","https:\/\/www.instagram.com\/konyhaluxnet\/#"],"email":"info@premiumkeszulek.hu","telephone":"36 1 \/ 226-1992","legalName":"HPH Special Kft","vatID":"HU12549502","taxID":"12549502","hasMerchantReturnPolicy":{"@type":"MerchantReturnPolicy","merchantReturnLink":"https:\/\/premiumkeszulek.hu\/hu\/altalanos-szerzodesi-es-felhasznalasi-feltetelek\/"}}]},"product_brand":"Bosch","product_price_amount":"217900","product_price_currency":"HUF","og_availability":"backorder","product_availability":"available for order","product_retailer_item_id":"4242005465019","product_condition":"new"},"jetpack_publicize_connections":[],"jetpack_likes_enabled":true,"jetpack_sharing_enabled":true,"jetpack-related-posts":[],"_links":{"self":[{"href":"https:\/\/premiumkeszulek.hu\/hu\/wp-json\/wp\/v2\/product\/75830","targetHints":{"allow":["GET"]}}],"collection":[{"href":"https:\/\/premiumkeszulek.hu\/hu\/wp-json\/wp\/v2\/product"}],"about":[{"href":"https:\/\/premiumkeszulek.hu\/hu\/wp-json\/wp\/v2\/types\/product"}],"replies":[{"embeddable":true,"href":"https:\/\/premiumkeszulek.hu\/hu\/wp-json\/wp\/v2\/comments?post=75830"}],"wp:featuredmedia":[{"embeddable":true,"href":"https:\/\/premiumkeszulek.hu\/hu\/wp-json\/wp\/v2\/media\/75829"}],"wp:attachment":[{"href":"https:\/\/premiumkeszulek.hu\/hu\/wp-json\/wp\/v2\/media?parent=75830"}],"wp:term":[{"taxonomy":"product_brand","embeddable":true,"href":"https:\/\/premiumkeszulek.hu\/hu\/wp-json\/wp\/v2\/product_brand?post=75830"},{"taxonomy":"product_cat","embeddable":true,"href":"https:\/\/premiumkeszulek.hu\/hu\/wp-json\/wp\/v2\/product_cat?post=75830"},{"taxonomy":"product_tag","embeddable":true,"href":"https:\/\/premiumkeszulek.hu\/hu\/wp-json\/wp\/v2\/product_tag?post=75830"},{"taxonomy":"woo-feed-brand","embeddable":true,"href":"https:\/\/premiumkeszulek.hu\/hu\/wp-json\/wp\/v2\/woo-feed-brand?post=75830"}],"curies":[{"name":"wp","href":"https:\/\/api.w.org\/{rel}","templated":true}]}}