{"id":7262,"date":"2025-02-12T21:01:47","date_gmt":"2025-02-12T20:01:47","guid":{"rendered":"https:\/\/premiumkeszulek.hu\/product\/smeg-bg91ix2-classica-elektromos-tuzhely-indukcios-lappal-inox-90cm\/"},"modified":"2026-04-02T18:39:30","modified_gmt":"2026-04-02T16:39:30","slug":"smeg-bg91ix2-classica-elektromos-tuzhely-indukcios-lappal-inox-90cm","status":"publish","type":"product","link":"https:\/\/premiumkeszulek.hu\/hu\/termek\/smeg-bg91ix2-classica-elektromos-tuzhely-indukcios-lappal-inox-90cm\/","title":{"rendered":"Smeg BG91IX2 Classica elektromos t\u0171zhely indukci\u00f3s lappal inox 90cm"},"content":{"rendered":"<p><img data-recalc-dims=\"1\" decoding=\"async\" alt=\"\" src=\"https:\/\/i0.wp.com\/konyhaluxnet.hu\/custom\/konyhalux\/image\/cache\/w0h0q80np1\/product\/SMEG\/2024tuzhelyek\/BG91IX2-333.jpg?ssl=1\" style=\"width: 100%; height: 100%;\" \/> 90 x 60 cm<br \/>\n\t- 7 vez\u00e9rl\u0151gomb<br \/>\n\tF\u0150Z\u0150LAP:<br \/>\n\t- 5 booster indukci\u00f3s z\u00f3na<br \/>\n\t- 9 teljes\u00edtm\u00e9ny szint<br \/>\n\t- ed\u00e9nyfelismer\u00e9s<br \/>\n\t- t\u00falmeleged\u00e9s elleni v\u00e9delem<br \/>\n\tS\u00dcT\u0150:<br \/>\n\t- 8 s\u00fct\u00e9si funkci\u00f3<br \/>\n\t- g\u0151ztiszt\u00edt\u00e1s<br \/>\n\t- 3 r\u00e9teg\u0171 \u00fcvegajt\u00f3<br \/>\n\t- 115 l s\u00fct\u0151t\u00e9r \u0171rtartalom<br \/>\n\t- tartoz\u00e9kok: 1 db tepsi<\/p>\n<p>Elektromos csatlakoz\u00e1s<br \/>\n\tElektromos csatlakoz\u00e1s n\u00e9vleges \u00e9rt\u00e9ke: 10600 W<br \/>\n\tJelenlegi: 46 A<br \/>\n\tFesz\u00fclts\u00e9g: 220-240 V<br \/>\n\tFesz\u00fclts\u00e9g 2 (V): 380-415 V<br \/>\n\tFrekvencia: 50\/60 Hz<br \/>\n\tElektromos k\u00e1bel t\u00edpusa: Igen, k\u00e9t- \u00e9s h\u00e1romf\u00e1zis\u00fa<br \/>\n\tA telep\u00edtett elektromos k\u00e1bel t\u00edpusa: Igen, egyf\u00e1zis\u00fa<\/p>","protected":false},"excerpt":{"rendered":"<p><iframe src=\" https:\/\/www.mbhbank.hu\/sfcalculation\/?ar=[PRICE]&#038;partner=DX030&#038;konstrukcio=DLSK14\" width=\"100%\" height=\"500\" frameborder=\"0\" scrolling=\"yes\" align=\"left\"><\/iframe><\/p>\n","protected":false},"featured_media":7261,"comment_status":"closed","ping_status":"closed","template":"","meta":{"_crdt_document":"","content-type":"","jetpack_post_was_ever_published":false,"jetpack_publicize_message":"","jetpack_publicize_feature_enabled":true,"jetpack_social_post_already_shared":true,"jetpack_social_options":{"image_generator_settings":{"template":"highway","default_image_id":0,"font":"","enabled":false},"version":2},"_wpas_customize_per_network":false},"product_brand":[1634],"product_cat":[1527,1643],"product_tag":[],"woo-feed-brand":[],"class_list":{"0":"post-7262","1":"product","2":"type-product","3":"status-publish","4":"has-post-thumbnail","6":"product_brand-smeg","7":"product_cat-sutok-es-fozolapok","8":"product_cat-tuzhelyek","9":"product_shipping_class-100000felett","11":"first","12":"instock","13":"sale","14":"taxable","15":"shipping-taxable","16":"purchasable","17":"product-type-simple"},"yoast_head":"<!-- This site is optimized with the Yoast SEO Premium plugin v26.9 (Yoast SEO v26.9) - https:\/\/yoast.com\/product\/yoast-seo-premium-wordpress\/ -->\n<title>Smeg BG91IX2 Classica elektromos t\u0171zhely indukci\u00f3s lappal inox 90cm - Pr\u00e9miumK\u00e9sz\u00fcl\u00e9k<\/title>\n<meta name=\"description\" content=\"A Smeg BG91IX2 Classica elektromos t\u0171zhely 5 indukci\u00f3s z\u00f3n\u00e1val \u00e9s szuper gyors f\u0151z\u00e9si lehet\u0151s\u00e9gekkel seg\u00edti \u00d6nt a f\u0151z\u00e9sben! Pr\u00f3b\u00e1lja ki!\" \/>\n<meta name=\"robots\" content=\"index, follow, max-snippet:-1, max-image-preview:large, max-video-preview:-1\" \/>\n<link rel=\"canonical\" href=\"https:\/\/premiumkeszulek.hu\/hu\/termek\/smeg-bg91ix2-classica-elektromos-tuzhely-indukcios-lappal-inox-90cm\/\" \/>\n<meta property=\"og:locale\" content=\"hu_HU\" \/>\n<meta property=\"og:type\" content=\"article\" \/>\n<meta property=\"og:title\" content=\"Smeg BG91IX2 Classica elektromos t\u0171zhely indukci\u00f3s lappal inox 90cm\" \/>\n<meta property=\"og:description\" content=\"A Smeg BG91IX2 Classica elektromos t\u0171zhely 5 indukci\u00f3s z\u00f3n\u00e1val \u00e9s szuper gyors f\u0151z\u00e9si lehet\u0151s\u00e9gekkel seg\u00edti \u00d6nt a f\u0151z\u00e9sben! Pr\u00f3b\u00e1lja ki!\" \/>\n<meta property=\"og:url\" content=\"https:\/\/premiumkeszulek.hu\/hu\/termek\/smeg-bg91ix2-classica-elektromos-tuzhely-indukcios-lappal-inox-90cm\/\" \/>\n<meta property=\"og:site_name\" content=\"Pr\u00e9miumK\u00e9sz\u00fcl\u00e9k\" \/>\n<meta property=\"article:publisher\" content=\"https:\/\/www.facebook.com\/konyhaluxnet\" \/>\n<meta property=\"article:modified_time\" content=\"2026-04-02T16:39:30+00:00\" \/>\n<meta property=\"og:image\" content=\"https:\/\/i0.wp.com\/premiumkeszulek.hu\/wp-content\/uploads\/2025\/02\/BG91IX2-111.jpg?fit=800%2C800&ssl=1\" \/>\n\t<meta property=\"og:image:width\" content=\"800\" \/>\n\t<meta property=\"og:image:height\" content=\"800\" \/>\n\t<meta property=\"og:image:type\" content=\"image\/jpeg\" \/>\n<meta name=\"twitter:card\" content=\"summary_large_image\" \/>\n<meta name=\"twitter:label1\" content=\"\u00c1r\" \/>\n\t<meta name=\"twitter:data1\" content=\"1.339.405&#070;&#116;\" \/>\n\t<meta name=\"twitter:label2\" content=\"El\u00e9rhet\u0151s\u00e9g\" \/>\n\t<meta name=\"twitter:data2\" content=\"K\u00e9szleten\" \/>\n<script type=\"application\/ld+json\" class=\"yoast-schema-graph\">{\"@context\":\"https:\/\/schema.org\",\"@graph\":[{\"@type\":\"WebPage\",\"@id\":\"https:\/\/premiumkeszulek.hu\/hu\/termek\/smeg-bg91ix2-classica-elektromos-tuzhely-indukcios-lappal-inox-90cm\/\",\"url\":\"https:\/\/premiumkeszulek.hu\/hu\/termek\/smeg-bg91ix2-classica-elektromos-tuzhely-indukcios-lappal-inox-90cm\/\",\"name\":\"Smeg BG91IX2 Classica elektromos t\u0171zhely indukci\u00f3s lappal inox 90cm - Pr\u00e9miumK\u00e9sz\u00fcl\u00e9k\",\"isPartOf\":{\"@id\":\"http:\/\/premiumkeszulek.hu\/hu\/#website\"},\"primaryImageOfPage\":{\"@id\":\"https:\/\/premiumkeszulek.hu\/hu\/termek\/smeg-bg91ix2-classica-elektromos-tuzhely-indukcios-lappal-inox-90cm\/#primaryimage\"},\"image\":{\"@id\":\"https:\/\/premiumkeszulek.hu\/hu\/termek\/smeg-bg91ix2-classica-elektromos-tuzhely-indukcios-lappal-inox-90cm\/#primaryimage\"},\"thumbnailUrl\":\"https:\/\/i0.wp.com\/premiumkeszulek.hu\/wp-content\/uploads\/2025\/02\/BG91IX2-111.jpg?fit=800%2C800&ssl=1\",\"datePublished\":\"2025-02-12T20:01:47+00:00\",\"dateModified\":\"2026-04-02T16:39:30+00:00\",\"description\":\"A Smeg BG91IX2 Classica elektromos t\u0171zhely 5 indukci\u00f3s z\u00f3n\u00e1val \u00e9s szuper gyors f\u0151z\u00e9si lehet\u0151s\u00e9gekkel seg\u00edti \u00d6nt a f\u0151z\u00e9sben! Pr\u00f3b\u00e1lja ki!\",\"breadcrumb\":{\"@id\":\"https:\/\/premiumkeszulek.hu\/hu\/termek\/smeg-bg91ix2-classica-elektromos-tuzhely-indukcios-lappal-inox-90cm\/#breadcrumb\"},\"inLanguage\":\"hu\",\"potentialAction\":[{\"@type\":\"ReadAction\",\"target\":[\"https:\/\/premiumkeszulek.hu\/hu\/termek\/smeg-bg91ix2-classica-elektromos-tuzhely-indukcios-lappal-inox-90cm\/\"]}]},{\"@type\":\"ImageObject\",\"inLanguage\":\"hu\",\"@id\":\"https:\/\/premiumkeszulek.hu\/hu\/termek\/smeg-bg91ix2-classica-elektromos-tuzhely-indukcios-lappal-inox-90cm\/#primaryimage\",\"url\":\"https:\/\/i0.wp.com\/premiumkeszulek.hu\/wp-content\/uploads\/2025\/02\/BG91IX2-111.jpg?fit=800%2C800&ssl=1\",\"contentUrl\":\"https:\/\/i0.wp.com\/premiumkeszulek.hu\/wp-content\/uploads\/2025\/02\/BG91IX2-111.jpg?fit=800%2C800&ssl=1\",\"width\":800,\"height\":800},{\"@type\":\"BreadcrumbList\",\"@id\":\"https:\/\/premiumkeszulek.hu\/hu\/termek\/smeg-bg91ix2-classica-elektromos-tuzhely-indukcios-lappal-inox-90cm\/#breadcrumb\",\"itemListElement\":[{\"@type\":\"ListItem\",\"position\":1,\"name\":\"Home\",\"item\":\"https:\/\/premiumkeszulek.hu\/hu\/\"},{\"@type\":\"ListItem\",\"position\":2,\"name\":\"Shop\",\"item\":\"https:\/\/premiumkeszulek.hu\/hu\/shop\/\"},{\"@type\":\"ListItem\",\"position\":3,\"name\":\"Smeg BG91IX2 Classica elektromos t\u0171zhely indukci\u00f3s lappal inox 90cm\"}]},{\"@type\":\"WebSite\",\"@id\":\"http:\/\/premiumkeszulek.hu\/hu\/#website\",\"url\":\"http:\/\/premiumkeszulek.hu\/hu\/\",\"name\":\"Pr\u00e9miumK\u00e9sz\u00fcl\u00e9k\",\"description\":\"\",\"publisher\":{\"@id\":\"http:\/\/premiumkeszulek.hu\/hu\/#organization\"},\"potentialAction\":[{\"@type\":\"SearchAction\",\"target\":{\"@type\":\"EntryPoint\",\"urlTemplate\":\"http:\/\/premiumkeszulek.hu\/hu\/?s={search_term_string}\"},\"query-input\":{\"@type\":\"PropertyValueSpecification\",\"valueRequired\":true,\"valueName\":\"search_term_string\"}}],\"inLanguage\":\"hu\"},{\"@type\":\"Organization\",\"@id\":\"http:\/\/premiumkeszulek.hu\/hu\/#organization\",\"name\":\"Pr\u00e9miumK\u00e9sz\u00fcl\u00e9k\",\"alternateName\":\"HPH Special Kft\",\"url\":\"http:\/\/premiumkeszulek.hu\/hu\/\",\"logo\":{\"@type\":\"ImageObject\",\"inLanguage\":\"hu\",\"@id\":\"http:\/\/premiumkeszulek.hu\/hu\/#\/schema\/logo\/image\/\",\"url\":\"http:\/\/premiumkeszulek.hu\/wp-content\/uploads\/2025\/03\/TURKIZLOGO-kicsi.png\",\"contentUrl\":\"http:\/\/premiumkeszulek.hu\/wp-content\/uploads\/2025\/03\/TURKIZLOGO-kicsi.png\",\"width\":1600,\"height\":547,\"caption\":\"Pr\u00e9miumK\u00e9sz\u00fcl\u00e9k\"},\"image\":{\"@id\":\"http:\/\/premiumkeszulek.hu\/hu\/#\/schema\/logo\/image\/\"},\"sameAs\":[\"https:\/\/www.facebook.com\/konyhaluxnet\",\"https:\/\/www.instagram.com\/konyhaluxnet\/#\"],\"email\":\"info@premiumkeszulek.hu\",\"telephone\":\"36 1 \/ 226-1992\",\"legalName\":\"HPH Special Kft\",\"vatID\":\"HU12549502\",\"taxID\":\"12549502\",\"hasMerchantReturnPolicy\":{\"@type\":\"MerchantReturnPolicy\",\"merchantReturnLink\":\"https:\/\/premiumkeszulek.hu\/hu\/altalanos-szerzodesi-es-felhasznalasi-feltetelek\/\"}}]}<\/script>\n<meta property=\"product:brand\" content=\"Smeg\" \/>\n<meta property=\"product:price:amount\" content=\"1339405\" \/>\n<meta property=\"product:price:currency\" content=\"HUF\" \/>\n<meta property=\"og:availability\" content=\"instock\" \/>\n<meta property=\"product:availability\" content=\"instock\" \/>\n<meta property=\"product:retailer_item_id\" content=\"BG91IX2\" \/>\n<meta property=\"product:condition\" content=\"new\" \/>\n<!-- \/ Yoast SEO Premium plugin. -->","yoast_head_json":{"title":"Smeg BG91IX2 Classica elektromos t\u0171zhely indukci\u00f3s lappal inox 90cm - Pr\u00e9miumK\u00e9sz\u00fcl\u00e9k","description":"A Smeg BG91IX2 Classica elektromos t\u0171zhely 5 indukci\u00f3s z\u00f3n\u00e1val \u00e9s szuper gyors f\u0151z\u00e9si lehet\u0151s\u00e9gekkel seg\u00edti \u00d6nt a f\u0151z\u00e9sben! Pr\u00f3b\u00e1lja ki!","robots":{"index":"index","follow":"follow","max-snippet":"max-snippet:-1","max-image-preview":"max-image-preview:large","max-video-preview":"max-video-preview:-1"},"canonical":"https:\/\/premiumkeszulek.hu\/hu\/termek\/smeg-bg91ix2-classica-elektromos-tuzhely-indukcios-lappal-inox-90cm\/","og_locale":"hu_HU","og_type":"article","og_title":"Smeg BG91IX2 Classica elektromos t\u0171zhely indukci\u00f3s lappal inox 90cm","og_description":"A Smeg BG91IX2 Classica elektromos t\u0171zhely 5 indukci\u00f3s z\u00f3n\u00e1val \u00e9s szuper gyors f\u0151z\u00e9si lehet\u0151s\u00e9gekkel seg\u00edti \u00d6nt a f\u0151z\u00e9sben! Pr\u00f3b\u00e1lja ki!","og_url":"https:\/\/premiumkeszulek.hu\/hu\/termek\/smeg-bg91ix2-classica-elektromos-tuzhely-indukcios-lappal-inox-90cm\/","og_site_name":"Pr\u00e9miumK\u00e9sz\u00fcl\u00e9k","article_publisher":"https:\/\/www.facebook.com\/konyhaluxnet","article_modified_time":"2026-04-02T16:39:30+00:00","og_image":[{"width":800,"height":800,"url":"https:\/\/i0.wp.com\/premiumkeszulek.hu\/wp-content\/uploads\/2025\/02\/BG91IX2-111.jpg?fit=800%2C800&ssl=1","type":"image\/jpeg"}],"twitter_card":"summary_large_image","twitter_misc":{"\u00c1r":"1.339.405&#70;&#116;","El\u00e9rhet\u0151s\u00e9g":"K\u00e9szleten"},"schema":{"@context":"https:\/\/schema.org","@graph":[{"@type":"WebPage","@id":"https:\/\/premiumkeszulek.hu\/hu\/termek\/smeg-bg91ix2-classica-elektromos-tuzhely-indukcios-lappal-inox-90cm\/","url":"https:\/\/premiumkeszulek.hu\/hu\/termek\/smeg-bg91ix2-classica-elektromos-tuzhely-indukcios-lappal-inox-90cm\/","name":"Smeg BG91IX2 Classica elektromos t\u0171zhely indukci\u00f3s lappal inox 90cm - Pr\u00e9miumK\u00e9sz\u00fcl\u00e9k","isPartOf":{"@id":"http:\/\/premiumkeszulek.hu\/hu\/#website"},"primaryImageOfPage":{"@id":"https:\/\/premiumkeszulek.hu\/hu\/termek\/smeg-bg91ix2-classica-elektromos-tuzhely-indukcios-lappal-inox-90cm\/#primaryimage"},"image":{"@id":"https:\/\/premiumkeszulek.hu\/hu\/termek\/smeg-bg91ix2-classica-elektromos-tuzhely-indukcios-lappal-inox-90cm\/#primaryimage"},"thumbnailUrl":"https:\/\/i0.wp.com\/premiumkeszulek.hu\/wp-content\/uploads\/2025\/02\/BG91IX2-111.jpg?fit=800%2C800&ssl=1","datePublished":"2025-02-12T20:01:47+00:00","dateModified":"2026-04-02T16:39:30+00:00","description":"A Smeg BG91IX2 Classica elektromos t\u0171zhely 5 indukci\u00f3s z\u00f3n\u00e1val \u00e9s szuper gyors f\u0151z\u00e9si lehet\u0151s\u00e9gekkel seg\u00edti \u00d6nt a f\u0151z\u00e9sben! Pr\u00f3b\u00e1lja ki!","breadcrumb":{"@id":"https:\/\/premiumkeszulek.hu\/hu\/termek\/smeg-bg91ix2-classica-elektromos-tuzhely-indukcios-lappal-inox-90cm\/#breadcrumb"},"inLanguage":"hu","potentialAction":[{"@type":"ReadAction","target":["https:\/\/premiumkeszulek.hu\/hu\/termek\/smeg-bg91ix2-classica-elektromos-tuzhely-indukcios-lappal-inox-90cm\/"]}]},{"@type":"ImageObject","inLanguage":"hu","@id":"https:\/\/premiumkeszulek.hu\/hu\/termek\/smeg-bg91ix2-classica-elektromos-tuzhely-indukcios-lappal-inox-90cm\/#primaryimage","url":"https:\/\/i0.wp.com\/premiumkeszulek.hu\/wp-content\/uploads\/2025\/02\/BG91IX2-111.jpg?fit=800%2C800&ssl=1","contentUrl":"https:\/\/i0.wp.com\/premiumkeszulek.hu\/wp-content\/uploads\/2025\/02\/BG91IX2-111.jpg?fit=800%2C800&ssl=1","width":800,"height":800},{"@type":"BreadcrumbList","@id":"https:\/\/premiumkeszulek.hu\/hu\/termek\/smeg-bg91ix2-classica-elektromos-tuzhely-indukcios-lappal-inox-90cm\/#breadcrumb","itemListElement":[{"@type":"ListItem","position":1,"name":"Home","item":"https:\/\/premiumkeszulek.hu\/hu\/"},{"@type":"ListItem","position":2,"name":"Shop","item":"https:\/\/premiumkeszulek.hu\/hu\/shop\/"},{"@type":"ListItem","position":3,"name":"Smeg BG91IX2 Classica elektromos t\u0171zhely indukci\u00f3s lappal inox 90cm"}]},{"@type":"WebSite","@id":"http:\/\/premiumkeszulek.hu\/hu\/#website","url":"http:\/\/premiumkeszulek.hu\/hu\/","name":"Pr\u00e9miumK\u00e9sz\u00fcl\u00e9k","description":"","publisher":{"@id":"http:\/\/premiumkeszulek.hu\/hu\/#organization"},"potentialAction":[{"@type":"SearchAction","target":{"@type":"EntryPoint","urlTemplate":"http:\/\/premiumkeszulek.hu\/hu\/?s={search_term_string}"},"query-input":{"@type":"PropertyValueSpecification","valueRequired":true,"valueName":"search_term_string"}}],"inLanguage":"hu"},{"@type":"Organization","@id":"http:\/\/premiumkeszulek.hu\/hu\/#organization","name":"Pr\u00e9miumK\u00e9sz\u00fcl\u00e9k","alternateName":"HPH Special Kft","url":"http:\/\/premiumkeszulek.hu\/hu\/","logo":{"@type":"ImageObject","inLanguage":"hu","@id":"http:\/\/premiumkeszulek.hu\/hu\/#\/schema\/logo\/image\/","url":"http:\/\/premiumkeszulek.hu\/wp-content\/uploads\/2025\/03\/TURKIZLOGO-kicsi.png","contentUrl":"http:\/\/premiumkeszulek.hu\/wp-content\/uploads\/2025\/03\/TURKIZLOGO-kicsi.png","width":1600,"height":547,"caption":"Pr\u00e9miumK\u00e9sz\u00fcl\u00e9k"},"image":{"@id":"http:\/\/premiumkeszulek.hu\/hu\/#\/schema\/logo\/image\/"},"sameAs":["https:\/\/www.facebook.com\/konyhaluxnet","https:\/\/www.instagram.com\/konyhaluxnet\/#"],"email":"info@premiumkeszulek.hu","telephone":"36 1 \/ 226-1992","legalName":"HPH Special Kft","vatID":"HU12549502","taxID":"12549502","hasMerchantReturnPolicy":{"@type":"MerchantReturnPolicy","merchantReturnLink":"https:\/\/premiumkeszulek.hu\/hu\/altalanos-szerzodesi-es-felhasznalasi-feltetelek\/"}}]},"product_brand":"Smeg","product_price_amount":"1339405","product_price_currency":"HUF","og_availability":"instock","product_availability":"instock","product_retailer_item_id":"BG91IX2","product_condition":"new"},"jetpack_publicize_connections":[],"jetpack_likes_enabled":true,"jetpack_sharing_enabled":true,"jetpack-related-posts":[],"_links":{"self":[{"href":"https:\/\/premiumkeszulek.hu\/hu\/wp-json\/wp\/v2\/product\/7262","targetHints":{"allow":["GET"]}}],"collection":[{"href":"https:\/\/premiumkeszulek.hu\/hu\/wp-json\/wp\/v2\/product"}],"about":[{"href":"https:\/\/premiumkeszulek.hu\/hu\/wp-json\/wp\/v2\/types\/product"}],"replies":[{"embeddable":true,"href":"https:\/\/premiumkeszulek.hu\/hu\/wp-json\/wp\/v2\/comments?post=7262"}],"wp:featuredmedia":[{"embeddable":true,"href":"https:\/\/premiumkeszulek.hu\/hu\/wp-json\/wp\/v2\/media\/7261"}],"wp:attachment":[{"href":"https:\/\/premiumkeszulek.hu\/hu\/wp-json\/wp\/v2\/media?parent=7262"}],"wp:term":[{"taxonomy":"product_brand","embeddable":true,"href":"https:\/\/premiumkeszulek.hu\/hu\/wp-json\/wp\/v2\/product_brand?post=7262"},{"taxonomy":"product_cat","embeddable":true,"href":"https:\/\/premiumkeszulek.hu\/hu\/wp-json\/wp\/v2\/product_cat?post=7262"},{"taxonomy":"product_tag","embeddable":true,"href":"https:\/\/premiumkeszulek.hu\/hu\/wp-json\/wp\/v2\/product_tag?post=7262"},{"taxonomy":"woo-feed-brand","embeddable":true,"href":"https:\/\/premiumkeszulek.hu\/hu\/wp-json\/wp\/v2\/woo-feed-brand?post=7262"}],"curies":[{"name":"wp","href":"https:\/\/api.w.org\/{rel}","templated":true}]}}