{"id":71911,"date":"2025-12-09T15:44:29","date_gmt":"2025-12-09T14:44:29","guid":{"rendered":"https:\/\/premiumkeszulek.hu\/product\/sage-sgr700bss-kontakt-grill\/"},"modified":"2026-04-17T19:38:48","modified_gmt":"2026-04-17T17:38:48","slug":"sage-sgr700bss-kontakt-grill","status":"publish","type":"product","link":"https:\/\/premiumkeszulek.hu\/hu\/termek\/sage-sgr700bss-kontakt-grill\/","title":{"rendered":"SAGE SGR700BSS Kontakt grill"},"content":{"rendered":"<p>Ak\u00e1r 1.800 W el\u00e9rhet\u0151 teljes\u00edtm\u00e9ny<br \/>\n3 grillez\u00e9si m\u00f3d \u2013 grill \/ nyitott BBQ \/ Szendvicsk\u00e9sz\u00edt\u00e9s<br \/>\n100-230 \u00b0C k\u00f6z\u00f6tt \u00e1ll\u00edthat\u00f3 h\u0151m\u00e9rs\u00e9klet<br \/>\n3 \u00e9tel szerinti s\u00fct\u00e9si be\u00e1ll\u00edt\u00e1s \u2013 panini, burger, steak<br \/>\n\u00c9rint\u0151gombos \u00e9s forg\u00f3kapcsol\u00f3s vez\u00e9rl\u00e9s<br \/>\n6 fokozatban \u00e1ll\u00edthat\u00f3 s\u00fct\u0151lap magass\u00e1g, \u00e9s d\u00f6nthet\u0151s\u00e9g<br \/>\nKivehet\u0151 cseppt\u00e1lca<br \/>\nSpeci\u00e1lis ker\u00e1mia s\u00fct\u0151lapok<br \/>\nKivehet\u0151, felcser\u00e9lhet\u0151, mosogat\u00f3g\u00e9pben moshat\u00f3 grill lapok &#8211; egy bord\u00e1zott, egy sima<br \/>\nV\u00e1laszthat\u00f3 m\u00e9rt\u00e9kegys\u00e9gek h\u0151be\u00e1ll\u00edt\u00e1shoz (\u00b0C\/\u00b0F)<br \/>\nGrill lap m\u00e9rete (2x): 25 x 30 cm<br \/>\nOpcion\u00e1lisan v\u00e1s\u00e1rolhat\u00f3 SGR001 grilllapok gofri elk\u00e9sz\u00edt\u00e9s\u00e9hez (nem tartoz\u00e9k)<\/p>\n","protected":false},"excerpt":{"rendered":"<p>Ak\u00e1r 1.800 W el\u00e9rhet\u0151 teljes\u00edtm\u00e9ny 3 grillez\u00e9si m\u00f3d \u2013 grill \/ nyitott BBQ \/ Szendvicsk\u00e9sz\u00edt\u00e9s 100-230 \u00b0C k\u00f6z\u00f6tt \u00e1ll\u00edthat\u00f3 h\u0151m\u00e9rs\u00e9klet 3 \u00e9tel szerinti s\u00fct\u00e9si be\u00e1ll\u00edt\u00e1s \u2013 panini, burger, steak \u00c9rint\u0151gombos \u00e9s forg\u00f3kapcsol\u00f3s vez\u00e9rl\u00e9s 6 fokozatban \u00e1ll\u00edthat\u00f3 s\u00fct\u0151lap magass\u00e1g, \u00e9s d\u00f6nthet\u0151s\u00e9g Kivehet\u0151 cseppt\u00e1lca Speci\u00e1lis ker\u00e1mia s\u00fct\u0151lapok Kivehet\u0151, felcser\u00e9lhet\u0151, mosogat\u00f3g\u00e9pben moshat\u00f3 grill lapok &#8211; egy bord\u00e1zott, egy [&hellip;]<\/p>\n","protected":false},"featured_media":71910,"comment_status":"closed","ping_status":"closed","template":"","meta":{"_crdt_document":"","content-type":"","jetpack_post_was_ever_published":false,"jetpack_publicize_message":"","jetpack_publicize_feature_enabled":true,"jetpack_social_post_already_shared":true,"jetpack_social_options":{"image_generator_settings":{"template":"highway","default_image_id":0,"font":"","enabled":false},"version":2},"_wpas_customize_per_network":false},"product_brand":[1633],"product_cat":[5042,5044,5032],"product_tag":[],"woo-feed-brand":[],"class_list":{"0":"post-71911","1":"product","2":"type-product","3":"status-publish","4":"has-post-thumbnail","6":"product_brand-sage","7":"product_cat-kiegeszitok","8":"product_cat-tartozekok","9":"product_cat-tobb-kategoria","10":"product_shipping_class-100000felett","12":"first","13":"onbackorder","14":"taxable","15":"shipping-taxable","16":"purchasable","17":"product-type-simple"},"yoast_head":"<!-- This site is optimized with the Yoast SEO Premium plugin v26.9 (Yoast SEO v27.4) - https:\/\/yoast.com\/product\/yoast-seo-premium-wordpress\/ -->\n<title>SAGE SGR700BSS Kontakt grill - Pr\u00e9miumK\u00e9sz\u00fcl\u00e9k<\/title>\n<meta name=\"description\" content=\"Szerezze be a SAGE SGR700BSS Kontakt grillt, \u00e9s tapasztalja meg a f\u0151z\u00e9s \u00faj szintj\u00e9t! K\u00f3stolja meg a sikert az \u00edzek vil\u00e1g\u00e1ban. \ud83c\udf7d\ufe0f\" \/>\n<meta name=\"robots\" content=\"index, follow, max-snippet:-1, max-image-preview:large, max-video-preview:-1\" \/>\n<link rel=\"canonical\" href=\"https:\/\/premiumkeszulek.hu\/hu\/termek\/sage-sgr700bss-kontakt-grill\/\" \/>\n<meta property=\"og:locale\" content=\"hu_HU\" \/>\n<meta property=\"og:type\" content=\"article\" \/>\n<meta property=\"og:title\" content=\"SAGE SGR700BSS Kontakt grill\" \/>\n<meta property=\"og:description\" content=\"Szerezze be a SAGE SGR700BSS Kontakt grillt, \u00e9s tapasztalja meg a f\u0151z\u00e9s \u00faj szintj\u00e9t! K\u00f3stolja meg a sikert az \u00edzek vil\u00e1g\u00e1ban. \ud83c\udf7d\ufe0f\" \/>\n<meta property=\"og:url\" content=\"https:\/\/premiumkeszulek.hu\/hu\/termek\/sage-sgr700bss-kontakt-grill\/\" \/>\n<meta property=\"og:site_name\" content=\"Pr\u00e9miumK\u00e9sz\u00fcl\u00e9k\" \/>\n<meta property=\"article:publisher\" content=\"https:\/\/www.facebook.com\/konyhaluxnet\" \/>\n<meta property=\"article:modified_time\" content=\"2026-04-17T17:38:48+00:00\" \/>\n<meta property=\"og:image\" content=\"https:\/\/i0.wp.com\/premiumkeszulek.hu\/wp-content\/uploads\/2025\/12\/SGR700BSS.png?fit=800%2C800&ssl=1\" \/>\n\t<meta property=\"og:image:width\" content=\"800\" \/>\n\t<meta property=\"og:image:height\" content=\"800\" \/>\n\t<meta property=\"og:image:type\" content=\"image\/png\" \/>\n<meta name=\"twitter:card\" content=\"summary_large_image\" \/>\n<meta name=\"twitter:label1\" content=\"\u00c1r\" \/>\n\t<meta name=\"twitter:data1\" content=\"91.990&#070;&#116;\" \/>\n\t<meta name=\"twitter:label2\" content=\"El\u00e9rhet\u0151s\u00e9g\" \/>\n\t<meta name=\"twitter:data2\" content=\"Beszerz\u00e9s alatt\" \/>\n<script type=\"application\/ld+json\" class=\"yoast-schema-graph\">{\"@context\":\"https:\\\/\\\/schema.org\",\"@graph\":[{\"@type\":\"WebPage\",\"@id\":\"https:\\\/\\\/premiumkeszulek.hu\\\/en\\\/product\\\/sage-sgr700bss-kontakt-grill\\\/\",\"url\":\"https:\\\/\\\/premiumkeszulek.hu\\\/en\\\/product\\\/sage-sgr700bss-kontakt-grill\\\/\",\"name\":\"SAGE SGR700BSS Kontakt grill - Pr\u00e9miumK\u00e9sz\u00fcl\u00e9k\",\"isPartOf\":{\"@id\":\"https:\\\/\\\/premiumkeszulek.hu\\\/hu\\\/#website\"},\"primaryImageOfPage\":{\"@id\":\"https:\\\/\\\/premiumkeszulek.hu\\\/en\\\/product\\\/sage-sgr700bss-kontakt-grill\\\/#primaryimage\"},\"image\":{\"@id\":\"https:\\\/\\\/premiumkeszulek.hu\\\/en\\\/product\\\/sage-sgr700bss-kontakt-grill\\\/#primaryimage\"},\"thumbnailUrl\":\"https:\\\/\\\/i0.wp.com\\\/premiumkeszulek.hu\\\/wp-content\\\/uploads\\\/2025\\\/12\\\/SGR700BSS.png?fit=800%2C800&ssl=1\",\"datePublished\":\"2025-12-09T14:44:29+00:00\",\"dateModified\":\"2026-04-17T17:38:48+00:00\",\"description\":\"Szerezze be a SAGE SGR700BSS Kontakt grillt, \u00e9s tapasztalja meg a f\u0151z\u00e9s \u00faj szintj\u00e9t! K\u00f3stolja meg a sikert az \u00edzek vil\u00e1g\u00e1ban. \ud83c\udf7d\ufe0f\",\"breadcrumb\":{\"@id\":\"https:\\\/\\\/premiumkeszulek.hu\\\/en\\\/product\\\/sage-sgr700bss-kontakt-grill\\\/#breadcrumb\"},\"inLanguage\":\"hu\",\"potentialAction\":[{\"@type\":\"ReadAction\",\"target\":[\"https:\\\/\\\/premiumkeszulek.hu\\\/en\\\/product\\\/sage-sgr700bss-kontakt-grill\\\/\"]}]},{\"@type\":\"ImageObject\",\"inLanguage\":\"hu\",\"@id\":\"https:\\\/\\\/premiumkeszulek.hu\\\/en\\\/product\\\/sage-sgr700bss-kontakt-grill\\\/#primaryimage\",\"url\":\"https:\\\/\\\/i0.wp.com\\\/premiumkeszulek.hu\\\/wp-content\\\/uploads\\\/2025\\\/12\\\/SGR700BSS.png?fit=800%2C800&ssl=1\",\"contentUrl\":\"https:\\\/\\\/i0.wp.com\\\/premiumkeszulek.hu\\\/wp-content\\\/uploads\\\/2025\\\/12\\\/SGR700BSS.png?fit=800%2C800&ssl=1\",\"width\":800,\"height\":800},{\"@type\":\"BreadcrumbList\",\"@id\":\"https:\\\/\\\/premiumkeszulek.hu\\\/en\\\/product\\\/sage-sgr700bss-kontakt-grill\\\/#breadcrumb\",\"itemListElement\":[{\"@type\":\"ListItem\",\"position\":1,\"name\":\"Home\",\"item\":\"https:\\\/\\\/premiumkeszulek.hu\\\/hu\\\/\"},{\"@type\":\"ListItem\",\"position\":2,\"name\":\"Shop\",\"item\":\"https:\\\/\\\/premiumkeszulek.hu\\\/hu\\\/shop\\\/\"},{\"@type\":\"ListItem\",\"position\":3,\"name\":\"SAGE SGR700BSS Kontakt grill\"}]},{\"@type\":\"WebSite\",\"@id\":\"https:\\\/\\\/premiumkeszulek.hu\\\/hu\\\/#website\",\"url\":\"https:\\\/\\\/premiumkeszulek.hu\\\/hu\\\/\",\"name\":\"Pr\u00e9miumK\u00e9sz\u00fcl\u00e9k\",\"description\":\"\",\"publisher\":{\"@id\":\"https:\\\/\\\/premiumkeszulek.hu\\\/hu\\\/#organization\"},\"potentialAction\":[{\"@type\":\"SearchAction\",\"target\":{\"@type\":\"EntryPoint\",\"urlTemplate\":\"https:\\\/\\\/premiumkeszulek.hu\\\/hu\\\/?s={search_term_string}\"},\"query-input\":{\"@type\":\"PropertyValueSpecification\",\"valueRequired\":true,\"valueName\":\"search_term_string\"}}],\"inLanguage\":\"hu\"},{\"@type\":\"Organization\",\"@id\":\"https:\\\/\\\/premiumkeszulek.hu\\\/hu\\\/#organization\",\"name\":\"Pr\u00e9miumK\u00e9sz\u00fcl\u00e9k\",\"alternateName\":\"HPH Special Kft\",\"url\":\"https:\\\/\\\/premiumkeszulek.hu\\\/hu\\\/\",\"logo\":{\"@type\":\"ImageObject\",\"inLanguage\":\"hu\",\"@id\":\"https:\\\/\\\/premiumkeszulek.hu\\\/hu\\\/#\\\/schema\\\/logo\\\/image\\\/\",\"url\":\"http:\\\/\\\/premiumkeszulek.hu\\\/wp-content\\\/uploads\\\/2025\\\/03\\\/TURKIZLOGO-kicsi.png\",\"contentUrl\":\"http:\\\/\\\/premiumkeszulek.hu\\\/wp-content\\\/uploads\\\/2025\\\/03\\\/TURKIZLOGO-kicsi.png\",\"width\":1600,\"height\":547,\"caption\":\"Pr\u00e9miumK\u00e9sz\u00fcl\u00e9k\"},\"image\":{\"@id\":\"https:\\\/\\\/premiumkeszulek.hu\\\/hu\\\/#\\\/schema\\\/logo\\\/image\\\/\"},\"sameAs\":[\"https:\\\/\\\/www.facebook.com\\\/konyhaluxnet\",\"https:\\\/\\\/www.instagram.com\\\/konyhaluxnet\\\/#\"],\"email\":\"info@premiumkeszulek.hu\",\"telephone\":\"36 1 \\\/ 226-1992\",\"legalName\":\"HPH Special Kft\",\"vatID\":\"HU12549502\",\"taxID\":\"12549502\",\"hasMerchantReturnPolicy\":{\"@type\":\"MerchantReturnPolicy\",\"merchantReturnLink\":\"https:\\\/\\\/premiumkeszulek.hu\\\/hu\\\/altalanos-szerzodesi-es-felhasznalasi-feltetelek\\\/\"}}]}<\/script>\n<meta property=\"product:brand\" content=\"Sage\" \/>\n<meta property=\"product:price:amount\" content=\"91990\" \/>\n<meta property=\"product:price:currency\" content=\"HUF\" \/>\n<meta property=\"og:availability\" content=\"backorder\" \/>\n<meta property=\"product:availability\" content=\"available for order\" \/>\n<meta property=\"product:retailer_item_id\" content=\"41010938\" \/>\n<meta property=\"product:condition\" content=\"new\" \/>\n<!-- \/ Yoast SEO Premium plugin. -->","yoast_head_json":{"title":"SAGE SGR700BSS Kontakt grill - Pr\u00e9miumK\u00e9sz\u00fcl\u00e9k","description":"Szerezze be a SAGE SGR700BSS Kontakt grillt, \u00e9s tapasztalja meg a f\u0151z\u00e9s \u00faj szintj\u00e9t! K\u00f3stolja meg a sikert az \u00edzek vil\u00e1g\u00e1ban. \ud83c\udf7d\ufe0f","robots":{"index":"index","follow":"follow","max-snippet":"max-snippet:-1","max-image-preview":"max-image-preview:large","max-video-preview":"max-video-preview:-1"},"canonical":"https:\/\/premiumkeszulek.hu\/hu\/termek\/sage-sgr700bss-kontakt-grill\/","og_locale":"hu_HU","og_type":"article","og_title":"SAGE SGR700BSS Kontakt grill","og_description":"Szerezze be a SAGE SGR700BSS Kontakt grillt, \u00e9s tapasztalja meg a f\u0151z\u00e9s \u00faj szintj\u00e9t! K\u00f3stolja meg a sikert az \u00edzek vil\u00e1g\u00e1ban. \ud83c\udf7d\ufe0f","og_url":"https:\/\/premiumkeszulek.hu\/hu\/termek\/sage-sgr700bss-kontakt-grill\/","og_site_name":"Pr\u00e9miumK\u00e9sz\u00fcl\u00e9k","article_publisher":"https:\/\/www.facebook.com\/konyhaluxnet","article_modified_time":"2026-04-17T17:38:48+00:00","og_image":[{"width":800,"height":800,"url":"https:\/\/i0.wp.com\/premiumkeszulek.hu\/wp-content\/uploads\/2025\/12\/SGR700BSS.png?fit=800%2C800&ssl=1","type":"image\/png"}],"twitter_card":"summary_large_image","twitter_misc":{"\u00c1r":"91.990&#70;&#116;","El\u00e9rhet\u0151s\u00e9g":"Beszerz\u00e9s alatt"},"schema":{"@context":"https:\/\/schema.org","@graph":[{"@type":"WebPage","@id":"https:\/\/premiumkeszulek.hu\/en\/product\/sage-sgr700bss-kontakt-grill\/","url":"https:\/\/premiumkeszulek.hu\/en\/product\/sage-sgr700bss-kontakt-grill\/","name":"SAGE SGR700BSS Kontakt grill - Pr\u00e9miumK\u00e9sz\u00fcl\u00e9k","isPartOf":{"@id":"https:\/\/premiumkeszulek.hu\/hu\/#website"},"primaryImageOfPage":{"@id":"https:\/\/premiumkeszulek.hu\/en\/product\/sage-sgr700bss-kontakt-grill\/#primaryimage"},"image":{"@id":"https:\/\/premiumkeszulek.hu\/en\/product\/sage-sgr700bss-kontakt-grill\/#primaryimage"},"thumbnailUrl":"https:\/\/i0.wp.com\/premiumkeszulek.hu\/wp-content\/uploads\/2025\/12\/SGR700BSS.png?fit=800%2C800&ssl=1","datePublished":"2025-12-09T14:44:29+00:00","dateModified":"2026-04-17T17:38:48+00:00","description":"Szerezze be a SAGE SGR700BSS Kontakt grillt, \u00e9s tapasztalja meg a f\u0151z\u00e9s \u00faj szintj\u00e9t! K\u00f3stolja meg a sikert az \u00edzek vil\u00e1g\u00e1ban. \ud83c\udf7d\ufe0f","breadcrumb":{"@id":"https:\/\/premiumkeszulek.hu\/en\/product\/sage-sgr700bss-kontakt-grill\/#breadcrumb"},"inLanguage":"hu","potentialAction":[{"@type":"ReadAction","target":["https:\/\/premiumkeszulek.hu\/en\/product\/sage-sgr700bss-kontakt-grill\/"]}]},{"@type":"ImageObject","inLanguage":"hu","@id":"https:\/\/premiumkeszulek.hu\/en\/product\/sage-sgr700bss-kontakt-grill\/#primaryimage","url":"https:\/\/i0.wp.com\/premiumkeszulek.hu\/wp-content\/uploads\/2025\/12\/SGR700BSS.png?fit=800%2C800&ssl=1","contentUrl":"https:\/\/i0.wp.com\/premiumkeszulek.hu\/wp-content\/uploads\/2025\/12\/SGR700BSS.png?fit=800%2C800&ssl=1","width":800,"height":800},{"@type":"BreadcrumbList","@id":"https:\/\/premiumkeszulek.hu\/en\/product\/sage-sgr700bss-kontakt-grill\/#breadcrumb","itemListElement":[{"@type":"ListItem","position":1,"name":"Home","item":"https:\/\/premiumkeszulek.hu\/hu\/"},{"@type":"ListItem","position":2,"name":"Shop","item":"https:\/\/premiumkeszulek.hu\/hu\/shop\/"},{"@type":"ListItem","position":3,"name":"SAGE SGR700BSS Kontakt grill"}]},{"@type":"WebSite","@id":"https:\/\/premiumkeszulek.hu\/hu\/#website","url":"https:\/\/premiumkeszulek.hu\/hu\/","name":"Pr\u00e9miumK\u00e9sz\u00fcl\u00e9k","description":"","publisher":{"@id":"https:\/\/premiumkeszulek.hu\/hu\/#organization"},"potentialAction":[{"@type":"SearchAction","target":{"@type":"EntryPoint","urlTemplate":"https:\/\/premiumkeszulek.hu\/hu\/?s={search_term_string}"},"query-input":{"@type":"PropertyValueSpecification","valueRequired":true,"valueName":"search_term_string"}}],"inLanguage":"hu"},{"@type":"Organization","@id":"https:\/\/premiumkeszulek.hu\/hu\/#organization","name":"Pr\u00e9miumK\u00e9sz\u00fcl\u00e9k","alternateName":"HPH Special Kft","url":"https:\/\/premiumkeszulek.hu\/hu\/","logo":{"@type":"ImageObject","inLanguage":"hu","@id":"https:\/\/premiumkeszulek.hu\/hu\/#\/schema\/logo\/image\/","url":"http:\/\/premiumkeszulek.hu\/wp-content\/uploads\/2025\/03\/TURKIZLOGO-kicsi.png","contentUrl":"http:\/\/premiumkeszulek.hu\/wp-content\/uploads\/2025\/03\/TURKIZLOGO-kicsi.png","width":1600,"height":547,"caption":"Pr\u00e9miumK\u00e9sz\u00fcl\u00e9k"},"image":{"@id":"https:\/\/premiumkeszulek.hu\/hu\/#\/schema\/logo\/image\/"},"sameAs":["https:\/\/www.facebook.com\/konyhaluxnet","https:\/\/www.instagram.com\/konyhaluxnet\/#"],"email":"info@premiumkeszulek.hu","telephone":"36 1 \/ 226-1992","legalName":"HPH Special Kft","vatID":"HU12549502","taxID":"12549502","hasMerchantReturnPolicy":{"@type":"MerchantReturnPolicy","merchantReturnLink":"https:\/\/premiumkeszulek.hu\/hu\/altalanos-szerzodesi-es-felhasznalasi-feltetelek\/"}}]},"product_brand":"Sage","product_price_amount":"91990","product_price_currency":"HUF","og_availability":"backorder","product_availability":"available for order","product_retailer_item_id":"41010938","product_condition":"new"},"jetpack_publicize_connections":[],"jetpack_likes_enabled":true,"jetpack_sharing_enabled":true,"jetpack-related-posts":[],"_links":{"self":[{"href":"https:\/\/premiumkeszulek.hu\/hu\/wp-json\/wp\/v2\/product\/71911","targetHints":{"allow":["GET"]}}],"collection":[{"href":"https:\/\/premiumkeszulek.hu\/hu\/wp-json\/wp\/v2\/product"}],"about":[{"href":"https:\/\/premiumkeszulek.hu\/hu\/wp-json\/wp\/v2\/types\/product"}],"replies":[{"embeddable":true,"href":"https:\/\/premiumkeszulek.hu\/hu\/wp-json\/wp\/v2\/comments?post=71911"}],"wp:featuredmedia":[{"embeddable":true,"href":"https:\/\/premiumkeszulek.hu\/hu\/wp-json\/wp\/v2\/media\/71910"}],"wp:attachment":[{"href":"https:\/\/premiumkeszulek.hu\/hu\/wp-json\/wp\/v2\/media?parent=71911"}],"wp:term":[{"taxonomy":"product_brand","embeddable":true,"href":"https:\/\/premiumkeszulek.hu\/hu\/wp-json\/wp\/v2\/product_brand?post=71911"},{"taxonomy":"product_cat","embeddable":true,"href":"https:\/\/premiumkeszulek.hu\/hu\/wp-json\/wp\/v2\/product_cat?post=71911"},{"taxonomy":"product_tag","embeddable":true,"href":"https:\/\/premiumkeszulek.hu\/hu\/wp-json\/wp\/v2\/product_tag?post=71911"},{"taxonomy":"woo-feed-brand","embeddable":true,"href":"https:\/\/premiumkeszulek.hu\/hu\/wp-json\/wp\/v2\/woo-feed-brand?post=71911"}],"curies":[{"name":"wp","href":"https:\/\/api.w.org\/{rel}","templated":true}]}}