{"id":71899,"date":"2025-12-09T15:44:15","date_gmt":"2025-12-09T14:44:15","guid":{"rendered":"https:\/\/premiumkeszulek.hu\/product\/sage-bgr820-kontakt-grill-smart\/"},"modified":"2026-04-17T19:38:47","modified_gmt":"2026-04-17T17:38:47","slug":"sage-bgr820-kontakt-grill-smart","status":"publish","type":"product","link":"https:\/\/premiumkeszulek.hu\/hu\/termek\/sage-bgr820-kontakt-grill-smart\/","title":{"rendered":"SAGE BGR820 Kontakt grill Smart"},"content":{"rendered":"<p>CATLER \u25ba\u25ba SAGE<br \/>\n&#8220;grillk\u00e9nt \u00e9s nyitott grills\u00fct\u0151k\u00e9nt is haszn\u00e1lhat\u00f3, Senzor Element IQ\u2122, LCD kijelz\u0151 h\u00e1tt\u00e9rvil\u00e1g\u00edt\u00e1ssal, cser\u00e9lhet\u0151 grill lapok Sage BGR820 BBQ Kontakt Grill tulajdons\u00e1gok<\/p>\n<p>Sage BGR820 BBQ Kontakt Grill Senzor Element IQ\u2122<\/p>\n<p>Senzor Element IQ\u2122<\/p>\n<p>Senzor Element IQ\u2122 \u2013 A s\u00fct\u0151fel\u00fcletbe \u00e9p\u00edtett h\u0151m\u00e9rs\u00e9klet szenzorok \u00e9rz\u00e9kelik, amikor nyers, hideg \u00e9tel ker\u00fcl a grill lapra, \u00e9s a leh\u00fclt ponton azonnal kiegyenl\u00edtik a h\u0151m\u00e9rs\u00e9kletet.<\/p>\n<p>Quantanium\u2122<\/p>\n<p>A grill lapok tapad\u00e1smentes \u00e9s karc\u00e1ll\u00f3 Quantanium\u2122 bevonat\u00e1nak k\u00f6sz\u00f6nhet\u0151en a s\u00fct\u00e9shez a lehet\u0151 legkevesebb zsirad\u00e9kot kell haszn\u00e1lnunk. Az als\u00f3 grill lap d\u00f6nt\u00e9s\u00e9vel a felesleges zsirad\u00e9kot elvezethetj\u00fck egy erre a c\u00e9lra k\u00e9sz\u00fclt, kivehet\u0151 cseppt\u00e1lc\u00e1ra. A grillez\u00e9s \u00edgy az eg\u00e9szs\u00e9ges \u00e9telek kedvel\u0151i sz\u00e1m\u00e1ra is az egyik legkedveltebb \u00e9telk\u00e9sz\u00edt\u00e9si m\u00f3d lehet.<\/p>\n<p>Sage BGR820 BBQ Kontakt Grill Megvil\u00e1g\u00edtott LCD kijelz\u0151<\/p>\n<p>LCD kijelz\u0151 h\u00e1tt\u00e9rvil\u00e1g\u00edt\u00e1ssal<\/p>\n<p>A\u00a0kijelz\u0151n az el\u0151re be\u00e1ll\u00edtott h\u0151fok \u00e9rt\u00e9ke (160-230 \u00b0C), a LOW, PANINI illetve SEAR \u00fczemm\u00f3d be\u00e1ll\u00edt\u00e1s, valamint az id\u0151z\u00edt\u0151 sz\u00e1ml\u00e1l\u00f3ja jelen\u00edthet\u0151 meg. A be\u00e1ll\u00edt\u00e1s \u00e9s ellen\u0151rz\u00e9s \u00edgy pontosabban k\u00f6vethet\u0151 a kedvenc \u00e9tel elk\u00e9sz\u00edt\u00e9si m\u00f3dj\u00e1ra, h\u0151m\u00e9rs\u00e9klet\u00e9re \u00e9s idej\u00e9re vonatkoz\u00f3an.<\/p>\n<p>Sage BGR820 BBQ Kontakt Grill Levehet\u0151 grill lapok<\/p>\n<p>Kivehet\u0151 grill lapok<\/p>\n<p>A\u00a0grill lapok a kiold\u00f3 gombok seg\u00edts\u00e9g\u00e9vel egyszer\u0171en \u00e9s gyorsan elt\u00e1vol\u00edthat\u00f3k, megcser\u00e9lhet\u0151k, illetve tiszt\u00edt\u00e1shoz mosogat\u00f3g\u00e9pbe helyezhet\u0151k.<\/p>\n","protected":false},"excerpt":{"rendered":"<p>3 grillez\u00e9si m\u00f3d \u2013 grill \/ nyitott BBQ \/ Szendvicsk\u00e9sz\u00edt\u00e9s<br \/>\nElement iQ rendszer<br \/>\n160-230 \u00b0C k\u00f6z\u00f6tt \u00e1ll\u00edthat\u00f3 h\u0151m\u00e9rs\u00e9klet<br \/>\n5 \u00e9tel szerinti s\u00fct\u00e9si be\u00e1ll\u00edt\u00e1s \u2013 marha, b\u00e1r\u00e1ny, sert\u00e9s, sz\u00e1rnyas, hal<br \/>\nLCD kijelz\u0151 \u00e9s forg\u00f3kapcsol\u00f3s vez\u00e9rl\u00e9s<br \/>\nBe\u00e9p\u00edtett h\u0151m\u00e9rs\u00e9klet szonda<br \/>\n7 fokozatban \u00e1ll\u00edthat\u00f3 s\u00fct\u0151lap magass\u00e1g, \u00e9s d\u00f6nthet\u0151s\u00e9g<br \/>\nKivehet\u0151 cseppt\u00e1lca<br \/>\nSpeci\u00e1lis Quantanium PFOA mentes bevonat\u00fa s\u00fct\u0151lapok<br \/>\nKivehet\u0151, felcser\u00e9lhet\u0151, mosogat\u00f3g\u00e9pben moshat\u00f3 grill lapok &#8211; egy bord\u00e1zott, egy sima<br \/>\nV\u00e1laszthat\u00f3 m\u00e9rt\u00e9kegys\u00e9gek h\u0151be\u00e1ll\u00edt\u00e1shoz (\u00b0C\/\u00b0F)<br \/>\nGrill lap m\u00e9rete (2x): 34 x 26 cm<\/p>\n<p>Ez a term\u00e9k kor\u00e1bban Catler GR 8030 megjel\u00f6l\u00e9ssel volt kereskedelmi forgalomban Magyarorsz\u00e1gon.<\/p>\n","protected":false},"featured_media":71898,"comment_status":"closed","ping_status":"closed","template":"","meta":{"_crdt_document":"","content-type":"","jetpack_post_was_ever_published":false,"jetpack_publicize_message":"","jetpack_publicize_feature_enabled":true,"jetpack_social_post_already_shared":true,"jetpack_social_options":{"image_generator_settings":{"template":"highway","default_image_id":0,"font":"","enabled":false},"version":2},"_wpas_customize_per_network":false},"product_brand":[1633],"product_cat":[5042,5044,5032],"product_tag":[],"woo-feed-brand":[],"class_list":{"0":"post-71899","1":"product","2":"type-product","3":"status-publish","4":"has-post-thumbnail","6":"product_brand-sage","7":"product_cat-kiegeszitok","8":"product_cat-tartozekok","9":"product_cat-tobb-kategoria","10":"product_shipping_class-100000felett","12":"first","13":"instock","14":"taxable","15":"shipping-taxable","16":"purchasable","17":"product-type-simple"},"yoast_head":"<!-- This site is optimized with the Yoast SEO Premium plugin v26.9 (Yoast SEO v27.4) - https:\/\/yoast.com\/product\/yoast-seo-premium-wordpress\/ -->\n<title>SAGE BGR820 Kontakt grill Smart - Pr\u00e9miumK\u00e9sz\u00fcl\u00e9k<\/title>\n<meta name=\"description\" content=\"Tapasztalja meg a SAGE BGR820 Kontakt grill sokoldal\u00fas\u00e1g\u00e1t! Grillk\u00e9nt \u00e9s nyitott s\u00fct\u0151k\u00e9nt is haszn\u00e1lhat\u00f3, v\u00e1lassza most! \ud83d\udd25\" \/>\n<meta name=\"robots\" content=\"index, follow, max-snippet:-1, max-image-preview:large, max-video-preview:-1\" \/>\n<link rel=\"canonical\" href=\"https:\/\/premiumkeszulek.hu\/hu\/termek\/sage-bgr820-kontakt-grill-smart\/\" \/>\n<meta property=\"og:locale\" content=\"hu_HU\" \/>\n<meta property=\"og:type\" content=\"article\" \/>\n<meta property=\"og:title\" content=\"SAGE BGR820 Kontakt grill Smart\" \/>\n<meta property=\"og:description\" content=\"Tapasztalja meg a SAGE BGR820 Kontakt grill sokoldal\u00fas\u00e1g\u00e1t! Grillk\u00e9nt \u00e9s nyitott s\u00fct\u0151k\u00e9nt is haszn\u00e1lhat\u00f3, v\u00e1lassza most! \ud83d\udd25\" \/>\n<meta property=\"og:url\" content=\"https:\/\/premiumkeszulek.hu\/hu\/termek\/sage-bgr820-kontakt-grill-smart\/\" \/>\n<meta property=\"og:site_name\" content=\"Pr\u00e9miumK\u00e9sz\u00fcl\u00e9k\" \/>\n<meta property=\"article:publisher\" content=\"https:\/\/www.facebook.com\/konyhaluxnet\" \/>\n<meta property=\"article:modified_time\" content=\"2026-04-17T17:38:47+00:00\" \/>\n<meta property=\"og:image\" content=\"https:\/\/i0.wp.com\/premiumkeszulek.hu\/wp-content\/uploads\/2025\/12\/bgr20820.jpg?fit=800%2C800&ssl=1\" \/>\n\t<meta property=\"og:image:width\" content=\"800\" \/>\n\t<meta property=\"og:image:height\" content=\"800\" \/>\n\t<meta property=\"og:image:type\" content=\"image\/jpeg\" \/>\n<meta name=\"twitter:card\" content=\"summary_large_image\" \/>\n<meta name=\"twitter:label1\" content=\"\u00c1r\" \/>\n\t<meta name=\"twitter:data1\" content=\"149.991&#070;&#116;\" \/>\n\t<meta name=\"twitter:label2\" content=\"El\u00e9rhet\u0151s\u00e9g\" \/>\n\t<meta name=\"twitter:data2\" content=\"K\u00e9szleten\" \/>\n<script type=\"application\/ld+json\" class=\"yoast-schema-graph\">{\"@context\":\"https:\\\/\\\/schema.org\",\"@graph\":[{\"@type\":\"WebPage\",\"@id\":\"https:\\\/\\\/premiumkeszulek.hu\\\/hu\\\/termek\\\/sage-bgr820-kontakt-grill-smart\\\/\",\"url\":\"https:\\\/\\\/premiumkeszulek.hu\\\/hu\\\/termek\\\/sage-bgr820-kontakt-grill-smart\\\/\",\"name\":\"SAGE BGR820 Kontakt grill Smart - Pr\u00e9miumK\u00e9sz\u00fcl\u00e9k\",\"isPartOf\":{\"@id\":\"https:\\\/\\\/premiumkeszulek.hu\\\/hu\\\/#website\"},\"primaryImageOfPage\":{\"@id\":\"https:\\\/\\\/premiumkeszulek.hu\\\/hu\\\/termek\\\/sage-bgr820-kontakt-grill-smart\\\/#primaryimage\"},\"image\":{\"@id\":\"https:\\\/\\\/premiumkeszulek.hu\\\/hu\\\/termek\\\/sage-bgr820-kontakt-grill-smart\\\/#primaryimage\"},\"thumbnailUrl\":\"https:\\\/\\\/i0.wp.com\\\/premiumkeszulek.hu\\\/wp-content\\\/uploads\\\/2025\\\/12\\\/bgr20820.jpg?fit=800%2C800&ssl=1\",\"datePublished\":\"2025-12-09T14:44:15+00:00\",\"dateModified\":\"2026-04-17T17:38:47+00:00\",\"description\":\"Tapasztalja meg a SAGE BGR820 Kontakt grill sokoldal\u00fas\u00e1g\u00e1t! Grillk\u00e9nt \u00e9s nyitott s\u00fct\u0151k\u00e9nt is haszn\u00e1lhat\u00f3, v\u00e1lassza most! \ud83d\udd25\",\"breadcrumb\":{\"@id\":\"https:\\\/\\\/premiumkeszulek.hu\\\/hu\\\/termek\\\/sage-bgr820-kontakt-grill-smart\\\/#breadcrumb\"},\"inLanguage\":\"hu\",\"potentialAction\":[{\"@type\":\"ReadAction\",\"target\":[\"https:\\\/\\\/premiumkeszulek.hu\\\/hu\\\/termek\\\/sage-bgr820-kontakt-grill-smart\\\/\"]}]},{\"@type\":\"ImageObject\",\"inLanguage\":\"hu\",\"@id\":\"https:\\\/\\\/premiumkeszulek.hu\\\/hu\\\/termek\\\/sage-bgr820-kontakt-grill-smart\\\/#primaryimage\",\"url\":\"https:\\\/\\\/i0.wp.com\\\/premiumkeszulek.hu\\\/wp-content\\\/uploads\\\/2025\\\/12\\\/bgr20820.jpg?fit=800%2C800&ssl=1\",\"contentUrl\":\"https:\\\/\\\/i0.wp.com\\\/premiumkeszulek.hu\\\/wp-content\\\/uploads\\\/2025\\\/12\\\/bgr20820.jpg?fit=800%2C800&ssl=1\",\"width\":800,\"height\":800},{\"@type\":\"BreadcrumbList\",\"@id\":\"https:\\\/\\\/premiumkeszulek.hu\\\/hu\\\/termek\\\/sage-bgr820-kontakt-grill-smart\\\/#breadcrumb\",\"itemListElement\":[{\"@type\":\"ListItem\",\"position\":1,\"name\":\"Home\",\"item\":\"https:\\\/\\\/premiumkeszulek.hu\\\/hu\\\/\"},{\"@type\":\"ListItem\",\"position\":2,\"name\":\"Shop\",\"item\":\"https:\\\/\\\/premiumkeszulek.hu\\\/hu\\\/shop\\\/\"},{\"@type\":\"ListItem\",\"position\":3,\"name\":\"SAGE BGR820 Kontakt grill Smart\"}]},{\"@type\":\"WebSite\",\"@id\":\"https:\\\/\\\/premiumkeszulek.hu\\\/hu\\\/#website\",\"url\":\"https:\\\/\\\/premiumkeszulek.hu\\\/hu\\\/\",\"name\":\"Pr\u00e9miumK\u00e9sz\u00fcl\u00e9k\",\"description\":\"\",\"publisher\":{\"@id\":\"https:\\\/\\\/premiumkeszulek.hu\\\/hu\\\/#organization\"},\"potentialAction\":[{\"@type\":\"SearchAction\",\"target\":{\"@type\":\"EntryPoint\",\"urlTemplate\":\"https:\\\/\\\/premiumkeszulek.hu\\\/hu\\\/?s={search_term_string}\"},\"query-input\":{\"@type\":\"PropertyValueSpecification\",\"valueRequired\":true,\"valueName\":\"search_term_string\"}}],\"inLanguage\":\"hu\"},{\"@type\":\"Organization\",\"@id\":\"https:\\\/\\\/premiumkeszulek.hu\\\/hu\\\/#organization\",\"name\":\"Pr\u00e9miumK\u00e9sz\u00fcl\u00e9k\",\"alternateName\":\"HPH Special Kft\",\"url\":\"https:\\\/\\\/premiumkeszulek.hu\\\/hu\\\/\",\"logo\":{\"@type\":\"ImageObject\",\"inLanguage\":\"hu\",\"@id\":\"https:\\\/\\\/premiumkeszulek.hu\\\/hu\\\/#\\\/schema\\\/logo\\\/image\\\/\",\"url\":\"http:\\\/\\\/premiumkeszulek.hu\\\/wp-content\\\/uploads\\\/2025\\\/03\\\/TURKIZLOGO-kicsi.png\",\"contentUrl\":\"http:\\\/\\\/premiumkeszulek.hu\\\/wp-content\\\/uploads\\\/2025\\\/03\\\/TURKIZLOGO-kicsi.png\",\"width\":1600,\"height\":547,\"caption\":\"Pr\u00e9miumK\u00e9sz\u00fcl\u00e9k\"},\"image\":{\"@id\":\"https:\\\/\\\/premiumkeszulek.hu\\\/hu\\\/#\\\/schema\\\/logo\\\/image\\\/\"},\"sameAs\":[\"https:\\\/\\\/www.facebook.com\\\/konyhaluxnet\",\"https:\\\/\\\/www.instagram.com\\\/konyhaluxnet\\\/#\"],\"email\":\"info@premiumkeszulek.hu\",\"telephone\":\"36 1 \\\/ 226-1992\",\"legalName\":\"HPH Special Kft\",\"vatID\":\"HU12549502\",\"taxID\":\"12549502\",\"hasMerchantReturnPolicy\":{\"@type\":\"MerchantReturnPolicy\",\"merchantReturnLink\":\"https:\\\/\\\/premiumkeszulek.hu\\\/hu\\\/altalanos-szerzodesi-es-felhasznalasi-feltetelek\\\/\"}}]}<\/script>\n<meta property=\"product:brand\" content=\"Sage\" \/>\n<meta property=\"product:price:amount\" content=\"149991\" \/>\n<meta property=\"product:price:currency\" content=\"HUF\" \/>\n<meta property=\"og:availability\" content=\"instock\" \/>\n<meta property=\"product:availability\" content=\"instock\" \/>\n<meta property=\"product:retailer_item_id\" content=\"41007007\" \/>\n<meta property=\"product:condition\" content=\"new\" \/>\n<!-- \/ Yoast SEO Premium plugin. -->","yoast_head_json":{"title":"SAGE BGR820 Kontakt grill Smart - Pr\u00e9miumK\u00e9sz\u00fcl\u00e9k","description":"Tapasztalja meg a SAGE BGR820 Kontakt grill sokoldal\u00fas\u00e1g\u00e1t! Grillk\u00e9nt \u00e9s nyitott s\u00fct\u0151k\u00e9nt is haszn\u00e1lhat\u00f3, v\u00e1lassza most! \ud83d\udd25","robots":{"index":"index","follow":"follow","max-snippet":"max-snippet:-1","max-image-preview":"max-image-preview:large","max-video-preview":"max-video-preview:-1"},"canonical":"https:\/\/premiumkeszulek.hu\/hu\/termek\/sage-bgr820-kontakt-grill-smart\/","og_locale":"hu_HU","og_type":"article","og_title":"SAGE BGR820 Kontakt grill Smart","og_description":"Tapasztalja meg a SAGE BGR820 Kontakt grill sokoldal\u00fas\u00e1g\u00e1t! Grillk\u00e9nt \u00e9s nyitott s\u00fct\u0151k\u00e9nt is haszn\u00e1lhat\u00f3, v\u00e1lassza most! \ud83d\udd25","og_url":"https:\/\/premiumkeszulek.hu\/hu\/termek\/sage-bgr820-kontakt-grill-smart\/","og_site_name":"Pr\u00e9miumK\u00e9sz\u00fcl\u00e9k","article_publisher":"https:\/\/www.facebook.com\/konyhaluxnet","article_modified_time":"2026-04-17T17:38:47+00:00","og_image":[{"width":800,"height":800,"url":"https:\/\/i0.wp.com\/premiumkeszulek.hu\/wp-content\/uploads\/2025\/12\/bgr20820.jpg?fit=800%2C800&ssl=1","type":"image\/jpeg"}],"twitter_card":"summary_large_image","twitter_misc":{"\u00c1r":"149.991&#70;&#116;","El\u00e9rhet\u0151s\u00e9g":"K\u00e9szleten"},"schema":{"@context":"https:\/\/schema.org","@graph":[{"@type":"WebPage","@id":"https:\/\/premiumkeszulek.hu\/hu\/termek\/sage-bgr820-kontakt-grill-smart\/","url":"https:\/\/premiumkeszulek.hu\/hu\/termek\/sage-bgr820-kontakt-grill-smart\/","name":"SAGE BGR820 Kontakt grill Smart - Pr\u00e9miumK\u00e9sz\u00fcl\u00e9k","isPartOf":{"@id":"https:\/\/premiumkeszulek.hu\/hu\/#website"},"primaryImageOfPage":{"@id":"https:\/\/premiumkeszulek.hu\/hu\/termek\/sage-bgr820-kontakt-grill-smart\/#primaryimage"},"image":{"@id":"https:\/\/premiumkeszulek.hu\/hu\/termek\/sage-bgr820-kontakt-grill-smart\/#primaryimage"},"thumbnailUrl":"https:\/\/i0.wp.com\/premiumkeszulek.hu\/wp-content\/uploads\/2025\/12\/bgr20820.jpg?fit=800%2C800&ssl=1","datePublished":"2025-12-09T14:44:15+00:00","dateModified":"2026-04-17T17:38:47+00:00","description":"Tapasztalja meg a SAGE BGR820 Kontakt grill sokoldal\u00fas\u00e1g\u00e1t! Grillk\u00e9nt \u00e9s nyitott s\u00fct\u0151k\u00e9nt is haszn\u00e1lhat\u00f3, v\u00e1lassza most! \ud83d\udd25","breadcrumb":{"@id":"https:\/\/premiumkeszulek.hu\/hu\/termek\/sage-bgr820-kontakt-grill-smart\/#breadcrumb"},"inLanguage":"hu","potentialAction":[{"@type":"ReadAction","target":["https:\/\/premiumkeszulek.hu\/hu\/termek\/sage-bgr820-kontakt-grill-smart\/"]}]},{"@type":"ImageObject","inLanguage":"hu","@id":"https:\/\/premiumkeszulek.hu\/hu\/termek\/sage-bgr820-kontakt-grill-smart\/#primaryimage","url":"https:\/\/i0.wp.com\/premiumkeszulek.hu\/wp-content\/uploads\/2025\/12\/bgr20820.jpg?fit=800%2C800&ssl=1","contentUrl":"https:\/\/i0.wp.com\/premiumkeszulek.hu\/wp-content\/uploads\/2025\/12\/bgr20820.jpg?fit=800%2C800&ssl=1","width":800,"height":800},{"@type":"BreadcrumbList","@id":"https:\/\/premiumkeszulek.hu\/hu\/termek\/sage-bgr820-kontakt-grill-smart\/#breadcrumb","itemListElement":[{"@type":"ListItem","position":1,"name":"Home","item":"https:\/\/premiumkeszulek.hu\/hu\/"},{"@type":"ListItem","position":2,"name":"Shop","item":"https:\/\/premiumkeszulek.hu\/hu\/shop\/"},{"@type":"ListItem","position":3,"name":"SAGE BGR820 Kontakt grill Smart"}]},{"@type":"WebSite","@id":"https:\/\/premiumkeszulek.hu\/hu\/#website","url":"https:\/\/premiumkeszulek.hu\/hu\/","name":"Pr\u00e9miumK\u00e9sz\u00fcl\u00e9k","description":"","publisher":{"@id":"https:\/\/premiumkeszulek.hu\/hu\/#organization"},"potentialAction":[{"@type":"SearchAction","target":{"@type":"EntryPoint","urlTemplate":"https:\/\/premiumkeszulek.hu\/hu\/?s={search_term_string}"},"query-input":{"@type":"PropertyValueSpecification","valueRequired":true,"valueName":"search_term_string"}}],"inLanguage":"hu"},{"@type":"Organization","@id":"https:\/\/premiumkeszulek.hu\/hu\/#organization","name":"Pr\u00e9miumK\u00e9sz\u00fcl\u00e9k","alternateName":"HPH Special Kft","url":"https:\/\/premiumkeszulek.hu\/hu\/","logo":{"@type":"ImageObject","inLanguage":"hu","@id":"https:\/\/premiumkeszulek.hu\/hu\/#\/schema\/logo\/image\/","url":"http:\/\/premiumkeszulek.hu\/wp-content\/uploads\/2025\/03\/TURKIZLOGO-kicsi.png","contentUrl":"http:\/\/premiumkeszulek.hu\/wp-content\/uploads\/2025\/03\/TURKIZLOGO-kicsi.png","width":1600,"height":547,"caption":"Pr\u00e9miumK\u00e9sz\u00fcl\u00e9k"},"image":{"@id":"https:\/\/premiumkeszulek.hu\/hu\/#\/schema\/logo\/image\/"},"sameAs":["https:\/\/www.facebook.com\/konyhaluxnet","https:\/\/www.instagram.com\/konyhaluxnet\/#"],"email":"info@premiumkeszulek.hu","telephone":"36 1 \/ 226-1992","legalName":"HPH Special Kft","vatID":"HU12549502","taxID":"12549502","hasMerchantReturnPolicy":{"@type":"MerchantReturnPolicy","merchantReturnLink":"https:\/\/premiumkeszulek.hu\/hu\/altalanos-szerzodesi-es-felhasznalasi-feltetelek\/"}}]},"product_brand":"Sage","product_price_amount":"149991","product_price_currency":"HUF","og_availability":"instock","product_availability":"instock","product_retailer_item_id":"41007007","product_condition":"new"},"jetpack_publicize_connections":[],"jetpack_likes_enabled":true,"jetpack_sharing_enabled":true,"jetpack-related-posts":[],"_links":{"self":[{"href":"https:\/\/premiumkeszulek.hu\/hu\/wp-json\/wp\/v2\/product\/71899","targetHints":{"allow":["GET"]}}],"collection":[{"href":"https:\/\/premiumkeszulek.hu\/hu\/wp-json\/wp\/v2\/product"}],"about":[{"href":"https:\/\/premiumkeszulek.hu\/hu\/wp-json\/wp\/v2\/types\/product"}],"replies":[{"embeddable":true,"href":"https:\/\/premiumkeszulek.hu\/hu\/wp-json\/wp\/v2\/comments?post=71899"}],"wp:featuredmedia":[{"embeddable":true,"href":"https:\/\/premiumkeszulek.hu\/hu\/wp-json\/wp\/v2\/media\/71898"}],"wp:attachment":[{"href":"https:\/\/premiumkeszulek.hu\/hu\/wp-json\/wp\/v2\/media?parent=71899"}],"wp:term":[{"taxonomy":"product_brand","embeddable":true,"href":"https:\/\/premiumkeszulek.hu\/hu\/wp-json\/wp\/v2\/product_brand?post=71899"},{"taxonomy":"product_cat","embeddable":true,"href":"https:\/\/premiumkeszulek.hu\/hu\/wp-json\/wp\/v2\/product_cat?post=71899"},{"taxonomy":"product_tag","embeddable":true,"href":"https:\/\/premiumkeszulek.hu\/hu\/wp-json\/wp\/v2\/product_tag?post=71899"},{"taxonomy":"woo-feed-brand","embeddable":true,"href":"https:\/\/premiumkeszulek.hu\/hu\/wp-json\/wp\/v2\/woo-feed-brand?post=71899"}],"curies":[{"name":"wp","href":"https:\/\/api.w.org\/{rel}","templated":true}]}}