{"id":71786,"date":"2025-12-07T13:16:21","date_gmt":"2025-12-07T12:16:21","guid":{"rendered":"https:\/\/premiumkeszulek.hu\/product\/neff-v68yhl4b0-indukcios-lap-beepitett-elszivoval-flex-design-matt-black-twist-touch-vezerles-80cm-collection\/"},"modified":"2026-04-02T18:39:26","modified_gmt":"2026-04-02T16:39:26","slug":"neff-v68yhl4b0-indukcios-lap-beepitett-elszivoval-flex-design-matt-black-twist-touch-vezerles-80cm-collection","status":"publish","type":"product","link":"https:\/\/premiumkeszulek.hu\/hu\/termek\/neff-v68yhl4b0-indukcios-lap-beepitett-elszivoval-flex-design-matt-black-twist-touch-vezerles-80cm-collection\/","title":{"rendered":"Neff V68YHL4B0 indukci\u00f3s lap be\u00e9p\u00edtett elsz\u00edv\u00f3val Flex Design Matt Black Twist Touch vez\u00e9rl\u00e9s 80cm Collection"},"content":{"rendered":"<div class=\"loadbeeTabContent\" data-loadbee-apikey=\"bVxDWaSdseFz5PWWtvKmAkGr88n6WXYY\" data-loadbee-gtin=\"4242004287315\n\n\" data-loadbee-locale=\"hu_HU\">\u00a0\n<\/div>\n<p><script async src=\"https:\/\/cdn.loadbee.com\/js\/loadbee_integration.js\"><\/script><script type=\"text\/javascript\"\nsrc=\"https:\/\/tracking.channelsight.com\/api\/tracking\/v2\/Init\">\n<\/script>[BusinessBox-neff-elektromos_fozolap]<\/p>\n","protected":false},"excerpt":{"rendered":"<p>A lakberendez\u00e9si trendek a matt fel\u00fcletek fel\u00e9 terel\u0151dnek. A megszokott f\u00e9nyes fel\u00fcletekkel szemben az \u00faj matt f\u0151z\u0151lapok sokkal diszkr\u00e9tebbek \u00e9s visszafogottan illeszkednek a konyh\u00e1ba. Az igazi m\u00e9lyfekete kivitel ellen\u00e9re a kezel\u0151fel\u00fclet tov\u00e1bbra is k\u00f6nnyen l\u00e1that\u00f3 marad. A matt fel\u00fcletet k\u00f6nny\u0171 tiszt\u00edtani: az ujjlenyomatok kev\u00e9sb\u00e9 l\u00e1tszanak \u00e9s az utols\u00f3 t\u00f6rl\u00e9s ut\u00e1n sem maradnak cs\u00edkok, tov\u00e1bb\u00e1 a fel\u00fcleten 5-sz\u00f6r kevesebb l\u00e1that\u00f3 karcol\u00e1s van, mint a f\u00e9nyes fel\u00fcleteken.1 1l\u00e1bjegyzet: A Schott CERAN\u00ae matt sorozat \u00e9s a standard \u00fcvegker\u00e1mia bels\u0151 laborat\u00f3riumi tesztek keret\u00e9ben v\u00e9gzett \u00f6sszehasonl\u00edt\u00e1sa szerint: egy\u00e9ni szubjekt\u00edv \u00f6sszehasonl\u00edt\u00e1sok (m\u00e9r\u00e9s nem lehets\u00e9ges), az eredm\u00e9ny a f\u00e9nyforr\u00e1ssal, a l\u00e1t\u00f3sz\u00f6ggel, az elp\u00e1rolg\u00e1ssal \u00e9s a haszn\u00e1lt szivacs min\u0151s\u00e9g\u00e9vel f\u00fcgg \u00f6ssze. Egy tart\u00f3san letisztult design.<\/p>\n<p>Az indukci\u00f3s f\u0151z\u0151lap a be\u00e9p\u00edtett elsz\u00edv\u00e1ssal k\u00e9t k\u00e9sz\u00fcl\u00e9ket egyes\u00edt, hogy k\u00e9nyelmesebb legyen a f\u0151z\u00e9s.<\/p>\n<p> \u00a0 Matt Fekete Design: K\u00f6nnyen tiszt\u00edthat\u00f3, kev\u00e9sb\u00e9 l\u00e1that\u00f3 ujjlenyomatok \u00e9s karcol\u00e1sok a matt fel\u00fclet\u00e9nek k\u00f6sz\u00f6nhet\u0151en.<br \/>\n\t\u00a0 \u00a0 Twist Touch\u00ae: a f\u0151z\u0151lap ujjmozdulattal t\u00f6rt\u00e9n\u0151 vez\u00e9rl\u00e9se.<br \/>\n\t\u00a0 \u00a0 Flex Design: szem\u00e9lyre szabott f\u0151z\u0151lap k\u00fcl\u00f6n kaphat\u00f3, n\u00e9gy sz\u00ednben el\u00e9rhet\u0151 keretelemekkel.<br \/>\n\t\u00a0 \u00a0 Intuit\u00edv hossz\u00fa Flex z\u00f3na: A f\u0151z\u0151lapja 25%-kal nagyobb f\u0151z\u0151z\u00f3n\u00e1kkal automatikusan \u00e9rz\u00e9keli a konyhai ed\u00e9nyeket.<br \/>\n\t\u00a0 \u00a0 Intuit\u00edv Flex z\u00f3n\u00e1k: helyezze ide ed\u00e9nyeit! Azonnal felismeri a m\u00e9ret\u00e9t, alakj\u00e1t \u00e9s helyzet\u00e9t.<\/p>","protected":false},"featured_media":71785,"comment_status":"closed","ping_status":"closed","template":"","meta":{"_crdt_document":"","content-type":"","jetpack_post_was_ever_published":false,"jetpack_publicize_message":"","jetpack_publicize_feature_enabled":true,"jetpack_social_post_already_shared":true,"jetpack_social_options":{"image_generator_settings":{"template":"highway","default_image_id":0,"font":"","enabled":false},"version":2},"_wpas_customize_per_network":false},"product_brand":[1570],"product_cat":[1522,1526,1527],"product_tag":[],"woo-feed-brand":[],"class_list":{"0":"post-71786","1":"product","2":"type-product","3":"status-publish","4":"has-post-thumbnail","6":"product_brand-neff","7":"product_cat-beepitheto-indukcios-fozolap","8":"product_cat-fozolap","9":"product_cat-sutok-es-fozolapok","10":"product_shipping_class-100000felett","12":"first","13":"instock","14":"sale","15":"taxable","16":"shipping-taxable","17":"purchasable","18":"product-type-simple"},"yoast_head":"<!-- This site is optimized with the Yoast SEO Premium plugin v26.9 (Yoast SEO v26.9) - https:\/\/yoast.com\/product\/yoast-seo-premium-wordpress\/ -->\n<title>Neff V68YHL4B0 indukci\u00f3s lap be\u00e9p\u00edtett elsz\u00edv\u00f3val Flex Design Matt Black Twist Touch vez\u00e9rl\u00e9s 80cm Collection - Pr\u00e9miumK\u00e9sz\u00fcl\u00e9k<\/title>\n<meta name=\"description\" content=\"A Neff V68YHL4B0 indukci\u00f3s lap a matt fel\u00fcletek \u00faj trendj\u00e1t k\u00e9pviseli! Hozza l\u00e9tre \u00e1lmai konyh\u00e1j\u00e1t ezzel a diszkr\u00e9t \u00e9s eleg\u00e1ns diz\u00e1jnnal.\" \/>\n<meta name=\"robots\" content=\"index, follow, max-snippet:-1, max-image-preview:large, max-video-preview:-1\" \/>\n<link rel=\"canonical\" href=\"https:\/\/premiumkeszulek.hu\/hu\/termek\/neff-v68yhl4b0-indukcios-lap-beepitett-elszivoval-flex-design-matt-black-twist-touch-vezerles-80cm-collection\/\" \/>\n<meta property=\"og:locale\" content=\"hu_HU\" \/>\n<meta property=\"og:type\" content=\"article\" \/>\n<meta property=\"og:title\" content=\"Neff V68YHL4B0 indukci\u00f3s lap be\u00e9p\u00edtett elsz\u00edv\u00f3val Flex Design Matt Black Twist Touch vez\u00e9rl\u00e9s 80cm Collection\" \/>\n<meta property=\"og:description\" content=\"A Neff V68YHL4B0 indukci\u00f3s lap a matt fel\u00fcletek \u00faj trendj\u00e1t k\u00e9pviseli! Hozza l\u00e9tre \u00e1lmai konyh\u00e1j\u00e1t ezzel a diszkr\u00e9t \u00e9s eleg\u00e1ns diz\u00e1jnnal.\" \/>\n<meta property=\"og:url\" content=\"https:\/\/premiumkeszulek.hu\/hu\/termek\/neff-v68yhl4b0-indukcios-lap-beepitett-elszivoval-flex-design-matt-black-twist-touch-vezerles-80cm-collection\/\" \/>\n<meta property=\"og:site_name\" content=\"Pr\u00e9miumK\u00e9sz\u00fcl\u00e9k\" \/>\n<meta property=\"article:publisher\" content=\"https:\/\/www.facebook.com\/konyhaluxnet\" \/>\n<meta property=\"article:modified_time\" content=\"2026-04-02T16:39:26+00:00\" \/>\n<meta property=\"og:image\" content=\"https:\/\/i0.wp.com\/premiumkeszulek.hu\/wp-content\/uploads\/2025\/12\/V68YHL4B0-111.jpg?fit=800%2C800&ssl=1\" \/>\n\t<meta property=\"og:image:width\" content=\"800\" \/>\n\t<meta property=\"og:image:height\" content=\"800\" \/>\n\t<meta property=\"og:image:type\" content=\"image\/jpeg\" \/>\n<meta name=\"twitter:card\" content=\"summary_large_image\" \/>\n<meta name=\"twitter:label1\" content=\"\u00c1r\" \/>\n\t<meta name=\"twitter:data1\" content=\"1.232.055&#070;&#116;\" \/>\n\t<meta name=\"twitter:label2\" content=\"El\u00e9rhet\u0151s\u00e9g\" \/>\n\t<meta name=\"twitter:data2\" content=\"K\u00e9szleten\" \/>\n<script type=\"application\/ld+json\" class=\"yoast-schema-graph\">{\"@context\":\"https:\/\/schema.org\",\"@graph\":[{\"@type\":\"WebPage\",\"@id\":\"https:\/\/premiumkeszulek.hu\/hu\/termek\/neff-v68yhl4b0-indukcios-lap-beepitett-elszivoval-flex-design-matt-black-twist-touch-vezerles-80cm-collection\/\",\"url\":\"https:\/\/premiumkeszulek.hu\/hu\/termek\/neff-v68yhl4b0-indukcios-lap-beepitett-elszivoval-flex-design-matt-black-twist-touch-vezerles-80cm-collection\/\",\"name\":\"Neff V68YHL4B0 indukci\u00f3s lap be\u00e9p\u00edtett elsz\u00edv\u00f3val Flex Design Matt Black Twist Touch vez\u00e9rl\u00e9s 80cm Collection - Pr\u00e9miumK\u00e9sz\u00fcl\u00e9k\",\"isPartOf\":{\"@id\":\"http:\/\/premiumkeszulek.hu\/hu\/#website\"},\"primaryImageOfPage\":{\"@id\":\"https:\/\/premiumkeszulek.hu\/hu\/termek\/neff-v68yhl4b0-indukcios-lap-beepitett-elszivoval-flex-design-matt-black-twist-touch-vezerles-80cm-collection\/#primaryimage\"},\"image\":{\"@id\":\"https:\/\/premiumkeszulek.hu\/hu\/termek\/neff-v68yhl4b0-indukcios-lap-beepitett-elszivoval-flex-design-matt-black-twist-touch-vezerles-80cm-collection\/#primaryimage\"},\"thumbnailUrl\":\"https:\/\/i0.wp.com\/premiumkeszulek.hu\/wp-content\/uploads\/2025\/12\/V68YHL4B0-111.jpg?fit=800%2C800&ssl=1\",\"datePublished\":\"2025-12-07T12:16:21+00:00\",\"dateModified\":\"2026-04-02T16:39:26+00:00\",\"description\":\"A Neff V68YHL4B0 indukci\u00f3s lap a matt fel\u00fcletek \u00faj trendj\u00e1t k\u00e9pviseli! Hozza l\u00e9tre \u00e1lmai konyh\u00e1j\u00e1t ezzel a diszkr\u00e9t \u00e9s eleg\u00e1ns diz\u00e1jnnal.\",\"breadcrumb\":{\"@id\":\"https:\/\/premiumkeszulek.hu\/hu\/termek\/neff-v68yhl4b0-indukcios-lap-beepitett-elszivoval-flex-design-matt-black-twist-touch-vezerles-80cm-collection\/#breadcrumb\"},\"inLanguage\":\"hu\",\"potentialAction\":[{\"@type\":\"ReadAction\",\"target\":[\"https:\/\/premiumkeszulek.hu\/hu\/termek\/neff-v68yhl4b0-indukcios-lap-beepitett-elszivoval-flex-design-matt-black-twist-touch-vezerles-80cm-collection\/\"]}]},{\"@type\":\"ImageObject\",\"inLanguage\":\"hu\",\"@id\":\"https:\/\/premiumkeszulek.hu\/hu\/termek\/neff-v68yhl4b0-indukcios-lap-beepitett-elszivoval-flex-design-matt-black-twist-touch-vezerles-80cm-collection\/#primaryimage\",\"url\":\"https:\/\/i0.wp.com\/premiumkeszulek.hu\/wp-content\/uploads\/2025\/12\/V68YHL4B0-111.jpg?fit=800%2C800&ssl=1\",\"contentUrl\":\"https:\/\/i0.wp.com\/premiumkeszulek.hu\/wp-content\/uploads\/2025\/12\/V68YHL4B0-111.jpg?fit=800%2C800&ssl=1\",\"width\":800,\"height\":800},{\"@type\":\"BreadcrumbList\",\"@id\":\"https:\/\/premiumkeszulek.hu\/hu\/termek\/neff-v68yhl4b0-indukcios-lap-beepitett-elszivoval-flex-design-matt-black-twist-touch-vezerles-80cm-collection\/#breadcrumb\",\"itemListElement\":[{\"@type\":\"ListItem\",\"position\":1,\"name\":\"Home\",\"item\":\"https:\/\/premiumkeszulek.hu\/hu\/\"},{\"@type\":\"ListItem\",\"position\":2,\"name\":\"Shop\",\"item\":\"https:\/\/premiumkeszulek.hu\/hu\/shop\/\"},{\"@type\":\"ListItem\",\"position\":3,\"name\":\"Neff V68YHL4B0 indukci\u00f3s lap be\u00e9p\u00edtett elsz\u00edv\u00f3val Flex Design Matt Black Twist Touch vez\u00e9rl\u00e9s 80cm Collection\"}]},{\"@type\":\"WebSite\",\"@id\":\"http:\/\/premiumkeszulek.hu\/hu\/#website\",\"url\":\"http:\/\/premiumkeszulek.hu\/hu\/\",\"name\":\"Pr\u00e9miumK\u00e9sz\u00fcl\u00e9k\",\"description\":\"\",\"publisher\":{\"@id\":\"http:\/\/premiumkeszulek.hu\/hu\/#organization\"},\"potentialAction\":[{\"@type\":\"SearchAction\",\"target\":{\"@type\":\"EntryPoint\",\"urlTemplate\":\"http:\/\/premiumkeszulek.hu\/hu\/?s={search_term_string}\"},\"query-input\":{\"@type\":\"PropertyValueSpecification\",\"valueRequired\":true,\"valueName\":\"search_term_string\"}}],\"inLanguage\":\"hu\"},{\"@type\":\"Organization\",\"@id\":\"http:\/\/premiumkeszulek.hu\/hu\/#organization\",\"name\":\"Pr\u00e9miumK\u00e9sz\u00fcl\u00e9k\",\"alternateName\":\"HPH Special Kft\",\"url\":\"http:\/\/premiumkeszulek.hu\/hu\/\",\"logo\":{\"@type\":\"ImageObject\",\"inLanguage\":\"hu\",\"@id\":\"http:\/\/premiumkeszulek.hu\/hu\/#\/schema\/logo\/image\/\",\"url\":\"http:\/\/premiumkeszulek.hu\/wp-content\/uploads\/2025\/03\/TURKIZLOGO-kicsi.png\",\"contentUrl\":\"http:\/\/premiumkeszulek.hu\/wp-content\/uploads\/2025\/03\/TURKIZLOGO-kicsi.png\",\"width\":1600,\"height\":547,\"caption\":\"Pr\u00e9miumK\u00e9sz\u00fcl\u00e9k\"},\"image\":{\"@id\":\"http:\/\/premiumkeszulek.hu\/hu\/#\/schema\/logo\/image\/\"},\"sameAs\":[\"https:\/\/www.facebook.com\/konyhaluxnet\",\"https:\/\/www.instagram.com\/konyhaluxnet\/#\"],\"email\":\"info@premiumkeszulek.hu\",\"telephone\":\"36 1 \/ 226-1992\",\"legalName\":\"HPH Special Kft\",\"vatID\":\"HU12549502\",\"taxID\":\"12549502\",\"hasMerchantReturnPolicy\":{\"@type\":\"MerchantReturnPolicy\",\"merchantReturnLink\":\"https:\/\/premiumkeszulek.hu\/hu\/altalanos-szerzodesi-es-felhasznalasi-feltetelek\/\"}}]}<\/script>\n<meta property=\"product:brand\" content=\"Neff\" \/>\n<meta property=\"product:price:amount\" content=\"1232055\" \/>\n<meta property=\"product:price:currency\" content=\"HUF\" \/>\n<meta property=\"og:availability\" content=\"instock\" \/>\n<meta property=\"product:availability\" content=\"instock\" \/>\n<meta property=\"product:retailer_item_id\" content=\"4242004287315\" \/>\n<meta property=\"product:condition\" content=\"new\" \/>\n<!-- \/ Yoast SEO Premium plugin. -->","yoast_head_json":{"title":"Neff V68YHL4B0 indukci\u00f3s lap be\u00e9p\u00edtett elsz\u00edv\u00f3val Flex Design Matt Black Twist Touch vez\u00e9rl\u00e9s 80cm Collection - Pr\u00e9miumK\u00e9sz\u00fcl\u00e9kek","description":"A Neff V68YHL4B0 indukci\u00f3s lap a matt fel\u00fcletek \u00faj trendj\u00e1t k\u00e9pviseli! Hozza l\u00e9tre \u00e1lmai konyh\u00e1j\u00e1t ezzel a diszkr\u00e9t \u00e9s eleg\u00e1ns diz\u00e1jnnal.","robots":{"index":"index","follow":"follow","max-snippet":"max-snippet:-1","max-image-preview":"max-image-preview:large","max-video-preview":"max-video-preview:-1"},"canonical":"https:\/\/premiumkeszulek.hu\/hu\/termek\/neff-v68yhl4b0-indukcios-lap-beepitett-elszivoval-flex-design-matt-black-twist-touch-vezerles-80cm-collection\/","og_locale":"hu_HU","og_type":"article","og_title":"Neff V68YHL4B0 indukci\u00f3s lap be\u00e9p\u00edtett elsz\u00edv\u00f3val Flex Design Matt Black Twist Touch vez\u00e9rl\u00e9s 80cm Collection","og_description":"A Neff V68YHL4B0 indukci\u00f3s lap a matt fel\u00fcletek \u00faj trendj\u00e1t k\u00e9pviseli! Hozza l\u00e9tre \u00e1lmai konyh\u00e1j\u00e1t ezzel a diszkr\u00e9t \u00e9s eleg\u00e1ns diz\u00e1jnnal.","og_url":"https:\/\/premiumkeszulek.hu\/hu\/termek\/neff-v68yhl4b0-indukcios-lap-beepitett-elszivoval-flex-design-matt-black-twist-touch-vezerles-80cm-collection\/","og_site_name":"Pr\u00e9miumK\u00e9sz\u00fcl\u00e9k","article_publisher":"https:\/\/www.facebook.com\/konyhaluxnet","article_modified_time":"2026-04-02T16:39:26+00:00","og_image":[{"width":800,"height":800,"url":"https:\/\/i0.wp.com\/premiumkeszulek.hu\/wp-content\/uploads\/2025\/12\/V68YHL4B0-111.jpg?fit=800%2C800&ssl=1","type":"image\/jpeg"}],"twitter_card":"summary_large_image","twitter_misc":{"\u00c1r":"1.232.055&#70;&#116;","El\u00e9rhet\u0151s\u00e9g":"K\u00e9szleten"},"schema":{"@context":"https:\/\/schema.org","@graph":[{"@type":"WebPage","@id":"https:\/\/premiumkeszulek.hu\/hu\/termek\/neff-v68yhl4b0-indukcios-lap-beepitett-elszivoval-flex-design-matt-black-twist-touch-vezerles-80cm-collection\/","url":"https:\/\/premiumkeszulek.hu\/hu\/termek\/neff-v68yhl4b0-indukcios-lap-beepitett-elszivoval-flex-design-matt-black-twist-touch-vezerles-80cm-collection\/","name":"Neff V68YHL4B0 indukci\u00f3s lap be\u00e9p\u00edtett elsz\u00edv\u00f3val Flex Design Matt Black Twist Touch vez\u00e9rl\u00e9s 80cm Collection - Pr\u00e9miumK\u00e9sz\u00fcl\u00e9kek","isPartOf":{"@id":"http:\/\/premiumkeszulek.hu\/hu\/#website"},"primaryImageOfPage":{"@id":"https:\/\/premiumkeszulek.hu\/hu\/termek\/neff-v68yhl4b0-indukcios-lap-beepitett-elszivoval-flex-design-matt-black-twist-touch-vezerles-80cm-collection\/#primaryimage"},"image":{"@id":"https:\/\/premiumkeszulek.hu\/hu\/termek\/neff-v68yhl4b0-indukcios-lap-beepitett-elszivoval-flex-design-matt-black-twist-touch-vezerles-80cm-collection\/#primaryimage"},"thumbnailUrl":"https:\/\/i0.wp.com\/premiumkeszulek.hu\/wp-content\/uploads\/2025\/12\/V68YHL4B0-111.jpg?fit=800%2C800&ssl=1","datePublished":"2025-12-07T12:16:21+00:00","dateModified":"2026-04-02T16:39:26+00:00","description":"A Neff V68YHL4B0 indukci\u00f3s lap a matt fel\u00fcletek \u00faj trendj\u00e1t k\u00e9pviseli! Hozza l\u00e9tre \u00e1lmai konyh\u00e1j\u00e1t ezzel a diszkr\u00e9t \u00e9s eleg\u00e1ns diz\u00e1jnnal.","breadcrumb":{"@id":"https:\/\/premiumkeszulek.hu\/hu\/termek\/neff-v68yhl4b0-indukcios-lap-beepitett-elszivoval-flex-design-matt-black-twist-touch-vezerles-80cm-collection\/#breadcrumb"},"inLanguage":"hu","potentialAction":[{"@type":"ReadAction","target":["https:\/\/premiumkeszulek.hu\/hu\/termek\/neff-v68yhl4b0-indukcios-lap-beepitett-elszivoval-flex-design-matt-black-twist-touch-vezerles-80cm-collection\/"]}]},{"@type":"ImageObject","inLanguage":"hu","@id":"https:\/\/premiumkeszulek.hu\/hu\/termek\/neff-v68yhl4b0-indukcios-lap-beepitett-elszivoval-flex-design-matt-black-twist-touch-vezerles-80cm-collection\/#primaryimage","url":"https:\/\/i0.wp.com\/premiumkeszulek.hu\/wp-content\/uploads\/2025\/12\/V68YHL4B0-111.jpg?fit=800%2C800&ssl=1","contentUrl":"https:\/\/i0.wp.com\/premiumkeszulek.hu\/wp-content\/uploads\/2025\/12\/V68YHL4B0-111.jpg?fit=800%2C800&ssl=1","width":800,"height":800},{"@type":"BreadcrumbList","@id":"https:\/\/premiumkeszulek.hu\/hu\/termek\/neff-v68yhl4b0-indukcios-lap-beepitett-elszivoval-flex-design-matt-black-twist-touch-vezerles-80cm-collection\/#breadcrumb","itemListElement":[{"@type":"ListItem","position":1,"name":"Home","item":"https:\/\/premiumkeszulek.hu\/hu\/"},{"@type":"ListItem","position":2,"name":"Shop","item":"https:\/\/premiumkeszulek.hu\/hu\/shop\/"},{"@type":"ListItem","position":3,"name":"Neff V68YHL4B0 indukci\u00f3s lap be\u00e9p\u00edtett elsz\u00edv\u00f3val Flex Design Matt Black Twist Touch vez\u00e9rl\u00e9s 80cm Collection"}]},{"@type":"WebSite","@id":"http:\/\/premiumkeszulek.hu\/hu\/#website","url":"http:\/\/premiumkeszulek.hu\/hu\/","name":"Pr\u00e9miumK\u00e9sz\u00fcl\u00e9k","description":"","publisher":{"@id":"http:\/\/premiumkeszulek.hu\/hu\/#organization"},"potentialAction":[{"@type":"SearchAction","target":{"@type":"EntryPoint","urlTemplate":"http:\/\/premiumkeszulek.hu\/hu\/?s={search_term_string}"},"query-input":{"@type":"PropertyValueSpecification","valueRequired":true,"valueName":"search_term_string"}}],"inLanguage":"hu"},{"@type":"Organization","@id":"http:\/\/premiumkeszulek.hu\/hu\/#organization","name":"Pr\u00e9miumK\u00e9sz\u00fcl\u00e9k","alternateName":"HPH Special Kft","url":"http:\/\/premiumkeszulek.hu\/hu\/","logo":{"@type":"ImageObject","inLanguage":"hu","@id":"http:\/\/premiumkeszulek.hu\/hu\/#\/schema\/logo\/image\/","url":"http:\/\/premiumkeszulek.hu\/wp-content\/uploads\/2025\/03\/TURKIZLOGO-kicsi.png","contentUrl":"http:\/\/premiumkeszulek.hu\/wp-content\/uploads\/2025\/03\/TURKIZLOGO-kicsi.png","width":1600,"height":547,"caption":"Pr\u00e9miumK\u00e9sz\u00fcl\u00e9k"},"image":{"@id":"http:\/\/premiumkeszulek.hu\/hu\/#\/schema\/logo\/image\/"},"sameAs":["https:\/\/www.facebook.com\/konyhaluxnet","https:\/\/www.instagram.com\/konyhaluxnet\/#"],"email":"info@premiumkeszulek.hu","telephone":"36 1 \/ 226-1992","legalName":"HPH Special Kft","vatID":"HU12549502","taxID":"12549502","hasMerchantReturnPolicy":{"@type":"MerchantReturnPolicy","merchantReturnLink":"https:\/\/premiumkeszulek.hu\/hu\/altalanos-szerzodesi-es-felhasznalasi-feltetelek\/"}}]},"product_brand":"Neff","product_price_amount":"1232055","product_price_currency":"HUF","og_availability":"instock","product_availability":"instock","product_retailer_item_id":"4242004287315","product_condition":"new"},"jetpack_publicize_connections":[],"jetpack_likes_enabled":true,"jetpack_sharing_enabled":true,"jetpack-related-posts":[],"_links":{"self":[{"href":"https:\/\/premiumkeszulek.hu\/hu\/wp-json\/wp\/v2\/product\/71786","targetHints":{"allow":["GET"]}}],"collection":[{"href":"https:\/\/premiumkeszulek.hu\/hu\/wp-json\/wp\/v2\/product"}],"about":[{"href":"https:\/\/premiumkeszulek.hu\/hu\/wp-json\/wp\/v2\/types\/product"}],"replies":[{"embeddable":true,"href":"https:\/\/premiumkeszulek.hu\/hu\/wp-json\/wp\/v2\/comments?post=71786"}],"wp:featuredmedia":[{"embeddable":true,"href":"https:\/\/premiumkeszulek.hu\/hu\/wp-json\/wp\/v2\/media\/71785"}],"wp:attachment":[{"href":"https:\/\/premiumkeszulek.hu\/hu\/wp-json\/wp\/v2\/media?parent=71786"}],"wp:term":[{"taxonomy":"product_brand","embeddable":true,"href":"https:\/\/premiumkeszulek.hu\/hu\/wp-json\/wp\/v2\/product_brand?post=71786"},{"taxonomy":"product_cat","embeddable":true,"href":"https:\/\/premiumkeszulek.hu\/hu\/wp-json\/wp\/v2\/product_cat?post=71786"},{"taxonomy":"product_tag","embeddable":true,"href":"https:\/\/premiumkeszulek.hu\/hu\/wp-json\/wp\/v2\/product_tag?post=71786"},{"taxonomy":"woo-feed-brand","embeddable":true,"href":"https:\/\/premiumkeszulek.hu\/hu\/wp-json\/wp\/v2\/woo-feed-brand?post=71786"}],"curies":[{"name":"wp","href":"https:\/\/api.w.org\/{rel}","templated":true}]}}