{"id":7126,"date":"2025-02-12T20:59:10","date_gmt":"2025-02-12T19:59:10","guid":{"rendered":"https:\/\/premiumkeszulek.hu\/product\/smeg-cpf120igmpwh-portofino-kombinalt-tuzhely-feher-120cm\/"},"modified":"2026-04-02T18:39:30","modified_gmt":"2026-04-02T16:39:30","slug":"smeg-cpf120igmpwh-portofino-kombinalt-tuzhely-feher-120cm","status":"publish","type":"product","link":"https:\/\/premiumkeszulek.hu\/hu\/termek\/smeg-cpf120igmpwh-portofino-kombinalt-tuzhely-feher-120cm\/","title":{"rendered":"Smeg CPF120IGMPWH Portofino kombin\u00e1lt t\u0171zhely feh\u00e9r 120cm"},"content":{"rendered":"<p><strong>PORTOFINO<\/strong><br \/>\n\tA Portofino term\u00e9kcsal\u00e1dot Liguria kik\u00f6t\u0151inek mediterr\u00e1n \u00e1rnyalatai ihlett\u00e9k, \u00edgy nem csoda, hogy olaszos romantik\u00e1t \u00e9s boldogs\u00e1got hoz<br \/>\n\ta konyh\u00e1ba.\n<\/p>\n<p><strong>EGY DESIGN, AMI MINDEN T\u00c9RHEZ PASSZOL A PORTOFINO<\/strong><br \/>\n\t\u00a0term\u00e9kcsal\u00e1d 8 k\u00fcl\u00f6nb\u00f6z\u0151 sz\u00ednben \u00e9rhet\u0151 el 3 k\u00fcl\u00f6nb\u00f6z\u0151 konfigur\u00e1ci\u00f3val:<br \/>\n\t90 cm-es t\u0171zhely g\u00e1z vagy indukci\u00f3s indukci\u00f3s f\u0151z\u0151lappal, illetve a nagyobb t\u00e9rrel rendelkez\u0151k sz\u00e1m\u00e1ra egy 120 cm-es vegyes f\u0151z\u0151lappal<br \/>\n\trendelkez\u0151 modell is kaphat\u00f3. \u00c9l\u00e9nk sz\u00edneivel \u00e9s karakteres megjelen\u00e9s\u00e9vel b\u00e1rmely konyha \u00e9kk\u00f6ve lehet.\n<\/p>\n<p><strong>ENERGIAHAT\u00c9KONY S\u00dcT\u00c9S<\/strong><br \/>\n\tA s\u00fct\u0151k innovat\u00edv elektronikus h\u0151m\u00e9rs\u00e9kletszab\u00e1lyoz\u00f3 rendszere alkalmazkodik minden f\u0151z\u00e9si folyamathoz. A f\u0151z\u00e9si h\u0151m\u00e9rs\u00e9klet<br \/>\n\tprec\u00edz szab\u00e1lyoz\u00e1sa lehet\u0151v\u00e9 teszi az energiafogyaszt\u00e1s tov\u00e1bbi cs\u00f6kkent\u00e9s\u00e9t, hozz\u00e1j\u00e1rulva a k\u00e9sz\u00fcl\u00e9kek k\u00f6rnyezetbar\u00e1-<br \/>\n\ttabb\u00e1 t\u00e9tel\u00e9hez, a SMEG filoz\u00f3fi\u00e1j\u00e1val \u00f6sszhangban.\n<\/p>\n<p><strong>XXL-ES S\u00dcT\u0150T\u00c9R \u00c9S S\u00dcT\u00c9S PIZZAK\u00d6V\u00d6N<\/strong><br \/>\n\tA Portofino g\u00e1z f\u0151z\u0151lapos t\u0171zhely extra nagy, 126 literes s\u00fct\u0151tere m\u00e9g t\u00f6bb helyet biztos\u00edt azoknak, akik egyszerre t\u00f6bb \u00e9telt is adnak.<br \/>\n\tszeretn\u00e9nek elk\u00e9sz\u00edteni a s\u00fct\u0151ben, an\u00e9lk\u00fcl, hogy az \u00edzek \u00e9s illatok keveredn\u00e9nek. A s\u00fct\u0151be helyezhet\u0151 s\u00fct\u0151lap seg\u00edts\u00e9g\u00e9vel<br \/>\n\tgyorsan \u00e9s k\u00f6nnyen k\u00e9sz\u00edthet\u00fcnk kenyeret, s\u00fctem\u00e9nyeket, halat, z\u00f6lds\u00e9ges \u00e9teleket vagy<br \/>\n\tpizz\u00e1t, s\u0151t a Turbo funkci\u00f3 haszn\u00e1lat\u00e1val ak\u00e1r k\u00e9t pizz\u00e1t is s\u00fcthet\u00fcnk egyszerre.\n<\/p>\n<p> - 120 x 60 cm<br \/>\n\t- 11 vez\u00e9rl\u0151gomb<br \/>\n\tF\u0150Z\u0150LAP:<br \/>\n\t- 3 g\u00e1z\u00e9g\u0151 (melyb\u0151l<br \/>\n\t1 db 4,2 kW-os WOK \u00e9g\u0151)<br \/>\n\t- \u00f6nt\u00f6ttvas ed\u00e9nytart\u00f3 r\u00e1csok<br \/>\n\t- elektronikus szikragy\u00fajt\u00e1s<br \/>\n\t- biztons\u00e1gi szelepek<br \/>\n\t- PB g\u00e1zra is alak\u00edthat\u00f3<br \/>\n\t(f\u00fav\u00f3k\u00e1k a csomagban)<br \/>\n\t- Teppanyaki f\u0151z\u0151z\u00f3na<br \/>\n\t- 2 booster indukci\u00f3s z\u00f3na<br \/>\n\t- ed\u00e9nyfelismer\u00e9s<br \/>\n\t- t\u00falmeleged\u00e9s elleni v\u00e9delem<br \/>\n\taz indukci\u00f3s f\u0151z\u0151lapn\u00e1l<br \/>\n\t- marad\u00e9kh\u0151 visszajelz\u00e9s<br \/>\n\tS\u00dcT\u0150:<br \/>\n\t- 9 s\u00fct\u00e9si funkci\u00f3 az 1. s\u00fct\u0151t\u00e9rben<br \/>\n\t- 8 s\u00fct\u00e9si funkci\u00f3 a 2. s\u00fct\u0151t\u00e9rben<br \/>\n\t- pirolitikus tiszt\u00edt\u00e1s az 1. s\u00fct\u0151t\u00e9rben<br \/>\n\t- 4 r\u00e9teg\u0171 \u00fcvegajt\u00f3<br \/>\n\ta f\u0151 s\u00fct\u0151t\u00e9r eset\u00e9ben<br \/>\n\t- 2 r\u00e9teg\u0171 \u00fcvegajt\u00f3<br \/>\n\ta 2. s\u00fct\u0151t\u00e9r eset\u00e9ben<br \/>\n\t- 70 l 1. \u00e9s 2. s\u00fct\u0151t\u00e9r \u0171rtartalom<br \/>\n\t- tartoz\u00e9kok: 4 db tepsi, 2 p\u00e1r<br \/>\n\tteljesen kih\u00fazhat\u00f3 teleszk\u00f3pos<br \/>\n\ts\u00fct\u0151s\u00edn, 2 db grillr\u00e1cs,<br \/>\n\t1 db h\u0151m\u00e9r\u0151 szonda<\/p>","protected":false},"excerpt":{"rendered":"<p><iframe src=\" https:\/\/www.mbhbank.hu\/sfcalculation\/?ar=[PRICE]&#038;partner=DX030&#038;konstrukcio=DLSK14\" width=\"100%\" height=\"500\" frameborder=\"0\" scrolling=\"yes\" align=\"left\"><\/iframe><\/p>\n","protected":false},"featured_media":7125,"comment_status":"closed","ping_status":"closed","template":"","meta":{"_crdt_document":"","content-type":"","jetpack_post_was_ever_published":false,"jetpack_publicize_message":"","jetpack_publicize_feature_enabled":true,"jetpack_social_post_already_shared":true,"jetpack_social_options":{"image_generator_settings":{"template":"highway","default_image_id":0,"font":"","enabled":false},"version":2},"_wpas_customize_per_network":false},"product_brand":[1634],"product_cat":[1527,1643],"product_tag":[],"woo-feed-brand":[],"class_list":{"0":"post-7126","1":"product","2":"type-product","3":"status-publish","4":"has-post-thumbnail","6":"product_brand-smeg","7":"product_cat-sutok-es-fozolapok","8":"product_cat-tuzhelyek","9":"product_shipping_class-100000felett","11":"first","12":"onbackorder","13":"sale","14":"taxable","15":"shipping-taxable","16":"purchasable","17":"product-type-simple"},"yoast_head":"<!-- This site is optimized with the Yoast SEO Premium plugin v26.9 (Yoast SEO v26.9) - https:\/\/yoast.com\/product\/yoast-seo-premium-wordpress\/ -->\n<title>Smeg CPF120IGMPWH Portofino kombin\u00e1lt t\u0171zhely feh\u00e9r 120cm - Pr\u00e9miumK\u00e9sz\u00fcl\u00e9k<\/title>\n<meta name=\"description\" content=\"\u00c9l\u00e9nk sz\u00ednek \u00e9s innovat\u00edv technol\u00f3gia! A Smeg CPF120IGMPWH Portofino kombin\u00e1lt t\u0171zhely t\u00f6k\u00e9letes v\u00e1laszt\u00e1s minden h\u00e1ztart\u00e1sba. Rendelje meg most!\" \/>\n<meta name=\"robots\" content=\"index, follow, max-snippet:-1, max-image-preview:large, max-video-preview:-1\" \/>\n<link rel=\"canonical\" href=\"https:\/\/premiumkeszulek.hu\/hu\/termek\/smeg-cpf120igmpwh-portofino-kombinalt-tuzhely-feher-120cm\/\" \/>\n<meta property=\"og:locale\" content=\"hu_HU\" \/>\n<meta property=\"og:type\" content=\"article\" \/>\n<meta property=\"og:title\" content=\"Smeg CPF120IGMPWH Portofino kombin\u00e1lt t\u0171zhely feh\u00e9r 120cm\" \/>\n<meta property=\"og:description\" content=\"\u00c9l\u00e9nk sz\u00ednek \u00e9s innovat\u00edv technol\u00f3gia! A Smeg CPF120IGMPWH Portofino kombin\u00e1lt t\u0171zhely t\u00f6k\u00e9letes v\u00e1laszt\u00e1s minden h\u00e1ztart\u00e1sba. Rendelje meg most!\" \/>\n<meta property=\"og:url\" content=\"https:\/\/premiumkeszulek.hu\/hu\/termek\/smeg-cpf120igmpwh-portofino-kombinalt-tuzhely-feher-120cm\/\" \/>\n<meta property=\"og:site_name\" content=\"Pr\u00e9miumK\u00e9sz\u00fcl\u00e9k\" \/>\n<meta property=\"article:publisher\" content=\"https:\/\/www.facebook.com\/konyhaluxnet\" \/>\n<meta property=\"article:modified_time\" content=\"2026-04-02T16:39:30+00:00\" \/>\n<meta property=\"og:image\" content=\"https:\/\/i0.wp.com\/premiumkeszulek.hu\/wp-content\/uploads\/2025\/02\/CPF120IGMPWH-111.jpg?fit=800%2C800&ssl=1\" \/>\n\t<meta property=\"og:image:width\" content=\"800\" \/>\n\t<meta property=\"og:image:height\" content=\"800\" \/>\n\t<meta property=\"og:image:type\" content=\"image\/jpeg\" \/>\n<meta name=\"twitter:card\" content=\"summary_large_image\" \/>\n<meta name=\"twitter:label1\" content=\"\u00c1r\" \/>\n\t<meta name=\"twitter:data1\" content=\"3.855.005&#070;&#116;\" \/>\n\t<meta name=\"twitter:label2\" content=\"El\u00e9rhet\u0151s\u00e9g\" \/>\n\t<meta name=\"twitter:data2\" content=\"Beszerz\u00e9s alatt\" \/>\n<script type=\"application\/ld+json\" class=\"yoast-schema-graph\">{\"@context\":\"https:\/\/schema.org\",\"@graph\":[{\"@type\":\"WebPage\",\"@id\":\"https:\/\/premiumkeszulek.hu\/hu\/termek\/smeg-cpf120igmpwh-portofino-kombinalt-tuzhely-feher-120cm\/\",\"url\":\"https:\/\/premiumkeszulek.hu\/hu\/termek\/smeg-cpf120igmpwh-portofino-kombinalt-tuzhely-feher-120cm\/\",\"name\":\"Smeg CPF120IGMPWH Portofino kombin\u00e1lt t\u0171zhely feh\u00e9r 120cm - Pr\u00e9miumK\u00e9sz\u00fcl\u00e9k\",\"isPartOf\":{\"@id\":\"http:\/\/premiumkeszulek.hu\/hu\/#website\"},\"primaryImageOfPage\":{\"@id\":\"https:\/\/premiumkeszulek.hu\/hu\/termek\/smeg-cpf120igmpwh-portofino-kombinalt-tuzhely-feher-120cm\/#primaryimage\"},\"image\":{\"@id\":\"https:\/\/premiumkeszulek.hu\/hu\/termek\/smeg-cpf120igmpwh-portofino-kombinalt-tuzhely-feher-120cm\/#primaryimage\"},\"thumbnailUrl\":\"https:\/\/i0.wp.com\/premiumkeszulek.hu\/wp-content\/uploads\/2025\/02\/CPF120IGMPWH-111.jpg?fit=800%2C800&ssl=1\",\"datePublished\":\"2025-02-12T19:59:10+00:00\",\"dateModified\":\"2026-04-02T16:39:30+00:00\",\"description\":\"\u00c9l\u00e9nk sz\u00ednek \u00e9s innovat\u00edv technol\u00f3gia! A Smeg CPF120IGMPWH Portofino kombin\u00e1lt t\u0171zhely t\u00f6k\u00e9letes v\u00e1laszt\u00e1s minden h\u00e1ztart\u00e1sba. Rendelje meg most!\",\"breadcrumb\":{\"@id\":\"https:\/\/premiumkeszulek.hu\/hu\/termek\/smeg-cpf120igmpwh-portofino-kombinalt-tuzhely-feher-120cm\/#breadcrumb\"},\"inLanguage\":\"hu\",\"potentialAction\":[{\"@type\":\"ReadAction\",\"target\":[\"https:\/\/premiumkeszulek.hu\/hu\/termek\/smeg-cpf120igmpwh-portofino-kombinalt-tuzhely-feher-120cm\/\"]}]},{\"@type\":\"ImageObject\",\"inLanguage\":\"hu\",\"@id\":\"https:\/\/premiumkeszulek.hu\/hu\/termek\/smeg-cpf120igmpwh-portofino-kombinalt-tuzhely-feher-120cm\/#primaryimage\",\"url\":\"https:\/\/i0.wp.com\/premiumkeszulek.hu\/wp-content\/uploads\/2025\/02\/CPF120IGMPWH-111.jpg?fit=800%2C800&ssl=1\",\"contentUrl\":\"https:\/\/i0.wp.com\/premiumkeszulek.hu\/wp-content\/uploads\/2025\/02\/CPF120IGMPWH-111.jpg?fit=800%2C800&ssl=1\",\"width\":800,\"height\":800},{\"@type\":\"BreadcrumbList\",\"@id\":\"https:\/\/premiumkeszulek.hu\/hu\/termek\/smeg-cpf120igmpwh-portofino-kombinalt-tuzhely-feher-120cm\/#breadcrumb\",\"itemListElement\":[{\"@type\":\"ListItem\",\"position\":1,\"name\":\"Home\",\"item\":\"https:\/\/premiumkeszulek.hu\/hu\/\"},{\"@type\":\"ListItem\",\"position\":2,\"name\":\"Shop\",\"item\":\"https:\/\/premiumkeszulek.hu\/hu\/shop\/\"},{\"@type\":\"ListItem\",\"position\":3,\"name\":\"Smeg CPF120IGMPWH Portofino kombin\u00e1lt t\u0171zhely feh\u00e9r 120cm\"}]},{\"@type\":\"WebSite\",\"@id\":\"http:\/\/premiumkeszulek.hu\/hu\/#website\",\"url\":\"http:\/\/premiumkeszulek.hu\/hu\/\",\"name\":\"Pr\u00e9miumK\u00e9sz\u00fcl\u00e9k\",\"description\":\"\",\"publisher\":{\"@id\":\"http:\/\/premiumkeszulek.hu\/hu\/#organization\"},\"potentialAction\":[{\"@type\":\"SearchAction\",\"target\":{\"@type\":\"EntryPoint\",\"urlTemplate\":\"http:\/\/premiumkeszulek.hu\/hu\/?s={search_term_string}\"},\"query-input\":{\"@type\":\"PropertyValueSpecification\",\"valueRequired\":true,\"valueName\":\"search_term_string\"}}],\"inLanguage\":\"hu\"},{\"@type\":\"Organization\",\"@id\":\"http:\/\/premiumkeszulek.hu\/hu\/#organization\",\"name\":\"Pr\u00e9miumK\u00e9sz\u00fcl\u00e9k\",\"alternateName\":\"HPH Special Kft\",\"url\":\"http:\/\/premiumkeszulek.hu\/hu\/\",\"logo\":{\"@type\":\"ImageObject\",\"inLanguage\":\"hu\",\"@id\":\"http:\/\/premiumkeszulek.hu\/hu\/#\/schema\/logo\/image\/\",\"url\":\"http:\/\/premiumkeszulek.hu\/wp-content\/uploads\/2025\/03\/TURKIZLOGO-kicsi.png\",\"contentUrl\":\"http:\/\/premiumkeszulek.hu\/wp-content\/uploads\/2025\/03\/TURKIZLOGO-kicsi.png\",\"width\":1600,\"height\":547,\"caption\":\"Pr\u00e9miumK\u00e9sz\u00fcl\u00e9k\"},\"image\":{\"@id\":\"http:\/\/premiumkeszulek.hu\/hu\/#\/schema\/logo\/image\/\"},\"sameAs\":[\"https:\/\/www.facebook.com\/konyhaluxnet\",\"https:\/\/www.instagram.com\/konyhaluxnet\/#\"],\"email\":\"info@premiumkeszulek.hu\",\"telephone\":\"36 1 \/ 226-1992\",\"legalName\":\"HPH Special Kft\",\"vatID\":\"HU12549502\",\"taxID\":\"12549502\",\"hasMerchantReturnPolicy\":{\"@type\":\"MerchantReturnPolicy\",\"merchantReturnLink\":\"https:\/\/premiumkeszulek.hu\/hu\/altalanos-szerzodesi-es-felhasznalasi-feltetelek\/\"}}]}<\/script>\n<meta property=\"product:brand\" content=\"Smeg\" \/>\n<meta property=\"product:price:amount\" content=\"3855005\" \/>\n<meta property=\"product:price:currency\" content=\"HUF\" \/>\n<meta property=\"og:availability\" content=\"backorder\" \/>\n<meta property=\"product:availability\" content=\"available for order\" \/>\n<meta property=\"product:retailer_item_id\" content=\"CPF120IGMPWH\" \/>\n<meta property=\"product:condition\" content=\"new\" \/>\n<!-- \/ Yoast SEO Premium plugin. -->","yoast_head_json":{"title":"Smeg CPF120IGMPWH Portofino kombin\u00e1lt t\u0171zhely feh\u00e9r 120cm - Pr\u00e9miumK\u00e9sz\u00fcl\u00e9k","description":"\u00c9l\u00e9nk sz\u00ednek \u00e9s innovat\u00edv technol\u00f3gia! A Smeg CPF120IGMPWH Portofino kombin\u00e1lt t\u0171zhely t\u00f6k\u00e9letes v\u00e1laszt\u00e1s minden h\u00e1ztart\u00e1sba. Rendelje meg a legt\u00f6bbet!","robots":{"index":"index","follow":"follow","max-snippet":"max-snippet:-1","max-image-preview":"max-image-preview:large","max-video-preview":"max-video-preview:-1"},"canonical":"https:\/\/premiumkeszulek.hu\/hu\/termek\/smeg-cpf120igmpwh-portofino-kombinalt-tuzhely-feher-120cm\/","og_locale":"hu_HU","og_type":"article","og_title":"Smeg CPF120IGMPWH Portofino kombin\u00e1lt t\u0171zhely feh\u00e9r 120cm","og_description":"\u00c9l\u00e9nk sz\u00ednek \u00e9s innovat\u00edv technol\u00f3gia! A Smeg CPF120IGMPWH Portofino kombin\u00e1lt t\u0171zhely t\u00f6k\u00e9letes v\u00e1laszt\u00e1s minden h\u00e1ztart\u00e1sba. Rendelje meg most!","og_url":"https:\/\/premiumkeszulek.hu\/hu\/termek\/smeg-cpf120igmpwh-portofino-kombinalt-tuzhely-feher-120cm\/","og_site_name":"Pr\u00e9miumK\u00e9sz\u00fcl\u00e9k","article_publisher":"https:\/\/www.facebook.com\/konyhaluxnet","article_modified_time":"2026-04-02T16:39:30+00:00","og_image":[{"width":800,"height":800,"url":"https:\/\/i0.wp.com\/premiumkeszulek.hu\/wp-content\/uploads\/2025\/02\/CPF120IGMPWH-111.jpg?fit=800%2C800&ssl=1","type":"image\/jpeg"}],"twitter_card":"summary_large_image","twitter_misc":{"\u00c1r":"3.855.005&#70;&#116;","El\u00e9rhet\u0151s\u00e9g":"Beszerz\u00e9s alatt"},"schema":{"@context":"https:\/\/schema.org","@graph":[{"@type":"WebPage","@id":"https:\/\/premiumkeszulek.hu\/hu\/termek\/smeg-cpf120igmpwh-portofino-kombinalt-tuzhely-feher-120cm\/","url":"https:\/\/premiumkeszulek.hu\/hu\/termek\/smeg-cpf120igmpwh-portofino-kombinalt-tuzhely-feher-120cm\/","name":"Smeg CPF120IGMPWH Portofino kombin\u00e1lt t\u0171zhely feh\u00e9r 120cm - Pr\u00e9miumK\u00e9sz\u00fcl\u00e9k","isPartOf":{"@id":"http:\/\/premiumkeszulek.hu\/hu\/#website"},"primaryImageOfPage":{"@id":"https:\/\/premiumkeszulek.hu\/hu\/termek\/smeg-cpf120igmpwh-portofino-kombinalt-tuzhely-feher-120cm\/#primaryimage"},"image":{"@id":"https:\/\/premiumkeszulek.hu\/hu\/termek\/smeg-cpf120igmpwh-portofino-kombinalt-tuzhely-feher-120cm\/#primaryimage"},"thumbnailUrl":"https:\/\/i0.wp.com\/premiumkeszulek.hu\/wp-content\/uploads\/2025\/02\/CPF120IGMPWH-111.jpg?fit=800%2C800&ssl=1","datePublished":"2025-02-12T19:59:10+00:00","dateModified":"2026-04-02T16:39:30+00:00","description":"\u00c9l\u00e9nk sz\u00ednek \u00e9s innovat\u00edv technol\u00f3gia! A Smeg CPF120IGMPWH Portofino kombin\u00e1lt t\u0171zhely t\u00f6k\u00e9letes v\u00e1laszt\u00e1s minden h\u00e1ztart\u00e1sba. Rendelje meg a legt\u00f6bbet!","breadcrumb":{"@id":"https:\/\/premiumkeszulek.hu\/hu\/termek\/smeg-cpf120igmpwh-portofino-kombinalt-tuzhely-feher-120cm\/#breadcrumb"},"inLanguage":"hu","potentialAction":[{"@type":"ReadAction","target":["https:\/\/premiumkeszulek.hu\/hu\/termek\/smeg-cpf120igmpwh-portofino-kombinalt-tuzhely-feher-120cm\/"]}]},{"@type":"ImageObject","inLanguage":"hu","@id":"https:\/\/premiumkeszulek.hu\/hu\/termek\/smeg-cpf120igmpwh-portofino-kombinalt-tuzhely-feher-120cm\/#primaryimage","url":"https:\/\/i0.wp.com\/premiumkeszulek.hu\/wp-content\/uploads\/2025\/02\/CPF120IGMPWH-111.jpg?fit=800%2C800&ssl=1","contentUrl":"https:\/\/i0.wp.com\/premiumkeszulek.hu\/wp-content\/uploads\/2025\/02\/CPF120IGMPWH-111.jpg?fit=800%2C800&ssl=1","width":800,"height":800},{"@type":"BreadcrumbList","@id":"https:\/\/premiumkeszulek.hu\/hu\/termek\/smeg-cpf120igmpwh-portofino-kombinalt-tuzhely-feher-120cm\/#breadcrumb","itemListElement":[{"@type":"ListItem","position":1,"name":"Home","item":"https:\/\/premiumkeszulek.hu\/hu\/"},{"@type":"ListItem","position":2,"name":"Shop","item":"https:\/\/premiumkeszulek.hu\/hu\/shop\/"},{"@type":"ListItem","position":3,"name":"Smeg CPF120IGMPWH Portofino kombin\u00e1lt t\u0171zhely feh\u00e9r 120cm"}]},{"@type":"WebSite","@id":"http:\/\/premiumkeszulek.hu\/hu\/#website","url":"http:\/\/premiumkeszulek.hu\/hu\/","name":"Pr\u00e9miumK\u00e9sz\u00fcl\u00e9k","description":"","publisher":{"@id":"http:\/\/premiumkeszulek.hu\/hu\/#organization"},"potentialAction":[{"@type":"SearchAction","target":{"@type":"EntryPoint","urlTemplate":"http:\/\/premiumkeszulek.hu\/hu\/?s={search_term_string}"},"query-input":{"@type":"PropertyValueSpecification","valueRequired":true,"valueName":"search_term_string"}}],"inLanguage":"hu"},{"@type":"Organization","@id":"http:\/\/premiumkeszulek.hu\/hu\/#organization","name":"Pr\u00e9miumK\u00e9sz\u00fcl\u00e9k","alternateName":"HPH Special Kft","url":"http:\/\/premiumkeszulek.hu\/hu\/","logo":{"@type":"ImageObject","inLanguage":"hu","@id":"http:\/\/premiumkeszulek.hu\/hu\/#\/schema\/logo\/image\/","url":"http:\/\/premiumkeszulek.hu\/wp-content\/uploads\/2025\/03\/TURKIZLOGO-kicsi.png","contentUrl":"http:\/\/premiumkeszulek.hu\/wp-content\/uploads\/2025\/03\/TURKIZLOGO-kicsi.png","width":1600,"height":547,"caption":"Pr\u00e9miumK\u00e9sz\u00fcl\u00e9k"},"image":{"@id":"http:\/\/premiumkeszulek.hu\/hu\/#\/schema\/logo\/image\/"},"sameAs":["https:\/\/www.facebook.com\/konyhaluxnet","https:\/\/www.instagram.com\/konyhaluxnet\/#"],"email":"info@premiumkeszulek.hu","telephone":"36 1 \/ 226-1992","legalName":"HPH Special Kft","vatID":"HU12549502","taxID":"12549502","hasMerchantReturnPolicy":{"@type":"MerchantReturnPolicy","merchantReturnLink":"https:\/\/premiumkeszulek.hu\/hu\/altalanos-szerzodesi-es-felhasznalasi-feltetelek\/"}}]},"product_brand":"Smeg","product_price_amount":"3855005","product_price_currency":"HUF","og_availability":"backorder","product_availability":"available for order","product_retailer_item_id":"CPF120IGMPWH","product_condition":"new"},"jetpack_publicize_connections":[],"jetpack_likes_enabled":true,"jetpack_sharing_enabled":true,"jetpack-related-posts":[],"_links":{"self":[{"href":"https:\/\/premiumkeszulek.hu\/hu\/wp-json\/wp\/v2\/product\/7126","targetHints":{"allow":["GET"]}}],"collection":[{"href":"https:\/\/premiumkeszulek.hu\/hu\/wp-json\/wp\/v2\/product"}],"about":[{"href":"https:\/\/premiumkeszulek.hu\/hu\/wp-json\/wp\/v2\/types\/product"}],"replies":[{"embeddable":true,"href":"https:\/\/premiumkeszulek.hu\/hu\/wp-json\/wp\/v2\/comments?post=7126"}],"wp:featuredmedia":[{"embeddable":true,"href":"https:\/\/premiumkeszulek.hu\/hu\/wp-json\/wp\/v2\/media\/7125"}],"wp:attachment":[{"href":"https:\/\/premiumkeszulek.hu\/hu\/wp-json\/wp\/v2\/media?parent=7126"}],"wp:term":[{"taxonomy":"product_brand","embeddable":true,"href":"https:\/\/premiumkeszulek.hu\/hu\/wp-json\/wp\/v2\/product_brand?post=7126"},{"taxonomy":"product_cat","embeddable":true,"href":"https:\/\/premiumkeszulek.hu\/hu\/wp-json\/wp\/v2\/product_cat?post=7126"},{"taxonomy":"product_tag","embeddable":true,"href":"https:\/\/premiumkeszulek.hu\/hu\/wp-json\/wp\/v2\/product_tag?post=7126"},{"taxonomy":"woo-feed-brand","embeddable":true,"href":"https:\/\/premiumkeszulek.hu\/hu\/wp-json\/wp\/v2\/woo-feed-brand?post=7126"}],"curies":[{"name":"wp","href":"https:\/\/api.w.org\/{rel}","templated":true}]}}