{"id":6882,"date":"2025-02-12T20:54:52","date_gmt":"2025-02-12T19:54:52","guid":{"rendered":"https:\/\/premiumkeszulek.hu\/product\/aeg-hkb64453nb-beepitheto-gaz-fozolap-hob2hood\/"},"modified":"2026-04-30T11:17:54","modified_gmt":"2026-04-30T09:17:54","slug":"aeg-hkb64453nb-beepitheto-gaz-fozolap-hob2hood","status":"publish","type":"product","link":"https:\/\/premiumkeszulek.hu\/hu\/termek\/aeg-hkb64453nb-beepitheto-gaz-fozolap-hob2hood\/","title":{"rendered":"AEG HKB64453NB Be\u00e9p\u00edthet\u0151 g\u00e1z f\u0151z\u0151lap Hob2Hood"},"content":{"rendered":"<p>Forg\u00f3kapcsol\u00f3s vez\u00e9rl\u00e9s<br \/>\n&#8211; Vez\u00e9rl\u0151 helye: el\u00f6l jobb oldalon<br \/>\n&#8211; Bal els\u0151 z\u00f3na: extra nagy \u00e9g\u0151fej, Vertical flame, 3800W\/124mm<br \/>\n&#8211; Bal h\u00e1ts\u00f3 z\u00f3na: k\u00f6zepes \u00e9g\u0151fej, Vertical flame, 1900W\/78mm<br \/>\n&#8211; Jobb els\u0151 z\u00f3na: kis \u00e9g\u0151fej, Vertical flame, 1000W\/63mm<br \/>\n&#8211; Jobb h\u00e1ts\u00f3 z\u00f3na: k\u00f6zepes \u00e9g\u0151fej, Vertical flame, 1900W\/78mm<br \/>\n&#8211; K\u00f6z\u00e9ps\u0151 z\u00f3na h\u00e1tul: No,<br \/>\n&#8211; Stop&amp;ampGo funkci\u00f3<br \/>\n&#8211; F\u0151z\u0151lap biztons\u00e1g:<br \/>\n&#8211; Hangjelz\u00e9s<br \/>\n&#8211; LED kijelz\u0151 mutatja a g\u00e1zl\u00e1ng er\u0151ss\u00e9g\u00e9t<br \/>\n&#8211; G\u00e1z \u00e1talak\u00edt\u00f3 felszerel\u00e9s<br \/>\n&#8211; Elsz\u00edv\u00f3 vez\u00e9rl\u00e9s f\u0151z\u0151lapr\u00f3l<br \/>\n&#8211; Percsz\u00e1ml\u00e1l\u00f3<br \/>\n&#8211; Kov\u00e1csolt vas ed\u00e9nytart\u00f3k<\/p>\n","protected":false},"excerpt":{"rendered":"<p><iframe src=\" https:\/\/www.mbhbank.hu\/sfcalculation\/?ar=[PRICE]&#038;partner=DX030&#038;konstrukcio=DLSK14\" width=\"100%\" height=\"500\" frameborder=\"0\" scrolling=\"yes\" align=\"left\"><\/iframe><\/p>\n","protected":false},"featured_media":6881,"comment_status":"closed","ping_status":"closed","template":"","meta":{"_crdt_document":"","content-type":"","jetpack_post_was_ever_published":false,"jetpack_publicize_message":"","jetpack_publicize_feature_enabled":true,"jetpack_social_post_already_shared":true,"jetpack_social_options":{"image_generator_settings":{"template":"highway","default_image_id":0,"font":"","enabled":false},"version":2},"_wpas_customize_per_network":false},"product_brand":[1632],"product_cat":[1524,1526,1527],"product_tag":[],"woo-feed-brand":[],"class_list":{"0":"post-6882","1":"product","2":"type-product","3":"status-publish","4":"has-post-thumbnail","6":"product_brand-aeg","7":"product_cat-beepitheto-gazfozolap","8":"product_cat-fozolap","9":"product_cat-sutok-es-fozolapok","10":"product_shipping_class-100000felett","12":"first","13":"onbackorder","14":"sale","15":"taxable","16":"shipping-taxable","17":"purchasable","18":"product-type-simple"},"yoast_head":"<!-- This site is optimized with the Yoast SEO Premium plugin v26.9 (Yoast SEO v27.4) - https:\/\/yoast.com\/product\/yoast-seo-premium-wordpress\/ -->\n<title>AEG HKB64453NB Be\u00e9p\u00edthet\u0151 g\u00e1z f\u0151z\u0151lap Hob2Hood - Pr\u00e9miumK\u00e9sz\u00fcl\u00e9k<\/title>\n<meta name=\"description\" content=\"Fedezd fel az AEG HKB64453NB Be\u00e9p\u00edthet\u0151 g\u00e1z f\u0151z\u0151lap modern funkci\u00f3it! Az extra nagy \u00e9g\u0151fej \u00e9s a Stop&amp;Go funkci\u00f3 megk\u00f6nny\u00edtik a f\u0151z\u00e9st.\" \/>\n<meta name=\"robots\" content=\"index, follow, max-snippet:-1, max-image-preview:large, max-video-preview:-1\" \/>\n<link rel=\"canonical\" href=\"https:\/\/premiumkeszulek.hu\/hu\/termek\/aeg-hkb64453nb-beepitheto-gaz-fozolap-hob2hood\/\" \/>\n<meta property=\"og:locale\" content=\"hu_HU\" \/>\n<meta property=\"og:type\" content=\"article\" \/>\n<meta property=\"og:title\" content=\"AEG HKB64453NB Be\u00e9p\u00edthet\u0151 g\u00e1z f\u0151z\u0151lap Hob2Hood\" \/>\n<meta property=\"og:description\" content=\"Fedezd fel az AEG HKB64453NB Be\u00e9p\u00edthet\u0151 g\u00e1z f\u0151z\u0151lap modern funkci\u00f3it! Az extra nagy \u00e9g\u0151fej \u00e9s a Stop&amp;Go funkci\u00f3 megk\u00f6nny\u00edtik a f\u0151z\u00e9st.\" \/>\n<meta property=\"og:url\" content=\"https:\/\/premiumkeszulek.hu\/hu\/termek\/aeg-hkb64453nb-beepitheto-gaz-fozolap-hob2hood\/\" \/>\n<meta property=\"og:site_name\" content=\"Pr\u00e9miumK\u00e9sz\u00fcl\u00e9k\" \/>\n<meta property=\"article:publisher\" content=\"https:\/\/www.facebook.com\/konyhaluxnet\" \/>\n<meta property=\"article:modified_time\" content=\"2026-04-30T09:17:54+00:00\" \/>\n<meta property=\"og:image\" content=\"https:\/\/i0.wp.com\/premiumkeszulek.hu\/wp-content\/uploads\/2025\/02\/HKB64453nb.jpg?fit=800%2C800&ssl=1\" \/>\n\t<meta property=\"og:image:width\" content=\"800\" \/>\n\t<meta property=\"og:image:height\" content=\"800\" \/>\n\t<meta property=\"og:image:type\" content=\"image\/jpeg\" \/>\n<meta name=\"twitter:card\" content=\"summary_large_image\" \/>\n<meta name=\"twitter:label1\" content=\"\u00c1r\" \/>\n\t<meta name=\"twitter:data1\" content=\"126.900&#070;&#116;\" \/>\n\t<meta name=\"twitter:label2\" content=\"El\u00e9rhet\u0151s\u00e9g\" \/>\n\t<meta name=\"twitter:data2\" content=\"Beszerz\u00e9s alatt\" \/>\n<script type=\"application\/ld+json\" class=\"yoast-schema-graph\">{\"@context\":\"https:\\\/\\\/schema.org\",\"@graph\":[{\"@type\":\"WebPage\",\"@id\":\"https:\\\/\\\/premiumkeszulek.hu\\\/hu\\\/termek\\\/aeg-hkb64453nb-beepitheto-gaz-fozolap-hob2hood\\\/\",\"url\":\"https:\\\/\\\/premiumkeszulek.hu\\\/hu\\\/termek\\\/aeg-hkb64453nb-beepitheto-gaz-fozolap-hob2hood\\\/\",\"name\":\"AEG HKB64453NB Be\u00e9p\u00edthet\u0151 g\u00e1z f\u0151z\u0151lap Hob2Hood - Pr\u00e9miumK\u00e9sz\u00fcl\u00e9k\",\"isPartOf\":{\"@id\":\"https:\\\/\\\/premiumkeszulek.hu\\\/hu\\\/#website\"},\"primaryImageOfPage\":{\"@id\":\"https:\\\/\\\/premiumkeszulek.hu\\\/hu\\\/termek\\\/aeg-hkb64453nb-beepitheto-gaz-fozolap-hob2hood\\\/#primaryimage\"},\"image\":{\"@id\":\"https:\\\/\\\/premiumkeszulek.hu\\\/hu\\\/termek\\\/aeg-hkb64453nb-beepitheto-gaz-fozolap-hob2hood\\\/#primaryimage\"},\"thumbnailUrl\":\"https:\\\/\\\/i0.wp.com\\\/premiumkeszulek.hu\\\/wp-content\\\/uploads\\\/2025\\\/02\\\/HKB64453nb.jpg?fit=800%2C800&ssl=1\",\"datePublished\":\"2025-02-12T19:54:52+00:00\",\"dateModified\":\"2026-04-30T09:17:54+00:00\",\"description\":\"Fedezd fel az AEG HKB64453NB Be\u00e9p\u00edthet\u0151 g\u00e1z f\u0151z\u0151lap modern funkci\u00f3it! Az extra nagy \u00e9g\u0151fej \u00e9s a Stop&Go funkci\u00f3 megk\u00f6nny\u00edtik a f\u0151z\u00e9st.\",\"breadcrumb\":{\"@id\":\"https:\\\/\\\/premiumkeszulek.hu\\\/hu\\\/termek\\\/aeg-hkb64453nb-beepitheto-gaz-fozolap-hob2hood\\\/#breadcrumb\"},\"inLanguage\":\"hu\",\"potentialAction\":[{\"@type\":\"ReadAction\",\"target\":[\"https:\\\/\\\/premiumkeszulek.hu\\\/hu\\\/termek\\\/aeg-hkb64453nb-beepitheto-gaz-fozolap-hob2hood\\\/\"]}]},{\"@type\":\"ImageObject\",\"inLanguage\":\"hu\",\"@id\":\"https:\\\/\\\/premiumkeszulek.hu\\\/hu\\\/termek\\\/aeg-hkb64453nb-beepitheto-gaz-fozolap-hob2hood\\\/#primaryimage\",\"url\":\"https:\\\/\\\/i0.wp.com\\\/premiumkeszulek.hu\\\/wp-content\\\/uploads\\\/2025\\\/02\\\/HKB64453nb.jpg?fit=800%2C800&ssl=1\",\"contentUrl\":\"https:\\\/\\\/i0.wp.com\\\/premiumkeszulek.hu\\\/wp-content\\\/uploads\\\/2025\\\/02\\\/HKB64453nb.jpg?fit=800%2C800&ssl=1\",\"width\":800,\"height\":800},{\"@type\":\"BreadcrumbList\",\"@id\":\"https:\\\/\\\/premiumkeszulek.hu\\\/hu\\\/termek\\\/aeg-hkb64453nb-beepitheto-gaz-fozolap-hob2hood\\\/#breadcrumb\",\"itemListElement\":[{\"@type\":\"ListItem\",\"position\":1,\"name\":\"Home\",\"item\":\"https:\\\/\\\/premiumkeszulek.hu\\\/hu\\\/\"},{\"@type\":\"ListItem\",\"position\":2,\"name\":\"Shop\",\"item\":\"https:\\\/\\\/premiumkeszulek.hu\\\/hu\\\/shop\\\/\"},{\"@type\":\"ListItem\",\"position\":3,\"name\":\"AEG HKB64453NB Be\u00e9p\u00edthet\u0151 g\u00e1z f\u0151z\u0151lap Hob2Hood\"}]},{\"@type\":\"WebSite\",\"@id\":\"https:\\\/\\\/premiumkeszulek.hu\\\/hu\\\/#website\",\"url\":\"https:\\\/\\\/premiumkeszulek.hu\\\/hu\\\/\",\"name\":\"Pr\u00e9miumK\u00e9sz\u00fcl\u00e9k\",\"description\":\"\",\"publisher\":{\"@id\":\"https:\\\/\\\/premiumkeszulek.hu\\\/hu\\\/#organization\"},\"potentialAction\":[{\"@type\":\"SearchAction\",\"target\":{\"@type\":\"EntryPoint\",\"urlTemplate\":\"https:\\\/\\\/premiumkeszulek.hu\\\/hu\\\/?s={search_term_string}\"},\"query-input\":{\"@type\":\"PropertyValueSpecification\",\"valueRequired\":true,\"valueName\":\"search_term_string\"}}],\"inLanguage\":\"hu\"},{\"@type\":\"Organization\",\"@id\":\"https:\\\/\\\/premiumkeszulek.hu\\\/hu\\\/#organization\",\"name\":\"Pr\u00e9miumK\u00e9sz\u00fcl\u00e9k\",\"alternateName\":\"HPH Special Kft\",\"url\":\"https:\\\/\\\/premiumkeszulek.hu\\\/hu\\\/\",\"logo\":{\"@type\":\"ImageObject\",\"inLanguage\":\"hu\",\"@id\":\"https:\\\/\\\/premiumkeszulek.hu\\\/hu\\\/#\\\/schema\\\/logo\\\/image\\\/\",\"url\":\"http:\\\/\\\/premiumkeszulek.hu\\\/wp-content\\\/uploads\\\/2025\\\/03\\\/TURKIZLOGO-kicsi.png\",\"contentUrl\":\"http:\\\/\\\/premiumkeszulek.hu\\\/wp-content\\\/uploads\\\/2025\\\/03\\\/TURKIZLOGO-kicsi.png\",\"width\":1600,\"height\":547,\"caption\":\"Pr\u00e9miumK\u00e9sz\u00fcl\u00e9k\"},\"image\":{\"@id\":\"https:\\\/\\\/premiumkeszulek.hu\\\/hu\\\/#\\\/schema\\\/logo\\\/image\\\/\"},\"sameAs\":[\"https:\\\/\\\/www.facebook.com\\\/konyhaluxnet\",\"https:\\\/\\\/www.instagram.com\\\/konyhaluxnet\\\/#\"],\"email\":\"info@premiumkeszulek.hu\",\"telephone\":\"36 1 \\\/ 226-1992\",\"legalName\":\"HPH Special Kft\",\"vatID\":\"HU12549502\",\"taxID\":\"12549502\",\"hasMerchantReturnPolicy\":{\"@type\":\"MerchantReturnPolicy\",\"merchantReturnLink\":\"https:\\\/\\\/premiumkeszulek.hu\\\/hu\\\/altalanos-szerzodesi-es-felhasznalasi-feltetelek\\\/\"}}]}<\/script>\n<meta property=\"product:brand\" content=\"AEG\" \/>\n<meta property=\"product:price:amount\" content=\"126900\" \/>\n<meta property=\"product:price:currency\" content=\"HUF\" \/>\n<meta property=\"og:availability\" content=\"backorder\" \/>\n<meta property=\"product:availability\" content=\"available for order\" \/>\n<meta property=\"product:retailer_item_id\" content=\"949641012\" \/>\n<meta property=\"product:condition\" content=\"new\" \/>\n<!-- \/ Yoast SEO Premium plugin. -->","yoast_head_json":{"title":"AEG HKB64453NB Be\u00e9p\u00edthet\u0151 g\u00e1z f\u0151z\u0151lap Hob2Hood - Pr\u00e9miumK\u00e9sz\u00fcl\u00e9k","description":"Fedezd fel az AEG HKB64453NB Be\u00e9p\u00edthet\u0151 g\u00e1z f\u0151z\u0151lap modern funkci\u00f3it! Az extra nagy \u00e9g\u0151fej \u00e9s a Stop&Go funkci\u00f3 megk\u00f6nny\u00edtik a f\u0151z\u00e9st.","robots":{"index":"index","follow":"follow","max-snippet":"max-snippet:-1","max-image-preview":"max-image-preview:large","max-video-preview":"max-video-preview:-1"},"canonical":"https:\/\/premiumkeszulek.hu\/hu\/termek\/aeg-hkb64453nb-beepitheto-gaz-fozolap-hob2hood\/","og_locale":"hu_HU","og_type":"article","og_title":"AEG HKB64453NB Be\u00e9p\u00edthet\u0151 g\u00e1z f\u0151z\u0151lap Hob2Hood","og_description":"Fedezd fel az AEG HKB64453NB Be\u00e9p\u00edthet\u0151 g\u00e1z f\u0151z\u0151lap modern funkci\u00f3it! Az extra nagy \u00e9g\u0151fej \u00e9s a Stop&Go funkci\u00f3 megk\u00f6nny\u00edtik a f\u0151z\u00e9st.","og_url":"https:\/\/premiumkeszulek.hu\/hu\/termek\/aeg-hkb64453nb-beepitheto-gaz-fozolap-hob2hood\/","og_site_name":"Pr\u00e9miumK\u00e9sz\u00fcl\u00e9k","article_publisher":"https:\/\/www.facebook.com\/konyhaluxnet","article_modified_time":"2026-04-30T09:17:54+00:00","og_image":[{"width":800,"height":800,"url":"https:\/\/i0.wp.com\/premiumkeszulek.hu\/wp-content\/uploads\/2025\/02\/HKB64453nb.jpg?fit=800%2C800&ssl=1","type":"image\/jpeg"}],"twitter_card":"summary_large_image","twitter_misc":{"\u00c1r":"126.900&#70;&#116;","El\u00e9rhet\u0151s\u00e9g":"Beszerz\u00e9s alatt"},"schema":{"@context":"https:\/\/schema.org","@graph":[{"@type":"WebPage","@id":"https:\/\/premiumkeszulek.hu\/hu\/termek\/aeg-hkb64453nb-beepitheto-gaz-fozolap-hob2hood\/","url":"https:\/\/premiumkeszulek.hu\/hu\/termek\/aeg-hkb64453nb-beepitheto-gaz-fozolap-hob2hood\/","name":"AEG HKB64453NB Be\u00e9p\u00edthet\u0151 g\u00e1z f\u0151z\u0151lap Hob2Hood - Pr\u00e9miumK\u00e9sz\u00fcl\u00e9k","isPartOf":{"@id":"https:\/\/premiumkeszulek.hu\/hu\/#website"},"primaryImageOfPage":{"@id":"https:\/\/premiumkeszulek.hu\/hu\/termek\/aeg-hkb64453nb-beepitheto-gaz-fozolap-hob2hood\/#primaryimage"},"image":{"@id":"https:\/\/premiumkeszulek.hu\/hu\/termek\/aeg-hkb64453nb-beepitheto-gaz-fozolap-hob2hood\/#primaryimage"},"thumbnailUrl":"https:\/\/i0.wp.com\/premiumkeszulek.hu\/wp-content\/uploads\/2025\/02\/HKB64453nb.jpg?fit=800%2C800&ssl=1","datePublished":"2025-02-12T19:54:52+00:00","dateModified":"2026-04-30T09:17:54+00:00","description":"Fedezd fel az AEG HKB64453NB Be\u00e9p\u00edthet\u0151 g\u00e1z f\u0151z\u0151lap modern funkci\u00f3it! Az extra nagy \u00e9g\u0151fej \u00e9s a Stop&Go funkci\u00f3 megk\u00f6nny\u00edtik a f\u0151z\u00e9st.","breadcrumb":{"@id":"https:\/\/premiumkeszulek.hu\/hu\/termek\/aeg-hkb64453nb-beepitheto-gaz-fozolap-hob2hood\/#breadcrumb"},"inLanguage":"hu","potentialAction":[{"@type":"ReadAction","target":["https:\/\/premiumkeszulek.hu\/hu\/termek\/aeg-hkb64453nb-beepitheto-gaz-fozolap-hob2hood\/"]}]},{"@type":"ImageObject","inLanguage":"hu","@id":"https:\/\/premiumkeszulek.hu\/hu\/termek\/aeg-hkb64453nb-beepitheto-gaz-fozolap-hob2hood\/#primaryimage","url":"https:\/\/i0.wp.com\/premiumkeszulek.hu\/wp-content\/uploads\/2025\/02\/HKB64453nb.jpg?fit=800%2C800&ssl=1","contentUrl":"https:\/\/i0.wp.com\/premiumkeszulek.hu\/wp-content\/uploads\/2025\/02\/HKB64453nb.jpg?fit=800%2C800&ssl=1","width":800,"height":800},{"@type":"BreadcrumbList","@id":"https:\/\/premiumkeszulek.hu\/hu\/termek\/aeg-hkb64453nb-beepitheto-gaz-fozolap-hob2hood\/#breadcrumb","itemListElement":[{"@type":"ListItem","position":1,"name":"Home","item":"https:\/\/premiumkeszulek.hu\/hu\/"},{"@type":"ListItem","position":2,"name":"Shop","item":"https:\/\/premiumkeszulek.hu\/hu\/shop\/"},{"@type":"ListItem","position":3,"name":"AEG HKB64453NB Be\u00e9p\u00edthet\u0151 g\u00e1z f\u0151z\u0151lap Hob2Hood"}]},{"@type":"WebSite","@id":"https:\/\/premiumkeszulek.hu\/hu\/#website","url":"https:\/\/premiumkeszulek.hu\/hu\/","name":"Pr\u00e9miumK\u00e9sz\u00fcl\u00e9k","description":"","publisher":{"@id":"https:\/\/premiumkeszulek.hu\/hu\/#organization"},"potentialAction":[{"@type":"SearchAction","target":{"@type":"EntryPoint","urlTemplate":"https:\/\/premiumkeszulek.hu\/hu\/?s={search_term_string}"},"query-input":{"@type":"PropertyValueSpecification","valueRequired":true,"valueName":"search_term_string"}}],"inLanguage":"hu"},{"@type":"Organization","@id":"https:\/\/premiumkeszulek.hu\/hu\/#organization","name":"Pr\u00e9miumK\u00e9sz\u00fcl\u00e9k","alternateName":"HPH Special Kft","url":"https:\/\/premiumkeszulek.hu\/hu\/","logo":{"@type":"ImageObject","inLanguage":"hu","@id":"https:\/\/premiumkeszulek.hu\/hu\/#\/schema\/logo\/image\/","url":"http:\/\/premiumkeszulek.hu\/wp-content\/uploads\/2025\/03\/TURKIZLOGO-kicsi.png","contentUrl":"http:\/\/premiumkeszulek.hu\/wp-content\/uploads\/2025\/03\/TURKIZLOGO-kicsi.png","width":1600,"height":547,"caption":"Pr\u00e9miumK\u00e9sz\u00fcl\u00e9k"},"image":{"@id":"https:\/\/premiumkeszulek.hu\/hu\/#\/schema\/logo\/image\/"},"sameAs":["https:\/\/www.facebook.com\/konyhaluxnet","https:\/\/www.instagram.com\/konyhaluxnet\/#"],"email":"info@premiumkeszulek.hu","telephone":"36 1 \/ 226-1992","legalName":"HPH Special Kft","vatID":"HU12549502","taxID":"12549502","hasMerchantReturnPolicy":{"@type":"MerchantReturnPolicy","merchantReturnLink":"https:\/\/premiumkeszulek.hu\/hu\/altalanos-szerzodesi-es-felhasznalasi-feltetelek\/"}}]},"product_brand":"AEG","product_price_amount":"126900","product_price_currency":"HUF","og_availability":"backorder","product_availability":"available for order","product_retailer_item_id":"949641012","product_condition":"new"},"jetpack_publicize_connections":[],"jetpack_likes_enabled":true,"jetpack_sharing_enabled":true,"jetpack-related-posts":[],"_links":{"self":[{"href":"https:\/\/premiumkeszulek.hu\/hu\/wp-json\/wp\/v2\/product\/6882","targetHints":{"allow":["GET"]}}],"collection":[{"href":"https:\/\/premiumkeszulek.hu\/hu\/wp-json\/wp\/v2\/product"}],"about":[{"href":"https:\/\/premiumkeszulek.hu\/hu\/wp-json\/wp\/v2\/types\/product"}],"replies":[{"embeddable":true,"href":"https:\/\/premiumkeszulek.hu\/hu\/wp-json\/wp\/v2\/comments?post=6882"}],"wp:featuredmedia":[{"embeddable":true,"href":"https:\/\/premiumkeszulek.hu\/hu\/wp-json\/wp\/v2\/media\/6881"}],"wp:attachment":[{"href":"https:\/\/premiumkeszulek.hu\/hu\/wp-json\/wp\/v2\/media?parent=6882"}],"wp:term":[{"taxonomy":"product_brand","embeddable":true,"href":"https:\/\/premiumkeszulek.hu\/hu\/wp-json\/wp\/v2\/product_brand?post=6882"},{"taxonomy":"product_cat","embeddable":true,"href":"https:\/\/premiumkeszulek.hu\/hu\/wp-json\/wp\/v2\/product_cat?post=6882"},{"taxonomy":"product_tag","embeddable":true,"href":"https:\/\/premiumkeszulek.hu\/hu\/wp-json\/wp\/v2\/product_tag?post=6882"},{"taxonomy":"woo-feed-brand","embeddable":true,"href":"https:\/\/premiumkeszulek.hu\/hu\/wp-json\/wp\/v2\/woo-feed-brand?post=6882"}],"curies":[{"name":"wp","href":"https:\/\/api.w.org\/{rel}","templated":true}]}}