{"id":6831,"date":"2025-02-12T20:53:55","date_gmt":"2025-02-12T19:53:55","guid":{"rendered":"https:\/\/premiumkeszulek.hu\/product\/smeg-sf6905x1-victoria-beepitheto-suto-inox\/"},"modified":"2026-04-02T18:39:44","modified_gmt":"2026-04-02T16:39:44","slug":"smeg-sf6905x1-victoria-beepitheto-suto-inox","status":"publish","type":"product","link":"https:\/\/premiumkeszulek.hu\/hu\/termek\/smeg-sf6905x1-victoria-beepitheto-suto-inox\/","title":{"rendered":"Smeg SF6905X1 Victoria be\u00e9p\u00edthet\u0151 s\u00fct\u0151 inox"},"content":{"rendered":"<figure class=\"wp-block-image size-full\"><img data-recalc-dims=\"1\" fetchpriority=\"high\" decoding=\"async\" width=\"1000\" height=\"1000\" data-attachment-id=\"12786\" data-permalink=\"https:\/\/premiumkeszulek.hu\/hu\/?attachment_id=12786\" data-orig-file=\"https:\/\/i0.wp.com\/premiumkeszulek.hu\/wp-content\/uploads\/2025\/02\/SF6905X1-222-1.jpg?fit=1000%2C1000&amp;ssl=1\" data-orig-size=\"1000,1000\" data-comments-opened=\"1\" data-image-meta=\"{&quot;aperture&quot;:&quot;0&quot;,&quot;credit&quot;:&quot;&quot;,&quot;camera&quot;:&quot;&quot;,&quot;caption&quot;:&quot;&quot;,&quot;created_timestamp&quot;:&quot;0&quot;,&quot;copyright&quot;:&quot;&quot;,&quot;focal_length&quot;:&quot;0&quot;,&quot;iso&quot;:&quot;0&quot;,&quot;shutter_speed&quot;:&quot;0&quot;,&quot;title&quot;:&quot;&quot;,&quot;orientation&quot;:&quot;1&quot;}\" data-image-title=\"SF6905X1-222\" data-image-description=\"\" data-image-caption=\"\" data-medium-file=\"https:\/\/i0.wp.com\/premiumkeszulek.hu\/wp-content\/uploads\/2025\/02\/SF6905X1-222-1.jpg?fit=300%2C300&amp;ssl=1\" data-large-file=\"https:\/\/i0.wp.com\/premiumkeszulek.hu\/wp-content\/uploads\/2025\/02\/SF6905X1-222-1.jpg?fit=1000%2C1000&amp;ssl=1\" src=\"https:\/\/i0.wp.com\/premiumkeszulek.hu\/wp-content\/uploads\/2025\/02\/SF6905X1-222-1.jpg?resize=1000%2C1000&#038;ssl=1\" alt=\"\" class=\"wp-image-12786\" srcset=\"https:\/\/i0.wp.com\/premiumkeszulek.hu\/wp-content\/uploads\/2025\/02\/SF6905X1-222-1.jpg?w=1000&amp;ssl=1 1000w, https:\/\/i0.wp.com\/premiumkeszulek.hu\/wp-content\/uploads\/2025\/02\/SF6905X1-222-1.jpg?resize=600%2C600&amp;ssl=1 600w, https:\/\/i0.wp.com\/premiumkeszulek.hu\/wp-content\/uploads\/2025\/02\/SF6905X1-222-1.jpg?resize=300%2C300&amp;ssl=1 300w, https:\/\/i0.wp.com\/premiumkeszulek.hu\/wp-content\/uploads\/2025\/02\/SF6905X1-222-1.jpg?resize=768%2C768&amp;ssl=1 768w, https:\/\/i0.wp.com\/premiumkeszulek.hu\/wp-content\/uploads\/2025\/02\/SF6905X1-222-1.jpg?resize=12%2C12&amp;ssl=1 12w, https:\/\/i0.wp.com\/premiumkeszulek.hu\/wp-content\/uploads\/2025\/02\/SF6905X1-222-1.jpg?resize=100%2C100&amp;ssl=1 100w, https:\/\/i0.wp.com\/premiumkeszulek.hu\/wp-content\/uploads\/2025\/02\/SF6905X1-222-1.jpg?resize=32%2C32&amp;ssl=1 32w, https:\/\/i0.wp.com\/premiumkeszulek.hu\/wp-content\/uploads\/2025\/02\/SF6905X1-222-1.jpg?resize=800%2C800&amp;ssl=1 800w, https:\/\/i0.wp.com\/premiumkeszulek.hu\/wp-content\/uploads\/2025\/02\/SF6905X1-222-1.jpg?resize=400%2C400&amp;ssl=1 400w, https:\/\/i0.wp.com\/premiumkeszulek.hu\/wp-content\/uploads\/2025\/02\/SF6905X1-222-1.jpg?resize=200%2C200&amp;ssl=1 200w\" sizes=\"(max-width: 1000px) 100vw, 1000px\" \/><\/figure>\n\n\n\n<p class=\"wp-block-paragraph\"> VICTORIA<br> A SMEG legels\u0151, 1948-ban gy\u00e1rtott,Elisabeth n\u00e9vre keresztelt cooker-e ihlette a Victoria term\u00e9kcsal\u00e1dot, mely t\u00f6k\u00e9letesen megfelel<br> megragadja az id\u0151tlen, klasszikus design esszenci\u00e1j\u00e1t \u00e9s b\u00e1j\u00e1t. Az ikonikus \"1950-es \u00e9vek\" st\u00edlus \u00e9s a pr\u00e9mium min\u0151s\u00e9g\u0171 kivitelez\u00e9s<br> egyar\u00e1nt a m\u00e1rka v\u00e9djegy\u00e9nek sz\u00e1m\u00edt.<\/p>\n\n\n\n<p class=\"wp-block-paragraph\">SZ\u00cdNEK \u00c9S DESIGN<br>\n\tA Victoria term\u00e9kcsal\u00e1d nosztalgikus, \"retro\" ihlet\u00e9s\u0171 term\u00e9kein megmutatkozik a r\u00e9szletek ir\u00e1nti szenved\u00e9ly \u00e9s a hagyom\u00e1nytisztelet.<br>\n\tA mark\u00e1ns kezel\u0151gombok, az \u00f6sszet\u00e9veszthetetlen formatervez\u00e9s, \u00e9s a szemet gy\u00f6ny\u00f6rk\u00f6dtet\u0151 sz\u00ednek val\u00f3di karaktert k\u00f6lcs\u00f6n\u00f6znek.<br>\n\tkonyh\u00e1j\u00e1nak.<\/p>\n\n\n\n<p class=\"wp-block-paragraph\">60 x 60 cm<br>\n\t- 3 vez\u00e9rl\u0151gomb<br>\n\t- 8 s\u00fct\u00e9si funkci\u00f3<br>\n\t- g\u0151ztiszt\u00edt\u00e1s<br>\n\t- 3 r\u00e9teg\u0171 \u00fcvegajt\u00f3<br>\n\t- 70 l s\u00fct\u0151t\u00e9r \u0171rtartalom<br>\n\t- Az energiaoszt\u00e1ly<br>\n\t- tartoz\u00e9kok: 1 db tepsi, 1 db r\u00e1cs<\/p>\n\n\n\n<p class=\"wp-block-paragraph\">fekete SF6905N1<br>\n\tb\u00e9zs SF6905P1<br>\n\tinox SF6905X1<\/p>","protected":false},"excerpt":{"rendered":"<p><iframe src=\" https:\/\/www.mbhbank.hu\/sfcalculation\/?ar=[PRICE]&#038;partner=DX030&#038;konstrukcio=DLSK14\" width=\"100%\" height=\"500\" frameborder=\"0\" scrolling=\"yes\" align=\"left\"><\/iframe><\/p>\n","protected":false},"featured_media":6830,"comment_status":"closed","ping_status":"closed","template":"","meta":{"_crdt_document":"","content-type":"","jetpack_post_was_ever_published":false,"jetpack_publicize_message":"","jetpack_publicize_feature_enabled":true,"jetpack_social_post_already_shared":true,"jetpack_social_options":{"image_generator_settings":{"template":"highway","default_image_id":0,"font":"","enabled":false},"version":2},"_wpas_customize_per_network":false},"product_brand":[1634],"product_cat":[1389,1527],"product_tag":[],"woo-feed-brand":[],"class_list":{"0":"post-6831","1":"product","2":"type-product","3":"status-publish","4":"has-post-thumbnail","6":"product_brand-smeg","7":"product_cat-beepithetosutok","8":"product_cat-sutok-es-fozolapok","9":"product_shipping_class-100000felett","11":"first","12":"instock","13":"sale","14":"taxable","15":"shipping-taxable","16":"purchasable","17":"product-type-simple"},"yoast_head":"<!-- This site is optimized with the Yoast SEO Premium plugin v26.9 (Yoast SEO v26.9) - https:\/\/yoast.com\/product\/yoast-seo-premium-wordpress\/ -->\n<title>Smeg SF6905X1 Victoria be\u00e9p\u00edthet\u0151 s\u00fct\u0151 inox - Pr\u00e9miumK\u00e9sz\u00fcl\u00e9k<\/title>\n<meta name=\"description\" content=\"Friss\u00edtse fel konyh\u00e1j\u00e1t a Smeg SF6905X1 Victoria be\u00e9p\u00edthet\u0151 s\u00fct\u0151vel! Kis helyig\u00e9ny, 70 literes \u0171rtartalom \u00e9s eleg\u00e1ns diz\u00e1jn, rendelje meg!\" \/>\n<meta name=\"robots\" content=\"index, follow, max-snippet:-1, max-image-preview:large, max-video-preview:-1\" \/>\n<link rel=\"canonical\" href=\"https:\/\/premiumkeszulek.hu\/hu\/termek\/smeg-sf6905x1-victoria-beepitheto-suto-inox\/\" \/>\n<meta property=\"og:locale\" content=\"hu_HU\" \/>\n<meta property=\"og:type\" content=\"article\" \/>\n<meta property=\"og:title\" content=\"Smeg SF6905X1 Victoria be\u00e9p\u00edthet\u0151 s\u00fct\u0151 inox\" \/>\n<meta property=\"og:description\" content=\"Friss\u00edtse fel konyh\u00e1j\u00e1t a Smeg SF6905X1 Victoria be\u00e9p\u00edthet\u0151 s\u00fct\u0151vel! Kis helyig\u00e9ny, 70 literes \u0171rtartalom \u00e9s eleg\u00e1ns diz\u00e1jn, rendelje meg!\" \/>\n<meta property=\"og:url\" content=\"https:\/\/premiumkeszulek.hu\/hu\/termek\/smeg-sf6905x1-victoria-beepitheto-suto-inox\/\" \/>\n<meta property=\"og:site_name\" content=\"Pr\u00e9miumK\u00e9sz\u00fcl\u00e9k\" \/>\n<meta property=\"article:publisher\" content=\"https:\/\/www.facebook.com\/konyhaluxnet\" \/>\n<meta property=\"article:modified_time\" content=\"2026-04-02T16:39:44+00:00\" \/>\n<meta property=\"og:image\" content=\"https:\/\/i0.wp.com\/premiumkeszulek.hu\/wp-content\/uploads\/2025\/02\/SF6905X1-111.jpg?fit=800%2C800&ssl=1\" \/>\n\t<meta property=\"og:image:width\" content=\"800\" \/>\n\t<meta property=\"og:image:height\" content=\"800\" \/>\n\t<meta property=\"og:image:type\" content=\"image\/jpeg\" \/>\n<meta name=\"twitter:card\" content=\"summary_large_image\" \/>\n<meta name=\"twitter:label1\" content=\"\u00c1r\" \/>\n\t<meta name=\"twitter:data1\" content=\"395.105&#070;&#116;\" \/>\n\t<meta name=\"twitter:label2\" content=\"El\u00e9rhet\u0151s\u00e9g\" \/>\n\t<meta name=\"twitter:data2\" content=\"K\u00e9szleten\" \/>\n<script type=\"application\/ld+json\" class=\"yoast-schema-graph\">{\"@context\":\"https:\/\/schema.org\",\"@graph\":[{\"@type\":\"WebPage\",\"@id\":\"https:\/\/premiumkeszulek.hu\/product\/smeg-sf6905x1-victoria-beepitheto-suto-inox\/\",\"url\":\"https:\/\/premiumkeszulek.hu\/product\/smeg-sf6905x1-victoria-beepitheto-suto-inox\/\",\"name\":\"Smeg SF6905X1 Victoria be\u00e9p\u00edthet\u0151 s\u00fct\u0151 inox - Pr\u00e9miumK\u00e9sz\u00fcl\u00e9k\",\"isPartOf\":{\"@id\":\"https:\/\/premiumkeszulek.hu\/en\/#website\"},\"primaryImageOfPage\":{\"@id\":\"https:\/\/premiumkeszulek.hu\/product\/smeg-sf6905x1-victoria-beepitheto-suto-inox\/#primaryimage\"},\"image\":{\"@id\":\"https:\/\/premiumkeszulek.hu\/product\/smeg-sf6905x1-victoria-beepitheto-suto-inox\/#primaryimage\"},\"thumbnailUrl\":\"https:\/\/i0.wp.com\/premiumkeszulek.hu\/wp-content\/uploads\/2025\/02\/SF6905X1-111.jpg?fit=800%2C800&ssl=1\",\"datePublished\":\"2025-02-12T19:53:55+00:00\",\"dateModified\":\"2026-04-02T16:39:44+00:00\",\"description\":\"Friss\u00edtse fel konyh\u00e1j\u00e1t a Smeg SF6905X1 Victoria be\u00e9p\u00edthet\u0151 s\u00fct\u0151vel! Kis helyig\u00e9ny, 70 literes \u0171rtartalom \u00e9s eleg\u00e1ns diz\u00e1jn, rendelje meg!\",\"breadcrumb\":{\"@id\":\"https:\/\/premiumkeszulek.hu\/product\/smeg-sf6905x1-victoria-beepitheto-suto-inox\/#breadcrumb\"},\"inLanguage\":\"hu\",\"potentialAction\":[{\"@type\":\"ReadAction\",\"target\":[\"https:\/\/premiumkeszulek.hu\/product\/smeg-sf6905x1-victoria-beepitheto-suto-inox\/\"]}]},{\"@type\":\"ImageObject\",\"inLanguage\":\"hu\",\"@id\":\"https:\/\/premiumkeszulek.hu\/product\/smeg-sf6905x1-victoria-beepitheto-suto-inox\/#primaryimage\",\"url\":\"https:\/\/i0.wp.com\/premiumkeszulek.hu\/wp-content\/uploads\/2025\/02\/SF6905X1-111.jpg?fit=800%2C800&ssl=1\",\"contentUrl\":\"https:\/\/i0.wp.com\/premiumkeszulek.hu\/wp-content\/uploads\/2025\/02\/SF6905X1-111.jpg?fit=800%2C800&ssl=1\",\"width\":800,\"height\":800},{\"@type\":\"BreadcrumbList\",\"@id\":\"https:\/\/premiumkeszulek.hu\/product\/smeg-sf6905x1-victoria-beepitheto-suto-inox\/#breadcrumb\",\"itemListElement\":[{\"@type\":\"ListItem\",\"position\":1,\"name\":\"Home\",\"item\":\"https:\/\/premiumkeszulek.hu\/en\/\"},{\"@type\":\"ListItem\",\"position\":2,\"name\":\"Shop\",\"item\":\"https:\/\/premiumkeszulek.hu\/en\/shop\/\"},{\"@type\":\"ListItem\",\"position\":3,\"name\":\"Smeg SF6905X1 Victoria be\u00e9p\u00edthet\u0151 s\u00fct\u0151 inox\"}]},{\"@type\":\"WebSite\",\"@id\":\"https:\/\/premiumkeszulek.hu\/en\/#website\",\"url\":\"https:\/\/premiumkeszulek.hu\/en\/\",\"name\":\"Pr\u00e9miumK\u00e9sz\u00fcl\u00e9k\",\"description\":\"\",\"publisher\":{\"@id\":\"https:\/\/premiumkeszulek.hu\/en\/#organization\"},\"potentialAction\":[{\"@type\":\"SearchAction\",\"target\":{\"@type\":\"EntryPoint\",\"urlTemplate\":\"https:\/\/premiumkeszulek.hu\/en\/?s={search_term_string}\"},\"query-input\":{\"@type\":\"PropertyValueSpecification\",\"valueRequired\":true,\"valueName\":\"search_term_string\"}}],\"inLanguage\":\"hu\"},{\"@type\":\"Organization\",\"@id\":\"https:\/\/premiumkeszulek.hu\/en\/#organization\",\"name\":\"Pr\u00e9miumK\u00e9sz\u00fcl\u00e9k\",\"alternateName\":\"HPH Special Kft\",\"url\":\"https:\/\/premiumkeszulek.hu\/en\/\",\"logo\":{\"@type\":\"ImageObject\",\"inLanguage\":\"hu\",\"@id\":\"https:\/\/premiumkeszulek.hu\/en\/#\/schema\/logo\/image\/\",\"url\":\"http:\/\/premiumkeszulek.hu\/wp-content\/uploads\/2025\/03\/TURKIZLOGO-kicsi.png\",\"contentUrl\":\"http:\/\/premiumkeszulek.hu\/wp-content\/uploads\/2025\/03\/TURKIZLOGO-kicsi.png\",\"width\":1600,\"height\":547,\"caption\":\"Pr\u00e9miumK\u00e9sz\u00fcl\u00e9k\"},\"image\":{\"@id\":\"https:\/\/premiumkeszulek.hu\/en\/#\/schema\/logo\/image\/\"},\"sameAs\":[\"https:\/\/www.facebook.com\/konyhaluxnet\",\"https:\/\/www.instagram.com\/konyhaluxnet\/#\"],\"email\":\"info@premiumkeszulek.hu\",\"telephone\":\"36 1 \/ 226-1992\",\"legalName\":\"HPH Special Kft\",\"vatID\":\"HU12549502\",\"taxID\":\"12549502\",\"hasMerchantReturnPolicy\":{\"@type\":\"MerchantReturnPolicy\",\"merchantReturnLink\":\"https:\/\/premiumkeszulek.hu\/hu\/altalanos-szerzodesi-es-felhasznalasi-feltetelek\/\"}}]}<\/script>\n<meta property=\"product:brand\" content=\"Smeg\" \/>\n<meta property=\"product:price:amount\" content=\"395105\" \/>\n<meta property=\"product:price:currency\" content=\"HUF\" \/>\n<meta property=\"og:availability\" content=\"instock\" \/>\n<meta property=\"product:availability\" content=\"instock\" \/>\n<meta property=\"product:retailer_item_id\" content=\"SF6905X1\" \/>\n<meta property=\"product:condition\" content=\"new\" \/>\n<!-- \/ Yoast SEO Premium plugin. -->","yoast_head_json":{"title":"Smeg SF6905X1 Victoria be\u00e9p\u00edthet\u0151 s\u00fct\u0151 inox - Pr\u00e9miumK\u00e9sz\u00fcl\u00e9kek","description":"Friss\u00edtse fel konyh\u00e1j\u00e1t a Smeg SF6905X1 Victoria be\u00e9p\u00edthet\u0151 s\u00fct\u0151vel! Kis helyig\u00e9ny, 70 literes \u0171rtartalom \u00e9s eleg\u00e1ns diz\u00e1jn, rendelje meg!","robots":{"index":"index","follow":"follow","max-snippet":"max-snippet:-1","max-image-preview":"max-image-preview:large","max-video-preview":"max-video-preview:-1"},"canonical":"https:\/\/premiumkeszulek.hu\/hu\/termek\/smeg-sf6905x1-victoria-beepitheto-suto-inox\/","og_locale":"hu_HU","og_type":"article","og_title":"Smeg SF6905X1 Victoria be\u00e9p\u00edthet\u0151 s\u00fct\u0151 inox","og_description":"Friss\u00edtse fel konyh\u00e1j\u00e1t a Smeg SF6905X1 Victoria be\u00e9p\u00edthet\u0151 s\u00fct\u0151vel! Kis helyig\u00e9ny, 70 literes \u0171rtartalom \u00e9s eleg\u00e1ns diz\u00e1jn, rendelje meg!","og_url":"https:\/\/premiumkeszulek.hu\/hu\/termek\/smeg-sf6905x1-victoria-beepitheto-suto-inox\/","og_site_name":"Pr\u00e9miumK\u00e9sz\u00fcl\u00e9k","article_publisher":"https:\/\/www.facebook.com\/konyhaluxnet","article_modified_time":"2026-04-02T16:39:44+00:00","og_image":[{"width":800,"height":800,"url":"https:\/\/i0.wp.com\/premiumkeszulek.hu\/wp-content\/uploads\/2025\/02\/SF6905X1-111.jpg?fit=800%2C800&ssl=1","type":"image\/jpeg"}],"twitter_card":"summary_large_image","twitter_misc":{"\u00c1r":"395.105&#70;&#116;","El\u00e9rhet\u0151s\u00e9g":"K\u00e9szleten"},"schema":{"@context":"https:\/\/schema.org","@graph":[{"@type":"WebPage","@id":"https:\/\/premiumkeszulek.hu\/product\/smeg-sf6905x1-victoria-beepitheto-suto-inox\/","url":"https:\/\/premiumkeszulek.hu\/product\/smeg-sf6905x1-victoria-beepitheto-suto-inox\/","name":"Smeg SF6905X1 Victoria be\u00e9p\u00edthet\u0151 s\u00fct\u0151 inox - Pr\u00e9miumK\u00e9sz\u00fcl\u00e9kek","isPartOf":{"@id":"https:\/\/premiumkeszulek.hu\/en\/#website"},"primaryImageOfPage":{"@id":"https:\/\/premiumkeszulek.hu\/product\/smeg-sf6905x1-victoria-beepitheto-suto-inox\/#primaryimage"},"image":{"@id":"https:\/\/premiumkeszulek.hu\/product\/smeg-sf6905x1-victoria-beepitheto-suto-inox\/#primaryimage"},"thumbnailUrl":"https:\/\/i0.wp.com\/premiumkeszulek.hu\/wp-content\/uploads\/2025\/02\/SF6905X1-111.jpg?fit=800%2C800&ssl=1","datePublished":"2025-02-12T19:53:55+00:00","dateModified":"2026-04-02T16:39:44+00:00","description":"Friss\u00edtse fel konyh\u00e1j\u00e1t a Smeg SF6905X1 Victoria be\u00e9p\u00edthet\u0151 s\u00fct\u0151vel! Kis helyig\u00e9ny, 70 literes \u0171rtartalom \u00e9s eleg\u00e1ns diz\u00e1jn, rendelje meg!","breadcrumb":{"@id":"https:\/\/premiumkeszulek.hu\/product\/smeg-sf6905x1-victoria-beepitheto-suto-inox\/#breadcrumb"},"inLanguage":"hu","potentialAction":[{"@type":"ReadAction","target":["https:\/\/premiumkeszulek.hu\/product\/smeg-sf6905x1-victoria-beepitheto-suto-inox\/"]}]},{"@type":"ImageObject","inLanguage":"hu","@id":"https:\/\/premiumkeszulek.hu\/product\/smeg-sf6905x1-victoria-beepitheto-suto-inox\/#primaryimage","url":"https:\/\/i0.wp.com\/premiumkeszulek.hu\/wp-content\/uploads\/2025\/02\/SF6905X1-111.jpg?fit=800%2C800&ssl=1","contentUrl":"https:\/\/i0.wp.com\/premiumkeszulek.hu\/wp-content\/uploads\/2025\/02\/SF6905X1-111.jpg?fit=800%2C800&ssl=1","width":800,"height":800},{"@type":"BreadcrumbList","@id":"https:\/\/premiumkeszulek.hu\/product\/smeg-sf6905x1-victoria-beepitheto-suto-inox\/#breadcrumb","itemListElement":[{"@type":"ListItem","position":1,"name":"Home","item":"https:\/\/premiumkeszulek.hu\/en\/"},{"@type":"ListItem","position":2,"name":"Shop","item":"https:\/\/premiumkeszulek.hu\/en\/shop\/"},{"@type":"ListItem","position":3,"name":"Smeg SF6905X1 Victoria be\u00e9p\u00edthet\u0151 s\u00fct\u0151 inox"}]},{"@type":"WebSite","@id":"https:\/\/premiumkeszulek.hu\/en\/#website","url":"https:\/\/premiumkeszulek.hu\/en\/","name":"Pr\u00e9miumK\u00e9sz\u00fcl\u00e9k","description":"","publisher":{"@id":"https:\/\/premiumkeszulek.hu\/en\/#organization"},"potentialAction":[{"@type":"SearchAction","target":{"@type":"EntryPoint","urlTemplate":"https:\/\/premiumkeszulek.hu\/en\/?s={search_term_string}"},"query-input":{"@type":"PropertyValueSpecification","valueRequired":true,"valueName":"search_term_string"}}],"inLanguage":"hu"},{"@type":"Organization","@id":"https:\/\/premiumkeszulek.hu\/en\/#organization","name":"Pr\u00e9miumK\u00e9sz\u00fcl\u00e9k","alternateName":"HPH Special Kft","url":"https:\/\/premiumkeszulek.hu\/en\/","logo":{"@type":"ImageObject","inLanguage":"hu","@id":"https:\/\/premiumkeszulek.hu\/en\/#\/schema\/logo\/image\/","url":"http:\/\/premiumkeszulek.hu\/wp-content\/uploads\/2025\/03\/TURKIZLOGO-kicsi.png","contentUrl":"http:\/\/premiumkeszulek.hu\/wp-content\/uploads\/2025\/03\/TURKIZLOGO-kicsi.png","width":1600,"height":547,"caption":"Pr\u00e9miumK\u00e9sz\u00fcl\u00e9k"},"image":{"@id":"https:\/\/premiumkeszulek.hu\/en\/#\/schema\/logo\/image\/"},"sameAs":["https:\/\/www.facebook.com\/konyhaluxnet","https:\/\/www.instagram.com\/konyhaluxnet\/#"],"email":"info@premiumkeszulek.hu","telephone":"36 1 \/ 226-1992","legalName":"HPH Special Kft","vatID":"HU12549502","taxID":"12549502","hasMerchantReturnPolicy":{"@type":"MerchantReturnPolicy","merchantReturnLink":"https:\/\/premiumkeszulek.hu\/hu\/altalanos-szerzodesi-es-felhasznalasi-feltetelek\/"}}]},"product_brand":"Smeg","product_price_amount":"395105","product_price_currency":"HUF","og_availability":"instock","product_availability":"instock","product_retailer_item_id":"SF6905X1","product_condition":"new"},"jetpack_publicize_connections":[],"jetpack_likes_enabled":true,"jetpack_sharing_enabled":true,"jetpack-related-posts":[],"_links":{"self":[{"href":"https:\/\/premiumkeszulek.hu\/hu\/wp-json\/wp\/v2\/product\/6831","targetHints":{"allow":["GET"]}}],"collection":[{"href":"https:\/\/premiumkeszulek.hu\/hu\/wp-json\/wp\/v2\/product"}],"about":[{"href":"https:\/\/premiumkeszulek.hu\/hu\/wp-json\/wp\/v2\/types\/product"}],"replies":[{"embeddable":true,"href":"https:\/\/premiumkeszulek.hu\/hu\/wp-json\/wp\/v2\/comments?post=6831"}],"wp:featuredmedia":[{"embeddable":true,"href":"https:\/\/premiumkeszulek.hu\/hu\/wp-json\/wp\/v2\/media\/6830"}],"wp:attachment":[{"href":"https:\/\/premiumkeszulek.hu\/hu\/wp-json\/wp\/v2\/media?parent=6831"}],"wp:term":[{"taxonomy":"product_brand","embeddable":true,"href":"https:\/\/premiumkeszulek.hu\/hu\/wp-json\/wp\/v2\/product_brand?post=6831"},{"taxonomy":"product_cat","embeddable":true,"href":"https:\/\/premiumkeszulek.hu\/hu\/wp-json\/wp\/v2\/product_cat?post=6831"},{"taxonomy":"product_tag","embeddable":true,"href":"https:\/\/premiumkeszulek.hu\/hu\/wp-json\/wp\/v2\/product_tag?post=6831"},{"taxonomy":"woo-feed-brand","embeddable":true,"href":"https:\/\/premiumkeszulek.hu\/hu\/wp-json\/wp\/v2\/woo-feed-brand?post=6831"}],"curies":[{"name":"wp","href":"https:\/\/api.w.org\/{rel}","templated":true}]}}