{"id":6788,"date":"2025-02-12T20:53:09","date_gmt":"2025-02-12T19:53:09","guid":{"rendered":"https:\/\/premiumkeszulek.hu\/product\/smeg-sop6902s2px-victoria-beepitheto-suto-goz-funkcioval-pirolitikus-inox\/"},"modified":"2026-04-02T18:39:48","modified_gmt":"2026-04-02T16:39:48","slug":"smeg-sop6902s2px-victoria-beepitheto-suto-goz-funkcioval-pirolitikus-inox","status":"publish","type":"product","link":"https:\/\/premiumkeszulek.hu\/hu\/termek\/smeg-sop6902s2px-victoria-beepitheto-suto-goz-funkcioval-pirolitikus-inox\/","title":{"rendered":"Smeg SOP6902S2PX Victoria be\u00e9p\u00edthet\u0151 s\u00fct\u0151 g\u0151z funkci\u00f3val pirol\u00edtikus inox"},"content":{"rendered":"<p> VICTORIA<br \/>\n\tA SMEG legels\u0151, 1948-ban gy\u00e1rtott,Elisabeth n\u00e9vre keresztelt cooker-e ihlette a Victoria term\u00e9kcsal\u00e1dot, mely t\u00f6k\u00e9letesen megfelel<br \/>\n\tmegragadja az id\u0151tlen, klasszikus design esszenci\u00e1j\u00e1t \u00e9s b\u00e1j\u00e1t. Az ikonikus \"1950-es \u00e9vek\" st\u00edlus \u00e9s a pr\u00e9mium min\u0151s\u00e9g\u0171 kivitelez\u00e9s<br \/>\n\tegyar\u00e1nt a m\u00e1rka v\u00e9djegy\u00e9nek sz\u00e1m\u00edt.<\/p>\n<p>SZ\u00cdNEK \u00c9S DESIGN<br \/>\n\tA Victoria term\u00e9kcsal\u00e1d nosztalgikus, \"retro\" ihlet\u00e9s\u0171 term\u00e9kein megmutatkozik a r\u00e9szletek ir\u00e1nti szenved\u00e9ly \u00e9s a hagyom\u00e1nytisztelet.<br \/>\n\tA mark\u00e1ns kezel\u0151gombok, az \u00f6sszet\u00e9veszthetetlen formatervez\u00e9s, \u00e9s a szemet gy\u00f6ny\u00f6rk\u00f6dtet\u0151 sz\u00ednek val\u00f3di karaktert k\u00f6lcs\u00f6n\u00f6znek.<br \/>\n\tkonyh\u00e1j\u00e1nak.<\/p>\n<p>BKOMBIN\u00c1LT MIKROHULL\u00c1M\u00da S\u00dcT\u0150K<br \/>\n\tA hagyom\u00e1nyos \u00e9s a mikrohull\u00e1m\u00fa s\u00fct\u00e9s kombin\u00e1ci\u00f3ja lehet\u0151v\u00e9 teszi a t\u00f6k\u00e9letes eredm\u00e9ny m\u00e9g gyorsabb el\u00e9r\u00e9s\u00e9t. A mikro-<br \/>\n\thull\u00e1mok seg\u00edts\u00e9g\u00e9vel ak\u00e1r 30%-kal cs\u00f6kkentheti a s\u00fct\u00e9si id\u0151t, m\u00edg a hagyom\u00e1nyos s\u00fct\u00e9si m\u00f3d kiv\u00e1l\u00f3 s\u00fct\u00e9st \u00e9s ropog\u00f3s k\u00fcls\u0151t biztos\u00edt.<\/p>\n<p>60 x 60 cm<br \/>\n\t- Galileo platform<br \/>\n\t- SteamOne g\u0151zzel t\u00e1mogatott s\u00fct\u00e9s (20%-40% g\u0151z)<br \/>\n\t- EvoScreen LCD kijelz\u0151<br \/>\n\t- 2 vez\u00e9rl\u0151gomb<br \/>\n\t- 12 s\u00fct\u00e9si funkci\u00f3<br \/>\n\t- 9 egy\u00e9b funkci\u00f3<br \/>\n\t- pirolitikus tiszt\u00edt\u00e1s<br \/>\n\t- 4 r\u00e9teg\u0171 \u00fcvegajt\u00f3<br \/>\n\t- soft close \u00e9s soft open zsan\u00e9rok<br \/>\n\t- 68 l s\u00fct\u0151t\u00e9r \u0171rtartalom<br \/>\n\t- 0,8 l v\u00edztart\u00e1ly \u0171rtartalom<br \/>\n\t- A+ energiaoszt\u00e1ly<br \/>\n\t- tartoz\u00e9kok: 2 db tepsi,<br \/>\n\t1 db r\u00e1cs, egy ponton m\u00e9r\u0151 h\u0151m\u00e9r\u0151 szonda<\/p>\n<p>fekete SOP6902S2PN<br \/>\n\tb\u00e9zs SOP6902S2PP<br \/>\n\tinox SOP6902S2PX<\/p>","protected":false},"excerpt":{"rendered":"<p><iframe src=\" https:\/\/www.mbhbank.hu\/sfcalculation\/?ar=[PRICE]&#038;partner=DX030&#038;konstrukcio=DLSK14\" width=\"100%\" height=\"500\" frameborder=\"0\" scrolling=\"yes\" align=\"left\"><\/iframe><\/p>\n","protected":false},"featured_media":6787,"comment_status":"closed","ping_status":"closed","template":"","meta":{"_crdt_document":"","content-type":"","jetpack_post_was_ever_published":false,"jetpack_publicize_message":"","jetpack_publicize_feature_enabled":true,"jetpack_social_post_already_shared":true,"jetpack_social_options":{"image_generator_settings":{"template":"highway","default_image_id":0,"font":"","enabled":false},"version":2},"_wpas_customize_per_network":false},"product_brand":[1634],"product_cat":[1389,1527],"product_tag":[],"woo-feed-brand":[],"class_list":{"0":"post-6788","1":"product","2":"type-product","3":"status-publish","4":"has-post-thumbnail","6":"product_brand-smeg","7":"product_cat-beepithetosutok","8":"product_cat-sutok-es-fozolapok","9":"product_shipping_class-100000felett","11":"first","12":"onbackorder","13":"sale","14":"taxable","15":"shipping-taxable","16":"purchasable","17":"product-type-simple"},"yoast_head":"<!-- This site is optimized with the Yoast SEO Premium plugin v26.9 (Yoast SEO v26.9) - https:\/\/yoast.com\/product\/yoast-seo-premium-wordpress\/ -->\n<title>Smeg SOP6902S2PX Victoria be\u00e9p\u00edthet\u0151 s\u00fct\u0151 g\u0151z funkci\u00f3val pirol\u00edtikus inox - Pr\u00e9miumK\u00e9sz\u00fcl\u00e9k<\/title>\n<meta name=\"description\" content=\"\u00d6tv\u00f6zze a eleganci\u00e1t \u00e9s funkcionalit\u00e1st a Smeg SOP6902S2PX Victoria be\u00e9p\u00edthet\u0151 s\u00fct\u0151vel! B\u00edzzon benne a t\u00f6k\u00e9letes \u00e9telek elk\u00e9sz\u00edt\u00e9s\u00e9ben! \ud83c\udf7d\ufe0f\" \/>\n<meta name=\"robots\" content=\"index, follow, max-snippet:-1, max-image-preview:large, max-video-preview:-1\" \/>\n<link rel=\"canonical\" href=\"https:\/\/premiumkeszulek.hu\/hu\/termek\/smeg-sop6902s2px-victoria-beepitheto-suto-goz-funkcioval-pirolitikus-inox\/\" \/>\n<meta property=\"og:locale\" content=\"hu_HU\" \/>\n<meta property=\"og:type\" content=\"article\" \/>\n<meta property=\"og:title\" content=\"Smeg SOP6902S2PX Victoria be\u00e9p\u00edthet\u0151 s\u00fct\u0151 g\u0151z funkci\u00f3val pirol\u00edtikus inox\" \/>\n<meta property=\"og:description\" content=\"\u00d6tv\u00f6zze a eleganci\u00e1t \u00e9s funkcionalit\u00e1st a Smeg SOP6902S2PX Victoria be\u00e9p\u00edthet\u0151 s\u00fct\u0151vel! B\u00edzzon benne a t\u00f6k\u00e9letes \u00e9telek elk\u00e9sz\u00edt\u00e9s\u00e9ben! \ud83c\udf7d\ufe0f\" \/>\n<meta property=\"og:url\" content=\"https:\/\/premiumkeszulek.hu\/hu\/termek\/smeg-sop6902s2px-victoria-beepitheto-suto-goz-funkcioval-pirolitikus-inox\/\" \/>\n<meta property=\"og:site_name\" content=\"Pr\u00e9miumK\u00e9sz\u00fcl\u00e9k\" \/>\n<meta property=\"article:publisher\" content=\"https:\/\/www.facebook.com\/konyhaluxnet\" \/>\n<meta property=\"article:modified_time\" content=\"2026-04-02T16:39:48+00:00\" \/>\n<meta property=\"og:image\" content=\"https:\/\/i0.wp.com\/premiumkeszulek.hu\/wp-content\/uploads\/2025\/02\/SOP6902S2PX-111.jpg?fit=800%2C800&ssl=1\" \/>\n\t<meta property=\"og:image:width\" content=\"800\" \/>\n\t<meta property=\"og:image:height\" content=\"800\" \/>\n\t<meta property=\"og:image:type\" content=\"image\/jpeg\" \/>\n<meta name=\"twitter:card\" content=\"summary_large_image\" \/>\n<meta name=\"twitter:label1\" content=\"\u00c1r\" \/>\n\t<meta name=\"twitter:data1\" content=\"979.355&#070;&#116;\" \/>\n\t<meta name=\"twitter:label2\" content=\"El\u00e9rhet\u0151s\u00e9g\" \/>\n\t<meta name=\"twitter:data2\" content=\"Beszerz\u00e9s alatt\" \/>\n<script type=\"application\/ld+json\" class=\"yoast-schema-graph\">{\"@context\":\"https:\/\/schema.org\",\"@graph\":[{\"@type\":\"WebPage\",\"@id\":\"https:\/\/premiumkeszulek.hu\/en\/product\/smeg-sop6902s2px-victoria-beepitheto-suto-goz-funkcioval-pirolitikus-inox\/\",\"url\":\"https:\/\/premiumkeszulek.hu\/en\/product\/smeg-sop6902s2px-victoria-beepitheto-suto-goz-funkcioval-pirolitikus-inox\/\",\"name\":\"Smeg SOP6902S2PX Victoria be\u00e9p\u00edthet\u0151 s\u00fct\u0151 g\u0151z funkci\u00f3val pirol\u00edtikus inox - Pr\u00e9miumK\u00e9sz\u00fcl\u00e9k\",\"isPartOf\":{\"@id\":\"https:\/\/premiumkeszulek.hu\/en\/#website\"},\"primaryImageOfPage\":{\"@id\":\"https:\/\/premiumkeszulek.hu\/en\/product\/smeg-sop6902s2px-victoria-beepitheto-suto-goz-funkcioval-pirolitikus-inox\/#primaryimage\"},\"image\":{\"@id\":\"https:\/\/premiumkeszulek.hu\/en\/product\/smeg-sop6902s2px-victoria-beepitheto-suto-goz-funkcioval-pirolitikus-inox\/#primaryimage\"},\"thumbnailUrl\":\"https:\/\/i0.wp.com\/premiumkeszulek.hu\/wp-content\/uploads\/2025\/02\/SOP6902S2PX-111.jpg?fit=800%2C800&ssl=1\",\"datePublished\":\"2025-02-12T19:53:09+00:00\",\"dateModified\":\"2026-04-02T16:39:48+00:00\",\"description\":\"\u00d6tv\u00f6zze a eleganci\u00e1t \u00e9s funkcionalit\u00e1st a Smeg SOP6902S2PX Victoria be\u00e9p\u00edthet\u0151 s\u00fct\u0151vel! B\u00edzzon benne a t\u00f6k\u00e9letes \u00e9telek elk\u00e9sz\u00edt\u00e9s\u00e9ben! \ud83c\udf7d\ufe0f\",\"breadcrumb\":{\"@id\":\"https:\/\/premiumkeszulek.hu\/en\/product\/smeg-sop6902s2px-victoria-beepitheto-suto-goz-funkcioval-pirolitikus-inox\/#breadcrumb\"},\"inLanguage\":\"hu\",\"potentialAction\":[{\"@type\":\"ReadAction\",\"target\":[\"https:\/\/premiumkeszulek.hu\/en\/product\/smeg-sop6902s2px-victoria-beepitheto-suto-goz-funkcioval-pirolitikus-inox\/\"]}]},{\"@type\":\"ImageObject\",\"inLanguage\":\"hu\",\"@id\":\"https:\/\/premiumkeszulek.hu\/en\/product\/smeg-sop6902s2px-victoria-beepitheto-suto-goz-funkcioval-pirolitikus-inox\/#primaryimage\",\"url\":\"https:\/\/i0.wp.com\/premiumkeszulek.hu\/wp-content\/uploads\/2025\/02\/SOP6902S2PX-111.jpg?fit=800%2C800&ssl=1\",\"contentUrl\":\"https:\/\/i0.wp.com\/premiumkeszulek.hu\/wp-content\/uploads\/2025\/02\/SOP6902S2PX-111.jpg?fit=800%2C800&ssl=1\",\"width\":800,\"height\":800},{\"@type\":\"BreadcrumbList\",\"@id\":\"https:\/\/premiumkeszulek.hu\/en\/product\/smeg-sop6902s2px-victoria-beepitheto-suto-goz-funkcioval-pirolitikus-inox\/#breadcrumb\",\"itemListElement\":[{\"@type\":\"ListItem\",\"position\":1,\"name\":\"Home\",\"item\":\"https:\/\/premiumkeszulek.hu\/en\/\"},{\"@type\":\"ListItem\",\"position\":2,\"name\":\"Shop\",\"item\":\"https:\/\/premiumkeszulek.hu\/en\/shop\/\"},{\"@type\":\"ListItem\",\"position\":3,\"name\":\"Smeg SOP6902S2PX Victoria be\u00e9p\u00edthet\u0151 s\u00fct\u0151 g\u0151z funkci\u00f3val pirol\u00edtikus inox\"}]},{\"@type\":\"WebSite\",\"@id\":\"https:\/\/premiumkeszulek.hu\/en\/#website\",\"url\":\"https:\/\/premiumkeszulek.hu\/en\/\",\"name\":\"Pr\u00e9miumK\u00e9sz\u00fcl\u00e9k\",\"description\":\"\",\"publisher\":{\"@id\":\"https:\/\/premiumkeszulek.hu\/en\/#organization\"},\"potentialAction\":[{\"@type\":\"SearchAction\",\"target\":{\"@type\":\"EntryPoint\",\"urlTemplate\":\"https:\/\/premiumkeszulek.hu\/en\/?s={search_term_string}\"},\"query-input\":{\"@type\":\"PropertyValueSpecification\",\"valueRequired\":true,\"valueName\":\"search_term_string\"}}],\"inLanguage\":\"hu\"},{\"@type\":\"Organization\",\"@id\":\"https:\/\/premiumkeszulek.hu\/en\/#organization\",\"name\":\"Pr\u00e9miumK\u00e9sz\u00fcl\u00e9k\",\"alternateName\":\"HPH Special Kft\",\"url\":\"https:\/\/premiumkeszulek.hu\/en\/\",\"logo\":{\"@type\":\"ImageObject\",\"inLanguage\":\"hu\",\"@id\":\"https:\/\/premiumkeszulek.hu\/en\/#\/schema\/logo\/image\/\",\"url\":\"http:\/\/premiumkeszulek.hu\/wp-content\/uploads\/2025\/03\/TURKIZLOGO-kicsi.png\",\"contentUrl\":\"http:\/\/premiumkeszulek.hu\/wp-content\/uploads\/2025\/03\/TURKIZLOGO-kicsi.png\",\"width\":1600,\"height\":547,\"caption\":\"Pr\u00e9miumK\u00e9sz\u00fcl\u00e9k\"},\"image\":{\"@id\":\"https:\/\/premiumkeszulek.hu\/en\/#\/schema\/logo\/image\/\"},\"sameAs\":[\"https:\/\/www.facebook.com\/konyhaluxnet\",\"https:\/\/www.instagram.com\/konyhaluxnet\/#\"],\"email\":\"info@premiumkeszulek.hu\",\"telephone\":\"36 1 \/ 226-1992\",\"legalName\":\"HPH Special Kft\",\"vatID\":\"HU12549502\",\"taxID\":\"12549502\",\"hasMerchantReturnPolicy\":{\"@type\":\"MerchantReturnPolicy\",\"merchantReturnLink\":\"https:\/\/premiumkeszulek.hu\/hu\/altalanos-szerzodesi-es-felhasznalasi-feltetelek\/\"}}]}<\/script>\n<meta property=\"product:brand\" content=\"Smeg\" \/>\n<meta property=\"product:price:amount\" content=\"979355\" \/>\n<meta property=\"product:price:currency\" content=\"HUF\" \/>\n<meta property=\"og:availability\" content=\"backorder\" \/>\n<meta property=\"product:availability\" content=\"available for order\" \/>\n<meta property=\"product:retailer_item_id\" content=\"SOP6902S2PX\" \/>\n<meta property=\"product:condition\" content=\"new\" \/>\n<!-- \/ Yoast SEO Premium plugin. -->","yoast_head_json":{"title":"Smeg SOP6902S2PX Victoria be\u00e9p\u00edthet\u0151 s\u00fct\u0151 g\u0151z funkci\u00f3val pirol\u00edtikus inox - Pr\u00e9miumK\u00e9sz\u00fcl\u00e9k","description":"\u00d6tv\u00f6zze az eleganci\u00e1t \u00e9s funkcionalit\u00e1st a Smeg SOP6902S2PX Victoria be\u00e9p\u00edthet\u0151 s\u00fct\u0151vel! B\u00edzzon benne a t\u00f6k\u00e9letes \u00e9telek elk\u00e9sz\u00edt\u00e9s\u00e9ben! \ud83c\udf7d\ufe0f","robots":{"index":"index","follow":"follow","max-snippet":"max-snippet:-1","max-image-preview":"max-image-preview:large","max-video-preview":"max-video-preview:-1"},"canonical":"https:\/\/premiumkeszulek.hu\/hu\/termek\/smeg-sop6902s2px-victoria-beepitheto-suto-goz-funkcioval-pirolitikus-inox\/","og_locale":"hu_HU","og_type":"article","og_title":"Smeg SOP6902S2PX Victoria be\u00e9p\u00edthet\u0151 s\u00fct\u0151 g\u0151z funkci\u00f3val pirol\u00edtikus inox","og_description":"\u00d6tv\u00f6zze a eleganci\u00e1t \u00e9s funkcionalit\u00e1st a Smeg SOP6902S2PX Victoria be\u00e9p\u00edthet\u0151 s\u00fct\u0151vel! B\u00edzzon benne a t\u00f6k\u00e9letes \u00e9telek elk\u00e9sz\u00edt\u00e9s\u00e9ben! \ud83c\udf7d\ufe0f","og_url":"https:\/\/premiumkeszulek.hu\/hu\/termek\/smeg-sop6902s2px-victoria-beepitheto-suto-goz-funkcioval-pirolitikus-inox\/","og_site_name":"Pr\u00e9miumK\u00e9sz\u00fcl\u00e9k","article_publisher":"https:\/\/www.facebook.com\/konyhaluxnet","article_modified_time":"2026-04-02T16:39:48+00:00","og_image":[{"width":800,"height":800,"url":"https:\/\/i0.wp.com\/premiumkeszulek.hu\/wp-content\/uploads\/2025\/02\/SOP6902S2PX-111.jpg?fit=800%2C800&ssl=1","type":"image\/jpeg"}],"twitter_card":"summary_large_image","twitter_misc":{"\u00c1r":"979.355&#70;&#116;","El\u00e9rhet\u0151s\u00e9g":"Beszerz\u00e9s alatt"},"schema":{"@context":"https:\/\/schema.org","@graph":[{"@type":"WebPage","@id":"https:\/\/premiumkeszulek.hu\/en\/product\/smeg-sop6902s2px-victoria-beepitheto-suto-goz-funkcioval-pirolitikus-inox\/","url":"https:\/\/premiumkeszulek.hu\/en\/product\/smeg-sop6902s2px-victoria-beepitheto-suto-goz-funkcioval-pirolitikus-inox\/","name":"Smeg SOP6902S2PX Victoria be\u00e9p\u00edthet\u0151 s\u00fct\u0151 g\u0151z funkci\u00f3val pirol\u00edtikus inox - Pr\u00e9miumK\u00e9sz\u00fcl\u00e9k","isPartOf":{"@id":"https:\/\/premiumkeszulek.hu\/en\/#website"},"primaryImageOfPage":{"@id":"https:\/\/premiumkeszulek.hu\/en\/product\/smeg-sop6902s2px-victoria-beepitheto-suto-goz-funkcioval-pirolitikus-inox\/#primaryimage"},"image":{"@id":"https:\/\/premiumkeszulek.hu\/en\/product\/smeg-sop6902s2px-victoria-beepitheto-suto-goz-funkcioval-pirolitikus-inox\/#primaryimage"},"thumbnailUrl":"https:\/\/i0.wp.com\/premiumkeszulek.hu\/wp-content\/uploads\/2025\/02\/SOP6902S2PX-111.jpg?fit=800%2C800&ssl=1","datePublished":"2025-02-12T19:53:09+00:00","dateModified":"2026-04-02T16:39:48+00:00","description":"\u00d6tv\u00f6zze az eleganci\u00e1t \u00e9s funkcionalit\u00e1st a Smeg SOP6902S2PX Victoria be\u00e9p\u00edthet\u0151 s\u00fct\u0151vel! B\u00edzzon benne a t\u00f6k\u00e9letes \u00e9telek elk\u00e9sz\u00edt\u00e9s\u00e9ben! \ud83c\udf7d\ufe0f","breadcrumb":{"@id":"https:\/\/premiumkeszulek.hu\/en\/product\/smeg-sop6902s2px-victoria-beepitheto-suto-goz-funkcioval-pirolitikus-inox\/#breadcrumb"},"inLanguage":"hu","potentialAction":[{"@type":"ReadAction","target":["https:\/\/premiumkeszulek.hu\/en\/product\/smeg-sop6902s2px-victoria-beepitheto-suto-goz-funkcioval-pirolitikus-inox\/"]}]},{"@type":"ImageObject","inLanguage":"hu","@id":"https:\/\/premiumkeszulek.hu\/en\/product\/smeg-sop6902s2px-victoria-beepitheto-suto-goz-funkcioval-pirolitikus-inox\/#primaryimage","url":"https:\/\/i0.wp.com\/premiumkeszulek.hu\/wp-content\/uploads\/2025\/02\/SOP6902S2PX-111.jpg?fit=800%2C800&ssl=1","contentUrl":"https:\/\/i0.wp.com\/premiumkeszulek.hu\/wp-content\/uploads\/2025\/02\/SOP6902S2PX-111.jpg?fit=800%2C800&ssl=1","width":800,"height":800},{"@type":"BreadcrumbList","@id":"https:\/\/premiumkeszulek.hu\/en\/product\/smeg-sop6902s2px-victoria-beepitheto-suto-goz-funkcioval-pirolitikus-inox\/#breadcrumb","itemListElement":[{"@type":"ListItem","position":1,"name":"Home","item":"https:\/\/premiumkeszulek.hu\/en\/"},{"@type":"ListItem","position":2,"name":"Shop","item":"https:\/\/premiumkeszulek.hu\/en\/shop\/"},{"@type":"ListItem","position":3,"name":"Smeg SOP6902S2PX Victoria be\u00e9p\u00edthet\u0151 s\u00fct\u0151 g\u0151z funkci\u00f3val pirol\u00edtikus inox"}]},{"@type":"WebSite","@id":"https:\/\/premiumkeszulek.hu\/en\/#website","url":"https:\/\/premiumkeszulek.hu\/en\/","name":"Pr\u00e9miumK\u00e9sz\u00fcl\u00e9k","description":"","publisher":{"@id":"https:\/\/premiumkeszulek.hu\/en\/#organization"},"potentialAction":[{"@type":"SearchAction","target":{"@type":"EntryPoint","urlTemplate":"https:\/\/premiumkeszulek.hu\/en\/?s={search_term_string}"},"query-input":{"@type":"PropertyValueSpecification","valueRequired":true,"valueName":"search_term_string"}}],"inLanguage":"hu"},{"@type":"Organization","@id":"https:\/\/premiumkeszulek.hu\/en\/#organization","name":"Pr\u00e9miumK\u00e9sz\u00fcl\u00e9k","alternateName":"HPH Special Kft","url":"https:\/\/premiumkeszulek.hu\/en\/","logo":{"@type":"ImageObject","inLanguage":"hu","@id":"https:\/\/premiumkeszulek.hu\/en\/#\/schema\/logo\/image\/","url":"http:\/\/premiumkeszulek.hu\/wp-content\/uploads\/2025\/03\/TURKIZLOGO-kicsi.png","contentUrl":"http:\/\/premiumkeszulek.hu\/wp-content\/uploads\/2025\/03\/TURKIZLOGO-kicsi.png","width":1600,"height":547,"caption":"Pr\u00e9miumK\u00e9sz\u00fcl\u00e9k"},"image":{"@id":"https:\/\/premiumkeszulek.hu\/en\/#\/schema\/logo\/image\/"},"sameAs":["https:\/\/www.facebook.com\/konyhaluxnet","https:\/\/www.instagram.com\/konyhaluxnet\/#"],"email":"info@premiumkeszulek.hu","telephone":"36 1 \/ 226-1992","legalName":"HPH Special Kft","vatID":"HU12549502","taxID":"12549502","hasMerchantReturnPolicy":{"@type":"MerchantReturnPolicy","merchantReturnLink":"https:\/\/premiumkeszulek.hu\/hu\/altalanos-szerzodesi-es-felhasznalasi-feltetelek\/"}}]},"product_brand":"Smeg","product_price_amount":"979355","product_price_currency":"HUF","og_availability":"backorder","product_availability":"available for order","product_retailer_item_id":"SOP6902S2PX","product_condition":"new"},"jetpack_publicize_connections":[],"jetpack_likes_enabled":true,"jetpack_sharing_enabled":true,"jetpack-related-posts":[],"_links":{"self":[{"href":"https:\/\/premiumkeszulek.hu\/hu\/wp-json\/wp\/v2\/product\/6788","targetHints":{"allow":["GET"]}}],"collection":[{"href":"https:\/\/premiumkeszulek.hu\/hu\/wp-json\/wp\/v2\/product"}],"about":[{"href":"https:\/\/premiumkeszulek.hu\/hu\/wp-json\/wp\/v2\/types\/product"}],"replies":[{"embeddable":true,"href":"https:\/\/premiumkeszulek.hu\/hu\/wp-json\/wp\/v2\/comments?post=6788"}],"wp:featuredmedia":[{"embeddable":true,"href":"https:\/\/premiumkeszulek.hu\/hu\/wp-json\/wp\/v2\/media\/6787"}],"wp:attachment":[{"href":"https:\/\/premiumkeszulek.hu\/hu\/wp-json\/wp\/v2\/media?parent=6788"}],"wp:term":[{"taxonomy":"product_brand","embeddable":true,"href":"https:\/\/premiumkeszulek.hu\/hu\/wp-json\/wp\/v2\/product_brand?post=6788"},{"taxonomy":"product_cat","embeddable":true,"href":"https:\/\/premiumkeszulek.hu\/hu\/wp-json\/wp\/v2\/product_cat?post=6788"},{"taxonomy":"product_tag","embeddable":true,"href":"https:\/\/premiumkeszulek.hu\/hu\/wp-json\/wp\/v2\/product_tag?post=6788"},{"taxonomy":"woo-feed-brand","embeddable":true,"href":"https:\/\/premiumkeszulek.hu\/hu\/wp-json\/wp\/v2\/woo-feed-brand?post=6788"}],"curies":[{"name":"wp","href":"https:\/\/api.w.org\/{rel}","templated":true}]}}