{"id":6512,"date":"2025-02-12T17:38:16","date_gmt":"2025-02-12T16:38:16","guid":{"rendered":"https:\/\/premiumkeszulek.hu\/product\/faber-in-light-ev8-x-kl-a52-beepitheto-paraelszivo\/"},"modified":"2026-04-16T11:12:02","modified_gmt":"2026-04-16T09:12:02","slug":"faber-in-light-ev8-x-kl-a52-beepitheto-paraelszivo","status":"publish","type":"product","link":"https:\/\/premiumkeszulek.hu\/hu\/termek\/faber-in-light-ev8-x-kl-a52-beepitheto-paraelszivo\/","title":{"rendered":"Faber In-Light EV8+ X KL A52 be\u00e9p\u00edthet\u0151 p\u00e1raelsz\u00edv\u00f3"},"content":{"rendered":"<p> Kivezet\u00e9ses \u00e9s keringtet\u00e9ses \u00fczemm\u00f3dra is alkalmazhat\u00f3<br \/>\n52 cm sz\u00e9les fels\u0151 szekr\u00e9nysorba \u00e9p\u00edthet\u0151<br \/>\n\tF\u00e9mkazett\u00e1s, mosogat\u00f3g\u00e9pben moshat\u00f3<br \/>\n\tAz energiaoszt\u00e1ly <\/p>\n<p>\u00a0<\/p>\n<p>\tFONTOS! A p\u00e1raelsz\u00edv\u00f3k biztons\u00e1gos haszn\u00e1lata \u00e9rdek\u00e9ben, felszerel\u00e9s \u00e9s be\u00fczemel\u00e9s el\u0151tt mindenk\u00e9ppen t\u00e1j\u00e9koz\u00f3dni kell a term\u00e9k haszn\u00e1lati utas\u00edt\u00e1sb\u00f3l a f\u0151z\u0151lap fel\u00fclete \u00e9s a p\u00e1raelsz\u00edv\u00f3 legals\u00f3 r\u00e9sze k\u00f6z\u00f6tti min.t\u00e1vols\u00e1gr\u00f3l.<\/p>\n<p>\tA min. t\u00e1vols\u00e1got a f\u0151z\u0151lap t\u00edpusa (g\u00e1z vagy elektromos) hat\u00e1rozza meg, Valamint gondoskodni kell a megfelel\u0151 l\u00e9gut\u00e1np\u00f3tl\u00e1sr\u00f3l a hat\u00e9kony m\u0171k\u00f6d\u00e9s \u00e9rdek\u00e9ben.<\/p>","protected":false},"excerpt":{"rendered":"<p><iframe src=\" https:\/\/www.mbhbank.hu\/sfcalculation\/?ar=[PRICE]&amp;partner=DX030&amp;konstrukcio=DLSK14\" width=\"100%\" height=\"500\" frameborder=\"0\" scrolling=\"yes\" align=\"left\"><\/iframe><\/p>\n","protected":false},"featured_media":5693,"comment_status":"closed","ping_status":"closed","template":"","meta":{"_crdt_document":"","content-type":"","jetpack_post_was_ever_published":false,"jetpack_publicize_message":"","jetpack_publicize_feature_enabled":true,"jetpack_social_post_already_shared":true,"jetpack_social_options":{"image_generator_settings":{"template":"highway","default_image_id":0,"font":"","enabled":false},"version":2},"_wpas_customize_per_network":false},"product_brand":[1636],"product_cat":[1525],"product_tag":[],"woo-feed-brand":[],"class_list":{"0":"post-6512","1":"product","2":"type-product","3":"status-publish","4":"has-post-thumbnail","6":"product_brand-faber","7":"product_cat-paraelszivok","8":"product_shipping_class-100000felett","10":"first","11":"onbackorder","12":"sale","13":"taxable","14":"shipping-taxable","15":"purchasable","16":"product-type-simple"},"yoast_head":"<!-- This site is optimized with the Yoast SEO Premium plugin v26.9 (Yoast SEO v27.4) - https:\/\/yoast.com\/product\/yoast-seo-premium-wordpress\/ -->\n<title>Faber In-Light EV8+ X KL A52 be\u00e9p\u00edthet\u0151 p\u00e1raelsz\u00edv\u00f3 - Pr\u00e9miumK\u00e9sz\u00fcl\u00e9k<\/title>\n<meta name=\"description\" content=\"Fedezze fel a Faber In-Light EV8+ X KL A52 be\u00e9p\u00edthet\u0151 p\u00e1raelsz\u00edv\u00f3t, amely t\u00f6k\u00e9letes a biztons\u00e1gos f\u0151z\u00e9shez. V\u00e1lassza ezt a hat\u00e9kony \u00e9s eleg\u00e1ns megold\u00e1st!\" \/>\n<meta name=\"robots\" content=\"index, follow, max-snippet:-1, max-image-preview:large, max-video-preview:-1\" \/>\n<link rel=\"canonical\" href=\"https:\/\/premiumkeszulek.hu\/hu\/termek\/faber-in-light-ev8-x-kl-a52-beepitheto-paraelszivo\/\" \/>\n<meta property=\"og:locale\" content=\"hu_HU\" \/>\n<meta property=\"og:type\" content=\"article\" \/>\n<meta property=\"og:title\" content=\"Faber In-Light EV8+ X KL A52 be\u00e9p\u00edthet\u0151 p\u00e1raelsz\u00edv\u00f3\" \/>\n<meta property=\"og:description\" content=\"Fedezze fel a Faber In-Light EV8+ X KL A52 be\u00e9p\u00edthet\u0151 p\u00e1raelsz\u00edv\u00f3t, amely t\u00f6k\u00e9letes a biztons\u00e1gos f\u0151z\u00e9shez. V\u00e1lassza ezt a hat\u00e9kony \u00e9s eleg\u00e1ns megold\u00e1st!\" \/>\n<meta property=\"og:url\" content=\"https:\/\/premiumkeszulek.hu\/hu\/termek\/faber-in-light-ev8-x-kl-a52-beepitheto-paraelszivo\/\" \/>\n<meta property=\"og:site_name\" content=\"Pr\u00e9miumK\u00e9sz\u00fcl\u00e9k\" \/>\n<meta property=\"article:publisher\" content=\"https:\/\/www.facebook.com\/konyhaluxnet\" \/>\n<meta property=\"article:modified_time\" content=\"2026-04-16T09:12:02+00:00\" \/>\n<meta property=\"og:image\" content=\"https:\/\/i0.wp.com\/premiumkeszulek.hu\/wp-content\/uploads\/2025\/02\/faber-in-light.jpg?fit=800%2C800&ssl=1\" \/>\n\t<meta property=\"og:image:width\" content=\"800\" \/>\n\t<meta property=\"og:image:height\" content=\"800\" \/>\n\t<meta property=\"og:image:type\" content=\"image\/jpeg\" \/>\n<meta name=\"twitter:card\" content=\"summary_large_image\" \/>\n<meta name=\"twitter:label1\" content=\"\u00c1r\" \/>\n\t<meta name=\"twitter:data1\" content=\"351.499&#070;&#116;\" \/>\n\t<meta name=\"twitter:label2\" content=\"El\u00e9rhet\u0151s\u00e9g\" \/>\n\t<meta name=\"twitter:data2\" content=\"Beszerz\u00e9s alatt\" \/>\n<script type=\"application\/ld+json\" class=\"yoast-schema-graph\">{\"@context\":\"https:\\\/\\\/schema.org\",\"@graph\":[{\"@type\":\"WebPage\",\"@id\":\"https:\\\/\\\/premiumkeszulek.hu\\\/product\\\/faber-in-light-ev8-x-kl-a52-beepitheto-paraelszivo\\\/\",\"url\":\"https:\\\/\\\/premiumkeszulek.hu\\\/product\\\/faber-in-light-ev8-x-kl-a52-beepitheto-paraelszivo\\\/\",\"name\":\"Faber In-Light EV8+ X KL A52 be\u00e9p\u00edthet\u0151 p\u00e1raelsz\u00edv\u00f3 - Pr\u00e9miumK\u00e9sz\u00fcl\u00e9k\",\"isPartOf\":{\"@id\":\"https:\\\/\\\/premiumkeszulek.hu\\\/hu\\\/#website\"},\"primaryImageOfPage\":{\"@id\":\"https:\\\/\\\/premiumkeszulek.hu\\\/product\\\/faber-in-light-ev8-x-kl-a52-beepitheto-paraelszivo\\\/#primaryimage\"},\"image\":{\"@id\":\"https:\\\/\\\/premiumkeszulek.hu\\\/product\\\/faber-in-light-ev8-x-kl-a52-beepitheto-paraelszivo\\\/#primaryimage\"},\"thumbnailUrl\":\"https:\\\/\\\/i0.wp.com\\\/premiumkeszulek.hu\\\/wp-content\\\/uploads\\\/2025\\\/02\\\/faber-in-light.jpg?fit=800%2C800&ssl=1\",\"datePublished\":\"2025-02-12T16:38:16+00:00\",\"dateModified\":\"2026-04-16T09:12:02+00:00\",\"description\":\"Fedezze fel a Faber In-Light EV8+ X KL A52 be\u00e9p\u00edthet\u0151 p\u00e1raelsz\u00edv\u00f3t, amely t\u00f6k\u00e9letes a biztons\u00e1gos f\u0151z\u00e9shez. V\u00e1lassza ezt a hat\u00e9kony \u00e9s eleg\u00e1ns megold\u00e1st!\",\"breadcrumb\":{\"@id\":\"https:\\\/\\\/premiumkeszulek.hu\\\/product\\\/faber-in-light-ev8-x-kl-a52-beepitheto-paraelszivo\\\/#breadcrumb\"},\"inLanguage\":\"hu\",\"potentialAction\":[{\"@type\":\"ReadAction\",\"target\":[\"https:\\\/\\\/premiumkeszulek.hu\\\/product\\\/faber-in-light-ev8-x-kl-a52-beepitheto-paraelszivo\\\/\"]}]},{\"@type\":\"ImageObject\",\"inLanguage\":\"hu\",\"@id\":\"https:\\\/\\\/premiumkeszulek.hu\\\/product\\\/faber-in-light-ev8-x-kl-a52-beepitheto-paraelszivo\\\/#primaryimage\",\"url\":\"https:\\\/\\\/i0.wp.com\\\/premiumkeszulek.hu\\\/wp-content\\\/uploads\\\/2025\\\/02\\\/faber-in-light.jpg?fit=800%2C800&ssl=1\",\"contentUrl\":\"https:\\\/\\\/i0.wp.com\\\/premiumkeszulek.hu\\\/wp-content\\\/uploads\\\/2025\\\/02\\\/faber-in-light.jpg?fit=800%2C800&ssl=1\",\"width\":800,\"height\":800},{\"@type\":\"BreadcrumbList\",\"@id\":\"https:\\\/\\\/premiumkeszulek.hu\\\/product\\\/faber-in-light-ev8-x-kl-a52-beepitheto-paraelszivo\\\/#breadcrumb\",\"itemListElement\":[{\"@type\":\"ListItem\",\"position\":1,\"name\":\"Home\",\"item\":\"https:\\\/\\\/premiumkeszulek.hu\\\/hu\\\/\"},{\"@type\":\"ListItem\",\"position\":2,\"name\":\"Shop\",\"item\":\"https:\\\/\\\/premiumkeszulek.hu\\\/hu\\\/shop\\\/\"},{\"@type\":\"ListItem\",\"position\":3,\"name\":\"Faber In-Light EV8+ X KL A52 be\u00e9p\u00edthet\u0151 p\u00e1raelsz\u00edv\u00f3\"}]},{\"@type\":\"WebSite\",\"@id\":\"https:\\\/\\\/premiumkeszulek.hu\\\/hu\\\/#website\",\"url\":\"https:\\\/\\\/premiumkeszulek.hu\\\/hu\\\/\",\"name\":\"Pr\u00e9miumK\u00e9sz\u00fcl\u00e9k\",\"description\":\"\",\"publisher\":{\"@id\":\"https:\\\/\\\/premiumkeszulek.hu\\\/hu\\\/#organization\"},\"potentialAction\":[{\"@type\":\"SearchAction\",\"target\":{\"@type\":\"EntryPoint\",\"urlTemplate\":\"https:\\\/\\\/premiumkeszulek.hu\\\/hu\\\/?s={search_term_string}\"},\"query-input\":{\"@type\":\"PropertyValueSpecification\",\"valueRequired\":true,\"valueName\":\"search_term_string\"}}],\"inLanguage\":\"hu\"},{\"@type\":\"Organization\",\"@id\":\"https:\\\/\\\/premiumkeszulek.hu\\\/hu\\\/#organization\",\"name\":\"Pr\u00e9miumK\u00e9sz\u00fcl\u00e9k\",\"alternateName\":\"HPH Special Kft\",\"url\":\"https:\\\/\\\/premiumkeszulek.hu\\\/hu\\\/\",\"logo\":{\"@type\":\"ImageObject\",\"inLanguage\":\"hu\",\"@id\":\"https:\\\/\\\/premiumkeszulek.hu\\\/hu\\\/#\\\/schema\\\/logo\\\/image\\\/\",\"url\":\"http:\\\/\\\/premiumkeszulek.hu\\\/wp-content\\\/uploads\\\/2025\\\/03\\\/TURKIZLOGO-kicsi.png\",\"contentUrl\":\"http:\\\/\\\/premiumkeszulek.hu\\\/wp-content\\\/uploads\\\/2025\\\/03\\\/TURKIZLOGO-kicsi.png\",\"width\":1600,\"height\":547,\"caption\":\"Pr\u00e9miumK\u00e9sz\u00fcl\u00e9k\"},\"image\":{\"@id\":\"https:\\\/\\\/premiumkeszulek.hu\\\/hu\\\/#\\\/schema\\\/logo\\\/image\\\/\"},\"sameAs\":[\"https:\\\/\\\/www.facebook.com\\\/konyhaluxnet\",\"https:\\\/\\\/www.instagram.com\\\/konyhaluxnet\\\/#\"],\"email\":\"info@premiumkeszulek.hu\",\"telephone\":\"36 1 \\\/ 226-1992\",\"legalName\":\"HPH Special Kft\",\"vatID\":\"HU12549502\",\"taxID\":\"12549502\",\"hasMerchantReturnPolicy\":{\"@type\":\"MerchantReturnPolicy\",\"merchantReturnLink\":\"https:\\\/\\\/premiumkeszulek.hu\\\/hu\\\/altalanos-szerzodesi-es-felhasznalasi-feltetelek\\\/\"}}]}<\/script>\n<meta property=\"product:brand\" content=\"Faber\" \/>\n<meta property=\"product:price:amount\" content=\"351499\" \/>\n<meta property=\"product:price:currency\" content=\"HUF\" \/>\n<meta property=\"og:availability\" content=\"backorder\" \/>\n<meta property=\"product:availability\" content=\"available for order\" \/>\n<meta property=\"product:retailer_item_id\" content=\"110.0456.213\" \/>\n<meta property=\"product:condition\" content=\"new\" \/>\n<!-- \/ Yoast SEO Premium plugin. -->","yoast_head_json":{"title":"Faber In-Light EV8+ X KL A52 be\u00e9p\u00edthet\u0151 p\u00e1raelsz\u00edv\u00f3 - Pr\u00e9miumK\u00e9sz\u00fcl\u00e9k","description":"Fedezze fel a Faber In-Light EV8+ X KL A52 be\u00e9p\u00edthet\u0151 p\u00e1raelsz\u00edv\u00f3t, amely t\u00f6k\u00e9letes a biztons\u00e1gos f\u0151z\u00e9shez. V\u00e1lassza ezt a hat\u00e9kony \u00e9s eleg\u00e1ns megold\u00e1st!","robots":{"index":"index","follow":"follow","max-snippet":"max-snippet:-1","max-image-preview":"max-image-preview:large","max-video-preview":"max-video-preview:-1"},"canonical":"https:\/\/premiumkeszulek.hu\/hu\/termek\/faber-in-light-ev8-x-kl-a52-beepitheto-paraelszivo\/","og_locale":"hu_HU","og_type":"article","og_title":"Faber In-Light EV8+ X KL A52 be\u00e9p\u00edthet\u0151 p\u00e1raelsz\u00edv\u00f3","og_description":"Fedezze fel a Faber In-Light EV8+ X KL A52 be\u00e9p\u00edthet\u0151 p\u00e1raelsz\u00edv\u00f3t, amely t\u00f6k\u00e9letes a biztons\u00e1gos f\u0151z\u00e9shez. V\u00e1lassza ezt a hat\u00e9kony \u00e9s eleg\u00e1ns megold\u00e1st!","og_url":"https:\/\/premiumkeszulek.hu\/hu\/termek\/faber-in-light-ev8-x-kl-a52-beepitheto-paraelszivo\/","og_site_name":"Pr\u00e9miumK\u00e9sz\u00fcl\u00e9k","article_publisher":"https:\/\/www.facebook.com\/konyhaluxnet","article_modified_time":"2026-04-16T09:12:02+00:00","og_image":[{"width":800,"height":800,"url":"https:\/\/i0.wp.com\/premiumkeszulek.hu\/wp-content\/uploads\/2025\/02\/faber-in-light.jpg?fit=800%2C800&ssl=1","type":"image\/jpeg"}],"twitter_card":"summary_large_image","twitter_misc":{"\u00c1r":"351.499&#70;&#116;","El\u00e9rhet\u0151s\u00e9g":"Beszerz\u00e9s alatt"},"schema":{"@context":"https:\/\/schema.org","@graph":[{"@type":"WebPage","@id":"https:\/\/premiumkeszulek.hu\/product\/faber-in-light-ev8-x-kl-a52-beepitheto-paraelszivo\/","url":"https:\/\/premiumkeszulek.hu\/product\/faber-in-light-ev8-x-kl-a52-beepitheto-paraelszivo\/","name":"Faber In-Light EV8+ X KL A52 be\u00e9p\u00edthet\u0151 p\u00e1raelsz\u00edv\u00f3 - Pr\u00e9miumK\u00e9sz\u00fcl\u00e9k","isPartOf":{"@id":"https:\/\/premiumkeszulek.hu\/hu\/#website"},"primaryImageOfPage":{"@id":"https:\/\/premiumkeszulek.hu\/product\/faber-in-light-ev8-x-kl-a52-beepitheto-paraelszivo\/#primaryimage"},"image":{"@id":"https:\/\/premiumkeszulek.hu\/product\/faber-in-light-ev8-x-kl-a52-beepitheto-paraelszivo\/#primaryimage"},"thumbnailUrl":"https:\/\/i0.wp.com\/premiumkeszulek.hu\/wp-content\/uploads\/2025\/02\/faber-in-light.jpg?fit=800%2C800&ssl=1","datePublished":"2025-02-12T16:38:16+00:00","dateModified":"2026-04-16T09:12:02+00:00","description":"Fedezze fel a Faber In-Light EV8+ X KL A52 be\u00e9p\u00edthet\u0151 p\u00e1raelsz\u00edv\u00f3t, amely t\u00f6k\u00e9letes a biztons\u00e1gos f\u0151z\u00e9shez. V\u00e1lassza ezt a hat\u00e9kony \u00e9s eleg\u00e1ns megold\u00e1st!","breadcrumb":{"@id":"https:\/\/premiumkeszulek.hu\/product\/faber-in-light-ev8-x-kl-a52-beepitheto-paraelszivo\/#breadcrumb"},"inLanguage":"hu","potentialAction":[{"@type":"ReadAction","target":["https:\/\/premiumkeszulek.hu\/product\/faber-in-light-ev8-x-kl-a52-beepitheto-paraelszivo\/"]}]},{"@type":"ImageObject","inLanguage":"hu","@id":"https:\/\/premiumkeszulek.hu\/product\/faber-in-light-ev8-x-kl-a52-beepitheto-paraelszivo\/#primaryimage","url":"https:\/\/i0.wp.com\/premiumkeszulek.hu\/wp-content\/uploads\/2025\/02\/faber-in-light.jpg?fit=800%2C800&ssl=1","contentUrl":"https:\/\/i0.wp.com\/premiumkeszulek.hu\/wp-content\/uploads\/2025\/02\/faber-in-light.jpg?fit=800%2C800&ssl=1","width":800,"height":800},{"@type":"BreadcrumbList","@id":"https:\/\/premiumkeszulek.hu\/product\/faber-in-light-ev8-x-kl-a52-beepitheto-paraelszivo\/#breadcrumb","itemListElement":[{"@type":"ListItem","position":1,"name":"Home","item":"https:\/\/premiumkeszulek.hu\/hu\/"},{"@type":"ListItem","position":2,"name":"Shop","item":"https:\/\/premiumkeszulek.hu\/hu\/shop\/"},{"@type":"ListItem","position":3,"name":"Faber In-Light EV8+ X KL A52 be\u00e9p\u00edthet\u0151 p\u00e1raelsz\u00edv\u00f3"}]},{"@type":"WebSite","@id":"https:\/\/premiumkeszulek.hu\/hu\/#website","url":"https:\/\/premiumkeszulek.hu\/hu\/","name":"Pr\u00e9miumK\u00e9sz\u00fcl\u00e9k","description":"","publisher":{"@id":"https:\/\/premiumkeszulek.hu\/hu\/#organization"},"potentialAction":[{"@type":"SearchAction","target":{"@type":"EntryPoint","urlTemplate":"https:\/\/premiumkeszulek.hu\/hu\/?s={search_term_string}"},"query-input":{"@type":"PropertyValueSpecification","valueRequired":true,"valueName":"search_term_string"}}],"inLanguage":"hu"},{"@type":"Organization","@id":"https:\/\/premiumkeszulek.hu\/hu\/#organization","name":"Pr\u00e9miumK\u00e9sz\u00fcl\u00e9k","alternateName":"HPH Special Kft","url":"https:\/\/premiumkeszulek.hu\/hu\/","logo":{"@type":"ImageObject","inLanguage":"hu","@id":"https:\/\/premiumkeszulek.hu\/hu\/#\/schema\/logo\/image\/","url":"http:\/\/premiumkeszulek.hu\/wp-content\/uploads\/2025\/03\/TURKIZLOGO-kicsi.png","contentUrl":"http:\/\/premiumkeszulek.hu\/wp-content\/uploads\/2025\/03\/TURKIZLOGO-kicsi.png","width":1600,"height":547,"caption":"Pr\u00e9miumK\u00e9sz\u00fcl\u00e9k"},"image":{"@id":"https:\/\/premiumkeszulek.hu\/hu\/#\/schema\/logo\/image\/"},"sameAs":["https:\/\/www.facebook.com\/konyhaluxnet","https:\/\/www.instagram.com\/konyhaluxnet\/#"],"email":"info@premiumkeszulek.hu","telephone":"36 1 \/ 226-1992","legalName":"HPH Special Kft","vatID":"HU12549502","taxID":"12549502","hasMerchantReturnPolicy":{"@type":"MerchantReturnPolicy","merchantReturnLink":"https:\/\/premiumkeszulek.hu\/hu\/altalanos-szerzodesi-es-felhasznalasi-feltetelek\/"}}]},"product_brand":"Faber","product_price_amount":"351499","product_price_currency":"HUF","og_availability":"backorder","product_availability":"available for order","product_retailer_item_id":"110.0456.213","product_condition":"new"},"jetpack_publicize_connections":[],"jetpack_likes_enabled":true,"jetpack_sharing_enabled":true,"jetpack-related-posts":[],"_links":{"self":[{"href":"https:\/\/premiumkeszulek.hu\/hu\/wp-json\/wp\/v2\/product\/6512","targetHints":{"allow":["GET"]}}],"collection":[{"href":"https:\/\/premiumkeszulek.hu\/hu\/wp-json\/wp\/v2\/product"}],"about":[{"href":"https:\/\/premiumkeszulek.hu\/hu\/wp-json\/wp\/v2\/types\/product"}],"replies":[{"embeddable":true,"href":"https:\/\/premiumkeszulek.hu\/hu\/wp-json\/wp\/v2\/comments?post=6512"}],"wp:featuredmedia":[{"embeddable":true,"href":"https:\/\/premiumkeszulek.hu\/hu\/wp-json\/wp\/v2\/media\/5693"}],"wp:attachment":[{"href":"https:\/\/premiumkeszulek.hu\/hu\/wp-json\/wp\/v2\/media?parent=6512"}],"wp:term":[{"taxonomy":"product_brand","embeddable":true,"href":"https:\/\/premiumkeszulek.hu\/hu\/wp-json\/wp\/v2\/product_brand?post=6512"},{"taxonomy":"product_cat","embeddable":true,"href":"https:\/\/premiumkeszulek.hu\/hu\/wp-json\/wp\/v2\/product_cat?post=6512"},{"taxonomy":"product_tag","embeddable":true,"href":"https:\/\/premiumkeszulek.hu\/hu\/wp-json\/wp\/v2\/product_tag?post=6512"},{"taxonomy":"woo-feed-brand","embeddable":true,"href":"https:\/\/premiumkeszulek.hu\/hu\/wp-json\/wp\/v2\/woo-feed-brand?post=6512"}],"curies":[{"name":"wp","href":"https:\/\/api.w.org\/{rel}","templated":true}]}}