{"id":5494,"date":"2025-02-12T17:22:22","date_gmt":"2025-02-12T16:22:22","guid":{"rendered":"https:\/\/premiumkeszulek.hu\/product\/sirius-sm900-52-inox-kurtobe-beepitheto-paraelszivo\/"},"modified":"2026-04-14T15:49:19","modified_gmt":"2026-04-14T13:49:19","slug":"sirius-sm900-52-inox-kurtobe-beepitheto-paraelszivo","status":"publish","type":"product","link":"https:\/\/premiumkeszulek.hu\/hu\/termek\/sirius-sm900-52-inox-kurtobe-beepitheto-paraelszivo\/","title":{"rendered":"Sirius SM900 52 inox k\u00fcrt\u0151be be\u00e9p\u00edthet\u0151 p\u00e1raelsz\u00edv\u00f3"},"content":{"rendered":"<p> Forma kivitel:<br \/>\nFels\u0151 szekr\u00e9nybe vagy k\u00fcrt\u0151be \u00e9p\u00edthet\u0151<br \/>\nSz\u00e9less\u00e9g:<br \/>\n52 cm<br \/>\nSz\u00edn:<br \/>\nInox<br \/>\nVez\u00e9rl\u00e9s:<br \/>\nElektronikus<br \/>\nMotorok sz\u00e1ma:<br \/>\n1<br \/>\nL\u00e9gsz\u00e1ll\u00edt\u00e1s:<br \/>\n800\/604 m3\/h<br \/>\nZajszint:<br \/>\n45-70 (dB\/A)<br \/>\nNyom\u00e1s\u00e9rt\u00e9k:<br \/>\n396 Pa<br \/>\nUt\u00f3szell\u0151ztet\u00e9s:<br \/>\nIgen<br \/>\nVil\u00e1g\u00edt\u00e1s:<br \/>\n2\u00d72,1w LED<br \/>\nCs\u0151csatlakoz\u00e1s:<br \/>\n150 mm<br \/>\nEnergiaoszt\u00e1ly:<br \/>\nB<br \/>\nGarancia:<br \/>\n5 \u00e9v<br \/>\nS\u00faly:<br \/>\n8 kg\u00a0<\/p>","protected":false},"excerpt":{"rendered":"<p><iframe src=\" https:\/\/www.mbhbank.hu\/sfcalculation\/?ar=[PRICE]&#038;partner=DX030&#038;konstrukcio=DLSK14\" width=\"100%\" height=\"500\" frameborder=\"0\" scrolling=\"yes\" align=\"left\"><\/iframe><\/p>\n","protected":false},"featured_media":5493,"comment_status":"closed","ping_status":"closed","template":"","meta":{"_crdt_document":"","content-type":"","jetpack_post_was_ever_published":false,"jetpack_publicize_message":"","jetpack_publicize_feature_enabled":true,"jetpack_social_post_already_shared":true,"jetpack_social_options":{"image_generator_settings":{"template":"highway","default_image_id":0,"font":"","enabled":false},"version":2},"_wpas_customize_per_network":false},"product_brand":[1639],"product_cat":[1525],"product_tag":[],"woo-feed-brand":[],"class_list":{"0":"post-5494","1":"product","2":"type-product","3":"status-publish","4":"has-post-thumbnail","6":"product_brand-sirius","7":"product_cat-paraelszivok","8":"product_shipping_class-100000felett","10":"first","11":"instock","12":"taxable","13":"shipping-taxable","14":"purchasable","15":"product-type-simple"},"yoast_head":"<!-- This site is optimized with the Yoast SEO Premium plugin v26.9 (Yoast SEO v27.4) - https:\/\/yoast.com\/product\/yoast-seo-premium-wordpress\/ -->\n<title>Sirius SM900 52 inox k\u00fcrt\u0151be be\u00e9p\u00edthet\u0151 p\u00e1raelsz\u00edv\u00f3 - Pr\u00e9miumK\u00e9sz\u00fcl\u00e9k<\/title>\n<meta name=\"description\" content=\"Fedezze fel a Sirius SM900 52 be\u00e9p\u00edthet\u0151 p\u00e1raelsz\u00edv\u00f3t, amely 800 m3\/h l\u00e9gsz\u00e1ll\u00edt\u00e1ssal \u00e9s modern inox diz\u00e1jnnal rendelkezik. Rendelje meg most!\" \/>\n<meta name=\"robots\" content=\"index, follow, max-snippet:-1, max-image-preview:large, max-video-preview:-1\" \/>\n<link rel=\"canonical\" href=\"http:\/\/premiumkeszulek.hu\/hu\/termek\/sirius-sm900-52-inox-kurtobe-beepitheto-paraelszivo\/\" \/>\n<meta property=\"og:locale\" content=\"hu_HU\" \/>\n<meta property=\"og:type\" content=\"article\" \/>\n<meta property=\"og:title\" content=\"Sirius SM900 52 inox k\u00fcrt\u0151be be\u00e9p\u00edthet\u0151 p\u00e1raelsz\u00edv\u00f3\" \/>\n<meta property=\"og:description\" content=\"Fedezze fel a Sirius SM900 52 be\u00e9p\u00edthet\u0151 p\u00e1raelsz\u00edv\u00f3t, amely 800 m3\/h l\u00e9gsz\u00e1ll\u00edt\u00e1ssal \u00e9s modern inox diz\u00e1jnnal rendelkezik. Rendelje meg most!\" \/>\n<meta property=\"og:url\" content=\"http:\/\/premiumkeszulek.hu\/hu\/termek\/sirius-sm900-52-inox-kurtobe-beepitheto-paraelszivo\/\" \/>\n<meta property=\"og:site_name\" content=\"Pr\u00e9miumK\u00e9sz\u00fcl\u00e9k\" \/>\n<meta property=\"article:publisher\" content=\"https:\/\/www.facebook.com\/konyhaluxnet\" \/>\n<meta property=\"article:modified_time\" content=\"2026-04-14T13:49:19+00:00\" \/>\n<meta property=\"og:image\" content=\"https:\/\/i0.wp.com\/premiumkeszulek.hu\/wp-content\/uploads\/2025\/02\/SM900-222.jpg?fit=800%2C800\" \/>\n\t<meta property=\"og:image:width\" content=\"800\" \/>\n\t<meta property=\"og:image:height\" content=\"800\" \/>\n\t<meta property=\"og:image:type\" content=\"image\/jpeg\" \/>\n<meta name=\"twitter:card\" content=\"summary_large_image\" \/>\n<meta name=\"twitter:label1\" content=\"\u00c1r\" \/>\n\t<meta name=\"twitter:data1\" content=\"149.990&#070;&#116;\" \/>\n\t<meta name=\"twitter:label2\" content=\"El\u00e9rhet\u0151s\u00e9g\" \/>\n\t<meta name=\"twitter:data2\" content=\"K\u00e9szleten\" \/>\n<script type=\"application\/ld+json\" class=\"yoast-schema-graph\">{\"@context\":\"https:\\\/\\\/schema.org\",\"@graph\":[{\"@type\":\"WebPage\",\"@id\":\"http:\\\/\\\/premiumkeszulek.hu\\\/hu\\\/termek\\\/sirius-sm900-52-inox-kurtobe-beepitheto-paraelszivo\\\/\",\"url\":\"http:\\\/\\\/premiumkeszulek.hu\\\/hu\\\/termek\\\/sirius-sm900-52-inox-kurtobe-beepitheto-paraelszivo\\\/\",\"name\":\"Sirius SM900 52 inox k\u00fcrt\u0151be be\u00e9p\u00edthet\u0151 p\u00e1raelsz\u00edv\u00f3 - Pr\u00e9miumK\u00e9sz\u00fcl\u00e9k\",\"isPartOf\":{\"@id\":\"https:\\\/\\\/premiumkeszulek.hu\\\/hu\\\/#website\"},\"primaryImageOfPage\":{\"@id\":\"http:\\\/\\\/premiumkeszulek.hu\\\/hu\\\/termek\\\/sirius-sm900-52-inox-kurtobe-beepitheto-paraelszivo\\\/#primaryimage\"},\"image\":{\"@id\":\"http:\\\/\\\/premiumkeszulek.hu\\\/hu\\\/termek\\\/sirius-sm900-52-inox-kurtobe-beepitheto-paraelszivo\\\/#primaryimage\"},\"thumbnailUrl\":\"https:\\\/\\\/i0.wp.com\\\/premiumkeszulek.hu\\\/wp-content\\\/uploads\\\/2025\\\/02\\\/SM900-222.jpg?fit=800%2C800&ssl=1\",\"datePublished\":\"2025-02-12T16:22:22+00:00\",\"dateModified\":\"2026-04-14T13:49:19+00:00\",\"description\":\"Fedezze fel a Sirius SM900 52 be\u00e9p\u00edthet\u0151 p\u00e1raelsz\u00edv\u00f3t, amely 800 m3\\\/h l\u00e9gsz\u00e1ll\u00edt\u00e1ssal \u00e9s modern inox diz\u00e1jnnal rendelkezik. Rendelje meg most!\",\"breadcrumb\":{\"@id\":\"http:\\\/\\\/premiumkeszulek.hu\\\/hu\\\/termek\\\/sirius-sm900-52-inox-kurtobe-beepitheto-paraelszivo\\\/#breadcrumb\"},\"inLanguage\":\"hu\",\"potentialAction\":[{\"@type\":\"ReadAction\",\"target\":[\"http:\\\/\\\/premiumkeszulek.hu\\\/hu\\\/termek\\\/sirius-sm900-52-inox-kurtobe-beepitheto-paraelszivo\\\/\"]}]},{\"@type\":\"ImageObject\",\"inLanguage\":\"hu\",\"@id\":\"http:\\\/\\\/premiumkeszulek.hu\\\/hu\\\/termek\\\/sirius-sm900-52-inox-kurtobe-beepitheto-paraelszivo\\\/#primaryimage\",\"url\":\"https:\\\/\\\/i0.wp.com\\\/premiumkeszulek.hu\\\/wp-content\\\/uploads\\\/2025\\\/02\\\/SM900-222.jpg?fit=800%2C800&ssl=1\",\"contentUrl\":\"https:\\\/\\\/i0.wp.com\\\/premiumkeszulek.hu\\\/wp-content\\\/uploads\\\/2025\\\/02\\\/SM900-222.jpg?fit=800%2C800&ssl=1\",\"width\":800,\"height\":800},{\"@type\":\"BreadcrumbList\",\"@id\":\"http:\\\/\\\/premiumkeszulek.hu\\\/hu\\\/termek\\\/sirius-sm900-52-inox-kurtobe-beepitheto-paraelszivo\\\/#breadcrumb\",\"itemListElement\":[{\"@type\":\"ListItem\",\"position\":1,\"name\":\"Home\",\"item\":\"https:\\\/\\\/premiumkeszulek.hu\\\/hu\\\/\"},{\"@type\":\"ListItem\",\"position\":2,\"name\":\"Shop\",\"item\":\"https:\\\/\\\/premiumkeszulek.hu\\\/hu\\\/shop\\\/\"},{\"@type\":\"ListItem\",\"position\":3,\"name\":\"Sirius SM900 52 inox k\u00fcrt\u0151be be\u00e9p\u00edthet\u0151 p\u00e1raelsz\u00edv\u00f3\"}]},{\"@type\":\"WebSite\",\"@id\":\"https:\\\/\\\/premiumkeszulek.hu\\\/hu\\\/#website\",\"url\":\"https:\\\/\\\/premiumkeszulek.hu\\\/hu\\\/\",\"name\":\"Pr\u00e9miumK\u00e9sz\u00fcl\u00e9k\",\"description\":\"\",\"publisher\":{\"@id\":\"https:\\\/\\\/premiumkeszulek.hu\\\/hu\\\/#organization\"},\"potentialAction\":[{\"@type\":\"SearchAction\",\"target\":{\"@type\":\"EntryPoint\",\"urlTemplate\":\"https:\\\/\\\/premiumkeszulek.hu\\\/hu\\\/?s={search_term_string}\"},\"query-input\":{\"@type\":\"PropertyValueSpecification\",\"valueRequired\":true,\"valueName\":\"search_term_string\"}}],\"inLanguage\":\"hu\"},{\"@type\":\"Organization\",\"@id\":\"https:\\\/\\\/premiumkeszulek.hu\\\/hu\\\/#organization\",\"name\":\"Pr\u00e9miumK\u00e9sz\u00fcl\u00e9k\",\"alternateName\":\"HPH Special Kft\",\"url\":\"https:\\\/\\\/premiumkeszulek.hu\\\/hu\\\/\",\"logo\":{\"@type\":\"ImageObject\",\"inLanguage\":\"hu\",\"@id\":\"https:\\\/\\\/premiumkeszulek.hu\\\/hu\\\/#\\\/schema\\\/logo\\\/image\\\/\",\"url\":\"http:\\\/\\\/premiumkeszulek.hu\\\/wp-content\\\/uploads\\\/2025\\\/03\\\/TURKIZLOGO-kicsi.png\",\"contentUrl\":\"http:\\\/\\\/premiumkeszulek.hu\\\/wp-content\\\/uploads\\\/2025\\\/03\\\/TURKIZLOGO-kicsi.png\",\"width\":1600,\"height\":547,\"caption\":\"Pr\u00e9miumK\u00e9sz\u00fcl\u00e9k\"},\"image\":{\"@id\":\"https:\\\/\\\/premiumkeszulek.hu\\\/hu\\\/#\\\/schema\\\/logo\\\/image\\\/\"},\"sameAs\":[\"https:\\\/\\\/www.facebook.com\\\/konyhaluxnet\",\"https:\\\/\\\/www.instagram.com\\\/konyhaluxnet\\\/#\"],\"email\":\"info@premiumkeszulek.hu\",\"telephone\":\"36 1 \\\/ 226-1992\",\"legalName\":\"HPH Special Kft\",\"vatID\":\"HU12549502\",\"taxID\":\"12549502\",\"hasMerchantReturnPolicy\":{\"@type\":\"MerchantReturnPolicy\",\"merchantReturnLink\":\"https:\\\/\\\/premiumkeszulek.hu\\\/hu\\\/altalanos-szerzodesi-es-felhasznalasi-feltetelek\\\/\"}}]}<\/script>\n<meta property=\"product:brand\" content=\"Sirius\" \/>\n<meta property=\"product:price:amount\" content=\"149990\" \/>\n<meta property=\"product:price:currency\" content=\"HUF\" \/>\n<meta property=\"og:availability\" content=\"instock\" \/>\n<meta property=\"product:availability\" content=\"instock\" \/>\n<meta property=\"product:retailer_item_id\" content=\"00705102201\" \/>\n<meta property=\"product:condition\" content=\"new\" \/>\n<!-- \/ Yoast SEO Premium plugin. -->","yoast_head_json":{"title":"Sirius SM900 52 inox k\u00fcrt\u0151be be\u00e9p\u00edthet\u0151 p\u00e1raelsz\u00edv\u00f3 - Pr\u00e9miumK\u00e9sz\u00fcl\u00e9k","description":"Fedezze fel a Sirius SM900 52 be\u00e9p\u00edthet\u0151 p\u00e1raelsz\u00edv\u00f3t, amely 800 m3\/h l\u00e9gsz\u00e1ll\u00edt\u00e1ssal \u00e9s modern inox diz\u00e1jnnal rendelkezik. Rendelje meg most!","robots":{"index":"index","follow":"follow","max-snippet":"max-snippet:-1","max-image-preview":"max-image-preview:large","max-video-preview":"max-video-preview:-1"},"canonical":"http:\/\/premiumkeszulek.hu\/hu\/termek\/sirius-sm900-52-inox-kurtobe-beepitheto-paraelszivo\/","og_locale":"hu_HU","og_type":"article","og_title":"Sirius SM900 52 inox k\u00fcrt\u0151be be\u00e9p\u00edthet\u0151 p\u00e1raelsz\u00edv\u00f3","og_description":"Fedezze fel a Sirius SM900 52 be\u00e9p\u00edthet\u0151 p\u00e1raelsz\u00edv\u00f3t, amely 800 m3\/h l\u00e9gsz\u00e1ll\u00edt\u00e1ssal \u00e9s modern inox diz\u00e1jnnal rendelkezik. Rendelje meg most!","og_url":"http:\/\/premiumkeszulek.hu\/hu\/termek\/sirius-sm900-52-inox-kurtobe-beepitheto-paraelszivo\/","og_site_name":"Pr\u00e9miumK\u00e9sz\u00fcl\u00e9k","article_publisher":"https:\/\/www.facebook.com\/konyhaluxnet","article_modified_time":"2026-04-14T13:49:19+00:00","og_image":[{"width":800,"height":800,"url":"https:\/\/i0.wp.com\/premiumkeszulek.hu\/wp-content\/uploads\/2025\/02\/SM900-222.jpg?fit=800%2C800","type":"image\/jpeg"}],"twitter_card":"summary_large_image","twitter_misc":{"\u00c1r":"149.990&#70;&#116;","El\u00e9rhet\u0151s\u00e9g":"K\u00e9szleten"},"schema":{"@context":"https:\/\/schema.org","@graph":[{"@type":"WebPage","@id":"http:\/\/premiumkeszulek.hu\/hu\/termek\/sirius-sm900-52-inox-kurtobe-beepitheto-paraelszivo\/","url":"http:\/\/premiumkeszulek.hu\/hu\/termek\/sirius-sm900-52-inox-kurtobe-beepitheto-paraelszivo\/","name":"Sirius SM900 52 inox k\u00fcrt\u0151be be\u00e9p\u00edthet\u0151 p\u00e1raelsz\u00edv\u00f3 - Pr\u00e9miumK\u00e9sz\u00fcl\u00e9k","isPartOf":{"@id":"https:\/\/premiumkeszulek.hu\/hu\/#website"},"primaryImageOfPage":{"@id":"http:\/\/premiumkeszulek.hu\/hu\/termek\/sirius-sm900-52-inox-kurtobe-beepitheto-paraelszivo\/#primaryimage"},"image":{"@id":"http:\/\/premiumkeszulek.hu\/hu\/termek\/sirius-sm900-52-inox-kurtobe-beepitheto-paraelszivo\/#primaryimage"},"thumbnailUrl":"https:\/\/i0.wp.com\/premiumkeszulek.hu\/wp-content\/uploads\/2025\/02\/SM900-222.jpg?fit=800%2C800&ssl=1","datePublished":"2025-02-12T16:22:22+00:00","dateModified":"2026-04-14T13:49:19+00:00","description":"Fedezze fel a Sirius SM900 52 be\u00e9p\u00edthet\u0151 p\u00e1raelsz\u00edv\u00f3t, amely 800 m3\/h l\u00e9gsz\u00e1ll\u00edt\u00e1ssal \u00e9s modern inox diz\u00e1jnnal rendelkezik. Rendelje meg most!","breadcrumb":{"@id":"http:\/\/premiumkeszulek.hu\/hu\/termek\/sirius-sm900-52-inox-kurtobe-beepitheto-paraelszivo\/#breadcrumb"},"inLanguage":"hu","potentialAction":[{"@type":"ReadAction","target":["http:\/\/premiumkeszulek.hu\/hu\/termek\/sirius-sm900-52-inox-kurtobe-beepitheto-paraelszivo\/"]}]},{"@type":"ImageObject","inLanguage":"hu","@id":"http:\/\/premiumkeszulek.hu\/hu\/termek\/sirius-sm900-52-inox-kurtobe-beepitheto-paraelszivo\/#primaryimage","url":"https:\/\/i0.wp.com\/premiumkeszulek.hu\/wp-content\/uploads\/2025\/02\/SM900-222.jpg?fit=800%2C800&ssl=1","contentUrl":"https:\/\/i0.wp.com\/premiumkeszulek.hu\/wp-content\/uploads\/2025\/02\/SM900-222.jpg?fit=800%2C800&ssl=1","width":800,"height":800},{"@type":"BreadcrumbList","@id":"http:\/\/premiumkeszulek.hu\/hu\/termek\/sirius-sm900-52-inox-kurtobe-beepitheto-paraelszivo\/#breadcrumb","itemListElement":[{"@type":"ListItem","position":1,"name":"Home","item":"https:\/\/premiumkeszulek.hu\/hu\/"},{"@type":"ListItem","position":2,"name":"Shop","item":"https:\/\/premiumkeszulek.hu\/hu\/shop\/"},{"@type":"ListItem","position":3,"name":"Sirius SM900 52 inox k\u00fcrt\u0151be be\u00e9p\u00edthet\u0151 p\u00e1raelsz\u00edv\u00f3"}]},{"@type":"WebSite","@id":"https:\/\/premiumkeszulek.hu\/hu\/#website","url":"https:\/\/premiumkeszulek.hu\/hu\/","name":"Pr\u00e9miumK\u00e9sz\u00fcl\u00e9k","description":"","publisher":{"@id":"https:\/\/premiumkeszulek.hu\/hu\/#organization"},"potentialAction":[{"@type":"SearchAction","target":{"@type":"EntryPoint","urlTemplate":"https:\/\/premiumkeszulek.hu\/hu\/?s={search_term_string}"},"query-input":{"@type":"PropertyValueSpecification","valueRequired":true,"valueName":"search_term_string"}}],"inLanguage":"hu"},{"@type":"Organization","@id":"https:\/\/premiumkeszulek.hu\/hu\/#organization","name":"Pr\u00e9miumK\u00e9sz\u00fcl\u00e9k","alternateName":"HPH Special Kft","url":"https:\/\/premiumkeszulek.hu\/hu\/","logo":{"@type":"ImageObject","inLanguage":"hu","@id":"https:\/\/premiumkeszulek.hu\/hu\/#\/schema\/logo\/image\/","url":"http:\/\/premiumkeszulek.hu\/wp-content\/uploads\/2025\/03\/TURKIZLOGO-kicsi.png","contentUrl":"http:\/\/premiumkeszulek.hu\/wp-content\/uploads\/2025\/03\/TURKIZLOGO-kicsi.png","width":1600,"height":547,"caption":"Pr\u00e9miumK\u00e9sz\u00fcl\u00e9k"},"image":{"@id":"https:\/\/premiumkeszulek.hu\/hu\/#\/schema\/logo\/image\/"},"sameAs":["https:\/\/www.facebook.com\/konyhaluxnet","https:\/\/www.instagram.com\/konyhaluxnet\/#"],"email":"info@premiumkeszulek.hu","telephone":"36 1 \/ 226-1992","legalName":"HPH Special Kft","vatID":"HU12549502","taxID":"12549502","hasMerchantReturnPolicy":{"@type":"MerchantReturnPolicy","merchantReturnLink":"https:\/\/premiumkeszulek.hu\/hu\/altalanos-szerzodesi-es-felhasznalasi-feltetelek\/"}}]},"product_brand":"Sirius","product_price_amount":"149990","product_price_currency":"HUF","og_availability":"instock","product_availability":"instock","product_retailer_item_id":"00705102201","product_condition":"new"},"jetpack_publicize_connections":[],"jetpack_likes_enabled":true,"jetpack_sharing_enabled":true,"jetpack-related-posts":[],"_links":{"self":[{"href":"https:\/\/premiumkeszulek.hu\/hu\/wp-json\/wp\/v2\/product\/5494","targetHints":{"allow":["GET"]}}],"collection":[{"href":"https:\/\/premiumkeszulek.hu\/hu\/wp-json\/wp\/v2\/product"}],"about":[{"href":"https:\/\/premiumkeszulek.hu\/hu\/wp-json\/wp\/v2\/types\/product"}],"replies":[{"embeddable":true,"href":"https:\/\/premiumkeszulek.hu\/hu\/wp-json\/wp\/v2\/comments?post=5494"}],"wp:featuredmedia":[{"embeddable":true,"href":"https:\/\/premiumkeszulek.hu\/hu\/wp-json\/wp\/v2\/media\/5493"}],"wp:attachment":[{"href":"https:\/\/premiumkeszulek.hu\/hu\/wp-json\/wp\/v2\/media?parent=5494"}],"wp:term":[{"taxonomy":"product_brand","embeddable":true,"href":"https:\/\/premiumkeszulek.hu\/hu\/wp-json\/wp\/v2\/product_brand?post=5494"},{"taxonomy":"product_cat","embeddable":true,"href":"https:\/\/premiumkeszulek.hu\/hu\/wp-json\/wp\/v2\/product_cat?post=5494"},{"taxonomy":"product_tag","embeddable":true,"href":"https:\/\/premiumkeszulek.hu\/hu\/wp-json\/wp\/v2\/product_tag?post=5494"},{"taxonomy":"woo-feed-brand","embeddable":true,"href":"https:\/\/premiumkeszulek.hu\/hu\/wp-json\/wp\/v2\/woo-feed-brand?post=5494"}],"curies":[{"name":"wp","href":"https:\/\/api.w.org\/{rel}","templated":true}]}}