{"id":5442,"date":"2025-02-12T17:21:38","date_gmt":"2025-02-12T16:21:38","guid":{"rendered":"https:\/\/premiumkeszulek.hu\/product\/falmec-gruppo-incasso-plus-70-fekete-paraelszivo-felso-szekrenybe-epitheto-78cm\/"},"modified":"2026-04-17T19:35:22","modified_gmt":"2026-04-17T17:35:22","slug":"falmec-gruppo-incasso-plus-70-fekete-paraelszivo-felso-szekrenybe-epitheto-78cm","status":"publish","type":"product","link":"https:\/\/premiumkeszulek.hu\/hu\/termek\/falmec-gruppo-incasso-plus-70-fekete-paraelszivo-felso-szekrenybe-epitheto-78cm\/","title":{"rendered":"Falmec GRUPPO INCASSO PLUS 70 fekete p\u00e1raelsz\u00edv\u00f3 fels\u0151 szekr\u00e9nybe \u00e9p\u00edthet\u0151 78cm"},"content":{"rendered":"<p> A Falmec tov\u00e1bbfejlesztette a m\u00e9lt\u00e1n sikeres Gruppo incasso elsz\u00edv\u00f3 csal\u00e1dot. A Gruppo Incasso Plus elsz\u00edv\u00f3n\u00e1l m\u00e1r a a vil\u00e1g\u00edt\u00e1s f\u00e9nyerej\u00e9t is lehet szab\u00e1lyozni a sz\u00ednh\u0151m\u00e9rs\u00e9klet mellett. Az elsz\u00edv\u00f3t k\u00e9tf\u00e9le \u00fczemm\u00f3dban lehet haszn\u00e1lni lehet, kivezet\u00e9ssel \u00e9s bels\u0151 keringtet\u00e9ssel. A hat\u00e9kony elsz\u00edv\u00e1sr\u00f3l egy nagyteljes\u00edtm\u00e9ny\u0171 (800 m3\/h) motor \u00e9s a perimetrikus rendszer gondoskodik, amely n\u00f6veli a f\u0151z\u00e9si f\u00fcst\u00f6k \u00e9s g\u0151z\u00f6k elsz\u00edv\u00e1si hat\u00e9konys\u00e1g\u00e1t. Bels\u0151 keringtet\u00e9s eset\u00e9n a sz\u0171r\u00e9sr\u0151l a Falmec nagyhat\u00e9konys\u00e1g\u00fa Carbon.Zeo sz\u0171r\u0151je gondoskodik (opcion\u00e1lisan rendelhet\u0151 tartoz\u00e9k).<\/p>\n<p>DYNAMIC LED LIGHT VIL\u00c1G\u00cdT\u00c1S &#8211; Szab\u00e1lyozhat\u00f3 f\u00e9nyer\u0151 \u00e9s sz\u00ednh\u0151m\u00e9rs\u00e9klet.<br \/>\n\tA konyha kialak\u00edt\u00e1s\u00e1nak kulcsfontoss\u00e1g\u00fa szempontja a vil\u00e1g\u00edt\u00e1s. Konyh\u00e1inkban rengeteg k\u00fcl\u00f6nb\u00f6z\u0151 f\u00e9nyforr\u00e1s tal\u00e1lhat\u00f3, amelyek sz\u00ednh\u0151m\u00e9rs\u00e9kletileg nem mindig t\u00f6k\u00e9letesen illeszkednek egym\u00e1shoz. A f\u00e9nyforr\u00e1sok k\u00fcl\u00f6nb\u00f6z\u0151 sz\u00ednh\u0151m\u00e9rs\u00e9klet\u00e9nek kiegyens\u00falyoz\u00e1s\u00e1ra a Falmec kifejlesztette az \u00faj Dynamic LED Light technol\u00f3gi\u00e1t, amely egy elektronikus vez\u00e9rl\u0151rendszernek k\u00f6sz\u00f6nhet\u0151en 2700K (meleg f\u00e9ny) \u00e9s 5600K (hideg f\u00e9ny) k\u00f6z\u00f6tti tartom\u00e1nyban \u00e1ll\u00edtja be a p\u00e1raelsz\u00edv\u00f3 f\u00e9ny\u00e9nek sz\u00ednh\u0151m\u00e9rs\u00e9klet\u00e9t. \u00cdgy kiv\u00e1laszthatja, hogy \u00edzl\u00e9s\u00e9nek \u00e9s ig\u00e9nyeinek megfelel\u0151en meleg vagy hideg f\u00e9nnyel b\u0151v\u00edtse konyh\u00e1j\u00e1t.<\/p>\n<p>DIALOGUE SYSTEM (Hob to Hood):<br \/>\n\tA P\u00e1raelsz\u00edv\u00f3 \u00e9s az indukci\u00f3s f\u0151z\u0151lap p\u00e1rbesz\u00e9de. A Falmec \u00faj Dialogue System rendszer\u00e9vel az elsz\u00edv\u00f3 k\u00fcl\u00f6nf\u00e9le funkci\u00f3i k\u00f6zvetlen\u00fcl a Falmec indukci\u00f3s f\u0151z\u0151lapr\u00f3l vez\u00e9relhet\u0151k. A f\u0151z\u0151lap \u00e9s a p\u00e1raelsz\u00edv\u00f3 k\u00f6z\u00f6tti p\u00e1rbesz\u00e9d r\u00e1di\u00f3frekvenci\u00e1kon megy v\u00e9gbe, \u00e9s nem ig\u00e9nyel tov\u00e1bbi vev\u0151k\u00e9sz\u00fcl\u00e9kek be\u00e9p\u00edt\u00e9s\u00e9t az elsz\u00edv\u00f3ba.<\/p>\n<p>Opcion\u00e1lis tartoz\u00e9k:<br \/>\n\tKACL.950 Carbon.Zeo sz\u0171r\u0151 szett fels\u0151 szekr\u00e9nybe \u00e9p\u00edthet\u0151 elsz\u00edv\u00f3khoz bels\u0151 keringtet\u00e9ses \u00fczemm\u00f3d eset\u00e9n.<br \/>\n\tA m\u00e1r felszerelt elsz\u00edv\u00f3khoz is lehet haszn\u00e1lni. Rozsdamentes kivitel, Carbon.Zeo sz\u0171r\u0151vel.<\/p>\n<p>Mi is az a Zeolit?<br \/>\n\tA zeolit egy nagy mikroporozit\u00e1ssal rendelkez\u0151 \u00e1sv\u00e1nyi anyag. Ez az anyag k\u00e9pes elnyelni a szerves vegy\u00fcleteket \u00e9s a v\u00edzg\u0151zt. Ez az egys\u00e9ges \u00e9s mikropor\u00f3zus krist\u00e1lyos szerkezetnek k\u00f6sz\u00f6nhet\u0151 mivel a krist\u00e1lyok sok szabad ter\u00fclettel rendelkeznek. A zeolit \u00e9s a sz\u00e9n kombin\u00e1lt haszn\u00e1lata a sz\u0171r\u00f6kben magas sz\u0171r\u0151k\u00e9pess\u00e9get biztos\u00edt, ez\u00e1ltal megn\u00f6veli a Carbon.Zeo sz\u0171r\u0151vel rendelkez\u0151 p\u00e1raelsz\u00edv\u00f3k hat\u00e9konys\u00e1g\u00e1t.<\/p>\n<p>Karbantart\u00e1sa, tiszt\u00edt\u00e1sa:<br \/>\n\tA Carbon.Zeo sz\u0171r\u0151 nem ig\u00e9nyel k\u00fcl\u00f6nleges karbantart\u00e1st. Norm\u00e1l haszn\u00e1lat eset\u00e9n a sz\u0171r\u0151 regener\u00e1l\u00e1sa elegend\u0151 k\u00e9t\u00e9vente, valamint javasolt n\u00e9gy\u00e9venk\u00e9nti cser\u00e9je. A sz\u0171r\u0151 regener\u00e1l\u00e1s\u00e1hoz helyezze azt egy norm\u00e1l h\u00e1ztart\u00e1si s\u00fct\u0151be, \u00e1ll\u00edtsa be a h\u0151m\u00e9rs\u00e9kletet 200\u00b0C -ra \u00e9s hagyja a s\u00fct\u0151ben 2 \u00f3r\u00e1n \u00e1t.<\/p>\n<p>br <\/p>\n<p>\tFokozatok sz\u00e1ma 3+1 (turb\u00f3)<br \/>\n\tForma, kivitel Fels\u0151 szekr\u00e9nybe vagy k\u00fcrt\u0151be \u00e9p\u00edthet\u0151<br \/>\n\tMin. szekr\u00e9nym\u00e9ret 90 cm<br \/>\n\tSz\u00e9less\u00e9g 78 cm<br \/>\n\tSz\u00edn Inox<br \/>\n\tVez\u00e9rl\u00e9s Elektronikus<br \/>\n\tMotorok sz\u00e1ma 1<br \/>\n\tL\u00e9gsz\u00e1ll\u00edt\u00e1s 800\/697 m3\/h<br \/>\n\tZajszint 51-69 (dB\/A)<br \/>\n\tNyom\u00e1s\u00e9rt\u00e9k 379 Pa<br \/>\n\tUt\u00f3szell\u0151ztet\u00e9s Igen<br \/>\n\tHob to Hood Igen<br \/>\n\tVil\u00e1g\u00edt\u00e1s 2&#215;1,8w dynamic LED light<br \/>\n\tCs\u0151csatlakoz\u00e1s 150 mm<br \/>\n\tK\u00fcls\u0151 motorral is Igen <\/p>\n<p>\t\u00a0<\/p>\n","protected":false},"excerpt":{"rendered":"<p><iframe src=\" https:\/\/www.mbhbank.hu\/sfcalculation\/?ar=[PRICE]&#038;partner=DX030&#038;konstrukcio=DLSK14\" width=\"100%\" height=\"500\" frameborder=\"0\" scrolling=\"yes\" align=\"left\"><\/iframe><\/p>\n","protected":false},"featured_media":5441,"comment_status":"closed","ping_status":"closed","template":"","meta":{"_crdt_document":"","content-type":"","jetpack_post_was_ever_published":false,"jetpack_publicize_message":"","jetpack_publicize_feature_enabled":true,"jetpack_social_post_already_shared":true,"jetpack_social_options":{"image_generator_settings":{"template":"highway","default_image_id":0,"font":"","enabled":false},"version":2},"_wpas_customize_per_network":false},"product_brand":[1638],"product_cat":[1525],"product_tag":[],"woo-feed-brand":[],"class_list":{"0":"post-5442","1":"product","2":"type-product","3":"status-publish","4":"has-post-thumbnail","6":"product_brand-falmec","7":"product_cat-paraelszivok","8":"product_shipping_class-100000felett","10":"first","11":"onbackorder","12":"sale","13":"taxable","14":"shipping-taxable","15":"purchasable","16":"product-type-simple"},"yoast_head":"<!-- This site is optimized with the Yoast SEO Premium plugin v26.9 (Yoast SEO v27.4) - https:\/\/yoast.com\/product\/yoast-seo-premium-wordpress\/ -->\n<title>Falmec GRUPPO INCASSO PLUS 70 fekete p\u00e1raelsz\u00edv\u00f3 fels\u0151 szekr\u00e9nybe \u00e9p\u00edthet\u0151 78cm - Pr\u00e9miumK\u00e9sz\u00fcl\u00e9k<\/title>\n<meta name=\"description\" content=\"A Falmec GRUPPO INCASSO PLUS p\u00e1raelsz\u00edv\u00f3 hat\u00e9kony motorral \u00e9s eleg\u00e1ns designnal b\u0151v\u00edti konyh\u00e1j\u00e1t. \u00c9lvezze a f\u0151z\u00e9s minden pillanat\u00e1t! \u2728\" \/>\n<meta name=\"robots\" content=\"index, follow, max-snippet:-1, max-image-preview:large, max-video-preview:-1\" \/>\n<link rel=\"canonical\" href=\"https:\/\/premiumkeszulek.hu\/hu\/termek\/falmec-gruppo-incasso-plus-70-fekete-paraelszivo-felso-szekrenybe-epitheto-78cm\/\" \/>\n<meta property=\"og:locale\" content=\"hu_HU\" \/>\n<meta property=\"og:type\" content=\"article\" \/>\n<meta property=\"og:title\" content=\"Falmec GRUPPO INCASSO PLUS 70 fekete p\u00e1raelsz\u00edv\u00f3 fels\u0151 szekr\u00e9nybe \u00e9p\u00edthet\u0151 78cm\" \/>\n<meta property=\"og:description\" content=\"A Falmec GRUPPO INCASSO PLUS p\u00e1raelsz\u00edv\u00f3 hat\u00e9kony motorral \u00e9s eleg\u00e1ns designnal b\u0151v\u00edti konyh\u00e1j\u00e1t. \u00c9lvezze a f\u0151z\u00e9s minden pillanat\u00e1t! \u2728\" \/>\n<meta property=\"og:url\" content=\"https:\/\/premiumkeszulek.hu\/hu\/termek\/falmec-gruppo-incasso-plus-70-fekete-paraelszivo-felso-szekrenybe-epitheto-78cm\/\" \/>\n<meta property=\"og:site_name\" content=\"Pr\u00e9miumK\u00e9sz\u00fcl\u00e9k\" \/>\n<meta property=\"article:publisher\" content=\"https:\/\/www.facebook.com\/konyhaluxnet\" \/>\n<meta property=\"article:modified_time\" content=\"2026-04-17T17:35:22+00:00\" \/>\n<meta property=\"og:image\" content=\"https:\/\/i0.wp.com\/premiumkeszulek.hu\/wp-content\/uploads\/2025\/02\/gruppoincassoplus70fekete-111.jpg?fit=800%2C800&ssl=1\" \/>\n\t<meta property=\"og:image:width\" content=\"800\" \/>\n\t<meta property=\"og:image:height\" content=\"800\" \/>\n\t<meta property=\"og:image:type\" content=\"image\/jpeg\" \/>\n<meta name=\"twitter:card\" content=\"summary_large_image\" \/>\n<meta name=\"twitter:label1\" content=\"\u00c1r\" \/>\n\t<meta name=\"twitter:data1\" content=\"215.555&#070;&#116;\" \/>\n\t<meta name=\"twitter:label2\" content=\"El\u00e9rhet\u0151s\u00e9g\" \/>\n\t<meta name=\"twitter:data2\" content=\"Beszerz\u00e9s alatt\" \/>\n<script type=\"application\/ld+json\" class=\"yoast-schema-graph\">{\"@context\":\"https:\\\/\\\/schema.org\",\"@graph\":[{\"@type\":\"WebPage\",\"@id\":\"https:\\\/\\\/premiumkeszulek.hu\\\/hu\\\/termek\\\/falmec-gruppo-incasso-plus-70-fekete-paraelszivo-felso-szekrenybe-epitheto-78cm\\\/\",\"url\":\"https:\\\/\\\/premiumkeszulek.hu\\\/hu\\\/termek\\\/falmec-gruppo-incasso-plus-70-fekete-paraelszivo-felso-szekrenybe-epitheto-78cm\\\/\",\"name\":\"Falmec GRUPPO INCASSO PLUS 70 fekete p\u00e1raelsz\u00edv\u00f3 fels\u0151 szekr\u00e9nybe \u00e9p\u00edthet\u0151 78cm - Pr\u00e9miumK\u00e9sz\u00fcl\u00e9k\",\"isPartOf\":{\"@id\":\"https:\\\/\\\/premiumkeszulek.hu\\\/hu\\\/#website\"},\"primaryImageOfPage\":{\"@id\":\"https:\\\/\\\/premiumkeszulek.hu\\\/hu\\\/termek\\\/falmec-gruppo-incasso-plus-70-fekete-paraelszivo-felso-szekrenybe-epitheto-78cm\\\/#primaryimage\"},\"image\":{\"@id\":\"https:\\\/\\\/premiumkeszulek.hu\\\/hu\\\/termek\\\/falmec-gruppo-incasso-plus-70-fekete-paraelszivo-felso-szekrenybe-epitheto-78cm\\\/#primaryimage\"},\"thumbnailUrl\":\"https:\\\/\\\/i0.wp.com\\\/premiumkeszulek.hu\\\/wp-content\\\/uploads\\\/2025\\\/02\\\/gruppoincassoplus70fekete-111.jpg?fit=800%2C800&ssl=1\",\"datePublished\":\"2025-02-12T16:21:38+00:00\",\"dateModified\":\"2026-04-17T17:35:22+00:00\",\"description\":\"A Falmec GRUPPO INCASSO PLUS p\u00e1raelsz\u00edv\u00f3 hat\u00e9kony motorral \u00e9s eleg\u00e1ns designnal b\u0151v\u00edti konyh\u00e1j\u00e1t. \u00c9lvezze a f\u0151z\u00e9s minden pillanat\u00e1t! \u2728\",\"breadcrumb\":{\"@id\":\"https:\\\/\\\/premiumkeszulek.hu\\\/hu\\\/termek\\\/falmec-gruppo-incasso-plus-70-fekete-paraelszivo-felso-szekrenybe-epitheto-78cm\\\/#breadcrumb\"},\"inLanguage\":\"hu\",\"potentialAction\":[{\"@type\":\"ReadAction\",\"target\":[\"https:\\\/\\\/premiumkeszulek.hu\\\/hu\\\/termek\\\/falmec-gruppo-incasso-plus-70-fekete-paraelszivo-felso-szekrenybe-epitheto-78cm\\\/\"]}]},{\"@type\":\"ImageObject\",\"inLanguage\":\"hu\",\"@id\":\"https:\\\/\\\/premiumkeszulek.hu\\\/hu\\\/termek\\\/falmec-gruppo-incasso-plus-70-fekete-paraelszivo-felso-szekrenybe-epitheto-78cm\\\/#primaryimage\",\"url\":\"https:\\\/\\\/i0.wp.com\\\/premiumkeszulek.hu\\\/wp-content\\\/uploads\\\/2025\\\/02\\\/gruppoincassoplus70fekete-111.jpg?fit=800%2C800&ssl=1\",\"contentUrl\":\"https:\\\/\\\/i0.wp.com\\\/premiumkeszulek.hu\\\/wp-content\\\/uploads\\\/2025\\\/02\\\/gruppoincassoplus70fekete-111.jpg?fit=800%2C800&ssl=1\",\"width\":800,\"height\":800},{\"@type\":\"BreadcrumbList\",\"@id\":\"https:\\\/\\\/premiumkeszulek.hu\\\/hu\\\/termek\\\/falmec-gruppo-incasso-plus-70-fekete-paraelszivo-felso-szekrenybe-epitheto-78cm\\\/#breadcrumb\",\"itemListElement\":[{\"@type\":\"ListItem\",\"position\":1,\"name\":\"Home\",\"item\":\"https:\\\/\\\/premiumkeszulek.hu\\\/hu\\\/\"},{\"@type\":\"ListItem\",\"position\":2,\"name\":\"Shop\",\"item\":\"https:\\\/\\\/premiumkeszulek.hu\\\/hu\\\/shop\\\/\"},{\"@type\":\"ListItem\",\"position\":3,\"name\":\"Falmec GRUPPO INCASSO PLUS 70 fekete p\u00e1raelsz\u00edv\u00f3 fels\u0151 szekr\u00e9nybe \u00e9p\u00edthet\u0151 78cm\"}]},{\"@type\":\"WebSite\",\"@id\":\"https:\\\/\\\/premiumkeszulek.hu\\\/hu\\\/#website\",\"url\":\"https:\\\/\\\/premiumkeszulek.hu\\\/hu\\\/\",\"name\":\"Pr\u00e9miumK\u00e9sz\u00fcl\u00e9k\",\"description\":\"\",\"publisher\":{\"@id\":\"https:\\\/\\\/premiumkeszulek.hu\\\/hu\\\/#organization\"},\"potentialAction\":[{\"@type\":\"SearchAction\",\"target\":{\"@type\":\"EntryPoint\",\"urlTemplate\":\"https:\\\/\\\/premiumkeszulek.hu\\\/hu\\\/?s={search_term_string}\"},\"query-input\":{\"@type\":\"PropertyValueSpecification\",\"valueRequired\":true,\"valueName\":\"search_term_string\"}}],\"inLanguage\":\"hu\"},{\"@type\":\"Organization\",\"@id\":\"https:\\\/\\\/premiumkeszulek.hu\\\/hu\\\/#organization\",\"name\":\"Pr\u00e9miumK\u00e9sz\u00fcl\u00e9k\",\"alternateName\":\"HPH Special Kft\",\"url\":\"https:\\\/\\\/premiumkeszulek.hu\\\/hu\\\/\",\"logo\":{\"@type\":\"ImageObject\",\"inLanguage\":\"hu\",\"@id\":\"https:\\\/\\\/premiumkeszulek.hu\\\/hu\\\/#\\\/schema\\\/logo\\\/image\\\/\",\"url\":\"http:\\\/\\\/premiumkeszulek.hu\\\/wp-content\\\/uploads\\\/2025\\\/03\\\/TURKIZLOGO-kicsi.png\",\"contentUrl\":\"http:\\\/\\\/premiumkeszulek.hu\\\/wp-content\\\/uploads\\\/2025\\\/03\\\/TURKIZLOGO-kicsi.png\",\"width\":1600,\"height\":547,\"caption\":\"Pr\u00e9miumK\u00e9sz\u00fcl\u00e9k\"},\"image\":{\"@id\":\"https:\\\/\\\/premiumkeszulek.hu\\\/hu\\\/#\\\/schema\\\/logo\\\/image\\\/\"},\"sameAs\":[\"https:\\\/\\\/www.facebook.com\\\/konyhaluxnet\",\"https:\\\/\\\/www.instagram.com\\\/konyhaluxnet\\\/#\"],\"email\":\"info@premiumkeszulek.hu\",\"telephone\":\"36 1 \\\/ 226-1992\",\"legalName\":\"HPH Special Kft\",\"vatID\":\"HU12549502\",\"taxID\":\"12549502\",\"hasMerchantReturnPolicy\":{\"@type\":\"MerchantReturnPolicy\",\"merchantReturnLink\":\"https:\\\/\\\/premiumkeszulek.hu\\\/hu\\\/altalanos-szerzodesi-es-felhasznalasi-feltetelek\\\/\"}}]}<\/script>\n<meta property=\"product:brand\" content=\"Falmec\" \/>\n<meta property=\"product:price:amount\" content=\"215555\" \/>\n<meta property=\"product:price:currency\" content=\"HUF\" \/>\n<meta property=\"og:availability\" content=\"backorder\" \/>\n<meta property=\"product:availability\" content=\"available for order\" \/>\n<meta property=\"product:retailer_item_id\" content=\"CGIW70.E26P2#EUN490F\" \/>\n<meta property=\"product:condition\" content=\"new\" \/>\n<!-- \/ Yoast SEO Premium plugin. -->","yoast_head_json":{"title":"Falmec GRUPPO INCASSO PLUS 70 fekete p\u00e1raelsz\u00edv\u00f3 fels\u0151 szekr\u00e9nybe \u00e9p\u00edthet\u0151 78cm - Pr\u00e9miumK\u00e9sz\u00fcl\u00e9k","description":"A Falmec GRUPPO INCASSO PLUS p\u00e1raelsz\u00edv\u00f3 hat\u00e9kony motorral \u00e9s eleg\u00e1ns designnal b\u0151v\u00edti konyh\u00e1j\u00e1t. \u00c9lvezze a f\u0151z\u00e9s minden pillanat\u00e1t! \u2728","robots":{"index":"index","follow":"follow","max-snippet":"max-snippet:-1","max-image-preview":"max-image-preview:large","max-video-preview":"max-video-preview:-1"},"canonical":"https:\/\/premiumkeszulek.hu\/hu\/termek\/falmec-gruppo-incasso-plus-70-fekete-paraelszivo-felso-szekrenybe-epitheto-78cm\/","og_locale":"hu_HU","og_type":"article","og_title":"Falmec GRUPPO INCASSO PLUS 70 fekete p\u00e1raelsz\u00edv\u00f3 fels\u0151 szekr\u00e9nybe \u00e9p\u00edthet\u0151 78cm","og_description":"A Falmec GRUPPO INCASSO PLUS p\u00e1raelsz\u00edv\u00f3 hat\u00e9kony motorral \u00e9s eleg\u00e1ns designnal b\u0151v\u00edti konyh\u00e1j\u00e1t. \u00c9lvezze a f\u0151z\u00e9s minden pillanat\u00e1t! \u2728","og_url":"https:\/\/premiumkeszulek.hu\/hu\/termek\/falmec-gruppo-incasso-plus-70-fekete-paraelszivo-felso-szekrenybe-epitheto-78cm\/","og_site_name":"Pr\u00e9miumK\u00e9sz\u00fcl\u00e9k","article_publisher":"https:\/\/www.facebook.com\/konyhaluxnet","article_modified_time":"2026-04-17T17:35:22+00:00","og_image":[{"width":800,"height":800,"url":"https:\/\/i0.wp.com\/premiumkeszulek.hu\/wp-content\/uploads\/2025\/02\/gruppoincassoplus70fekete-111.jpg?fit=800%2C800&ssl=1","type":"image\/jpeg"}],"twitter_card":"summary_large_image","twitter_misc":{"\u00c1r":"215.555&#70;&#116;","El\u00e9rhet\u0151s\u00e9g":"Beszerz\u00e9s alatt"},"schema":{"@context":"https:\/\/schema.org","@graph":[{"@type":"WebPage","@id":"https:\/\/premiumkeszulek.hu\/hu\/termek\/falmec-gruppo-incasso-plus-70-fekete-paraelszivo-felso-szekrenybe-epitheto-78cm\/","url":"https:\/\/premiumkeszulek.hu\/hu\/termek\/falmec-gruppo-incasso-plus-70-fekete-paraelszivo-felso-szekrenybe-epitheto-78cm\/","name":"Falmec GRUPPO INCASSO PLUS 70 fekete p\u00e1raelsz\u00edv\u00f3 fels\u0151 szekr\u00e9nybe \u00e9p\u00edthet\u0151 78cm - Pr\u00e9miumK\u00e9sz\u00fcl\u00e9k","isPartOf":{"@id":"https:\/\/premiumkeszulek.hu\/hu\/#website"},"primaryImageOfPage":{"@id":"https:\/\/premiumkeszulek.hu\/hu\/termek\/falmec-gruppo-incasso-plus-70-fekete-paraelszivo-felso-szekrenybe-epitheto-78cm\/#primaryimage"},"image":{"@id":"https:\/\/premiumkeszulek.hu\/hu\/termek\/falmec-gruppo-incasso-plus-70-fekete-paraelszivo-felso-szekrenybe-epitheto-78cm\/#primaryimage"},"thumbnailUrl":"https:\/\/i0.wp.com\/premiumkeszulek.hu\/wp-content\/uploads\/2025\/02\/gruppoincassoplus70fekete-111.jpg?fit=800%2C800&ssl=1","datePublished":"2025-02-12T16:21:38+00:00","dateModified":"2026-04-17T17:35:22+00:00","description":"A Falmec GRUPPO INCASSO PLUS p\u00e1raelsz\u00edv\u00f3 hat\u00e9kony motorral \u00e9s eleg\u00e1ns designnal b\u0151v\u00edti konyh\u00e1j\u00e1t. \u00c9lvezze a f\u0151z\u00e9s minden pillanat\u00e1t! \u2728","breadcrumb":{"@id":"https:\/\/premiumkeszulek.hu\/hu\/termek\/falmec-gruppo-incasso-plus-70-fekete-paraelszivo-felso-szekrenybe-epitheto-78cm\/#breadcrumb"},"inLanguage":"hu","potentialAction":[{"@type":"ReadAction","target":["https:\/\/premiumkeszulek.hu\/hu\/termek\/falmec-gruppo-incasso-plus-70-fekete-paraelszivo-felso-szekrenybe-epitheto-78cm\/"]}]},{"@type":"ImageObject","inLanguage":"hu","@id":"https:\/\/premiumkeszulek.hu\/hu\/termek\/falmec-gruppo-incasso-plus-70-fekete-paraelszivo-felso-szekrenybe-epitheto-78cm\/#primaryimage","url":"https:\/\/i0.wp.com\/premiumkeszulek.hu\/wp-content\/uploads\/2025\/02\/gruppoincassoplus70fekete-111.jpg?fit=800%2C800&ssl=1","contentUrl":"https:\/\/i0.wp.com\/premiumkeszulek.hu\/wp-content\/uploads\/2025\/02\/gruppoincassoplus70fekete-111.jpg?fit=800%2C800&ssl=1","width":800,"height":800},{"@type":"BreadcrumbList","@id":"https:\/\/premiumkeszulek.hu\/hu\/termek\/falmec-gruppo-incasso-plus-70-fekete-paraelszivo-felso-szekrenybe-epitheto-78cm\/#breadcrumb","itemListElement":[{"@type":"ListItem","position":1,"name":"Home","item":"https:\/\/premiumkeszulek.hu\/hu\/"},{"@type":"ListItem","position":2,"name":"Shop","item":"https:\/\/premiumkeszulek.hu\/hu\/shop\/"},{"@type":"ListItem","position":3,"name":"Falmec GRUPPO INCASSO PLUS 70 fekete p\u00e1raelsz\u00edv\u00f3 fels\u0151 szekr\u00e9nybe \u00e9p\u00edthet\u0151 78cm"}]},{"@type":"WebSite","@id":"https:\/\/premiumkeszulek.hu\/hu\/#website","url":"https:\/\/premiumkeszulek.hu\/hu\/","name":"Pr\u00e9miumK\u00e9sz\u00fcl\u00e9k","description":"","publisher":{"@id":"https:\/\/premiumkeszulek.hu\/hu\/#organization"},"potentialAction":[{"@type":"SearchAction","target":{"@type":"EntryPoint","urlTemplate":"https:\/\/premiumkeszulek.hu\/hu\/?s={search_term_string}"},"query-input":{"@type":"PropertyValueSpecification","valueRequired":true,"valueName":"search_term_string"}}],"inLanguage":"hu"},{"@type":"Organization","@id":"https:\/\/premiumkeszulek.hu\/hu\/#organization","name":"Pr\u00e9miumK\u00e9sz\u00fcl\u00e9k","alternateName":"HPH Special Kft","url":"https:\/\/premiumkeszulek.hu\/hu\/","logo":{"@type":"ImageObject","inLanguage":"hu","@id":"https:\/\/premiumkeszulek.hu\/hu\/#\/schema\/logo\/image\/","url":"http:\/\/premiumkeszulek.hu\/wp-content\/uploads\/2025\/03\/TURKIZLOGO-kicsi.png","contentUrl":"http:\/\/premiumkeszulek.hu\/wp-content\/uploads\/2025\/03\/TURKIZLOGO-kicsi.png","width":1600,"height":547,"caption":"Pr\u00e9miumK\u00e9sz\u00fcl\u00e9k"},"image":{"@id":"https:\/\/premiumkeszulek.hu\/hu\/#\/schema\/logo\/image\/"},"sameAs":["https:\/\/www.facebook.com\/konyhaluxnet","https:\/\/www.instagram.com\/konyhaluxnet\/#"],"email":"info@premiumkeszulek.hu","telephone":"36 1 \/ 226-1992","legalName":"HPH Special Kft","vatID":"HU12549502","taxID":"12549502","hasMerchantReturnPolicy":{"@type":"MerchantReturnPolicy","merchantReturnLink":"https:\/\/premiumkeszulek.hu\/hu\/altalanos-szerzodesi-es-felhasznalasi-feltetelek\/"}}]},"product_brand":"Falmec","product_price_amount":"215555","product_price_currency":"HUF","og_availability":"backorder","product_availability":"available for order","product_retailer_item_id":"CGIW70.E26P2#EUN490F","product_condition":"new"},"jetpack_publicize_connections":[],"jetpack_likes_enabled":true,"jetpack_sharing_enabled":true,"jetpack-related-posts":[],"_links":{"self":[{"href":"https:\/\/premiumkeszulek.hu\/hu\/wp-json\/wp\/v2\/product\/5442","targetHints":{"allow":["GET"]}}],"collection":[{"href":"https:\/\/premiumkeszulek.hu\/hu\/wp-json\/wp\/v2\/product"}],"about":[{"href":"https:\/\/premiumkeszulek.hu\/hu\/wp-json\/wp\/v2\/types\/product"}],"replies":[{"embeddable":true,"href":"https:\/\/premiumkeszulek.hu\/hu\/wp-json\/wp\/v2\/comments?post=5442"}],"wp:featuredmedia":[{"embeddable":true,"href":"https:\/\/premiumkeszulek.hu\/hu\/wp-json\/wp\/v2\/media\/5441"}],"wp:attachment":[{"href":"https:\/\/premiumkeszulek.hu\/hu\/wp-json\/wp\/v2\/media?parent=5442"}],"wp:term":[{"taxonomy":"product_brand","embeddable":true,"href":"https:\/\/premiumkeszulek.hu\/hu\/wp-json\/wp\/v2\/product_brand?post=5442"},{"taxonomy":"product_cat","embeddable":true,"href":"https:\/\/premiumkeszulek.hu\/hu\/wp-json\/wp\/v2\/product_cat?post=5442"},{"taxonomy":"product_tag","embeddable":true,"href":"https:\/\/premiumkeszulek.hu\/hu\/wp-json\/wp\/v2\/product_tag?post=5442"},{"taxonomy":"woo-feed-brand","embeddable":true,"href":"https:\/\/premiumkeszulek.hu\/hu\/wp-json\/wp\/v2\/woo-feed-brand?post=5442"}],"curies":[{"name":"wp","href":"https:\/\/api.w.org\/{rel}","templated":true}]}}