{"id":5383,"date":"2025-02-12T17:20:42","date_gmt":"2025-02-12T16:20:42","guid":{"rendered":"https:\/\/premiumkeszulek.hu\/product\/falmec-loop-sziget-fegyveracel-paraelszivo\/"},"modified":"2026-04-17T19:35:25","modified_gmt":"2026-04-17T17:35:25","slug":"falmec-loop-sziget-fegyveracel-paraelszivo","status":"publish","type":"product","link":"https:\/\/premiumkeszulek.hu\/hu\/termek\/falmec-loop-sziget-fegyveracel-paraelszivo\/","title":{"rendered":"FALMEC LOOP SZIGET FEGYVERAC\u00c9L P\u00c1RAELSZ\u00cdV\u00d3"},"content":{"rendered":"<p> A k\u00f6r a t\u00f6k\u00e9letess\u00e9ge.<br \/>\n\tA centrifug\u00e1lis er\u0151 minden ir\u00e1nyba hajtja a leveg\u0151t. A Circle.Tech az \u00faj megold\u00e1sunk a leghat\u00e9konyabb elsz\u00edv\u00e1s \u00e9rdek\u00e9ben. Annyira elfoglaltak vagyunk a mindennapokkal, hogy nem tudjuk \u00e9rz\u00e9kelni a minket k\u00f6r\u00fclvev\u0151 k\u00f6rnyezetet: hogy a term\u00e9szet a maga egyszer\u0171s\u00e9g\u00e9ben is milyen szimmetrikus \u00e9s harmonikus.<br \/>\n\tA k\u00f6r a t\u00f6k\u00e9letess\u00e9get \u00e9s a teljess\u00e9get k\u00e9pviseli: a v\u00e9get nem \u00e9r\u0151 hurok hagyom\u00e1nyos embl\u00e9m\u00e1ja, amelyet egyetlen vonalat alkot, amelynek v\u00e9gei \u00f6sszeolvadnak. <\/p>\n<p>\tA Circle.Tech a Falmec szabadalmaztatott technol\u00f3gi\u00e1ja.<br \/>\n\tA hagyom\u00e1nyos p\u00e1raelsz\u00edv\u00f3kkal ellent\u00e9tben a Circle.Tech sz\u0171r\u0151egys\u00e9gek nem f\u00fcgg\u0151legesen, hanem v\u00edzszintesen vannak elhelyezve. A kimen\u0151 leveg\u0151 kereszt\u00fclhalad egy, a motort k\u00f6r\u00fclvev\u0151 sz\u0171r\u0151egys\u00e9gen \u00e9s egyenletesen eloszlik. A kerek kialak\u00edt\u00e1snak k\u00f6sz\u00f6nhet\u0151en a sz\u0171r\u0151fel\u00fclet a maxim\u00e1lisra n\u00f6velt, \u00edgy az elsz\u00edv\u00e1si- \u00e9s sz\u0171r\u00e9si teljes\u00edtm\u00e9ny megn\u0151, kiv\u00e9teles csendess\u00e9ggel p\u00e1rosulva. A kimen\u0151 leveg\u0151 egyenletes eloszt\u00e1sa cs\u00f6kkenti a turbulenci\u00e1t \u00e9s ez\u00e1ltal a zajt is. <\/p>\n<p>\tVal\u00f3j\u00e1ban a ki\u00e1raml\u00f3 leveg\u0151 kiegyens\u00falyozott eloszl\u00e1sa cs\u00f6kkenti a turbulenci\u00e1t, \u00e9s ennek k\u00f6vetkezt\u00e9ben a burkolat \u00e1ltal keltett zajt. Egyed\u00fcl\u00e1ll\u00f3 innov\u00e1ci\u00f3 t\u00f6bbf\u00e9le form\u00e1ban. A forradalmi technol\u00f3gi\u00e1j\u00fa sz\u0171r\u0151kkel felszerelt \u00faj Falmec p\u00e1raelsz\u00edv\u00f3kat az egyszer\u0171 telep\u00edt\u00e9s \u00e9s karbantart\u00e1s is jellemzi. T\u00f6bbf\u00e9le modellben kaphat\u00f3, amik maxim\u00e1lis elsz\u00edv\u00e1st \u00e9s sz\u0171r\u00e9st biztos\u00edtanak. Kiv\u00e1l\u00f3 diz\u00e1jnnal, finom anyagokkal \u00e9s szakszer\u0171 gy\u00e1rt\u00e1ssal feldobj\u00e1k konyh\u00e1j\u00e1t \u00e9s otthon\u00e1t. <\/p>\n<p>\tA Circle.Tech kompakt m\u00e9rete \u00e9s minim\u00e1lis t\u00e9rfogata lehet\u0151v\u00e9 teszi a minim\u00e1lis vastags\u00e1g\u00fa p\u00e1raelsz\u00edv\u00f3 modellek elk\u00e9sz\u00edt\u00e9s\u00e9t, amelyek t\u00f6k\u00e9letesen illeszkednek az \u00faj trendekhez. Ezeknek az \u00faj form\u00e1knak k\u00f6sz\u00f6nhet\u0151en a konyhai teret optimaliz\u00e1lja, mik\u00f6zben kellemesebb \u00e9s funkcion\u00e1lisabb k\u00f6rnyezetet teremt. <\/p>\n<p>\tFasz\u00e9n \u00e9s zeolit: sz\u0171r\u00e9s a term\u00e9szet sz\u00e1nd\u00e9ka szerint. A Falmec Carbon.Zeo kombin\u00e1lt sz\u0171r\u0151je term\u00e9szetes eredet\u0171 anyagokat, p\u00e9ld\u00e1ul zeolitot \u00e9s akt\u00edv szenet haszn\u00e1l. A legnagyobb hat\u00e9konys\u00e1ggal k\u00e9pes megtartani a szagokat. <\/p>\n<p>\tAkt\u00edvsz\u00e9n: Az akt\u00edv sz\u00e9n f\u0151leg mikrokrist\u00e1lyos grafit form\u00e1j\u00e1ban tartalmaz szenet, amelyet nagy bels\u0151 fel\u00fclet\u0171 por\u00f3zus anyag el\u0151\u00e1ll\u00edt\u00e1s\u00e1ra dolgoztak fel. Ezek a tulajdons\u00e1gok lehet\u0151v\u00e9 teszik, hogy sok anyagot megtartson az\u00e1ltal, hogy befogja molekul\u00e1it \u00e9s elnyeli azokat bels\u0151 szerkezet\u00e9ben. <\/p>\n<p>\tZeolit: A zeolit egy \u00e1sv\u00e1ny, amelyre jellemz\u0151 a szerves vegy\u00fcletek \u00e9s a v\u00edzg\u0151z nagy felsz\u00edv\u00f3 k\u00e9pess\u00e9ge. Ez a jellemz\u0151 a mikrop\u00f3rusos krist\u00e1lyszerkezet\u00e9nek egyenes k\u00f6vetkezm\u00e9nye. Ezenk\u00edv\u00fcl a zeolit k\u00e9miai tulajdons\u00e1gainak k\u00f6sz\u00f6nhet\u0151en nedvess\u00e9ggel \u00e9rintkezve h\u0151t bocs\u00e1t ki, \u00edgy cs\u00f6kkenti azt. A zeolit haszn\u00e1lata ez\u00e9rt nagyon fontos a szagok cs\u00f6kkent\u00e9se, valamint a f\u0151z\u00e9s sor\u00e1n keletkez\u0151 g\u0151z felsz\u00edv\u00e1sa \u00e9rdek\u00e9ben. <\/p>\n<p>\tHossz\u00fa \u00e9lettartam, k\u00f6nny\u0171 karbantart\u00e1s. A Carbon.Zeo kombin\u00e1lt sz\u0171r\u0151 nagyon hossz\u00fa \u00e9lettartammal rendelkezik: k\u00f6r\u00fclbel\u00fcl 3 \u00e9v, norm\u00e1l haszn\u00e1lat mellett. Ezen k\u00edv\u00fcl 18 havonta regener\u00e1lhat\u00f3, 200\u00b0C-os s\u00fct\u0151be kell helyezni k\u00e9t \u00f3r\u00e1ra. A sz\u0171r\u0151t h\u00e1rom \u00e9v eltelt\u00e9vel ki kell cser\u00e9lni. Ez a beavatkoz\u00e1s nagyon egyszer\u0171, mivel a sz\u0171r\u0151t a p\u00e1raelsz\u00edv\u00f3 als\u00f3 r\u00e9sz\u00e9b\u0151l kell elt\u00e1vol\u00edtani.<br \/>\n\t\u00a0<br \/>\nDialogue system:<br \/>\nP\u00e1raelsz\u00edv\u00f3 \u00e9s indukci\u00f3s f\u0151z\u0151lap p\u00e1rbesz\u00e9de. A Falmec \u00faj Dialogue System rendszer\u00e9vel az elsz\u00edv\u00f3 k\u00fcl\u00f6nf\u00e9le funkci\u00f3i k\u00f6zvetlen\u00fcl a Falmec indukci\u00f3s f\u0151z\u0151lapr\u00f3l vez\u00e9relhet\u0151k. A f\u0151z\u0151lap \u00e9s a p\u00e1raelsz\u00edv\u00f3 k\u00f6z\u00f6tti p\u00e1rbesz\u00e9d r\u00e1di\u00f3frekvenci\u00e1kon megy v\u00e9gbe, \u00e9s nem ig\u00e9nyel tov\u00e1bbi vev\u0151k\u00e9sz\u00fcl\u00e9keket az elsz\u00edv\u00f3ba. <\/p>\n<p>A rendszer kompatibilis az \u00f6sszes t\u00e1vir\u00e1ny\u00edt\u00f3val vez\u00e9relhet\u0151 Falmec p\u00e1raelsz\u00edv\u00f3val:<br \/>\nAura, Butterfly, Cielo, Diamante, DownDraft, Eclisse, Gruppo Incasso, Gruppo Incasso A+, Gruppo Incasso Murano, Gruppo Incasso NRS, Gruppo Incasso Pro, Nube, Nuvola, Stella, Circle.Tech modellek.<\/p>\n","protected":false},"excerpt":{"rendered":"<p><iframe src=\" https:\/\/www.mbhbank.hu\/sfcalculation\/?ar=[PRICE]&#038;partner=DX030&#038;konstrukcio=DLSK14\" width=\"100%\" height=\"500\" frameborder=\"0\" scrolling=\"yes\" align=\"left\"><\/iframe><\/p>\n","protected":false},"featured_media":5382,"comment_status":"closed","ping_status":"closed","template":"","meta":{"_crdt_document":"","content-type":"","jetpack_post_was_ever_published":false,"jetpack_publicize_message":"","jetpack_publicize_feature_enabled":true,"jetpack_social_post_already_shared":true,"jetpack_social_options":{"image_generator_settings":{"template":"highway","default_image_id":0,"font":"","enabled":false},"version":2},"_wpas_customize_per_network":false},"product_brand":[1638],"product_cat":[1525],"product_tag":[],"woo-feed-brand":[],"class_list":{"0":"post-5383","1":"product","2":"type-product","3":"status-publish","4":"has-post-thumbnail","6":"product_brand-falmec","7":"product_cat-paraelszivok","8":"product_shipping_class-100000felett","10":"first","11":"onbackorder","12":"sale","13":"taxable","14":"shipping-taxable","15":"purchasable","16":"product-type-simple"},"yoast_head":"<!-- This site is optimized with the Yoast SEO Premium plugin v26.9 (Yoast SEO v27.4) - https:\/\/yoast.com\/product\/yoast-seo-premium-wordpress\/ -->\n<title>FALMEC LOOP SZIGET FEGYVERAC\u00c9L P\u00c1RAELSZ\u00cdV\u00d3 - Pr\u00e9miumK\u00e9sz\u00fcl\u00e9k<\/title>\n<meta name=\"description\" content=\"Fedezd fel a FALMEC LOOP P\u00c1RAELSZ\u00cdV\u00d3 t\u00f6k\u00e9letes k\u00f6r\u00edves diz\u00e1jnj\u00e1t! \u00c9lvezd a csendes elsz\u00edv\u00e1st \u00e9s a maxim\u00e1lis hat\u00e9konys\u00e1got a konyh\u00e1don.\" \/>\n<meta name=\"robots\" content=\"index, follow, max-snippet:-1, max-image-preview:large, max-video-preview:-1\" \/>\n<link rel=\"canonical\" href=\"https:\/\/premiumkeszulek.hu\/hu\/termek\/falmec-loop-sziget-fegyveracel-paraelszivo\/\" \/>\n<meta property=\"og:locale\" content=\"hu_HU\" \/>\n<meta property=\"og:type\" content=\"article\" \/>\n<meta property=\"og:title\" content=\"FALMEC LOOP SZIGET FEGYVERAC\u00c9L P\u00c1RAELSZ\u00cdV\u00d3\" \/>\n<meta property=\"og:description\" content=\"Fedezd fel a FALMEC LOOP P\u00c1RAELSZ\u00cdV\u00d3 t\u00f6k\u00e9letes k\u00f6r\u00edves diz\u00e1jnj\u00e1t! \u00c9lvezd a csendes elsz\u00edv\u00e1st \u00e9s a maxim\u00e1lis hat\u00e9konys\u00e1got a konyh\u00e1don.\" \/>\n<meta property=\"og:url\" content=\"https:\/\/premiumkeszulek.hu\/hu\/termek\/falmec-loop-sziget-fegyveracel-paraelszivo\/\" \/>\n<meta property=\"og:site_name\" content=\"Pr\u00e9miumK\u00e9sz\u00fcl\u00e9k\" \/>\n<meta property=\"article:publisher\" content=\"https:\/\/www.facebook.com\/konyhaluxnet\" \/>\n<meta property=\"article:modified_time\" content=\"2026-04-17T17:35:25+00:00\" \/>\n<meta property=\"og:image\" content=\"https:\/\/i0.wp.com\/premiumkeszulek.hu\/wp-content\/uploads\/2025\/02\/17036_Falmec_Loop_fekete.jpg?fit=800%2C800&ssl=1\" \/>\n\t<meta property=\"og:image:width\" content=\"800\" \/>\n\t<meta property=\"og:image:height\" content=\"800\" \/>\n\t<meta property=\"og:image:type\" content=\"image\/jpeg\" \/>\n<meta name=\"twitter:card\" content=\"summary_large_image\" \/>\n<meta name=\"twitter:label1\" content=\"\u00c1r\" \/>\n\t<meta name=\"twitter:data1\" content=\"816.896&#070;&#116;\" \/>\n\t<meta name=\"twitter:label2\" content=\"El\u00e9rhet\u0151s\u00e9g\" \/>\n\t<meta name=\"twitter:data2\" content=\"Beszerz\u00e9s alatt\" \/>\n<script type=\"application\/ld+json\" class=\"yoast-schema-graph\">{\"@context\":\"https:\\\/\\\/schema.org\",\"@graph\":[{\"@type\":\"WebPage\",\"@id\":\"https:\\\/\\\/premiumkeszulek.hu\\\/product\\\/falmec-loop-sziget-fegyveracel-paraelszivo\\\/\",\"url\":\"https:\\\/\\\/premiumkeszulek.hu\\\/product\\\/falmec-loop-sziget-fegyveracel-paraelszivo\\\/\",\"name\":\"FALMEC LOOP SZIGET FEGYVERAC\u00c9L P\u00c1RAELSZ\u00cdV\u00d3 - Pr\u00e9miumK\u00e9sz\u00fcl\u00e9k\",\"isPartOf\":{\"@id\":\"https:\\\/\\\/premiumkeszulek.hu\\\/hu\\\/#website\"},\"primaryImageOfPage\":{\"@id\":\"https:\\\/\\\/premiumkeszulek.hu\\\/product\\\/falmec-loop-sziget-fegyveracel-paraelszivo\\\/#primaryimage\"},\"image\":{\"@id\":\"https:\\\/\\\/premiumkeszulek.hu\\\/product\\\/falmec-loop-sziget-fegyveracel-paraelszivo\\\/#primaryimage\"},\"thumbnailUrl\":\"https:\\\/\\\/i0.wp.com\\\/premiumkeszulek.hu\\\/wp-content\\\/uploads\\\/2025\\\/02\\\/17036_Falmec_Loop_fekete.jpg?fit=800%2C800&ssl=1\",\"datePublished\":\"2025-02-12T16:20:42+00:00\",\"dateModified\":\"2026-04-17T17:35:25+00:00\",\"description\":\"Fedezd fel a FALMEC LOOP P\u00c1RAELSZ\u00cdV\u00d3 t\u00f6k\u00e9letes k\u00f6r\u00edves diz\u00e1jnj\u00e1t! \u00c9lvezd a csendes elsz\u00edv\u00e1st \u00e9s a maxim\u00e1lis hat\u00e9konys\u00e1got a konyh\u00e1don.\",\"breadcrumb\":{\"@id\":\"https:\\\/\\\/premiumkeszulek.hu\\\/product\\\/falmec-loop-sziget-fegyveracel-paraelszivo\\\/#breadcrumb\"},\"inLanguage\":\"hu\",\"potentialAction\":[{\"@type\":\"ReadAction\",\"target\":[\"https:\\\/\\\/premiumkeszulek.hu\\\/product\\\/falmec-loop-sziget-fegyveracel-paraelszivo\\\/\"]}]},{\"@type\":\"ImageObject\",\"inLanguage\":\"hu\",\"@id\":\"https:\\\/\\\/premiumkeszulek.hu\\\/product\\\/falmec-loop-sziget-fegyveracel-paraelszivo\\\/#primaryimage\",\"url\":\"https:\\\/\\\/i0.wp.com\\\/premiumkeszulek.hu\\\/wp-content\\\/uploads\\\/2025\\\/02\\\/17036_Falmec_Loop_fekete.jpg?fit=800%2C800&ssl=1\",\"contentUrl\":\"https:\\\/\\\/i0.wp.com\\\/premiumkeszulek.hu\\\/wp-content\\\/uploads\\\/2025\\\/02\\\/17036_Falmec_Loop_fekete.jpg?fit=800%2C800&ssl=1\",\"width\":800,\"height\":800},{\"@type\":\"BreadcrumbList\",\"@id\":\"https:\\\/\\\/premiumkeszulek.hu\\\/product\\\/falmec-loop-sziget-fegyveracel-paraelszivo\\\/#breadcrumb\",\"itemListElement\":[{\"@type\":\"ListItem\",\"position\":1,\"name\":\"Home\",\"item\":\"https:\\\/\\\/premiumkeszulek.hu\\\/hu\\\/\"},{\"@type\":\"ListItem\",\"position\":2,\"name\":\"Shop\",\"item\":\"https:\\\/\\\/premiumkeszulek.hu\\\/hu\\\/shop\\\/\"},{\"@type\":\"ListItem\",\"position\":3,\"name\":\"FALMEC LOOP SZIGET FEGYVERAC\u00c9L P\u00c1RAELSZ\u00cdV\u00d3\"}]},{\"@type\":\"WebSite\",\"@id\":\"https:\\\/\\\/premiumkeszulek.hu\\\/hu\\\/#website\",\"url\":\"https:\\\/\\\/premiumkeszulek.hu\\\/hu\\\/\",\"name\":\"Pr\u00e9miumK\u00e9sz\u00fcl\u00e9k\",\"description\":\"\",\"publisher\":{\"@id\":\"https:\\\/\\\/premiumkeszulek.hu\\\/hu\\\/#organization\"},\"potentialAction\":[{\"@type\":\"SearchAction\",\"target\":{\"@type\":\"EntryPoint\",\"urlTemplate\":\"https:\\\/\\\/premiumkeszulek.hu\\\/hu\\\/?s={search_term_string}\"},\"query-input\":{\"@type\":\"PropertyValueSpecification\",\"valueRequired\":true,\"valueName\":\"search_term_string\"}}],\"inLanguage\":\"hu\"},{\"@type\":\"Organization\",\"@id\":\"https:\\\/\\\/premiumkeszulek.hu\\\/hu\\\/#organization\",\"name\":\"Pr\u00e9miumK\u00e9sz\u00fcl\u00e9k\",\"alternateName\":\"HPH Special Kft\",\"url\":\"https:\\\/\\\/premiumkeszulek.hu\\\/hu\\\/\",\"logo\":{\"@type\":\"ImageObject\",\"inLanguage\":\"hu\",\"@id\":\"https:\\\/\\\/premiumkeszulek.hu\\\/hu\\\/#\\\/schema\\\/logo\\\/image\\\/\",\"url\":\"http:\\\/\\\/premiumkeszulek.hu\\\/wp-content\\\/uploads\\\/2025\\\/03\\\/TURKIZLOGO-kicsi.png\",\"contentUrl\":\"http:\\\/\\\/premiumkeszulek.hu\\\/wp-content\\\/uploads\\\/2025\\\/03\\\/TURKIZLOGO-kicsi.png\",\"width\":1600,\"height\":547,\"caption\":\"Pr\u00e9miumK\u00e9sz\u00fcl\u00e9k\"},\"image\":{\"@id\":\"https:\\\/\\\/premiumkeszulek.hu\\\/hu\\\/#\\\/schema\\\/logo\\\/image\\\/\"},\"sameAs\":[\"https:\\\/\\\/www.facebook.com\\\/konyhaluxnet\",\"https:\\\/\\\/www.instagram.com\\\/konyhaluxnet\\\/#\"],\"email\":\"info@premiumkeszulek.hu\",\"telephone\":\"36 1 \\\/ 226-1992\",\"legalName\":\"HPH Special Kft\",\"vatID\":\"HU12549502\",\"taxID\":\"12549502\",\"hasMerchantReturnPolicy\":{\"@type\":\"MerchantReturnPolicy\",\"merchantReturnLink\":\"https:\\\/\\\/premiumkeszulek.hu\\\/hu\\\/altalanos-szerzodesi-es-felhasznalasi-feltetelek\\\/\"}}]}<\/script>\n<meta property=\"product:brand\" content=\"Falmec\" \/>\n<meta property=\"product:price:amount\" content=\"816896\" \/>\n<meta property=\"product:price:currency\" content=\"HUF\" \/>\n<meta property=\"og:availability\" content=\"backorder\" \/>\n<meta property=\"product:availability\" content=\"available for order\" \/>\n<meta property=\"product:retailer_item_id\" content=\"CLQN74.E0P7#ZZZD461F\" \/>\n<meta property=\"product:condition\" content=\"new\" \/>\n<!-- \/ Yoast SEO Premium plugin. -->","yoast_head_json":{"title":"FALMEC LOOP SZIGET FEGYVERAC\u00c9L P\u00c1RAELSZ\u00cdV\u00d3 - Pr\u00e9miumK\u00e9sz\u00fcl\u00e9k","description":"Fedezd fel a FALMEC LOOP P\u00c1RAELSZ\u00cdV\u00d3 t\u00f6k\u00e9letes k\u00f6r\u00edves diz\u00e1jnj\u00e1t! \u00c9lvezd a csendes elsz\u00edv\u00e1st \u00e9s a maxim\u00e1lis hat\u00e9konys\u00e1got a konyh\u00e1don.","robots":{"index":"index","follow":"follow","max-snippet":"max-snippet:-1","max-image-preview":"max-image-preview:large","max-video-preview":"max-video-preview:-1"},"canonical":"https:\/\/premiumkeszulek.hu\/hu\/termek\/falmec-loop-sziget-fegyveracel-paraelszivo\/","og_locale":"hu_HU","og_type":"article","og_title":"FALMEC LOOP SZIGET FEGYVERAC\u00c9L P\u00c1RAELSZ\u00cdV\u00d3","og_description":"Fedezd fel a FALMEC LOOP P\u00c1RAELSZ\u00cdV\u00d3 t\u00f6k\u00e9letes k\u00f6r\u00edves diz\u00e1jnj\u00e1t! \u00c9lvezd a csendes elsz\u00edv\u00e1st \u00e9s a maxim\u00e1lis hat\u00e9konys\u00e1got a konyh\u00e1don.","og_url":"https:\/\/premiumkeszulek.hu\/hu\/termek\/falmec-loop-sziget-fegyveracel-paraelszivo\/","og_site_name":"Pr\u00e9miumK\u00e9sz\u00fcl\u00e9k","article_publisher":"https:\/\/www.facebook.com\/konyhaluxnet","article_modified_time":"2026-04-17T17:35:25+00:00","og_image":[{"width":800,"height":800,"url":"https:\/\/i0.wp.com\/premiumkeszulek.hu\/wp-content\/uploads\/2025\/02\/17036_Falmec_Loop_fekete.jpg?fit=800%2C800&ssl=1","type":"image\/jpeg"}],"twitter_card":"summary_large_image","twitter_misc":{"\u00c1r":"816.896&#70;&#116;","El\u00e9rhet\u0151s\u00e9g":"Beszerz\u00e9s alatt"},"schema":{"@context":"https:\/\/schema.org","@graph":[{"@type":"WebPage","@id":"https:\/\/premiumkeszulek.hu\/product\/falmec-loop-sziget-fegyveracel-paraelszivo\/","url":"https:\/\/premiumkeszulek.hu\/product\/falmec-loop-sziget-fegyveracel-paraelszivo\/","name":"FALMEC LOOP SZIGET FEGYVERAC\u00c9L P\u00c1RAELSZ\u00cdV\u00d3 - Pr\u00e9miumK\u00e9sz\u00fcl\u00e9k","isPartOf":{"@id":"https:\/\/premiumkeszulek.hu\/hu\/#website"},"primaryImageOfPage":{"@id":"https:\/\/premiumkeszulek.hu\/product\/falmec-loop-sziget-fegyveracel-paraelszivo\/#primaryimage"},"image":{"@id":"https:\/\/premiumkeszulek.hu\/product\/falmec-loop-sziget-fegyveracel-paraelszivo\/#primaryimage"},"thumbnailUrl":"https:\/\/i0.wp.com\/premiumkeszulek.hu\/wp-content\/uploads\/2025\/02\/17036_Falmec_Loop_fekete.jpg?fit=800%2C800&ssl=1","datePublished":"2025-02-12T16:20:42+00:00","dateModified":"2026-04-17T17:35:25+00:00","description":"Fedezd fel a FALMEC LOOP P\u00c1RAELSZ\u00cdV\u00d3 t\u00f6k\u00e9letes k\u00f6r\u00edves diz\u00e1jnj\u00e1t! \u00c9lvezd a csendes elsz\u00edv\u00e1st \u00e9s a maxim\u00e1lis hat\u00e9konys\u00e1got a konyh\u00e1don.","breadcrumb":{"@id":"https:\/\/premiumkeszulek.hu\/product\/falmec-loop-sziget-fegyveracel-paraelszivo\/#breadcrumb"},"inLanguage":"hu","potentialAction":[{"@type":"ReadAction","target":["https:\/\/premiumkeszulek.hu\/product\/falmec-loop-sziget-fegyveracel-paraelszivo\/"]}]},{"@type":"ImageObject","inLanguage":"hu","@id":"https:\/\/premiumkeszulek.hu\/product\/falmec-loop-sziget-fegyveracel-paraelszivo\/#primaryimage","url":"https:\/\/i0.wp.com\/premiumkeszulek.hu\/wp-content\/uploads\/2025\/02\/17036_Falmec_Loop_fekete.jpg?fit=800%2C800&ssl=1","contentUrl":"https:\/\/i0.wp.com\/premiumkeszulek.hu\/wp-content\/uploads\/2025\/02\/17036_Falmec_Loop_fekete.jpg?fit=800%2C800&ssl=1","width":800,"height":800},{"@type":"BreadcrumbList","@id":"https:\/\/premiumkeszulek.hu\/product\/falmec-loop-sziget-fegyveracel-paraelszivo\/#breadcrumb","itemListElement":[{"@type":"ListItem","position":1,"name":"Home","item":"https:\/\/premiumkeszulek.hu\/hu\/"},{"@type":"ListItem","position":2,"name":"Shop","item":"https:\/\/premiumkeszulek.hu\/hu\/shop\/"},{"@type":"ListItem","position":3,"name":"FALMEC LOOP SZIGET FEGYVERAC\u00c9L P\u00c1RAELSZ\u00cdV\u00d3"}]},{"@type":"WebSite","@id":"https:\/\/premiumkeszulek.hu\/hu\/#website","url":"https:\/\/premiumkeszulek.hu\/hu\/","name":"Pr\u00e9miumK\u00e9sz\u00fcl\u00e9k","description":"","publisher":{"@id":"https:\/\/premiumkeszulek.hu\/hu\/#organization"},"potentialAction":[{"@type":"SearchAction","target":{"@type":"EntryPoint","urlTemplate":"https:\/\/premiumkeszulek.hu\/hu\/?s={search_term_string}"},"query-input":{"@type":"PropertyValueSpecification","valueRequired":true,"valueName":"search_term_string"}}],"inLanguage":"hu"},{"@type":"Organization","@id":"https:\/\/premiumkeszulek.hu\/hu\/#organization","name":"Pr\u00e9miumK\u00e9sz\u00fcl\u00e9k","alternateName":"HPH Special Kft","url":"https:\/\/premiumkeszulek.hu\/hu\/","logo":{"@type":"ImageObject","inLanguage":"hu","@id":"https:\/\/premiumkeszulek.hu\/hu\/#\/schema\/logo\/image\/","url":"http:\/\/premiumkeszulek.hu\/wp-content\/uploads\/2025\/03\/TURKIZLOGO-kicsi.png","contentUrl":"http:\/\/premiumkeszulek.hu\/wp-content\/uploads\/2025\/03\/TURKIZLOGO-kicsi.png","width":1600,"height":547,"caption":"Pr\u00e9miumK\u00e9sz\u00fcl\u00e9k"},"image":{"@id":"https:\/\/premiumkeszulek.hu\/hu\/#\/schema\/logo\/image\/"},"sameAs":["https:\/\/www.facebook.com\/konyhaluxnet","https:\/\/www.instagram.com\/konyhaluxnet\/#"],"email":"info@premiumkeszulek.hu","telephone":"36 1 \/ 226-1992","legalName":"HPH Special Kft","vatID":"HU12549502","taxID":"12549502","hasMerchantReturnPolicy":{"@type":"MerchantReturnPolicy","merchantReturnLink":"https:\/\/premiumkeszulek.hu\/hu\/altalanos-szerzodesi-es-felhasznalasi-feltetelek\/"}}]},"product_brand":"Falmec","product_price_amount":"816896","product_price_currency":"HUF","og_availability":"backorder","product_availability":"available for order","product_retailer_item_id":"CLQN74.E0P7#ZZZD461F","product_condition":"new"},"jetpack_publicize_connections":[],"jetpack_likes_enabled":true,"jetpack_sharing_enabled":true,"jetpack-related-posts":[],"_links":{"self":[{"href":"https:\/\/premiumkeszulek.hu\/hu\/wp-json\/wp\/v2\/product\/5383","targetHints":{"allow":["GET"]}}],"collection":[{"href":"https:\/\/premiumkeszulek.hu\/hu\/wp-json\/wp\/v2\/product"}],"about":[{"href":"https:\/\/premiumkeszulek.hu\/hu\/wp-json\/wp\/v2\/types\/product"}],"replies":[{"embeddable":true,"href":"https:\/\/premiumkeszulek.hu\/hu\/wp-json\/wp\/v2\/comments?post=5383"}],"wp:featuredmedia":[{"embeddable":true,"href":"https:\/\/premiumkeszulek.hu\/hu\/wp-json\/wp\/v2\/media\/5382"}],"wp:attachment":[{"href":"https:\/\/premiumkeszulek.hu\/hu\/wp-json\/wp\/v2\/media?parent=5383"}],"wp:term":[{"taxonomy":"product_brand","embeddable":true,"href":"https:\/\/premiumkeszulek.hu\/hu\/wp-json\/wp\/v2\/product_brand?post=5383"},{"taxonomy":"product_cat","embeddable":true,"href":"https:\/\/premiumkeszulek.hu\/hu\/wp-json\/wp\/v2\/product_cat?post=5383"},{"taxonomy":"product_tag","embeddable":true,"href":"https:\/\/premiumkeszulek.hu\/hu\/wp-json\/wp\/v2\/product_tag?post=5383"},{"taxonomy":"woo-feed-brand","embeddable":true,"href":"https:\/\/premiumkeszulek.hu\/hu\/wp-json\/wp\/v2\/woo-feed-brand?post=5383"}],"curies":[{"name":"wp","href":"https:\/\/api.w.org\/{rel}","templated":true}]}}