{"id":5343,"date":"2025-02-12T17:20:02","date_gmt":"2025-02-12T16:20:02","guid":{"rendered":"https:\/\/premiumkeszulek.hu\/product\/falmec-shelf-120-cm-fekete-paraelszivo-ckmn20-e0p2zzzn451f\/"},"modified":"2026-04-21T10:24:18","modified_gmt":"2026-04-21T08:24:18","slug":"falmec-shelf-120-cm-fekete-paraelszivo-ckmn20-e0p2zzzn451f","status":"publish","type":"product","link":"https:\/\/premiumkeszulek.hu\/hu\/termek\/falmec-shelf-120-cm-fekete-paraelszivo-ckmn20-e0p2zzzn451f\/","title":{"rendered":"Falmec SHELF 120 cm fekete p\u00e1raelsz\u00edv\u00f3 CKMN20.E0P2#ZZZN451F"},"content":{"rendered":"<p> Elements kollekci\u00f3 &#8211; Tervezze meg a vil\u00e1g\u00e1t!<br \/>\n\tEgy teljesen \u00faj koncepci\u00f3, amely k\u00fcl\u00f6nb\u00f6z\u0151 technol\u00f3giai \u00e9s tervez\u00e9si megold\u00e1sokat k\u00edn\u00e1l a mindennapos haszn\u00e1lathoz igazodva. Az exkluz\u00edv Monolith, Shelf \u00e9s Air Wall rendszerek m\u00f6g\u00f6tt h\u00e1rom vadonat\u00faj term\u00e9k tal\u00e1lhat\u00f3, modul\u00e1ris elemekbe rejtett cs\u00facstechnol\u00f3gi\u00e1val, amelyek egyedi eszt\u00e9tik\u00e1val \u00e9s gazdag funkci\u00f3kkal rendelkeznek, \u00edgy t\u00f6k\u00e9letesen illeszkednek a bels\u0151\u00e9p\u00edt\u00e9szeti projektekhez.<\/p>\n<p>A hagyom\u00e1nyos elsz\u00edv\u00f3 elt\u0171nik, \u00e9s a konyha kialak\u00edt\u00e1s\u00e1nak szerves r\u00e9sz\u00e9v\u00e9 v\u00e1lik, \u00faj lakberendez\u00e9si megold\u00e1sokat k\u00edn\u00e1lva, amelyek egyre elb\u0171v\u00f6l\u0151bbek \u00e9s funkcion\u00e1lisabbak. Az Elements kollekci\u00f3 \u00faj t\u00e1vlatokat nyit a diz\u00e1jnban, \u00faj k\u00f6rnyezetet hoz l\u00e9tre a konyh\u00e1ban, \u00e9s k\u00e9pes alkalmazkodni a konyhai terekhez, mik\u00f6zben v\u00e9gigk\u00eds\u00e9ri a mindennapi \u00e9let minden l\u00e9p\u00e9s\u00e9t.<\/p>\n<p>Shelf &#8211; Elsz\u00edv\u00f3 polc<br \/>\n\tAz exkluz\u00edv Multi-Air technol\u00f3gi\u00e1nak k\u00f6sz\u00f6nhet\u0151en a Shelf egy nagyon v\u00e9kony sz\u00edv\u00f3elemet tartalmaz, egy mind\u00f6ssze 10 cm vastag polcszerkezetben, amely kivehet\u0151 terel\u0151 lemezekkel van felszerelve az elsz\u00edv\u00e1si kapacit\u00e1s n\u00f6vel\u00e9se \u00e9rdek\u00e9ben. Ez az elsz\u00edv\u00f3 funkci\u00f3val rendelkez\u0151 elem tov\u00e1bbi modulokkal gazdag\u00edthat\u00f3, \u00edgy sokoldal\u00fa rendszer hozhat\u00f3 l\u00e9tre.<\/p>\n<p>Multi-Air technol\u00f3gia &#8211; A Falmec \u00fajabb forradalma a konyhai elsz\u00edv\u00f3 vil\u00e1g\u00e1ban.<br \/>\n\tAz \u00faj Multi-Air technol\u00f3gia forradalmas\u00edtja az elsz\u00edv\u00e1s hagyom\u00e1nyos koncepci\u00f3j\u00e1t, egyetlen pontra koncentr\u00e1lva. Az intu\u00edci\u00f3 az, hogy a sz\u00edv\u00f3er\u0151t t\u00f6bb, v\u00edzszintesen elosztott ultrakompakt Brushless (sz\u00e9nkefe n\u00e9lk\u00fcli) motorra kell felosztani a sz\u00e9les elsz\u00edv\u00e1s \u00e9rdek\u00e9ben. Tudjon meg t\u00f6bbet a Brushless motorokr\u00f3l<br \/>\n\tAz el\u0151ny\u00f6k t\u00f6bbsz\u00f6r\u00f6sek: cs\u00f6kkentett zaj, homog\u00e9n felsz\u00edv\u00e1s a fel\u00fclet ment\u00e9n, hat\u00e9kony sz\u0171r\u00e9s a Carbon.Zeo sz\u0171r\u0151technol\u00f3gi\u00e1nak k\u00f6sz\u00f6nhet\u0151en \u00e9s nem utols\u00f3 sorban ultrakompakt kialak\u00edt\u00e1s. A lapos Multi-Air rendszer \u00faj tervez\u00e9si t\u00e1vlatokat nyit az \u00faj p\u00e1raelsz\u00edv\u00f3-koncepci\u00f3k el\u0151tt, ami kor\u00e1bban elk\u00e9pzelhetetlen volt.<\/p>\n<p>Nagyhat\u00e9konys\u00e1g\u00fa sz\u0171r\u00e9s<br \/>\n\tLegjobb sz\u0171r\u00e9si teljes\u00edtm\u00e9ny a regener\u00e1lhat\u00f3 Carbon.Zeo sz\u0171r\u0151knek k\u00f6sz\u00f6nhet\u0151en (opcion\u00e1lis). A zeolit egy nagy mikroporozit\u00e1ssal rendelkez\u0151\u00a0 \u00e1sv\u00e1nyi anyag. Ez az anyag k\u00e9pes elnyelni a\u00a0 szerves vegy\u00fcleteket \u00e9s a v\u00edzg\u0151zt. Ez az egys\u00e9ges \u00e9s mikropor\u00f3zus krist\u00e1lyos szerkezetnek k\u00f6sz\u00f6nhet\u0151 mivel a krist\u00e1lyok sok szabad ter\u00fclettel rendelkeznek. A zeolit \u00e9s a sz\u00e9n kombin\u00e1lt haszn\u00e1lata a sz\u0171r\u00f6kben magas sz\u0171r\u0151k\u00e9pess\u00e9get biztos\u00edt, ez\u00e1ltal megn\u00f6veli a Carbon.Zeo sz\u0171r\u0151vel rendelkez\u0151 p\u00e1raelsz\u00edv\u00f3k hat\u00e9konys\u00e1g\u00e1t.<\/p>\n<p>Dynamic LED Light<br \/>\n\tA konyha kialak\u00edt\u00e1s\u00e1nak kulcsfontoss\u00e1g\u00fa szempontja a vil\u00e1g\u00edt\u00e1s. Konyh\u00e1inkban rengeteg k\u00fcl\u00f6nb\u00f6z\u0151 f\u00e9nyforr\u00e1s tal\u00e1lhat\u00f3, amelyek sz\u00ednh\u0151m\u00e9rs\u00e9kletileg nem mindig t\u00f6k\u00e9letesen illeszkednek egym\u00e1shoz. A f\u00e9nyforr\u00e1sok k\u00fcl\u00f6nb\u00f6z\u0151 sz\u00ednh\u0151m\u00e9rs\u00e9klet\u00e9nek kiegyens\u00falyoz\u00e1s\u00e1ra a Falmec kifejlesztette az \u00faj Dynamic LED Light technol\u00f3gi\u00e1t, amely egy elektronikus vez\u00e9rl\u0151rendszernek k\u00f6sz\u00f6nhet\u0151en 2700K (meleg f\u00e9ny) \u00e9s 5600K (hideg f\u00e9ny) k\u00f6z\u00f6tti tartom\u00e1nyban \u00e1ll\u00edtja be a p\u00e1raelsz\u00edv\u00f3 f\u00e9ny\u00e9nek sz\u00ednh\u0151m\u00e9rs\u00e9klet\u00e9t. \u00cdgy kiv\u00e1laszthatja, hogy \u00edzl\u00e9s\u00e9nek \u00e9s ig\u00e9nyeinek megfelel\u0151en meleg vagy hideg f\u00e9nnyel b\u0151v\u00edtse konyh\u00e1j\u00e1t.<\/p>\n<p>\u00a0<\/p>\n<p>Cikksz\u00e1m CKMN20.E0P2#ZZZN451F<br \/>\n\tEAN sz\u00e1m 8034122362793<br \/>\n\tForma kivitel Fali<br \/>\n\tSz\u00e9less\u00e9g 120 cm<br \/>\n\tSz\u00edn Matt fekete<br \/>\n\tVez\u00e9rl\u00e9s \u00c9rint\u0151vez\u00e9rl\u00e9s<br \/>\n\tMotorok sz\u00e1ma 4<br \/>\n\tL\u00e9gsz\u00e1ll\u00edt\u00e1s n.a.\/500 m3\/h<br \/>\n\tCsak bels\u0151 keringtet\u00e9ssel Igen<br \/>\n\tExtra tulajdons\u00e1g Multi-Air rendszer<br \/>\n\tVil\u00e1g\u00edt\u00e1s dynamic LED light<br \/>\n\tEXTRA csendes Igen<br \/>\n\tGarancia 3 \u00e9v<\/p>\n","protected":false},"excerpt":{"rendered":"<p><iframe src=\" https:\/\/www.mbhbank.hu\/sfcalculation\/?ar=[PRICE]&#038;partner=DX030&#038;konstrukcio=DLSK14\" width=\"100%\" height=\"500\" frameborder=\"0\" scrolling=\"yes\" align=\"left\"><\/iframe><\/p>\n","protected":false},"featured_media":5342,"comment_status":"closed","ping_status":"closed","template":"","meta":{"_crdt_document":"","content-type":"","jetpack_post_was_ever_published":false,"jetpack_publicize_message":"","jetpack_publicize_feature_enabled":true,"jetpack_social_post_already_shared":true,"jetpack_social_options":{"image_generator_settings":{"template":"highway","default_image_id":0,"font":"","enabled":false},"version":2},"_wpas_customize_per_network":false},"product_brand":[1638],"product_cat":[1525],"product_tag":[],"woo-feed-brand":[],"class_list":{"0":"post-5343","1":"product","2":"type-product","3":"status-publish","4":"has-post-thumbnail","6":"product_brand-falmec","7":"product_cat-paraelszivok","8":"product_shipping_class-100000felett","10":"first","11":"onbackorder","12":"taxable","13":"shipping-taxable","14":"purchasable","15":"product-type-simple"},"yoast_head":"<!-- This site is optimized with the Yoast SEO Premium plugin v26.9 (Yoast SEO v27.4) - https:\/\/yoast.com\/product\/yoast-seo-premium-wordpress\/ -->\n<title>Falmec SHELF 120 cm fekete p\u00e1raelsz\u00edv\u00f3 CKMN20.E0P2#ZZZN451F - Pr\u00e9miumK\u00e9sz\u00fcl\u00e9k<\/title>\n<meta name=\"description\" content=\"Fedezze fel a Falmec SHELF p\u00e1raelsz\u00edv\u00f3 exkluz\u00edv Multi-Air technol\u00f3gi\u00e1j\u00e1t! Eleg\u00e1ns diz\u00e1jn \u00e9s funkci\u00f3k egyes\u00fclnek a modern konyh\u00e1ban.\" \/>\n<meta name=\"robots\" content=\"index, follow, max-snippet:-1, max-image-preview:large, max-video-preview:-1\" \/>\n<link rel=\"canonical\" href=\"https:\/\/premiumkeszulek.hu\/hu\/termek\/falmec-shelf-120-cm-fekete-paraelszivo-ckmn20-e0p2zzzn451f\/\" \/>\n<meta property=\"og:locale\" content=\"hu_HU\" \/>\n<meta property=\"og:type\" content=\"article\" \/>\n<meta property=\"og:title\" content=\"Falmec SHELF 120 cm fekete p\u00e1raelsz\u00edv\u00f3 CKMN20.E0P2#ZZZN451F\" \/>\n<meta property=\"og:description\" content=\"Fedezze fel a Falmec SHELF p\u00e1raelsz\u00edv\u00f3 exkluz\u00edv Multi-Air technol\u00f3gi\u00e1j\u00e1t! Eleg\u00e1ns diz\u00e1jn \u00e9s funkci\u00f3k egyes\u00fclnek a modern konyh\u00e1ban.\" \/>\n<meta property=\"og:url\" content=\"https:\/\/premiumkeszulek.hu\/hu\/termek\/falmec-shelf-120-cm-fekete-paraelszivo-ckmn20-e0p2zzzn451f\/\" \/>\n<meta property=\"og:site_name\" content=\"Pr\u00e9miumK\u00e9sz\u00fcl\u00e9k\" \/>\n<meta property=\"article:publisher\" content=\"https:\/\/www.facebook.com\/konyhaluxnet\" \/>\n<meta property=\"article:modified_time\" content=\"2026-04-21T08:24:18+00:00\" \/>\n<meta property=\"og:image\" content=\"https:\/\/i0.wp.com\/premiumkeszulek.hu\/wp-content\/uploads\/2025\/02\/SHELF-111.jpg?fit=800%2C800&ssl=1\" \/>\n\t<meta property=\"og:image:width\" content=\"800\" \/>\n\t<meta property=\"og:image:height\" content=\"800\" \/>\n\t<meta property=\"og:image:type\" content=\"image\/jpeg\" \/>\n<meta name=\"twitter:card\" content=\"summary_large_image\" \/>\n<meta name=\"twitter:label1\" content=\"\u00c1r\" \/>\n\t<meta name=\"twitter:data1\" content=\"992.900&#070;&#116;\" \/>\n\t<meta name=\"twitter:label2\" content=\"El\u00e9rhet\u0151s\u00e9g\" \/>\n\t<meta name=\"twitter:data2\" content=\"Beszerz\u00e9s alatt\" \/>\n<script type=\"application\/ld+json\" class=\"yoast-schema-graph\">{\"@context\":\"https:\\\/\\\/schema.org\",\"@graph\":[{\"@type\":\"WebPage\",\"@id\":\"https:\\\/\\\/premiumkeszulek.hu\\\/product\\\/falmec-shelf-120-cm-fekete-paraelszivo-ckmn20-e0p2zzzn451f\\\/\",\"url\":\"https:\\\/\\\/premiumkeszulek.hu\\\/product\\\/falmec-shelf-120-cm-fekete-paraelszivo-ckmn20-e0p2zzzn451f\\\/\",\"name\":\"Falmec SHELF 120 cm fekete p\u00e1raelsz\u00edv\u00f3 CKMN20.E0P2#ZZZN451F - Pr\u00e9miumK\u00e9sz\u00fcl\u00e9k\",\"isPartOf\":{\"@id\":\"https:\\\/\\\/premiumkeszulek.hu\\\/hu\\\/#website\"},\"primaryImageOfPage\":{\"@id\":\"https:\\\/\\\/premiumkeszulek.hu\\\/product\\\/falmec-shelf-120-cm-fekete-paraelszivo-ckmn20-e0p2zzzn451f\\\/#primaryimage\"},\"image\":{\"@id\":\"https:\\\/\\\/premiumkeszulek.hu\\\/product\\\/falmec-shelf-120-cm-fekete-paraelszivo-ckmn20-e0p2zzzn451f\\\/#primaryimage\"},\"thumbnailUrl\":\"https:\\\/\\\/i0.wp.com\\\/premiumkeszulek.hu\\\/wp-content\\\/uploads\\\/2025\\\/02\\\/SHELF-111.jpg?fit=800%2C800&ssl=1\",\"datePublished\":\"2025-02-12T16:20:02+00:00\",\"dateModified\":\"2026-04-21T08:24:18+00:00\",\"description\":\"Fedezze fel a Falmec SHELF p\u00e1raelsz\u00edv\u00f3 exkluz\u00edv Multi-Air technol\u00f3gi\u00e1j\u00e1t! Eleg\u00e1ns diz\u00e1jn \u00e9s funkci\u00f3k egyes\u00fclnek a modern konyh\u00e1ban.\",\"breadcrumb\":{\"@id\":\"https:\\\/\\\/premiumkeszulek.hu\\\/product\\\/falmec-shelf-120-cm-fekete-paraelszivo-ckmn20-e0p2zzzn451f\\\/#breadcrumb\"},\"inLanguage\":\"hu\",\"potentialAction\":[{\"@type\":\"ReadAction\",\"target\":[\"https:\\\/\\\/premiumkeszulek.hu\\\/product\\\/falmec-shelf-120-cm-fekete-paraelszivo-ckmn20-e0p2zzzn451f\\\/\"]}]},{\"@type\":\"ImageObject\",\"inLanguage\":\"hu\",\"@id\":\"https:\\\/\\\/premiumkeszulek.hu\\\/product\\\/falmec-shelf-120-cm-fekete-paraelszivo-ckmn20-e0p2zzzn451f\\\/#primaryimage\",\"url\":\"https:\\\/\\\/i0.wp.com\\\/premiumkeszulek.hu\\\/wp-content\\\/uploads\\\/2025\\\/02\\\/SHELF-111.jpg?fit=800%2C800&ssl=1\",\"contentUrl\":\"https:\\\/\\\/i0.wp.com\\\/premiumkeszulek.hu\\\/wp-content\\\/uploads\\\/2025\\\/02\\\/SHELF-111.jpg?fit=800%2C800&ssl=1\",\"width\":800,\"height\":800},{\"@type\":\"BreadcrumbList\",\"@id\":\"https:\\\/\\\/premiumkeszulek.hu\\\/product\\\/falmec-shelf-120-cm-fekete-paraelszivo-ckmn20-e0p2zzzn451f\\\/#breadcrumb\",\"itemListElement\":[{\"@type\":\"ListItem\",\"position\":1,\"name\":\"Home\",\"item\":\"https:\\\/\\\/premiumkeszulek.hu\\\/hu\\\/\"},{\"@type\":\"ListItem\",\"position\":2,\"name\":\"Shop\",\"item\":\"https:\\\/\\\/premiumkeszulek.hu\\\/hu\\\/shop\\\/\"},{\"@type\":\"ListItem\",\"position\":3,\"name\":\"Falmec SHELF 120 cm fekete p\u00e1raelsz\u00edv\u00f3 CKMN20.E0P2#ZZZN451F\"}]},{\"@type\":\"WebSite\",\"@id\":\"https:\\\/\\\/premiumkeszulek.hu\\\/hu\\\/#website\",\"url\":\"https:\\\/\\\/premiumkeszulek.hu\\\/hu\\\/\",\"name\":\"Pr\u00e9miumK\u00e9sz\u00fcl\u00e9k\",\"description\":\"\",\"publisher\":{\"@id\":\"https:\\\/\\\/premiumkeszulek.hu\\\/hu\\\/#organization\"},\"potentialAction\":[{\"@type\":\"SearchAction\",\"target\":{\"@type\":\"EntryPoint\",\"urlTemplate\":\"https:\\\/\\\/premiumkeszulek.hu\\\/hu\\\/?s={search_term_string}\"},\"query-input\":{\"@type\":\"PropertyValueSpecification\",\"valueRequired\":true,\"valueName\":\"search_term_string\"}}],\"inLanguage\":\"hu\"},{\"@type\":\"Organization\",\"@id\":\"https:\\\/\\\/premiumkeszulek.hu\\\/hu\\\/#organization\",\"name\":\"Pr\u00e9miumK\u00e9sz\u00fcl\u00e9k\",\"alternateName\":\"HPH Special Kft\",\"url\":\"https:\\\/\\\/premiumkeszulek.hu\\\/hu\\\/\",\"logo\":{\"@type\":\"ImageObject\",\"inLanguage\":\"hu\",\"@id\":\"https:\\\/\\\/premiumkeszulek.hu\\\/hu\\\/#\\\/schema\\\/logo\\\/image\\\/\",\"url\":\"http:\\\/\\\/premiumkeszulek.hu\\\/wp-content\\\/uploads\\\/2025\\\/03\\\/TURKIZLOGO-kicsi.png\",\"contentUrl\":\"http:\\\/\\\/premiumkeszulek.hu\\\/wp-content\\\/uploads\\\/2025\\\/03\\\/TURKIZLOGO-kicsi.png\",\"width\":1600,\"height\":547,\"caption\":\"Pr\u00e9miumK\u00e9sz\u00fcl\u00e9k\"},\"image\":{\"@id\":\"https:\\\/\\\/premiumkeszulek.hu\\\/hu\\\/#\\\/schema\\\/logo\\\/image\\\/\"},\"sameAs\":[\"https:\\\/\\\/www.facebook.com\\\/konyhaluxnet\",\"https:\\\/\\\/www.instagram.com\\\/konyhaluxnet\\\/#\"],\"email\":\"info@premiumkeszulek.hu\",\"telephone\":\"36 1 \\\/ 226-1992\",\"legalName\":\"HPH Special Kft\",\"vatID\":\"HU12549502\",\"taxID\":\"12549502\",\"hasMerchantReturnPolicy\":{\"@type\":\"MerchantReturnPolicy\",\"merchantReturnLink\":\"https:\\\/\\\/premiumkeszulek.hu\\\/hu\\\/altalanos-szerzodesi-es-felhasznalasi-feltetelek\\\/\"}}]}<\/script>\n<meta property=\"product:brand\" content=\"Falmec\" \/>\n<meta property=\"product:price:amount\" content=\"992900\" \/>\n<meta property=\"product:price:currency\" content=\"HUF\" \/>\n<meta property=\"og:availability\" content=\"backorder\" \/>\n<meta property=\"product:availability\" content=\"available for order\" \/>\n<meta property=\"product:retailer_item_id\" content=\"CKMN20.E0P2#ZZZN451F\" \/>\n<meta property=\"product:condition\" content=\"new\" \/>\n<!-- \/ Yoast SEO Premium plugin. -->","yoast_head_json":{"title":"Falmec SHELF 120 cm fekete p\u00e1raelsz\u00edv\u00f3 CKMN20.E0P2#ZZZN451F - Pr\u00e9miumK\u00e9sz\u00fcl\u00e9k","description":"Fedezze fel a Falmec SHELF p\u00e1raelsz\u00edv\u00f3 exkluz\u00edv Multi-Air technol\u00f3gi\u00e1j\u00e1t! Eleg\u00e1ns diz\u00e1jn \u00e9s funkci\u00f3k egyes\u00fclnek a modern konyh\u00e1ban.","robots":{"index":"index","follow":"follow","max-snippet":"max-snippet:-1","max-image-preview":"max-image-preview:large","max-video-preview":"max-video-preview:-1"},"canonical":"https:\/\/premiumkeszulek.hu\/hu\/termek\/falmec-shelf-120-cm-fekete-paraelszivo-ckmn20-e0p2zzzn451f\/","og_locale":"hu_HU","og_type":"article","og_title":"Falmec SHELF 120 cm fekete p\u00e1raelsz\u00edv\u00f3 CKMN20.E0P2#ZZZN451F","og_description":"Fedezze fel a Falmec SHELF p\u00e1raelsz\u00edv\u00f3 exkluz\u00edv Multi-Air technol\u00f3gi\u00e1j\u00e1t! Eleg\u00e1ns diz\u00e1jn \u00e9s funkci\u00f3k egyes\u00fclnek a modern konyh\u00e1ban.","og_url":"https:\/\/premiumkeszulek.hu\/hu\/termek\/falmec-shelf-120-cm-fekete-paraelszivo-ckmn20-e0p2zzzn451f\/","og_site_name":"Pr\u00e9miumK\u00e9sz\u00fcl\u00e9k","article_publisher":"https:\/\/www.facebook.com\/konyhaluxnet","article_modified_time":"2026-04-21T08:24:18+00:00","og_image":[{"width":800,"height":800,"url":"https:\/\/i0.wp.com\/premiumkeszulek.hu\/wp-content\/uploads\/2025\/02\/SHELF-111.jpg?fit=800%2C800&ssl=1","type":"image\/jpeg"}],"twitter_card":"summary_large_image","twitter_misc":{"\u00c1r":"992.900&#70;&#116;","El\u00e9rhet\u0151s\u00e9g":"Beszerz\u00e9s alatt"},"schema":{"@context":"https:\/\/schema.org","@graph":[{"@type":"WebPage","@id":"https:\/\/premiumkeszulek.hu\/product\/falmec-shelf-120-cm-fekete-paraelszivo-ckmn20-e0p2zzzn451f\/","url":"https:\/\/premiumkeszulek.hu\/product\/falmec-shelf-120-cm-fekete-paraelszivo-ckmn20-e0p2zzzn451f\/","name":"Falmec SHELF 120 cm fekete p\u00e1raelsz\u00edv\u00f3 CKMN20.E0P2#ZZZN451F - Pr\u00e9miumK\u00e9sz\u00fcl\u00e9k","isPartOf":{"@id":"https:\/\/premiumkeszulek.hu\/hu\/#website"},"primaryImageOfPage":{"@id":"https:\/\/premiumkeszulek.hu\/product\/falmec-shelf-120-cm-fekete-paraelszivo-ckmn20-e0p2zzzn451f\/#primaryimage"},"image":{"@id":"https:\/\/premiumkeszulek.hu\/product\/falmec-shelf-120-cm-fekete-paraelszivo-ckmn20-e0p2zzzn451f\/#primaryimage"},"thumbnailUrl":"https:\/\/i0.wp.com\/premiumkeszulek.hu\/wp-content\/uploads\/2025\/02\/SHELF-111.jpg?fit=800%2C800&ssl=1","datePublished":"2025-02-12T16:20:02+00:00","dateModified":"2026-04-21T08:24:18+00:00","description":"Fedezze fel a Falmec SHELF p\u00e1raelsz\u00edv\u00f3 exkluz\u00edv Multi-Air technol\u00f3gi\u00e1j\u00e1t! Eleg\u00e1ns diz\u00e1jn \u00e9s funkci\u00f3k egyes\u00fclnek a modern konyh\u00e1ban.","breadcrumb":{"@id":"https:\/\/premiumkeszulek.hu\/product\/falmec-shelf-120-cm-fekete-paraelszivo-ckmn20-e0p2zzzn451f\/#breadcrumb"},"inLanguage":"hu","potentialAction":[{"@type":"ReadAction","target":["https:\/\/premiumkeszulek.hu\/product\/falmec-shelf-120-cm-fekete-paraelszivo-ckmn20-e0p2zzzn451f\/"]}]},{"@type":"ImageObject","inLanguage":"hu","@id":"https:\/\/premiumkeszulek.hu\/product\/falmec-shelf-120-cm-fekete-paraelszivo-ckmn20-e0p2zzzn451f\/#primaryimage","url":"https:\/\/i0.wp.com\/premiumkeszulek.hu\/wp-content\/uploads\/2025\/02\/SHELF-111.jpg?fit=800%2C800&ssl=1","contentUrl":"https:\/\/i0.wp.com\/premiumkeszulek.hu\/wp-content\/uploads\/2025\/02\/SHELF-111.jpg?fit=800%2C800&ssl=1","width":800,"height":800},{"@type":"BreadcrumbList","@id":"https:\/\/premiumkeszulek.hu\/product\/falmec-shelf-120-cm-fekete-paraelszivo-ckmn20-e0p2zzzn451f\/#breadcrumb","itemListElement":[{"@type":"ListItem","position":1,"name":"Home","item":"https:\/\/premiumkeszulek.hu\/hu\/"},{"@type":"ListItem","position":2,"name":"Shop","item":"https:\/\/premiumkeszulek.hu\/hu\/shop\/"},{"@type":"ListItem","position":3,"name":"Falmec SHELF 120 cm fekete p\u00e1raelsz\u00edv\u00f3 CKMN20.E0P2#ZZZN451F"}]},{"@type":"WebSite","@id":"https:\/\/premiumkeszulek.hu\/hu\/#website","url":"https:\/\/premiumkeszulek.hu\/hu\/","name":"Pr\u00e9miumK\u00e9sz\u00fcl\u00e9k","description":"","publisher":{"@id":"https:\/\/premiumkeszulek.hu\/hu\/#organization"},"potentialAction":[{"@type":"SearchAction","target":{"@type":"EntryPoint","urlTemplate":"https:\/\/premiumkeszulek.hu\/hu\/?s={search_term_string}"},"query-input":{"@type":"PropertyValueSpecification","valueRequired":true,"valueName":"search_term_string"}}],"inLanguage":"hu"},{"@type":"Organization","@id":"https:\/\/premiumkeszulek.hu\/hu\/#organization","name":"Pr\u00e9miumK\u00e9sz\u00fcl\u00e9k","alternateName":"HPH Special Kft","url":"https:\/\/premiumkeszulek.hu\/hu\/","logo":{"@type":"ImageObject","inLanguage":"hu","@id":"https:\/\/premiumkeszulek.hu\/hu\/#\/schema\/logo\/image\/","url":"http:\/\/premiumkeszulek.hu\/wp-content\/uploads\/2025\/03\/TURKIZLOGO-kicsi.png","contentUrl":"http:\/\/premiumkeszulek.hu\/wp-content\/uploads\/2025\/03\/TURKIZLOGO-kicsi.png","width":1600,"height":547,"caption":"Pr\u00e9miumK\u00e9sz\u00fcl\u00e9k"},"image":{"@id":"https:\/\/premiumkeszulek.hu\/hu\/#\/schema\/logo\/image\/"},"sameAs":["https:\/\/www.facebook.com\/konyhaluxnet","https:\/\/www.instagram.com\/konyhaluxnet\/#"],"email":"info@premiumkeszulek.hu","telephone":"36 1 \/ 226-1992","legalName":"HPH Special Kft","vatID":"HU12549502","taxID":"12549502","hasMerchantReturnPolicy":{"@type":"MerchantReturnPolicy","merchantReturnLink":"https:\/\/premiumkeszulek.hu\/hu\/altalanos-szerzodesi-es-felhasznalasi-feltetelek\/"}}]},"product_brand":"Falmec","product_price_amount":"992900","product_price_currency":"HUF","og_availability":"backorder","product_availability":"available for order","product_retailer_item_id":"CKMN20.E0P2#ZZZN451F","product_condition":"new"},"jetpack_publicize_connections":[],"jetpack_likes_enabled":true,"jetpack_sharing_enabled":true,"jetpack-related-posts":[],"_links":{"self":[{"href":"https:\/\/premiumkeszulek.hu\/hu\/wp-json\/wp\/v2\/product\/5343","targetHints":{"allow":["GET"]}}],"collection":[{"href":"https:\/\/premiumkeszulek.hu\/hu\/wp-json\/wp\/v2\/product"}],"about":[{"href":"https:\/\/premiumkeszulek.hu\/hu\/wp-json\/wp\/v2\/types\/product"}],"replies":[{"embeddable":true,"href":"https:\/\/premiumkeszulek.hu\/hu\/wp-json\/wp\/v2\/comments?post=5343"}],"wp:featuredmedia":[{"embeddable":true,"href":"https:\/\/premiumkeszulek.hu\/hu\/wp-json\/wp\/v2\/media\/5342"}],"wp:attachment":[{"href":"https:\/\/premiumkeszulek.hu\/hu\/wp-json\/wp\/v2\/media?parent=5343"}],"wp:term":[{"taxonomy":"product_brand","embeddable":true,"href":"https:\/\/premiumkeszulek.hu\/hu\/wp-json\/wp\/v2\/product_brand?post=5343"},{"taxonomy":"product_cat","embeddable":true,"href":"https:\/\/premiumkeszulek.hu\/hu\/wp-json\/wp\/v2\/product_cat?post=5343"},{"taxonomy":"product_tag","embeddable":true,"href":"https:\/\/premiumkeszulek.hu\/hu\/wp-json\/wp\/v2\/product_tag?post=5343"},{"taxonomy":"woo-feed-brand","embeddable":true,"href":"https:\/\/premiumkeszulek.hu\/hu\/wp-json\/wp\/v2\/woo-feed-brand?post=5343"}],"curies":[{"name":"wp","href":"https:\/\/api.w.org\/{rel}","templated":true}]}}