{"id":5324,"date":"2025-02-12T17:19:38","date_gmt":"2025-02-12T16:19:38","guid":{"rendered":"https:\/\/premiumkeszulek.hu\/product\/falmec-paraelszivo-cover-85-sand-clay\/"},"modified":"2026-04-17T19:35:29","modified_gmt":"2026-04-17T17:35:29","slug":"falmec-paraelszivo-cover-85-sand-clay","status":"publish","type":"product","link":"https:\/\/premiumkeszulek.hu\/hu\/termek\/falmec-paraelszivo-cover-85-sand-clay\/","title":{"rendered":"FALMEC P\u00e1raelsz\u00edv\u00f3 COVER 85 sand clay"},"content":{"rendered":"<p>\n\tEgyedi el\u0151lapok<br \/>\n\tA leveg\u0151 \u00f6sszeolvad az anyaggal. A Cover a Falmec Design kollekci\u00f3 \u00faj p\u00e1raelsz\u00edv\u00f3ja. Line\u00e1ris form\u00e1ja t\u00f6bbf\u00e9le k\u00f6rnyezetbe \u00e9s berendez\u00e9si st\u00edlusba is illeszthet\u0151. A panel megk\u00fcl\u00f6nb\u00f6ztet\u0151 elemm\u00e9 v\u00e1lik, k\u00f6sz\u00f6nhet\u0151en a rendelkez\u00e9sre \u00e1ll\u00f3, \u00e1rnyalatok \u00e9s term\u00e9szetes anyagok \u00e1ltal inspir\u00e1lt k\u00fcl\u00f6nb\u00f6z\u0151 fel\u00fcletkezel\u00e9seknek. Az \u00fcvegen k\u00edv\u00fcl a Cover val\u00f3j\u00e1ban egyedi anyagfeldolgoz\u00e1sban is el\u00e9rhet\u0151, k\u00f6sz\u00f6nhet\u0151en az innovat\u00edv kezel\u00e9snek, amely lehet\u0151v\u00e9 teszi a term\u00e9szetes agyag felhord\u00e1s\u00e1t mag\u00e1nak a panelnek a fel\u00fclet\u00e9re, k\u0151, homok, pala \u00e9s terrakotta bevonattal. A 85 cm-es m\u00e9retben kaphat\u00f3 p\u00e1raelsz\u00edv\u00f3 slim motorral van felszerelve, amely lehet\u0151v\u00e9 teszi a kompakt kialak\u00edt\u00e1st \u00e9s a dinamikus LED vil\u00e1g\u00edt\u00e1st. T\u00f6k\u00e9letesen illeszkedik minden konyh\u00e1ba.<\/p>\n","protected":false},"excerpt":{"rendered":"<p><iframe src=\" https:\/\/www.mbhbank.hu\/sfcalculation\/?ar=[PRICE]&#038;partner=DX030&#038;konstrukcio=DLSK14\" width=\"100%\" height=\"500\" frameborder=\"0\" scrolling=\"yes\" align=\"left\"><\/iframe><\/p>\n","protected":false},"featured_media":5323,"comment_status":"closed","ping_status":"closed","template":"","meta":{"_crdt_document":"","content-type":"","jetpack_post_was_ever_published":false,"jetpack_publicize_message":"","jetpack_publicize_feature_enabled":true,"jetpack_social_post_already_shared":true,"jetpack_social_options":{"image_generator_settings":{"template":"highway","default_image_id":0,"font":"","enabled":false},"version":2},"_wpas_customize_per_network":false},"product_brand":[1638],"product_cat":[1525],"product_tag":[],"woo-feed-brand":[],"class_list":{"0":"post-5324","1":"product","2":"type-product","3":"status-publish","4":"has-post-thumbnail","6":"product_brand-falmec","7":"product_cat-paraelszivok","8":"product_shipping_class-100000felett","10":"first","11":"onbackorder","12":"sale","13":"taxable","14":"shipping-taxable","15":"purchasable","16":"product-type-simple"},"yoast_head":"<!-- This site is optimized with the Yoast SEO Premium plugin v26.9 (Yoast SEO v27.4) - https:\/\/yoast.com\/product\/yoast-seo-premium-wordpress\/ -->\n<title>FALMEC P\u00e1raelsz\u00edv\u00f3 COVER 85 sand clay - Pr\u00e9miumK\u00e9sz\u00fcl\u00e9k<\/title>\n<meta name=\"description\" content=\"A FALMEC P\u00e1raelsz\u00edv\u00f3 COVER emeli a konyha st\u00edlus\u00e1t. Fedezze fel a t\u00f6k\u00e9letes kombin\u00e1ci\u00f3j\u00e1t a funkcionalit\u00e1snak \u00e9s a diz\u00e1jnnak!\" \/>\n<meta name=\"robots\" content=\"index, follow, max-snippet:-1, max-image-preview:large, max-video-preview:-1\" \/>\n<link rel=\"canonical\" href=\"https:\/\/premiumkeszulek.hu\/hu\/termek\/falmec-paraelszivo-cover-85-sand-clay\/\" \/>\n<meta property=\"og:locale\" content=\"hu_HU\" \/>\n<meta property=\"og:type\" content=\"article\" \/>\n<meta property=\"og:title\" content=\"FALMEC P\u00e1raelsz\u00edv\u00f3 COVER 85 sand clay\" \/>\n<meta property=\"og:description\" content=\"A FALMEC P\u00e1raelsz\u00edv\u00f3 COVER emeli a konyha st\u00edlus\u00e1t. Fedezze fel a t\u00f6k\u00e9letes kombin\u00e1ci\u00f3j\u00e1t a funkcionalit\u00e1snak \u00e9s a diz\u00e1jnnak!\" \/>\n<meta property=\"og:url\" content=\"https:\/\/premiumkeszulek.hu\/hu\/termek\/falmec-paraelszivo-cover-85-sand-clay\/\" \/>\n<meta property=\"og:site_name\" content=\"Pr\u00e9miumK\u00e9sz\u00fcl\u00e9k\" \/>\n<meta property=\"article:publisher\" content=\"https:\/\/www.facebook.com\/konyhaluxnet\" \/>\n<meta property=\"article:modified_time\" content=\"2026-04-17T17:35:29+00:00\" \/>\n<meta property=\"og:image\" content=\"https:\/\/i0.wp.com\/premiumkeszulek.hu\/wp-content\/uploads\/2025\/02\/falmec_cover_sand_clay_1.jpg?fit=800%2C800&ssl=1\" \/>\n\t<meta property=\"og:image:width\" content=\"800\" \/>\n\t<meta property=\"og:image:height\" content=\"800\" \/>\n\t<meta property=\"og:image:type\" content=\"image\/jpeg\" \/>\n<meta name=\"twitter:card\" content=\"summary_large_image\" \/>\n<meta name=\"twitter:label1\" content=\"\u00c1r\" \/>\n\t<meta name=\"twitter:data1\" content=\"398.991&#070;&#116;\" \/>\n\t<meta name=\"twitter:label2\" content=\"El\u00e9rhet\u0151s\u00e9g\" \/>\n\t<meta name=\"twitter:data2\" content=\"Beszerz\u00e9s alatt\" \/>\n<script type=\"application\/ld+json\" class=\"yoast-schema-graph\">{\"@context\":\"https:\\\/\\\/schema.org\",\"@graph\":[{\"@type\":\"WebPage\",\"@id\":\"https:\\\/\\\/premiumkeszulek.hu\\\/product\\\/falmec-paraelszivo-cover-85-sand-clay\\\/\",\"url\":\"https:\\\/\\\/premiumkeszulek.hu\\\/product\\\/falmec-paraelszivo-cover-85-sand-clay\\\/\",\"name\":\"FALMEC P\u00e1raelsz\u00edv\u00f3 COVER 85 sand clay - Pr\u00e9miumK\u00e9sz\u00fcl\u00e9k\",\"isPartOf\":{\"@id\":\"https:\\\/\\\/premiumkeszulek.hu\\\/hu\\\/#website\"},\"primaryImageOfPage\":{\"@id\":\"https:\\\/\\\/premiumkeszulek.hu\\\/product\\\/falmec-paraelszivo-cover-85-sand-clay\\\/#primaryimage\"},\"image\":{\"@id\":\"https:\\\/\\\/premiumkeszulek.hu\\\/product\\\/falmec-paraelszivo-cover-85-sand-clay\\\/#primaryimage\"},\"thumbnailUrl\":\"https:\\\/\\\/i0.wp.com\\\/premiumkeszulek.hu\\\/wp-content\\\/uploads\\\/2025\\\/02\\\/falmec_cover_sand_clay_1.jpg?fit=800%2C800&ssl=1\",\"datePublished\":\"2025-02-12T16:19:38+00:00\",\"dateModified\":\"2026-04-17T17:35:29+00:00\",\"description\":\"A FALMEC P\u00e1raelsz\u00edv\u00f3 COVER emeli a konyha st\u00edlus\u00e1t. Fedezze fel a t\u00f6k\u00e9letes kombin\u00e1ci\u00f3j\u00e1t a funkcionalit\u00e1snak \u00e9s a diz\u00e1jnnak!\",\"breadcrumb\":{\"@id\":\"https:\\\/\\\/premiumkeszulek.hu\\\/product\\\/falmec-paraelszivo-cover-85-sand-clay\\\/#breadcrumb\"},\"inLanguage\":\"hu\",\"potentialAction\":[{\"@type\":\"ReadAction\",\"target\":[\"https:\\\/\\\/premiumkeszulek.hu\\\/product\\\/falmec-paraelszivo-cover-85-sand-clay\\\/\"]}]},{\"@type\":\"ImageObject\",\"inLanguage\":\"hu\",\"@id\":\"https:\\\/\\\/premiumkeszulek.hu\\\/product\\\/falmec-paraelszivo-cover-85-sand-clay\\\/#primaryimage\",\"url\":\"https:\\\/\\\/i0.wp.com\\\/premiumkeszulek.hu\\\/wp-content\\\/uploads\\\/2025\\\/02\\\/falmec_cover_sand_clay_1.jpg?fit=800%2C800&ssl=1\",\"contentUrl\":\"https:\\\/\\\/i0.wp.com\\\/premiumkeszulek.hu\\\/wp-content\\\/uploads\\\/2025\\\/02\\\/falmec_cover_sand_clay_1.jpg?fit=800%2C800&ssl=1\",\"width\":800,\"height\":800},{\"@type\":\"BreadcrumbList\",\"@id\":\"https:\\\/\\\/premiumkeszulek.hu\\\/product\\\/falmec-paraelszivo-cover-85-sand-clay\\\/#breadcrumb\",\"itemListElement\":[{\"@type\":\"ListItem\",\"position\":1,\"name\":\"Home\",\"item\":\"https:\\\/\\\/premiumkeszulek.hu\\\/hu\\\/\"},{\"@type\":\"ListItem\",\"position\":2,\"name\":\"Shop\",\"item\":\"https:\\\/\\\/premiumkeszulek.hu\\\/hu\\\/shop\\\/\"},{\"@type\":\"ListItem\",\"position\":3,\"name\":\"FALMEC P\u00e1raelsz\u00edv\u00f3 COVER 85 sand clay\"}]},{\"@type\":\"WebSite\",\"@id\":\"https:\\\/\\\/premiumkeszulek.hu\\\/hu\\\/#website\",\"url\":\"https:\\\/\\\/premiumkeszulek.hu\\\/hu\\\/\",\"name\":\"Pr\u00e9miumK\u00e9sz\u00fcl\u00e9k\",\"description\":\"\",\"publisher\":{\"@id\":\"https:\\\/\\\/premiumkeszulek.hu\\\/hu\\\/#organization\"},\"potentialAction\":[{\"@type\":\"SearchAction\",\"target\":{\"@type\":\"EntryPoint\",\"urlTemplate\":\"https:\\\/\\\/premiumkeszulek.hu\\\/hu\\\/?s={search_term_string}\"},\"query-input\":{\"@type\":\"PropertyValueSpecification\",\"valueRequired\":true,\"valueName\":\"search_term_string\"}}],\"inLanguage\":\"hu\"},{\"@type\":\"Organization\",\"@id\":\"https:\\\/\\\/premiumkeszulek.hu\\\/hu\\\/#organization\",\"name\":\"Pr\u00e9miumK\u00e9sz\u00fcl\u00e9k\",\"alternateName\":\"HPH Special Kft\",\"url\":\"https:\\\/\\\/premiumkeszulek.hu\\\/hu\\\/\",\"logo\":{\"@type\":\"ImageObject\",\"inLanguage\":\"hu\",\"@id\":\"https:\\\/\\\/premiumkeszulek.hu\\\/hu\\\/#\\\/schema\\\/logo\\\/image\\\/\",\"url\":\"http:\\\/\\\/premiumkeszulek.hu\\\/wp-content\\\/uploads\\\/2025\\\/03\\\/TURKIZLOGO-kicsi.png\",\"contentUrl\":\"http:\\\/\\\/premiumkeszulek.hu\\\/wp-content\\\/uploads\\\/2025\\\/03\\\/TURKIZLOGO-kicsi.png\",\"width\":1600,\"height\":547,\"caption\":\"Pr\u00e9miumK\u00e9sz\u00fcl\u00e9k\"},\"image\":{\"@id\":\"https:\\\/\\\/premiumkeszulek.hu\\\/hu\\\/#\\\/schema\\\/logo\\\/image\\\/\"},\"sameAs\":[\"https:\\\/\\\/www.facebook.com\\\/konyhaluxnet\",\"https:\\\/\\\/www.instagram.com\\\/konyhaluxnet\\\/#\"],\"email\":\"info@premiumkeszulek.hu\",\"telephone\":\"36 1 \\\/ 226-1992\",\"legalName\":\"HPH Special Kft\",\"vatID\":\"HU12549502\",\"taxID\":\"12549502\",\"hasMerchantReturnPolicy\":{\"@type\":\"MerchantReturnPolicy\",\"merchantReturnLink\":\"https:\\\/\\\/premiumkeszulek.hu\\\/hu\\\/altalanos-szerzodesi-es-felhasznalasi-feltetelek\\\/\"}}]}<\/script>\n<meta property=\"product:brand\" content=\"Falmec\" \/>\n<meta property=\"product:price:amount\" content=\"398991\" \/>\n<meta property=\"product:price:currency\" content=\"HUF\" \/>\n<meta property=\"og:availability\" content=\"backorder\" \/>\n<meta property=\"product:availability\" content=\"available for order\" \/>\n<meta property=\"product:retailer_item_id\" content=\"CCFN85.E0P2#ZZZT460F\" \/>\n<meta property=\"product:condition\" content=\"new\" \/>\n<!-- \/ Yoast SEO Premium plugin. -->","yoast_head_json":{"title":"FALMEC P\u00e1raelsz\u00edv\u00f3 COVER 85 sand clay - Pr\u00e9miumK\u00e9sz\u00fcl\u00e9k","description":"A FALMEC P\u00e1raelsz\u00edv\u00f3 COVER emeli a konyha st\u00edlus\u00e1t. Fedezze fel a t\u00f6k\u00e9letes kombin\u00e1ci\u00f3j\u00e1t a funkcionalit\u00e1snak \u00e9s a diz\u00e1jnnak!","robots":{"index":"index","follow":"follow","max-snippet":"max-snippet:-1","max-image-preview":"max-image-preview:large","max-video-preview":"max-video-preview:-1"},"canonical":"https:\/\/premiumkeszulek.hu\/hu\/termek\/falmec-paraelszivo-cover-85-sand-clay\/","og_locale":"hu_HU","og_type":"article","og_title":"FALMEC P\u00e1raelsz\u00edv\u00f3 COVER 85 sand clay","og_description":"A FALMEC P\u00e1raelsz\u00edv\u00f3 COVER emeli a konyha st\u00edlus\u00e1t. Fedezze fel a t\u00f6k\u00e9letes kombin\u00e1ci\u00f3j\u00e1t a funkcionalit\u00e1snak \u00e9s a diz\u00e1jnnak!","og_url":"https:\/\/premiumkeszulek.hu\/hu\/termek\/falmec-paraelszivo-cover-85-sand-clay\/","og_site_name":"Pr\u00e9miumK\u00e9sz\u00fcl\u00e9k","article_publisher":"https:\/\/www.facebook.com\/konyhaluxnet","article_modified_time":"2026-04-17T17:35:29+00:00","og_image":[{"width":800,"height":800,"url":"https:\/\/i0.wp.com\/premiumkeszulek.hu\/wp-content\/uploads\/2025\/02\/falmec_cover_sand_clay_1.jpg?fit=800%2C800&ssl=1","type":"image\/jpeg"}],"twitter_card":"summary_large_image","twitter_misc":{"\u00c1r":"398.991&#70;&#116;","El\u00e9rhet\u0151s\u00e9g":"Beszerz\u00e9s alatt"},"schema":{"@context":"https:\/\/schema.org","@graph":[{"@type":"WebPage","@id":"https:\/\/premiumkeszulek.hu\/product\/falmec-paraelszivo-cover-85-sand-clay\/","url":"https:\/\/premiumkeszulek.hu\/product\/falmec-paraelszivo-cover-85-sand-clay\/","name":"FALMEC P\u00e1raelsz\u00edv\u00f3 COVER 85 sand clay - Pr\u00e9miumK\u00e9sz\u00fcl\u00e9k","isPartOf":{"@id":"https:\/\/premiumkeszulek.hu\/hu\/#website"},"primaryImageOfPage":{"@id":"https:\/\/premiumkeszulek.hu\/product\/falmec-paraelszivo-cover-85-sand-clay\/#primaryimage"},"image":{"@id":"https:\/\/premiumkeszulek.hu\/product\/falmec-paraelszivo-cover-85-sand-clay\/#primaryimage"},"thumbnailUrl":"https:\/\/i0.wp.com\/premiumkeszulek.hu\/wp-content\/uploads\/2025\/02\/falmec_cover_sand_clay_1.jpg?fit=800%2C800&ssl=1","datePublished":"2025-02-12T16:19:38+00:00","dateModified":"2026-04-17T17:35:29+00:00","description":"A FALMEC P\u00e1raelsz\u00edv\u00f3 COVER emeli a konyha st\u00edlus\u00e1t. Fedezze fel a t\u00f6k\u00e9letes kombin\u00e1ci\u00f3j\u00e1t a funkcionalit\u00e1snak \u00e9s a diz\u00e1jnnak!","breadcrumb":{"@id":"https:\/\/premiumkeszulek.hu\/product\/falmec-paraelszivo-cover-85-sand-clay\/#breadcrumb"},"inLanguage":"hu","potentialAction":[{"@type":"ReadAction","target":["https:\/\/premiumkeszulek.hu\/product\/falmec-paraelszivo-cover-85-sand-clay\/"]}]},{"@type":"ImageObject","inLanguage":"hu","@id":"https:\/\/premiumkeszulek.hu\/product\/falmec-paraelszivo-cover-85-sand-clay\/#primaryimage","url":"https:\/\/i0.wp.com\/premiumkeszulek.hu\/wp-content\/uploads\/2025\/02\/falmec_cover_sand_clay_1.jpg?fit=800%2C800&ssl=1","contentUrl":"https:\/\/i0.wp.com\/premiumkeszulek.hu\/wp-content\/uploads\/2025\/02\/falmec_cover_sand_clay_1.jpg?fit=800%2C800&ssl=1","width":800,"height":800},{"@type":"BreadcrumbList","@id":"https:\/\/premiumkeszulek.hu\/product\/falmec-paraelszivo-cover-85-sand-clay\/#breadcrumb","itemListElement":[{"@type":"ListItem","position":1,"name":"Home","item":"https:\/\/premiumkeszulek.hu\/hu\/"},{"@type":"ListItem","position":2,"name":"Shop","item":"https:\/\/premiumkeszulek.hu\/hu\/shop\/"},{"@type":"ListItem","position":3,"name":"FALMEC P\u00e1raelsz\u00edv\u00f3 COVER 85 sand clay"}]},{"@type":"WebSite","@id":"https:\/\/premiumkeszulek.hu\/hu\/#website","url":"https:\/\/premiumkeszulek.hu\/hu\/","name":"Pr\u00e9miumK\u00e9sz\u00fcl\u00e9k","description":"","publisher":{"@id":"https:\/\/premiumkeszulek.hu\/hu\/#organization"},"potentialAction":[{"@type":"SearchAction","target":{"@type":"EntryPoint","urlTemplate":"https:\/\/premiumkeszulek.hu\/hu\/?s={search_term_string}"},"query-input":{"@type":"PropertyValueSpecification","valueRequired":true,"valueName":"search_term_string"}}],"inLanguage":"hu"},{"@type":"Organization","@id":"https:\/\/premiumkeszulek.hu\/hu\/#organization","name":"Pr\u00e9miumK\u00e9sz\u00fcl\u00e9k","alternateName":"HPH Special Kft","url":"https:\/\/premiumkeszulek.hu\/hu\/","logo":{"@type":"ImageObject","inLanguage":"hu","@id":"https:\/\/premiumkeszulek.hu\/hu\/#\/schema\/logo\/image\/","url":"http:\/\/premiumkeszulek.hu\/wp-content\/uploads\/2025\/03\/TURKIZLOGO-kicsi.png","contentUrl":"http:\/\/premiumkeszulek.hu\/wp-content\/uploads\/2025\/03\/TURKIZLOGO-kicsi.png","width":1600,"height":547,"caption":"Pr\u00e9miumK\u00e9sz\u00fcl\u00e9k"},"image":{"@id":"https:\/\/premiumkeszulek.hu\/hu\/#\/schema\/logo\/image\/"},"sameAs":["https:\/\/www.facebook.com\/konyhaluxnet","https:\/\/www.instagram.com\/konyhaluxnet\/#"],"email":"info@premiumkeszulek.hu","telephone":"36 1 \/ 226-1992","legalName":"HPH Special Kft","vatID":"HU12549502","taxID":"12549502","hasMerchantReturnPolicy":{"@type":"MerchantReturnPolicy","merchantReturnLink":"https:\/\/premiumkeszulek.hu\/hu\/altalanos-szerzodesi-es-felhasznalasi-feltetelek\/"}}]},"product_brand":"Falmec","product_price_amount":"398991","product_price_currency":"HUF","og_availability":"backorder","product_availability":"available for order","product_retailer_item_id":"CCFN85.E0P2#ZZZT460F","product_condition":"new"},"jetpack_publicize_connections":[],"jetpack_likes_enabled":true,"jetpack_sharing_enabled":true,"jetpack-related-posts":[],"_links":{"self":[{"href":"https:\/\/premiumkeszulek.hu\/hu\/wp-json\/wp\/v2\/product\/5324","targetHints":{"allow":["GET"]}}],"collection":[{"href":"https:\/\/premiumkeszulek.hu\/hu\/wp-json\/wp\/v2\/product"}],"about":[{"href":"https:\/\/premiumkeszulek.hu\/hu\/wp-json\/wp\/v2\/types\/product"}],"replies":[{"embeddable":true,"href":"https:\/\/premiumkeszulek.hu\/hu\/wp-json\/wp\/v2\/comments?post=5324"}],"wp:featuredmedia":[{"embeddable":true,"href":"https:\/\/premiumkeszulek.hu\/hu\/wp-json\/wp\/v2\/media\/5323"}],"wp:attachment":[{"href":"https:\/\/premiumkeszulek.hu\/hu\/wp-json\/wp\/v2\/media?parent=5324"}],"wp:term":[{"taxonomy":"product_brand","embeddable":true,"href":"https:\/\/premiumkeszulek.hu\/hu\/wp-json\/wp\/v2\/product_brand?post=5324"},{"taxonomy":"product_cat","embeddable":true,"href":"https:\/\/premiumkeszulek.hu\/hu\/wp-json\/wp\/v2\/product_cat?post=5324"},{"taxonomy":"product_tag","embeddable":true,"href":"https:\/\/premiumkeszulek.hu\/hu\/wp-json\/wp\/v2\/product_tag?post=5324"},{"taxonomy":"woo-feed-brand","embeddable":true,"href":"https:\/\/premiumkeszulek.hu\/hu\/wp-json\/wp\/v2\/woo-feed-brand?post=5324"}],"curies":[{"name":"wp","href":"https:\/\/api.w.org\/{rel}","templated":true}]}}