{"id":5218,"date":"2025-02-12T17:18:04","date_gmt":"2025-02-12T16:18:04","guid":{"rendered":"https:\/\/premiumkeszulek.hu\/product\/falmec-nuvola-90-led-mennyezeti-paraelszivo-feher-motor-nelkul\/"},"modified":"2026-04-17T19:35:26","modified_gmt":"2026-04-17T17:35:26","slug":"falmec-nuvola-90-led-mennyezeti-paraelszivo-feher-motor-nelkul","status":"publish","type":"product","link":"https:\/\/premiumkeszulek.hu\/hu\/termek\/falmec-nuvola-90-led-mennyezeti-paraelszivo-feher-motor-nelkul\/","title":{"rendered":"Falmec nuvola 90 LED mennyezeti p\u00e1raelsz\u00edv\u00f3 feh\u00e9r motor n\u00e9lk\u00fcl"},"content":{"rendered":"<p>\n\tDIALOGUE SYSTEM<\/p>\n<p>A Falmec \u00faj Dialogue System rendszer\u00e9n kereszt\u00fcl az elsz\u00edv\u00f3 k\u00fcl\u00f6nf\u00e9le funkci\u00f3i k\u00f6zvetlen\u00fcl a Falmec indukci\u00f3s f\u0151z\u0151lapr\u00f3l vez\u00e9relhet\u0151k. A f\u0151z\u0151lap \u00e9s a p\u00e1raelsz\u00edv\u00f3 k\u00f6z\u00f6tti p\u00e1rbesz\u00e9d r\u00e1di\u00f3frekvenci\u00e1kon kereszt\u00fcl t\u00f6rt\u00e9nik, \u00e9s nincs sz\u00fcks\u00e9g tov\u00e1bbi vev\u0151k\u00e9sz\u00fcl\u00e9kek felszerel\u00e9s\u00e9re a p\u00e1raelsz\u00edv\u00f3ba. A rendszer kompatibilis az \u00f6sszes t\u00e1vir\u00e1ny\u00edt\u00f3val vez\u00e9relhet\u0151 Falmec p\u00e1raelsz\u00edv\u00f3val: Aura, Butterfly, Cielo, Diamante, DownDraft, Eclisse, Gruppo Incasso, Gruppo Incasso A+, Gruppo Incasso Murano, Gruppo Incasso Pro NRS, Nuvola, Piano, Stella.<\/p>\n<p>\tDYNAMIC LED LIGHT VIL\u00c1G\u00cdT\u00c1S<\/p>\n<p>Szab\u00e1lyozhat\u00f3 sz\u00ednh\u0151m\u00e9rs\u00e9klet a Falmec elsz\u00edv\u00f3kn\u00e1l 2700K \u00e9s 5600K k\u00f6z\u00f6tt.<\/p>\n","protected":false},"excerpt":{"rendered":"<p><iframe src=\" https:\/\/www.mbhbank.hu\/sfcalculation\/?ar=[PRICE]&#038;partner=DX030&#038;konstrukcio=DLSK14\" width=\"100%\" height=\"500\" frameborder=\"0\" scrolling=\"yes\" align=\"left\"><\/iframe><\/p>\n","protected":false},"featured_media":5217,"comment_status":"closed","ping_status":"closed","template":"","meta":{"_crdt_document":"","content-type":"","jetpack_post_was_ever_published":false,"jetpack_publicize_message":"","jetpack_publicize_feature_enabled":true,"jetpack_social_post_already_shared":true,"jetpack_social_options":{"image_generator_settings":{"template":"highway","default_image_id":0,"font":"","enabled":false},"version":2},"_wpas_customize_per_network":false},"product_brand":[1638],"product_cat":[1525],"product_tag":[],"woo-feed-brand":[],"class_list":{"0":"post-5218","1":"product","2":"type-product","3":"status-publish","4":"has-post-thumbnail","6":"product_brand-falmec","7":"product_cat-paraelszivok","8":"product_shipping_class-100000felett","10":"first","11":"onbackorder","12":"sale","13":"taxable","14":"shipping-taxable","15":"purchasable","16":"product-type-simple"},"yoast_head":"<!-- This site is optimized with the Yoast SEO Premium plugin v26.9 (Yoast SEO v27.4) - https:\/\/yoast.com\/product\/yoast-seo-premium-wordpress\/ -->\n<title>Falmec nuvola 90 LED mennyezeti p\u00e1raelsz\u00edv\u00f3 feh\u00e9r motor n\u00e9lk\u00fcl - Pr\u00e9miumK\u00e9sz\u00fcl\u00e9k<\/title>\n<meta name=\"description\" content=\"Fedezze fel a Falmec nuvola 90 LED mennyezeti p\u00e1raelsz\u00edv\u00f3t, mely az indukci\u00f3s f\u0151z\u0151lapr\u00f3l vez\u00e9relhet\u0151! \u00c9lvezze a st\u00edlus \u00e9s a funkci\u00f3 \u00f6sszehangol\u00e1s\u00e1t.\" \/>\n<meta name=\"robots\" content=\"index, follow, max-snippet:-1, max-image-preview:large, max-video-preview:-1\" \/>\n<link rel=\"canonical\" href=\"https:\/\/premiumkeszulek.hu\/hu\/termek\/falmec-nuvola-90-led-mennyezeti-paraelszivo-feher-motor-nelkul\/\" \/>\n<meta property=\"og:locale\" content=\"hu_HU\" \/>\n<meta property=\"og:type\" content=\"article\" \/>\n<meta property=\"og:title\" content=\"Falmec nuvola 90 LED mennyezeti p\u00e1raelsz\u00edv\u00f3 feh\u00e9r motor n\u00e9lk\u00fcl\" \/>\n<meta property=\"og:description\" content=\"Fedezze fel a Falmec nuvola 90 LED mennyezeti p\u00e1raelsz\u00edv\u00f3t, mely az indukci\u00f3s f\u0151z\u0151lapr\u00f3l vez\u00e9relhet\u0151! \u00c9lvezze a st\u00edlus \u00e9s a funkci\u00f3 \u00f6sszehangol\u00e1s\u00e1t.\" \/>\n<meta property=\"og:url\" content=\"https:\/\/premiumkeszulek.hu\/hu\/termek\/falmec-nuvola-90-led-mennyezeti-paraelszivo-feher-motor-nelkul\/\" \/>\n<meta property=\"og:site_name\" content=\"Pr\u00e9miumK\u00e9sz\u00fcl\u00e9k\" \/>\n<meta property=\"article:publisher\" content=\"https:\/\/www.facebook.com\/konyhaluxnet\" \/>\n<meta property=\"article:modified_time\" content=\"2026-04-17T17:35:26+00:00\" \/>\n<meta property=\"og:image\" content=\"https:\/\/i0.wp.com\/premiumkeszulek.hu\/wp-content\/uploads\/2025\/02\/falmec_nuvola_90led_1.jpg?fit=800%2C800&ssl=1\" \/>\n\t<meta property=\"og:image:width\" content=\"800\" \/>\n\t<meta property=\"og:image:height\" content=\"800\" \/>\n\t<meta property=\"og:image:type\" content=\"image\/jpeg\" \/>\n<meta name=\"twitter:card\" content=\"summary_large_image\" \/>\n<meta name=\"twitter:label1\" content=\"\u00c1r\" \/>\n\t<meta name=\"twitter:data1\" content=\"397.005&#070;&#116;\" \/>\n\t<meta name=\"twitter:label2\" content=\"El\u00e9rhet\u0151s\u00e9g\" \/>\n\t<meta name=\"twitter:data2\" content=\"Beszerz\u00e9s alatt\" \/>\n<script type=\"application\/ld+json\" class=\"yoast-schema-graph\">{\"@context\":\"https:\\\/\\\/schema.org\",\"@graph\":[{\"@type\":\"WebPage\",\"@id\":\"https:\\\/\\\/premiumkeszulek.hu\\\/product\\\/falmec-nuvola-90-led-mennyezeti-paraelszivo-feher-motor-nelkul\\\/\",\"url\":\"https:\\\/\\\/premiumkeszulek.hu\\\/product\\\/falmec-nuvola-90-led-mennyezeti-paraelszivo-feher-motor-nelkul\\\/\",\"name\":\"Falmec nuvola 90 LED mennyezeti p\u00e1raelsz\u00edv\u00f3 feh\u00e9r motor n\u00e9lk\u00fcl - Pr\u00e9miumK\u00e9sz\u00fcl\u00e9k\",\"isPartOf\":{\"@id\":\"https:\\\/\\\/premiumkeszulek.hu\\\/hu\\\/#website\"},\"primaryImageOfPage\":{\"@id\":\"https:\\\/\\\/premiumkeszulek.hu\\\/product\\\/falmec-nuvola-90-led-mennyezeti-paraelszivo-feher-motor-nelkul\\\/#primaryimage\"},\"image\":{\"@id\":\"https:\\\/\\\/premiumkeszulek.hu\\\/product\\\/falmec-nuvola-90-led-mennyezeti-paraelszivo-feher-motor-nelkul\\\/#primaryimage\"},\"thumbnailUrl\":\"https:\\\/\\\/i0.wp.com\\\/premiumkeszulek.hu\\\/wp-content\\\/uploads\\\/2025\\\/02\\\/falmec_nuvola_90led_1.jpg?fit=800%2C800&ssl=1\",\"datePublished\":\"2025-02-12T16:18:04+00:00\",\"dateModified\":\"2026-04-17T17:35:26+00:00\",\"description\":\"Fedezze fel a Falmec nuvola 90 LED mennyezeti p\u00e1raelsz\u00edv\u00f3t, mely az indukci\u00f3s f\u0151z\u0151lapr\u00f3l vez\u00e9relhet\u0151! \u00c9lvezze a st\u00edlus \u00e9s a funkci\u00f3 \u00f6sszehangol\u00e1s\u00e1t.\",\"breadcrumb\":{\"@id\":\"https:\\\/\\\/premiumkeszulek.hu\\\/product\\\/falmec-nuvola-90-led-mennyezeti-paraelszivo-feher-motor-nelkul\\\/#breadcrumb\"},\"inLanguage\":\"hu\",\"potentialAction\":[{\"@type\":\"ReadAction\",\"target\":[\"https:\\\/\\\/premiumkeszulek.hu\\\/product\\\/falmec-nuvola-90-led-mennyezeti-paraelszivo-feher-motor-nelkul\\\/\"]}]},{\"@type\":\"ImageObject\",\"inLanguage\":\"hu\",\"@id\":\"https:\\\/\\\/premiumkeszulek.hu\\\/product\\\/falmec-nuvola-90-led-mennyezeti-paraelszivo-feher-motor-nelkul\\\/#primaryimage\",\"url\":\"https:\\\/\\\/i0.wp.com\\\/premiumkeszulek.hu\\\/wp-content\\\/uploads\\\/2025\\\/02\\\/falmec_nuvola_90led_1.jpg?fit=800%2C800&ssl=1\",\"contentUrl\":\"https:\\\/\\\/i0.wp.com\\\/premiumkeszulek.hu\\\/wp-content\\\/uploads\\\/2025\\\/02\\\/falmec_nuvola_90led_1.jpg?fit=800%2C800&ssl=1\",\"width\":800,\"height\":800},{\"@type\":\"BreadcrumbList\",\"@id\":\"https:\\\/\\\/premiumkeszulek.hu\\\/product\\\/falmec-nuvola-90-led-mennyezeti-paraelszivo-feher-motor-nelkul\\\/#breadcrumb\",\"itemListElement\":[{\"@type\":\"ListItem\",\"position\":1,\"name\":\"Home\",\"item\":\"https:\\\/\\\/premiumkeszulek.hu\\\/hu\\\/\"},{\"@type\":\"ListItem\",\"position\":2,\"name\":\"Shop\",\"item\":\"https:\\\/\\\/premiumkeszulek.hu\\\/hu\\\/shop\\\/\"},{\"@type\":\"ListItem\",\"position\":3,\"name\":\"Falmec nuvola 90 LED mennyezeti p\u00e1raelsz\u00edv\u00f3 feh\u00e9r motor n\u00e9lk\u00fcl\"}]},{\"@type\":\"WebSite\",\"@id\":\"https:\\\/\\\/premiumkeszulek.hu\\\/hu\\\/#website\",\"url\":\"https:\\\/\\\/premiumkeszulek.hu\\\/hu\\\/\",\"name\":\"Pr\u00e9miumK\u00e9sz\u00fcl\u00e9k\",\"description\":\"\",\"publisher\":{\"@id\":\"https:\\\/\\\/premiumkeszulek.hu\\\/hu\\\/#organization\"},\"potentialAction\":[{\"@type\":\"SearchAction\",\"target\":{\"@type\":\"EntryPoint\",\"urlTemplate\":\"https:\\\/\\\/premiumkeszulek.hu\\\/hu\\\/?s={search_term_string}\"},\"query-input\":{\"@type\":\"PropertyValueSpecification\",\"valueRequired\":true,\"valueName\":\"search_term_string\"}}],\"inLanguage\":\"hu\"},{\"@type\":\"Organization\",\"@id\":\"https:\\\/\\\/premiumkeszulek.hu\\\/hu\\\/#organization\",\"name\":\"Pr\u00e9miumK\u00e9sz\u00fcl\u00e9k\",\"alternateName\":\"HPH Special Kft\",\"url\":\"https:\\\/\\\/premiumkeszulek.hu\\\/hu\\\/\",\"logo\":{\"@type\":\"ImageObject\",\"inLanguage\":\"hu\",\"@id\":\"https:\\\/\\\/premiumkeszulek.hu\\\/hu\\\/#\\\/schema\\\/logo\\\/image\\\/\",\"url\":\"http:\\\/\\\/premiumkeszulek.hu\\\/wp-content\\\/uploads\\\/2025\\\/03\\\/TURKIZLOGO-kicsi.png\",\"contentUrl\":\"http:\\\/\\\/premiumkeszulek.hu\\\/wp-content\\\/uploads\\\/2025\\\/03\\\/TURKIZLOGO-kicsi.png\",\"width\":1600,\"height\":547,\"caption\":\"Pr\u00e9miumK\u00e9sz\u00fcl\u00e9k\"},\"image\":{\"@id\":\"https:\\\/\\\/premiumkeszulek.hu\\\/hu\\\/#\\\/schema\\\/logo\\\/image\\\/\"},\"sameAs\":[\"https:\\\/\\\/www.facebook.com\\\/konyhaluxnet\",\"https:\\\/\\\/www.instagram.com\\\/konyhaluxnet\\\/#\"],\"email\":\"info@premiumkeszulek.hu\",\"telephone\":\"36 1 \\\/ 226-1992\",\"legalName\":\"HPH Special Kft\",\"vatID\":\"HU12549502\",\"taxID\":\"12549502\",\"hasMerchantReturnPolicy\":{\"@type\":\"MerchantReturnPolicy\",\"merchantReturnLink\":\"https:\\\/\\\/premiumkeszulek.hu\\\/hu\\\/altalanos-szerzodesi-es-felhasznalasi-feltetelek\\\/\"}}]}<\/script>\n<meta property=\"product:brand\" content=\"Falmec\" \/>\n<meta property=\"product:price:amount\" content=\"397005\" \/>\n<meta property=\"product:price:currency\" content=\"HUF\" \/>\n<meta property=\"og:availability\" content=\"backorder\" \/>\n<meta property=\"product:availability\" content=\"available for order\" \/>\n<meta property=\"product:retailer_item_id\" content=\"CNUI90.E1P2#ZZZB400F\" \/>\n<meta property=\"product:condition\" content=\"new\" \/>\n<!-- \/ Yoast SEO Premium plugin. -->","yoast_head_json":{"title":"Falmec nuvola 90 LED mennyezeti p\u00e1raelsz\u00edv\u00f3 feh\u00e9r motor n\u00e9lk\u00fcl - Pr\u00e9miumK\u00e9sz\u00fcl\u00e9k","description":"Fedezze fel a Falmec nuvola 90 LED mennyezeti p\u00e1raelsz\u00edv\u00f3t, mely az indukci\u00f3s f\u0151z\u0151lapr\u00f3l vez\u00e9relhet\u0151! \u00c9lvezze a st\u00edlus \u00e9s a funkci\u00f3 \u00f6sszehangol\u00e1s\u00e1t.","robots":{"index":"index","follow":"follow","max-snippet":"max-snippet:-1","max-image-preview":"max-image-preview:large","max-video-preview":"max-video-preview:-1"},"canonical":"https:\/\/premiumkeszulek.hu\/hu\/termek\/falmec-nuvola-90-led-mennyezeti-paraelszivo-feher-motor-nelkul\/","og_locale":"hu_HU","og_type":"article","og_title":"Falmec nuvola 90 LED mennyezeti p\u00e1raelsz\u00edv\u00f3 feh\u00e9r motor n\u00e9lk\u00fcl","og_description":"Fedezze fel a Falmec nuvola 90 LED mennyezeti p\u00e1raelsz\u00edv\u00f3t, mely az indukci\u00f3s f\u0151z\u0151lapr\u00f3l vez\u00e9relhet\u0151! \u00c9lvezze a st\u00edlus \u00e9s a funkci\u00f3 \u00f6sszehangol\u00e1s\u00e1t.","og_url":"https:\/\/premiumkeszulek.hu\/hu\/termek\/falmec-nuvola-90-led-mennyezeti-paraelszivo-feher-motor-nelkul\/","og_site_name":"Pr\u00e9miumK\u00e9sz\u00fcl\u00e9k","article_publisher":"https:\/\/www.facebook.com\/konyhaluxnet","article_modified_time":"2026-04-17T17:35:26+00:00","og_image":[{"width":800,"height":800,"url":"https:\/\/i0.wp.com\/premiumkeszulek.hu\/wp-content\/uploads\/2025\/02\/falmec_nuvola_90led_1.jpg?fit=800%2C800&ssl=1","type":"image\/jpeg"}],"twitter_card":"summary_large_image","twitter_misc":{"\u00c1r":"397.005&#70;&#116;","El\u00e9rhet\u0151s\u00e9g":"Beszerz\u00e9s alatt"},"schema":{"@context":"https:\/\/schema.org","@graph":[{"@type":"WebPage","@id":"https:\/\/premiumkeszulek.hu\/product\/falmec-nuvola-90-led-mennyezeti-paraelszivo-feher-motor-nelkul\/","url":"https:\/\/premiumkeszulek.hu\/product\/falmec-nuvola-90-led-mennyezeti-paraelszivo-feher-motor-nelkul\/","name":"Falmec nuvola 90 LED mennyezeti p\u00e1raelsz\u00edv\u00f3 feh\u00e9r motor n\u00e9lk\u00fcl - Pr\u00e9miumK\u00e9sz\u00fcl\u00e9k","isPartOf":{"@id":"https:\/\/premiumkeszulek.hu\/hu\/#website"},"primaryImageOfPage":{"@id":"https:\/\/premiumkeszulek.hu\/product\/falmec-nuvola-90-led-mennyezeti-paraelszivo-feher-motor-nelkul\/#primaryimage"},"image":{"@id":"https:\/\/premiumkeszulek.hu\/product\/falmec-nuvola-90-led-mennyezeti-paraelszivo-feher-motor-nelkul\/#primaryimage"},"thumbnailUrl":"https:\/\/i0.wp.com\/premiumkeszulek.hu\/wp-content\/uploads\/2025\/02\/falmec_nuvola_90led_1.jpg?fit=800%2C800&ssl=1","datePublished":"2025-02-12T16:18:04+00:00","dateModified":"2026-04-17T17:35:26+00:00","description":"Fedezze fel a Falmec nuvola 90 LED mennyezeti p\u00e1raelsz\u00edv\u00f3t, mely az indukci\u00f3s f\u0151z\u0151lapr\u00f3l vez\u00e9relhet\u0151! \u00c9lvezze a st\u00edlus \u00e9s a funkci\u00f3 \u00f6sszehangol\u00e1s\u00e1t.","breadcrumb":{"@id":"https:\/\/premiumkeszulek.hu\/product\/falmec-nuvola-90-led-mennyezeti-paraelszivo-feher-motor-nelkul\/#breadcrumb"},"inLanguage":"hu","potentialAction":[{"@type":"ReadAction","target":["https:\/\/premiumkeszulek.hu\/product\/falmec-nuvola-90-led-mennyezeti-paraelszivo-feher-motor-nelkul\/"]}]},{"@type":"ImageObject","inLanguage":"hu","@id":"https:\/\/premiumkeszulek.hu\/product\/falmec-nuvola-90-led-mennyezeti-paraelszivo-feher-motor-nelkul\/#primaryimage","url":"https:\/\/i0.wp.com\/premiumkeszulek.hu\/wp-content\/uploads\/2025\/02\/falmec_nuvola_90led_1.jpg?fit=800%2C800&ssl=1","contentUrl":"https:\/\/i0.wp.com\/premiumkeszulek.hu\/wp-content\/uploads\/2025\/02\/falmec_nuvola_90led_1.jpg?fit=800%2C800&ssl=1","width":800,"height":800},{"@type":"BreadcrumbList","@id":"https:\/\/premiumkeszulek.hu\/product\/falmec-nuvola-90-led-mennyezeti-paraelszivo-feher-motor-nelkul\/#breadcrumb","itemListElement":[{"@type":"ListItem","position":1,"name":"Home","item":"https:\/\/premiumkeszulek.hu\/hu\/"},{"@type":"ListItem","position":2,"name":"Shop","item":"https:\/\/premiumkeszulek.hu\/hu\/shop\/"},{"@type":"ListItem","position":3,"name":"Falmec nuvola 90 LED mennyezeti p\u00e1raelsz\u00edv\u00f3 feh\u00e9r motor n\u00e9lk\u00fcl"}]},{"@type":"WebSite","@id":"https:\/\/premiumkeszulek.hu\/hu\/#website","url":"https:\/\/premiumkeszulek.hu\/hu\/","name":"Pr\u00e9miumK\u00e9sz\u00fcl\u00e9k","description":"","publisher":{"@id":"https:\/\/premiumkeszulek.hu\/hu\/#organization"},"potentialAction":[{"@type":"SearchAction","target":{"@type":"EntryPoint","urlTemplate":"https:\/\/premiumkeszulek.hu\/hu\/?s={search_term_string}"},"query-input":{"@type":"PropertyValueSpecification","valueRequired":true,"valueName":"search_term_string"}}],"inLanguage":"hu"},{"@type":"Organization","@id":"https:\/\/premiumkeszulek.hu\/hu\/#organization","name":"Pr\u00e9miumK\u00e9sz\u00fcl\u00e9k","alternateName":"HPH Special Kft","url":"https:\/\/premiumkeszulek.hu\/hu\/","logo":{"@type":"ImageObject","inLanguage":"hu","@id":"https:\/\/premiumkeszulek.hu\/hu\/#\/schema\/logo\/image\/","url":"http:\/\/premiumkeszulek.hu\/wp-content\/uploads\/2025\/03\/TURKIZLOGO-kicsi.png","contentUrl":"http:\/\/premiumkeszulek.hu\/wp-content\/uploads\/2025\/03\/TURKIZLOGO-kicsi.png","width":1600,"height":547,"caption":"Pr\u00e9miumK\u00e9sz\u00fcl\u00e9k"},"image":{"@id":"https:\/\/premiumkeszulek.hu\/hu\/#\/schema\/logo\/image\/"},"sameAs":["https:\/\/www.facebook.com\/konyhaluxnet","https:\/\/www.instagram.com\/konyhaluxnet\/#"],"email":"info@premiumkeszulek.hu","telephone":"36 1 \/ 226-1992","legalName":"HPH Special Kft","vatID":"HU12549502","taxID":"12549502","hasMerchantReturnPolicy":{"@type":"MerchantReturnPolicy","merchantReturnLink":"https:\/\/premiumkeszulek.hu\/hu\/altalanos-szerzodesi-es-felhasznalasi-feltetelek\/"}}]},"product_brand":"Falmec","product_price_amount":"397005","product_price_currency":"HUF","og_availability":"backorder","product_availability":"available for order","product_retailer_item_id":"CNUI90.E1P2#ZZZB400F","product_condition":"new"},"jetpack_publicize_connections":[],"jetpack_likes_enabled":true,"jetpack_sharing_enabled":true,"jetpack-related-posts":[],"_links":{"self":[{"href":"https:\/\/premiumkeszulek.hu\/hu\/wp-json\/wp\/v2\/product\/5218","targetHints":{"allow":["GET"]}}],"collection":[{"href":"https:\/\/premiumkeszulek.hu\/hu\/wp-json\/wp\/v2\/product"}],"about":[{"href":"https:\/\/premiumkeszulek.hu\/hu\/wp-json\/wp\/v2\/types\/product"}],"replies":[{"embeddable":true,"href":"https:\/\/premiumkeszulek.hu\/hu\/wp-json\/wp\/v2\/comments?post=5218"}],"wp:featuredmedia":[{"embeddable":true,"href":"https:\/\/premiumkeszulek.hu\/hu\/wp-json\/wp\/v2\/media\/5217"}],"wp:attachment":[{"href":"https:\/\/premiumkeszulek.hu\/hu\/wp-json\/wp\/v2\/media?parent=5218"}],"wp:term":[{"taxonomy":"product_brand","embeddable":true,"href":"https:\/\/premiumkeszulek.hu\/hu\/wp-json\/wp\/v2\/product_brand?post=5218"},{"taxonomy":"product_cat","embeddable":true,"href":"https:\/\/premiumkeszulek.hu\/hu\/wp-json\/wp\/v2\/product_cat?post=5218"},{"taxonomy":"product_tag","embeddable":true,"href":"https:\/\/premiumkeszulek.hu\/hu\/wp-json\/wp\/v2\/product_tag?post=5218"},{"taxonomy":"woo-feed-brand","embeddable":true,"href":"https:\/\/premiumkeszulek.hu\/hu\/wp-json\/wp\/v2\/woo-feed-brand?post=5218"}],"curies":[{"name":"wp","href":"https:\/\/api.w.org\/{rel}","templated":true}]}}