{"id":5163,"date":"2025-02-12T17:17:16","date_gmt":"2025-02-12T16:17:16","guid":{"rendered":"https:\/\/premiumkeszulek.hu\/product\/falmec-mare-e-ion-black-fali-paraelszivo-66cm\/"},"modified":"2026-04-17T19:35:25","modified_gmt":"2026-04-17T17:35:25","slug":"falmec-mare-e-ion-black-fali-paraelszivo-66cm","status":"publish","type":"product","link":"https:\/\/premiumkeszulek.hu\/hu\/termek\/falmec-mare-e-ion-black-fali-paraelszivo-66cm\/","title":{"rendered":"Falmec Mare E.ion Black fali p\u00e1raelsz\u00edv\u00f3 66cm"},"content":{"rendered":"<p> K\u00f6sz\u00f6nhet\u0151en az E.ion rendszer \u00e1ltal gener\u00e1lt ionok jelenl\u00e9t\u00e9nek a tiszt\u00edtott \u00e9s kezelt leveg\u0151 egy eg\u00e9szs\u00e9gesebb k\u00f6rnyezetet biztos\u00edt.\u00a0<br \/>\nAz ionok \u00e1ltal keltett reakci\u00f3 semleges\u00edti a leveg\u0151ben tal\u00e1lhat\u00f3 szennyez\u0151d\u00e9seket, mint a bakt\u00e9riumok, v\u00edrusok, poratk\u00e1k, pollenek, sp\u00f3r\u00e1k, f\u00fcstg\u00e1zok, doh\u00e1nyf\u00fcst, kellemetlen szagok, ez\u00e1ltal gy\u00f3gy\u00edt\u00f3 hat\u00e1ssal van a leveg\u0151re. Technikailag, a leveg\u0151ben l\u00e9v\u0151 ionok a szennyez\u0151 r\u00e9szecsk\u00e9ket vonzz\u00e1k \u00e9s \u00e1tadj\u00e1k az elektromos t\u00f6lt\u00e9st. Ez\u00e1ltal a r\u00e9szecsk\u00e9k igyekeznek el\u00e9rni a f\u00f6ld elektromos t\u00f6lt\u00e9s\u00e9t, an\u00e9lk\u00fcl, hogy b\u00e1rmilyen k\u00e1rosod\u00e1st okozn\u00e1nak. Az ionok term\u00e9szetesen gener\u00e1l\u00f3dnak a molekul\u00e1k sz\u00e9tv\u00e1laszt\u00f3d\u00e1s\u00e1val, melyet a napf\u00e9ny, elektromos kis\u00fcl\u00e9sek (vill\u00e1ml\u00e1s) fot\u00f3elektromos hat\u00e1s, sug\u00e1rz\u00e1s, l\u00e9gmozg\u00e1s (sz\u00e9l) \u00e9s v\u00edzmozg\u00e1s (hull\u00e1mz\u00e1s, v\u00edzes\u00e9sek, \u00e1rap\u00e1ly jelens\u00e9g) okoznak. Most mindezt elhozzuk az \u00d6n otthon\u00e1ba is a Falmec \u00daJ E.ion technol\u00f3gi\u00e1j\u00e1val.<\/p>\n","protected":false},"excerpt":{"rendered":"<p><iframe src=\" https:\/\/www.mbhbank.hu\/sfcalculation\/?ar=[PRICE]&#038;partner=DX030&#038;konstrukcio=DLSK14\" width=\"100%\" height=\"500\" frameborder=\"0\" scrolling=\"yes\" align=\"left\"><\/iframe><\/p>\n","protected":false},"featured_media":5162,"comment_status":"closed","ping_status":"closed","template":"","meta":{"_crdt_document":"","content-type":"","jetpack_post_was_ever_published":false,"jetpack_publicize_message":"","jetpack_publicize_feature_enabled":true,"jetpack_social_post_already_shared":true,"jetpack_social_options":{"image_generator_settings":{"template":"highway","default_image_id":0,"font":"","enabled":false},"version":2},"_wpas_customize_per_network":false},"product_brand":[1638],"product_cat":[1525],"product_tag":[],"woo-feed-brand":[],"class_list":{"0":"post-5163","1":"product","2":"type-product","3":"status-publish","4":"has-post-thumbnail","6":"product_brand-falmec","7":"product_cat-paraelszivok","8":"product_shipping_class-100000felett","10":"first","11":"onbackorder","12":"sale","13":"taxable","14":"shipping-taxable","15":"purchasable","16":"product-type-simple"},"yoast_head":"<!-- This site is optimized with the Yoast SEO Premium plugin v26.9 (Yoast SEO v27.4) - https:\/\/yoast.com\/product\/yoast-seo-premium-wordpress\/ -->\n<title>Falmec Mare E.ion Black fali p\u00e1raelsz\u00edv\u00f3 66cm - Pr\u00e9miumK\u00e9sz\u00fcl\u00e9k<\/title>\n<meta name=\"description\" content=\"A Falmec Mare E.ion Black fali p\u00e1raelsz\u00edv\u00f3val eg\u00e9szs\u00e9gesebb lesz otthona! \u00c9lvezze a leveg\u0151tiszt\u00edt\u00e1st \u00e9s a modern diz\u00e1jnt.\" \/>\n<meta name=\"robots\" content=\"index, follow, max-snippet:-1, max-image-preview:large, max-video-preview:-1\" \/>\n<link rel=\"canonical\" href=\"https:\/\/premiumkeszulek.hu\/hu\/termek\/falmec-mare-e-ion-black-fali-paraelszivo-66cm\/\" \/>\n<meta property=\"og:locale\" content=\"hu_HU\" \/>\n<meta property=\"og:type\" content=\"article\" \/>\n<meta property=\"og:title\" content=\"Falmec Mare E.ion Black fali p\u00e1raelsz\u00edv\u00f3 66cm\" \/>\n<meta property=\"og:description\" content=\"A Falmec Mare E.ion Black fali p\u00e1raelsz\u00edv\u00f3val eg\u00e9szs\u00e9gesebb lesz otthona! \u00c9lvezze a leveg\u0151tiszt\u00edt\u00e1st \u00e9s a modern diz\u00e1jnt.\" \/>\n<meta property=\"og:url\" content=\"https:\/\/premiumkeszulek.hu\/hu\/termek\/falmec-mare-e-ion-black-fali-paraelszivo-66cm\/\" \/>\n<meta property=\"og:site_name\" content=\"Pr\u00e9miumK\u00e9sz\u00fcl\u00e9k\" \/>\n<meta property=\"article:publisher\" content=\"https:\/\/www.facebook.com\/konyhaluxnet\" \/>\n<meta property=\"article:modified_time\" content=\"2026-04-17T17:35:25+00:00\" \/>\n<meta property=\"og:image\" content=\"https:\/\/i0.wp.com\/premiumkeszulek.hu\/wp-content\/uploads\/2025\/02\/Falmec_Mare_E_ion_Black_fali.jpg?fit=800%2C800&ssl=1\" \/>\n\t<meta property=\"og:image:width\" content=\"800\" \/>\n\t<meta property=\"og:image:height\" content=\"800\" \/>\n\t<meta property=\"og:image:type\" content=\"image\/jpeg\" \/>\n<meta name=\"twitter:card\" content=\"summary_large_image\" \/>\n<meta name=\"twitter:label1\" content=\"\u00c1r\" \/>\n\t<meta name=\"twitter:data1\" content=\"854.991&#070;&#116;\" \/>\n\t<meta name=\"twitter:label2\" content=\"El\u00e9rhet\u0151s\u00e9g\" \/>\n\t<meta name=\"twitter:data2\" content=\"Beszerz\u00e9s alatt\" \/>\n<script type=\"application\/ld+json\" class=\"yoast-schema-graph\">{\"@context\":\"https:\\\/\\\/schema.org\",\"@graph\":[{\"@type\":\"WebPage\",\"@id\":\"https:\\\/\\\/premiumkeszulek.hu\\\/product\\\/falmec-mare-e-ion-black-fali-paraelszivo-66cm\\\/\",\"url\":\"https:\\\/\\\/premiumkeszulek.hu\\\/product\\\/falmec-mare-e-ion-black-fali-paraelszivo-66cm\\\/\",\"name\":\"Falmec Mare E.ion Black fali p\u00e1raelsz\u00edv\u00f3 66cm - Pr\u00e9miumK\u00e9sz\u00fcl\u00e9k\",\"isPartOf\":{\"@id\":\"https:\\\/\\\/premiumkeszulek.hu\\\/hu\\\/#website\"},\"primaryImageOfPage\":{\"@id\":\"https:\\\/\\\/premiumkeszulek.hu\\\/product\\\/falmec-mare-e-ion-black-fali-paraelszivo-66cm\\\/#primaryimage\"},\"image\":{\"@id\":\"https:\\\/\\\/premiumkeszulek.hu\\\/product\\\/falmec-mare-e-ion-black-fali-paraelszivo-66cm\\\/#primaryimage\"},\"thumbnailUrl\":\"https:\\\/\\\/i0.wp.com\\\/premiumkeszulek.hu\\\/wp-content\\\/uploads\\\/2025\\\/02\\\/Falmec_Mare_E_ion_Black_fali.jpg?fit=800%2C800&ssl=1\",\"datePublished\":\"2025-02-12T16:17:16+00:00\",\"dateModified\":\"2026-04-17T17:35:25+00:00\",\"description\":\"A Falmec Mare E.ion Black fali p\u00e1raelsz\u00edv\u00f3val eg\u00e9szs\u00e9gesebb lesz otthona! \u00c9lvezze a leveg\u0151tiszt\u00edt\u00e1st \u00e9s a modern diz\u00e1jnt.\",\"breadcrumb\":{\"@id\":\"https:\\\/\\\/premiumkeszulek.hu\\\/product\\\/falmec-mare-e-ion-black-fali-paraelszivo-66cm\\\/#breadcrumb\"},\"inLanguage\":\"hu\",\"potentialAction\":[{\"@type\":\"ReadAction\",\"target\":[\"https:\\\/\\\/premiumkeszulek.hu\\\/product\\\/falmec-mare-e-ion-black-fali-paraelszivo-66cm\\\/\"]}]},{\"@type\":\"ImageObject\",\"inLanguage\":\"hu\",\"@id\":\"https:\\\/\\\/premiumkeszulek.hu\\\/product\\\/falmec-mare-e-ion-black-fali-paraelszivo-66cm\\\/#primaryimage\",\"url\":\"https:\\\/\\\/i0.wp.com\\\/premiumkeszulek.hu\\\/wp-content\\\/uploads\\\/2025\\\/02\\\/Falmec_Mare_E_ion_Black_fali.jpg?fit=800%2C800&ssl=1\",\"contentUrl\":\"https:\\\/\\\/i0.wp.com\\\/premiumkeszulek.hu\\\/wp-content\\\/uploads\\\/2025\\\/02\\\/Falmec_Mare_E_ion_Black_fali.jpg?fit=800%2C800&ssl=1\",\"width\":800,\"height\":800},{\"@type\":\"BreadcrumbList\",\"@id\":\"https:\\\/\\\/premiumkeszulek.hu\\\/product\\\/falmec-mare-e-ion-black-fali-paraelszivo-66cm\\\/#breadcrumb\",\"itemListElement\":[{\"@type\":\"ListItem\",\"position\":1,\"name\":\"Home\",\"item\":\"https:\\\/\\\/premiumkeszulek.hu\\\/hu\\\/\"},{\"@type\":\"ListItem\",\"position\":2,\"name\":\"Shop\",\"item\":\"https:\\\/\\\/premiumkeszulek.hu\\\/hu\\\/shop\\\/\"},{\"@type\":\"ListItem\",\"position\":3,\"name\":\"Falmec Mare E.ion Black fali p\u00e1raelsz\u00edv\u00f3 66cm\"}]},{\"@type\":\"WebSite\",\"@id\":\"https:\\\/\\\/premiumkeszulek.hu\\\/hu\\\/#website\",\"url\":\"https:\\\/\\\/premiumkeszulek.hu\\\/hu\\\/\",\"name\":\"Pr\u00e9miumK\u00e9sz\u00fcl\u00e9k\",\"description\":\"\",\"publisher\":{\"@id\":\"https:\\\/\\\/premiumkeszulek.hu\\\/hu\\\/#organization\"},\"potentialAction\":[{\"@type\":\"SearchAction\",\"target\":{\"@type\":\"EntryPoint\",\"urlTemplate\":\"https:\\\/\\\/premiumkeszulek.hu\\\/hu\\\/?s={search_term_string}\"},\"query-input\":{\"@type\":\"PropertyValueSpecification\",\"valueRequired\":true,\"valueName\":\"search_term_string\"}}],\"inLanguage\":\"hu\"},{\"@type\":\"Organization\",\"@id\":\"https:\\\/\\\/premiumkeszulek.hu\\\/hu\\\/#organization\",\"name\":\"Pr\u00e9miumK\u00e9sz\u00fcl\u00e9k\",\"alternateName\":\"HPH Special Kft\",\"url\":\"https:\\\/\\\/premiumkeszulek.hu\\\/hu\\\/\",\"logo\":{\"@type\":\"ImageObject\",\"inLanguage\":\"hu\",\"@id\":\"https:\\\/\\\/premiumkeszulek.hu\\\/hu\\\/#\\\/schema\\\/logo\\\/image\\\/\",\"url\":\"http:\\\/\\\/premiumkeszulek.hu\\\/wp-content\\\/uploads\\\/2025\\\/03\\\/TURKIZLOGO-kicsi.png\",\"contentUrl\":\"http:\\\/\\\/premiumkeszulek.hu\\\/wp-content\\\/uploads\\\/2025\\\/03\\\/TURKIZLOGO-kicsi.png\",\"width\":1600,\"height\":547,\"caption\":\"Pr\u00e9miumK\u00e9sz\u00fcl\u00e9k\"},\"image\":{\"@id\":\"https:\\\/\\\/premiumkeszulek.hu\\\/hu\\\/#\\\/schema\\\/logo\\\/image\\\/\"},\"sameAs\":[\"https:\\\/\\\/www.facebook.com\\\/konyhaluxnet\",\"https:\\\/\\\/www.instagram.com\\\/konyhaluxnet\\\/#\"],\"email\":\"info@premiumkeszulek.hu\",\"telephone\":\"36 1 \\\/ 226-1992\",\"legalName\":\"HPH Special Kft\",\"vatID\":\"HU12549502\",\"taxID\":\"12549502\",\"hasMerchantReturnPolicy\":{\"@type\":\"MerchantReturnPolicy\",\"merchantReturnLink\":\"https:\\\/\\\/premiumkeszulek.hu\\\/hu\\\/altalanos-szerzodesi-es-felhasznalasi-feltetelek\\\/\"}}]}<\/script>\n<meta property=\"product:brand\" content=\"Falmec\" \/>\n<meta property=\"product:price:amount\" content=\"854991\" \/>\n<meta property=\"product:price:currency\" content=\"HUF\" \/>\n<meta property=\"og:availability\" content=\"backorder\" \/>\n<meta property=\"product:availability\" content=\"available for order\" \/>\n<meta property=\"product:retailer_item_id\" content=\"CENN66.E0P6#ZZZN441F\" \/>\n<meta property=\"product:condition\" content=\"new\" \/>\n<!-- \/ Yoast SEO Premium plugin. -->","yoast_head_json":{"title":"Falmec Mare E.ion Black fali p\u00e1raelsz\u00edv\u00f3 66cm - Pr\u00e9miumK\u00e9sz\u00fcl\u00e9k","description":"A Falmec Mare E.ion Black fali p\u00e1raelsz\u00edv\u00f3val eg\u00e9szs\u00e9gesebb lesz otthona! \u00c9lvezze a leveg\u0151tiszt\u00edt\u00e1st \u00e9s a modern diz\u00e1jnt.","robots":{"index":"index","follow":"follow","max-snippet":"max-snippet:-1","max-image-preview":"max-image-preview:large","max-video-preview":"max-video-preview:-1"},"canonical":"https:\/\/premiumkeszulek.hu\/hu\/termek\/falmec-mare-e-ion-black-fali-paraelszivo-66cm\/","og_locale":"hu_HU","og_type":"article","og_title":"Falmec Mare E.ion Black fali p\u00e1raelsz\u00edv\u00f3 66cm","og_description":"A Falmec Mare E.ion Black fali p\u00e1raelsz\u00edv\u00f3val eg\u00e9szs\u00e9gesebb lesz otthona! \u00c9lvezze a leveg\u0151tiszt\u00edt\u00e1st \u00e9s a modern diz\u00e1jnt.","og_url":"https:\/\/premiumkeszulek.hu\/hu\/termek\/falmec-mare-e-ion-black-fali-paraelszivo-66cm\/","og_site_name":"Pr\u00e9miumK\u00e9sz\u00fcl\u00e9k","article_publisher":"https:\/\/www.facebook.com\/konyhaluxnet","article_modified_time":"2026-04-17T17:35:25+00:00","og_image":[{"width":800,"height":800,"url":"https:\/\/i0.wp.com\/premiumkeszulek.hu\/wp-content\/uploads\/2025\/02\/Falmec_Mare_E_ion_Black_fali.jpg?fit=800%2C800&ssl=1","type":"image\/jpeg"}],"twitter_card":"summary_large_image","twitter_misc":{"\u00c1r":"854.991&#70;&#116;","El\u00e9rhet\u0151s\u00e9g":"Beszerz\u00e9s alatt"},"schema":{"@context":"https:\/\/schema.org","@graph":[{"@type":"WebPage","@id":"https:\/\/premiumkeszulek.hu\/product\/falmec-mare-e-ion-black-fali-paraelszivo-66cm\/","url":"https:\/\/premiumkeszulek.hu\/product\/falmec-mare-e-ion-black-fali-paraelszivo-66cm\/","name":"Falmec Mare E.ion Black fali p\u00e1raelsz\u00edv\u00f3 66cm - Pr\u00e9miumK\u00e9sz\u00fcl\u00e9k","isPartOf":{"@id":"https:\/\/premiumkeszulek.hu\/hu\/#website"},"primaryImageOfPage":{"@id":"https:\/\/premiumkeszulek.hu\/product\/falmec-mare-e-ion-black-fali-paraelszivo-66cm\/#primaryimage"},"image":{"@id":"https:\/\/premiumkeszulek.hu\/product\/falmec-mare-e-ion-black-fali-paraelszivo-66cm\/#primaryimage"},"thumbnailUrl":"https:\/\/i0.wp.com\/premiumkeszulek.hu\/wp-content\/uploads\/2025\/02\/Falmec_Mare_E_ion_Black_fali.jpg?fit=800%2C800&ssl=1","datePublished":"2025-02-12T16:17:16+00:00","dateModified":"2026-04-17T17:35:25+00:00","description":"A Falmec Mare E.ion Black fali p\u00e1raelsz\u00edv\u00f3val eg\u00e9szs\u00e9gesebb lesz otthona! \u00c9lvezze a leveg\u0151tiszt\u00edt\u00e1st \u00e9s a modern diz\u00e1jnt.","breadcrumb":{"@id":"https:\/\/premiumkeszulek.hu\/product\/falmec-mare-e-ion-black-fali-paraelszivo-66cm\/#breadcrumb"},"inLanguage":"hu","potentialAction":[{"@type":"ReadAction","target":["https:\/\/premiumkeszulek.hu\/product\/falmec-mare-e-ion-black-fali-paraelszivo-66cm\/"]}]},{"@type":"ImageObject","inLanguage":"hu","@id":"https:\/\/premiumkeszulek.hu\/product\/falmec-mare-e-ion-black-fali-paraelszivo-66cm\/#primaryimage","url":"https:\/\/i0.wp.com\/premiumkeszulek.hu\/wp-content\/uploads\/2025\/02\/Falmec_Mare_E_ion_Black_fali.jpg?fit=800%2C800&ssl=1","contentUrl":"https:\/\/i0.wp.com\/premiumkeszulek.hu\/wp-content\/uploads\/2025\/02\/Falmec_Mare_E_ion_Black_fali.jpg?fit=800%2C800&ssl=1","width":800,"height":800},{"@type":"BreadcrumbList","@id":"https:\/\/premiumkeszulek.hu\/product\/falmec-mare-e-ion-black-fali-paraelszivo-66cm\/#breadcrumb","itemListElement":[{"@type":"ListItem","position":1,"name":"Home","item":"https:\/\/premiumkeszulek.hu\/hu\/"},{"@type":"ListItem","position":2,"name":"Shop","item":"https:\/\/premiumkeszulek.hu\/hu\/shop\/"},{"@type":"ListItem","position":3,"name":"Falmec Mare E.ion Black fali p\u00e1raelsz\u00edv\u00f3 66cm"}]},{"@type":"WebSite","@id":"https:\/\/premiumkeszulek.hu\/hu\/#website","url":"https:\/\/premiumkeszulek.hu\/hu\/","name":"Pr\u00e9miumK\u00e9sz\u00fcl\u00e9k","description":"","publisher":{"@id":"https:\/\/premiumkeszulek.hu\/hu\/#organization"},"potentialAction":[{"@type":"SearchAction","target":{"@type":"EntryPoint","urlTemplate":"https:\/\/premiumkeszulek.hu\/hu\/?s={search_term_string}"},"query-input":{"@type":"PropertyValueSpecification","valueRequired":true,"valueName":"search_term_string"}}],"inLanguage":"hu"},{"@type":"Organization","@id":"https:\/\/premiumkeszulek.hu\/hu\/#organization","name":"Pr\u00e9miumK\u00e9sz\u00fcl\u00e9k","alternateName":"HPH Special Kft","url":"https:\/\/premiumkeszulek.hu\/hu\/","logo":{"@type":"ImageObject","inLanguage":"hu","@id":"https:\/\/premiumkeszulek.hu\/hu\/#\/schema\/logo\/image\/","url":"http:\/\/premiumkeszulek.hu\/wp-content\/uploads\/2025\/03\/TURKIZLOGO-kicsi.png","contentUrl":"http:\/\/premiumkeszulek.hu\/wp-content\/uploads\/2025\/03\/TURKIZLOGO-kicsi.png","width":1600,"height":547,"caption":"Pr\u00e9miumK\u00e9sz\u00fcl\u00e9k"},"image":{"@id":"https:\/\/premiumkeszulek.hu\/hu\/#\/schema\/logo\/image\/"},"sameAs":["https:\/\/www.facebook.com\/konyhaluxnet","https:\/\/www.instagram.com\/konyhaluxnet\/#"],"email":"info@premiumkeszulek.hu","telephone":"36 1 \/ 226-1992","legalName":"HPH Special Kft","vatID":"HU12549502","taxID":"12549502","hasMerchantReturnPolicy":{"@type":"MerchantReturnPolicy","merchantReturnLink":"https:\/\/premiumkeszulek.hu\/hu\/altalanos-szerzodesi-es-felhasznalasi-feltetelek\/"}}]},"product_brand":"Falmec","product_price_amount":"854991","product_price_currency":"HUF","og_availability":"backorder","product_availability":"available for order","product_retailer_item_id":"CENN66.E0P6#ZZZN441F","product_condition":"new"},"jetpack_publicize_connections":[],"jetpack_likes_enabled":true,"jetpack_sharing_enabled":true,"jetpack-related-posts":[],"_links":{"self":[{"href":"https:\/\/premiumkeszulek.hu\/hu\/wp-json\/wp\/v2\/product\/5163","targetHints":{"allow":["GET"]}}],"collection":[{"href":"https:\/\/premiumkeszulek.hu\/hu\/wp-json\/wp\/v2\/product"}],"about":[{"href":"https:\/\/premiumkeszulek.hu\/hu\/wp-json\/wp\/v2\/types\/product"}],"replies":[{"embeddable":true,"href":"https:\/\/premiumkeszulek.hu\/hu\/wp-json\/wp\/v2\/comments?post=5163"}],"wp:featuredmedia":[{"embeddable":true,"href":"https:\/\/premiumkeszulek.hu\/hu\/wp-json\/wp\/v2\/media\/5162"}],"wp:attachment":[{"href":"https:\/\/premiumkeszulek.hu\/hu\/wp-json\/wp\/v2\/media?parent=5163"}],"wp:term":[{"taxonomy":"product_brand","embeddable":true,"href":"https:\/\/premiumkeszulek.hu\/hu\/wp-json\/wp\/v2\/product_brand?post=5163"},{"taxonomy":"product_cat","embeddable":true,"href":"https:\/\/premiumkeszulek.hu\/hu\/wp-json\/wp\/v2\/product_cat?post=5163"},{"taxonomy":"product_tag","embeddable":true,"href":"https:\/\/premiumkeszulek.hu\/hu\/wp-json\/wp\/v2\/product_tag?post=5163"},{"taxonomy":"woo-feed-brand","embeddable":true,"href":"https:\/\/premiumkeszulek.hu\/hu\/wp-json\/wp\/v2\/woo-feed-brand?post=5163"}],"curies":[{"name":"wp","href":"https:\/\/api.w.org\/{rel}","templated":true}]}}