{"id":5075,"date":"2025-02-12T17:15:50","date_gmt":"2025-02-12T16:15:50","guid":{"rendered":"https:\/\/premiumkeszulek.hu\/product\/falmec-lumina-evo-90-nrs-fali-paraelszivo-fekete\/"},"modified":"2026-04-17T19:35:25","modified_gmt":"2026-04-17T17:35:25","slug":"falmec-lumina-evo-90-nrs-fali-paraelszivo-fekete","status":"publish","type":"product","link":"https:\/\/premiumkeszulek.hu\/hu\/termek\/falmec-lumina-evo-90-nrs-fali-paraelszivo-fekete\/","title":{"rendered":"Falmec LUMINA EVO 90 NRS fali p\u00e1raelsz\u00edv\u00f3 fekete"},"content":{"rendered":"<p> Lumina NRS<\/p>\n<p>\u00a0\u00a0\u00a0 fekete<br \/>\n\t\u00a0\u00a0\u00a0 edzett \u00fcveg<br \/>\n\t\u00a0\u00a0\u00a0 NRS technol\u00f3gia a csendesebb konyh\u00e1\u00e9rt<br \/>\n\t\u00a0\u00a0\u00a0 \u00e9rint\u0151vez\u00e9rl\u00e9s + 24 \u00f3r\u00e1s id\u0151z\u00edtett szell\u0151ztet\u00e9s<br \/>\n\t\u00a0\u00a0\u00a0 feh\u00e9r NEON hangulat vil\u00e1g\u00edt\u00e1s<\/p>\n<p>subsub<br \/>\n\tEAN k\u00f3d: 8034122348162<br \/>\n\tkateg\u00f3ria:Bels\u0151 motoros (NRS)<br \/>\n\tcikksz\u00e1m: CLMN90.00P2#NROI490F<br \/>\n\tsz\u00edn: fekete<br \/>\n\tsz\u00e9less\u00e9g: 90 cm<br \/>\n\tl\u00e9gsz\u00e1ll\u00edt\u00e1si adatok:(*max. l\u00e9gsz\u00e1ll\u00edt\u00e1s szabad kivezet\u00e9s eset\u00e9n \/ EN61591 szabv\u00e1ny szerint)<br \/>\n\t800\/610 m3<br \/>\n\tcs\u0151csatlakoz\u00e1s:150 mm<br \/>\n\tzajszint:37-55 dB(A) min-max<br \/>\n\tvil\u00e1g\u00edt\u00e1s:1x21W neon<br \/>\n\tenergiaoszt\u00e1ly:B<br \/>\n\tforma, kivitel:fektetett T<br \/>\n\tvez\u00e9rl\u00e9s:elektronikus<br \/>\n\th\u00e1ts\u00f3 kivezet\u00e9s:nincs<br \/>\n\ts\u00faly:36 kg<br \/>\n\tjelleg:fali<br \/>\n\t3 \u00e9v garancia<\/p>\n","protected":false},"excerpt":{"rendered":"<p><iframe src=\" https:\/\/www.mbhbank.hu\/sfcalculation\/?ar=[PRICE]&#038;partner=DX030&#038;konstrukcio=DLSK14\" width=\"100%\" height=\"500\" frameborder=\"0\" scrolling=\"yes\" align=\"left\"><\/iframe><\/p>\n","protected":false},"featured_media":5074,"comment_status":"closed","ping_status":"closed","template":"","meta":{"_crdt_document":"","content-type":"","jetpack_post_was_ever_published":false,"jetpack_publicize_message":"","jetpack_publicize_feature_enabled":true,"jetpack_social_post_already_shared":true,"jetpack_social_options":{"image_generator_settings":{"template":"highway","default_image_id":0,"font":"","enabled":false},"version":2},"_wpas_customize_per_network":false},"product_brand":[1638],"product_cat":[1525],"product_tag":[],"woo-feed-brand":[],"class_list":{"0":"post-5075","1":"product","2":"type-product","3":"status-publish","4":"has-post-thumbnail","6":"product_brand-falmec","7":"product_cat-paraelszivok","8":"product_shipping_class-100000felett","10":"first","11":"onbackorder","12":"sale","13":"taxable","14":"shipping-taxable","15":"purchasable","16":"product-type-simple"},"yoast_head":"<!-- This site is optimized with the Yoast SEO Premium plugin v26.9 (Yoast SEO v27.4) - https:\/\/yoast.com\/product\/yoast-seo-premium-wordpress\/ -->\n<title>Falmec LUMINA EVO 90 NRS fali p\u00e1raelsz\u00edv\u00f3 fekete - Pr\u00e9miumK\u00e9sz\u00fcl\u00e9k<\/title>\n<meta name=\"description\" content=\"\u00c9lvezze a csendes konyh\u00e1t a Falmec LUMINA EVO 90 p\u00e1raelsz\u00edv\u00f3val! Modern, fekete \u00fcveg diz\u00e1jn \u00e9s hat\u00e9kony ventil\u00e1ci\u00f3 v\u00e1r \u00d6nre.\" \/>\n<meta name=\"robots\" content=\"index, follow, max-snippet:-1, max-image-preview:large, max-video-preview:-1\" \/>\n<link rel=\"canonical\" href=\"https:\/\/premiumkeszulek.hu\/hu\/termek\/falmec-lumina-evo-90-nrs-fali-paraelszivo-fekete\/\" \/>\n<meta property=\"og:locale\" content=\"hu_HU\" \/>\n<meta property=\"og:type\" content=\"article\" \/>\n<meta property=\"og:title\" content=\"Falmec LUMINA EVO 90 NRS fali p\u00e1raelsz\u00edv\u00f3 fekete\" \/>\n<meta property=\"og:description\" content=\"\u00c9lvezze a csendes konyh\u00e1t a Falmec LUMINA EVO 90 p\u00e1raelsz\u00edv\u00f3val! Modern, fekete \u00fcveg diz\u00e1jn \u00e9s hat\u00e9kony ventil\u00e1ci\u00f3 v\u00e1r \u00d6nre.\" \/>\n<meta property=\"og:url\" content=\"https:\/\/premiumkeszulek.hu\/hu\/termek\/falmec-lumina-evo-90-nrs-fali-paraelszivo-fekete\/\" \/>\n<meta property=\"og:site_name\" content=\"Pr\u00e9miumK\u00e9sz\u00fcl\u00e9k\" \/>\n<meta property=\"article:publisher\" content=\"https:\/\/www.facebook.com\/konyhaluxnet\" \/>\n<meta property=\"article:modified_time\" content=\"2026-04-17T17:35:25+00:00\" \/>\n<meta property=\"og:image\" content=\"https:\/\/i0.wp.com\/premiumkeszulek.hu\/wp-content\/uploads\/2025\/02\/Falmec20LUMINA20EVO20NRS209020fekete-33320FILEminimizer.jpg?fit=800%2C800&ssl=1\" \/>\n\t<meta property=\"og:image:width\" content=\"800\" \/>\n\t<meta property=\"og:image:height\" content=\"800\" \/>\n\t<meta property=\"og:image:type\" content=\"image\/jpeg\" \/>\n<meta name=\"twitter:card\" content=\"summary_large_image\" \/>\n<meta name=\"twitter:label1\" content=\"\u00c1r\" \/>\n\t<meta name=\"twitter:data1\" content=\"481.555&#070;&#116;\" \/>\n\t<meta name=\"twitter:label2\" content=\"El\u00e9rhet\u0151s\u00e9g\" \/>\n\t<meta name=\"twitter:data2\" content=\"Beszerz\u00e9s alatt\" \/>\n<script type=\"application\/ld+json\" class=\"yoast-schema-graph\">{\"@context\":\"https:\\\/\\\/schema.org\",\"@graph\":[{\"@type\":\"WebPage\",\"@id\":\"https:\\\/\\\/premiumkeszulek.hu\\\/hu\\\/termek\\\/falmec-lumina-evo-90-nrs-fali-paraelszivo-fekete\\\/\",\"url\":\"https:\\\/\\\/premiumkeszulek.hu\\\/hu\\\/termek\\\/falmec-lumina-evo-90-nrs-fali-paraelszivo-fekete\\\/\",\"name\":\"Falmec LUMINA EVO 90 NRS fali p\u00e1raelsz\u00edv\u00f3 fekete - Pr\u00e9miumK\u00e9sz\u00fcl\u00e9k\",\"isPartOf\":{\"@id\":\"https:\\\/\\\/premiumkeszulek.hu\\\/hu\\\/#website\"},\"primaryImageOfPage\":{\"@id\":\"https:\\\/\\\/premiumkeszulek.hu\\\/hu\\\/termek\\\/falmec-lumina-evo-90-nrs-fali-paraelszivo-fekete\\\/#primaryimage\"},\"image\":{\"@id\":\"https:\\\/\\\/premiumkeszulek.hu\\\/hu\\\/termek\\\/falmec-lumina-evo-90-nrs-fali-paraelszivo-fekete\\\/#primaryimage\"},\"thumbnailUrl\":\"https:\\\/\\\/i0.wp.com\\\/premiumkeszulek.hu\\\/wp-content\\\/uploads\\\/2025\\\/02\\\/Falmec20LUMINA20EVO20NRS209020fekete-33320FILEminimizer.jpg?fit=800%2C800&ssl=1\",\"datePublished\":\"2025-02-12T16:15:50+00:00\",\"dateModified\":\"2026-04-17T17:35:25+00:00\",\"description\":\"\u00c9lvezze a csendes konyh\u00e1t a Falmec LUMINA EVO 90 p\u00e1raelsz\u00edv\u00f3val! Modern, fekete \u00fcveg diz\u00e1jn \u00e9s hat\u00e9kony ventil\u00e1ci\u00f3 v\u00e1r \u00d6nre.\",\"breadcrumb\":{\"@id\":\"https:\\\/\\\/premiumkeszulek.hu\\\/hu\\\/termek\\\/falmec-lumina-evo-90-nrs-fali-paraelszivo-fekete\\\/#breadcrumb\"},\"inLanguage\":\"hu\",\"potentialAction\":[{\"@type\":\"ReadAction\",\"target\":[\"https:\\\/\\\/premiumkeszulek.hu\\\/hu\\\/termek\\\/falmec-lumina-evo-90-nrs-fali-paraelszivo-fekete\\\/\"]}]},{\"@type\":\"ImageObject\",\"inLanguage\":\"hu\",\"@id\":\"https:\\\/\\\/premiumkeszulek.hu\\\/hu\\\/termek\\\/falmec-lumina-evo-90-nrs-fali-paraelszivo-fekete\\\/#primaryimage\",\"url\":\"https:\\\/\\\/i0.wp.com\\\/premiumkeszulek.hu\\\/wp-content\\\/uploads\\\/2025\\\/02\\\/Falmec20LUMINA20EVO20NRS209020fekete-33320FILEminimizer.jpg?fit=800%2C800&ssl=1\",\"contentUrl\":\"https:\\\/\\\/i0.wp.com\\\/premiumkeszulek.hu\\\/wp-content\\\/uploads\\\/2025\\\/02\\\/Falmec20LUMINA20EVO20NRS209020fekete-33320FILEminimizer.jpg?fit=800%2C800&ssl=1\",\"width\":800,\"height\":800},{\"@type\":\"BreadcrumbList\",\"@id\":\"https:\\\/\\\/premiumkeszulek.hu\\\/hu\\\/termek\\\/falmec-lumina-evo-90-nrs-fali-paraelszivo-fekete\\\/#breadcrumb\",\"itemListElement\":[{\"@type\":\"ListItem\",\"position\":1,\"name\":\"Home\",\"item\":\"https:\\\/\\\/premiumkeszulek.hu\\\/hu\\\/\"},{\"@type\":\"ListItem\",\"position\":2,\"name\":\"Shop\",\"item\":\"https:\\\/\\\/premiumkeszulek.hu\\\/hu\\\/shop\\\/\"},{\"@type\":\"ListItem\",\"position\":3,\"name\":\"Falmec LUMINA EVO 90 NRS fali p\u00e1raelsz\u00edv\u00f3 fekete\"}]},{\"@type\":\"WebSite\",\"@id\":\"https:\\\/\\\/premiumkeszulek.hu\\\/hu\\\/#website\",\"url\":\"https:\\\/\\\/premiumkeszulek.hu\\\/hu\\\/\",\"name\":\"Pr\u00e9miumK\u00e9sz\u00fcl\u00e9k\",\"description\":\"\",\"publisher\":{\"@id\":\"https:\\\/\\\/premiumkeszulek.hu\\\/hu\\\/#organization\"},\"potentialAction\":[{\"@type\":\"SearchAction\",\"target\":{\"@type\":\"EntryPoint\",\"urlTemplate\":\"https:\\\/\\\/premiumkeszulek.hu\\\/hu\\\/?s={search_term_string}\"},\"query-input\":{\"@type\":\"PropertyValueSpecification\",\"valueRequired\":true,\"valueName\":\"search_term_string\"}}],\"inLanguage\":\"hu\"},{\"@type\":\"Organization\",\"@id\":\"https:\\\/\\\/premiumkeszulek.hu\\\/hu\\\/#organization\",\"name\":\"Pr\u00e9miumK\u00e9sz\u00fcl\u00e9k\",\"alternateName\":\"HPH Special Kft\",\"url\":\"https:\\\/\\\/premiumkeszulek.hu\\\/hu\\\/\",\"logo\":{\"@type\":\"ImageObject\",\"inLanguage\":\"hu\",\"@id\":\"https:\\\/\\\/premiumkeszulek.hu\\\/hu\\\/#\\\/schema\\\/logo\\\/image\\\/\",\"url\":\"http:\\\/\\\/premiumkeszulek.hu\\\/wp-content\\\/uploads\\\/2025\\\/03\\\/TURKIZLOGO-kicsi.png\",\"contentUrl\":\"http:\\\/\\\/premiumkeszulek.hu\\\/wp-content\\\/uploads\\\/2025\\\/03\\\/TURKIZLOGO-kicsi.png\",\"width\":1600,\"height\":547,\"caption\":\"Pr\u00e9miumK\u00e9sz\u00fcl\u00e9k\"},\"image\":{\"@id\":\"https:\\\/\\\/premiumkeszulek.hu\\\/hu\\\/#\\\/schema\\\/logo\\\/image\\\/\"},\"sameAs\":[\"https:\\\/\\\/www.facebook.com\\\/konyhaluxnet\",\"https:\\\/\\\/www.instagram.com\\\/konyhaluxnet\\\/#\"],\"email\":\"info@premiumkeszulek.hu\",\"telephone\":\"36 1 \\\/ 226-1992\",\"legalName\":\"HPH Special Kft\",\"vatID\":\"HU12549502\",\"taxID\":\"12549502\",\"hasMerchantReturnPolicy\":{\"@type\":\"MerchantReturnPolicy\",\"merchantReturnLink\":\"https:\\\/\\\/premiumkeszulek.hu\\\/hu\\\/altalanos-szerzodesi-es-felhasznalasi-feltetelek\\\/\"}}]}<\/script>\n<meta property=\"product:brand\" content=\"Falmec\" \/>\n<meta property=\"product:price:amount\" content=\"481555\" \/>\n<meta property=\"product:price:currency\" content=\"HUF\" \/>\n<meta property=\"og:availability\" content=\"backorder\" \/>\n<meta property=\"product:availability\" content=\"available for order\" \/>\n<meta property=\"product:retailer_item_id\" content=\"CLMN90.00P2#NROI490F\" \/>\n<meta property=\"product:condition\" content=\"new\" \/>\n<!-- \/ Yoast SEO Premium plugin. -->","yoast_head_json":{"title":"Falmec LUMINA EVO 90 NRS fali p\u00e1raelsz\u00edv\u00f3 fekete - Pr\u00e9miumK\u00e9sz\u00fcl\u00e9k","description":"\u00c9lvezze a csendes konyh\u00e1t a Falmec LUMINA EVO 90 p\u00e1raelsz\u00edv\u00f3val! Modern, fekete \u00fcveg diz\u00e1jn \u00e9s hat\u00e9kony ventil\u00e1ci\u00f3 v\u00e1r \u00d6nre.","robots":{"index":"index","follow":"follow","max-snippet":"max-snippet:-1","max-image-preview":"max-image-preview:large","max-video-preview":"max-video-preview:-1"},"canonical":"https:\/\/premiumkeszulek.hu\/hu\/termek\/falmec-lumina-evo-90-nrs-fali-paraelszivo-fekete\/","og_locale":"hu_HU","og_type":"article","og_title":"Falmec LUMINA EVO 90 NRS fali p\u00e1raelsz\u00edv\u00f3 fekete","og_description":"\u00c9lvezze a csendes konyh\u00e1t a Falmec LUMINA EVO 90 p\u00e1raelsz\u00edv\u00f3val! Modern, fekete \u00fcveg diz\u00e1jn \u00e9s hat\u00e9kony ventil\u00e1ci\u00f3 v\u00e1r \u00d6nre.","og_url":"https:\/\/premiumkeszulek.hu\/hu\/termek\/falmec-lumina-evo-90-nrs-fali-paraelszivo-fekete\/","og_site_name":"Pr\u00e9miumK\u00e9sz\u00fcl\u00e9k","article_publisher":"https:\/\/www.facebook.com\/konyhaluxnet","article_modified_time":"2026-04-17T17:35:25+00:00","og_image":[{"width":800,"height":800,"url":"https:\/\/i0.wp.com\/premiumkeszulek.hu\/wp-content\/uploads\/2025\/02\/Falmec20LUMINA20EVO20NRS209020fekete-33320FILEminimizer.jpg?fit=800%2C800&ssl=1","type":"image\/jpeg"}],"twitter_card":"summary_large_image","twitter_misc":{"\u00c1r":"481.555&#70;&#116;","El\u00e9rhet\u0151s\u00e9g":"Beszerz\u00e9s alatt"},"schema":{"@context":"https:\/\/schema.org","@graph":[{"@type":"WebPage","@id":"https:\/\/premiumkeszulek.hu\/hu\/termek\/falmec-lumina-evo-90-nrs-fali-paraelszivo-fekete\/","url":"https:\/\/premiumkeszulek.hu\/hu\/termek\/falmec-lumina-evo-90-nrs-fali-paraelszivo-fekete\/","name":"Falmec LUMINA EVO 90 NRS fali p\u00e1raelsz\u00edv\u00f3 fekete - Pr\u00e9miumK\u00e9sz\u00fcl\u00e9k","isPartOf":{"@id":"https:\/\/premiumkeszulek.hu\/hu\/#website"},"primaryImageOfPage":{"@id":"https:\/\/premiumkeszulek.hu\/hu\/termek\/falmec-lumina-evo-90-nrs-fali-paraelszivo-fekete\/#primaryimage"},"image":{"@id":"https:\/\/premiumkeszulek.hu\/hu\/termek\/falmec-lumina-evo-90-nrs-fali-paraelszivo-fekete\/#primaryimage"},"thumbnailUrl":"https:\/\/i0.wp.com\/premiumkeszulek.hu\/wp-content\/uploads\/2025\/02\/Falmec20LUMINA20EVO20NRS209020fekete-33320FILEminimizer.jpg?fit=800%2C800&ssl=1","datePublished":"2025-02-12T16:15:50+00:00","dateModified":"2026-04-17T17:35:25+00:00","description":"\u00c9lvezze a csendes konyh\u00e1t a Falmec LUMINA EVO 90 p\u00e1raelsz\u00edv\u00f3val! Modern, fekete \u00fcveg diz\u00e1jn \u00e9s hat\u00e9kony ventil\u00e1ci\u00f3 v\u00e1r \u00d6nre.","breadcrumb":{"@id":"https:\/\/premiumkeszulek.hu\/hu\/termek\/falmec-lumina-evo-90-nrs-fali-paraelszivo-fekete\/#breadcrumb"},"inLanguage":"hu","potentialAction":[{"@type":"ReadAction","target":["https:\/\/premiumkeszulek.hu\/hu\/termek\/falmec-lumina-evo-90-nrs-fali-paraelszivo-fekete\/"]}]},{"@type":"ImageObject","inLanguage":"hu","@id":"https:\/\/premiumkeszulek.hu\/hu\/termek\/falmec-lumina-evo-90-nrs-fali-paraelszivo-fekete\/#primaryimage","url":"https:\/\/i0.wp.com\/premiumkeszulek.hu\/wp-content\/uploads\/2025\/02\/Falmec20LUMINA20EVO20NRS209020fekete-33320FILEminimizer.jpg?fit=800%2C800&ssl=1","contentUrl":"https:\/\/i0.wp.com\/premiumkeszulek.hu\/wp-content\/uploads\/2025\/02\/Falmec20LUMINA20EVO20NRS209020fekete-33320FILEminimizer.jpg?fit=800%2C800&ssl=1","width":800,"height":800},{"@type":"BreadcrumbList","@id":"https:\/\/premiumkeszulek.hu\/hu\/termek\/falmec-lumina-evo-90-nrs-fali-paraelszivo-fekete\/#breadcrumb","itemListElement":[{"@type":"ListItem","position":1,"name":"Home","item":"https:\/\/premiumkeszulek.hu\/hu\/"},{"@type":"ListItem","position":2,"name":"Shop","item":"https:\/\/premiumkeszulek.hu\/hu\/shop\/"},{"@type":"ListItem","position":3,"name":"Falmec LUMINA EVO 90 NRS fali p\u00e1raelsz\u00edv\u00f3 fekete"}]},{"@type":"WebSite","@id":"https:\/\/premiumkeszulek.hu\/hu\/#website","url":"https:\/\/premiumkeszulek.hu\/hu\/","name":"Pr\u00e9miumK\u00e9sz\u00fcl\u00e9k","description":"","publisher":{"@id":"https:\/\/premiumkeszulek.hu\/hu\/#organization"},"potentialAction":[{"@type":"SearchAction","target":{"@type":"EntryPoint","urlTemplate":"https:\/\/premiumkeszulek.hu\/hu\/?s={search_term_string}"},"query-input":{"@type":"PropertyValueSpecification","valueRequired":true,"valueName":"search_term_string"}}],"inLanguage":"hu"},{"@type":"Organization","@id":"https:\/\/premiumkeszulek.hu\/hu\/#organization","name":"Pr\u00e9miumK\u00e9sz\u00fcl\u00e9k","alternateName":"HPH Special Kft","url":"https:\/\/premiumkeszulek.hu\/hu\/","logo":{"@type":"ImageObject","inLanguage":"hu","@id":"https:\/\/premiumkeszulek.hu\/hu\/#\/schema\/logo\/image\/","url":"http:\/\/premiumkeszulek.hu\/wp-content\/uploads\/2025\/03\/TURKIZLOGO-kicsi.png","contentUrl":"http:\/\/premiumkeszulek.hu\/wp-content\/uploads\/2025\/03\/TURKIZLOGO-kicsi.png","width":1600,"height":547,"caption":"Pr\u00e9miumK\u00e9sz\u00fcl\u00e9k"},"image":{"@id":"https:\/\/premiumkeszulek.hu\/hu\/#\/schema\/logo\/image\/"},"sameAs":["https:\/\/www.facebook.com\/konyhaluxnet","https:\/\/www.instagram.com\/konyhaluxnet\/#"],"email":"info@premiumkeszulek.hu","telephone":"36 1 \/ 226-1992","legalName":"HPH Special Kft","vatID":"HU12549502","taxID":"12549502","hasMerchantReturnPolicy":{"@type":"MerchantReturnPolicy","merchantReturnLink":"https:\/\/premiumkeszulek.hu\/hu\/altalanos-szerzodesi-es-felhasznalasi-feltetelek\/"}}]},"product_brand":"Falmec","product_price_amount":"481555","product_price_currency":"HUF","og_availability":"backorder","product_availability":"available for order","product_retailer_item_id":"CLMN90.00P2#NROI490F","product_condition":"new"},"jetpack_publicize_connections":[],"jetpack_likes_enabled":true,"jetpack_sharing_enabled":true,"jetpack-related-posts":[],"_links":{"self":[{"href":"https:\/\/premiumkeszulek.hu\/hu\/wp-json\/wp\/v2\/product\/5075","targetHints":{"allow":["GET"]}}],"collection":[{"href":"https:\/\/premiumkeszulek.hu\/hu\/wp-json\/wp\/v2\/product"}],"about":[{"href":"https:\/\/premiumkeszulek.hu\/hu\/wp-json\/wp\/v2\/types\/product"}],"replies":[{"embeddable":true,"href":"https:\/\/premiumkeszulek.hu\/hu\/wp-json\/wp\/v2\/comments?post=5075"}],"wp:featuredmedia":[{"embeddable":true,"href":"https:\/\/premiumkeszulek.hu\/hu\/wp-json\/wp\/v2\/media\/5074"}],"wp:attachment":[{"href":"https:\/\/premiumkeszulek.hu\/hu\/wp-json\/wp\/v2\/media?parent=5075"}],"wp:term":[{"taxonomy":"product_brand","embeddable":true,"href":"https:\/\/premiumkeszulek.hu\/hu\/wp-json\/wp\/v2\/product_brand?post=5075"},{"taxonomy":"product_cat","embeddable":true,"href":"https:\/\/premiumkeszulek.hu\/hu\/wp-json\/wp\/v2\/product_cat?post=5075"},{"taxonomy":"product_tag","embeddable":true,"href":"https:\/\/premiumkeszulek.hu\/hu\/wp-json\/wp\/v2\/product_tag?post=5075"},{"taxonomy":"woo-feed-brand","embeddable":true,"href":"https:\/\/premiumkeszulek.hu\/hu\/wp-json\/wp\/v2\/woo-feed-brand?post=5075"}],"curies":[{"name":"wp","href":"https:\/\/api.w.org\/{rel}","templated":true}]}}