{"id":5046,"date":"2025-02-12T17:15:25","date_gmt":"2025-02-12T16:15:25","guid":{"rendered":"https:\/\/premiumkeszulek.hu\/product\/falmec-paraelszivo-verso-55-fekete\/"},"modified":"2026-04-17T19:35:35","modified_gmt":"2026-04-17T17:35:35","slug":"falmec-paraelszivo-verso-55-fekete","status":"publish","type":"product","link":"https:\/\/premiumkeszulek.hu\/hu\/termek\/falmec-paraelszivo-verso-55-fekete\/","title":{"rendered":"FALMEC P\u00e1raelsz\u00edv\u00f3 VERSO 55 fekete"},"content":{"rendered":"<p>\n\tKACL.941 Carbon.Zeo sz\u0171r\u0151 egys\u00e9g d\u00f6nt\u00f6tt elsz\u00edv\u00f3khoz<br \/>\n\tKieg\u00e9sz\u00edt\u0151 bels\u0151 keringtet\u00e9ses \u00fczemm\u00f3d eset\u00e9n d\u00f6nt\u00f6tt elsz\u00edv\u00f3khoz. A m\u00e1r felszerelt elsz\u00edv\u00f3khoz is lehet haszn\u00e1lni. Rozsdamentes kivitel, Carbon.Zeo sz\u0171r\u0151vel.<br \/>\n\t\u00a0<br \/>\n\tMi az a Zeolit?<br \/>\n\tA zeolit egy nagy mikroporozit\u00e1ssal rendelkez\u0151 \u00e1sv\u00e1nyi anyag. Ez az anyag k\u00e9pes elnyelni a szerves vegy\u00fcleteket \u00e9s a v\u00edzg\u0151zt. Ez az egys\u00e9ges \u00e9s mikropor\u00f3zus krist\u00e1lyos szerkezetnek k\u00f6sz\u00f6nhet\u0151 mivel a krist\u00e1lyok sok szabad ter\u00fclettel rendelkeznek. A zeolit \u00e9s a sz\u00e9n kombin\u00e1lt haszn\u00e1lata a sz\u0171r\u00f6kben magas sz\u0171r\u0151k\u00e9pess\u00e9get biztos\u00edt, ez\u00e1ltal megn\u00f6veli a Carbon.Zeo sz\u0171r\u0151vel rendelkez\u0151 p\u00e1raelsz\u00edv\u00f3k hat\u00e9konys\u00e1g\u00e1t.<\/p>\n","protected":false},"excerpt":{"rendered":"<p><iframe src=\" https:\/\/www.mbhbank.hu\/sfcalculation\/?ar=[PRICE]&#038;partner=DX030&#038;konstrukcio=DLSK14\" width=\"100%\" height=\"500\" frameborder=\"0\" scrolling=\"yes\" align=\"left\"><\/iframe><\/p>\n","protected":false},"featured_media":5045,"comment_status":"closed","ping_status":"closed","template":"","meta":{"_crdt_document":"","content-type":"","jetpack_post_was_ever_published":false,"jetpack_publicize_message":"","jetpack_publicize_feature_enabled":true,"jetpack_social_post_already_shared":true,"jetpack_social_options":{"image_generator_settings":{"template":"highway","default_image_id":0,"font":"","enabled":false},"version":2},"_wpas_customize_per_network":false},"product_brand":[1638],"product_cat":[1525],"product_tag":[],"woo-feed-brand":[],"class_list":{"0":"post-5046","1":"product","2":"type-product","3":"status-publish","4":"has-post-thumbnail","6":"product_brand-falmec","7":"product_cat-paraelszivok","8":"product_shipping_class-100000felett","10":"first","11":"onbackorder","12":"sale","13":"taxable","14":"shipping-taxable","15":"purchasable","16":"product-type-simple"},"yoast_head":"<!-- This site is optimized with the Yoast SEO Premium plugin v26.9 (Yoast SEO v27.4) - https:\/\/yoast.com\/product\/yoast-seo-premium-wordpress\/ -->\n<title>FALMEC P\u00e1raelsz\u00edv\u00f3 VERSO 55 fekete - Pr\u00e9miumK\u00e9sz\u00fcl\u00e9k<\/title>\n<meta name=\"description\" content=\"Fedezze fel a FALMEC P\u00e1raelsz\u00edv\u00f3 VERSO 55 csod\u00e1it! A Carbon.Zeo sz\u0171r\u0151 optim\u00e1lis hat\u00e9konys\u00e1g\u00e9rt \u00e9s tiszta leveg\u0151t ny\u00fajt. Rendelje meg most!\" \/>\n<meta name=\"robots\" content=\"index, follow, max-snippet:-1, max-image-preview:large, max-video-preview:-1\" \/>\n<link rel=\"canonical\" href=\"https:\/\/premiumkeszulek.hu\/hu\/termek\/falmec-paraelszivo-verso-55-fekete\/\" \/>\n<meta property=\"og:locale\" content=\"hu_HU\" \/>\n<meta property=\"og:type\" content=\"article\" \/>\n<meta property=\"og:title\" content=\"FALMEC P\u00e1raelsz\u00edv\u00f3 VERSO 55 fekete\" \/>\n<meta property=\"og:description\" content=\"Fedezze fel a FALMEC P\u00e1raelsz\u00edv\u00f3 VERSO 55 csod\u00e1it! A Carbon.Zeo sz\u0171r\u0151 optim\u00e1lis hat\u00e9konys\u00e1g\u00e9rt \u00e9s tiszta leveg\u0151t ny\u00fajt. Rendelje meg most!\" \/>\n<meta property=\"og:url\" content=\"https:\/\/premiumkeszulek.hu\/hu\/termek\/falmec-paraelszivo-verso-55-fekete\/\" \/>\n<meta property=\"og:site_name\" content=\"Pr\u00e9miumK\u00e9sz\u00fcl\u00e9k\" \/>\n<meta property=\"article:publisher\" content=\"https:\/\/www.facebook.com\/konyhaluxnet\" \/>\n<meta property=\"article:modified_time\" content=\"2026-04-17T17:35:35+00:00\" \/>\n<meta property=\"og:image\" content=\"https:\/\/i0.wp.com\/premiumkeszulek.hu\/wp-content\/uploads\/2025\/02\/falmec_verso_55_fekete_1.jpg?fit=800%2C800&ssl=1\" \/>\n\t<meta property=\"og:image:width\" content=\"800\" \/>\n\t<meta property=\"og:image:height\" content=\"800\" \/>\n\t<meta property=\"og:image:type\" content=\"image\/jpeg\" \/>\n<meta name=\"twitter:card\" content=\"summary_large_image\" \/>\n<meta name=\"twitter:label1\" content=\"\u00c1r\" \/>\n\t<meta name=\"twitter:data1\" content=\"218.491&#070;&#116;\" \/>\n\t<meta name=\"twitter:label2\" content=\"El\u00e9rhet\u0151s\u00e9g\" \/>\n\t<meta name=\"twitter:data2\" content=\"Beszerz\u00e9s alatt\" \/>\n<script type=\"application\/ld+json\" class=\"yoast-schema-graph\">{\"@context\":\"https:\\\/\\\/schema.org\",\"@graph\":[{\"@type\":\"WebPage\",\"@id\":\"https:\\\/\\\/premiumkeszulek.hu\\\/product\\\/falmec-paraelszivo-verso-55-fekete\\\/\",\"url\":\"https:\\\/\\\/premiumkeszulek.hu\\\/product\\\/falmec-paraelszivo-verso-55-fekete\\\/\",\"name\":\"FALMEC P\u00e1raelsz\u00edv\u00f3 VERSO 55 fekete - Pr\u00e9miumK\u00e9sz\u00fcl\u00e9k\",\"isPartOf\":{\"@id\":\"https:\\\/\\\/premiumkeszulek.hu\\\/hu\\\/#website\"},\"primaryImageOfPage\":{\"@id\":\"https:\\\/\\\/premiumkeszulek.hu\\\/product\\\/falmec-paraelszivo-verso-55-fekete\\\/#primaryimage\"},\"image\":{\"@id\":\"https:\\\/\\\/premiumkeszulek.hu\\\/product\\\/falmec-paraelszivo-verso-55-fekete\\\/#primaryimage\"},\"thumbnailUrl\":\"https:\\\/\\\/i0.wp.com\\\/premiumkeszulek.hu\\\/wp-content\\\/uploads\\\/2025\\\/02\\\/falmec_verso_55_fekete_1.jpg?fit=800%2C800&ssl=1\",\"datePublished\":\"2025-02-12T16:15:25+00:00\",\"dateModified\":\"2026-04-17T17:35:35+00:00\",\"description\":\"Fedezze fel a FALMEC P\u00e1raelsz\u00edv\u00f3 VERSO 55 csod\u00e1it! A Carbon.Zeo sz\u0171r\u0151 optim\u00e1lis hat\u00e9konys\u00e1g\u00e9rt \u00e9s tiszta leveg\u0151t ny\u00fajt. Rendelje meg most!\",\"breadcrumb\":{\"@id\":\"https:\\\/\\\/premiumkeszulek.hu\\\/product\\\/falmec-paraelszivo-verso-55-fekete\\\/#breadcrumb\"},\"inLanguage\":\"hu\",\"potentialAction\":[{\"@type\":\"ReadAction\",\"target\":[\"https:\\\/\\\/premiumkeszulek.hu\\\/product\\\/falmec-paraelszivo-verso-55-fekete\\\/\"]}]},{\"@type\":\"ImageObject\",\"inLanguage\":\"hu\",\"@id\":\"https:\\\/\\\/premiumkeszulek.hu\\\/product\\\/falmec-paraelszivo-verso-55-fekete\\\/#primaryimage\",\"url\":\"https:\\\/\\\/i0.wp.com\\\/premiumkeszulek.hu\\\/wp-content\\\/uploads\\\/2025\\\/02\\\/falmec_verso_55_fekete_1.jpg?fit=800%2C800&ssl=1\",\"contentUrl\":\"https:\\\/\\\/i0.wp.com\\\/premiumkeszulek.hu\\\/wp-content\\\/uploads\\\/2025\\\/02\\\/falmec_verso_55_fekete_1.jpg?fit=800%2C800&ssl=1\",\"width\":800,\"height\":800},{\"@type\":\"BreadcrumbList\",\"@id\":\"https:\\\/\\\/premiumkeszulek.hu\\\/product\\\/falmec-paraelszivo-verso-55-fekete\\\/#breadcrumb\",\"itemListElement\":[{\"@type\":\"ListItem\",\"position\":1,\"name\":\"Home\",\"item\":\"https:\\\/\\\/premiumkeszulek.hu\\\/hu\\\/\"},{\"@type\":\"ListItem\",\"position\":2,\"name\":\"Shop\",\"item\":\"https:\\\/\\\/premiumkeszulek.hu\\\/hu\\\/shop\\\/\"},{\"@type\":\"ListItem\",\"position\":3,\"name\":\"FALMEC P\u00e1raelsz\u00edv\u00f3 VERSO 55 fekete\"}]},{\"@type\":\"WebSite\",\"@id\":\"https:\\\/\\\/premiumkeszulek.hu\\\/hu\\\/#website\",\"url\":\"https:\\\/\\\/premiumkeszulek.hu\\\/hu\\\/\",\"name\":\"Pr\u00e9miumK\u00e9sz\u00fcl\u00e9k\",\"description\":\"\",\"publisher\":{\"@id\":\"https:\\\/\\\/premiumkeszulek.hu\\\/hu\\\/#organization\"},\"potentialAction\":[{\"@type\":\"SearchAction\",\"target\":{\"@type\":\"EntryPoint\",\"urlTemplate\":\"https:\\\/\\\/premiumkeszulek.hu\\\/hu\\\/?s={search_term_string}\"},\"query-input\":{\"@type\":\"PropertyValueSpecification\",\"valueRequired\":true,\"valueName\":\"search_term_string\"}}],\"inLanguage\":\"hu\"},{\"@type\":\"Organization\",\"@id\":\"https:\\\/\\\/premiumkeszulek.hu\\\/hu\\\/#organization\",\"name\":\"Pr\u00e9miumK\u00e9sz\u00fcl\u00e9k\",\"alternateName\":\"HPH Special Kft\",\"url\":\"https:\\\/\\\/premiumkeszulek.hu\\\/hu\\\/\",\"logo\":{\"@type\":\"ImageObject\",\"inLanguage\":\"hu\",\"@id\":\"https:\\\/\\\/premiumkeszulek.hu\\\/hu\\\/#\\\/schema\\\/logo\\\/image\\\/\",\"url\":\"http:\\\/\\\/premiumkeszulek.hu\\\/wp-content\\\/uploads\\\/2025\\\/03\\\/TURKIZLOGO-kicsi.png\",\"contentUrl\":\"http:\\\/\\\/premiumkeszulek.hu\\\/wp-content\\\/uploads\\\/2025\\\/03\\\/TURKIZLOGO-kicsi.png\",\"width\":1600,\"height\":547,\"caption\":\"Pr\u00e9miumK\u00e9sz\u00fcl\u00e9k\"},\"image\":{\"@id\":\"https:\\\/\\\/premiumkeszulek.hu\\\/hu\\\/#\\\/schema\\\/logo\\\/image\\\/\"},\"sameAs\":[\"https:\\\/\\\/www.facebook.com\\\/konyhaluxnet\",\"https:\\\/\\\/www.instagram.com\\\/konyhaluxnet\\\/#\"],\"email\":\"info@premiumkeszulek.hu\",\"telephone\":\"36 1 \\\/ 226-1992\",\"legalName\":\"HPH Special Kft\",\"vatID\":\"HU12549502\",\"taxID\":\"12549502\",\"hasMerchantReturnPolicy\":{\"@type\":\"MerchantReturnPolicy\",\"merchantReturnLink\":\"https:\\\/\\\/premiumkeszulek.hu\\\/hu\\\/altalanos-szerzodesi-es-felhasznalasi-feltetelek\\\/\"}}]}<\/script>\n<meta property=\"product:brand\" content=\"Falmec\" \/>\n<meta property=\"product:price:amount\" content=\"218491\" \/>\n<meta property=\"product:price:currency\" content=\"HUF\" \/>\n<meta property=\"og:availability\" content=\"backorder\" \/>\n<meta property=\"product:availability\" content=\"available for order\" \/>\n<meta property=\"product:retailer_item_id\" content=\"CVXN55.E0P2#ZZZN491F\" \/>\n<meta property=\"product:condition\" content=\"new\" \/>\n<!-- \/ Yoast SEO Premium plugin. -->","yoast_head_json":{"title":"FALMEC P\u00e1raelsz\u00edv\u00f3 VERSO 55 fekete - Pr\u00e9miumK\u00e9sz\u00fcl\u00e9k","description":"Fedezze fel a FALMEC P\u00e1raelsz\u00edv\u00f3 VERSO 55 csod\u00e1it! A Carbon.Zeo sz\u0171r\u0151 optim\u00e1lis hat\u00e9konys\u00e1g\u00e9rt \u00e9s tiszta leveg\u0151t ny\u00fajt. Rendelje meg most!","robots":{"index":"index","follow":"follow","max-snippet":"max-snippet:-1","max-image-preview":"max-image-preview:large","max-video-preview":"max-video-preview:-1"},"canonical":"https:\/\/premiumkeszulek.hu\/hu\/termek\/falmec-paraelszivo-verso-55-fekete\/","og_locale":"hu_HU","og_type":"article","og_title":"FALMEC P\u00e1raelsz\u00edv\u00f3 VERSO 55 fekete","og_description":"Fedezze fel a FALMEC P\u00e1raelsz\u00edv\u00f3 VERSO 55 csod\u00e1it! A Carbon.Zeo sz\u0171r\u0151 optim\u00e1lis hat\u00e9konys\u00e1g\u00e9rt \u00e9s tiszta leveg\u0151t ny\u00fajt. Rendelje meg most!","og_url":"https:\/\/premiumkeszulek.hu\/hu\/termek\/falmec-paraelszivo-verso-55-fekete\/","og_site_name":"Pr\u00e9miumK\u00e9sz\u00fcl\u00e9k","article_publisher":"https:\/\/www.facebook.com\/konyhaluxnet","article_modified_time":"2026-04-17T17:35:35+00:00","og_image":[{"width":800,"height":800,"url":"https:\/\/i0.wp.com\/premiumkeszulek.hu\/wp-content\/uploads\/2025\/02\/falmec_verso_55_fekete_1.jpg?fit=800%2C800&ssl=1","type":"image\/jpeg"}],"twitter_card":"summary_large_image","twitter_misc":{"\u00c1r":"218.491&#70;&#116;","El\u00e9rhet\u0151s\u00e9g":"Beszerz\u00e9s alatt"},"schema":{"@context":"https:\/\/schema.org","@graph":[{"@type":"WebPage","@id":"https:\/\/premiumkeszulek.hu\/product\/falmec-paraelszivo-verso-55-fekete\/","url":"https:\/\/premiumkeszulek.hu\/product\/falmec-paraelszivo-verso-55-fekete\/","name":"FALMEC P\u00e1raelsz\u00edv\u00f3 VERSO 55 fekete - Pr\u00e9miumK\u00e9sz\u00fcl\u00e9k","isPartOf":{"@id":"https:\/\/premiumkeszulek.hu\/hu\/#website"},"primaryImageOfPage":{"@id":"https:\/\/premiumkeszulek.hu\/product\/falmec-paraelszivo-verso-55-fekete\/#primaryimage"},"image":{"@id":"https:\/\/premiumkeszulek.hu\/product\/falmec-paraelszivo-verso-55-fekete\/#primaryimage"},"thumbnailUrl":"https:\/\/i0.wp.com\/premiumkeszulek.hu\/wp-content\/uploads\/2025\/02\/falmec_verso_55_fekete_1.jpg?fit=800%2C800&ssl=1","datePublished":"2025-02-12T16:15:25+00:00","dateModified":"2026-04-17T17:35:35+00:00","description":"Fedezze fel a FALMEC P\u00e1raelsz\u00edv\u00f3 VERSO 55 csod\u00e1it! A Carbon.Zeo sz\u0171r\u0151 optim\u00e1lis hat\u00e9konys\u00e1g\u00e9rt \u00e9s tiszta leveg\u0151t ny\u00fajt. Rendelje meg most!","breadcrumb":{"@id":"https:\/\/premiumkeszulek.hu\/product\/falmec-paraelszivo-verso-55-fekete\/#breadcrumb"},"inLanguage":"hu","potentialAction":[{"@type":"ReadAction","target":["https:\/\/premiumkeszulek.hu\/product\/falmec-paraelszivo-verso-55-fekete\/"]}]},{"@type":"ImageObject","inLanguage":"hu","@id":"https:\/\/premiumkeszulek.hu\/product\/falmec-paraelszivo-verso-55-fekete\/#primaryimage","url":"https:\/\/i0.wp.com\/premiumkeszulek.hu\/wp-content\/uploads\/2025\/02\/falmec_verso_55_fekete_1.jpg?fit=800%2C800&ssl=1","contentUrl":"https:\/\/i0.wp.com\/premiumkeszulek.hu\/wp-content\/uploads\/2025\/02\/falmec_verso_55_fekete_1.jpg?fit=800%2C800&ssl=1","width":800,"height":800},{"@type":"BreadcrumbList","@id":"https:\/\/premiumkeszulek.hu\/product\/falmec-paraelszivo-verso-55-fekete\/#breadcrumb","itemListElement":[{"@type":"ListItem","position":1,"name":"Home","item":"https:\/\/premiumkeszulek.hu\/hu\/"},{"@type":"ListItem","position":2,"name":"Shop","item":"https:\/\/premiumkeszulek.hu\/hu\/shop\/"},{"@type":"ListItem","position":3,"name":"FALMEC P\u00e1raelsz\u00edv\u00f3 VERSO 55 fekete"}]},{"@type":"WebSite","@id":"https:\/\/premiumkeszulek.hu\/hu\/#website","url":"https:\/\/premiumkeszulek.hu\/hu\/","name":"Pr\u00e9miumK\u00e9sz\u00fcl\u00e9k","description":"","publisher":{"@id":"https:\/\/premiumkeszulek.hu\/hu\/#organization"},"potentialAction":[{"@type":"SearchAction","target":{"@type":"EntryPoint","urlTemplate":"https:\/\/premiumkeszulek.hu\/hu\/?s={search_term_string}"},"query-input":{"@type":"PropertyValueSpecification","valueRequired":true,"valueName":"search_term_string"}}],"inLanguage":"hu"},{"@type":"Organization","@id":"https:\/\/premiumkeszulek.hu\/hu\/#organization","name":"Pr\u00e9miumK\u00e9sz\u00fcl\u00e9k","alternateName":"HPH Special Kft","url":"https:\/\/premiumkeszulek.hu\/hu\/","logo":{"@type":"ImageObject","inLanguage":"hu","@id":"https:\/\/premiumkeszulek.hu\/hu\/#\/schema\/logo\/image\/","url":"http:\/\/premiumkeszulek.hu\/wp-content\/uploads\/2025\/03\/TURKIZLOGO-kicsi.png","contentUrl":"http:\/\/premiumkeszulek.hu\/wp-content\/uploads\/2025\/03\/TURKIZLOGO-kicsi.png","width":1600,"height":547,"caption":"Pr\u00e9miumK\u00e9sz\u00fcl\u00e9k"},"image":{"@id":"https:\/\/premiumkeszulek.hu\/hu\/#\/schema\/logo\/image\/"},"sameAs":["https:\/\/www.facebook.com\/konyhaluxnet","https:\/\/www.instagram.com\/konyhaluxnet\/#"],"email":"info@premiumkeszulek.hu","telephone":"36 1 \/ 226-1992","legalName":"HPH Special Kft","vatID":"HU12549502","taxID":"12549502","hasMerchantReturnPolicy":{"@type":"MerchantReturnPolicy","merchantReturnLink":"https:\/\/premiumkeszulek.hu\/hu\/altalanos-szerzodesi-es-felhasznalasi-feltetelek\/"}}]},"product_brand":"Falmec","product_price_amount":"218491","product_price_currency":"HUF","og_availability":"backorder","product_availability":"available for order","product_retailer_item_id":"CVXN55.E0P2#ZZZN491F","product_condition":"new"},"jetpack_publicize_connections":[],"jetpack_likes_enabled":true,"jetpack_sharing_enabled":true,"jetpack-related-posts":[],"_links":{"self":[{"href":"https:\/\/premiumkeszulek.hu\/hu\/wp-json\/wp\/v2\/product\/5046","targetHints":{"allow":["GET"]}}],"collection":[{"href":"https:\/\/premiumkeszulek.hu\/hu\/wp-json\/wp\/v2\/product"}],"about":[{"href":"https:\/\/premiumkeszulek.hu\/hu\/wp-json\/wp\/v2\/types\/product"}],"replies":[{"embeddable":true,"href":"https:\/\/premiumkeszulek.hu\/hu\/wp-json\/wp\/v2\/comments?post=5046"}],"wp:featuredmedia":[{"embeddable":true,"href":"https:\/\/premiumkeszulek.hu\/hu\/wp-json\/wp\/v2\/media\/5045"}],"wp:attachment":[{"href":"https:\/\/premiumkeszulek.hu\/hu\/wp-json\/wp\/v2\/media?parent=5046"}],"wp:term":[{"taxonomy":"product_brand","embeddable":true,"href":"https:\/\/premiumkeszulek.hu\/hu\/wp-json\/wp\/v2\/product_brand?post=5046"},{"taxonomy":"product_cat","embeddable":true,"href":"https:\/\/premiumkeszulek.hu\/hu\/wp-json\/wp\/v2\/product_cat?post=5046"},{"taxonomy":"product_tag","embeddable":true,"href":"https:\/\/premiumkeszulek.hu\/hu\/wp-json\/wp\/v2\/product_tag?post=5046"},{"taxonomy":"woo-feed-brand","embeddable":true,"href":"https:\/\/premiumkeszulek.hu\/hu\/wp-json\/wp\/v2\/woo-feed-brand?post=5046"}],"curies":[{"name":"wp","href":"https:\/\/api.w.org\/{rel}","templated":true}]}}