{"id":4351,"date":"2025-02-11T00:18:10","date_gmt":"2025-02-10T23:18:10","guid":{"rendered":"https:\/\/premiumkeszulek.hu\/product\/liebherr-fnd-7026-nofrost-fagyasztoszekreny\/"},"modified":"2026-04-17T19:36:17","modified_gmt":"2026-04-17T17:36:17","slug":"liebherr-fnd-7026-nofrost-fagyasztoszekreny","status":"publish","type":"product","link":"https:\/\/premiumkeszulek.hu\/hu\/termek\/liebherr-fnd-7026-nofrost-fagyasztoszekreny\/","title":{"rendered":"Liebherr FNd 7026 NoFrost Fagyaszt\u00f3szekr\u00e9ny"},"content":{"rendered":"<div class=\"loadbeeTabContent\" data-loadbee-apikey=\"bVxDWaSdseFz5PWWtvKmAkGr88n6WXYY\" data-loadbee-gtin=\"4016803131595\" data-loadbee-locale=\"hu_HU\">\u00a0\n<\/div>\n<p><script async src=\"https:\/\/cdn.loadbee.com\/js\/loadbee_integration.js\"><\/script><script type=\"text\/javascript\"\nsrc=\"https:\/\/tracking.channelsight.com\/api\/tracking\/v2\/Init\">\n<\/script><br \/>\n\tAmikor kinyitja a fagyaszt\u00f3rekeszt, m\u00e9lyh\u0171t\u00f6tt \u00e9lelmiszereket szeretne l\u00e1tni, jeget \u00e9s deresed\u00e9st viszont eg\u00e9szen biztosan nem. A NoFrost v\u00e9di a fagyaszt\u00f3teret a nem k\u00edv\u00e1nt jegesed\u00e9st\u0151l, amely sok energi\u00e1t fogyaszt \u00e9s a p\u00e9nzt\u00e1rc\u00e1t sem k\u00edm\u00e9li. A NoFrost azt jelenti: soha t\u00f6bb\u00e9 nem kell a fagyaszt\u00f3rekesz leolvaszt\u00e1s\u00e1val bajl\u00f3dnia, t\u00f6bb ideje jut m\u00e1s dolgokra, r\u00e1ad\u00e1sul p\u00e9nzt sp\u00f3rolhat.<br \/>\n\tLiebherr k\u00e9sz\u00fcl\u00e9ke figyel minden ujjmozdulat\u00e1ra: a Touch &#038;amp Swipe kijelz\u0151nek k\u00f6sz\u00f6nhet\u0151en intuit\u00edv m\u00f3don \u00e9s k\u00f6nnyed\u00e9n kezelheti h\u0171t\u0151szekr\u00e9ny\u00e9t. A funkci\u00f3k (pl. \u201eSuperCool\u201d) \u00e9rint\u00e9ssel \u00e9s sepr\u00e9ssel egyszer\u0171en kiv\u00e1laszthat\u00f3k a sz\u00ednes kijelz\u0151n. Ugyanilyen k\u00f6nnyen szab\u00e1lyozhatja a h\u0151m\u00e9rs\u00e9kletet is. De mi t\u00f6rt\u00e9nik, ha \u00e9ppen nem haszn\u00e1lja a kijelz\u0151t? Akkor a t\u00e9nyleges h\u0151m\u00e9rs\u00e9klet l\u00e1that\u00f3 rajta.  <\/p>\n","protected":false},"excerpt":{"rendered":"<p><iframe src=\" https:\/\/www.mbhbank.hu\/sfcalculation\/?ar=[PRICE]&amp;partner=DX030&amp;konstrukcio=DLSK14\" width=\"100%\" height=\"500\" frameborder=\"0\" scrolling=\"yes\" align=\"left\"><\/iframe><\/p>\n","protected":false},"featured_media":4333,"comment_status":"closed","ping_status":"closed","template":"","meta":{"_crdt_document":"","content-type":"","jetpack_post_was_ever_published":false,"jetpack_publicize_message":"","jetpack_publicize_feature_enabled":true,"jetpack_social_post_already_shared":true,"jetpack_social_options":{"image_generator_settings":{"template":"highway","default_image_id":0,"font":"","enabled":false},"version":2},"_wpas_customize_per_network":false},"product_brand":[1373],"product_cat":[1404,1545],"product_tag":[],"woo-feed-brand":[],"class_list":{"0":"post-4351","1":"product","2":"type-product","3":"status-publish","4":"has-post-thumbnail","6":"product_brand-liebherr","7":"product_cat-hutokfagyasztok","8":"product_cat-szabadonallo-fagyasztoszekrenyek","9":"product_shipping_class-100000felett","11":"first","12":"onbackorder","13":"taxable","14":"shipping-taxable","15":"purchasable","16":"product-type-simple"},"yoast_head":"<!-- This site is optimized with the Yoast SEO Premium plugin v26.9 (Yoast SEO v27.4) - https:\/\/yoast.com\/product\/yoast-seo-premium-wordpress\/ -->\n<title>Liebherr FNd 7026 NoFrost Fagyaszt\u00f3szekr\u00e9ny - Pr\u00e9miumK\u00e9sz\u00fcl\u00e9k<\/title>\n<meta name=\"description\" content=\"Fedezze fel a Liebherr FNd 7026 Fagyaszt\u00f3szekr\u00e9ny NoFrost technol\u00f3gi\u00e1j\u00e1t, amely megakad\u00e1lyozza a jegesed\u00e9st \u00e9s p\u00e9nzt sp\u00f3rol. V\u00e1lassza most!\" \/>\n<meta name=\"robots\" content=\"index, follow, max-snippet:-1, max-image-preview:large, max-video-preview:-1\" \/>\n<link rel=\"canonical\" href=\"https:\/\/premiumkeszulek.hu\/hu\/termek\/liebherr-fnd-7026-nofrost-fagyasztoszekreny\/\" \/>\n<meta property=\"og:locale\" content=\"hu_HU\" \/>\n<meta property=\"og:type\" content=\"article\" \/>\n<meta property=\"og:title\" content=\"Liebherr FNd 7026 NoFrost Fagyaszt\u00f3szekr\u00e9ny\" \/>\n<meta property=\"og:description\" content=\"Fedezze fel a Liebherr FNd 7026 Fagyaszt\u00f3szekr\u00e9ny NoFrost technol\u00f3gi\u00e1j\u00e1t, amely megakad\u00e1lyozza a jegesed\u00e9st \u00e9s p\u00e9nzt sp\u00f3rol. V\u00e1lassza most!\" \/>\n<meta property=\"og:url\" content=\"https:\/\/premiumkeszulek.hu\/hu\/termek\/liebherr-fnd-7026-nofrost-fagyasztoszekreny\/\" \/>\n<meta property=\"og:site_name\" content=\"Pr\u00e9miumK\u00e9sz\u00fcl\u00e9k\" \/>\n<meta property=\"article:publisher\" content=\"https:\/\/www.facebook.com\/konyhaluxnet\" \/>\n<meta property=\"article:modified_time\" content=\"2026-04-17T17:36:17+00:00\" \/>\n<meta property=\"og:image\" content=\"https:\/\/i0.wp.com\/premiumkeszulek.hu\/wp-content\/uploads\/2025\/02\/FNC70263.jpg?fit=800%2C800&ssl=1\" \/>\n\t<meta property=\"og:image:width\" content=\"800\" \/>\n\t<meta property=\"og:image:height\" content=\"800\" \/>\n\t<meta property=\"og:image:type\" content=\"image\/jpeg\" \/>\n<meta name=\"twitter:card\" content=\"summary_large_image\" \/>\n<meta name=\"twitter:label1\" content=\"\u00c1r\" \/>\n\t<meta name=\"twitter:data1\" content=\"417.900&#070;&#116;\" \/>\n\t<meta name=\"twitter:label2\" content=\"El\u00e9rhet\u0151s\u00e9g\" \/>\n\t<meta name=\"twitter:data2\" content=\"Beszerz\u00e9s alatt\" \/>\n<script type=\"application\/ld+json\" class=\"yoast-schema-graph\">{\"@context\":\"https:\\\/\\\/schema.org\",\"@graph\":[{\"@type\":\"WebPage\",\"@id\":\"https:\\\/\\\/premiumkeszulek.hu\\\/product\\\/liebherr-fnd-7026-nofrost-fagyasztoszekreny\\\/\",\"url\":\"https:\\\/\\\/premiumkeszulek.hu\\\/product\\\/liebherr-fnd-7026-nofrost-fagyasztoszekreny\\\/\",\"name\":\"Liebherr FNd 7026 NoFrost Fagyaszt\u00f3szekr\u00e9ny - Pr\u00e9miumK\u00e9sz\u00fcl\u00e9k\",\"isPartOf\":{\"@id\":\"https:\\\/\\\/premiumkeszulek.hu\\\/hu\\\/#website\"},\"primaryImageOfPage\":{\"@id\":\"https:\\\/\\\/premiumkeszulek.hu\\\/product\\\/liebherr-fnd-7026-nofrost-fagyasztoszekreny\\\/#primaryimage\"},\"image\":{\"@id\":\"https:\\\/\\\/premiumkeszulek.hu\\\/product\\\/liebherr-fnd-7026-nofrost-fagyasztoszekreny\\\/#primaryimage\"},\"thumbnailUrl\":\"https:\\\/\\\/i0.wp.com\\\/premiumkeszulek.hu\\\/wp-content\\\/uploads\\\/2025\\\/02\\\/FNC70263.jpg?fit=800%2C800&ssl=1\",\"datePublished\":\"2025-02-10T23:18:10+00:00\",\"dateModified\":\"2026-04-17T17:36:17+00:00\",\"description\":\"Fedezze fel a Liebherr FNd 7026 Fagyaszt\u00f3szekr\u00e9ny NoFrost technol\u00f3gi\u00e1j\u00e1t, amely megakad\u00e1lyozza a jegesed\u00e9st \u00e9s p\u00e9nzt sp\u00f3rol. V\u00e1lassza most!\",\"breadcrumb\":{\"@id\":\"https:\\\/\\\/premiumkeszulek.hu\\\/product\\\/liebherr-fnd-7026-nofrost-fagyasztoszekreny\\\/#breadcrumb\"},\"inLanguage\":\"hu\",\"potentialAction\":[{\"@type\":\"ReadAction\",\"target\":[\"https:\\\/\\\/premiumkeszulek.hu\\\/product\\\/liebherr-fnd-7026-nofrost-fagyasztoszekreny\\\/\"]}]},{\"@type\":\"ImageObject\",\"inLanguage\":\"hu\",\"@id\":\"https:\\\/\\\/premiumkeszulek.hu\\\/product\\\/liebherr-fnd-7026-nofrost-fagyasztoszekreny\\\/#primaryimage\",\"url\":\"https:\\\/\\\/i0.wp.com\\\/premiumkeszulek.hu\\\/wp-content\\\/uploads\\\/2025\\\/02\\\/FNC70263.jpg?fit=800%2C800&ssl=1\",\"contentUrl\":\"https:\\\/\\\/i0.wp.com\\\/premiumkeszulek.hu\\\/wp-content\\\/uploads\\\/2025\\\/02\\\/FNC70263.jpg?fit=800%2C800&ssl=1\",\"width\":800,\"height\":800},{\"@type\":\"BreadcrumbList\",\"@id\":\"https:\\\/\\\/premiumkeszulek.hu\\\/product\\\/liebherr-fnd-7026-nofrost-fagyasztoszekreny\\\/#breadcrumb\",\"itemListElement\":[{\"@type\":\"ListItem\",\"position\":1,\"name\":\"Home\",\"item\":\"https:\\\/\\\/premiumkeszulek.hu\\\/hu\\\/\"},{\"@type\":\"ListItem\",\"position\":2,\"name\":\"Shop\",\"item\":\"https:\\\/\\\/premiumkeszulek.hu\\\/hu\\\/shop\\\/\"},{\"@type\":\"ListItem\",\"position\":3,\"name\":\"Liebherr FNd 7026 NoFrost Fagyaszt\u00f3szekr\u00e9ny\"}]},{\"@type\":\"WebSite\",\"@id\":\"https:\\\/\\\/premiumkeszulek.hu\\\/hu\\\/#website\",\"url\":\"https:\\\/\\\/premiumkeszulek.hu\\\/hu\\\/\",\"name\":\"Pr\u00e9miumK\u00e9sz\u00fcl\u00e9k\",\"description\":\"\",\"publisher\":{\"@id\":\"https:\\\/\\\/premiumkeszulek.hu\\\/hu\\\/#organization\"},\"potentialAction\":[{\"@type\":\"SearchAction\",\"target\":{\"@type\":\"EntryPoint\",\"urlTemplate\":\"https:\\\/\\\/premiumkeszulek.hu\\\/hu\\\/?s={search_term_string}\"},\"query-input\":{\"@type\":\"PropertyValueSpecification\",\"valueRequired\":true,\"valueName\":\"search_term_string\"}}],\"inLanguage\":\"hu\"},{\"@type\":\"Organization\",\"@id\":\"https:\\\/\\\/premiumkeszulek.hu\\\/hu\\\/#organization\",\"name\":\"Pr\u00e9miumK\u00e9sz\u00fcl\u00e9k\",\"alternateName\":\"HPH Special Kft\",\"url\":\"https:\\\/\\\/premiumkeszulek.hu\\\/hu\\\/\",\"logo\":{\"@type\":\"ImageObject\",\"inLanguage\":\"hu\",\"@id\":\"https:\\\/\\\/premiumkeszulek.hu\\\/hu\\\/#\\\/schema\\\/logo\\\/image\\\/\",\"url\":\"http:\\\/\\\/premiumkeszulek.hu\\\/wp-content\\\/uploads\\\/2025\\\/03\\\/TURKIZLOGO-kicsi.png\",\"contentUrl\":\"http:\\\/\\\/premiumkeszulek.hu\\\/wp-content\\\/uploads\\\/2025\\\/03\\\/TURKIZLOGO-kicsi.png\",\"width\":1600,\"height\":547,\"caption\":\"Pr\u00e9miumK\u00e9sz\u00fcl\u00e9k\"},\"image\":{\"@id\":\"https:\\\/\\\/premiumkeszulek.hu\\\/hu\\\/#\\\/schema\\\/logo\\\/image\\\/\"},\"sameAs\":[\"https:\\\/\\\/www.facebook.com\\\/konyhaluxnet\",\"https:\\\/\\\/www.instagram.com\\\/konyhaluxnet\\\/#\"],\"email\":\"info@premiumkeszulek.hu\",\"telephone\":\"36 1 \\\/ 226-1992\",\"legalName\":\"HPH Special Kft\",\"vatID\":\"HU12549502\",\"taxID\":\"12549502\",\"hasMerchantReturnPolicy\":{\"@type\":\"MerchantReturnPolicy\",\"merchantReturnLink\":\"https:\\\/\\\/premiumkeszulek.hu\\\/hu\\\/altalanos-szerzodesi-es-felhasznalasi-feltetelek\\\/\"}}]}<\/script>\n<meta property=\"product:brand\" content=\"Liebherr\" \/>\n<meta property=\"product:price:amount\" content=\"417900\" \/>\n<meta property=\"product:price:currency\" content=\"HUF\" \/>\n<meta property=\"og:availability\" content=\"backorder\" \/>\n<meta property=\"product:availability\" content=\"available for order\" \/>\n<meta property=\"product:retailer_item_id\" content=\"4016803131595\" \/>\n<meta property=\"product:condition\" content=\"new\" \/>\n<!-- \/ Yoast SEO Premium plugin. -->","yoast_head_json":{"title":"Liebherr FNd 7026 NoFrost Fagyaszt\u00f3szekr\u00e9ny - Pr\u00e9miumK\u00e9sz\u00fcl\u00e9k","description":"Fedezze fel a Liebherr FNd 7026 Fagyaszt\u00f3szekr\u00e9ny NoFrost technol\u00f3gi\u00e1j\u00e1t, amely megakad\u00e1lyozza a jegesed\u00e9st \u00e9s p\u00e9nzt sp\u00f3rol. V\u00e1lassza most!","robots":{"index":"index","follow":"follow","max-snippet":"max-snippet:-1","max-image-preview":"max-image-preview:large","max-video-preview":"max-video-preview:-1"},"canonical":"https:\/\/premiumkeszulek.hu\/hu\/termek\/liebherr-fnd-7026-nofrost-fagyasztoszekreny\/","og_locale":"hu_HU","og_type":"article","og_title":"Liebherr FNd 7026 NoFrost Fagyaszt\u00f3szekr\u00e9ny","og_description":"Fedezze fel a Liebherr FNd 7026 Fagyaszt\u00f3szekr\u00e9ny NoFrost technol\u00f3gi\u00e1j\u00e1t, amely megakad\u00e1lyozza a jegesed\u00e9st \u00e9s p\u00e9nzt sp\u00f3rol. V\u00e1lassza most!","og_url":"https:\/\/premiumkeszulek.hu\/hu\/termek\/liebherr-fnd-7026-nofrost-fagyasztoszekreny\/","og_site_name":"Pr\u00e9miumK\u00e9sz\u00fcl\u00e9k","article_publisher":"https:\/\/www.facebook.com\/konyhaluxnet","article_modified_time":"2026-04-17T17:36:17+00:00","og_image":[{"width":800,"height":800,"url":"https:\/\/i0.wp.com\/premiumkeszulek.hu\/wp-content\/uploads\/2025\/02\/FNC70263.jpg?fit=800%2C800&ssl=1","type":"image\/jpeg"}],"twitter_card":"summary_large_image","twitter_misc":{"\u00c1r":"417.900&#70;&#116;","El\u00e9rhet\u0151s\u00e9g":"Beszerz\u00e9s alatt"},"schema":{"@context":"https:\/\/schema.org","@graph":[{"@type":"WebPage","@id":"https:\/\/premiumkeszulek.hu\/product\/liebherr-fnd-7026-nofrost-fagyasztoszekreny\/","url":"https:\/\/premiumkeszulek.hu\/product\/liebherr-fnd-7026-nofrost-fagyasztoszekreny\/","name":"Liebherr FNd 7026 NoFrost Fagyaszt\u00f3szekr\u00e9ny - Pr\u00e9miumK\u00e9sz\u00fcl\u00e9k","isPartOf":{"@id":"https:\/\/premiumkeszulek.hu\/hu\/#website"},"primaryImageOfPage":{"@id":"https:\/\/premiumkeszulek.hu\/product\/liebherr-fnd-7026-nofrost-fagyasztoszekreny\/#primaryimage"},"image":{"@id":"https:\/\/premiumkeszulek.hu\/product\/liebherr-fnd-7026-nofrost-fagyasztoszekreny\/#primaryimage"},"thumbnailUrl":"https:\/\/i0.wp.com\/premiumkeszulek.hu\/wp-content\/uploads\/2025\/02\/FNC70263.jpg?fit=800%2C800&ssl=1","datePublished":"2025-02-10T23:18:10+00:00","dateModified":"2026-04-17T17:36:17+00:00","description":"Fedezze fel a Liebherr FNd 7026 Fagyaszt\u00f3szekr\u00e9ny NoFrost technol\u00f3gi\u00e1j\u00e1t, amely megakad\u00e1lyozza a jegesed\u00e9st \u00e9s p\u00e9nzt sp\u00f3rol. V\u00e1lassza most!","breadcrumb":{"@id":"https:\/\/premiumkeszulek.hu\/product\/liebherr-fnd-7026-nofrost-fagyasztoszekreny\/#breadcrumb"},"inLanguage":"hu","potentialAction":[{"@type":"ReadAction","target":["https:\/\/premiumkeszulek.hu\/product\/liebherr-fnd-7026-nofrost-fagyasztoszekreny\/"]}]},{"@type":"ImageObject","inLanguage":"hu","@id":"https:\/\/premiumkeszulek.hu\/product\/liebherr-fnd-7026-nofrost-fagyasztoszekreny\/#primaryimage","url":"https:\/\/i0.wp.com\/premiumkeszulek.hu\/wp-content\/uploads\/2025\/02\/FNC70263.jpg?fit=800%2C800&ssl=1","contentUrl":"https:\/\/i0.wp.com\/premiumkeszulek.hu\/wp-content\/uploads\/2025\/02\/FNC70263.jpg?fit=800%2C800&ssl=1","width":800,"height":800},{"@type":"BreadcrumbList","@id":"https:\/\/premiumkeszulek.hu\/product\/liebherr-fnd-7026-nofrost-fagyasztoszekreny\/#breadcrumb","itemListElement":[{"@type":"ListItem","position":1,"name":"Home","item":"https:\/\/premiumkeszulek.hu\/hu\/"},{"@type":"ListItem","position":2,"name":"Shop","item":"https:\/\/premiumkeszulek.hu\/hu\/shop\/"},{"@type":"ListItem","position":3,"name":"Liebherr FNd 7026 NoFrost Fagyaszt\u00f3szekr\u00e9ny"}]},{"@type":"WebSite","@id":"https:\/\/premiumkeszulek.hu\/hu\/#website","url":"https:\/\/premiumkeszulek.hu\/hu\/","name":"Pr\u00e9miumK\u00e9sz\u00fcl\u00e9k","description":"","publisher":{"@id":"https:\/\/premiumkeszulek.hu\/hu\/#organization"},"potentialAction":[{"@type":"SearchAction","target":{"@type":"EntryPoint","urlTemplate":"https:\/\/premiumkeszulek.hu\/hu\/?s={search_term_string}"},"query-input":{"@type":"PropertyValueSpecification","valueRequired":true,"valueName":"search_term_string"}}],"inLanguage":"hu"},{"@type":"Organization","@id":"https:\/\/premiumkeszulek.hu\/hu\/#organization","name":"Pr\u00e9miumK\u00e9sz\u00fcl\u00e9k","alternateName":"HPH Special Kft","url":"https:\/\/premiumkeszulek.hu\/hu\/","logo":{"@type":"ImageObject","inLanguage":"hu","@id":"https:\/\/premiumkeszulek.hu\/hu\/#\/schema\/logo\/image\/","url":"http:\/\/premiumkeszulek.hu\/wp-content\/uploads\/2025\/03\/TURKIZLOGO-kicsi.png","contentUrl":"http:\/\/premiumkeszulek.hu\/wp-content\/uploads\/2025\/03\/TURKIZLOGO-kicsi.png","width":1600,"height":547,"caption":"Pr\u00e9miumK\u00e9sz\u00fcl\u00e9k"},"image":{"@id":"https:\/\/premiumkeszulek.hu\/hu\/#\/schema\/logo\/image\/"},"sameAs":["https:\/\/www.facebook.com\/konyhaluxnet","https:\/\/www.instagram.com\/konyhaluxnet\/#"],"email":"info@premiumkeszulek.hu","telephone":"36 1 \/ 226-1992","legalName":"HPH Special Kft","vatID":"HU12549502","taxID":"12549502","hasMerchantReturnPolicy":{"@type":"MerchantReturnPolicy","merchantReturnLink":"https:\/\/premiumkeszulek.hu\/hu\/altalanos-szerzodesi-es-felhasznalasi-feltetelek\/"}}]},"product_brand":"Liebherr","product_price_amount":"417900","product_price_currency":"HUF","og_availability":"backorder","product_availability":"available for order","product_retailer_item_id":"4016803131595","product_condition":"new"},"jetpack_publicize_connections":[],"jetpack_likes_enabled":true,"jetpack_sharing_enabled":true,"jetpack-related-posts":[],"_links":{"self":[{"href":"https:\/\/premiumkeszulek.hu\/hu\/wp-json\/wp\/v2\/product\/4351","targetHints":{"allow":["GET"]}}],"collection":[{"href":"https:\/\/premiumkeszulek.hu\/hu\/wp-json\/wp\/v2\/product"}],"about":[{"href":"https:\/\/premiumkeszulek.hu\/hu\/wp-json\/wp\/v2\/types\/product"}],"replies":[{"embeddable":true,"href":"https:\/\/premiumkeszulek.hu\/hu\/wp-json\/wp\/v2\/comments?post=4351"}],"wp:featuredmedia":[{"embeddable":true,"href":"https:\/\/premiumkeszulek.hu\/hu\/wp-json\/wp\/v2\/media\/4333"}],"wp:attachment":[{"href":"https:\/\/premiumkeszulek.hu\/hu\/wp-json\/wp\/v2\/media?parent=4351"}],"wp:term":[{"taxonomy":"product_brand","embeddable":true,"href":"https:\/\/premiumkeszulek.hu\/hu\/wp-json\/wp\/v2\/product_brand?post=4351"},{"taxonomy":"product_cat","embeddable":true,"href":"https:\/\/premiumkeszulek.hu\/hu\/wp-json\/wp\/v2\/product_cat?post=4351"},{"taxonomy":"product_tag","embeddable":true,"href":"https:\/\/premiumkeszulek.hu\/hu\/wp-json\/wp\/v2\/product_tag?post=4351"},{"taxonomy":"woo-feed-brand","embeddable":true,"href":"https:\/\/premiumkeszulek.hu\/hu\/wp-json\/wp\/v2\/woo-feed-brand?post=4351"}],"curies":[{"name":"wp","href":"https:\/\/api.w.org\/{rel}","templated":true}]}}