{"id":40845,"date":"2025-10-19T14:45:51","date_gmt":"2025-10-19T12:45:51","guid":{"rendered":"https:\/\/premiumkeszulek.hu\/product\/smeg-kbsf02wh-retro-keskeszlet-feher\/"},"modified":"2026-04-17T19:39:34","modified_gmt":"2026-04-17T17:39:34","slug":"smeg-kbsf02wh-retro-keskeszlet-feher","status":"publish","type":"product","link":"https:\/\/premiumkeszulek.hu\/hu\/termek\/smeg-kbsf02wh-retro-keskeszlet-feher\/","title":{"rendered":"Smeg KBSF02WH retro k\u00e9sk\u00e9szlet feh\u00e9r"},"content":{"rendered":"<p>SMEG k\u00e9s k\u00e9szlet, feh\u00e9r<\/p>\n<p>A SMEG retro k\u00e9s k\u00e9szlete, a m\u00e1rk\u00e1t\u00f3l megszokott kiv\u00e1l\u00f3 min\u0151s\u00e9get \u00e9s formalvil\u00e1got k\u00e9pviseli.<\/p>\n<p>A k\u00e9start\u00f3 belseje ak\u00e1cf\u00e1b\u00f3l k\u00e9sz\u00fclt, k\u00fclseje a m\u00e1r j\u00f3l ismert SMEG konyhai kisk\u00e9sz\u00fcl\u00e9kekkel harmoniz\u00e1l.<\/p>\n<p>A k\u00e9sek min\u0151s\u00e9gi rozsdamentes peng\u00e9vel \u00e9s rozsdamentes ny\u00e9llel rendelkeznek.<\/p>\n<p>A k\u00e9szlet t\u00f6bb sz\u00ednben el\u00e9rhet\u0151, mely 6 k\u00fcl\u00f6nb\u00f6z\u0151 k\u00e9s t\u00edpust tartalmaz.<\/p>\n<p>\u00a0 \u00a0 H\u00e1moz\u00f3k\u00e9s\u00a0<br \/>\n\t\u00a0 \u00a0 Keny\u00e9rv\u00e1g\u00f3 k\u00e9s<br \/>\n\t\u00a0 \u00a0 Szeletel\u0151 k\u00e9s<br \/>\n\t\u00a0 \u00a0 Santoku k\u00e9s<br \/>\n\t\u00a0 \u00a0 S\u00e9f k\u00e9s<br \/>\n\t\u00a0 \u00a0 Utility k\u00e9s<\/p>\n<p>200x195x152mm<\/p>\n","protected":false},"excerpt":{"rendered":"<p>SMEG k\u00e9s k\u00e9szlet, feh\u00e9r A SMEG retro k\u00e9s k\u00e9szlete, a m\u00e1rk\u00e1t\u00f3l megszokott kiv\u00e1l\u00f3 min\u0151s\u00e9get \u00e9s formalvil\u00e1got k\u00e9pviseli. A k\u00e9start\u00f3 belseje ak\u00e1cf\u00e1b\u00f3l k\u00e9sz\u00fclt, k\u00fclseje a m\u00e1r j\u00f3l ismert SMEG konyhai kisk\u00e9sz\u00fcl\u00e9kekkel harmoniz\u00e1l. A k\u00e9sek min\u0151s\u00e9gi rozsdamentes peng\u00e9vel \u00e9s rozsdamentes ny\u00e9llel rendelkeznek. A k\u00e9szlet t\u00f6bb sz\u00ednben el\u00e9rhet\u0151, mely 6 k\u00fcl\u00f6nb\u00f6z\u0151 k\u00e9s t\u00edpust tartalmaz. \u00a0 \u00a0 H\u00e1moz\u00f3k\u00e9s\u00a0 \u00a0 [&hellip;]<\/p>\n","protected":false},"featured_media":40844,"comment_status":"closed","ping_status":"closed","template":"","meta":{"_crdt_document":"","content-type":"","jetpack_post_was_ever_published":false,"jetpack_publicize_message":"","jetpack_publicize_feature_enabled":true,"jetpack_social_post_already_shared":true,"jetpack_social_options":{"image_generator_settings":{"template":"highway","default_image_id":0,"font":"","enabled":false},"version":2},"_wpas_customize_per_network":false},"product_brand":[1634],"product_cat":[5042,5044,5032],"product_tag":[],"woo-feed-brand":[],"class_list":{"0":"post-40845","1":"product","2":"type-product","3":"status-publish","4":"has-post-thumbnail","6":"product_brand-smeg","7":"product_cat-kiegeszitok","8":"product_cat-tartozekok","9":"product_cat-tobb-kategoria","10":"product_shipping_class-100000felett","12":"first","13":"instock","14":"taxable","15":"shipping-taxable","16":"purchasable","17":"product-type-simple"},"yoast_head":"<!-- This site is optimized with the Yoast SEO Premium plugin v26.9 (Yoast SEO v27.4) - https:\/\/yoast.com\/product\/yoast-seo-premium-wordpress\/ -->\n<title>Smeg KBSF02WH retro k\u00e9sk\u00e9szlet feh\u00e9r - Pr\u00e9miumK\u00e9sz\u00fcl\u00e9k<\/title>\n<meta name=\"description\" content=\"Fedezze fel a Smeg KBSF02WH feh\u00e9r k\u00e9sk\u00e9szletet, egy eleg\u00e1ns retro megjelen\u00e9s\u0171 k\u00e9szlet, amely kiv\u00e1l\u00f3 min\u0151s\u00e9get k\u00edn\u00e1l. V\u00e1s\u00e1rolja meg most!\" \/>\n<meta name=\"robots\" content=\"index, follow, max-snippet:-1, max-image-preview:large, max-video-preview:-1\" \/>\n<link rel=\"canonical\" href=\"https:\/\/premiumkeszulek.hu\/hu\/termek\/smeg-kbsf02wh-retro-keskeszlet-feher\/\" \/>\n<meta property=\"og:locale\" content=\"hu_HU\" \/>\n<meta property=\"og:type\" content=\"article\" \/>\n<meta property=\"og:title\" content=\"Smeg KBSF02WH retro k\u00e9sk\u00e9szlet feh\u00e9r\" \/>\n<meta property=\"og:description\" content=\"Fedezze fel a Smeg KBSF02WH feh\u00e9r k\u00e9sk\u00e9szletet, egy eleg\u00e1ns retro megjelen\u00e9s\u0171 k\u00e9szlet, amely kiv\u00e1l\u00f3 min\u0151s\u00e9get k\u00edn\u00e1l. V\u00e1s\u00e1rolja meg most!\" \/>\n<meta property=\"og:url\" content=\"https:\/\/premiumkeszulek.hu\/hu\/termek\/smeg-kbsf02wh-retro-keskeszlet-feher\/\" \/>\n<meta property=\"og:site_name\" content=\"Pr\u00e9miumK\u00e9sz\u00fcl\u00e9k\" \/>\n<meta property=\"article:publisher\" content=\"https:\/\/www.facebook.com\/konyhaluxnet\" \/>\n<meta property=\"article:modified_time\" content=\"2026-04-17T17:39:34+00:00\" \/>\n<meta property=\"og:image\" content=\"https:\/\/i0.wp.com\/premiumkeszulek.hu\/wp-content\/uploads\/2025\/10\/KBSF02WH-111.jpg?fit=800%2C800&ssl=1\" \/>\n\t<meta property=\"og:image:width\" content=\"800\" \/>\n\t<meta property=\"og:image:height\" content=\"800\" \/>\n\t<meta property=\"og:image:type\" content=\"image\/jpeg\" \/>\n<meta name=\"twitter:card\" content=\"summary_large_image\" \/>\n<meta name=\"twitter:label1\" content=\"\u00c1r\" \/>\n\t<meta name=\"twitter:data1\" content=\"143.900&#070;&#116;\" \/>\n\t<meta name=\"twitter:label2\" content=\"El\u00e9rhet\u0151s\u00e9g\" \/>\n\t<meta name=\"twitter:data2\" content=\"K\u00e9szleten\" \/>\n<script type=\"application\/ld+json\" class=\"yoast-schema-graph\">{\"@context\":\"https:\\\/\\\/schema.org\",\"@graph\":[{\"@type\":\"WebPage\",\"@id\":\"https:\\\/\\\/premiumkeszulek.hu\\\/hu\\\/termek\\\/smeg-kbsf02wh-retro-keskeszlet-feher\\\/\",\"url\":\"https:\\\/\\\/premiumkeszulek.hu\\\/hu\\\/termek\\\/smeg-kbsf02wh-retro-keskeszlet-feher\\\/\",\"name\":\"Smeg KBSF02WH retro k\u00e9sk\u00e9szlet feh\u00e9r - Pr\u00e9miumK\u00e9sz\u00fcl\u00e9k\",\"isPartOf\":{\"@id\":\"https:\\\/\\\/premiumkeszulek.hu\\\/hu\\\/#website\"},\"primaryImageOfPage\":{\"@id\":\"https:\\\/\\\/premiumkeszulek.hu\\\/hu\\\/termek\\\/smeg-kbsf02wh-retro-keskeszlet-feher\\\/#primaryimage\"},\"image\":{\"@id\":\"https:\\\/\\\/premiumkeszulek.hu\\\/hu\\\/termek\\\/smeg-kbsf02wh-retro-keskeszlet-feher\\\/#primaryimage\"},\"thumbnailUrl\":\"https:\\\/\\\/i0.wp.com\\\/premiumkeszulek.hu\\\/wp-content\\\/uploads\\\/2025\\\/10\\\/KBSF02WH-111.jpg?fit=800%2C800&ssl=1\",\"datePublished\":\"2025-10-19T12:45:51+00:00\",\"dateModified\":\"2026-04-17T17:39:34+00:00\",\"description\":\"Fedezze fel a Smeg KBSF02WH feh\u00e9r k\u00e9sk\u00e9szletet, egy eleg\u00e1ns retro megjelen\u00e9s\u0171 k\u00e9szlet, amely kiv\u00e1l\u00f3 min\u0151s\u00e9get k\u00edn\u00e1l. V\u00e1s\u00e1rolja meg most!\",\"breadcrumb\":{\"@id\":\"https:\\\/\\\/premiumkeszulek.hu\\\/hu\\\/termek\\\/smeg-kbsf02wh-retro-keskeszlet-feher\\\/#breadcrumb\"},\"inLanguage\":\"hu\",\"potentialAction\":[{\"@type\":\"ReadAction\",\"target\":[\"https:\\\/\\\/premiumkeszulek.hu\\\/hu\\\/termek\\\/smeg-kbsf02wh-retro-keskeszlet-feher\\\/\"]}]},{\"@type\":\"ImageObject\",\"inLanguage\":\"hu\",\"@id\":\"https:\\\/\\\/premiumkeszulek.hu\\\/hu\\\/termek\\\/smeg-kbsf02wh-retro-keskeszlet-feher\\\/#primaryimage\",\"url\":\"https:\\\/\\\/i0.wp.com\\\/premiumkeszulek.hu\\\/wp-content\\\/uploads\\\/2025\\\/10\\\/KBSF02WH-111.jpg?fit=800%2C800&ssl=1\",\"contentUrl\":\"https:\\\/\\\/i0.wp.com\\\/premiumkeszulek.hu\\\/wp-content\\\/uploads\\\/2025\\\/10\\\/KBSF02WH-111.jpg?fit=800%2C800&ssl=1\",\"width\":800,\"height\":800},{\"@type\":\"BreadcrumbList\",\"@id\":\"https:\\\/\\\/premiumkeszulek.hu\\\/hu\\\/termek\\\/smeg-kbsf02wh-retro-keskeszlet-feher\\\/#breadcrumb\",\"itemListElement\":[{\"@type\":\"ListItem\",\"position\":1,\"name\":\"Home\",\"item\":\"https:\\\/\\\/premiumkeszulek.hu\\\/hu\\\/\"},{\"@type\":\"ListItem\",\"position\":2,\"name\":\"Shop\",\"item\":\"https:\\\/\\\/premiumkeszulek.hu\\\/hu\\\/shop\\\/\"},{\"@type\":\"ListItem\",\"position\":3,\"name\":\"Smeg KBSF02WH retro k\u00e9sk\u00e9szlet feh\u00e9r\"}]},{\"@type\":\"WebSite\",\"@id\":\"https:\\\/\\\/premiumkeszulek.hu\\\/hu\\\/#website\",\"url\":\"https:\\\/\\\/premiumkeszulek.hu\\\/hu\\\/\",\"name\":\"Pr\u00e9miumK\u00e9sz\u00fcl\u00e9k\",\"description\":\"\",\"publisher\":{\"@id\":\"https:\\\/\\\/premiumkeszulek.hu\\\/hu\\\/#organization\"},\"potentialAction\":[{\"@type\":\"SearchAction\",\"target\":{\"@type\":\"EntryPoint\",\"urlTemplate\":\"https:\\\/\\\/premiumkeszulek.hu\\\/hu\\\/?s={search_term_string}\"},\"query-input\":{\"@type\":\"PropertyValueSpecification\",\"valueRequired\":true,\"valueName\":\"search_term_string\"}}],\"inLanguage\":\"hu\"},{\"@type\":\"Organization\",\"@id\":\"https:\\\/\\\/premiumkeszulek.hu\\\/hu\\\/#organization\",\"name\":\"Pr\u00e9miumK\u00e9sz\u00fcl\u00e9k\",\"alternateName\":\"HPH Special Kft\",\"url\":\"https:\\\/\\\/premiumkeszulek.hu\\\/hu\\\/\",\"logo\":{\"@type\":\"ImageObject\",\"inLanguage\":\"hu\",\"@id\":\"https:\\\/\\\/premiumkeszulek.hu\\\/hu\\\/#\\\/schema\\\/logo\\\/image\\\/\",\"url\":\"http:\\\/\\\/premiumkeszulek.hu\\\/wp-content\\\/uploads\\\/2025\\\/03\\\/TURKIZLOGO-kicsi.png\",\"contentUrl\":\"http:\\\/\\\/premiumkeszulek.hu\\\/wp-content\\\/uploads\\\/2025\\\/03\\\/TURKIZLOGO-kicsi.png\",\"width\":1600,\"height\":547,\"caption\":\"Pr\u00e9miumK\u00e9sz\u00fcl\u00e9k\"},\"image\":{\"@id\":\"https:\\\/\\\/premiumkeszulek.hu\\\/hu\\\/#\\\/schema\\\/logo\\\/image\\\/\"},\"sameAs\":[\"https:\\\/\\\/www.facebook.com\\\/konyhaluxnet\",\"https:\\\/\\\/www.instagram.com\\\/konyhaluxnet\\\/#\"],\"email\":\"info@premiumkeszulek.hu\",\"telephone\":\"36 1 \\\/ 226-1992\",\"legalName\":\"HPH Special Kft\",\"vatID\":\"HU12549502\",\"taxID\":\"12549502\",\"hasMerchantReturnPolicy\":{\"@type\":\"MerchantReturnPolicy\",\"merchantReturnLink\":\"https:\\\/\\\/premiumkeszulek.hu\\\/hu\\\/altalanos-szerzodesi-es-felhasznalasi-feltetelek\\\/\"}}]}<\/script>\n<meta property=\"product:brand\" content=\"Smeg\" \/>\n<meta property=\"product:price:amount\" content=\"143900\" \/>\n<meta property=\"product:price:currency\" content=\"HUF\" \/>\n<meta property=\"og:availability\" content=\"instock\" \/>\n<meta property=\"product:availability\" content=\"instock\" \/>\n<meta property=\"product:retailer_item_id\" content=\"KBSF02WH\" \/>\n<meta property=\"product:condition\" content=\"new\" \/>\n<!-- \/ Yoast SEO Premium plugin. -->","yoast_head_json":{"title":"Smeg KBSF02WH retro k\u00e9sk\u00e9szlet feh\u00e9r - Pr\u00e9miumK\u00e9sz\u00fcl\u00e9k","description":"Fedezze fel a Smeg KBSF02WH feh\u00e9r k\u00e9sk\u00e9szletet, egy eleg\u00e1ns retro megjelen\u00e9s\u0171 k\u00e9szlet, amely kiv\u00e1l\u00f3 min\u0151s\u00e9get k\u00edn\u00e1l. V\u00e1s\u00e1rolja meg most!","robots":{"index":"index","follow":"follow","max-snippet":"max-snippet:-1","max-image-preview":"max-image-preview:large","max-video-preview":"max-video-preview:-1"},"canonical":"https:\/\/premiumkeszulek.hu\/hu\/termek\/smeg-kbsf02wh-retro-keskeszlet-feher\/","og_locale":"hu_HU","og_type":"article","og_title":"Smeg KBSF02WH retro k\u00e9sk\u00e9szlet feh\u00e9r","og_description":"Fedezze fel a Smeg KBSF02WH feh\u00e9r k\u00e9sk\u00e9szletet, egy eleg\u00e1ns retro megjelen\u00e9s\u0171 k\u00e9szlet, amely kiv\u00e1l\u00f3 min\u0151s\u00e9get k\u00edn\u00e1l. V\u00e1s\u00e1rolja meg most!","og_url":"https:\/\/premiumkeszulek.hu\/hu\/termek\/smeg-kbsf02wh-retro-keskeszlet-feher\/","og_site_name":"Pr\u00e9miumK\u00e9sz\u00fcl\u00e9k","article_publisher":"https:\/\/www.facebook.com\/konyhaluxnet","article_modified_time":"2026-04-17T17:39:34+00:00","og_image":[{"width":800,"height":800,"url":"https:\/\/i0.wp.com\/premiumkeszulek.hu\/wp-content\/uploads\/2025\/10\/KBSF02WH-111.jpg?fit=800%2C800&ssl=1","type":"image\/jpeg"}],"twitter_card":"summary_large_image","twitter_misc":{"\u00c1r":"143.900&#70;&#116;","El\u00e9rhet\u0151s\u00e9g":"K\u00e9szleten"},"schema":{"@context":"https:\/\/schema.org","@graph":[{"@type":"WebPage","@id":"https:\/\/premiumkeszulek.hu\/hu\/termek\/smeg-kbsf02wh-retro-keskeszlet-feher\/","url":"https:\/\/premiumkeszulek.hu\/hu\/termek\/smeg-kbsf02wh-retro-keskeszlet-feher\/","name":"Smeg KBSF02WH retro k\u00e9sk\u00e9szlet feh\u00e9r - Pr\u00e9miumK\u00e9sz\u00fcl\u00e9k","isPartOf":{"@id":"https:\/\/premiumkeszulek.hu\/hu\/#website"},"primaryImageOfPage":{"@id":"https:\/\/premiumkeszulek.hu\/hu\/termek\/smeg-kbsf02wh-retro-keskeszlet-feher\/#primaryimage"},"image":{"@id":"https:\/\/premiumkeszulek.hu\/hu\/termek\/smeg-kbsf02wh-retro-keskeszlet-feher\/#primaryimage"},"thumbnailUrl":"https:\/\/i0.wp.com\/premiumkeszulek.hu\/wp-content\/uploads\/2025\/10\/KBSF02WH-111.jpg?fit=800%2C800&ssl=1","datePublished":"2025-10-19T12:45:51+00:00","dateModified":"2026-04-17T17:39:34+00:00","description":"Fedezze fel a Smeg KBSF02WH feh\u00e9r k\u00e9sk\u00e9szletet, egy eleg\u00e1ns retro megjelen\u00e9s\u0171 k\u00e9szlet, amely kiv\u00e1l\u00f3 min\u0151s\u00e9get k\u00edn\u00e1l. V\u00e1s\u00e1rolja meg most!","breadcrumb":{"@id":"https:\/\/premiumkeszulek.hu\/hu\/termek\/smeg-kbsf02wh-retro-keskeszlet-feher\/#breadcrumb"},"inLanguage":"hu","potentialAction":[{"@type":"ReadAction","target":["https:\/\/premiumkeszulek.hu\/hu\/termek\/smeg-kbsf02wh-retro-keskeszlet-feher\/"]}]},{"@type":"ImageObject","inLanguage":"hu","@id":"https:\/\/premiumkeszulek.hu\/hu\/termek\/smeg-kbsf02wh-retro-keskeszlet-feher\/#primaryimage","url":"https:\/\/i0.wp.com\/premiumkeszulek.hu\/wp-content\/uploads\/2025\/10\/KBSF02WH-111.jpg?fit=800%2C800&ssl=1","contentUrl":"https:\/\/i0.wp.com\/premiumkeszulek.hu\/wp-content\/uploads\/2025\/10\/KBSF02WH-111.jpg?fit=800%2C800&ssl=1","width":800,"height":800},{"@type":"BreadcrumbList","@id":"https:\/\/premiumkeszulek.hu\/hu\/termek\/smeg-kbsf02wh-retro-keskeszlet-feher\/#breadcrumb","itemListElement":[{"@type":"ListItem","position":1,"name":"Home","item":"https:\/\/premiumkeszulek.hu\/hu\/"},{"@type":"ListItem","position":2,"name":"Shop","item":"https:\/\/premiumkeszulek.hu\/hu\/shop\/"},{"@type":"ListItem","position":3,"name":"Smeg KBSF02WH retro k\u00e9sk\u00e9szlet feh\u00e9r"}]},{"@type":"WebSite","@id":"https:\/\/premiumkeszulek.hu\/hu\/#website","url":"https:\/\/premiumkeszulek.hu\/hu\/","name":"Pr\u00e9miumK\u00e9sz\u00fcl\u00e9k","description":"","publisher":{"@id":"https:\/\/premiumkeszulek.hu\/hu\/#organization"},"potentialAction":[{"@type":"SearchAction","target":{"@type":"EntryPoint","urlTemplate":"https:\/\/premiumkeszulek.hu\/hu\/?s={search_term_string}"},"query-input":{"@type":"PropertyValueSpecification","valueRequired":true,"valueName":"search_term_string"}}],"inLanguage":"hu"},{"@type":"Organization","@id":"https:\/\/premiumkeszulek.hu\/hu\/#organization","name":"Pr\u00e9miumK\u00e9sz\u00fcl\u00e9k","alternateName":"HPH Special Kft","url":"https:\/\/premiumkeszulek.hu\/hu\/","logo":{"@type":"ImageObject","inLanguage":"hu","@id":"https:\/\/premiumkeszulek.hu\/hu\/#\/schema\/logo\/image\/","url":"http:\/\/premiumkeszulek.hu\/wp-content\/uploads\/2025\/03\/TURKIZLOGO-kicsi.png","contentUrl":"http:\/\/premiumkeszulek.hu\/wp-content\/uploads\/2025\/03\/TURKIZLOGO-kicsi.png","width":1600,"height":547,"caption":"Pr\u00e9miumK\u00e9sz\u00fcl\u00e9k"},"image":{"@id":"https:\/\/premiumkeszulek.hu\/hu\/#\/schema\/logo\/image\/"},"sameAs":["https:\/\/www.facebook.com\/konyhaluxnet","https:\/\/www.instagram.com\/konyhaluxnet\/#"],"email":"info@premiumkeszulek.hu","telephone":"36 1 \/ 226-1992","legalName":"HPH Special Kft","vatID":"HU12549502","taxID":"12549502","hasMerchantReturnPolicy":{"@type":"MerchantReturnPolicy","merchantReturnLink":"https:\/\/premiumkeszulek.hu\/hu\/altalanos-szerzodesi-es-felhasznalasi-feltetelek\/"}}]},"product_brand":"Smeg","product_price_amount":"143900","product_price_currency":"HUF","og_availability":"instock","product_availability":"instock","product_retailer_item_id":"KBSF02WH","product_condition":"new"},"jetpack_publicize_connections":[],"jetpack_likes_enabled":true,"jetpack_sharing_enabled":true,"jetpack-related-posts":[],"_links":{"self":[{"href":"https:\/\/premiumkeszulek.hu\/hu\/wp-json\/wp\/v2\/product\/40845","targetHints":{"allow":["GET"]}}],"collection":[{"href":"https:\/\/premiumkeszulek.hu\/hu\/wp-json\/wp\/v2\/product"}],"about":[{"href":"https:\/\/premiumkeszulek.hu\/hu\/wp-json\/wp\/v2\/types\/product"}],"replies":[{"embeddable":true,"href":"https:\/\/premiumkeszulek.hu\/hu\/wp-json\/wp\/v2\/comments?post=40845"}],"wp:featuredmedia":[{"embeddable":true,"href":"https:\/\/premiumkeszulek.hu\/hu\/wp-json\/wp\/v2\/media\/40844"}],"wp:attachment":[{"href":"https:\/\/premiumkeszulek.hu\/hu\/wp-json\/wp\/v2\/media?parent=40845"}],"wp:term":[{"taxonomy":"product_brand","embeddable":true,"href":"https:\/\/premiumkeszulek.hu\/hu\/wp-json\/wp\/v2\/product_brand?post=40845"},{"taxonomy":"product_cat","embeddable":true,"href":"https:\/\/premiumkeszulek.hu\/hu\/wp-json\/wp\/v2\/product_cat?post=40845"},{"taxonomy":"product_tag","embeddable":true,"href":"https:\/\/premiumkeszulek.hu\/hu\/wp-json\/wp\/v2\/product_tag?post=40845"},{"taxonomy":"woo-feed-brand","embeddable":true,"href":"https:\/\/premiumkeszulek.hu\/hu\/wp-json\/wp\/v2\/woo-feed-brand?post=40845"}],"curies":[{"name":"wp","href":"https:\/\/api.w.org\/{rel}","templated":true}]}}