{"id":40799,"date":"2025-10-19T14:44:57","date_gmt":"2025-10-19T12:44:57","guid":{"rendered":"https:\/\/premiumkeszulek.hu\/product\/smeg-pic01whmeu-hordozhato-indukcios-fozolap-retro-matt-feher\/"},"modified":"2026-04-17T19:39:44","modified_gmt":"2026-04-17T17:39:44","slug":"smeg-pic01whmeu-hordozhato-indukcios-fozolap-retro-matt-feher","status":"publish","type":"product","link":"https:\/\/premiumkeszulek.hu\/hu\/termek\/smeg-pic01whmeu-hordozhato-indukcios-fozolap-retro-matt-feher\/","title":{"rendered":"Smeg PIC01WHMEU hordozhat\u00f3 indukci\u00f3s f\u0151z\u0151lap retro matt feh\u00e9r"},"content":{"rendered":"<p>\tHordozhat\u00f3 indukci\u00f3s f\u0151z\u0151lap k\u00fcls\u0151 h\u0151m\u00e9rs\u00e9klet szond\u00e1val a prec\u00edzi\u00f3s f\u0151z\u00e9shez \u00e9s a professzion\u00e1lis szint\u0171 \u00e9telk\u00e9sz\u00edt\u00e9shez. A Barbecue \u00e9s a S\u00fct\u00e9s automatikus programoknak k\u00f6sz\u00f6nhet\u0151en \u00e9lm\u00e9ny az \u00faj \u00e9telek elk\u00e9sz\u00edt\u00e9se.<\/p>\n<p>\u00a0\u00a0\u00a0 Magas szint\u0171 teljes\u00edtm\u00e9ny a k\u00fcls\u0151 szond\u00e1n kereszt\u00fcli h\u0151m\u00e9rs\u00e9klet-szab\u00e1lyoz\u00e1snak, valamint a C\u00e9l \u00e9s Id\u0151z\u00edt\u0151 programnak k\u00f6sz\u00f6nhet\u0151en<br \/>\n\t\u00a0\u00a0\u00a0 A Barbecue programok z\u00f6lds\u00e9gekhez, halhoz \u00e9s h\u00fashoz, valamint a S\u00fct\u00e9s programok friss \u00e9telekhez, fagyott \u00e9telekhez \u00e9s desszerthez seg\u00edts\u00e9g\u00e9vel \u00faj fog\u00e1sokat alkothat. Melegen tart\u00f3 funkci\u00f3, am\u00edg az elk\u00e9sz\u00edtett \u00e9telek t\u00e1lal\u00e1sra v\u00e1rnak.<br \/>\n\t\u00a0\u00a0\u00a0 Kilenc teljes\u00edtm\u00e9nyszint \u00e9s turb\u00f3 funkci\u00f3 a mind a finomabb, mind az er\u0151teljesebb elk\u00e9sz\u00edt\u00e9si m\u00f3dokhoz<\/p>\n<p>v\u00e1laszthat\u00f3 sz\u00ednek:<\/p>\n<p>PIC01WHMEU matt feh\u00e9r<\/p>\n<p>PIC01EGMEU smaragdz\u00f6ld<\/p>\n<p>PIC01BLMEU fekete<\/p>\n<p>H\u0151m\u00e9rs\u00e9klet szab\u00e1lyz\u00e1s<br \/>\n\t2 h\u0151m\u00e9r\u0151 szond\u00e1val m\u0171k\u00f6d\u0151 m\u00f3d a h\u0151m\u00e9rs\u00e9klet szab\u00e1lyoz\u00e1s\u00e1hoz:<\/p>\n<p>\u00a0\u00a0\u00a0 Probe Target: c\u00e9l-h\u0151m\u00e9rs\u00e9klet el\u0151re t\u00f6rt\u00e9n\u0151 be\u00e1ll\u00edt\u00e1sa \u00e9s a f\u0151z\u00e9s automatikus befejez\u00e9se, ha el\u00e9rte a k\u00edv\u00e1nt h\u0151m\u00e9rs\u00e9kletet.<br \/>\n\t\u00a0\u00a0\u00a0 Probe Timer: a f\u0151z\u00e9si c\u00e9l-h\u0151m\u00e9rs\u00e9klet be\u00e1ll\u00edt\u00e1sa \u00e9s fenntart\u00e1sa egy meghat\u00e1rozott ideig (a k\u00edv\u00e1nt f\u0151z\u00e9si szint el\u00e9r\u00e9s\u00e9ig).<\/p>\n<p>Alaptartoz\u00e9kok<br \/>\n\tTartalmazza a h\u0151m\u00e9rs\u00e9kletm\u00e9r\u0151 szond\u00e1t, klipszet a fazekakra \u00e9s serpeny\u0151kre val\u00f3 r\u00f6gz\u00edt\u00e9shez, tokot a tartoz\u00e9kok t\u00e1rol\u00e1s\u00e1hoz.<\/p>\n<p>\tHordozhat\u00f3 \u00e9s haszn\u00e1lata egyszer\u0171<br \/>\n\t\u00c9rj el kiemelked\u0151 eredm\u00e9nyeket a k\u00f6vetkez\u0151kkel:<\/p>\n<p>\u00a0\u00a0\u00a0 \u00c9rint\u00e9svez\u00e9rl\u0151 kijelz\u0151, amely fokozza a teljes\u00edtm\u00e9nyt;<br \/>\n\t\u00a0\u00a0\u00a0 Teljes\u00edtm\u00e9ny \u00e9s id\u0151z\u00edt\u0151 vez\u00e9rl\u00e9s, hogy minden alkalommal el\u00e9rd c\u00e9lodat;<\/p>\n<p>\u00a0\u00a0\u00a0 Hordozhat\u00f3 k\u00e9sz\u00fcl\u00e9k, amelyet a mindennapi f\u0151z\u00e9si kalandokhoz terveztek.<\/p>\n<p>My Smeg Assistant<br \/>\n\tFedezz fel mindent a term\u00e9kr\u0151l a mobilodon, egyszer\u0171en olvasd be a tartoz\u00e9k tokban tal\u00e1lhat\u00f3 QR-k\u00f3dot!<\/p>\n<p>Melegen tart\u00f3 funkci\u00f3<br \/>\n\tMinden elk\u00e9sz\u00fclt \u00e9telt melegen tarthatsz a t\u00e1lal\u00e1sig, a t\u00falf\u0151z\u00e9s vesz\u00e9lye n\u00e9lk\u00fcl.<\/p>\n<p>Barbecue program<br \/>\n\tSzaftos \u00e9s ropog\u00f3s \u00e9telek a grillez\u00e9s vagy roston s\u00fct\u00e9s jellegzetes \u00edz\u00e9vel.<br \/>\n\tAz \u00e9tel t\u00edpus\u00e1t\u00f3l f\u00fcgg\u0151 3 automatikus be\u00e1ll\u00edt\u00e1ssal ide\u00e1lis a z\u00f6lds\u00e9gek, halak, sz\u00e1rnyasok, hamburgerek, steakek \u00e9s szalonna elk\u00e9sz\u00edt\u00e9s\u00e9hez.<\/p>\n<p>Fry program<br \/>\n\t\u00c9lvezd a ropog\u00f3sra s\u00fclt \u00e9teleket a Fry funkci\u00f3nak k\u00f6sz\u00f6nhet\u0151en!<br \/>\n\tAz \u00e9tel t\u00edpus\u00e1t\u00f3l f\u00fcgg\u0151 3 automatikus be\u00e1ll\u00edt\u00e1ssal ide\u00e1lis a friss vagy fagyasztott \u00e9telek \u00e9s \u00e9dess\u00e9gek elk\u00e9sz\u00edt\u00e9s\u00e9hez.<\/p>\n<p>\u00a0<\/p>\n<p>\tHordozhat\u00f3 indukci\u00f3s f\u0151z\u0151lap<br \/>\n\tT\u00e1pell\u00e1t\u00e1s: 2100 W<br \/>\n\tEAN k\u00f3d: 8017709329433 (matt feh\u00e9r)<br \/>\n\tFel\u00fcletkezel\u00e9s: Matt<br \/>\n\tCollezione design csal\u00e1d<br \/>\n\tTest anyaga: M\u0171anyag<br \/>\n\tEl\u00fcls\u0151 panel anyaga: Alum\u00ednium<br \/>\n\tEl\u00fcls\u0151 panel sz\u00edn: Alum\u00ednium<br \/>\n\tEl\u00fcls\u0151 panel fel\u00fcletkezel\u00e9s: Sz\u00e1lcsiszolt, pol\u00edrozott \u00e9llel<br \/>\n\tCs\u00fasz\u00e1sg\u00e1tl\u00f3s l\u00e1bak anyaga: Gumi<br \/>\n\t\u00dcveg t\u00edpusa: Ker\u00e1mia<br \/>\n\tVez\u00e9rl\u0151gomb poz\u00edci\u00f3ja: El\u00f6ln\u00e9zet<br \/>\n\tCs\u00faszka: Igen<br \/>\n\tLED sz\u00ednek: Piros<br \/>\n\t\u00dcveg pereme: Ferde \u00e9l<br \/>\n\tSzitanyom\u00e1s sz\u00edne: Sz\u00fcrke<\/p>\n<p>Programok \/ Funkci\u00f3k<br \/>\n\tSz\u00fcnet funkci\u00f3: Igen<br \/>\n\thangjelz\u0151k: Opcion\u00e1lis<br \/>\n\tAutomatikus kikapcsol\u00e1s: Igen<br \/>\n\tAz indukci\u00f3s f\u0151z\u0151z\u00f3n\u00e1k sz\u00e1ma: 1<br \/>\n\tTeljes\u00edtm\u00e9nyszintek: 9<br \/>\n\tSzab\u00e1lyoz\u00f3k be\u00e1ll\u00edt\u00e1sai: \u00c9rint\u00e9s<br \/>\n\tF\u0151kapcsol\u00f3: Igen<\/p>\n<p>Opci\u00f3k<br \/>\n\tS\u00fct\u00e9s v\u00e9ge hangjelz\u00e9s: Igen<br \/>\n\tA z\u00e1r\/gyermekbiztons\u00e1g vez\u00e9rl\u00e9se: Igen<br \/>\n\tEgy\u00e9b lehet\u0151s\u00e9gek: Billenty\u0171zet hang ON\/OFF, Hangjelz\u00e9sek ON\/OFF, F\u00e9nyer\u0151 szintje<\/p>\n<p>M\u0170SZAKI JELLEMZ\u0150K<br \/>\n\tK\u00e9perny\u0151technol\u00f3gia: LED<br \/>\n\ted\u00e9ny\u00e9szlel\u00e9s: Igen<br \/>\n\tAutomatikus kikapcsol\u00e1s t\u00falmeleged\u00e9s eset\u00e9n: Igen<br \/>\n\tAutomatikus kikapcsol\u00e1s t\u00falfoly\u00e1s eset\u00e9n: Igen<br \/>\n\tMarad\u00e9kh\u0151 visszajelz\u0151: Igen<br \/>\n\tElektromos csatlakoz\u00e1s<br \/>\n\tFesz\u00fclts\u00e9g: 220-240 V<br \/>\n\tFrekvencia (Hz): 50\/60 Hz<br \/>\n\tT\u00e1pk\u00e1bel hossza: 1 m<br \/>\n\t\u00a0<\/p>\n","protected":false},"excerpt":{"rendered":"<p><img decoding=\"async\" alt=\"\" src=\"https:\/\/konyhaluxnet.hu\/custom\/konyhalux\/image\/cache\/w0h0q80np1\/product\/SMEG\/2024kisgepek\/PIC01BLMEU-111222.jpg\" style=\"width: 100%; height: 100%;\" \/><\/p>\n","protected":false},"featured_media":40798,"comment_status":"closed","ping_status":"closed","template":"","meta":{"_crdt_document":"","content-type":"","jetpack_post_was_ever_published":false,"jetpack_publicize_message":"","jetpack_publicize_feature_enabled":true,"jetpack_social_post_already_shared":true,"jetpack_social_options":{"image_generator_settings":{"template":"highway","default_image_id":0,"font":"","enabled":false},"version":2},"_wpas_customize_per_network":false},"product_brand":[1634],"product_cat":[5042,5044,5032],"product_tag":[],"woo-feed-brand":[],"class_list":{"0":"post-40799","1":"product","2":"type-product","3":"status-publish","4":"has-post-thumbnail","6":"product_brand-smeg","7":"product_cat-kiegeszitok","8":"product_cat-tartozekok","9":"product_cat-tobb-kategoria","10":"product_shipping_class-100000felett","12":"first","13":"instock","14":"sale","15":"taxable","16":"shipping-taxable","17":"purchasable","18":"product-type-simple"},"yoast_head":"<!-- This site is optimized with the Yoast SEO Premium plugin v26.9 (Yoast SEO v27.4) - https:\/\/yoast.com\/product\/yoast-seo-premium-wordpress\/ -->\n<title>Smeg PIC01WHMEU hordozhat\u00f3 indukci\u00f3s f\u0151z\u0151lap retro matt feh\u00e9r - Pr\u00e9miumK\u00e9sz\u00fcl\u00e9k<\/title>\n<meta name=\"description\" content=\"K\u00e9sz\u00edtse el kedvenc \u00e9teleit a Smeg PIC01WHMEU hordozhat\u00f3 indukci\u00f3s f\u0151z\u0151lappal! A prec\u00edz h\u0151m\u00e9rs\u00e9klet-\u00e9rz\u00e9kel\u00e9s seg\u00edt a t\u00f6k\u00e9letes eredm\u00e9nyekben. \ud83c\udf7d\ufe0f\" \/>\n<meta name=\"robots\" content=\"index, follow, max-snippet:-1, max-image-preview:large, max-video-preview:-1\" \/>\n<link rel=\"canonical\" href=\"https:\/\/premiumkeszulek.hu\/hu\/termek\/smeg-pic01whmeu-hordozhato-indukcios-fozolap-retro-matt-feher\/\" \/>\n<meta property=\"og:locale\" content=\"hu_HU\" \/>\n<meta property=\"og:type\" content=\"article\" \/>\n<meta property=\"og:title\" content=\"Smeg PIC01WHMEU hordozhat\u00f3 indukci\u00f3s f\u0151z\u0151lap retro matt feh\u00e9r\" \/>\n<meta property=\"og:description\" content=\"K\u00e9sz\u00edtse el kedvenc \u00e9teleit a Smeg PIC01WHMEU hordozhat\u00f3 indukci\u00f3s f\u0151z\u0151lappal! A prec\u00edz h\u0151m\u00e9rs\u00e9klet-\u00e9rz\u00e9kel\u00e9s seg\u00edt a t\u00f6k\u00e9letes eredm\u00e9nyekben. \ud83c\udf7d\ufe0f\" \/>\n<meta property=\"og:url\" content=\"https:\/\/premiumkeszulek.hu\/hu\/termek\/smeg-pic01whmeu-hordozhato-indukcios-fozolap-retro-matt-feher\/\" \/>\n<meta property=\"og:site_name\" content=\"Pr\u00e9miumK\u00e9sz\u00fcl\u00e9k\" \/>\n<meta property=\"article:publisher\" content=\"https:\/\/www.facebook.com\/konyhaluxnet\" \/>\n<meta property=\"article:modified_time\" content=\"2026-04-17T17:39:44+00:00\" \/>\n<meta property=\"og:image\" content=\"https:\/\/i0.wp.com\/premiumkeszulek.hu\/wp-content\/uploads\/2025\/10\/PIC01WHMEU-111.jpg?fit=800%2C800&ssl=1\" \/>\n\t<meta property=\"og:image:width\" content=\"800\" \/>\n\t<meta property=\"og:image:height\" content=\"800\" \/>\n\t<meta property=\"og:image:type\" content=\"image\/jpeg\" \/>\n<meta name=\"twitter:card\" content=\"summary_large_image\" \/>\n<meta name=\"twitter:label1\" content=\"\u00c1r\" \/>\n\t<meta name=\"twitter:data1\" content=\"158.900&#070;&#116;\" \/>\n\t<meta name=\"twitter:label2\" content=\"El\u00e9rhet\u0151s\u00e9g\" \/>\n\t<meta name=\"twitter:data2\" content=\"K\u00e9szleten\" \/>\n<script type=\"application\/ld+json\" class=\"yoast-schema-graph\">{\"@context\":\"https:\\\/\\\/schema.org\",\"@graph\":[{\"@type\":\"WebPage\",\"@id\":\"https:\\\/\\\/premiumkeszulek.hu\\\/hu\\\/termek\\\/smeg-pic01whmeu-hordozhato-indukcios-fozolap-retro-matt-feher\\\/\",\"url\":\"https:\\\/\\\/premiumkeszulek.hu\\\/hu\\\/termek\\\/smeg-pic01whmeu-hordozhato-indukcios-fozolap-retro-matt-feher\\\/\",\"name\":\"Smeg PIC01WHMEU hordozhat\u00f3 indukci\u00f3s f\u0151z\u0151lap retro matt feh\u00e9r - Pr\u00e9miumK\u00e9sz\u00fcl\u00e9k\",\"isPartOf\":{\"@id\":\"https:\\\/\\\/premiumkeszulek.hu\\\/hu\\\/#website\"},\"primaryImageOfPage\":{\"@id\":\"https:\\\/\\\/premiumkeszulek.hu\\\/hu\\\/termek\\\/smeg-pic01whmeu-hordozhato-indukcios-fozolap-retro-matt-feher\\\/#primaryimage\"},\"image\":{\"@id\":\"https:\\\/\\\/premiumkeszulek.hu\\\/hu\\\/termek\\\/smeg-pic01whmeu-hordozhato-indukcios-fozolap-retro-matt-feher\\\/#primaryimage\"},\"thumbnailUrl\":\"https:\\\/\\\/i0.wp.com\\\/premiumkeszulek.hu\\\/wp-content\\\/uploads\\\/2025\\\/10\\\/PIC01WHMEU-111.jpg?fit=800%2C800&ssl=1\",\"datePublished\":\"2025-10-19T12:44:57+00:00\",\"dateModified\":\"2026-04-17T17:39:44+00:00\",\"description\":\"K\u00e9sz\u00edtse el kedvenc \u00e9teleit a Smeg PIC01WHMEU hordozhat\u00f3 indukci\u00f3s f\u0151z\u0151lappal! A prec\u00edz h\u0151m\u00e9rs\u00e9klet-\u00e9rz\u00e9kel\u00e9s seg\u00edt a t\u00f6k\u00e9letes eredm\u00e9nyekben. \ud83c\udf7d\ufe0f\",\"breadcrumb\":{\"@id\":\"https:\\\/\\\/premiumkeszulek.hu\\\/hu\\\/termek\\\/smeg-pic01whmeu-hordozhato-indukcios-fozolap-retro-matt-feher\\\/#breadcrumb\"},\"inLanguage\":\"hu\",\"potentialAction\":[{\"@type\":\"ReadAction\",\"target\":[\"https:\\\/\\\/premiumkeszulek.hu\\\/hu\\\/termek\\\/smeg-pic01whmeu-hordozhato-indukcios-fozolap-retro-matt-feher\\\/\"]}]},{\"@type\":\"ImageObject\",\"inLanguage\":\"hu\",\"@id\":\"https:\\\/\\\/premiumkeszulek.hu\\\/hu\\\/termek\\\/smeg-pic01whmeu-hordozhato-indukcios-fozolap-retro-matt-feher\\\/#primaryimage\",\"url\":\"https:\\\/\\\/i0.wp.com\\\/premiumkeszulek.hu\\\/wp-content\\\/uploads\\\/2025\\\/10\\\/PIC01WHMEU-111.jpg?fit=800%2C800&ssl=1\",\"contentUrl\":\"https:\\\/\\\/i0.wp.com\\\/premiumkeszulek.hu\\\/wp-content\\\/uploads\\\/2025\\\/10\\\/PIC01WHMEU-111.jpg?fit=800%2C800&ssl=1\",\"width\":800,\"height\":800},{\"@type\":\"BreadcrumbList\",\"@id\":\"https:\\\/\\\/premiumkeszulek.hu\\\/hu\\\/termek\\\/smeg-pic01whmeu-hordozhato-indukcios-fozolap-retro-matt-feher\\\/#breadcrumb\",\"itemListElement\":[{\"@type\":\"ListItem\",\"position\":1,\"name\":\"Home\",\"item\":\"https:\\\/\\\/premiumkeszulek.hu\\\/hu\\\/\"},{\"@type\":\"ListItem\",\"position\":2,\"name\":\"Shop\",\"item\":\"https:\\\/\\\/premiumkeszulek.hu\\\/hu\\\/shop\\\/\"},{\"@type\":\"ListItem\",\"position\":3,\"name\":\"Smeg PIC01WHMEU hordozhat\u00f3 indukci\u00f3s f\u0151z\u0151lap retro matt feh\u00e9r\"}]},{\"@type\":\"WebSite\",\"@id\":\"https:\\\/\\\/premiumkeszulek.hu\\\/hu\\\/#website\",\"url\":\"https:\\\/\\\/premiumkeszulek.hu\\\/hu\\\/\",\"name\":\"Pr\u00e9miumK\u00e9sz\u00fcl\u00e9k\",\"description\":\"\",\"publisher\":{\"@id\":\"https:\\\/\\\/premiumkeszulek.hu\\\/hu\\\/#organization\"},\"potentialAction\":[{\"@type\":\"SearchAction\",\"target\":{\"@type\":\"EntryPoint\",\"urlTemplate\":\"https:\\\/\\\/premiumkeszulek.hu\\\/hu\\\/?s={search_term_string}\"},\"query-input\":{\"@type\":\"PropertyValueSpecification\",\"valueRequired\":true,\"valueName\":\"search_term_string\"}}],\"inLanguage\":\"hu\"},{\"@type\":\"Organization\",\"@id\":\"https:\\\/\\\/premiumkeszulek.hu\\\/hu\\\/#organization\",\"name\":\"Pr\u00e9miumK\u00e9sz\u00fcl\u00e9k\",\"alternateName\":\"HPH Special Kft\",\"url\":\"https:\\\/\\\/premiumkeszulek.hu\\\/hu\\\/\",\"logo\":{\"@type\":\"ImageObject\",\"inLanguage\":\"hu\",\"@id\":\"https:\\\/\\\/premiumkeszulek.hu\\\/hu\\\/#\\\/schema\\\/logo\\\/image\\\/\",\"url\":\"http:\\\/\\\/premiumkeszulek.hu\\\/wp-content\\\/uploads\\\/2025\\\/03\\\/TURKIZLOGO-kicsi.png\",\"contentUrl\":\"http:\\\/\\\/premiumkeszulek.hu\\\/wp-content\\\/uploads\\\/2025\\\/03\\\/TURKIZLOGO-kicsi.png\",\"width\":1600,\"height\":547,\"caption\":\"Pr\u00e9miumK\u00e9sz\u00fcl\u00e9k\"},\"image\":{\"@id\":\"https:\\\/\\\/premiumkeszulek.hu\\\/hu\\\/#\\\/schema\\\/logo\\\/image\\\/\"},\"sameAs\":[\"https:\\\/\\\/www.facebook.com\\\/konyhaluxnet\",\"https:\\\/\\\/www.instagram.com\\\/konyhaluxnet\\\/#\"],\"email\":\"info@premiumkeszulek.hu\",\"telephone\":\"36 1 \\\/ 226-1992\",\"legalName\":\"HPH Special Kft\",\"vatID\":\"HU12549502\",\"taxID\":\"12549502\",\"hasMerchantReturnPolicy\":{\"@type\":\"MerchantReturnPolicy\",\"merchantReturnLink\":\"https:\\\/\\\/premiumkeszulek.hu\\\/hu\\\/altalanos-szerzodesi-es-felhasznalasi-feltetelek\\\/\"}}]}<\/script>\n<meta property=\"product:brand\" content=\"Smeg\" \/>\n<meta property=\"product:price:amount\" content=\"158900\" \/>\n<meta property=\"product:price:currency\" content=\"HUF\" \/>\n<meta property=\"og:availability\" content=\"instock\" \/>\n<meta property=\"product:availability\" content=\"instock\" \/>\n<meta property=\"product:retailer_item_id\" content=\"PIC01WHMEU\" \/>\n<meta property=\"product:condition\" content=\"new\" \/>\n<!-- \/ Yoast SEO Premium plugin. -->","yoast_head_json":{"title":"Smeg PIC01WHMEU hordozhat\u00f3 indukci\u00f3s f\u0151z\u0151lap retro matt feh\u00e9r - Pr\u00e9miumK\u00e9sz\u00fcl\u00e9k","description":"K\u00e9sz\u00edtse el kedvenc \u00e9teleit a Smeg PIC01WHMEU hordozhat\u00f3 indukci\u00f3s f\u0151z\u0151lappal! A prec\u00edz h\u0151m\u00e9rs\u00e9klet-\u00e9rz\u00e9kel\u00e9s seg\u00edt a t\u00f6k\u00e9letes eredm\u00e9nyekben. \ud83c\udf7d\ufe0f","robots":{"index":"index","follow":"follow","max-snippet":"max-snippet:-1","max-image-preview":"max-image-preview:large","max-video-preview":"max-video-preview:-1"},"canonical":"https:\/\/premiumkeszulek.hu\/hu\/termek\/smeg-pic01whmeu-hordozhato-indukcios-fozolap-retro-matt-feher\/","og_locale":"hu_HU","og_type":"article","og_title":"Smeg PIC01WHMEU hordozhat\u00f3 indukci\u00f3s f\u0151z\u0151lap retro matt feh\u00e9r","og_description":"K\u00e9sz\u00edtse el kedvenc \u00e9teleit a Smeg PIC01WHMEU hordozhat\u00f3 indukci\u00f3s f\u0151z\u0151lappal! A prec\u00edz h\u0151m\u00e9rs\u00e9klet-\u00e9rz\u00e9kel\u00e9s seg\u00edt a t\u00f6k\u00e9letes eredm\u00e9nyekben. \ud83c\udf7d\ufe0f","og_url":"https:\/\/premiumkeszulek.hu\/hu\/termek\/smeg-pic01whmeu-hordozhato-indukcios-fozolap-retro-matt-feher\/","og_site_name":"Pr\u00e9miumK\u00e9sz\u00fcl\u00e9k","article_publisher":"https:\/\/www.facebook.com\/konyhaluxnet","article_modified_time":"2026-04-17T17:39:44+00:00","og_image":[{"width":800,"height":800,"url":"https:\/\/i0.wp.com\/premiumkeszulek.hu\/wp-content\/uploads\/2025\/10\/PIC01WHMEU-111.jpg?fit=800%2C800&ssl=1","type":"image\/jpeg"}],"twitter_card":"summary_large_image","twitter_misc":{"\u00c1r":"158.900&#70;&#116;","El\u00e9rhet\u0151s\u00e9g":"K\u00e9szleten"},"schema":{"@context":"https:\/\/schema.org","@graph":[{"@type":"WebPage","@id":"https:\/\/premiumkeszulek.hu\/hu\/termek\/smeg-pic01whmeu-hordozhato-indukcios-fozolap-retro-matt-feher\/","url":"https:\/\/premiumkeszulek.hu\/hu\/termek\/smeg-pic01whmeu-hordozhato-indukcios-fozolap-retro-matt-feher\/","name":"Smeg PIC01WHMEU hordozhat\u00f3 indukci\u00f3s f\u0151z\u0151lap retro matt feh\u00e9r - Pr\u00e9miumK\u00e9sz\u00fcl\u00e9k","isPartOf":{"@id":"https:\/\/premiumkeszulek.hu\/hu\/#website"},"primaryImageOfPage":{"@id":"https:\/\/premiumkeszulek.hu\/hu\/termek\/smeg-pic01whmeu-hordozhato-indukcios-fozolap-retro-matt-feher\/#primaryimage"},"image":{"@id":"https:\/\/premiumkeszulek.hu\/hu\/termek\/smeg-pic01whmeu-hordozhato-indukcios-fozolap-retro-matt-feher\/#primaryimage"},"thumbnailUrl":"https:\/\/i0.wp.com\/premiumkeszulek.hu\/wp-content\/uploads\/2025\/10\/PIC01WHMEU-111.jpg?fit=800%2C800&ssl=1","datePublished":"2025-10-19T12:44:57+00:00","dateModified":"2026-04-17T17:39:44+00:00","description":"K\u00e9sz\u00edtse el kedvenc \u00e9teleit a Smeg PIC01WHMEU hordozhat\u00f3 indukci\u00f3s f\u0151z\u0151lappal! A prec\u00edz h\u0151m\u00e9rs\u00e9klet-\u00e9rz\u00e9kel\u00e9s seg\u00edt a t\u00f6k\u00e9letes eredm\u00e9nyekben. \ud83c\udf7d\ufe0f","breadcrumb":{"@id":"https:\/\/premiumkeszulek.hu\/hu\/termek\/smeg-pic01whmeu-hordozhato-indukcios-fozolap-retro-matt-feher\/#breadcrumb"},"inLanguage":"hu","potentialAction":[{"@type":"ReadAction","target":["https:\/\/premiumkeszulek.hu\/hu\/termek\/smeg-pic01whmeu-hordozhato-indukcios-fozolap-retro-matt-feher\/"]}]},{"@type":"ImageObject","inLanguage":"hu","@id":"https:\/\/premiumkeszulek.hu\/hu\/termek\/smeg-pic01whmeu-hordozhato-indukcios-fozolap-retro-matt-feher\/#primaryimage","url":"https:\/\/i0.wp.com\/premiumkeszulek.hu\/wp-content\/uploads\/2025\/10\/PIC01WHMEU-111.jpg?fit=800%2C800&ssl=1","contentUrl":"https:\/\/i0.wp.com\/premiumkeszulek.hu\/wp-content\/uploads\/2025\/10\/PIC01WHMEU-111.jpg?fit=800%2C800&ssl=1","width":800,"height":800},{"@type":"BreadcrumbList","@id":"https:\/\/premiumkeszulek.hu\/hu\/termek\/smeg-pic01whmeu-hordozhato-indukcios-fozolap-retro-matt-feher\/#breadcrumb","itemListElement":[{"@type":"ListItem","position":1,"name":"Home","item":"https:\/\/premiumkeszulek.hu\/hu\/"},{"@type":"ListItem","position":2,"name":"Shop","item":"https:\/\/premiumkeszulek.hu\/hu\/shop\/"},{"@type":"ListItem","position":3,"name":"Smeg PIC01WHMEU hordozhat\u00f3 indukci\u00f3s f\u0151z\u0151lap retro matt feh\u00e9r"}]},{"@type":"WebSite","@id":"https:\/\/premiumkeszulek.hu\/hu\/#website","url":"https:\/\/premiumkeszulek.hu\/hu\/","name":"Pr\u00e9miumK\u00e9sz\u00fcl\u00e9k","description":"","publisher":{"@id":"https:\/\/premiumkeszulek.hu\/hu\/#organization"},"potentialAction":[{"@type":"SearchAction","target":{"@type":"EntryPoint","urlTemplate":"https:\/\/premiumkeszulek.hu\/hu\/?s={search_term_string}"},"query-input":{"@type":"PropertyValueSpecification","valueRequired":true,"valueName":"search_term_string"}}],"inLanguage":"hu"},{"@type":"Organization","@id":"https:\/\/premiumkeszulek.hu\/hu\/#organization","name":"Pr\u00e9miumK\u00e9sz\u00fcl\u00e9k","alternateName":"HPH Special Kft","url":"https:\/\/premiumkeszulek.hu\/hu\/","logo":{"@type":"ImageObject","inLanguage":"hu","@id":"https:\/\/premiumkeszulek.hu\/hu\/#\/schema\/logo\/image\/","url":"http:\/\/premiumkeszulek.hu\/wp-content\/uploads\/2025\/03\/TURKIZLOGO-kicsi.png","contentUrl":"http:\/\/premiumkeszulek.hu\/wp-content\/uploads\/2025\/03\/TURKIZLOGO-kicsi.png","width":1600,"height":547,"caption":"Pr\u00e9miumK\u00e9sz\u00fcl\u00e9k"},"image":{"@id":"https:\/\/premiumkeszulek.hu\/hu\/#\/schema\/logo\/image\/"},"sameAs":["https:\/\/www.facebook.com\/konyhaluxnet","https:\/\/www.instagram.com\/konyhaluxnet\/#"],"email":"info@premiumkeszulek.hu","telephone":"36 1 \/ 226-1992","legalName":"HPH Special Kft","vatID":"HU12549502","taxID":"12549502","hasMerchantReturnPolicy":{"@type":"MerchantReturnPolicy","merchantReturnLink":"https:\/\/premiumkeszulek.hu\/hu\/altalanos-szerzodesi-es-felhasznalasi-feltetelek\/"}}]},"product_brand":"Smeg","product_price_amount":"158900","product_price_currency":"HUF","og_availability":"instock","product_availability":"instock","product_retailer_item_id":"PIC01WHMEU","product_condition":"new"},"jetpack_publicize_connections":[],"jetpack_likes_enabled":true,"jetpack_sharing_enabled":true,"jetpack-related-posts":[],"_links":{"self":[{"href":"https:\/\/premiumkeszulek.hu\/hu\/wp-json\/wp\/v2\/product\/40799","targetHints":{"allow":["GET"]}}],"collection":[{"href":"https:\/\/premiumkeszulek.hu\/hu\/wp-json\/wp\/v2\/product"}],"about":[{"href":"https:\/\/premiumkeszulek.hu\/hu\/wp-json\/wp\/v2\/types\/product"}],"replies":[{"embeddable":true,"href":"https:\/\/premiumkeszulek.hu\/hu\/wp-json\/wp\/v2\/comments?post=40799"}],"wp:featuredmedia":[{"embeddable":true,"href":"https:\/\/premiumkeszulek.hu\/hu\/wp-json\/wp\/v2\/media\/40798"}],"wp:attachment":[{"href":"https:\/\/premiumkeszulek.hu\/hu\/wp-json\/wp\/v2\/media?parent=40799"}],"wp:term":[{"taxonomy":"product_brand","embeddable":true,"href":"https:\/\/premiumkeszulek.hu\/hu\/wp-json\/wp\/v2\/product_brand?post=40799"},{"taxonomy":"product_cat","embeddable":true,"href":"https:\/\/premiumkeszulek.hu\/hu\/wp-json\/wp\/v2\/product_cat?post=40799"},{"taxonomy":"product_tag","embeddable":true,"href":"https:\/\/premiumkeszulek.hu\/hu\/wp-json\/wp\/v2\/product_tag?post=40799"},{"taxonomy":"woo-feed-brand","embeddable":true,"href":"https:\/\/premiumkeszulek.hu\/hu\/wp-json\/wp\/v2\/woo-feed-brand?post=40799"}],"curies":[{"name":"wp","href":"https:\/\/api.w.org\/{rel}","templated":true}]}}