{"id":40787,"date":"2025-10-19T14:44:44","date_gmt":"2025-10-19T12:44:44","guid":{"rendered":"https:\/\/premiumkeszulek.hu\/product\/whirlpool-de-20-w5252-paramentesito\/"},"modified":"2026-05-05T11:13:33","modified_gmt":"2026-05-05T09:13:33","slug":"whirlpool-de-20-w5252-paramentesito","status":"publish","type":"product","link":"https:\/\/premiumkeszulek.hu\/hu\/termek\/whirlpool-de-20-w5252-paramentesito\/","title":{"rendered":"Whirlpool DE 20 W5252 p\u00e1ramentes\u00edt\u0151"},"content":{"rendered":"<p>A WHIRLPOOL DE20W5252 TOUCH DISPLAY legfontosabb tulajdons\u00e1gai:<\/p>\n<p>\u2022 4 program: norm\u00e1lis, folyamatos, 6. \u00e9rz\u00e9k \u00e9s ruha sz\u00e1r\u00edt\u00e1si.<br \/>\n\t\u2022 60 perc alatt ak\u00e1r 30%-kal cs\u00f6kkenti a helyis\u00e9g p\u00e1ratartalm\u00e1t.<br \/>\n\t\u2022 50%-kal cs\u00f6kkenti a ruhanem\u0171k sz\u00e1r\u00edt\u00e1si idej\u00e9t (sz\u00e1r\u00edt\u00e1si programmal).<\/p>\n<p>A 6. \u00c9rz\u00e9k programnak k\u00f6sz\u00f6nhet\u0151en automatikusan be\u00e1ll\u00edtja az \u00d6n sz\u00e1m\u00e1ra megfelel\u0151 p\u00e1ratartalmat minden \u00e9vszakban.<br \/>\n\tNy\u00e1ron ez seg\u00edthet abban, hogy nagyon meleg id\u0151ben is kellemes legyen a belt\u00e9ri kl\u00edma, t\u00e9len pedig gondoskodik az optim\u00e1lis p\u00e1ratartalomr\u00f3l, megakad\u00e1lyozva a falak vizesed\u00e9s\u00e9t.<br \/>\n\tA nagym\u00e9ret\u0171 v\u00edztart\u00e1ly (6,5 liter) praktikus, \u00edgy csak ritk\u00e1bban kell ki\u00fcr\u00edteni.<br \/>\n\tA t\u00f6bbsz\u00edn\u0171 led-l\u00e1mpa seg\u00edti az egyszer\u0171 haszn\u00e1lat\u00e1hoz, valamint a p\u00e1ratartalmat vizu\u00e1lisan is kiemeli: k\u00e9k (&lt;50%), z\u00f6ld (50-70%), piros (&gt; 70%)<\/p>\n<p>\u2022 \u00c9rint\u0151k\u00e9perny\u0151vel k\u00f6nny\u0171 a be\u00e1ll\u00edt\u00e1sa<br \/>\n\t\u2022 Modern, kompakt \u00e9s exkluz\u00edv kialak\u00edt\u00e1s\u00fa.<br \/>\n\t\u2022 K\u00f6nnyen mozgathat\u00f3 az als\u00f3 kerekeknek k\u00f6sz\u00f6nhet\u0151en.<br \/>\n\t\u2022 Rendk\u00edv\u00fcl k\u00f6rnyezetbar\u00e1t.<\/p>\n<p>Teljes\u00edtm\u00e9ny<br \/>\n\tA term\u00e9k f\u0151 sz\u00edne Feh\u00e9r<br \/>\n\tHepa filter Active carbon<br \/>\n\tH\u0171t\u00e9si g\u00e1z R290<br \/>\n\tNett\u00f3 s\u00faly (kg) 14<br \/>\n\tA felhaszn\u00e1l\u00f3i fel\u00fclet t\u00edpusa LCD<br \/>\n\tEAN k\u00f3d 8003437607165<br \/>\n\tFesz\u00fclts\u00e9g (V) 220-240<br \/>\n\tSzerkezeti jellemz\u0151k Magass\u00e1g (cm) 57<br \/>\n\tSz\u00e9less\u00e9g (cm) 30<br \/>\n\tM\u00e9lys\u00e9g (cm) 24<br \/>\n\tFrekvencia (Hz) 50<br \/>\n\tWhirlpool<\/p>\n","protected":false},"excerpt":{"rendered":"<p>A WHIRLPOOL DE20W5252 TOUCH DISPLAY legfontosabb tulajdons\u00e1gai: \u2022 4 program: norm\u00e1lis, folyamatos, 6. \u00e9rz\u00e9k \u00e9s ruha sz\u00e1r\u00edt\u00e1si. \u2022 60 perc alatt ak\u00e1r 30%-kal cs\u00f6kkenti a helyis\u00e9g p\u00e1ratartalm\u00e1t. \u2022 50%-kal cs\u00f6kkenti a ruhanem\u0171k sz\u00e1r\u00edt\u00e1si idej\u00e9t (sz\u00e1r\u00edt\u00e1si programmal). A 6. \u00c9rz\u00e9k programnak k\u00f6sz\u00f6nhet\u0151en automatikusan be\u00e1ll\u00edtja az \u00d6n sz\u00e1m\u00e1ra megfelel\u0151 p\u00e1ratartalmat minden \u00e9vszakban. Ny\u00e1ron ez seg\u00edthet abban, hogy [&hellip;]<\/p>\n","protected":false},"featured_media":40786,"comment_status":"closed","ping_status":"closed","template":"","meta":{"_crdt_document":"","content-type":"","jetpack_post_was_ever_published":false,"jetpack_publicize_message":"","jetpack_publicize_feature_enabled":true,"jetpack_social_post_already_shared":true,"jetpack_social_options":{"image_generator_settings":{"template":"highway","default_image_id":0,"font":"","enabled":false},"version":2},"_wpas_customize_per_network":false},"product_brand":[6849],"product_cat":[5042,5044,5032],"product_tag":[],"woo-feed-brand":[],"class_list":{"0":"post-40787","1":"product","2":"type-product","3":"status-publish","4":"has-post-thumbnail","6":"product_brand-whirlpool","7":"product_cat-kiegeszitok","8":"product_cat-tartozekok","9":"product_cat-tobb-kategoria","10":"product_shipping_class-100000alatt","12":"first","13":"instock","14":"taxable","15":"shipping-taxable","16":"purchasable","17":"product-type-simple"},"yoast_head":"<!-- This site is optimized with the Yoast SEO Premium plugin v26.9 (Yoast SEO v27.4) - https:\/\/yoast.com\/product\/yoast-seo-premium-wordpress\/ -->\n<title>Whirlpool DE 20 W5252 p\u00e1ramentes\u00edt\u0151 - Pr\u00e9miumK\u00e9sz\u00fcl\u00e9k<\/title>\n<meta name=\"description\" content=\"Fedezze fel a WHIRLPOOL DE 20 W5252 p\u00e1ramentes\u00edt\u0151t! Cs\u00f6kkentse a p\u00e1ratartalmat ak\u00e1r 30%-kal mind\u00f6ssze 60 perc alatt. V\u00e1s\u00e1roljon most!\" \/>\n<meta name=\"robots\" content=\"index, follow, max-snippet:-1, max-image-preview:large, max-video-preview:-1\" \/>\n<link rel=\"canonical\" href=\"https:\/\/premiumkeszulek.hu\/hu\/termek\/whirlpool-de-20-w5252-paramentesito\/\" \/>\n<meta property=\"og:locale\" content=\"hu_HU\" \/>\n<meta property=\"og:type\" content=\"article\" \/>\n<meta property=\"og:title\" content=\"Whirlpool DE 20 W5252 p\u00e1ramentes\u00edt\u0151\" \/>\n<meta property=\"og:description\" content=\"Fedezze fel a WHIRLPOOL DE 20 W5252 p\u00e1ramentes\u00edt\u0151t! Cs\u00f6kkentse a p\u00e1ratartalmat ak\u00e1r 30%-kal mind\u00f6ssze 60 perc alatt. V\u00e1s\u00e1roljon most!\" \/>\n<meta property=\"og:url\" content=\"https:\/\/premiumkeszulek.hu\/hu\/termek\/whirlpool-de-20-w5252-paramentesito\/\" \/>\n<meta property=\"og:site_name\" content=\"Pr\u00e9miumK\u00e9sz\u00fcl\u00e9k\" \/>\n<meta property=\"article:publisher\" content=\"https:\/\/www.facebook.com\/konyhaluxnet\" \/>\n<meta property=\"article:modified_time\" content=\"2026-05-05T09:13:33+00:00\" \/>\n<meta property=\"og:image\" content=\"https:\/\/i0.wp.com\/premiumkeszulek.hu\/wp-content\/uploads\/2025\/10\/DE20W5252-22222222222222.jpg?fit=800%2C800&ssl=1\" \/>\n\t<meta property=\"og:image:width\" content=\"800\" \/>\n\t<meta property=\"og:image:height\" content=\"800\" \/>\n\t<meta property=\"og:image:type\" content=\"image\/jpeg\" \/>\n<meta name=\"twitter:card\" content=\"summary_large_image\" \/>\n<meta name=\"twitter:label1\" content=\"\u00c1r\" \/>\n\t<meta name=\"twitter:data1\" content=\"81.090&#070;&#116;\" \/>\n\t<meta name=\"twitter:label2\" content=\"El\u00e9rhet\u0151s\u00e9g\" \/>\n\t<meta name=\"twitter:data2\" content=\"K\u00e9szleten\" \/>\n<script type=\"application\/ld+json\" class=\"yoast-schema-graph\">{\"@context\":\"https:\\\/\\\/schema.org\",\"@graph\":[{\"@type\":\"WebPage\",\"@id\":\"https:\\\/\\\/premiumkeszulek.hu\\\/hu\\\/termek\\\/whirlpool-de-20-w5252-paramentesito\\\/\",\"url\":\"https:\\\/\\\/premiumkeszulek.hu\\\/hu\\\/termek\\\/whirlpool-de-20-w5252-paramentesito\\\/\",\"name\":\"Whirlpool DE 20 W5252 p\u00e1ramentes\u00edt\u0151 - Pr\u00e9miumK\u00e9sz\u00fcl\u00e9k\",\"isPartOf\":{\"@id\":\"https:\\\/\\\/premiumkeszulek.hu\\\/hu\\\/#website\"},\"primaryImageOfPage\":{\"@id\":\"https:\\\/\\\/premiumkeszulek.hu\\\/hu\\\/termek\\\/whirlpool-de-20-w5252-paramentesito\\\/#primaryimage\"},\"image\":{\"@id\":\"https:\\\/\\\/premiumkeszulek.hu\\\/hu\\\/termek\\\/whirlpool-de-20-w5252-paramentesito\\\/#primaryimage\"},\"thumbnailUrl\":\"https:\\\/\\\/i0.wp.com\\\/premiumkeszulek.hu\\\/wp-content\\\/uploads\\\/2025\\\/10\\\/DE20W5252-22222222222222.jpg?fit=800%2C800&ssl=1\",\"datePublished\":\"2025-10-19T12:44:44+00:00\",\"dateModified\":\"2026-05-05T09:13:33+00:00\",\"description\":\"Fedezze fel a WHIRLPOOL DE 20 W5252 p\u00e1ramentes\u00edt\u0151t! Cs\u00f6kkentse a p\u00e1ratartalmat ak\u00e1r 30%-kal mind\u00f6ssze 60 perc alatt. V\u00e1s\u00e1roljon most!\",\"breadcrumb\":{\"@id\":\"https:\\\/\\\/premiumkeszulek.hu\\\/hu\\\/termek\\\/whirlpool-de-20-w5252-paramentesito\\\/#breadcrumb\"},\"inLanguage\":\"hu\",\"potentialAction\":[{\"@type\":\"ReadAction\",\"target\":[\"https:\\\/\\\/premiumkeszulek.hu\\\/hu\\\/termek\\\/whirlpool-de-20-w5252-paramentesito\\\/\"]}]},{\"@type\":\"ImageObject\",\"inLanguage\":\"hu\",\"@id\":\"https:\\\/\\\/premiumkeszulek.hu\\\/hu\\\/termek\\\/whirlpool-de-20-w5252-paramentesito\\\/#primaryimage\",\"url\":\"https:\\\/\\\/i0.wp.com\\\/premiumkeszulek.hu\\\/wp-content\\\/uploads\\\/2025\\\/10\\\/DE20W5252-22222222222222.jpg?fit=800%2C800&ssl=1\",\"contentUrl\":\"https:\\\/\\\/i0.wp.com\\\/premiumkeszulek.hu\\\/wp-content\\\/uploads\\\/2025\\\/10\\\/DE20W5252-22222222222222.jpg?fit=800%2C800&ssl=1\",\"width\":800,\"height\":800},{\"@type\":\"BreadcrumbList\",\"@id\":\"https:\\\/\\\/premiumkeszulek.hu\\\/hu\\\/termek\\\/whirlpool-de-20-w5252-paramentesito\\\/#breadcrumb\",\"itemListElement\":[{\"@type\":\"ListItem\",\"position\":1,\"name\":\"Home\",\"item\":\"https:\\\/\\\/premiumkeszulek.hu\\\/hu\\\/\"},{\"@type\":\"ListItem\",\"position\":2,\"name\":\"Shop\",\"item\":\"https:\\\/\\\/premiumkeszulek.hu\\\/hu\\\/shop\\\/\"},{\"@type\":\"ListItem\",\"position\":3,\"name\":\"Whirlpool DE 20 W5252 p\u00e1ramentes\u00edt\u0151\"}]},{\"@type\":\"WebSite\",\"@id\":\"https:\\\/\\\/premiumkeszulek.hu\\\/hu\\\/#website\",\"url\":\"https:\\\/\\\/premiumkeszulek.hu\\\/hu\\\/\",\"name\":\"Pr\u00e9miumK\u00e9sz\u00fcl\u00e9k\",\"description\":\"\",\"publisher\":{\"@id\":\"https:\\\/\\\/premiumkeszulek.hu\\\/hu\\\/#organization\"},\"potentialAction\":[{\"@type\":\"SearchAction\",\"target\":{\"@type\":\"EntryPoint\",\"urlTemplate\":\"https:\\\/\\\/premiumkeszulek.hu\\\/hu\\\/?s={search_term_string}\"},\"query-input\":{\"@type\":\"PropertyValueSpecification\",\"valueRequired\":true,\"valueName\":\"search_term_string\"}}],\"inLanguage\":\"hu\"},{\"@type\":\"Organization\",\"@id\":\"https:\\\/\\\/premiumkeszulek.hu\\\/hu\\\/#organization\",\"name\":\"Pr\u00e9miumK\u00e9sz\u00fcl\u00e9k\",\"alternateName\":\"HPH Special Kft\",\"url\":\"https:\\\/\\\/premiumkeszulek.hu\\\/hu\\\/\",\"logo\":{\"@type\":\"ImageObject\",\"inLanguage\":\"hu\",\"@id\":\"https:\\\/\\\/premiumkeszulek.hu\\\/hu\\\/#\\\/schema\\\/logo\\\/image\\\/\",\"url\":\"http:\\\/\\\/premiumkeszulek.hu\\\/wp-content\\\/uploads\\\/2025\\\/03\\\/TURKIZLOGO-kicsi.png\",\"contentUrl\":\"http:\\\/\\\/premiumkeszulek.hu\\\/wp-content\\\/uploads\\\/2025\\\/03\\\/TURKIZLOGO-kicsi.png\",\"width\":1600,\"height\":547,\"caption\":\"Pr\u00e9miumK\u00e9sz\u00fcl\u00e9k\"},\"image\":{\"@id\":\"https:\\\/\\\/premiumkeszulek.hu\\\/hu\\\/#\\\/schema\\\/logo\\\/image\\\/\"},\"sameAs\":[\"https:\\\/\\\/www.facebook.com\\\/konyhaluxnet\",\"https:\\\/\\\/www.instagram.com\\\/konyhaluxnet\\\/#\"],\"email\":\"info@premiumkeszulek.hu\",\"telephone\":\"36 1 \\\/ 226-1992\",\"legalName\":\"HPH Special Kft\",\"vatID\":\"HU12549502\",\"taxID\":\"12549502\",\"hasMerchantReturnPolicy\":{\"@type\":\"MerchantReturnPolicy\",\"merchantReturnLink\":\"https:\\\/\\\/premiumkeszulek.hu\\\/hu\\\/altalanos-szerzodesi-es-felhasznalasi-feltetelek\\\/\"}}]}<\/script>\n<meta property=\"product:brand\" content=\"Whirlpool\" \/>\n<meta property=\"product:price:amount\" content=\"81090\" \/>\n<meta property=\"product:price:currency\" content=\"HUF\" \/>\n<meta property=\"og:availability\" content=\"instock\" \/>\n<meta property=\"product:availability\" content=\"instock\" \/>\n<meta property=\"product:retailer_item_id\" content=\"859991594070\" \/>\n<meta property=\"product:condition\" content=\"new\" \/>\n<!-- \/ Yoast SEO Premium plugin. -->","yoast_head_json":{"title":"Whirlpool DE 20 W5252 p\u00e1ramentes\u00edt\u0151 - Pr\u00e9miumK\u00e9sz\u00fcl\u00e9k","description":"Fedezze fel a WHIRLPOOL DE 20 W5252 p\u00e1ramentes\u00edt\u0151t! Cs\u00f6kkentse a p\u00e1ratartalmat ak\u00e1r 30%-kal mind\u00f6ssze 60 perc alatt. V\u00e1s\u00e1roljon most!","robots":{"index":"index","follow":"follow","max-snippet":"max-snippet:-1","max-image-preview":"max-image-preview:large","max-video-preview":"max-video-preview:-1"},"canonical":"https:\/\/premiumkeszulek.hu\/hu\/termek\/whirlpool-de-20-w5252-paramentesito\/","og_locale":"hu_HU","og_type":"article","og_title":"Whirlpool DE 20 W5252 p\u00e1ramentes\u00edt\u0151","og_description":"Fedezze fel a WHIRLPOOL DE 20 W5252 p\u00e1ramentes\u00edt\u0151t! Cs\u00f6kkentse a p\u00e1ratartalmat ak\u00e1r 30%-kal mind\u00f6ssze 60 perc alatt. V\u00e1s\u00e1roljon most!","og_url":"https:\/\/premiumkeszulek.hu\/hu\/termek\/whirlpool-de-20-w5252-paramentesito\/","og_site_name":"Pr\u00e9miumK\u00e9sz\u00fcl\u00e9k","article_publisher":"https:\/\/www.facebook.com\/konyhaluxnet","article_modified_time":"2026-05-05T09:13:33+00:00","og_image":[{"width":800,"height":800,"url":"https:\/\/i0.wp.com\/premiumkeszulek.hu\/wp-content\/uploads\/2025\/10\/DE20W5252-22222222222222.jpg?fit=800%2C800&ssl=1","type":"image\/jpeg"}],"twitter_card":"summary_large_image","twitter_misc":{"\u00c1r":"81.090&#70;&#116;","El\u00e9rhet\u0151s\u00e9g":"K\u00e9szleten"},"schema":{"@context":"https:\/\/schema.org","@graph":[{"@type":"WebPage","@id":"https:\/\/premiumkeszulek.hu\/hu\/termek\/whirlpool-de-20-w5252-paramentesito\/","url":"https:\/\/premiumkeszulek.hu\/hu\/termek\/whirlpool-de-20-w5252-paramentesito\/","name":"Whirlpool DE 20 W5252 p\u00e1ramentes\u00edt\u0151 - Pr\u00e9miumK\u00e9sz\u00fcl\u00e9k","isPartOf":{"@id":"https:\/\/premiumkeszulek.hu\/hu\/#website"},"primaryImageOfPage":{"@id":"https:\/\/premiumkeszulek.hu\/hu\/termek\/whirlpool-de-20-w5252-paramentesito\/#primaryimage"},"image":{"@id":"https:\/\/premiumkeszulek.hu\/hu\/termek\/whirlpool-de-20-w5252-paramentesito\/#primaryimage"},"thumbnailUrl":"https:\/\/i0.wp.com\/premiumkeszulek.hu\/wp-content\/uploads\/2025\/10\/DE20W5252-22222222222222.jpg?fit=800%2C800&ssl=1","datePublished":"2025-10-19T12:44:44+00:00","dateModified":"2026-05-05T09:13:33+00:00","description":"Fedezze fel a WHIRLPOOL DE 20 W5252 p\u00e1ramentes\u00edt\u0151t! Cs\u00f6kkentse a p\u00e1ratartalmat ak\u00e1r 30%-kal mind\u00f6ssze 60 perc alatt. V\u00e1s\u00e1roljon most!","breadcrumb":{"@id":"https:\/\/premiumkeszulek.hu\/hu\/termek\/whirlpool-de-20-w5252-paramentesito\/#breadcrumb"},"inLanguage":"hu","potentialAction":[{"@type":"ReadAction","target":["https:\/\/premiumkeszulek.hu\/hu\/termek\/whirlpool-de-20-w5252-paramentesito\/"]}]},{"@type":"ImageObject","inLanguage":"hu","@id":"https:\/\/premiumkeszulek.hu\/hu\/termek\/whirlpool-de-20-w5252-paramentesito\/#primaryimage","url":"https:\/\/i0.wp.com\/premiumkeszulek.hu\/wp-content\/uploads\/2025\/10\/DE20W5252-22222222222222.jpg?fit=800%2C800&ssl=1","contentUrl":"https:\/\/i0.wp.com\/premiumkeszulek.hu\/wp-content\/uploads\/2025\/10\/DE20W5252-22222222222222.jpg?fit=800%2C800&ssl=1","width":800,"height":800},{"@type":"BreadcrumbList","@id":"https:\/\/premiumkeszulek.hu\/hu\/termek\/whirlpool-de-20-w5252-paramentesito\/#breadcrumb","itemListElement":[{"@type":"ListItem","position":1,"name":"Home","item":"https:\/\/premiumkeszulek.hu\/hu\/"},{"@type":"ListItem","position":2,"name":"Shop","item":"https:\/\/premiumkeszulek.hu\/hu\/shop\/"},{"@type":"ListItem","position":3,"name":"Whirlpool DE 20 W5252 p\u00e1ramentes\u00edt\u0151"}]},{"@type":"WebSite","@id":"https:\/\/premiumkeszulek.hu\/hu\/#website","url":"https:\/\/premiumkeszulek.hu\/hu\/","name":"Pr\u00e9miumK\u00e9sz\u00fcl\u00e9k","description":"","publisher":{"@id":"https:\/\/premiumkeszulek.hu\/hu\/#organization"},"potentialAction":[{"@type":"SearchAction","target":{"@type":"EntryPoint","urlTemplate":"https:\/\/premiumkeszulek.hu\/hu\/?s={search_term_string}"},"query-input":{"@type":"PropertyValueSpecification","valueRequired":true,"valueName":"search_term_string"}}],"inLanguage":"hu"},{"@type":"Organization","@id":"https:\/\/premiumkeszulek.hu\/hu\/#organization","name":"Pr\u00e9miumK\u00e9sz\u00fcl\u00e9k","alternateName":"HPH Special Kft","url":"https:\/\/premiumkeszulek.hu\/hu\/","logo":{"@type":"ImageObject","inLanguage":"hu","@id":"https:\/\/premiumkeszulek.hu\/hu\/#\/schema\/logo\/image\/","url":"http:\/\/premiumkeszulek.hu\/wp-content\/uploads\/2025\/03\/TURKIZLOGO-kicsi.png","contentUrl":"http:\/\/premiumkeszulek.hu\/wp-content\/uploads\/2025\/03\/TURKIZLOGO-kicsi.png","width":1600,"height":547,"caption":"Pr\u00e9miumK\u00e9sz\u00fcl\u00e9k"},"image":{"@id":"https:\/\/premiumkeszulek.hu\/hu\/#\/schema\/logo\/image\/"},"sameAs":["https:\/\/www.facebook.com\/konyhaluxnet","https:\/\/www.instagram.com\/konyhaluxnet\/#"],"email":"info@premiumkeszulek.hu","telephone":"36 1 \/ 226-1992","legalName":"HPH Special Kft","vatID":"HU12549502","taxID":"12549502","hasMerchantReturnPolicy":{"@type":"MerchantReturnPolicy","merchantReturnLink":"https:\/\/premiumkeszulek.hu\/hu\/altalanos-szerzodesi-es-felhasznalasi-feltetelek\/"}}]},"product_brand":"Whirlpool","product_price_amount":"81090","product_price_currency":"HUF","og_availability":"instock","product_availability":"instock","product_retailer_item_id":"859991594070","product_condition":"new"},"jetpack_publicize_connections":[],"jetpack_likes_enabled":true,"jetpack_sharing_enabled":true,"jetpack-related-posts":[],"_links":{"self":[{"href":"https:\/\/premiumkeszulek.hu\/hu\/wp-json\/wp\/v2\/product\/40787","targetHints":{"allow":["GET"]}}],"collection":[{"href":"https:\/\/premiumkeszulek.hu\/hu\/wp-json\/wp\/v2\/product"}],"about":[{"href":"https:\/\/premiumkeszulek.hu\/hu\/wp-json\/wp\/v2\/types\/product"}],"replies":[{"embeddable":true,"href":"https:\/\/premiumkeszulek.hu\/hu\/wp-json\/wp\/v2\/comments?post=40787"}],"wp:featuredmedia":[{"embeddable":true,"href":"https:\/\/premiumkeszulek.hu\/hu\/wp-json\/wp\/v2\/media\/40786"}],"wp:attachment":[{"href":"https:\/\/premiumkeszulek.hu\/hu\/wp-json\/wp\/v2\/media?parent=40787"}],"wp:term":[{"taxonomy":"product_brand","embeddable":true,"href":"https:\/\/premiumkeszulek.hu\/hu\/wp-json\/wp\/v2\/product_brand?post=40787"},{"taxonomy":"product_cat","embeddable":true,"href":"https:\/\/premiumkeszulek.hu\/hu\/wp-json\/wp\/v2\/product_cat?post=40787"},{"taxonomy":"product_tag","embeddable":true,"href":"https:\/\/premiumkeszulek.hu\/hu\/wp-json\/wp\/v2\/product_tag?post=40787"},{"taxonomy":"woo-feed-brand","embeddable":true,"href":"https:\/\/premiumkeszulek.hu\/hu\/wp-json\/wp\/v2\/woo-feed-brand?post=40787"}],"curies":[{"name":"wp","href":"https:\/\/api.w.org\/{rel}","templated":true}]}}