{"id":40618,"date":"2025-10-13T18:02:48","date_gmt":"2025-10-13T16:02:48","guid":{"rendered":"https:\/\/premiumkeszulek.hu\/product\/smeg-egf03blmeu-orlovel-kombinalt-espresso-kavefozo-retro-matt-fekete\/"},"modified":"2026-04-17T19:39:25","modified_gmt":"2026-04-17T17:39:25","slug":"smeg-egf03blmeu-orlovel-kombinalt-espresso-kavefozo-retro-matt-fekete","status":"publish","type":"product","link":"https:\/\/premiumkeszulek.hu\/hu\/termek\/smeg-egf03blmeu-orlovel-kombinalt-espresso-kavefozo-retro-matt-fekete\/","title":{"rendered":"Smeg EGF03BLMEU \u0151rl\u0151vel kombin\u00e1lt espresso k\u00e1v\u00e9f\u0151z\u0151 retro matt fekete"},"content":{"rendered":"<p>SMEG \u0151rl\u0151vel kombin\u00e1lt espresso k\u00e1v\u00e9f\u0151z\u0151:<\/p>\n<p>\t50-es \u00e9vek retro design<br \/>\n\t\u00f6nt\u00f6tt alum\u00ednium h\u00e1z<br \/>\n\trozsdamentes ac\u00e9l cs\u00e9szemeleg\u00edt\u0151<br \/>\n\trozsdamentes ac\u00e9l sz\u0171r\u0151tart\u00f3 kan\u00e1l<br \/>\n\trozsdamentes ac\u00e9l cs\u00e9sze t\u00e1lca<br \/>\n\t\u00f6nt\u00f6tt alum\u00ednium cseppt\u00e1lca<br \/>\n\tdupla thermoblock f\u0171t\u0151rendszer<br \/>\n\t15 bar v\u00edznyom\u00e1s<br \/>\n\tkivehet\u0151 v\u00edztart\u00e1ly (2,4 l)<br \/>\n\t250g k\u00e1v\u00e9bab tart\u00e1ly<br \/>\n\tforr\u00f3 v\u00edz\/g\u0151z adagol\u00f3<br \/>\n\t1650 W-os teljes\u00edtm\u00e9ny<br \/>\n\tszimpla\/dupla k\u00e1v\u00e9<br \/>\n\t\u00e1ll\u00edthat\u00f3 k\u00e1v\u00e9hossz<br \/>\n\t\u00e1ll\u00edthat\u00f3 k\u00e1v\u00e9 h\u0151m\u00e9rs\u00e9klet<br \/>\n\t\u00e1ll\u00edthat\u00f3 v\u00edz kem\u00e9nys\u00e9g<br \/>\n\t\u00e1ll\u00edthat\u00f3 dar\u00e1l\u00e1si er\u0151ss\u00e9g<br \/>\n\t\u00e1ll\u00edthat\u00f3 g\u0151z\u00f6l\u00e9si er\u0151ss\u00e9g<br \/>\n\tnyom\u00e1sm\u00e9r\u0151 manom\u00e9ter<\/p>\n<p>Tartoz\u00e9kok:<\/p>\n<p>\t1 db szimpla\u00a0sz\u0171r\u0151bet\u00e9t (hagyom\u00e1nyos)<br \/>\n\t1\u00a0db dupla sz\u0171r\u0151bet\u00e9t (hagyom\u00e1nyos)<br \/>\n\t1 db szimpla\u00a0sz\u0171r\u0151bet\u00e9t (nyom\u00e1sz\u00e1rt)<br \/>\n\t1 db dupla sz\u0171r\u0151bet\u00e9t (nyom\u00e1sz\u00e1rt)<br \/>\n\ttejes ed\u00e9ny (rozsdamentes ac\u00e9l)<br \/>\n\ttiszt\u00edt\u00f3 k\u00e9szlet<br \/>\n\tv\u00edzkem\u00e9nys\u00e9g teszter<br \/>\n\t443x334x430 mm <\/p>\n","protected":false},"excerpt":{"rendered":"<p>SMEG \u0151rl\u0151vel kombin\u00e1lt espresso k\u00e1v\u00e9f\u0151z\u0151: 50-es \u00e9vek retro design \u00f6nt\u00f6tt alum\u00ednium h\u00e1z rozsdamentes ac\u00e9l cs\u00e9szemeleg\u00edt\u0151 rozsdamentes ac\u00e9l sz\u0171r\u0151tart\u00f3 kan\u00e1l rozsdamentes ac\u00e9l cs\u00e9sze t\u00e1lca \u00f6nt\u00f6tt alum\u00ednium cseppt\u00e1lca dupla thermoblock f\u0171t\u0151rendszer 15 bar v\u00edznyom\u00e1s kivehet\u0151 v\u00edztart\u00e1ly (2,4 l) 250g k\u00e1v\u00e9bab tart\u00e1ly forr\u00f3 v\u00edz\/g\u0151z adagol\u00f3 1650 W-os teljes\u00edtm\u00e9ny szimpla\/dupla k\u00e1v\u00e9 \u00e1ll\u00edthat\u00f3 k\u00e1v\u00e9hossz \u00e1ll\u00edthat\u00f3 k\u00e1v\u00e9 h\u0151m\u00e9rs\u00e9klet \u00e1ll\u00edthat\u00f3 v\u00edz kem\u00e9nys\u00e9g [&hellip;]<\/p>\n","protected":false},"featured_media":40617,"comment_status":"closed","ping_status":"closed","template":"","meta":{"_crdt_document":"","content-type":"","jetpack_post_was_ever_published":false,"jetpack_publicize_message":"","jetpack_publicize_feature_enabled":true,"jetpack_social_post_already_shared":true,"jetpack_social_options":{"image_generator_settings":{"template":"highway","default_image_id":0,"font":"","enabled":false},"version":2},"_wpas_customize_per_network":false},"product_brand":[1634],"product_cat":[5035,5033,5032],"product_tag":[],"woo-feed-brand":[],"class_list":{"0":"post-40618","1":"product","2":"type-product","3":"status-publish","4":"has-post-thumbnail","6":"product_brand-smeg","7":"product_cat-kavefozok","8":"product_cat-kiskeszulek","9":"product_cat-tobb-kategoria","10":"product_shipping_class-100000felett","12":"first","13":"onbackorder","14":"taxable","15":"shipping-taxable","16":"purchasable","17":"product-type-simple"},"yoast_head":"<!-- This site is optimized with the Yoast SEO Premium plugin v26.9 (Yoast SEO v27.4) - https:\/\/yoast.com\/product\/yoast-seo-premium-wordpress\/ -->\n<title>Smeg EGF03BLMEU \u0151rl\u0151vel kombin\u00e1lt espresso k\u00e1v\u00e9f\u0151z\u0151 retro matt fekete - Pr\u00e9miumK\u00e9sz\u00fcl\u00e9k<\/title>\n<meta name=\"description\" content=\"\u00c9lvezze a frissen \u0151r\u00f6lt k\u00e1v\u00e9 arom\u00e1j\u00e1t a Smeg EGF03BLMEU \u0151rl\u0151vel kombin\u00e1lt espresso k\u00e1v\u00e9f\u0151z\u0151vel! Rendelje meg most az \u00edzek var\u00e1zs\u00e1t!\" \/>\n<meta name=\"robots\" content=\"index, follow, max-snippet:-1, max-image-preview:large, max-video-preview:-1\" \/>\n<link rel=\"canonical\" href=\"https:\/\/premiumkeszulek.hu\/hu\/termek\/smeg-egf03blmeu-orlovel-kombinalt-espresso-kavefozo-retro-matt-fekete\/\" \/>\n<meta property=\"og:locale\" content=\"hu_HU\" \/>\n<meta property=\"og:type\" content=\"article\" \/>\n<meta property=\"og:title\" content=\"Smeg EGF03BLMEU \u0151rl\u0151vel kombin\u00e1lt espresso k\u00e1v\u00e9f\u0151z\u0151 retro matt fekete\" \/>\n<meta property=\"og:description\" content=\"\u00c9lvezze a frissen \u0151r\u00f6lt k\u00e1v\u00e9 arom\u00e1j\u00e1t a Smeg EGF03BLMEU \u0151rl\u0151vel kombin\u00e1lt espresso k\u00e1v\u00e9f\u0151z\u0151vel! Rendelje meg most az \u00edzek var\u00e1zs\u00e1t!\" \/>\n<meta property=\"og:url\" content=\"https:\/\/premiumkeszulek.hu\/hu\/termek\/smeg-egf03blmeu-orlovel-kombinalt-espresso-kavefozo-retro-matt-fekete\/\" \/>\n<meta property=\"og:site_name\" content=\"Pr\u00e9miumK\u00e9sz\u00fcl\u00e9k\" \/>\n<meta property=\"article:publisher\" content=\"https:\/\/www.facebook.com\/konyhaluxnet\" \/>\n<meta property=\"article:modified_time\" content=\"2026-04-17T17:39:25+00:00\" \/>\n<meta property=\"og:image\" content=\"https:\/\/i0.wp.com\/premiumkeszulek.hu\/wp-content\/uploads\/2025\/10\/EGF03BLMEU-222.jpg?fit=800%2C800&ssl=1\" \/>\n\t<meta property=\"og:image:width\" content=\"800\" \/>\n\t<meta property=\"og:image:height\" content=\"800\" \/>\n\t<meta property=\"og:image:type\" content=\"image\/jpeg\" \/>\n<meta name=\"twitter:card\" content=\"summary_large_image\" \/>\n<meta name=\"twitter:label1\" content=\"\u00c1r\" \/>\n\t<meta name=\"twitter:data1\" content=\"360.900&#070;&#116;\" \/>\n\t<meta name=\"twitter:label2\" content=\"El\u00e9rhet\u0151s\u00e9g\" \/>\n\t<meta name=\"twitter:data2\" content=\"Beszerz\u00e9s alatt\" \/>\n<script type=\"application\/ld+json\" class=\"yoast-schema-graph\">{\"@context\":\"https:\\\/\\\/schema.org\",\"@graph\":[{\"@type\":\"WebPage\",\"@id\":\"https:\\\/\\\/premiumkeszulek.hu\\\/product\\\/smeg-egf03blmeu-orlovel-kombinalt-espresso-kavefozo-retro-matt-fekete\\\/\",\"url\":\"https:\\\/\\\/premiumkeszulek.hu\\\/product\\\/smeg-egf03blmeu-orlovel-kombinalt-espresso-kavefozo-retro-matt-fekete\\\/\",\"name\":\"Smeg EGF03BLMEU \u0151rl\u0151vel kombin\u00e1lt espresso k\u00e1v\u00e9f\u0151z\u0151 retro matt fekete - Pr\u00e9miumK\u00e9sz\u00fcl\u00e9k\",\"isPartOf\":{\"@id\":\"https:\\\/\\\/premiumkeszulek.hu\\\/hu\\\/#website\"},\"primaryImageOfPage\":{\"@id\":\"https:\\\/\\\/premiumkeszulek.hu\\\/product\\\/smeg-egf03blmeu-orlovel-kombinalt-espresso-kavefozo-retro-matt-fekete\\\/#primaryimage\"},\"image\":{\"@id\":\"https:\\\/\\\/premiumkeszulek.hu\\\/product\\\/smeg-egf03blmeu-orlovel-kombinalt-espresso-kavefozo-retro-matt-fekete\\\/#primaryimage\"},\"thumbnailUrl\":\"https:\\\/\\\/i0.wp.com\\\/premiumkeszulek.hu\\\/wp-content\\\/uploads\\\/2025\\\/10\\\/EGF03BLMEU-222.jpg?fit=800%2C800&ssl=1\",\"datePublished\":\"2025-10-13T16:02:48+00:00\",\"dateModified\":\"2026-04-17T17:39:25+00:00\",\"description\":\"\u00c9lvezze a frissen \u0151r\u00f6lt k\u00e1v\u00e9 arom\u00e1j\u00e1t a Smeg EGF03BLMEU \u0151rl\u0151vel kombin\u00e1lt espresso k\u00e1v\u00e9f\u0151z\u0151vel! Rendelje meg most az \u00edzek var\u00e1zs\u00e1t!\",\"breadcrumb\":{\"@id\":\"https:\\\/\\\/premiumkeszulek.hu\\\/product\\\/smeg-egf03blmeu-orlovel-kombinalt-espresso-kavefozo-retro-matt-fekete\\\/#breadcrumb\"},\"inLanguage\":\"hu\",\"potentialAction\":[{\"@type\":\"ReadAction\",\"target\":[\"https:\\\/\\\/premiumkeszulek.hu\\\/product\\\/smeg-egf03blmeu-orlovel-kombinalt-espresso-kavefozo-retro-matt-fekete\\\/\"]}]},{\"@type\":\"ImageObject\",\"inLanguage\":\"hu\",\"@id\":\"https:\\\/\\\/premiumkeszulek.hu\\\/product\\\/smeg-egf03blmeu-orlovel-kombinalt-espresso-kavefozo-retro-matt-fekete\\\/#primaryimage\",\"url\":\"https:\\\/\\\/i0.wp.com\\\/premiumkeszulek.hu\\\/wp-content\\\/uploads\\\/2025\\\/10\\\/EGF03BLMEU-222.jpg?fit=800%2C800&ssl=1\",\"contentUrl\":\"https:\\\/\\\/i0.wp.com\\\/premiumkeszulek.hu\\\/wp-content\\\/uploads\\\/2025\\\/10\\\/EGF03BLMEU-222.jpg?fit=800%2C800&ssl=1\",\"width\":800,\"height\":800},{\"@type\":\"BreadcrumbList\",\"@id\":\"https:\\\/\\\/premiumkeszulek.hu\\\/product\\\/smeg-egf03blmeu-orlovel-kombinalt-espresso-kavefozo-retro-matt-fekete\\\/#breadcrumb\",\"itemListElement\":[{\"@type\":\"ListItem\",\"position\":1,\"name\":\"Home\",\"item\":\"https:\\\/\\\/premiumkeszulek.hu\\\/hu\\\/\"},{\"@type\":\"ListItem\",\"position\":2,\"name\":\"Shop\",\"item\":\"https:\\\/\\\/premiumkeszulek.hu\\\/hu\\\/shop\\\/\"},{\"@type\":\"ListItem\",\"position\":3,\"name\":\"Smeg EGF03BLMEU \u0151rl\u0151vel kombin\u00e1lt espresso k\u00e1v\u00e9f\u0151z\u0151 retro matt fekete\"}]},{\"@type\":\"WebSite\",\"@id\":\"https:\\\/\\\/premiumkeszulek.hu\\\/hu\\\/#website\",\"url\":\"https:\\\/\\\/premiumkeszulek.hu\\\/hu\\\/\",\"name\":\"Pr\u00e9miumK\u00e9sz\u00fcl\u00e9k\",\"description\":\"\",\"publisher\":{\"@id\":\"https:\\\/\\\/premiumkeszulek.hu\\\/hu\\\/#organization\"},\"potentialAction\":[{\"@type\":\"SearchAction\",\"target\":{\"@type\":\"EntryPoint\",\"urlTemplate\":\"https:\\\/\\\/premiumkeszulek.hu\\\/hu\\\/?s={search_term_string}\"},\"query-input\":{\"@type\":\"PropertyValueSpecification\",\"valueRequired\":true,\"valueName\":\"search_term_string\"}}],\"inLanguage\":\"hu\"},{\"@type\":\"Organization\",\"@id\":\"https:\\\/\\\/premiumkeszulek.hu\\\/hu\\\/#organization\",\"name\":\"Pr\u00e9miumK\u00e9sz\u00fcl\u00e9k\",\"alternateName\":\"HPH Special Kft\",\"url\":\"https:\\\/\\\/premiumkeszulek.hu\\\/hu\\\/\",\"logo\":{\"@type\":\"ImageObject\",\"inLanguage\":\"hu\",\"@id\":\"https:\\\/\\\/premiumkeszulek.hu\\\/hu\\\/#\\\/schema\\\/logo\\\/image\\\/\",\"url\":\"http:\\\/\\\/premiumkeszulek.hu\\\/wp-content\\\/uploads\\\/2025\\\/03\\\/TURKIZLOGO-kicsi.png\",\"contentUrl\":\"http:\\\/\\\/premiumkeszulek.hu\\\/wp-content\\\/uploads\\\/2025\\\/03\\\/TURKIZLOGO-kicsi.png\",\"width\":1600,\"height\":547,\"caption\":\"Pr\u00e9miumK\u00e9sz\u00fcl\u00e9k\"},\"image\":{\"@id\":\"https:\\\/\\\/premiumkeszulek.hu\\\/hu\\\/#\\\/schema\\\/logo\\\/image\\\/\"},\"sameAs\":[\"https:\\\/\\\/www.facebook.com\\\/konyhaluxnet\",\"https:\\\/\\\/www.instagram.com\\\/konyhaluxnet\\\/#\"],\"email\":\"info@premiumkeszulek.hu\",\"telephone\":\"36 1 \\\/ 226-1992\",\"legalName\":\"HPH Special Kft\",\"vatID\":\"HU12549502\",\"taxID\":\"12549502\",\"hasMerchantReturnPolicy\":{\"@type\":\"MerchantReturnPolicy\",\"merchantReturnLink\":\"https:\\\/\\\/premiumkeszulek.hu\\\/hu\\\/altalanos-szerzodesi-es-felhasznalasi-feltetelek\\\/\"}}]}<\/script>\n<meta property=\"product:brand\" content=\"Smeg\" \/>\n<meta property=\"product:price:amount\" content=\"360900\" \/>\n<meta property=\"product:price:currency\" content=\"HUF\" \/>\n<meta property=\"og:availability\" content=\"backorder\" \/>\n<meta property=\"product:availability\" content=\"available for order\" \/>\n<meta property=\"product:retailer_item_id\" content=\"EGF03BLMEU\" \/>\n<meta property=\"product:condition\" content=\"new\" \/>\n<!-- \/ Yoast SEO Premium plugin. -->","yoast_head_json":{"title":"Smeg EGF03BLMEU \u0151rl\u0151vel kombin\u00e1lt espresso k\u00e1v\u00e9f\u0151z\u0151 retro matt fekete - Pr\u00e9miumK\u00e9sz\u00fcl\u00e9k","description":"\u00c9lvezze a frissen \u0151r\u00f6lt k\u00e1v\u00e9 arom\u00e1j\u00e1t a Smeg EGF03BLMEU \u0151rl\u0151vel kombin\u00e1lt espresso k\u00e1v\u00e9f\u0151z\u0151vel! Rendelje meg most az \u00edzek var\u00e1zs\u00e1t!","robots":{"index":"index","follow":"follow","max-snippet":"max-snippet:-1","max-image-preview":"max-image-preview:large","max-video-preview":"max-video-preview:-1"},"canonical":"https:\/\/premiumkeszulek.hu\/hu\/termek\/smeg-egf03blmeu-orlovel-kombinalt-espresso-kavefozo-retro-matt-fekete\/","og_locale":"hu_HU","og_type":"article","og_title":"Smeg EGF03BLMEU \u0151rl\u0151vel kombin\u00e1lt espresso k\u00e1v\u00e9f\u0151z\u0151 retro matt fekete","og_description":"\u00c9lvezze a frissen \u0151r\u00f6lt k\u00e1v\u00e9 arom\u00e1j\u00e1t a Smeg EGF03BLMEU \u0151rl\u0151vel kombin\u00e1lt espresso k\u00e1v\u00e9f\u0151z\u0151vel! Rendelje meg most az \u00edzek var\u00e1zs\u00e1t!","og_url":"https:\/\/premiumkeszulek.hu\/hu\/termek\/smeg-egf03blmeu-orlovel-kombinalt-espresso-kavefozo-retro-matt-fekete\/","og_site_name":"Pr\u00e9miumK\u00e9sz\u00fcl\u00e9k","article_publisher":"https:\/\/www.facebook.com\/konyhaluxnet","article_modified_time":"2026-04-17T17:39:25+00:00","og_image":[{"width":800,"height":800,"url":"https:\/\/i0.wp.com\/premiumkeszulek.hu\/wp-content\/uploads\/2025\/10\/EGF03BLMEU-222.jpg?fit=800%2C800&ssl=1","type":"image\/jpeg"}],"twitter_card":"summary_large_image","twitter_misc":{"\u00c1r":"360.900&#70;&#116;","El\u00e9rhet\u0151s\u00e9g":"Beszerz\u00e9s alatt"},"schema":{"@context":"https:\/\/schema.org","@graph":[{"@type":"WebPage","@id":"https:\/\/premiumkeszulek.hu\/product\/smeg-egf03blmeu-orlovel-kombinalt-espresso-kavefozo-retro-matt-fekete\/","url":"https:\/\/premiumkeszulek.hu\/product\/smeg-egf03blmeu-orlovel-kombinalt-espresso-kavefozo-retro-matt-fekete\/","name":"Smeg EGF03BLMEU \u0151rl\u0151vel kombin\u00e1lt espresso k\u00e1v\u00e9f\u0151z\u0151 retro matt fekete - Pr\u00e9miumK\u00e9sz\u00fcl\u00e9k","isPartOf":{"@id":"https:\/\/premiumkeszulek.hu\/hu\/#website"},"primaryImageOfPage":{"@id":"https:\/\/premiumkeszulek.hu\/product\/smeg-egf03blmeu-orlovel-kombinalt-espresso-kavefozo-retro-matt-fekete\/#primaryimage"},"image":{"@id":"https:\/\/premiumkeszulek.hu\/product\/smeg-egf03blmeu-orlovel-kombinalt-espresso-kavefozo-retro-matt-fekete\/#primaryimage"},"thumbnailUrl":"https:\/\/i0.wp.com\/premiumkeszulek.hu\/wp-content\/uploads\/2025\/10\/EGF03BLMEU-222.jpg?fit=800%2C800&ssl=1","datePublished":"2025-10-13T16:02:48+00:00","dateModified":"2026-04-17T17:39:25+00:00","description":"\u00c9lvezze a frissen \u0151r\u00f6lt k\u00e1v\u00e9 arom\u00e1j\u00e1t a Smeg EGF03BLMEU \u0151rl\u0151vel kombin\u00e1lt espresso k\u00e1v\u00e9f\u0151z\u0151vel! Rendelje meg most az \u00edzek var\u00e1zs\u00e1t!","breadcrumb":{"@id":"https:\/\/premiumkeszulek.hu\/product\/smeg-egf03blmeu-orlovel-kombinalt-espresso-kavefozo-retro-matt-fekete\/#breadcrumb"},"inLanguage":"hu","potentialAction":[{"@type":"ReadAction","target":["https:\/\/premiumkeszulek.hu\/product\/smeg-egf03blmeu-orlovel-kombinalt-espresso-kavefozo-retro-matt-fekete\/"]}]},{"@type":"ImageObject","inLanguage":"hu","@id":"https:\/\/premiumkeszulek.hu\/product\/smeg-egf03blmeu-orlovel-kombinalt-espresso-kavefozo-retro-matt-fekete\/#primaryimage","url":"https:\/\/i0.wp.com\/premiumkeszulek.hu\/wp-content\/uploads\/2025\/10\/EGF03BLMEU-222.jpg?fit=800%2C800&ssl=1","contentUrl":"https:\/\/i0.wp.com\/premiumkeszulek.hu\/wp-content\/uploads\/2025\/10\/EGF03BLMEU-222.jpg?fit=800%2C800&ssl=1","width":800,"height":800},{"@type":"BreadcrumbList","@id":"https:\/\/premiumkeszulek.hu\/product\/smeg-egf03blmeu-orlovel-kombinalt-espresso-kavefozo-retro-matt-fekete\/#breadcrumb","itemListElement":[{"@type":"ListItem","position":1,"name":"Home","item":"https:\/\/premiumkeszulek.hu\/hu\/"},{"@type":"ListItem","position":2,"name":"Shop","item":"https:\/\/premiumkeszulek.hu\/hu\/shop\/"},{"@type":"ListItem","position":3,"name":"Smeg EGF03BLMEU \u0151rl\u0151vel kombin\u00e1lt espresso k\u00e1v\u00e9f\u0151z\u0151 retro matt fekete"}]},{"@type":"WebSite","@id":"https:\/\/premiumkeszulek.hu\/hu\/#website","url":"https:\/\/premiumkeszulek.hu\/hu\/","name":"Pr\u00e9miumK\u00e9sz\u00fcl\u00e9k","description":"","publisher":{"@id":"https:\/\/premiumkeszulek.hu\/hu\/#organization"},"potentialAction":[{"@type":"SearchAction","target":{"@type":"EntryPoint","urlTemplate":"https:\/\/premiumkeszulek.hu\/hu\/?s={search_term_string}"},"query-input":{"@type":"PropertyValueSpecification","valueRequired":true,"valueName":"search_term_string"}}],"inLanguage":"hu"},{"@type":"Organization","@id":"https:\/\/premiumkeszulek.hu\/hu\/#organization","name":"Pr\u00e9miumK\u00e9sz\u00fcl\u00e9k","alternateName":"HPH Special Kft","url":"https:\/\/premiumkeszulek.hu\/hu\/","logo":{"@type":"ImageObject","inLanguage":"hu","@id":"https:\/\/premiumkeszulek.hu\/hu\/#\/schema\/logo\/image\/","url":"http:\/\/premiumkeszulek.hu\/wp-content\/uploads\/2025\/03\/TURKIZLOGO-kicsi.png","contentUrl":"http:\/\/premiumkeszulek.hu\/wp-content\/uploads\/2025\/03\/TURKIZLOGO-kicsi.png","width":1600,"height":547,"caption":"Pr\u00e9miumK\u00e9sz\u00fcl\u00e9k"},"image":{"@id":"https:\/\/premiumkeszulek.hu\/hu\/#\/schema\/logo\/image\/"},"sameAs":["https:\/\/www.facebook.com\/konyhaluxnet","https:\/\/www.instagram.com\/konyhaluxnet\/#"],"email":"info@premiumkeszulek.hu","telephone":"36 1 \/ 226-1992","legalName":"HPH Special Kft","vatID":"HU12549502","taxID":"12549502","hasMerchantReturnPolicy":{"@type":"MerchantReturnPolicy","merchantReturnLink":"https:\/\/premiumkeszulek.hu\/hu\/altalanos-szerzodesi-es-felhasznalasi-feltetelek\/"}}]},"product_brand":"Smeg","product_price_amount":"360900","product_price_currency":"HUF","og_availability":"backorder","product_availability":"available for order","product_retailer_item_id":"EGF03BLMEU","product_condition":"new"},"jetpack_publicize_connections":[],"jetpack_likes_enabled":true,"jetpack_sharing_enabled":true,"jetpack-related-posts":[],"_links":{"self":[{"href":"https:\/\/premiumkeszulek.hu\/hu\/wp-json\/wp\/v2\/product\/40618","targetHints":{"allow":["GET"]}}],"collection":[{"href":"https:\/\/premiumkeszulek.hu\/hu\/wp-json\/wp\/v2\/product"}],"about":[{"href":"https:\/\/premiumkeszulek.hu\/hu\/wp-json\/wp\/v2\/types\/product"}],"replies":[{"embeddable":true,"href":"https:\/\/premiumkeszulek.hu\/hu\/wp-json\/wp\/v2\/comments?post=40618"}],"wp:featuredmedia":[{"embeddable":true,"href":"https:\/\/premiumkeszulek.hu\/hu\/wp-json\/wp\/v2\/media\/40617"}],"wp:attachment":[{"href":"https:\/\/premiumkeszulek.hu\/hu\/wp-json\/wp\/v2\/media?parent=40618"}],"wp:term":[{"taxonomy":"product_brand","embeddable":true,"href":"https:\/\/premiumkeszulek.hu\/hu\/wp-json\/wp\/v2\/product_brand?post=40618"},{"taxonomy":"product_cat","embeddable":true,"href":"https:\/\/premiumkeszulek.hu\/hu\/wp-json\/wp\/v2\/product_cat?post=40618"},{"taxonomy":"product_tag","embeddable":true,"href":"https:\/\/premiumkeszulek.hu\/hu\/wp-json\/wp\/v2\/product_tag?post=40618"},{"taxonomy":"woo-feed-brand","embeddable":true,"href":"https:\/\/premiumkeszulek.hu\/hu\/wp-json\/wp\/v2\/woo-feed-brand?post=40618"}],"curies":[{"name":"wp","href":"https:\/\/api.w.org\/{rel}","templated":true}]}}