{"id":40595,"date":"2025-10-13T17:34:43","date_gmt":"2025-10-13T15:34:43","guid":{"rendered":"https:\/\/premiumkeszulek.hu\/product\/aeg-to64ic0fit-beepitheto-indukcios-fozolap-saphirmatt-se-uvegfelulet-fish-zone-60cm\/"},"modified":"2026-04-02T18:37:16","modified_gmt":"2026-04-02T16:37:16","slug":"aeg-to64ic0fit-beepitheto-indukcios-fozolap-saphirmatt-se-uvegfelulet-fish-zone-60cm","status":"publish","type":"product","link":"https:\/\/premiumkeszulek.hu\/hu\/termek\/aeg-to64ic0fit-beepitheto-indukcios-fozolap-saphirmatt-se-uvegfelulet-fish-zone-60cm\/","title":{"rendered":"AEG TO64IC0FIT be\u00e9p\u00edthet\u0151 indukci\u00f3s f\u0151z\u0151lap SaphirMatt\u00ae SE \u00fcvegfel\u00fclet Fish Zone 60cm"},"content":{"rendered":"<p>Gyors, er\u0151teljes \u00e9s prec\u00edz. A hat\u00e9kony f\u0151z\u00e9s\u00e9rt<br \/>\n\tA Powerboost funkci\u00f3val ell\u00e1tott gyors \u00e9s er\u0151teljes 5000-es sorozat indukci\u00f3s f\u0151z\u0151lapja k\u00e9tszer olyan gyorsan meleg\u00edt, mint egy elektromos f\u0151z\u0151lap. A<br \/>\n\that\u00e9kony meleg\u00edt\u00e9s azonnali h\u0151m\u00e9rs\u00e9klet v\u00e1ltoz\u00e1st okoz, mellyel folyamatos \u00e9s prec\u00edz lesz a f\u0151z\u00e9s folyamata.<\/p>\n<p>Meleg\u00edt\u00e9s m\u00e9g gyorsabban \u00e9s hat\u00e9konyabban\u00a0<br \/>\n\tA gyors \u00e9s er\u0151teljes 5000-es sorozat\u00fa indukci\u00f3s f\u0151z\u0151lap gyorsan meleg\u00edt. A h\u0151m\u00e9rs\u00e9klet gyorsan \u00e9s pontosan v\u00e1ltoztathat\u00f3, ami k\u00f6nnyebb \u00e9s pontosabb.<br \/>\n\tf\u0151z\u00e9st biztos\u00edt.<\/p>\n<p>Matt fekete f\u0151z\u0151lap. Hosszan tart\u00f3 elegancia.<br \/>\n\tA SaphirMatt\u00ae SE f\u0151z\u0151lap sima tapint\u00e1s\u00fa, matt fekete fel\u00fclete ellen\u00e1ll a mindennapi haszn\u00e1latnak, \u00e9s karc\u00e1ll\u00f3bb, mint a hagyom\u00e1nyos \u00fcvegker\u00e1mia.<br \/>\n\tf\u0151z\u0151lapjaink. Letisztult, eleg\u00e1ns diz\u00e1jnja t\u00f6k\u00e9letesen illeszkedik a modern konyh\u00e1kba.<\/p>\n<p>Hob2Hood\u00ae: P\u00e1raelsz\u00edv\u00e1s beavatkoz\u00e1s n\u00e9lk\u00fcl<br \/>\n\tA Hob2Hood\u00ae funkci\u00f3 \u00f6sszekapcsolja a f\u0151z\u0151lapot \u00e9s a p\u00e1raelsz\u00edv\u00f3t. A p\u00e1raelsz\u00edv\u00f3 a h\u0151 f\u00fcggv\u00e9ny\u00e9ben automatikusan szab\u00e1lyozza a ventil\u00e1tor sebess\u00e9g\u00e9t,<br \/>\n\t\u00fagy, hogy \u00d6nnek ehhez egy ujj\u00e1t sem kell felemelnie. Er\u0151teljes elsz\u00edv\u00e1s intenz\u00edv s\u00fct\u00e9skor. \u00c9s csendesebb elsz\u00edv\u00e1s p\u00e1rol\u00e1s k\u00f6zben.<\/p>\n<p>Magasabb h\u0151fok pillanatok alatt a PowerBoost funkci\u00f3val<br \/>\n\tKirobban\u00f3 gyorsas\u00e1g. Nem kell t\u00f6bb\u00e9 az ed\u00e9ny mellett v\u00e1rakoznia, am\u00edg felforr benne a folyad\u00e9k. A PowerBoost funkci\u00f3 azonnali extra h\u0151mennyis\u00e9get biztos\u00edt<br \/>\n\tbiztos\u00edt. T\u00f6k\u00e9letes az olyan konyhai feladatokhoz, ahol gyorsan kell felforralni egy nagy faz\u00e9k vizet.<\/p>\n<p>\u00a0Indukci\u00f3s f\u0151z\u0151z\u00f3n\u00e1k<br \/>\n\t- Slide Control: cs\u00faszk\u00e1s vez\u00e9rl\u00e9s<br \/>\n\t- Vez\u00e9rl\u0151 helye: el\u00f6l jobb oldalon<br \/>\n\t- Megvil\u00e1g\u00edtott kijelz\u0151<br \/>\n\t- Indukci\u00f3s z\u00f3n\u00e1k booster (gyorsfelf\u0171t\u00e9s) funkci\u00f3val<br \/>\n\t- Ed\u00e9nyfelismer\u00e9s<br \/>\n\t- Bal els\u0151 z\u00f3na: indukci\u00f3s, 2300\/3700W\/210mm<br \/>\n\t- Bal h\u00e1ts\u00f3 z\u00f3na: indukci\u00f3s, 1800\/2800W\/180mm<br \/>\n\t- K\u00f6z\u00e9ps\u0151 z\u00f3na el\u00f6l: nem,<br \/>\n\t- K\u00f6z\u00e9ps\u0151 z\u00f3na h\u00e1tul: -,<br \/>\n\t- Jobb els\u0151 z\u00f3na: indukci\u00f3s, 1400\/2500W\/145mm<br \/>\n\t- Jobb h\u00e1ts\u00f3 z\u00f3na: indukci\u00f3s, 1800\/2800W\/180mm<br \/>\n\t- Automatikus gyors felf\u0171t\u00e9s<br \/>\n\t- Funkci\u00f3z\u00e1r<br \/>\n\t- Gyerekz\u00e1r<br \/>\n\t- F\u0151z\u0151lap biztons\u00e1g:<br \/>\n\t- Hangjelz\u00e9s - kikapcsolhat\u00f3<br \/>\n\t- Percsz\u00e1ml\u00e1l\u00f3<br \/>\n\t- Eco Timer<br \/>\n\t- Id\u0151z\u00edt\u0151 funkci\u00f3<br \/>\n\t- OptiHeat Control: 3 l\u00e9p\u00e9ses marad\u00e9kh\u0151-kijelz\u00e9s<br \/>\n\t- K\u00f6nny\u0171 \u00e9s gyors install\u00e1ci\u00f3 (bepattint\u00f3s rug\u00f3kkal)<br \/>\n\t- Sz\u00edn: Matt fekete<\/p>","protected":false},"excerpt":{"rendered":"<p>A h\u00e1zhozsz\u00e1ll\u00edt\u00e1st egy biztons\u00e1gos j\u00f6v\u0151beli c\u00e9ggel v\u00e9gezz\u00fck. S\u00e9r\u00fcl\u00e9s \u00e9s t\u00f6r\u00e9s n\u00e9lk\u00fcl tudod \u00e1tvenni a term\u00e9ket, elker\u00fclve a kellemetlens\u00e9geket.<\/p>","protected":false},"featured_media":40594,"comment_status":"closed","ping_status":"closed","template":"","meta":{"_crdt_document":"","content-type":"","jetpack_post_was_ever_published":false,"jetpack_publicize_message":"","jetpack_publicize_feature_enabled":true,"jetpack_social_post_already_shared":true,"jetpack_social_options":{"image_generator_settings":{"template":"highway","default_image_id":0,"font":"","enabled":false},"version":2},"_wpas_customize_per_network":false},"product_brand":[1632],"product_cat":[1522,1526,1527],"product_tag":[],"woo-feed-brand":[],"class_list":{"0":"post-40595","1":"product","2":"type-product","3":"status-publish","4":"has-post-thumbnail","6":"product_brand-aeg","7":"product_cat-beepitheto-indukcios-fozolap","8":"product_cat-fozolap","9":"product_cat-sutok-es-fozolapok","10":"product_shipping_class-100000felett","12":"first","13":"instock","14":"sale","15":"taxable","16":"shipping-taxable","17":"purchasable","18":"product-type-simple"},"yoast_head":"<!-- This site is optimized with the Yoast SEO Premium plugin v26.9 (Yoast SEO v26.9) - https:\/\/yoast.com\/product\/yoast-seo-premium-wordpress\/ -->\n<title>AEG TO64IC0FIT be\u00e9p\u00edthet\u0151 indukci\u00f3s f\u0151z\u0151lap SaphirMatt\u00ae SE \u00fcvegfel\u00fclet Fish Zone 60cm - Pr\u00e9miumK\u00e9sz\u00fcl\u00e9k<\/title>\n<meta name=\"description\" content=\"\u00c9lvezze a hat\u00e9kony f\u0151z\u00e9st az AEG TO64IC0FIT be\u00e9p\u00edthet\u0151 indukci\u00f3s f\u0151z\u0151lapon! K\u00e9sz\u00fclj\u00f6n egy \u00faj f\u0151z\u00e9si \u00e9lm\u00e9nyre, amely gyors \u00e9s prec\u00edz! \ud83d\udd25\" \/>\n<meta name=\"robots\" content=\"index, follow, max-snippet:-1, max-image-preview:large, max-video-preview:-1\" \/>\n<link rel=\"canonical\" href=\"https:\/\/premiumkeszulek.hu\/hu\/termek\/aeg-to64ic0fit-beepitheto-indukcios-fozolap-saphirmatt-se-uvegfelulet-fish-zone-60cm\/\" \/>\n<meta property=\"og:locale\" content=\"hu_HU\" \/>\n<meta property=\"og:type\" content=\"article\" \/>\n<meta property=\"og:title\" content=\"AEG TO64IC0FIT be\u00e9p\u00edthet\u0151 indukci\u00f3s f\u0151z\u0151lap SaphirMatt\u00ae SE \u00fcvegfel\u00fclet Fish Zone 60cm\" \/>\n<meta property=\"og:description\" content=\"\u00c9lvezze a hat\u00e9kony f\u0151z\u00e9st az AEG TO64IC0FIT be\u00e9p\u00edthet\u0151 indukci\u00f3s f\u0151z\u0151lapon! K\u00e9sz\u00fclj\u00f6n egy \u00faj f\u0151z\u00e9si \u00e9lm\u00e9nyre, amely gyors \u00e9s prec\u00edz! \ud83d\udd25\" \/>\n<meta property=\"og:url\" content=\"https:\/\/premiumkeszulek.hu\/hu\/termek\/aeg-to64ic0fit-beepitheto-indukcios-fozolap-saphirmatt-se-uvegfelulet-fish-zone-60cm\/\" \/>\n<meta property=\"og:site_name\" content=\"Pr\u00e9miumK\u00e9sz\u00fcl\u00e9k\" \/>\n<meta property=\"article:publisher\" content=\"https:\/\/www.facebook.com\/konyhaluxnet\" \/>\n<meta property=\"article:modified_time\" content=\"2026-04-02T16:37:16+00:00\" \/>\n<meta property=\"og:image\" content=\"https:\/\/i0.wp.com\/premiumkeszulek.hu\/wp-content\/uploads\/2025\/10\/TO64IC0FIT-111.png?fit=800%2C800&ssl=1\" \/>\n\t<meta property=\"og:image:width\" content=\"800\" \/>\n\t<meta property=\"og:image:height\" content=\"800\" \/>\n\t<meta property=\"og:image:type\" content=\"image\/png\" \/>\n<meta name=\"twitter:card\" content=\"summary_large_image\" \/>\n<meta name=\"twitter:label1\" content=\"\u00c1r\" \/>\n\t<meta name=\"twitter:data1\" content=\"161.405&#070;&#116;\" \/>\n\t<meta name=\"twitter:label2\" content=\"El\u00e9rhet\u0151s\u00e9g\" \/>\n\t<meta name=\"twitter:data2\" content=\"K\u00e9szleten\" \/>\n<script type=\"application\/ld+json\" class=\"yoast-schema-graph\">{\"@context\":\"https:\/\/schema.org\",\"@graph\":[{\"@type\":\"WebPage\",\"@id\":\"https:\/\/premiumkeszulek.hu\/hu\/termek\/aeg-to64ic0fit-beepitheto-indukcios-fozolap-saphirmatt-se-uvegfelulet-fish-zone-60cm\/\",\"url\":\"https:\/\/premiumkeszulek.hu\/hu\/termek\/aeg-to64ic0fit-beepitheto-indukcios-fozolap-saphirmatt-se-uvegfelulet-fish-zone-60cm\/\",\"name\":\"AEG TO64IC0FIT be\u00e9p\u00edthet\u0151 indukci\u00f3s f\u0151z\u0151lap SaphirMatt\u00ae SE \u00fcvegfel\u00fclet Fish Zone 60cm - Pr\u00e9miumK\u00e9sz\u00fcl\u00e9k\",\"isPartOf\":{\"@id\":\"https:\/\/premiumkeszulek.hu\/en\/#website\"},\"primaryImageOfPage\":{\"@id\":\"https:\/\/premiumkeszulek.hu\/hu\/termek\/aeg-to64ic0fit-beepitheto-indukcios-fozolap-saphirmatt-se-uvegfelulet-fish-zone-60cm\/#primaryimage\"},\"image\":{\"@id\":\"https:\/\/premiumkeszulek.hu\/hu\/termek\/aeg-to64ic0fit-beepitheto-indukcios-fozolap-saphirmatt-se-uvegfelulet-fish-zone-60cm\/#primaryimage\"},\"thumbnailUrl\":\"https:\/\/i0.wp.com\/premiumkeszulek.hu\/wp-content\/uploads\/2025\/10\/TO64IC0FIT-111.png?fit=800%2C800&ssl=1\",\"datePublished\":\"2025-10-13T15:34:43+00:00\",\"dateModified\":\"2026-04-02T16:37:16+00:00\",\"description\":\"\u00c9lvezze a hat\u00e9kony f\u0151z\u00e9st az AEG TO64IC0FIT be\u00e9p\u00edthet\u0151 indukci\u00f3s f\u0151z\u0151lapon! K\u00e9sz\u00fclj\u00f6n egy \u00faj f\u0151z\u00e9si \u00e9lm\u00e9nyre, amely gyors \u00e9s prec\u00edz! \ud83d\udd25\",\"breadcrumb\":{\"@id\":\"https:\/\/premiumkeszulek.hu\/hu\/termek\/aeg-to64ic0fit-beepitheto-indukcios-fozolap-saphirmatt-se-uvegfelulet-fish-zone-60cm\/#breadcrumb\"},\"inLanguage\":\"hu\",\"potentialAction\":[{\"@type\":\"ReadAction\",\"target\":[\"https:\/\/premiumkeszulek.hu\/hu\/termek\/aeg-to64ic0fit-beepitheto-indukcios-fozolap-saphirmatt-se-uvegfelulet-fish-zone-60cm\/\"]}]},{\"@type\":\"ImageObject\",\"inLanguage\":\"hu\",\"@id\":\"https:\/\/premiumkeszulek.hu\/hu\/termek\/aeg-to64ic0fit-beepitheto-indukcios-fozolap-saphirmatt-se-uvegfelulet-fish-zone-60cm\/#primaryimage\",\"url\":\"https:\/\/i0.wp.com\/premiumkeszulek.hu\/wp-content\/uploads\/2025\/10\/TO64IC0FIT-111.png?fit=800%2C800&ssl=1\",\"contentUrl\":\"https:\/\/i0.wp.com\/premiumkeszulek.hu\/wp-content\/uploads\/2025\/10\/TO64IC0FIT-111.png?fit=800%2C800&ssl=1\",\"width\":800,\"height\":800},{\"@type\":\"BreadcrumbList\",\"@id\":\"https:\/\/premiumkeszulek.hu\/hu\/termek\/aeg-to64ic0fit-beepitheto-indukcios-fozolap-saphirmatt-se-uvegfelulet-fish-zone-60cm\/#breadcrumb\",\"itemListElement\":[{\"@type\":\"ListItem\",\"position\":1,\"name\":\"Home\",\"item\":\"https:\/\/premiumkeszulek.hu\/en\/\"},{\"@type\":\"ListItem\",\"position\":2,\"name\":\"Shop\",\"item\":\"https:\/\/premiumkeszulek.hu\/en\/shop\/\"},{\"@type\":\"ListItem\",\"position\":3,\"name\":\"AEG TO64IC0FIT be\u00e9p\u00edthet\u0151 indukci\u00f3s f\u0151z\u0151lap SaphirMatt\u00ae SE \u00fcvegfel\u00fclet Fish Zone 60cm\"}]},{\"@type\":\"WebSite\",\"@id\":\"https:\/\/premiumkeszulek.hu\/en\/#website\",\"url\":\"https:\/\/premiumkeszulek.hu\/en\/\",\"name\":\"Pr\u00e9miumK\u00e9sz\u00fcl\u00e9k\",\"description\":\"\",\"publisher\":{\"@id\":\"https:\/\/premiumkeszulek.hu\/en\/#organization\"},\"potentialAction\":[{\"@type\":\"SearchAction\",\"target\":{\"@type\":\"EntryPoint\",\"urlTemplate\":\"https:\/\/premiumkeszulek.hu\/en\/?s={search_term_string}\"},\"query-input\":{\"@type\":\"PropertyValueSpecification\",\"valueRequired\":true,\"valueName\":\"search_term_string\"}}],\"inLanguage\":\"hu\"},{\"@type\":\"Organization\",\"@id\":\"https:\/\/premiumkeszulek.hu\/en\/#organization\",\"name\":\"Pr\u00e9miumK\u00e9sz\u00fcl\u00e9k\",\"alternateName\":\"HPH Special Kft\",\"url\":\"https:\/\/premiumkeszulek.hu\/en\/\",\"logo\":{\"@type\":\"ImageObject\",\"inLanguage\":\"hu\",\"@id\":\"https:\/\/premiumkeszulek.hu\/en\/#\/schema\/logo\/image\/\",\"url\":\"http:\/\/premiumkeszulek.hu\/wp-content\/uploads\/2025\/03\/TURKIZLOGO-kicsi.png\",\"contentUrl\":\"http:\/\/premiumkeszulek.hu\/wp-content\/uploads\/2025\/03\/TURKIZLOGO-kicsi.png\",\"width\":1600,\"height\":547,\"caption\":\"Pr\u00e9miumK\u00e9sz\u00fcl\u00e9k\"},\"image\":{\"@id\":\"https:\/\/premiumkeszulek.hu\/en\/#\/schema\/logo\/image\/\"},\"sameAs\":[\"https:\/\/www.facebook.com\/konyhaluxnet\",\"https:\/\/www.instagram.com\/konyhaluxnet\/#\"],\"email\":\"info@premiumkeszulek.hu\",\"telephone\":\"36 1 \/ 226-1992\",\"legalName\":\"HPH Special Kft\",\"vatID\":\"HU12549502\",\"taxID\":\"12549502\",\"hasMerchantReturnPolicy\":{\"@type\":\"MerchantReturnPolicy\",\"merchantReturnLink\":\"https:\/\/premiumkeszulek.hu\/hu\/altalanos-szerzodesi-es-felhasznalasi-feltetelek\/\"}}]}<\/script>\n<meta property=\"product:brand\" content=\"AEG\" \/>\n<meta property=\"product:price:amount\" content=\"161405\" \/>\n<meta property=\"product:price:currency\" content=\"HUF\" \/>\n<meta property=\"og:availability\" content=\"instock\" \/>\n<meta property=\"product:availability\" content=\"instock\" \/>\n<meta property=\"product:retailer_item_id\" content=\"949598623\" \/>\n<meta property=\"product:condition\" content=\"new\" \/>\n<!-- \/ Yoast SEO Premium plugin. -->","yoast_head_json":{"title":"AEG TO64IC0FIT be\u00e9p\u00edthet\u0151 indukci\u00f3s f\u0151z\u0151lap SaphirMatt\u00ae SE \u00fcvegfel\u00fclet Fish Zone 60cm - Pr\u00e9miumK\u00e9sz\u00fcl\u00e9k","description":"\u00c9lvezze a hat\u00e9kony f\u0151z\u00e9st az AEG TO64IC0FIT be\u00e9p\u00edthet\u0151 indukci\u00f3s f\u0151z\u0151lapon! K\u00e9sz\u00fclj\u00f6n egy \u00faj f\u0151z\u00e9si \u00e9lm\u00e9nyre, amely gyors \u00e9s prec\u00edz! \ud83d\udd25","robots":{"index":"index","follow":"follow","max-snippet":"max-snippet:-1","max-image-preview":"max-image-preview:large","max-video-preview":"max-video-preview:-1"},"canonical":"https:\/\/premiumkeszulek.hu\/hu\/termek\/aeg-to64ic0fit-beepitheto-indukcios-fozolap-saphirmatt-se-uvegfelulet-fish-zone-60cm\/","og_locale":"hu_HU","og_type":"article","og_title":"AEG TO64IC0FIT be\u00e9p\u00edthet\u0151 indukci\u00f3s f\u0151z\u0151lap SaphirMatt\u00ae SE \u00fcvegfel\u00fclet Fish Zone 60cm","og_description":"\u00c9lvezze a hat\u00e9kony f\u0151z\u00e9st az AEG TO64IC0FIT be\u00e9p\u00edthet\u0151 indukci\u00f3s f\u0151z\u0151lapon! K\u00e9sz\u00fclj\u00f6n egy \u00faj f\u0151z\u00e9si \u00e9lm\u00e9nyre, amely gyors \u00e9s prec\u00edz! \ud83d\udd25","og_url":"https:\/\/premiumkeszulek.hu\/hu\/termek\/aeg-to64ic0fit-beepitheto-indukcios-fozolap-saphirmatt-se-uvegfelulet-fish-zone-60cm\/","og_site_name":"Pr\u00e9miumK\u00e9sz\u00fcl\u00e9k","article_publisher":"https:\/\/www.facebook.com\/konyhaluxnet","article_modified_time":"2026-04-02T16:37:16+00:00","og_image":[{"width":800,"height":800,"url":"https:\/\/i0.wp.com\/premiumkeszulek.hu\/wp-content\/uploads\/2025\/10\/TO64IC0FIT-111.png?fit=800%2C800&ssl=1","type":"image\/png"}],"twitter_card":"summary_large_image","twitter_misc":{"\u00c1r":"161.405&#70;&#116;","El\u00e9rhet\u0151s\u00e9g":"K\u00e9szleten"},"schema":{"@context":"https:\/\/schema.org","@graph":[{"@type":"WebPage","@id":"https:\/\/premiumkeszulek.hu\/hu\/termek\/aeg-to64ic0fit-beepitheto-indukcios-fozolap-saphirmatt-se-uvegfelulet-fish-zone-60cm\/","url":"https:\/\/premiumkeszulek.hu\/hu\/termek\/aeg-to64ic0fit-beepitheto-indukcios-fozolap-saphirmatt-se-uvegfelulet-fish-zone-60cm\/","name":"AEG TO64IC0FIT be\u00e9p\u00edthet\u0151 indukci\u00f3s f\u0151z\u0151lap SaphirMatt\u00ae SE \u00fcvegfel\u00fclet Fish Zone 60cm - Pr\u00e9miumK\u00e9sz\u00fcl\u00e9k","isPartOf":{"@id":"https:\/\/premiumkeszulek.hu\/en\/#website"},"primaryImageOfPage":{"@id":"https:\/\/premiumkeszulek.hu\/hu\/termek\/aeg-to64ic0fit-beepitheto-indukcios-fozolap-saphirmatt-se-uvegfelulet-fish-zone-60cm\/#primaryimage"},"image":{"@id":"https:\/\/premiumkeszulek.hu\/hu\/termek\/aeg-to64ic0fit-beepitheto-indukcios-fozolap-saphirmatt-se-uvegfelulet-fish-zone-60cm\/#primaryimage"},"thumbnailUrl":"https:\/\/i0.wp.com\/premiumkeszulek.hu\/wp-content\/uploads\/2025\/10\/TO64IC0FIT-111.png?fit=800%2C800&ssl=1","datePublished":"2025-10-13T15:34:43+00:00","dateModified":"2026-04-02T16:37:16+00:00","description":"\u00c9lvezze a hat\u00e9kony f\u0151z\u00e9st az AEG TO64IC0FIT be\u00e9p\u00edthet\u0151 indukci\u00f3s f\u0151z\u0151lapon! K\u00e9sz\u00fclj\u00f6n egy \u00faj f\u0151z\u00e9si \u00e9lm\u00e9nyre, amely gyors \u00e9s prec\u00edz! \ud83d\udd25","breadcrumb":{"@id":"https:\/\/premiumkeszulek.hu\/hu\/termek\/aeg-to64ic0fit-beepitheto-indukcios-fozolap-saphirmatt-se-uvegfelulet-fish-zone-60cm\/#breadcrumb"},"inLanguage":"hu","potentialAction":[{"@type":"ReadAction","target":["https:\/\/premiumkeszulek.hu\/hu\/termek\/aeg-to64ic0fit-beepitheto-indukcios-fozolap-saphirmatt-se-uvegfelulet-fish-zone-60cm\/"]}]},{"@type":"ImageObject","inLanguage":"hu","@id":"https:\/\/premiumkeszulek.hu\/hu\/termek\/aeg-to64ic0fit-beepitheto-indukcios-fozolap-saphirmatt-se-uvegfelulet-fish-zone-60cm\/#primaryimage","url":"https:\/\/i0.wp.com\/premiumkeszulek.hu\/wp-content\/uploads\/2025\/10\/TO64IC0FIT-111.png?fit=800%2C800&ssl=1","contentUrl":"https:\/\/i0.wp.com\/premiumkeszulek.hu\/wp-content\/uploads\/2025\/10\/TO64IC0FIT-111.png?fit=800%2C800&ssl=1","width":800,"height":800},{"@type":"BreadcrumbList","@id":"https:\/\/premiumkeszulek.hu\/hu\/termek\/aeg-to64ic0fit-beepitheto-indukcios-fozolap-saphirmatt-se-uvegfelulet-fish-zone-60cm\/#breadcrumb","itemListElement":[{"@type":"ListItem","position":1,"name":"Home","item":"https:\/\/premiumkeszulek.hu\/en\/"},{"@type":"ListItem","position":2,"name":"Shop","item":"https:\/\/premiumkeszulek.hu\/en\/shop\/"},{"@type":"ListItem","position":3,"name":"AEG TO64IC0FIT be\u00e9p\u00edthet\u0151 indukci\u00f3s f\u0151z\u0151lap SaphirMatt\u00ae SE \u00fcvegfel\u00fclet Fish Zone 60cm"}]},{"@type":"WebSite","@id":"https:\/\/premiumkeszulek.hu\/en\/#website","url":"https:\/\/premiumkeszulek.hu\/en\/","name":"Pr\u00e9miumK\u00e9sz\u00fcl\u00e9k","description":"","publisher":{"@id":"https:\/\/premiumkeszulek.hu\/en\/#organization"},"potentialAction":[{"@type":"SearchAction","target":{"@type":"EntryPoint","urlTemplate":"https:\/\/premiumkeszulek.hu\/en\/?s={search_term_string}"},"query-input":{"@type":"PropertyValueSpecification","valueRequired":true,"valueName":"search_term_string"}}],"inLanguage":"hu"},{"@type":"Organization","@id":"https:\/\/premiumkeszulek.hu\/en\/#organization","name":"Pr\u00e9miumK\u00e9sz\u00fcl\u00e9k","alternateName":"HPH Special Kft","url":"https:\/\/premiumkeszulek.hu\/en\/","logo":{"@type":"ImageObject","inLanguage":"hu","@id":"https:\/\/premiumkeszulek.hu\/en\/#\/schema\/logo\/image\/","url":"http:\/\/premiumkeszulek.hu\/wp-content\/uploads\/2025\/03\/TURKIZLOGO-kicsi.png","contentUrl":"http:\/\/premiumkeszulek.hu\/wp-content\/uploads\/2025\/03\/TURKIZLOGO-kicsi.png","width":1600,"height":547,"caption":"Pr\u00e9miumK\u00e9sz\u00fcl\u00e9k"},"image":{"@id":"https:\/\/premiumkeszulek.hu\/en\/#\/schema\/logo\/image\/"},"sameAs":["https:\/\/www.facebook.com\/konyhaluxnet","https:\/\/www.instagram.com\/konyhaluxnet\/#"],"email":"info@premiumkeszulek.hu","telephone":"36 1 \/ 226-1992","legalName":"HPH Special Kft","vatID":"HU12549502","taxID":"12549502","hasMerchantReturnPolicy":{"@type":"MerchantReturnPolicy","merchantReturnLink":"https:\/\/premiumkeszulek.hu\/hu\/altalanos-szerzodesi-es-felhasznalasi-feltetelek\/"}}]},"product_brand":"AEG","product_price_amount":"161405","product_price_currency":"HUF","og_availability":"instock","product_availability":"instock","product_retailer_item_id":"949598623","product_condition":"new"},"jetpack_publicize_connections":[],"jetpack_likes_enabled":true,"jetpack_sharing_enabled":true,"jetpack-related-posts":[],"_links":{"self":[{"href":"https:\/\/premiumkeszulek.hu\/hu\/wp-json\/wp\/v2\/product\/40595","targetHints":{"allow":["GET"]}}],"collection":[{"href":"https:\/\/premiumkeszulek.hu\/hu\/wp-json\/wp\/v2\/product"}],"about":[{"href":"https:\/\/premiumkeszulek.hu\/hu\/wp-json\/wp\/v2\/types\/product"}],"replies":[{"embeddable":true,"href":"https:\/\/premiumkeszulek.hu\/hu\/wp-json\/wp\/v2\/comments?post=40595"}],"wp:featuredmedia":[{"embeddable":true,"href":"https:\/\/premiumkeszulek.hu\/hu\/wp-json\/wp\/v2\/media\/40594"}],"wp:attachment":[{"href":"https:\/\/premiumkeszulek.hu\/hu\/wp-json\/wp\/v2\/media?parent=40595"}],"wp:term":[{"taxonomy":"product_brand","embeddable":true,"href":"https:\/\/premiumkeszulek.hu\/hu\/wp-json\/wp\/v2\/product_brand?post=40595"},{"taxonomy":"product_cat","embeddable":true,"href":"https:\/\/premiumkeszulek.hu\/hu\/wp-json\/wp\/v2\/product_cat?post=40595"},{"taxonomy":"product_tag","embeddable":true,"href":"https:\/\/premiumkeszulek.hu\/hu\/wp-json\/wp\/v2\/product_tag?post=40595"},{"taxonomy":"woo-feed-brand","embeddable":true,"href":"https:\/\/premiumkeszulek.hu\/hu\/wp-json\/wp\/v2\/woo-feed-brand?post=40595"}],"curies":[{"name":"wp","href":"https:\/\/api.w.org\/{rel}","templated":true}]}}