{"id":40469,"date":"2025-10-10T17:33:48","date_gmt":"2025-10-10T15:33:48","guid":{"rendered":"https:\/\/premiumkeszulek.hu\/product\/smeg-hobd682d2-paraelszivoval-kombinalt-indukcios-fozolap-83cm\/"},"modified":"2026-04-02T18:39:38","modified_gmt":"2026-04-02T16:39:38","slug":"smeg-hobd682d2-paraelszivoval-kombinalt-indukcios-fozolap-83cm","status":"publish","type":"product","link":"https:\/\/premiumkeszulek.hu\/hu\/termek\/smeg-hobd682d2-paraelszivoval-kombinalt-indukcios-fozolap-83cm\/","title":{"rendered":"Smeg HOBD682D2 p\u00e1raelsz\u00edv\u00f3val kombin\u00e1lt indukci\u00f3s f\u0151z\u0151lap 83cm"},"content":{"rendered":"<p>Sz\u00edn: Fekete<br \/>\n\tFel\u00fcletkezel\u00e9s: \u00dcveg<br \/>\n\tDesign csal\u00e1d: Univerz\u00e1lis<br \/>\n\t\u00dcveg t\u00edpusa: Ker\u00e1mia<br \/>\n\tAnyag: \u00dcveg<br \/>\n\tVez\u00e9rl\u00e9si be\u00e1ll\u00edt\u00e1s t\u00edpusa: Multi cs\u00faszka<br \/>\n\tVez\u00e9rl\u0151gomb poz\u00edci\u00f3ja: El\u00f6ln\u00e9zet<br \/>\n\tCs\u00faszka: Igen<br \/>\n\tLED sz\u00ednek: Feh\u00e9r<br \/>\n\t\u00dcveg pereme: Egyenes perem<br \/>\n\tEd\u00e9nytart\u00f3 \u00e1llv\u00e1ny: Rozsdamentes ac\u00e9l<br \/>\n\tGrafika sz\u00edne: Sz\u00fcrke<br \/>\n\tOpci\u00f3k<br \/>\n\tT\u00f6bbz\u00f3n\u00e1s: lehet\u0151v\u00e9 teszi t\u00f6bb, ak\u00e1r nagy, ak\u00e1r kicsi szerpeny\u0151 egyidej\u0171 haszn\u00e1lat\u00e1t, ami szabadabb elhelyez\u00e9st \u00e9s nagyobb rugalmass\u00e1got biztos\u00edt Gyors kiv\u00e1laszt\u00e1s egy \u00e9rint\u00e9ssel, a f\u0151z\u00e9s a legmagasabb fokozaton kezd\u0151dik, majd id\u0151vel automatikusan cs\u00f6kken. Ide\u00e1lis olyan \u00e9telekhez, amelyek gyorsan forral\u00e1st, majd folyamatos f\u0151z\u00e9st ig\u00e9nyelnek \u00e1lland\u00f3 ellen\u0151rz\u00e9s n\u00e9lk\u00fcl (pl. marhah\u00fasleves). Id\u0151z\u00edt\u00e9s: Minden ker\u00e1mia f\u0151z\u0151lap rendelkezik id\u0151z\u00edt\u0151vel, amely az el\u0151re be\u00e1ll\u00edtott id\u0151 ut\u00e1n automatikusan befejezi a f\u0151z\u00e9st. Eltelt id\u0151: azt mutatja, hogy a f\u0151z\u00e9si z\u00f3na mennyi ideje van haszn\u00e1latban. Gyorsind\u00edt\u00e1s funkci\u00f3: a kiv\u00e1lasztott h\u0151m\u00e9rs\u00e9klet gyorsabban el\u00e9rhet\u0151. A f\u0171t\u0151elem maxim\u00e1lis teljes\u00edtm\u00e9nyen m\u0171k\u00f6dik, am\u00edg el nem \u00e9ri a megfelel\u0151 h\u0151m\u00e9rs\u00e9kletet. Gyerekz\u00e1r: n\u00e9h\u00e1ny modell fel van szerelve a program\/ciklus z\u00e1rol\u00e1s\u00e1ra szolg\u00e1l\u00f3 eszk\u00f6zzel, hogy ne lehessen v\u00e9letlen\u00fcl megv\u00e1ltoztatni. Ez a funkci\u00f3 lehet\u0151v\u00e9 teszi, hogy a f\u0151tt \u00e9teleket melegen tartsa an\u00e9lk\u00fcl, hogy el\u00e9getn\u00e9 Az \u00f6sszes f\u0151z\u0151z\u00f3na a minim\u00e1lis teljes\u00edtm\u00e9nyszintre \u00e1ll\u00edthat\u00f3, \u00edgy a f\u0151z\u0151lap r\u00f6vid ideig fel\u00fcgyelet n\u00e9lk\u00fcl maradhat az \u00e9tel kifut\u00e1sa \u00e9s oda\u00e9g\u00e9se n\u00e9lk\u00fcl. Ezut\u00e1n csak nyomja meg ism\u00e9t ezt a funkci\u00f3t, ekkor a kor\u00e1bban be\u00e1ll\u00edtott teljes\u00edtm\u00e9nyszintek \u00fajra aktiv\u00e1lhat\u00f3k. Olvaszt\u00e1si funkci\u00f3, amely alkalmas a k\u00e9nyes \u00e9telek, p\u00e9ld\u00e1ul a csokol\u00e1d\u00e9 vagy a vaj lass\u00fa megolvaszt\u00e1s\u00e1ra. Lass\u00fa f\u0151z\u00e9si funkci\u00f3: ide\u00e1lis a hossz\u00fa f\u0151z\u00e9s\u0171 receptekhez, megakad\u00e1lyozza, hogy az \u00e9lelmiszer t\u00falforrjon vagy a szerpeny\u0151be ragadjon.<br \/>\n\tMunkalap kiv\u00e1g\u00e1s: 490\u00d7750 mm<br \/>\n\tMultiZone opci\u00f3: Igen<br \/>\n\tRugalmas z\u00f3na t\u00edpus: MultiZone<br \/>\n\tId\u0151z\u00edt\u0151 v\u00e9ge: 4<br \/>\n\tSz\u00fcnet opci\u00f3: Igen<br \/>\n\tId\u0151z\u00edt\u0151: 1<br \/>\n\tS\u00fct\u00e9s v\u00e9ge jelz\u00e9s: Igen<br \/>\n\tH\u00e1tral\u00e9v\u0151 id\u0151 kijelz\u00e9se: Igen<br \/>\n\tA z\u00e1r\/gyermekbiztons\u00e1g vez\u00e9rl\u00e9se: Igen<br \/>\n\tMelegen tart\u00e1s automatikus funkci\u00f3: Igen<br \/>\n\tGyorsind\u00edt\u00e1s: Igen<br \/>\n\tP\u00e1rol\u00e1si funkci\u00f3: Igen<br \/>\n\tOlvaszt\u00e1s\/Alacsony h\u0151m\u00e9rs\u00e9klet\u0171 s\u00fct\u00e9s funkci\u00f3: Igen<br \/>\n\tGyors szintv\u00e1laszt\u00e1s: Igen<br \/>\n\t\u00a0<\/p>\n<p>Programok \/ Funkci\u00f3k (p\u00e1raelsz\u00edv\u00f3)<br \/>\n\tSebess\u00e9gek sz\u00e1ma: 8<br \/>\n\tIntenz\u00edv sebess\u00e9g: 2<br \/>\n\tAuto-Vent: igen<br \/>\n\tM\u0171szaki jellemz\u0151k (p\u00e1raelsz\u00edv\u00f3)<br \/>\n\tSzabad kimenet maxim\u00e1lis kapacit\u00e1sa: 650 m\u00b3\/h<br \/>\n\tMotorteljes\u00edtm\u00e9ny: 220 W<br \/>\n\tSz\u0171r\u0151k sz\u00e1ma: 1<br \/>\n\tZs\u00edrsz\u0171r\u0151k: Inox<br \/>\n\tAkt\u00edvsz\u00e9n-sz\u0171r\u0151k mell\u00e9kelve: IGEN, regener\u00e1lhat\u00f3<br \/>\n\tSz\u0171r\u0151csere visszajelz\u0151: Igen<br \/>\n\t1. sebess\u00e9gfokozat Elsz\u00edv\u00e1si teljes\u00edtm\u00e9ny IEC 61591: 230 m\u00b3\/h<br \/>\n\tZajszint IEC 60704-2-13: 49 dBA<br \/>\n\tT\u00e1pell\u00e1t\u00e1s: 40 W<br \/>\n\t2. sebess\u00e9gfokozat Elsz\u00edv\u00e1si teljes\u00edtm\u00e9ny IEC 61591: 270 m\u00b3\/h<br \/>\n\tZajszint IEC 60704-2-13: 51 dBA<br \/>\n\tT\u00e1pell\u00e1t\u00e1s: 50 W<br \/>\n\t3. sebess\u00e9gfokozat Elsz\u00edv\u00e1si teljes\u00edtm\u00e9ny IEC 61591: 340 m\u00b3\/h<br \/>\n\tZajszint IEC 60704-2-13: 55 dBA<br \/>\n\tT\u00e1pell\u00e1t\u00e1s: 90 W<br \/>\n\t4. sebess\u00e9gfokozat Elsz\u00edv\u00e1si teljes\u00edtm\u00e9ny IEC 61591: 370 m\u00b3\/h<br \/>\n\tZajszint IEC 60704-2-13: 60 dBA<br \/>\n\tT\u00e1pell\u00e1t\u00e1s: 90 W<br \/>\n\t5. sebess\u00e9gfokozat Elsz\u00edv\u00e1si teljes\u00edtm\u00e9ny IEC 61591: 400 m\u00b3\/h<br \/>\n\tZajszint IEC 60704-2-13: 62 dBA<br \/>\n\tNyom\u00e1s: 500 Pa<br \/>\n\tT\u00e1pell\u00e1t\u00e1s: 100 W<br \/>\n\t6. sebess\u00e9gfokozat Elsz\u00edv\u00e1si teljes\u00edtm\u00e9ny IEC 61591: 435 m\u00b3\/h<br \/>\n\tZajszint IEC 60704-2-13: 63 dBA<br \/>\n\tNyom\u00e1s: 550 Pa<br \/>\n\tT\u00e1pell\u00e1t\u00e1s: 120 W<br \/>\n\t7. sebess\u00e9gfokozat Elsz\u00edv\u00e1si teljes\u00edtm\u00e9ny IEC 61591: 460 m\u00b3\/h<br \/>\n\tZajszint IEC 60704-2-13: 65 dBA<br \/>\n\tNyom\u00e1s: 600 Pa<br \/>\n\tT\u00e1pell\u00e1t\u00e1s: 150 W<br \/>\n\t8. sebess\u00e9gfokozat Elsz\u00edv\u00e1si teljes\u00edtm\u00e9ny IEC 61591: 500 m\u00b3\/h<br \/>\n\tZajszint IEC 60704-2-13: 68 dBA<br \/>\n\tNyom\u00e1s: 620 Pa<br \/>\n\tT\u00e1pell\u00e1t\u00e1s: 170 W<br \/>\n\tIntenz\u00edv sebess\u00e9g Elsz\u00edv\u00e1si teljes\u00edtm\u00e9ny (IEC 61591): 540 m\u00b3\/h<br \/>\n\tZajszint IEC 60704-2-13: 70 dBA<br \/>\n\tT\u00e1pell\u00e1t\u00e1s: 180 W<br \/>\n\t2-es intenz\u00edv sebess\u00e9gfokozat Elsz\u00edv\u00e1si teljes\u00edtm\u00e9ny IEC 61591: 630 m\u00b3\/h<br \/>\n\tZajszint IEC 60704-2-13: 73 dBA<br \/>\n\tNyom\u00e1s: 630 Pa<br \/>\n\tT\u00e1pell\u00e1t\u00e1s: 220 W<\/p>\n<p>\u00a0<\/p>\n<p>A kivezet\u00e9shez vagy bels\u0151 keringet\u00e9shez sz\u00fcks\u00e9ges l\u00e9gtechnikai kieg\u00e9sz\u00edt\u0151k nem alaptartoz\u00e9kok! Az opcion\u00e1lisan v\u00e1s\u00e1rolhat\u00f3 l\u00e9gtechnikai kieg\u00e9sz\u00edt\u0151kr\u0151l \u00e9rdekl\u0151dj\u00f6n<\/p>","protected":false},"excerpt":{"rendered":"<p>Sz\u00edn: Fekete Fel\u00fcletkezel\u00e9s: \u00dcveg Design csal\u00e1d: Univerz\u00e1lis \u00dcveg t\u00edpusa: Ker\u00e1mia Anyag: \u00dcveg Vez\u00e9rl\u00e9si be\u00e1ll\u00edt\u00e1s t\u00edpusa: Multi cs\u00faszka Vez\u00e9rl\u0151gomb poz\u00edci\u00f3ja: El\u00f6ln\u00e9zet Cs\u00faszka: Igen LED sz\u00ednek: Feh\u00e9r \u00dcveg pereme: Egyenes perem Ed\u00e9nytart\u00f3 \u00e1llv\u00e1ny: Rozsdamentes ac\u00e9l Grafika sz\u00edne: Sz\u00fcrke Opci\u00f3k T\u00f6bbz\u00f3n\u00e1s: lehet\u0151v\u00e9 teszi t\u00f6bb, ak\u00e1r nagy, ak\u00e1r kicsi serpeny\u0151 egyidej\u0171 haszn\u00e1lat\u00e1t, ami szabadabb elhelyez\u00e9st \u00e9s nagyobb rugalmass\u00e1got biztos\u00edt [&hellip;]<\/p>\n","protected":false},"featured_media":40468,"comment_status":"closed","ping_status":"closed","template":"","meta":{"_crdt_document":"","content-type":"","jetpack_post_was_ever_published":false,"jetpack_publicize_message":"","jetpack_publicize_feature_enabled":true,"jetpack_social_post_already_shared":true,"jetpack_social_options":{"image_generator_settings":{"template":"highway","default_image_id":0,"font":"","enabled":false},"version":2},"_wpas_customize_per_network":false},"product_brand":[1634],"product_cat":[1522,1526,1527],"product_tag":[],"woo-feed-brand":[],"class_list":{"0":"post-40469","1":"product","2":"type-product","3":"status-publish","4":"has-post-thumbnail","6":"product_brand-smeg","7":"product_cat-beepitheto-indukcios-fozolap","8":"product_cat-fozolap","9":"product_cat-sutok-es-fozolapok","10":"product_shipping_class-100000felett","12":"first","13":"onbackorder","14":"sale","15":"taxable","16":"shipping-taxable","17":"purchasable","18":"product-type-simple"},"yoast_head":"<!-- This site is optimized with the Yoast SEO Premium plugin v26.9 (Yoast SEO v26.9) - https:\/\/yoast.com\/product\/yoast-seo-premium-wordpress\/ -->\n<title>Smeg HOBD682D2 p\u00e1raelsz\u00edv\u00f3val kombin\u00e1lt indukci\u00f3s f\u0151z\u0151lap 83cm - Pr\u00e9miumK\u00e9sz\u00fcl\u00e9k<\/title>\n<meta name=\"description\" content=\"F\u0151zz\u00f6n st\u00edlusosan a Smeg HOBD682D2 indukci\u00f3s f\u0151z\u0151lappal! A konyha sz\u00edv\u00e9ben az innov\u00e1ci\u00f3 \u00e9s a teljes\u00edtm\u00e9ny tal\u00e1lkozik. V\u00e1s\u00e1rolja meg m\u00e9g ma!\" \/>\n<meta name=\"robots\" content=\"index, follow, max-snippet:-1, max-image-preview:large, max-video-preview:-1\" \/>\n<link rel=\"canonical\" href=\"https:\/\/premiumkeszulek.hu\/hu\/termek\/smeg-hobd682d2-paraelszivoval-kombinalt-indukcios-fozolap-83cm\/\" \/>\n<meta property=\"og:locale\" content=\"hu_HU\" \/>\n<meta property=\"og:type\" content=\"article\" \/>\n<meta property=\"og:title\" content=\"Smeg HOBD682D2 p\u00e1raelsz\u00edv\u00f3val kombin\u00e1lt indukci\u00f3s f\u0151z\u0151lap 83cm\" \/>\n<meta property=\"og:description\" content=\"F\u0151zz\u00f6n st\u00edlusosan a Smeg HOBD682D2 indukci\u00f3s f\u0151z\u0151lappal! A konyha sz\u00edv\u00e9ben az innov\u00e1ci\u00f3 \u00e9s a teljes\u00edtm\u00e9ny tal\u00e1lkozik. V\u00e1s\u00e1rolja meg m\u00e9g ma!\" \/>\n<meta property=\"og:url\" content=\"https:\/\/premiumkeszulek.hu\/hu\/termek\/smeg-hobd682d2-paraelszivoval-kombinalt-indukcios-fozolap-83cm\/\" \/>\n<meta property=\"og:site_name\" content=\"Pr\u00e9miumK\u00e9sz\u00fcl\u00e9k\" \/>\n<meta property=\"article:publisher\" content=\"https:\/\/www.facebook.com\/konyhaluxnet\" \/>\n<meta property=\"article:modified_time\" content=\"2026-04-02T16:39:38+00:00\" \/>\n<meta property=\"og:image\" content=\"https:\/\/i0.wp.com\/premiumkeszulek.hu\/wp-content\/uploads\/2025\/10\/HOBD682D2-111.jpg?fit=800%2C800&ssl=1\" \/>\n\t<meta property=\"og:image:width\" content=\"800\" \/>\n\t<meta property=\"og:image:height\" content=\"800\" \/>\n\t<meta property=\"og:image:type\" content=\"image\/jpeg\" \/>\n<meta name=\"twitter:card\" content=\"summary_large_image\" \/>\n<meta name=\"twitter:label1\" content=\"\u00c1r\" \/>\n\t<meta name=\"twitter:data1\" content=\"1.500.905&#070;&#116;\" \/>\n\t<meta name=\"twitter:label2\" content=\"El\u00e9rhet\u0151s\u00e9g\" \/>\n\t<meta name=\"twitter:data2\" content=\"Beszerz\u00e9s alatt\" \/>\n<script type=\"application\/ld+json\" class=\"yoast-schema-graph\">{\"@context\":\"https:\/\/schema.org\",\"@graph\":[{\"@type\":\"WebPage\",\"@id\":\"https:\/\/premiumkeszulek.hu\/en\/product\/smeg-hobd682d2-paraelszivoval-kombinalt-indukcios-fozolap-83cm\/\",\"url\":\"https:\/\/premiumkeszulek.hu\/en\/product\/smeg-hobd682d2-paraelszivoval-kombinalt-indukcios-fozolap-83cm\/\",\"name\":\"Smeg HOBD682D2 p\u00e1raelsz\u00edv\u00f3val kombin\u00e1lt indukci\u00f3s f\u0151z\u0151lap 83cm - Pr\u00e9miumK\u00e9sz\u00fcl\u00e9k\",\"isPartOf\":{\"@id\":\"http:\/\/premiumkeszulek.hu\/hu\/#website\"},\"primaryImageOfPage\":{\"@id\":\"https:\/\/premiumkeszulek.hu\/en\/product\/smeg-hobd682d2-paraelszivoval-kombinalt-indukcios-fozolap-83cm\/#primaryimage\"},\"image\":{\"@id\":\"https:\/\/premiumkeszulek.hu\/en\/product\/smeg-hobd682d2-paraelszivoval-kombinalt-indukcios-fozolap-83cm\/#primaryimage\"},\"thumbnailUrl\":\"https:\/\/i0.wp.com\/premiumkeszulek.hu\/wp-content\/uploads\/2025\/10\/HOBD682D2-111.jpg?fit=800%2C800&ssl=1\",\"datePublished\":\"2025-10-10T15:33:48+00:00\",\"dateModified\":\"2026-04-02T16:39:38+00:00\",\"description\":\"F\u0151zz\u00f6n st\u00edlusosan a Smeg HOBD682D2 indukci\u00f3s f\u0151z\u0151lappal! A konyha sz\u00edv\u00e9ben az innov\u00e1ci\u00f3 \u00e9s a teljes\u00edtm\u00e9ny tal\u00e1lkozik. V\u00e1s\u00e1rolja meg m\u00e9g ma!\",\"breadcrumb\":{\"@id\":\"https:\/\/premiumkeszulek.hu\/en\/product\/smeg-hobd682d2-paraelszivoval-kombinalt-indukcios-fozolap-83cm\/#breadcrumb\"},\"inLanguage\":\"hu\",\"potentialAction\":[{\"@type\":\"ReadAction\",\"target\":[\"https:\/\/premiumkeszulek.hu\/en\/product\/smeg-hobd682d2-paraelszivoval-kombinalt-indukcios-fozolap-83cm\/\"]}]},{\"@type\":\"ImageObject\",\"inLanguage\":\"hu\",\"@id\":\"https:\/\/premiumkeszulek.hu\/en\/product\/smeg-hobd682d2-paraelszivoval-kombinalt-indukcios-fozolap-83cm\/#primaryimage\",\"url\":\"https:\/\/i0.wp.com\/premiumkeszulek.hu\/wp-content\/uploads\/2025\/10\/HOBD682D2-111.jpg?fit=800%2C800&ssl=1\",\"contentUrl\":\"https:\/\/i0.wp.com\/premiumkeszulek.hu\/wp-content\/uploads\/2025\/10\/HOBD682D2-111.jpg?fit=800%2C800&ssl=1\",\"width\":800,\"height\":800},{\"@type\":\"BreadcrumbList\",\"@id\":\"https:\/\/premiumkeszulek.hu\/en\/product\/smeg-hobd682d2-paraelszivoval-kombinalt-indukcios-fozolap-83cm\/#breadcrumb\",\"itemListElement\":[{\"@type\":\"ListItem\",\"position\":1,\"name\":\"Home\",\"item\":\"https:\/\/premiumkeszulek.hu\/hu\/\"},{\"@type\":\"ListItem\",\"position\":2,\"name\":\"Shop\",\"item\":\"https:\/\/premiumkeszulek.hu\/hu\/shop\/\"},{\"@type\":\"ListItem\",\"position\":3,\"name\":\"Smeg HOBD682D2 p\u00e1raelsz\u00edv\u00f3val kombin\u00e1lt indukci\u00f3s f\u0151z\u0151lap 83cm\"}]},{\"@type\":\"WebSite\",\"@id\":\"http:\/\/premiumkeszulek.hu\/hu\/#website\",\"url\":\"http:\/\/premiumkeszulek.hu\/hu\/\",\"name\":\"Pr\u00e9miumK\u00e9sz\u00fcl\u00e9k\",\"description\":\"\",\"publisher\":{\"@id\":\"http:\/\/premiumkeszulek.hu\/hu\/#organization\"},\"potentialAction\":[{\"@type\":\"SearchAction\",\"target\":{\"@type\":\"EntryPoint\",\"urlTemplate\":\"http:\/\/premiumkeszulek.hu\/hu\/?s={search_term_string}\"},\"query-input\":{\"@type\":\"PropertyValueSpecification\",\"valueRequired\":true,\"valueName\":\"search_term_string\"}}],\"inLanguage\":\"hu\"},{\"@type\":\"Organization\",\"@id\":\"http:\/\/premiumkeszulek.hu\/hu\/#organization\",\"name\":\"Pr\u00e9miumK\u00e9sz\u00fcl\u00e9k\",\"alternateName\":\"HPH Special Kft\",\"url\":\"http:\/\/premiumkeszulek.hu\/hu\/\",\"logo\":{\"@type\":\"ImageObject\",\"inLanguage\":\"hu\",\"@id\":\"http:\/\/premiumkeszulek.hu\/hu\/#\/schema\/logo\/image\/\",\"url\":\"http:\/\/premiumkeszulek.hu\/wp-content\/uploads\/2025\/03\/TURKIZLOGO-kicsi.png\",\"contentUrl\":\"http:\/\/premiumkeszulek.hu\/wp-content\/uploads\/2025\/03\/TURKIZLOGO-kicsi.png\",\"width\":1600,\"height\":547,\"caption\":\"Pr\u00e9miumK\u00e9sz\u00fcl\u00e9k\"},\"image\":{\"@id\":\"http:\/\/premiumkeszulek.hu\/hu\/#\/schema\/logo\/image\/\"},\"sameAs\":[\"https:\/\/www.facebook.com\/konyhaluxnet\",\"https:\/\/www.instagram.com\/konyhaluxnet\/#\"],\"email\":\"info@premiumkeszulek.hu\",\"telephone\":\"36 1 \/ 226-1992\",\"legalName\":\"HPH Special Kft\",\"vatID\":\"HU12549502\",\"taxID\":\"12549502\",\"hasMerchantReturnPolicy\":{\"@type\":\"MerchantReturnPolicy\",\"merchantReturnLink\":\"https:\/\/premiumkeszulek.hu\/hu\/altalanos-szerzodesi-es-felhasznalasi-feltetelek\/\"}}]}<\/script>\n<meta property=\"product:brand\" content=\"Smeg\" \/>\n<meta property=\"product:price:amount\" content=\"1500905\" \/>\n<meta property=\"product:price:currency\" content=\"HUF\" \/>\n<meta property=\"og:availability\" content=\"backorder\" \/>\n<meta property=\"product:availability\" content=\"available for order\" \/>\n<meta property=\"product:retailer_item_id\" content=\"HOBD682D2\" \/>\n<meta property=\"product:condition\" content=\"new\" \/>\n<!-- \/ Yoast SEO Premium plugin. -->","yoast_head_json":{"title":"Smeg HOBD682D2 p\u00e1raelsz\u00edv\u00f3val kombin\u00e1lt indukci\u00f3s f\u0151z\u0151lap 83cm - Pr\u00e9miumK\u00e9sz\u00fcl\u00e9k","description":"F\u0151zz\u00f6n st\u00edlusosan a Smeg HOBD682D2 indukci\u00f3s f\u0151z\u0151lappal! A konyha sz\u00edv\u00e9ben az innov\u00e1ci\u00f3 \u00e9s a teljes\u00edtm\u00e9ny tal\u00e1lkozik. V\u00e1s\u00e1rolja meg m\u00e9g ma!","robots":{"index":"index","follow":"follow","max-snippet":"max-snippet:-1","max-image-preview":"max-image-preview:large","max-video-preview":"max-video-preview:-1"},"canonical":"https:\/\/premiumkeszulek.hu\/hu\/termek\/smeg-hobd682d2-paraelszivoval-kombinalt-indukcios-fozolap-83cm\/","og_locale":"hu_HU","og_type":"article","og_title":"Smeg HOBD682D2 p\u00e1raelsz\u00edv\u00f3val kombin\u00e1lt indukci\u00f3s f\u0151z\u0151lap 83cm","og_description":"F\u0151zz\u00f6n st\u00edlusosan a Smeg HOBD682D2 indukci\u00f3s f\u0151z\u0151lappal! A konyha sz\u00edv\u00e9ben az innov\u00e1ci\u00f3 \u00e9s a teljes\u00edtm\u00e9ny tal\u00e1lkozik. V\u00e1s\u00e1rolja meg m\u00e9g ma!","og_url":"https:\/\/premiumkeszulek.hu\/hu\/termek\/smeg-hobd682d2-paraelszivoval-kombinalt-indukcios-fozolap-83cm\/","og_site_name":"Pr\u00e9miumK\u00e9sz\u00fcl\u00e9k","article_publisher":"https:\/\/www.facebook.com\/konyhaluxnet","article_modified_time":"2026-04-02T16:39:38+00:00","og_image":[{"width":800,"height":800,"url":"https:\/\/i0.wp.com\/premiumkeszulek.hu\/wp-content\/uploads\/2025\/10\/HOBD682D2-111.jpg?fit=800%2C800&ssl=1","type":"image\/jpeg"}],"twitter_card":"summary_large_image","twitter_misc":{"\u00c1r":"1.500.905&#70;&#116;","El\u00e9rhet\u0151s\u00e9g":"Beszerz\u00e9s alatt"},"schema":{"@context":"https:\/\/schema.org","@graph":[{"@type":"WebPage","@id":"https:\/\/premiumkeszulek.hu\/en\/product\/smeg-hobd682d2-paraelszivoval-kombinalt-indukcios-fozolap-83cm\/","url":"https:\/\/premiumkeszulek.hu\/en\/product\/smeg-hobd682d2-paraelszivoval-kombinalt-indukcios-fozolap-83cm\/","name":"Smeg HOBD682D2 p\u00e1raelsz\u00edv\u00f3val kombin\u00e1lt indukci\u00f3s f\u0151z\u0151lap 83cm - Pr\u00e9miumK\u00e9sz\u00fcl\u00e9k","isPartOf":{"@id":"http:\/\/premiumkeszulek.hu\/hu\/#website"},"primaryImageOfPage":{"@id":"https:\/\/premiumkeszulek.hu\/en\/product\/smeg-hobd682d2-paraelszivoval-kombinalt-indukcios-fozolap-83cm\/#primaryimage"},"image":{"@id":"https:\/\/premiumkeszulek.hu\/en\/product\/smeg-hobd682d2-paraelszivoval-kombinalt-indukcios-fozolap-83cm\/#primaryimage"},"thumbnailUrl":"https:\/\/i0.wp.com\/premiumkeszulek.hu\/wp-content\/uploads\/2025\/10\/HOBD682D2-111.jpg?fit=800%2C800&ssl=1","datePublished":"2025-10-10T15:33:48+00:00","dateModified":"2026-04-02T16:39:38+00:00","description":"F\u0151zz\u00f6n st\u00edlusosan a Smeg HOBD682D2 indukci\u00f3s f\u0151z\u0151lappal! A konyha sz\u00edv\u00e9ben az innov\u00e1ci\u00f3 \u00e9s a teljes\u00edtm\u00e9ny tal\u00e1lkozik. V\u00e1s\u00e1rolja meg m\u00e9g ma!","breadcrumb":{"@id":"https:\/\/premiumkeszulek.hu\/en\/product\/smeg-hobd682d2-paraelszivoval-kombinalt-indukcios-fozolap-83cm\/#breadcrumb"},"inLanguage":"hu","potentialAction":[{"@type":"ReadAction","target":["https:\/\/premiumkeszulek.hu\/en\/product\/smeg-hobd682d2-paraelszivoval-kombinalt-indukcios-fozolap-83cm\/"]}]},{"@type":"ImageObject","inLanguage":"hu","@id":"https:\/\/premiumkeszulek.hu\/en\/product\/smeg-hobd682d2-paraelszivoval-kombinalt-indukcios-fozolap-83cm\/#primaryimage","url":"https:\/\/i0.wp.com\/premiumkeszulek.hu\/wp-content\/uploads\/2025\/10\/HOBD682D2-111.jpg?fit=800%2C800&ssl=1","contentUrl":"https:\/\/i0.wp.com\/premiumkeszulek.hu\/wp-content\/uploads\/2025\/10\/HOBD682D2-111.jpg?fit=800%2C800&ssl=1","width":800,"height":800},{"@type":"BreadcrumbList","@id":"https:\/\/premiumkeszulek.hu\/en\/product\/smeg-hobd682d2-paraelszivoval-kombinalt-indukcios-fozolap-83cm\/#breadcrumb","itemListElement":[{"@type":"ListItem","position":1,"name":"Home","item":"https:\/\/premiumkeszulek.hu\/hu\/"},{"@type":"ListItem","position":2,"name":"Shop","item":"https:\/\/premiumkeszulek.hu\/hu\/shop\/"},{"@type":"ListItem","position":3,"name":"Smeg HOBD682D2 p\u00e1raelsz\u00edv\u00f3val kombin\u00e1lt indukci\u00f3s f\u0151z\u0151lap 83cm"}]},{"@type":"WebSite","@id":"http:\/\/premiumkeszulek.hu\/hu\/#website","url":"http:\/\/premiumkeszulek.hu\/hu\/","name":"Pr\u00e9miumK\u00e9sz\u00fcl\u00e9k","description":"","publisher":{"@id":"http:\/\/premiumkeszulek.hu\/hu\/#organization"},"potentialAction":[{"@type":"SearchAction","target":{"@type":"EntryPoint","urlTemplate":"http:\/\/premiumkeszulek.hu\/hu\/?s={search_term_string}"},"query-input":{"@type":"PropertyValueSpecification","valueRequired":true,"valueName":"search_term_string"}}],"inLanguage":"hu"},{"@type":"Organization","@id":"http:\/\/premiumkeszulek.hu\/hu\/#organization","name":"Pr\u00e9miumK\u00e9sz\u00fcl\u00e9k","alternateName":"HPH Special Kft","url":"http:\/\/premiumkeszulek.hu\/hu\/","logo":{"@type":"ImageObject","inLanguage":"hu","@id":"http:\/\/premiumkeszulek.hu\/hu\/#\/schema\/logo\/image\/","url":"http:\/\/premiumkeszulek.hu\/wp-content\/uploads\/2025\/03\/TURKIZLOGO-kicsi.png","contentUrl":"http:\/\/premiumkeszulek.hu\/wp-content\/uploads\/2025\/03\/TURKIZLOGO-kicsi.png","width":1600,"height":547,"caption":"Pr\u00e9miumK\u00e9sz\u00fcl\u00e9k"},"image":{"@id":"http:\/\/premiumkeszulek.hu\/hu\/#\/schema\/logo\/image\/"},"sameAs":["https:\/\/www.facebook.com\/konyhaluxnet","https:\/\/www.instagram.com\/konyhaluxnet\/#"],"email":"info@premiumkeszulek.hu","telephone":"36 1 \/ 226-1992","legalName":"HPH Special Kft","vatID":"HU12549502","taxID":"12549502","hasMerchantReturnPolicy":{"@type":"MerchantReturnPolicy","merchantReturnLink":"https:\/\/premiumkeszulek.hu\/hu\/altalanos-szerzodesi-es-felhasznalasi-feltetelek\/"}}]},"product_brand":"Smeg","product_price_amount":"1500905","product_price_currency":"HUF","og_availability":"backorder","product_availability":"available for order","product_retailer_item_id":"HOBD682D2","product_condition":"new"},"jetpack_publicize_connections":[],"jetpack_likes_enabled":true,"jetpack_sharing_enabled":true,"jetpack-related-posts":[],"_links":{"self":[{"href":"https:\/\/premiumkeszulek.hu\/hu\/wp-json\/wp\/v2\/product\/40469","targetHints":{"allow":["GET"]}}],"collection":[{"href":"https:\/\/premiumkeszulek.hu\/hu\/wp-json\/wp\/v2\/product"}],"about":[{"href":"https:\/\/premiumkeszulek.hu\/hu\/wp-json\/wp\/v2\/types\/product"}],"replies":[{"embeddable":true,"href":"https:\/\/premiumkeszulek.hu\/hu\/wp-json\/wp\/v2\/comments?post=40469"}],"wp:featuredmedia":[{"embeddable":true,"href":"https:\/\/premiumkeszulek.hu\/hu\/wp-json\/wp\/v2\/media\/40468"}],"wp:attachment":[{"href":"https:\/\/premiumkeszulek.hu\/hu\/wp-json\/wp\/v2\/media?parent=40469"}],"wp:term":[{"taxonomy":"product_brand","embeddable":true,"href":"https:\/\/premiumkeszulek.hu\/hu\/wp-json\/wp\/v2\/product_brand?post=40469"},{"taxonomy":"product_cat","embeddable":true,"href":"https:\/\/premiumkeszulek.hu\/hu\/wp-json\/wp\/v2\/product_cat?post=40469"},{"taxonomy":"product_tag","embeddable":true,"href":"https:\/\/premiumkeszulek.hu\/hu\/wp-json\/wp\/v2\/product_tag?post=40469"},{"taxonomy":"woo-feed-brand","embeddable":true,"href":"https:\/\/premiumkeszulek.hu\/hu\/wp-json\/wp\/v2\/woo-feed-brand?post=40469"}],"curies":[{"name":"wp","href":"https:\/\/api.w.org\/{rel}","templated":true}]}}