{"id":33206,"date":"2025-08-10T13:29:47","date_gmt":"2025-08-10T11:29:47","guid":{"rendered":"https:\/\/premiumkeszulek.hu\/termek\/electrolux-eoa9s3sh-steampro-beepitheto-gozsuto-sotet-acel\/"},"modified":"2026-04-02T18:37:55","modified_gmt":"2026-04-02T16:37:55","slug":"electrolux-eoa9s3sh-steampro-beepitheto-gozsuto-sotet-acel","status":"publish","type":"product","link":"https:\/\/premiumkeszulek.hu\/hu\/termek\/electrolux-eoa9s3sh-steampro-beepitheto-gozsuto-sotet-acel\/","title":{"rendered":"Electrolux EOA9S3SH SteamPro be\u00e9p\u00edthet\u0151 g\u0151zs\u00fct\u0151 s\u00f6t\u00e9t ac\u00e9l"},"content":{"rendered":"<p>Elektronika funkci\u00f3i: sz\u00ednes 7.8 inches TFT \u00e9rint\u0151kijelz\u0151, 167 f\u00e9le el\u0151re programozott s\u00fct\u0151program,, 14 Multi Step s\u00fct\u0151funkci\u00f3, 25 nyelv\/sz\u00f6veges megjelen\u00edt\u00e9s, 5 tiszt\u00edt\u00f3program (g\u0151ztiszt\u00edt\u00e1s, g\u0151ztiszt\u00edt\u00e1s plusz, v\u00edzk\u0151mentes\u00edt\u00e9s, sz\u00e1r\u00edt\u00e1s, \u00f6bl\u00edt\u00e9s), hangjelz\u00e9s, applik\u00e1ci\u00f3 vez\u00e9rl\u00e9s, automatikus kikapcsol\u00e1s (csak s\u00fct\u0151), \u00e1ll\u00edthat\u00f3 jelz\u0151hang, Eredm\u00e9ny ellen\u0151rz\u00e9se: a fennmarad\u00f3 id\u0151tartam 10%-\u00e1n\u00e1l; jelz\u00e9s marad\u00e9kh\u0151 haszn\u00e1lat\u00e1ra k\u00e9perny\u0151n + hangjelz\u00e9s, tiszt\u00edt\u00e1s figyelmeztet\u0151, \u00d3ra automatikus be\u00e1ll\u00edt\u00e1sa, \u00d3rast\u00edlus k\u00e9szenl\u00e9ti m\u00f3dban (2 v\u00e1ltozat: digit\u00e1lis, 7 szegmens), programozott s\u00fct\u00e9s, programozott s\u00fct\u00e9s, h\u0151m\u00e9rs\u00e9klet aj\u00e1nl\u00e1s, \u00f3ra, v\u00edzkem\u00e9nys\u00e9g, demo m\u00f3d, elektronikus h\u0151m\u00e9rs\u00e9klet szab\u00e1lyoz\u00f3, Elektronikus ajt\u00f3\u00e9rz\u00e9kel\u0151, v\u00e1laszthat\u00f3 gyors felf\u0171t\u00e9s, billenty\u0171hang, f\u0151kapcsol\u00f3, 3 napos mem\u00f3ria, percsz\u00e1ml\u00e1l\u00f3, vezet\u00e9k n\u00e9lk\u00fcli friss\u00edt\u00e9sek (kiv\u00e9ve alaplap), val\u00f3s h\u0151m\u00e9rs\u00e9klet kijelz\u00e9s, kikapcsolhat\u00f3 s\u00fct\u0151vil\u00e1g\u00edt\u00e1s (men\u00fcn kereszt\u00fcl vagy kezel\u0151panelen), El\u0151meleg\u00edt\u00e9s (nincs, eco, gyors), val\u00f3s h\u0151m\u00e9rs\u00e9klet kijelz\u00e9s, marad\u00e9kh\u0151 kijelz\u00e9s (\u00b0C), marad\u00e9kh\u0151 haszn\u00e1lat , szervizk\u00f3d, gyors el\u00e9r\u00e9s gombok a standby k\u00e9perny\u0151n.\u00a0<\/p>","protected":false},"excerpt":{"rendered":"<p>S\u00fct\u00e9si funkci\u00f3k: als\u00f3 s\u00fct\u00e9s, grill, grill + als\u00f3 s\u00fct\u00e9s, grill + als\u00f3 s\u00fct\u00e9s + als\u00f3 s\u00fct\u00e9s + l\u00e9gkever\u00e9s , h\u0151l\u00e9gbef\u00fav\u00e1s, h\u0151l\u00e9gbef\u00fav\u00e1s + als\u00f3 s\u00fct\u00e9s, h\u0151l\u00e9gbef\u00fav\u00e1s, g\u0151z + h\u0151l\u00e9gbef\u00fav\u00e1s + als\u00f3 s\u00fct\u00e9s, g\u0151z + h\u0151l\u00e9gbef\u00fav\u00e1s, g\u0151z + h\u0151l\u00e9gbef\u00fav\u00e1s + p\u00e1rologtat\u00e1s + ventil\u00e1tor, g\u0151z + p\u00e1rologtat\u00e1s + ventil\u00e1tor, g\u0151z + als\u00f3 s\u00fct\u00e9s + ventil\u00e1tor.<\/p>","protected":false},"featured_media":33205,"comment_status":"closed","ping_status":"closed","template":"","meta":{"_crdt_document":"","content-type":"","jetpack_post_was_ever_published":false,"jetpack_publicize_message":"","jetpack_publicize_feature_enabled":true,"jetpack_social_post_already_shared":true,"jetpack_social_options":{"image_generator_settings":{"template":"highway","default_image_id":0,"font":"","enabled":false},"version":2},"_wpas_customize_per_network":false},"product_brand":[7625],"product_cat":[1389,1527],"product_tag":[],"woo-feed-brand":[],"class_list":{"0":"post-33206","1":"product","2":"type-product","3":"status-publish","4":"has-post-thumbnail","6":"product_brand-electrolux","7":"product_cat-beepithetosutok","8":"product_cat-sutok-es-fozolapok","9":"product_shipping_class-100000felett","11":"first","12":"instock","13":"sale","14":"taxable","15":"shipping-taxable","16":"purchasable","17":"product-type-simple"},"yoast_head":"<!-- This site is optimized with the Yoast SEO Premium plugin v26.9 (Yoast SEO v26.9) - https:\/\/yoast.com\/product\/yoast-seo-premium-wordpress\/ -->\n<title>Electrolux EOA9S3SH SteamPro be\u00e9p\u00edthet\u0151 g\u0151zs\u00fct\u0151 s\u00f6t\u00e9t ac\u00e9l - Pr\u00e9miumK\u00e9sz\u00fcl\u00e9k<\/title>\n<meta name=\"description\" content=\"Fedezze fel az Electrolux EOA9S3SH SteamPro be\u00e9p\u00edthet\u0151 g\u0151zs\u00fct\u0151 eleganci\u00e1j\u00e1t \u00e9s teljes\u00edtm\u00e9ny\u00e9t. K\u00e9szen \u00e1ll arra, hogy \u00faj \u00e9lm\u00e9nyekkel gazdag\u00edtja f\u0151z\u00e9s\u00e9t!\" \/>\n<meta name=\"robots\" content=\"index, follow, max-snippet:-1, max-image-preview:large, max-video-preview:-1\" \/>\n<link rel=\"canonical\" href=\"https:\/\/premiumkeszulek.hu\/hu\/termek\/electrolux-eoa9s3sh-steampro-beepitheto-gozsuto-sotet-acel\/\" \/>\n<meta property=\"og:locale\" content=\"hu_HU\" \/>\n<meta property=\"og:type\" content=\"article\" \/>\n<meta property=\"og:title\" content=\"Electrolux EOA9S3SH SteamPro be\u00e9p\u00edthet\u0151 g\u0151zs\u00fct\u0151 s\u00f6t\u00e9t ac\u00e9l\" \/>\n<meta property=\"og:description\" content=\"Fedezze fel az Electrolux EOA9S3SH SteamPro be\u00e9p\u00edthet\u0151 g\u0151zs\u00fct\u0151 eleganci\u00e1j\u00e1t \u00e9s teljes\u00edtm\u00e9ny\u00e9t. K\u00e9szen \u00e1ll arra, hogy \u00faj \u00e9lm\u00e9nyekkel gazdag\u00edtja f\u0151z\u00e9s\u00e9t!\" \/>\n<meta property=\"og:url\" content=\"https:\/\/premiumkeszulek.hu\/hu\/termek\/electrolux-eoa9s3sh-steampro-beepitheto-gozsuto-sotet-acel\/\" \/>\n<meta property=\"og:site_name\" content=\"Pr\u00e9miumK\u00e9sz\u00fcl\u00e9k\" \/>\n<meta property=\"article:publisher\" content=\"https:\/\/www.facebook.com\/konyhaluxnet\" \/>\n<meta property=\"article:modified_time\" content=\"2026-04-02T16:37:55+00:00\" \/>\n<meta property=\"og:image\" content=\"https:\/\/i0.wp.com\/premiumkeszulek.hu\/wp-content\/uploads\/2025\/08\/EOA9S3SH-111.png?fit=800%2C800&ssl=1\" \/>\n\t<meta property=\"og:image:width\" content=\"800\" \/>\n\t<meta property=\"og:image:height\" content=\"800\" \/>\n\t<meta property=\"og:image:type\" content=\"image\/png\" \/>\n<meta name=\"twitter:card\" content=\"summary_large_image\" \/>\n<meta name=\"twitter:label1\" content=\"\u00c1r\" \/>\n\t<meta name=\"twitter:data1\" content=\"550.905&#070;&#116;\" \/>\n\t<meta name=\"twitter:label2\" content=\"El\u00e9rhet\u0151s\u00e9g\" \/>\n\t<meta name=\"twitter:data2\" content=\"K\u00e9szleten\" \/>\n<script type=\"application\/ld+json\" class=\"yoast-schema-graph\">{\"@context\":\"https:\/\/schema.org\",\"@graph\":[{\"@type\":\"WebPage\",\"@id\":\"https:\/\/premiumkeszulek.hu\/product\/electrolux-eoa9s3sh-steampro-beepitheto-gozsuto-sotet-acel\/\",\"url\":\"https:\/\/premiumkeszulek.hu\/product\/electrolux-eoa9s3sh-steampro-beepitheto-gozsuto-sotet-acel\/\",\"name\":\"Electrolux EOA9S3SH SteamPro be\u00e9p\u00edthet\u0151 g\u0151zs\u00fct\u0151 s\u00f6t\u00e9t ac\u00e9l - Pr\u00e9miumK\u00e9sz\u00fcl\u00e9k\",\"isPartOf\":{\"@id\":\"https:\/\/premiumkeszulek.hu\/en\/#website\"},\"primaryImageOfPage\":{\"@id\":\"https:\/\/premiumkeszulek.hu\/product\/electrolux-eoa9s3sh-steampro-beepitheto-gozsuto-sotet-acel\/#primaryimage\"},\"image\":{\"@id\":\"https:\/\/premiumkeszulek.hu\/product\/electrolux-eoa9s3sh-steampro-beepitheto-gozsuto-sotet-acel\/#primaryimage\"},\"thumbnailUrl\":\"https:\/\/i0.wp.com\/premiumkeszulek.hu\/wp-content\/uploads\/2025\/08\/EOA9S3SH-111.png?fit=800%2C800&ssl=1\",\"datePublished\":\"2025-08-10T11:29:47+00:00\",\"dateModified\":\"2026-04-02T16:37:55+00:00\",\"description\":\"Fedezze fel az Electrolux EOA9S3SH SteamPro be\u00e9p\u00edthet\u0151 g\u0151zs\u00fct\u0151 eleganci\u00e1j\u00e1t \u00e9s teljes\u00edtm\u00e9ny\u00e9t. K\u00e9szen \u00e1ll arra, hogy \u00faj \u00e9lm\u00e9nyekkel gazdag\u00edtja f\u0151z\u00e9s\u00e9t!\",\"breadcrumb\":{\"@id\":\"https:\/\/premiumkeszulek.hu\/product\/electrolux-eoa9s3sh-steampro-beepitheto-gozsuto-sotet-acel\/#breadcrumb\"},\"inLanguage\":\"hu\",\"potentialAction\":[{\"@type\":\"ReadAction\",\"target\":[\"https:\/\/premiumkeszulek.hu\/product\/electrolux-eoa9s3sh-steampro-beepitheto-gozsuto-sotet-acel\/\"]}]},{\"@type\":\"ImageObject\",\"inLanguage\":\"hu\",\"@id\":\"https:\/\/premiumkeszulek.hu\/product\/electrolux-eoa9s3sh-steampro-beepitheto-gozsuto-sotet-acel\/#primaryimage\",\"url\":\"https:\/\/i0.wp.com\/premiumkeszulek.hu\/wp-content\/uploads\/2025\/08\/EOA9S3SH-111.png?fit=800%2C800&ssl=1\",\"contentUrl\":\"https:\/\/i0.wp.com\/premiumkeszulek.hu\/wp-content\/uploads\/2025\/08\/EOA9S3SH-111.png?fit=800%2C800&ssl=1\",\"width\":800,\"height\":800},{\"@type\":\"BreadcrumbList\",\"@id\":\"https:\/\/premiumkeszulek.hu\/product\/electrolux-eoa9s3sh-steampro-beepitheto-gozsuto-sotet-acel\/#breadcrumb\",\"itemListElement\":[{\"@type\":\"ListItem\",\"position\":1,\"name\":\"Home\",\"item\":\"https:\/\/premiumkeszulek.hu\/en\/\"},{\"@type\":\"ListItem\",\"position\":2,\"name\":\"Shop\",\"item\":\"https:\/\/premiumkeszulek.hu\/en\/shop\/\"},{\"@type\":\"ListItem\",\"position\":3,\"name\":\"Electrolux EOA9S3SH SteamPro be\u00e9p\u00edthet\u0151 g\u0151zs\u00fct\u0151 s\u00f6t\u00e9t ac\u00e9l\"}]},{\"@type\":\"WebSite\",\"@id\":\"https:\/\/premiumkeszulek.hu\/en\/#website\",\"url\":\"https:\/\/premiumkeszulek.hu\/en\/\",\"name\":\"Pr\u00e9miumK\u00e9sz\u00fcl\u00e9k\",\"description\":\"\",\"publisher\":{\"@id\":\"https:\/\/premiumkeszulek.hu\/en\/#organization\"},\"potentialAction\":[{\"@type\":\"SearchAction\",\"target\":{\"@type\":\"EntryPoint\",\"urlTemplate\":\"https:\/\/premiumkeszulek.hu\/en\/?s={search_term_string}\"},\"query-input\":{\"@type\":\"PropertyValueSpecification\",\"valueRequired\":true,\"valueName\":\"search_term_string\"}}],\"inLanguage\":\"hu\"},{\"@type\":\"Organization\",\"@id\":\"https:\/\/premiumkeszulek.hu\/en\/#organization\",\"name\":\"Pr\u00e9miumK\u00e9sz\u00fcl\u00e9k\",\"alternateName\":\"HPH Special Kft\",\"url\":\"https:\/\/premiumkeszulek.hu\/en\/\",\"logo\":{\"@type\":\"ImageObject\",\"inLanguage\":\"hu\",\"@id\":\"https:\/\/premiumkeszulek.hu\/en\/#\/schema\/logo\/image\/\",\"url\":\"http:\/\/premiumkeszulek.hu\/wp-content\/uploads\/2025\/03\/TURKIZLOGO-kicsi.png\",\"contentUrl\":\"http:\/\/premiumkeszulek.hu\/wp-content\/uploads\/2025\/03\/TURKIZLOGO-kicsi.png\",\"width\":1600,\"height\":547,\"caption\":\"Pr\u00e9miumK\u00e9sz\u00fcl\u00e9k\"},\"image\":{\"@id\":\"https:\/\/premiumkeszulek.hu\/en\/#\/schema\/logo\/image\/\"},\"sameAs\":[\"https:\/\/www.facebook.com\/konyhaluxnet\",\"https:\/\/www.instagram.com\/konyhaluxnet\/#\"],\"email\":\"info@premiumkeszulek.hu\",\"telephone\":\"36 1 \/ 226-1992\",\"legalName\":\"HPH Special Kft\",\"vatID\":\"HU12549502\",\"taxID\":\"12549502\",\"hasMerchantReturnPolicy\":{\"@type\":\"MerchantReturnPolicy\",\"merchantReturnLink\":\"https:\/\/premiumkeszulek.hu\/hu\/altalanos-szerzodesi-es-felhasznalasi-feltetelek\/\"}}]}<\/script>\n<meta property=\"product:brand\" content=\"Electrolux\" \/>\n<meta property=\"product:price:amount\" content=\"550905\" \/>\n<meta property=\"product:price:currency\" content=\"HUF\" \/>\n<meta property=\"og:availability\" content=\"instock\" \/>\n<meta property=\"product:availability\" content=\"instock\" \/>\n<meta property=\"product:retailer_item_id\" content=\"944032146\" \/>\n<meta property=\"product:condition\" content=\"new\" \/>\n<!-- \/ Yoast SEO Premium plugin. -->","yoast_head_json":{"title":"Electrolux EOA9S3SH SteamPro be\u00e9p\u00edthet\u0151 g\u0151zs\u00fct\u0151 s\u00f6t\u00e9t ac\u00e9l - Pr\u00e9miumK\u00e9sz\u00fcl\u00e9k","description":"Fedezze fel az Electrolux EOA9S3SH SteamPro be\u00e9p\u00edthet\u0151 g\u0151zs\u00fct\u0151 eleganci\u00e1j\u00e1t \u00e9s teljes\u00edtm\u00e9ny\u00e9t. K\u00e9szen \u00e1ll arra, hogy \u00faj \u00e9lm\u00e9nyekkel gazdag\u00edtja f\u0151z\u00e9s\u00e9t!","robots":{"index":"index","follow":"follow","max-snippet":"max-snippet:-1","max-image-preview":"max-image-preview:large","max-video-preview":"max-video-preview:-1"},"canonical":"https:\/\/premiumkeszulek.hu\/hu\/termek\/electrolux-eoa9s3sh-steampro-beepitheto-gozsuto-sotet-acel\/","og_locale":"hu_HU","og_type":"article","og_title":"Electrolux EOA9S3SH SteamPro be\u00e9p\u00edthet\u0151 g\u0151zs\u00fct\u0151 s\u00f6t\u00e9t ac\u00e9l","og_description":"Fedezze fel az Electrolux EOA9S3SH SteamPro be\u00e9p\u00edthet\u0151 g\u0151zs\u00fct\u0151 eleganci\u00e1j\u00e1t \u00e9s teljes\u00edtm\u00e9ny\u00e9t. K\u00e9szen \u00e1ll arra, hogy \u00faj \u00e9lm\u00e9nyekkel gazdag\u00edtja f\u0151z\u00e9s\u00e9t!","og_url":"https:\/\/premiumkeszulek.hu\/hu\/termek\/electrolux-eoa9s3sh-steampro-beepitheto-gozsuto-sotet-acel\/","og_site_name":"Pr\u00e9miumK\u00e9sz\u00fcl\u00e9k","article_publisher":"https:\/\/www.facebook.com\/konyhaluxnet","article_modified_time":"2026-04-02T16:37:55+00:00","og_image":[{"width":800,"height":800,"url":"https:\/\/i0.wp.com\/premiumkeszulek.hu\/wp-content\/uploads\/2025\/08\/EOA9S3SH-111.png?fit=800%2C800&ssl=1","type":"image\/png"}],"twitter_card":"summary_large_image","twitter_misc":{"\u00c1r":"550.905&#70;&#116;","El\u00e9rhet\u0151s\u00e9g":"K\u00e9szleten"},"schema":{"@context":"https:\/\/schema.org","@graph":[{"@type":"WebPage","@id":"https:\/\/premiumkeszulek.hu\/product\/electrolux-eoa9s3sh-steampro-beepitheto-gozsuto-sotet-acel\/","url":"https:\/\/premiumkeszulek.hu\/product\/electrolux-eoa9s3sh-steampro-beepitheto-gozsuto-sotet-acel\/","name":"Electrolux EOA9S3SH SteamPro be\u00e9p\u00edthet\u0151 g\u0151zs\u00fct\u0151 s\u00f6t\u00e9t ac\u00e9l - Pr\u00e9miumK\u00e9sz\u00fcl\u00e9k","isPartOf":{"@id":"https:\/\/premiumkeszulek.hu\/en\/#website"},"primaryImageOfPage":{"@id":"https:\/\/premiumkeszulek.hu\/product\/electrolux-eoa9s3sh-steampro-beepitheto-gozsuto-sotet-acel\/#primaryimage"},"image":{"@id":"https:\/\/premiumkeszulek.hu\/product\/electrolux-eoa9s3sh-steampro-beepitheto-gozsuto-sotet-acel\/#primaryimage"},"thumbnailUrl":"https:\/\/i0.wp.com\/premiumkeszulek.hu\/wp-content\/uploads\/2025\/08\/EOA9S3SH-111.png?fit=800%2C800&ssl=1","datePublished":"2025-08-10T11:29:47+00:00","dateModified":"2026-04-02T16:37:55+00:00","description":"Fedezze fel az Electrolux EOA9S3SH SteamPro be\u00e9p\u00edthet\u0151 g\u0151zs\u00fct\u0151 eleganci\u00e1j\u00e1t \u00e9s teljes\u00edtm\u00e9ny\u00e9t. K\u00e9szen \u00e1ll arra, hogy \u00faj \u00e9lm\u00e9nyekkel gazdag\u00edtja f\u0151z\u00e9s\u00e9t!","breadcrumb":{"@id":"https:\/\/premiumkeszulek.hu\/product\/electrolux-eoa9s3sh-steampro-beepitheto-gozsuto-sotet-acel\/#breadcrumb"},"inLanguage":"hu","potentialAction":[{"@type":"ReadAction","target":["https:\/\/premiumkeszulek.hu\/product\/electrolux-eoa9s3sh-steampro-beepitheto-gozsuto-sotet-acel\/"]}]},{"@type":"ImageObject","inLanguage":"hu","@id":"https:\/\/premiumkeszulek.hu\/product\/electrolux-eoa9s3sh-steampro-beepitheto-gozsuto-sotet-acel\/#primaryimage","url":"https:\/\/i0.wp.com\/premiumkeszulek.hu\/wp-content\/uploads\/2025\/08\/EOA9S3SH-111.png?fit=800%2C800&ssl=1","contentUrl":"https:\/\/i0.wp.com\/premiumkeszulek.hu\/wp-content\/uploads\/2025\/08\/EOA9S3SH-111.png?fit=800%2C800&ssl=1","width":800,"height":800},{"@type":"BreadcrumbList","@id":"https:\/\/premiumkeszulek.hu\/product\/electrolux-eoa9s3sh-steampro-beepitheto-gozsuto-sotet-acel\/#breadcrumb","itemListElement":[{"@type":"ListItem","position":1,"name":"Home","item":"https:\/\/premiumkeszulek.hu\/en\/"},{"@type":"ListItem","position":2,"name":"Shop","item":"https:\/\/premiumkeszulek.hu\/en\/shop\/"},{"@type":"ListItem","position":3,"name":"Electrolux EOA9S3SH SteamPro be\u00e9p\u00edthet\u0151 g\u0151zs\u00fct\u0151 s\u00f6t\u00e9t ac\u00e9l"}]},{"@type":"WebSite","@id":"https:\/\/premiumkeszulek.hu\/en\/#website","url":"https:\/\/premiumkeszulek.hu\/en\/","name":"Pr\u00e9miumK\u00e9sz\u00fcl\u00e9k","description":"","publisher":{"@id":"https:\/\/premiumkeszulek.hu\/en\/#organization"},"potentialAction":[{"@type":"SearchAction","target":{"@type":"EntryPoint","urlTemplate":"https:\/\/premiumkeszulek.hu\/en\/?s={search_term_string}"},"query-input":{"@type":"PropertyValueSpecification","valueRequired":true,"valueName":"search_term_string"}}],"inLanguage":"hu"},{"@type":"Organization","@id":"https:\/\/premiumkeszulek.hu\/en\/#organization","name":"Pr\u00e9miumK\u00e9sz\u00fcl\u00e9k","alternateName":"HPH Special Kft","url":"https:\/\/premiumkeszulek.hu\/en\/","logo":{"@type":"ImageObject","inLanguage":"hu","@id":"https:\/\/premiumkeszulek.hu\/en\/#\/schema\/logo\/image\/","url":"http:\/\/premiumkeszulek.hu\/wp-content\/uploads\/2025\/03\/TURKIZLOGO-kicsi.png","contentUrl":"http:\/\/premiumkeszulek.hu\/wp-content\/uploads\/2025\/03\/TURKIZLOGO-kicsi.png","width":1600,"height":547,"caption":"Pr\u00e9miumK\u00e9sz\u00fcl\u00e9k"},"image":{"@id":"https:\/\/premiumkeszulek.hu\/en\/#\/schema\/logo\/image\/"},"sameAs":["https:\/\/www.facebook.com\/konyhaluxnet","https:\/\/www.instagram.com\/konyhaluxnet\/#"],"email":"info@premiumkeszulek.hu","telephone":"36 1 \/ 226-1992","legalName":"HPH Special Kft","vatID":"HU12549502","taxID":"12549502","hasMerchantReturnPolicy":{"@type":"MerchantReturnPolicy","merchantReturnLink":"https:\/\/premiumkeszulek.hu\/hu\/altalanos-szerzodesi-es-felhasznalasi-feltetelek\/"}}]},"product_brand":"Electrolux","product_price_amount":"550905","product_price_currency":"HUF","og_availability":"instock","product_availability":"instock","product_retailer_item_id":"944032146","product_condition":"new"},"jetpack_publicize_connections":[],"jetpack_likes_enabled":true,"jetpack_sharing_enabled":true,"jetpack-related-posts":[],"_links":{"self":[{"href":"https:\/\/premiumkeszulek.hu\/hu\/wp-json\/wp\/v2\/product\/33206","targetHints":{"allow":["GET"]}}],"collection":[{"href":"https:\/\/premiumkeszulek.hu\/hu\/wp-json\/wp\/v2\/product"}],"about":[{"href":"https:\/\/premiumkeszulek.hu\/hu\/wp-json\/wp\/v2\/types\/product"}],"replies":[{"embeddable":true,"href":"https:\/\/premiumkeszulek.hu\/hu\/wp-json\/wp\/v2\/comments?post=33206"}],"wp:featuredmedia":[{"embeddable":true,"href":"https:\/\/premiumkeszulek.hu\/hu\/wp-json\/wp\/v2\/media\/33205"}],"wp:attachment":[{"href":"https:\/\/premiumkeszulek.hu\/hu\/wp-json\/wp\/v2\/media?parent=33206"}],"wp:term":[{"taxonomy":"product_brand","embeddable":true,"href":"https:\/\/premiumkeszulek.hu\/hu\/wp-json\/wp\/v2\/product_brand?post=33206"},{"taxonomy":"product_cat","embeddable":true,"href":"https:\/\/premiumkeszulek.hu\/hu\/wp-json\/wp\/v2\/product_cat?post=33206"},{"taxonomy":"product_tag","embeddable":true,"href":"https:\/\/premiumkeszulek.hu\/hu\/wp-json\/wp\/v2\/product_tag?post=33206"},{"taxonomy":"woo-feed-brand","embeddable":true,"href":"https:\/\/premiumkeszulek.hu\/hu\/wp-json\/wp\/v2\/woo-feed-brand?post=33206"}],"curies":[{"name":"wp","href":"https:\/\/api.w.org\/{rel}","templated":true}]}}