{"id":30841,"date":"2025-05-28T15:10:48","date_gmt":"2025-05-28T13:10:48","guid":{"rendered":"https:\/\/premiumkeszulek.hu\/termek\/whirlpool-woi78pt1sba-beepitheto-suto\/"},"modified":"2026-04-02T18:40:11","modified_gmt":"2026-04-02T16:40:11","slug":"whirlpool-woi78pt1sba-beepitheto-suto","status":"publish","type":"product","link":"https:\/\/premiumkeszulek.hu\/hu\/termek\/whirlpool-woi78pt1sba-beepitheto-suto\/","title":{"rendered":"Whirlpool WOI78PT1SBA be\u00e9p\u00edthet\u0151 s\u00fct\u0151"},"content":{"rendered":"<p>Fekete \u00fcveg<br \/>\nFinoman csuk\u00f3d\u00f3 s\u00fct\u0151ajt\u00f3 (4 r\u00e9teg\u0171)<br \/>\n6. \u00c9rz\u00e9k funkci\u00f3 receptekkel<br \/>\nMF8<br \/>\nPIROLITIKUS \u00e9s HIDROLITIKUS tiszt\u00edt\u00e1s<br \/>\n\"A+\" energiaoszt\u00e1ly<br \/>\nElektronikus h\u0151m\u00e9rs\u00e9klet szab\u00e1lyoz\u00e1s<br \/>\nAssisted kijelz\u0151 (magyar nyelv\u0171, \u00e9rint\u0151szenzoros)<br \/>\nSpeci\u00e1lis funkci\u00f3k<br \/>\nAirfry<br \/>\nHH Pizza<br \/>\nSteam+<br \/>\nTeleszk\u00f3pos s\u00fct\u0151s\u00edn<br \/>\nReady2Cook funkci\u00f3<br \/>\nCook4 funkci\u00f3<br \/>\nH\u0171t\u0151ventil\u00e1tor<br \/>\nH\u0151l\u00e9gbef\u00fav\u00e1s<br \/>\n73 liter<br \/>\nKonyha<\/p>","protected":false},"excerpt":{"rendered":"<p>Fekete \u00fcveg Finoman csuk\u00f3d\u00f3 s\u00fct\u0151ajt\u00f3 (4 r\u00e9teg\u0171) 6. \u00c9rz\u00e9k funkci\u00f3 receptekkel MF8 PIROLITIKUS \u00e9s HIDROLITIKUS tiszt\u00edt\u00e1s \"A+\" energiaoszt\u00e1ly Elektronikus h\u0151m\u00e9rs\u00e9klet szab\u00e1lyoz\u00e1s Assisted kijelz\u0151 (magyar nyelv\u0171, \u00e9rint\u0151szenzoros) Speci\u00e1lis funkci\u00f3k Airfry HH Pizza Steam+ Teleszk\u00f3pos s\u00fct\u0151s\u00edn Ready2Cook funkci\u00f3 Cook4 funkci\u00f3 H\u0171t\u0151ventil\u00e1tor H\u0151l\u00e9gbef\u00fav\u00e1s 73 literes konyha<\/p>","protected":false},"featured_media":30840,"comment_status":"closed","ping_status":"closed","template":"","meta":{"_crdt_document":"","content-type":"","jetpack_post_was_ever_published":false,"jetpack_publicize_message":"","jetpack_publicize_feature_enabled":true,"jetpack_social_post_already_shared":true,"jetpack_social_options":{"image_generator_settings":{"template":"highway","default_image_id":0,"font":"","enabled":false},"version":2},"_wpas_customize_per_network":false},"product_brand":[6849],"product_cat":[1389,1527],"product_tag":[],"woo-feed-brand":[],"class_list":{"0":"post-30841","1":"product","2":"type-product","3":"status-publish","4":"has-post-thumbnail","6":"product_brand-whirlpool","7":"product_cat-beepithetosutok","8":"product_cat-sutok-es-fozolapok","9":"product_shipping_class-100000felett","11":"first","12":"instock","13":"sale","14":"taxable","15":"shipping-taxable","16":"purchasable","17":"product-type-simple"},"yoast_head":"<!-- This site is optimized with the Yoast SEO Premium plugin v26.9 (Yoast SEO v26.9) - https:\/\/yoast.com\/product\/yoast-seo-premium-wordpress\/ -->\n<title>Whirlpool WOI78PT1SBA be\u00e9p\u00edthet\u0151 s\u00fct\u0151 - Pr\u00e9miumK\u00e9sz\u00fcl\u00e9k<\/title>\n<meta name=\"description\" content=\"Fedezze fel a Whirlpool WOI78PT1SBA be\u00e9p\u00edthet\u0151 s\u00fct\u0151t, amely 4 r\u00e9teg\u0171 \u00fcveg ajt\u00f3val \u00e9s Pirolitikus tiszt\u00edt\u00e1ssal rendelkezik! Rendelje meg most!\" \/>\n<meta name=\"robots\" content=\"index, follow, max-snippet:-1, max-image-preview:large, max-video-preview:-1\" \/>\n<link rel=\"canonical\" href=\"https:\/\/premiumkeszulek.hu\/hu\/termek\/whirlpool-woi78pt1sba-beepitheto-suto\/\" \/>\n<meta property=\"og:locale\" content=\"hu_HU\" \/>\n<meta property=\"og:type\" content=\"article\" \/>\n<meta property=\"og:title\" content=\"Whirlpool WOI78PT1SBA be\u00e9p\u00edthet\u0151 s\u00fct\u0151\" \/>\n<meta property=\"og:description\" content=\"Fedezze fel a Whirlpool WOI78PT1SBA be\u00e9p\u00edthet\u0151 s\u00fct\u0151t, amely 4 r\u00e9teg\u0171 \u00fcveg ajt\u00f3val \u00e9s Pirolitikus tiszt\u00edt\u00e1ssal rendelkezik! Rendelje meg most!\" \/>\n<meta property=\"og:url\" content=\"https:\/\/premiumkeszulek.hu\/hu\/termek\/whirlpool-woi78pt1sba-beepitheto-suto\/\" \/>\n<meta property=\"og:site_name\" content=\"Pr\u00e9miumK\u00e9sz\u00fcl\u00e9k\" \/>\n<meta property=\"article:publisher\" content=\"https:\/\/www.facebook.com\/konyhaluxnet\" \/>\n<meta property=\"article:modified_time\" content=\"2026-04-02T16:40:11+00:00\" \/>\n<meta property=\"og:image\" content=\"https:\/\/i0.wp.com\/premiumkeszulek.hu\/wp-content\/uploads\/2025\/05\/WOI78PT1SBA.webp?fit=800%2C800&ssl=1\" \/>\n\t<meta property=\"og:image:width\" content=\"800\" \/>\n\t<meta property=\"og:image:height\" content=\"800\" \/>\n\t<meta property=\"og:image:type\" content=\"image\/webp\" \/>\n<meta name=\"twitter:card\" content=\"summary_large_image\" \/>\n<meta name=\"twitter:label1\" content=\"\u00c1r\" \/>\n\t<meta name=\"twitter:data1\" content=\"225.506&#070;&#116;\" \/>\n\t<meta name=\"twitter:label2\" content=\"El\u00e9rhet\u0151s\u00e9g\" \/>\n\t<meta name=\"twitter:data2\" content=\"K\u00e9szleten\" \/>\n<script type=\"application\/ld+json\" class=\"yoast-schema-graph\">{\"@context\":\"https:\/\/schema.org\",\"@graph\":[{\"@type\":\"WebPage\",\"@id\":\"https:\/\/premiumkeszulek.hu\/en\/product\/whirlpool-woi78pt1sba-beepitheto-suto\/\",\"url\":\"https:\/\/premiumkeszulek.hu\/en\/product\/whirlpool-woi78pt1sba-beepitheto-suto\/\",\"name\":\"Whirlpool WOI78PT1SBA be\u00e9p\u00edthet\u0151 s\u00fct\u0151 - Pr\u00e9miumK\u00e9sz\u00fcl\u00e9k\",\"isPartOf\":{\"@id\":\"https:\/\/premiumkeszulek.hu\/en\/#website\"},\"primaryImageOfPage\":{\"@id\":\"https:\/\/premiumkeszulek.hu\/en\/product\/whirlpool-woi78pt1sba-beepitheto-suto\/#primaryimage\"},\"image\":{\"@id\":\"https:\/\/premiumkeszulek.hu\/en\/product\/whirlpool-woi78pt1sba-beepitheto-suto\/#primaryimage\"},\"thumbnailUrl\":\"https:\/\/i0.wp.com\/premiumkeszulek.hu\/wp-content\/uploads\/2025\/05\/WOI78PT1SBA.webp?fit=800%2C800&ssl=1\",\"datePublished\":\"2025-05-28T13:10:48+00:00\",\"dateModified\":\"2026-04-02T16:40:11+00:00\",\"description\":\"Fedezze fel a Whirlpool WOI78PT1SBA be\u00e9p\u00edthet\u0151 s\u00fct\u0151t, amely 4 r\u00e9teg\u0171 \u00fcveg ajt\u00f3val \u00e9s Pirolitikus tiszt\u00edt\u00e1ssal rendelkezik! Rendelje meg most!\",\"breadcrumb\":{\"@id\":\"https:\/\/premiumkeszulek.hu\/en\/product\/whirlpool-woi78pt1sba-beepitheto-suto\/#breadcrumb\"},\"inLanguage\":\"hu\",\"potentialAction\":[{\"@type\":\"ReadAction\",\"target\":[\"https:\/\/premiumkeszulek.hu\/en\/product\/whirlpool-woi78pt1sba-beepitheto-suto\/\"]}]},{\"@type\":\"ImageObject\",\"inLanguage\":\"hu\",\"@id\":\"https:\/\/premiumkeszulek.hu\/en\/product\/whirlpool-woi78pt1sba-beepitheto-suto\/#primaryimage\",\"url\":\"https:\/\/i0.wp.com\/premiumkeszulek.hu\/wp-content\/uploads\/2025\/05\/WOI78PT1SBA.webp?fit=800%2C800&ssl=1\",\"contentUrl\":\"https:\/\/i0.wp.com\/premiumkeszulek.hu\/wp-content\/uploads\/2025\/05\/WOI78PT1SBA.webp?fit=800%2C800&ssl=1\",\"width\":800,\"height\":800},{\"@type\":\"BreadcrumbList\",\"@id\":\"https:\/\/premiumkeszulek.hu\/en\/product\/whirlpool-woi78pt1sba-beepitheto-suto\/#breadcrumb\",\"itemListElement\":[{\"@type\":\"ListItem\",\"position\":1,\"name\":\"Home\",\"item\":\"https:\/\/premiumkeszulek.hu\/en\/\"},{\"@type\":\"ListItem\",\"position\":2,\"name\":\"Shop\",\"item\":\"https:\/\/premiumkeszulek.hu\/en\/shop\/\"},{\"@type\":\"ListItem\",\"position\":3,\"name\":\"Whirlpool WOI78PT1SBA be\u00e9p\u00edthet\u0151 s\u00fct\u0151\"}]},{\"@type\":\"WebSite\",\"@id\":\"https:\/\/premiumkeszulek.hu\/en\/#website\",\"url\":\"https:\/\/premiumkeszulek.hu\/en\/\",\"name\":\"Pr\u00e9miumK\u00e9sz\u00fcl\u00e9k\",\"description\":\"\",\"publisher\":{\"@id\":\"https:\/\/premiumkeszulek.hu\/en\/#organization\"},\"potentialAction\":[{\"@type\":\"SearchAction\",\"target\":{\"@type\":\"EntryPoint\",\"urlTemplate\":\"https:\/\/premiumkeszulek.hu\/en\/?s={search_term_string}\"},\"query-input\":{\"@type\":\"PropertyValueSpecification\",\"valueRequired\":true,\"valueName\":\"search_term_string\"}}],\"inLanguage\":\"hu\"},{\"@type\":\"Organization\",\"@id\":\"https:\/\/premiumkeszulek.hu\/en\/#organization\",\"name\":\"Pr\u00e9miumK\u00e9sz\u00fcl\u00e9k\",\"alternateName\":\"HPH Special Kft\",\"url\":\"https:\/\/premiumkeszulek.hu\/en\/\",\"logo\":{\"@type\":\"ImageObject\",\"inLanguage\":\"hu\",\"@id\":\"https:\/\/premiumkeszulek.hu\/en\/#\/schema\/logo\/image\/\",\"url\":\"http:\/\/premiumkeszulek.hu\/wp-content\/uploads\/2025\/03\/TURKIZLOGO-kicsi.png\",\"contentUrl\":\"http:\/\/premiumkeszulek.hu\/wp-content\/uploads\/2025\/03\/TURKIZLOGO-kicsi.png\",\"width\":1600,\"height\":547,\"caption\":\"Pr\u00e9miumK\u00e9sz\u00fcl\u00e9k\"},\"image\":{\"@id\":\"https:\/\/premiumkeszulek.hu\/en\/#\/schema\/logo\/image\/\"},\"sameAs\":[\"https:\/\/www.facebook.com\/konyhaluxnet\",\"https:\/\/www.instagram.com\/konyhaluxnet\/#\"],\"email\":\"info@premiumkeszulek.hu\",\"telephone\":\"36 1 \/ 226-1992\",\"legalName\":\"HPH Special Kft\",\"vatID\":\"HU12549502\",\"taxID\":\"12549502\",\"hasMerchantReturnPolicy\":{\"@type\":\"MerchantReturnPolicy\",\"merchantReturnLink\":\"https:\/\/premiumkeszulek.hu\/hu\/altalanos-szerzodesi-es-felhasznalasi-feltetelek\/\"}}]}<\/script>\n<meta property=\"product:brand\" content=\"Whirlpool\" \/>\n<meta property=\"product:price:amount\" content=\"225506\" \/>\n<meta property=\"product:price:currency\" content=\"HUF\" \/>\n<meta property=\"og:availability\" content=\"instock\" \/>\n<meta property=\"product:availability\" content=\"instock\" \/>\n<meta property=\"product:retailer_item_id\" content=\"859991690980\" \/>\n<meta property=\"product:condition\" content=\"new\" \/>\n<!-- \/ Yoast SEO Premium plugin. -->","yoast_head_json":{"title":"Whirlpool WOI78PT1SBA be\u00e9p\u00edthet\u0151 s\u00fct\u0151 - Pr\u00e9miumK\u00e9sz\u00fcl\u00e9kek","description":"Fedezze fel a Whirlpool WOI78PT1SBA be\u00e9p\u00edthet\u0151 s\u00fct\u0151t, amely 4 r\u00e9teg\u0171 \u00fcveg ajt\u00f3val \u00e9s Pirolitikus tiszt\u00edt\u00e1ssal rendelkezik! Rendelje meg a legt\u00f6bbet!","robots":{"index":"index","follow":"follow","max-snippet":"max-snippet:-1","max-image-preview":"max-image-preview:large","max-video-preview":"max-video-preview:-1"},"canonical":"https:\/\/premiumkeszulek.hu\/hu\/termek\/whirlpool-woi78pt1sba-beepitheto-suto\/","og_locale":"hu_HU","og_type":"article","og_title":"Whirlpool WOI78PT1SBA be\u00e9p\u00edthet\u0151 s\u00fct\u0151","og_description":"Fedezze fel a Whirlpool WOI78PT1SBA be\u00e9p\u00edthet\u0151 s\u00fct\u0151t, amely 4 r\u00e9teg\u0171 \u00fcveg ajt\u00f3val \u00e9s Pirolitikus tiszt\u00edt\u00e1ssal rendelkezik! Rendelje meg most!","og_url":"https:\/\/premiumkeszulek.hu\/hu\/termek\/whirlpool-woi78pt1sba-beepitheto-suto\/","og_site_name":"Pr\u00e9miumK\u00e9sz\u00fcl\u00e9k","article_publisher":"https:\/\/www.facebook.com\/konyhaluxnet","article_modified_time":"2026-04-02T16:40:11+00:00","og_image":[{"width":800,"height":800,"url":"https:\/\/i0.wp.com\/premiumkeszulek.hu\/wp-content\/uploads\/2025\/05\/WOI78PT1SBA.webp?fit=800%2C800&ssl=1","type":"image\/webp"}],"twitter_card":"summary_large_image","twitter_misc":{"\u00c1r":"225.506&#70;&#116;","El\u00e9rhet\u0151s\u00e9g":"K\u00e9szleten"},"schema":{"@context":"https:\/\/schema.org","@graph":[{"@type":"WebPage","@id":"https:\/\/premiumkeszulek.hu\/en\/product\/whirlpool-woi78pt1sba-beepitheto-suto\/","url":"https:\/\/premiumkeszulek.hu\/en\/product\/whirlpool-woi78pt1sba-beepitheto-suto\/","name":"Whirlpool WOI78PT1SBA be\u00e9p\u00edthet\u0151 s\u00fct\u0151 - Pr\u00e9miumK\u00e9sz\u00fcl\u00e9kek","isPartOf":{"@id":"https:\/\/premiumkeszulek.hu\/en\/#website"},"primaryImageOfPage":{"@id":"https:\/\/premiumkeszulek.hu\/en\/product\/whirlpool-woi78pt1sba-beepitheto-suto\/#primaryimage"},"image":{"@id":"https:\/\/premiumkeszulek.hu\/en\/product\/whirlpool-woi78pt1sba-beepitheto-suto\/#primaryimage"},"thumbnailUrl":"https:\/\/i0.wp.com\/premiumkeszulek.hu\/wp-content\/uploads\/2025\/05\/WOI78PT1SBA.webp?fit=800%2C800&ssl=1","datePublished":"2025-05-28T13:10:48+00:00","dateModified":"2026-04-02T16:40:11+00:00","description":"Fedezze fel a Whirlpool WOI78PT1SBA be\u00e9p\u00edthet\u0151 s\u00fct\u0151t, amely 4 r\u00e9teg\u0171 \u00fcveg ajt\u00f3val \u00e9s Pirolitikus tiszt\u00edt\u00e1ssal rendelkezik! Rendelje meg a legt\u00f6bbet!","breadcrumb":{"@id":"https:\/\/premiumkeszulek.hu\/en\/product\/whirlpool-woi78pt1sba-beepitheto-suto\/#breadcrumb"},"inLanguage":"hu","potentialAction":[{"@type":"ReadAction","target":["https:\/\/premiumkeszulek.hu\/en\/product\/whirlpool-woi78pt1sba-beepitheto-suto\/"]}]},{"@type":"ImageObject","inLanguage":"hu","@id":"https:\/\/premiumkeszulek.hu\/en\/product\/whirlpool-woi78pt1sba-beepitheto-suto\/#primaryimage","url":"https:\/\/i0.wp.com\/premiumkeszulek.hu\/wp-content\/uploads\/2025\/05\/WOI78PT1SBA.webp?fit=800%2C800&ssl=1","contentUrl":"https:\/\/i0.wp.com\/premiumkeszulek.hu\/wp-content\/uploads\/2025\/05\/WOI78PT1SBA.webp?fit=800%2C800&ssl=1","width":800,"height":800},{"@type":"BreadcrumbList","@id":"https:\/\/premiumkeszulek.hu\/en\/product\/whirlpool-woi78pt1sba-beepitheto-suto\/#breadcrumb","itemListElement":[{"@type":"ListItem","position":1,"name":"Home","item":"https:\/\/premiumkeszulek.hu\/en\/"},{"@type":"ListItem","position":2,"name":"Shop","item":"https:\/\/premiumkeszulek.hu\/en\/shop\/"},{"@type":"ListItem","position":3,"name":"Whirlpool WOI78PT1SBA be\u00e9p\u00edthet\u0151 s\u00fct\u0151"}]},{"@type":"WebSite","@id":"https:\/\/premiumkeszulek.hu\/en\/#website","url":"https:\/\/premiumkeszulek.hu\/en\/","name":"Pr\u00e9miumK\u00e9sz\u00fcl\u00e9k","description":"","publisher":{"@id":"https:\/\/premiumkeszulek.hu\/en\/#organization"},"potentialAction":[{"@type":"SearchAction","target":{"@type":"EntryPoint","urlTemplate":"https:\/\/premiumkeszulek.hu\/en\/?s={search_term_string}"},"query-input":{"@type":"PropertyValueSpecification","valueRequired":true,"valueName":"search_term_string"}}],"inLanguage":"hu"},{"@type":"Organization","@id":"https:\/\/premiumkeszulek.hu\/en\/#organization","name":"Pr\u00e9miumK\u00e9sz\u00fcl\u00e9k","alternateName":"HPH Special Kft","url":"https:\/\/premiumkeszulek.hu\/en\/","logo":{"@type":"ImageObject","inLanguage":"hu","@id":"https:\/\/premiumkeszulek.hu\/en\/#\/schema\/logo\/image\/","url":"http:\/\/premiumkeszulek.hu\/wp-content\/uploads\/2025\/03\/TURKIZLOGO-kicsi.png","contentUrl":"http:\/\/premiumkeszulek.hu\/wp-content\/uploads\/2025\/03\/TURKIZLOGO-kicsi.png","width":1600,"height":547,"caption":"Pr\u00e9miumK\u00e9sz\u00fcl\u00e9k"},"image":{"@id":"https:\/\/premiumkeszulek.hu\/en\/#\/schema\/logo\/image\/"},"sameAs":["https:\/\/www.facebook.com\/konyhaluxnet","https:\/\/www.instagram.com\/konyhaluxnet\/#"],"email":"info@premiumkeszulek.hu","telephone":"36 1 \/ 226-1992","legalName":"HPH Special Kft","vatID":"HU12549502","taxID":"12549502","hasMerchantReturnPolicy":{"@type":"MerchantReturnPolicy","merchantReturnLink":"https:\/\/premiumkeszulek.hu\/hu\/altalanos-szerzodesi-es-felhasznalasi-feltetelek\/"}}]},"product_brand":"Whirlpool","product_price_amount":"225506","product_price_currency":"HUF","og_availability":"instock","product_availability":"instock","product_retailer_item_id":"859991690980","product_condition":"new"},"jetpack_publicize_connections":[],"jetpack_likes_enabled":true,"jetpack_sharing_enabled":true,"jetpack-related-posts":[],"_links":{"self":[{"href":"https:\/\/premiumkeszulek.hu\/hu\/wp-json\/wp\/v2\/product\/30841","targetHints":{"allow":["GET"]}}],"collection":[{"href":"https:\/\/premiumkeszulek.hu\/hu\/wp-json\/wp\/v2\/product"}],"about":[{"href":"https:\/\/premiumkeszulek.hu\/hu\/wp-json\/wp\/v2\/types\/product"}],"replies":[{"embeddable":true,"href":"https:\/\/premiumkeszulek.hu\/hu\/wp-json\/wp\/v2\/comments?post=30841"}],"wp:featuredmedia":[{"embeddable":true,"href":"https:\/\/premiumkeszulek.hu\/hu\/wp-json\/wp\/v2\/media\/30840"}],"wp:attachment":[{"href":"https:\/\/premiumkeszulek.hu\/hu\/wp-json\/wp\/v2\/media?parent=30841"}],"wp:term":[{"taxonomy":"product_brand","embeddable":true,"href":"https:\/\/premiumkeszulek.hu\/hu\/wp-json\/wp\/v2\/product_brand?post=30841"},{"taxonomy":"product_cat","embeddable":true,"href":"https:\/\/premiumkeszulek.hu\/hu\/wp-json\/wp\/v2\/product_cat?post=30841"},{"taxonomy":"product_tag","embeddable":true,"href":"https:\/\/premiumkeszulek.hu\/hu\/wp-json\/wp\/v2\/product_tag?post=30841"},{"taxonomy":"woo-feed-brand","embeddable":true,"href":"https:\/\/premiumkeszulek.hu\/hu\/wp-json\/wp\/v2\/woo-feed-brand?post=30841"}],"curies":[{"name":"wp","href":"https:\/\/api.w.org\/{rel}","templated":true}]}}