{"id":30631,"date":"2025-05-26T17:36:51","date_gmt":"2025-05-26T15:36:51","guid":{"rendered":"https:\/\/premiumkeszulek.hu\/termek\/sirius-paraelszivo-s-dd-stone-120-em-motor-nelkul\/"},"modified":"2026-04-23T11:55:42","modified_gmt":"2026-04-23T09:55:42","slug":"sirius-paraelszivo-s-dd-stone-120-em-motor-nelkul","status":"publish","type":"product","link":"https:\/\/premiumkeszulek.hu\/hu\/termek\/sirius-paraelszivo-s-dd-stone-120-em-motor-nelkul\/","title":{"rendered":"Sirius P\u00e1raelsz\u00edv\u00f3 S-DD STONE 120 EM motor n\u00e9lk\u00fcl"},"content":{"rendered":"<p>A Stone egy pultba \u00e9p\u00edthet\u0151 elsz\u00edv\u00f3, amely t\u00f6k\u00e9letesen illeszkedik minden t\u00edpus\u00fa konyhai munkalaphoz.<br \/>\nA fels\u0151 panelt ugyanabb\u00f3l az anyagb\u00f3l k\u00e9sz\u00edtheti el, mint a amib\u0151l a munkapult k\u00e9sz\u00fcl.\u00a0A Sirius \u201ekeret n\u00e9lk\u00fcli\u201d be\u00e9p\u00edt\u00e9si technol\u00f3gi\u00e1ja lehet\u0151v\u00e9 teszi az egyedi FLUSH TOP hat\u00e1s el\u00e9r\u00e9st, ami annyit takar, hogy az elsz\u00edv\u00f3 kikapcsolt \u00e1llapotban teljesen visszas\u00fclyed a munkapultba, \u00edgy szinte egybeolvad a munkafel\u00fclettel. Bekapcsol\u00e1s ut\u00e1n az elsz\u00edv\u00f3r\u00e9sz kiemelkedik a pultb\u00f3l. Ez a term\u00e9k 90 cm-es \u00e9s 120 cm-es m\u00e9retben kaphat\u00f3, Aisi 304 rozsdamentes ac\u00e9l szerkezete \u00e9s nagy hat\u00e1sfok\u00fa led vil\u00e1g\u00edt\u00e1ssal van felszerelve. Az elsz\u00edv\u00f3 haszn\u00e1lhat\u00f3 r\u00e1szerelt bels\u0151 motorral (S-DD motor) vagy t\u00f6bbf\u00e9le k\u00fcls\u0151 motorral is.<\/p>\n","protected":false},"excerpt":{"rendered":"<p>Az elsz\u00edv\u00f3 motor n\u00e9lk\u00fcl van szerelve!<\/p>\n<p>Opcion\u00e1lis tartoz\u00e9k bels\u0151 keringet\u00e9s eset\u00e9n:<\/p>\n<p>Sirius P\u00e1raelsz\u00edv\u00f3 bels\u0151\u00a0motor S-DD\u00a0T800, vagy sem10 l\u00e1bazatba \u00e9p\u00edthet\u0151 motor<\/p>\n<p>Opcion\u00e1lis tartoz\u00e9k k\u00fcls\u0151, falon k\u00edv\u00fcli\u00a0motor eset\u00e9n:<\/p>\n<p>Sirius\u00a0SEM1, vagy Sirius SEM8<\/p>\n<p>\u00a0<\/p>\n","protected":false},"featured_media":30626,"comment_status":"closed","ping_status":"closed","template":"","meta":{"_crdt_document":"","content-type":"","jetpack_post_was_ever_published":false,"jetpack_publicize_message":"","jetpack_publicize_feature_enabled":true,"jetpack_social_post_already_shared":true,"jetpack_social_options":{"image_generator_settings":{"template":"highway","default_image_id":0,"font":"","enabled":false},"version":2},"_wpas_customize_per_network":false},"product_brand":[1639],"product_cat":[1525],"product_tag":[],"woo-feed-brand":[],"class_list":{"0":"post-30631","1":"product","2":"type-product","3":"status-publish","4":"has-post-thumbnail","6":"product_brand-sirius","7":"product_cat-paraelszivok","8":"product_shipping_class-100000felett","10":"first","11":"onbackorder","12":"taxable","13":"shipping-taxable","14":"purchasable","15":"product-type-simple"},"yoast_head":"<!-- This site is optimized with the Yoast SEO Premium plugin v26.9 (Yoast SEO v27.4) - https:\/\/yoast.com\/product\/yoast-seo-premium-wordpress\/ -->\n<title>Sirius P\u00e1raelsz\u00edv\u00f3 S-DD STONE 120 EM motor n\u00e9lk\u00fcl - Pr\u00e9miumK\u00e9sz\u00fcl\u00e9k<\/title>\n<meta name=\"description\" content=\"Fedezze fel a Sirius P\u00e1raelsz\u00edv\u00f3 S-DD STONE \u00e1ltal ny\u00fajtott st\u00edlust \u00e9s funkcionalit\u00e1st! T\u00f6k\u00e9letesen illeszkedik minden konyhai munkalaphoz.\" \/>\n<meta name=\"robots\" content=\"index, follow, max-snippet:-1, max-image-preview:large, max-video-preview:-1\" \/>\n<link rel=\"canonical\" href=\"https:\/\/premiumkeszulek.hu\/hu\/termek\/sirius-paraelszivo-s-dd-stone-120-em-motor-nelkul\/\" \/>\n<meta property=\"og:locale\" content=\"hu_HU\" \/>\n<meta property=\"og:type\" content=\"article\" \/>\n<meta property=\"og:title\" content=\"Sirius P\u00e1raelsz\u00edv\u00f3 S-DD STONE 120 EM motor n\u00e9lk\u00fcl\" \/>\n<meta property=\"og:description\" content=\"Fedezze fel a Sirius P\u00e1raelsz\u00edv\u00f3 S-DD STONE \u00e1ltal ny\u00fajtott st\u00edlust \u00e9s funkcionalit\u00e1st! T\u00f6k\u00e9letesen illeszkedik minden konyhai munkalaphoz.\" \/>\n<meta property=\"og:url\" content=\"https:\/\/premiumkeszulek.hu\/hu\/termek\/sirius-paraelszivo-s-dd-stone-120-em-motor-nelkul\/\" \/>\n<meta property=\"og:site_name\" content=\"Pr\u00e9miumK\u00e9sz\u00fcl\u00e9k\" \/>\n<meta property=\"article:publisher\" content=\"https:\/\/www.facebook.com\/konyhaluxnet\" \/>\n<meta property=\"article:modified_time\" content=\"2026-04-23T09:55:42+00:00\" \/>\n<meta property=\"og:image\" content=\"https:\/\/i0.wp.com\/premiumkeszulek.hu\/wp-content\/uploads\/2025\/05\/1-8.png?fit=800%2C800&ssl=1\" \/>\n\t<meta property=\"og:image:width\" content=\"800\" \/>\n\t<meta property=\"og:image:height\" content=\"800\" \/>\n\t<meta property=\"og:image:type\" content=\"image\/png\" \/>\n<meta name=\"twitter:card\" content=\"summary_large_image\" \/>\n<meta name=\"twitter:label1\" content=\"\u00c1r\" \/>\n\t<meta name=\"twitter:data1\" content=\"999.990&#070;&#116;\" \/>\n\t<meta name=\"twitter:label2\" content=\"El\u00e9rhet\u0151s\u00e9g\" \/>\n\t<meta name=\"twitter:data2\" content=\"Beszerz\u00e9s alatt\" \/>\n<script type=\"application\/ld+json\" class=\"yoast-schema-graph\">{\"@context\":\"https:\\\/\\\/schema.org\",\"@graph\":[{\"@type\":\"WebPage\",\"@id\":\"https:\\\/\\\/premiumkeszulek.hu\\\/hu\\\/termek\\\/sirius-paraelszivo-s-dd-stone-120-em-motor-nelkul\\\/\",\"url\":\"https:\\\/\\\/premiumkeszulek.hu\\\/hu\\\/termek\\\/sirius-paraelszivo-s-dd-stone-120-em-motor-nelkul\\\/\",\"name\":\"Sirius P\u00e1raelsz\u00edv\u00f3 S-DD STONE 120 EM motor n\u00e9lk\u00fcl - Pr\u00e9miumK\u00e9sz\u00fcl\u00e9k\",\"isPartOf\":{\"@id\":\"https:\\\/\\\/premiumkeszulek.hu\\\/hu\\\/#website\"},\"primaryImageOfPage\":{\"@id\":\"https:\\\/\\\/premiumkeszulek.hu\\\/hu\\\/termek\\\/sirius-paraelszivo-s-dd-stone-120-em-motor-nelkul\\\/#primaryimage\"},\"image\":{\"@id\":\"https:\\\/\\\/premiumkeszulek.hu\\\/hu\\\/termek\\\/sirius-paraelszivo-s-dd-stone-120-em-motor-nelkul\\\/#primaryimage\"},\"thumbnailUrl\":\"https:\\\/\\\/i0.wp.com\\\/premiumkeszulek.hu\\\/wp-content\\\/uploads\\\/2025\\\/05\\\/1-8.png?fit=800%2C800&ssl=1\",\"datePublished\":\"2025-05-26T15:36:51+00:00\",\"dateModified\":\"2026-04-23T09:55:42+00:00\",\"description\":\"Fedezze fel a Sirius P\u00e1raelsz\u00edv\u00f3 S-DD STONE \u00e1ltal ny\u00fajtott st\u00edlust \u00e9s funkcionalit\u00e1st! T\u00f6k\u00e9letesen illeszkedik minden konyhai munkalaphoz.\",\"breadcrumb\":{\"@id\":\"https:\\\/\\\/premiumkeszulek.hu\\\/hu\\\/termek\\\/sirius-paraelszivo-s-dd-stone-120-em-motor-nelkul\\\/#breadcrumb\"},\"inLanguage\":\"hu\",\"potentialAction\":[{\"@type\":\"ReadAction\",\"target\":[\"https:\\\/\\\/premiumkeszulek.hu\\\/hu\\\/termek\\\/sirius-paraelszivo-s-dd-stone-120-em-motor-nelkul\\\/\"]}]},{\"@type\":\"ImageObject\",\"inLanguage\":\"hu\",\"@id\":\"https:\\\/\\\/premiumkeszulek.hu\\\/hu\\\/termek\\\/sirius-paraelszivo-s-dd-stone-120-em-motor-nelkul\\\/#primaryimage\",\"url\":\"https:\\\/\\\/i0.wp.com\\\/premiumkeszulek.hu\\\/wp-content\\\/uploads\\\/2025\\\/05\\\/1-8.png?fit=800%2C800&ssl=1\",\"contentUrl\":\"https:\\\/\\\/i0.wp.com\\\/premiumkeszulek.hu\\\/wp-content\\\/uploads\\\/2025\\\/05\\\/1-8.png?fit=800%2C800&ssl=1\",\"width\":800,\"height\":800},{\"@type\":\"BreadcrumbList\",\"@id\":\"https:\\\/\\\/premiumkeszulek.hu\\\/hu\\\/termek\\\/sirius-paraelszivo-s-dd-stone-120-em-motor-nelkul\\\/#breadcrumb\",\"itemListElement\":[{\"@type\":\"ListItem\",\"position\":1,\"name\":\"Home\",\"item\":\"https:\\\/\\\/premiumkeszulek.hu\\\/hu\\\/\"},{\"@type\":\"ListItem\",\"position\":2,\"name\":\"Shop\",\"item\":\"https:\\\/\\\/premiumkeszulek.hu\\\/hu\\\/shop\\\/\"},{\"@type\":\"ListItem\",\"position\":3,\"name\":\"Sirius P\u00e1raelsz\u00edv\u00f3 S-DD STONE 120 EM motor n\u00e9lk\u00fcl\"}]},{\"@type\":\"WebSite\",\"@id\":\"https:\\\/\\\/premiumkeszulek.hu\\\/hu\\\/#website\",\"url\":\"https:\\\/\\\/premiumkeszulek.hu\\\/hu\\\/\",\"name\":\"Pr\u00e9miumK\u00e9sz\u00fcl\u00e9k\",\"description\":\"\",\"publisher\":{\"@id\":\"https:\\\/\\\/premiumkeszulek.hu\\\/hu\\\/#organization\"},\"potentialAction\":[{\"@type\":\"SearchAction\",\"target\":{\"@type\":\"EntryPoint\",\"urlTemplate\":\"https:\\\/\\\/premiumkeszulek.hu\\\/hu\\\/?s={search_term_string}\"},\"query-input\":{\"@type\":\"PropertyValueSpecification\",\"valueRequired\":true,\"valueName\":\"search_term_string\"}}],\"inLanguage\":\"hu\"},{\"@type\":\"Organization\",\"@id\":\"https:\\\/\\\/premiumkeszulek.hu\\\/hu\\\/#organization\",\"name\":\"Pr\u00e9miumK\u00e9sz\u00fcl\u00e9k\",\"alternateName\":\"HPH Special Kft\",\"url\":\"https:\\\/\\\/premiumkeszulek.hu\\\/hu\\\/\",\"logo\":{\"@type\":\"ImageObject\",\"inLanguage\":\"hu\",\"@id\":\"https:\\\/\\\/premiumkeszulek.hu\\\/hu\\\/#\\\/schema\\\/logo\\\/image\\\/\",\"url\":\"http:\\\/\\\/premiumkeszulek.hu\\\/wp-content\\\/uploads\\\/2025\\\/03\\\/TURKIZLOGO-kicsi.png\",\"contentUrl\":\"http:\\\/\\\/premiumkeszulek.hu\\\/wp-content\\\/uploads\\\/2025\\\/03\\\/TURKIZLOGO-kicsi.png\",\"width\":1600,\"height\":547,\"caption\":\"Pr\u00e9miumK\u00e9sz\u00fcl\u00e9k\"},\"image\":{\"@id\":\"https:\\\/\\\/premiumkeszulek.hu\\\/hu\\\/#\\\/schema\\\/logo\\\/image\\\/\"},\"sameAs\":[\"https:\\\/\\\/www.facebook.com\\\/konyhaluxnet\",\"https:\\\/\\\/www.instagram.com\\\/konyhaluxnet\\\/#\"],\"email\":\"info@premiumkeszulek.hu\",\"telephone\":\"36 1 \\\/ 226-1992\",\"legalName\":\"HPH Special Kft\",\"vatID\":\"HU12549502\",\"taxID\":\"12549502\",\"hasMerchantReturnPolicy\":{\"@type\":\"MerchantReturnPolicy\",\"merchantReturnLink\":\"https:\\\/\\\/premiumkeszulek.hu\\\/hu\\\/altalanos-szerzodesi-es-felhasznalasi-feltetelek\\\/\"}}]}<\/script>\n<meta property=\"product:brand\" content=\"Sirius\" \/>\n<meta property=\"product:price:amount\" content=\"999990\" \/>\n<meta property=\"product:price:currency\" content=\"HUF\" \/>\n<meta property=\"og:availability\" content=\"backorder\" \/>\n<meta property=\"product:availability\" content=\"available for order\" \/>\n<meta property=\"product:retailer_item_id\" content=\"SIR1169\" \/>\n<meta property=\"product:condition\" content=\"new\" \/>\n<!-- \/ Yoast SEO Premium plugin. -->","yoast_head_json":{"title":"Sirius P\u00e1raelsz\u00edv\u00f3 S-DD STONE 120 EM motor n\u00e9lk\u00fcl - Pr\u00e9miumK\u00e9sz\u00fcl\u00e9k","description":"Fedezze fel a Sirius P\u00e1raelsz\u00edv\u00f3 S-DD STONE \u00e1ltal ny\u00fajtott st\u00edlust \u00e9s funkcionalit\u00e1st! T\u00f6k\u00e9letesen illeszkedik minden konyhai munkalaphoz.","robots":{"index":"index","follow":"follow","max-snippet":"max-snippet:-1","max-image-preview":"max-image-preview:large","max-video-preview":"max-video-preview:-1"},"canonical":"https:\/\/premiumkeszulek.hu\/hu\/termek\/sirius-paraelszivo-s-dd-stone-120-em-motor-nelkul\/","og_locale":"hu_HU","og_type":"article","og_title":"Sirius P\u00e1raelsz\u00edv\u00f3 S-DD STONE 120 EM motor n\u00e9lk\u00fcl","og_description":"Fedezze fel a Sirius P\u00e1raelsz\u00edv\u00f3 S-DD STONE \u00e1ltal ny\u00fajtott st\u00edlust \u00e9s funkcionalit\u00e1st! T\u00f6k\u00e9letesen illeszkedik minden konyhai munkalaphoz.","og_url":"https:\/\/premiumkeszulek.hu\/hu\/termek\/sirius-paraelszivo-s-dd-stone-120-em-motor-nelkul\/","og_site_name":"Pr\u00e9miumK\u00e9sz\u00fcl\u00e9k","article_publisher":"https:\/\/www.facebook.com\/konyhaluxnet","article_modified_time":"2026-04-23T09:55:42+00:00","og_image":[{"width":800,"height":800,"url":"https:\/\/i0.wp.com\/premiumkeszulek.hu\/wp-content\/uploads\/2025\/05\/1-8.png?fit=800%2C800&ssl=1","type":"image\/png"}],"twitter_card":"summary_large_image","twitter_misc":{"\u00c1r":"999.990&#70;&#116;","El\u00e9rhet\u0151s\u00e9g":"Beszerz\u00e9s alatt"},"schema":{"@context":"https:\/\/schema.org","@graph":[{"@type":"WebPage","@id":"https:\/\/premiumkeszulek.hu\/hu\/termek\/sirius-paraelszivo-s-dd-stone-120-em-motor-nelkul\/","url":"https:\/\/premiumkeszulek.hu\/hu\/termek\/sirius-paraelszivo-s-dd-stone-120-em-motor-nelkul\/","name":"Sirius P\u00e1raelsz\u00edv\u00f3 S-DD STONE 120 EM motor n\u00e9lk\u00fcl - Pr\u00e9miumK\u00e9sz\u00fcl\u00e9k","isPartOf":{"@id":"https:\/\/premiumkeszulek.hu\/hu\/#website"},"primaryImageOfPage":{"@id":"https:\/\/premiumkeszulek.hu\/hu\/termek\/sirius-paraelszivo-s-dd-stone-120-em-motor-nelkul\/#primaryimage"},"image":{"@id":"https:\/\/premiumkeszulek.hu\/hu\/termek\/sirius-paraelszivo-s-dd-stone-120-em-motor-nelkul\/#primaryimage"},"thumbnailUrl":"https:\/\/i0.wp.com\/premiumkeszulek.hu\/wp-content\/uploads\/2025\/05\/1-8.png?fit=800%2C800&ssl=1","datePublished":"2025-05-26T15:36:51+00:00","dateModified":"2026-04-23T09:55:42+00:00","description":"Fedezze fel a Sirius P\u00e1raelsz\u00edv\u00f3 S-DD STONE \u00e1ltal ny\u00fajtott st\u00edlust \u00e9s funkcionalit\u00e1st! T\u00f6k\u00e9letesen illeszkedik minden konyhai munkalaphoz.","breadcrumb":{"@id":"https:\/\/premiumkeszulek.hu\/hu\/termek\/sirius-paraelszivo-s-dd-stone-120-em-motor-nelkul\/#breadcrumb"},"inLanguage":"hu","potentialAction":[{"@type":"ReadAction","target":["https:\/\/premiumkeszulek.hu\/hu\/termek\/sirius-paraelszivo-s-dd-stone-120-em-motor-nelkul\/"]}]},{"@type":"ImageObject","inLanguage":"hu","@id":"https:\/\/premiumkeszulek.hu\/hu\/termek\/sirius-paraelszivo-s-dd-stone-120-em-motor-nelkul\/#primaryimage","url":"https:\/\/i0.wp.com\/premiumkeszulek.hu\/wp-content\/uploads\/2025\/05\/1-8.png?fit=800%2C800&ssl=1","contentUrl":"https:\/\/i0.wp.com\/premiumkeszulek.hu\/wp-content\/uploads\/2025\/05\/1-8.png?fit=800%2C800&ssl=1","width":800,"height":800},{"@type":"BreadcrumbList","@id":"https:\/\/premiumkeszulek.hu\/hu\/termek\/sirius-paraelszivo-s-dd-stone-120-em-motor-nelkul\/#breadcrumb","itemListElement":[{"@type":"ListItem","position":1,"name":"Home","item":"https:\/\/premiumkeszulek.hu\/hu\/"},{"@type":"ListItem","position":2,"name":"Shop","item":"https:\/\/premiumkeszulek.hu\/hu\/shop\/"},{"@type":"ListItem","position":3,"name":"Sirius P\u00e1raelsz\u00edv\u00f3 S-DD STONE 120 EM motor n\u00e9lk\u00fcl"}]},{"@type":"WebSite","@id":"https:\/\/premiumkeszulek.hu\/hu\/#website","url":"https:\/\/premiumkeszulek.hu\/hu\/","name":"Pr\u00e9miumK\u00e9sz\u00fcl\u00e9k","description":"","publisher":{"@id":"https:\/\/premiumkeszulek.hu\/hu\/#organization"},"potentialAction":[{"@type":"SearchAction","target":{"@type":"EntryPoint","urlTemplate":"https:\/\/premiumkeszulek.hu\/hu\/?s={search_term_string}"},"query-input":{"@type":"PropertyValueSpecification","valueRequired":true,"valueName":"search_term_string"}}],"inLanguage":"hu"},{"@type":"Organization","@id":"https:\/\/premiumkeszulek.hu\/hu\/#organization","name":"Pr\u00e9miumK\u00e9sz\u00fcl\u00e9k","alternateName":"HPH Special Kft","url":"https:\/\/premiumkeszulek.hu\/hu\/","logo":{"@type":"ImageObject","inLanguage":"hu","@id":"https:\/\/premiumkeszulek.hu\/hu\/#\/schema\/logo\/image\/","url":"http:\/\/premiumkeszulek.hu\/wp-content\/uploads\/2025\/03\/TURKIZLOGO-kicsi.png","contentUrl":"http:\/\/premiumkeszulek.hu\/wp-content\/uploads\/2025\/03\/TURKIZLOGO-kicsi.png","width":1600,"height":547,"caption":"Pr\u00e9miumK\u00e9sz\u00fcl\u00e9k"},"image":{"@id":"https:\/\/premiumkeszulek.hu\/hu\/#\/schema\/logo\/image\/"},"sameAs":["https:\/\/www.facebook.com\/konyhaluxnet","https:\/\/www.instagram.com\/konyhaluxnet\/#"],"email":"info@premiumkeszulek.hu","telephone":"36 1 \/ 226-1992","legalName":"HPH Special Kft","vatID":"HU12549502","taxID":"12549502","hasMerchantReturnPolicy":{"@type":"MerchantReturnPolicy","merchantReturnLink":"https:\/\/premiumkeszulek.hu\/hu\/altalanos-szerzodesi-es-felhasznalasi-feltetelek\/"}}]},"product_brand":"Sirius","product_price_amount":"999990","product_price_currency":"HUF","og_availability":"backorder","product_availability":"available for order","product_retailer_item_id":"SIR1169","product_condition":"new"},"jetpack_publicize_connections":[],"jetpack_likes_enabled":true,"jetpack_sharing_enabled":true,"jetpack-related-posts":[],"_links":{"self":[{"href":"https:\/\/premiumkeszulek.hu\/hu\/wp-json\/wp\/v2\/product\/30631","targetHints":{"allow":["GET"]}}],"collection":[{"href":"https:\/\/premiumkeszulek.hu\/hu\/wp-json\/wp\/v2\/product"}],"about":[{"href":"https:\/\/premiumkeszulek.hu\/hu\/wp-json\/wp\/v2\/types\/product"}],"replies":[{"embeddable":true,"href":"https:\/\/premiumkeszulek.hu\/hu\/wp-json\/wp\/v2\/comments?post=30631"}],"wp:featuredmedia":[{"embeddable":true,"href":"https:\/\/premiumkeszulek.hu\/hu\/wp-json\/wp\/v2\/media\/30626"}],"wp:attachment":[{"href":"https:\/\/premiumkeszulek.hu\/hu\/wp-json\/wp\/v2\/media?parent=30631"}],"wp:term":[{"taxonomy":"product_brand","embeddable":true,"href":"https:\/\/premiumkeszulek.hu\/hu\/wp-json\/wp\/v2\/product_brand?post=30631"},{"taxonomy":"product_cat","embeddable":true,"href":"https:\/\/premiumkeszulek.hu\/hu\/wp-json\/wp\/v2\/product_cat?post=30631"},{"taxonomy":"product_tag","embeddable":true,"href":"https:\/\/premiumkeszulek.hu\/hu\/wp-json\/wp\/v2\/product_tag?post=30631"},{"taxonomy":"woo-feed-brand","embeddable":true,"href":"https:\/\/premiumkeszulek.hu\/hu\/wp-json\/wp\/v2\/woo-feed-brand?post=30631"}],"curies":[{"name":"wp","href":"https:\/\/api.w.org\/{rel}","templated":true}]}}