{"id":30556,"date":"2025-05-26T17:34:55","date_gmt":"2025-05-26T15:34:55","guid":{"rendered":"https:\/\/premiumkeszulek.hu\/termek\/falmec-polar-evo-35-cm-sziget-paraelszivo-fekete-2369181\/"},"modified":"2026-04-02T18:39:01","modified_gmt":"2026-04-02T16:39:01","slug":"falmec-polar-evo-35-cm-sziget-paraelszivo-fekete-2369181","status":"publish","type":"product","link":"https:\/\/premiumkeszulek.hu\/hu\/termek\/falmec-polar-evo-35-cm-sziget-paraelszivo-fekete-2369181\/","title":{"rendered":"Falmec POLAR EVO 35 cm sziget p\u00e1raelsz\u00edv\u00f3 fekete 2369181"},"content":{"rendered":"<p>Az fekete sz\u00edn\u0171 Falmec Polar egy letisztult formavil\u00e1got k\u00e9pvisel\u0151 konyhai sziget f\u00f6l\u00e9 szerelhet\u0151 p\u00e1raelsz\u00edv\u00f3, amely kifejezetten nagyobb konyh\u00e1khoz aj\u00e1nlott. A maxim\u00e1lis l\u00e9gsz\u00e1ll\u00edt\u00e1si teljes\u00edtm\u00e9ny 800 m3\/\u00f3ra, a zajszint pedig 48-67 dB(A) k\u00f6z\u00f6tt v\u00e1ltozik. Be\u00e9p\u00edtett LED vil\u00e1g\u00edt\u00e1ssal rendelkezik, amely t\u00f6k\u00e9letesen megvil\u00e1g\u00edtja a f\u0151z\u0151fel\u00fcletet. A B energiaoszt\u00e1ly energiatakar\u00e9kos m\u0171k\u00f6d\u00e9st tesz lehet\u0151v\u00e9. Nagyobb teljes\u00edtm\u00e9nyre van sz\u00fcks\u00e9ge? K\u00e9rje k\u00fcls\u0151 motorral! Szagelsz\u00edv\u00f3 k\u00e9sz\u00fcl\u00e9k\u00fcnk igaz\u00e1n tart\u00f3s \u00e9s hossz\u00fa \u00e9lettartam\u00fa, m\u0171k\u00f6d\u00e9se kifog\u00e1stalan. T\u00f6bb \u00e9ves garanci\u00e1t biztos\u00edtunk erre a konyhai berendez\u00e9sre, hisz b\u00fcszk\u00e9n v\u00e1llaljuk min\u0151s\u00e9gi elk\u00f6telezetts\u00e9g\u00fcnket a term\u00e9k ir\u00e1nt. A szakszer\u0171 telep\u00edt\u00e9s elengedhetetlen fontoss\u00e1g\u00fa annak \u00e9rdek\u00e9ben, hogy az elsz\u00edv\u00f3 optim\u00e1lisan m\u0171k\u00f6dj\u00f6n \u00e9s megfelel\u0151en szolg\u00e1lja ki a szell\u0151ztet\u00e9si ig\u00e9nyeket. Szakembereink v\u00e1llalj\u00e1k az \u00e1ltalunk forgalmazott konyhai p\u00e1raelsz\u00edv\u00f3k beszerel\u00e9s\u00e9t. Amennyiben ig\u00e9nybe venn\u00e9 telep\u00edt\u00e9si szolg\u00e1ltat\u00e1sunkat, k\u00e9rjen \u00e1raj\u00e1nlatot weboldalunkon!<\/p>","protected":false},"excerpt":{"rendered":"<p>\u00a0\u00a0\u00a0\u00a0\u00a0\u00a0\u00a0\u00a0\u00a0\u00a0 elektronikus vez\u00e9rl\u00e9s<br \/>\n\t\u00a0\u00a0\u00a0 kivehet\u0151 \u00e9s moshat\u00f3 f\u00e9m zs\u00edrfilter<br \/>\n\t\u00a0\u00a0\u00a0 opcion\u00e1lis akt\u00edvsz\u00e9n-sz\u0171r\u0151<br \/>\n\t\u00a0\u00a0\u00a0 Dinamikus LED vil\u00e1g\u00edt\u00e1s (2700K - 5600K)<br \/>\n\t\u00a0\u00a0\u00a0 szab\u00e1lyozhat\u00f3 LED vil\u00e1g\u00edt\u00e1s\u00a0<\/p>\n<p>Sz\u00edn\/fel\u00fclet feket\u00e9re festett ac\u00e9l<br \/>\n\t\u00a0\u00a0\u00a0\u00a0\u00a0\u00a0\u00a0 Energiaoszt\u00e1ly A<br \/>\n\t\u00a0\u00a0\u00a0\u00a0\u00a0\u00a0\u00a0 Cikk sz\u00e9less\u00e9ge 35 cm<br \/>\n\t\u00a0\u00a0\u00a0\u00a0\u00a0\u00a0\u00a0 Vez\u00e9rl\u00e9s t\u00edpusa elektronikus vez\u00e9rl\u00e9s<br \/>\n\t\u00a0\u00a0\u00a0\u00a0\u00a0\u00a0\u00a0 Zajszint (minimum) 48 dB<br \/>\n\t\u00a0\u00a0\u00a0\u00a0\u00a0\u00a0\u00a0 Zajszint (maxim\u00e1lis) 65 dB<br \/>\n\t\u00a0\u00a0\u00a0\u00a0\u00a0\u00a0\u00a0 L\u00e9gsz\u00e1ll\u00edt\u00e1s IEC (minimum) 354 m3\/h<br \/>\n\t\u00a0\u00a0\u00a0\u00a0\u00a0\u00a0\u00a0 L\u00e9gsz\u00e1ll\u00edt\u00e1s IEC (maxim\u00e1lis) 655 m3\/h<br \/>\n\t\u00a0\u00a0\u00a0\u00a0\u00a0\u00a0\u00a0 Vil\u00e1g\u00edt\u00e1s t\u00edpusa szab\u00e1lyozhat\u00f3 vil\u00e1g\u00edt\u00e1s (2700K - 5600K)<br \/>\n\t\u00a0\u00a0\u00a0\u00a0\u00a0\u00a0\u00a0<\/p>","protected":false},"featured_media":30555,"comment_status":"closed","ping_status":"closed","template":"","meta":{"_crdt_document":"","content-type":"","jetpack_post_was_ever_published":false,"jetpack_publicize_message":"","jetpack_publicize_feature_enabled":true,"jetpack_social_post_already_shared":true,"jetpack_social_options":{"image_generator_settings":{"template":"highway","default_image_id":0,"font":"","enabled":false},"version":2},"_wpas_customize_per_network":false},"product_brand":[1638],"product_cat":[1525],"product_tag":[],"woo-feed-brand":[],"class_list":{"0":"post-30556","1":"product","2":"type-product","3":"status-publish","4":"has-post-thumbnail","6":"product_brand-falmec","7":"product_cat-paraelszivok","8":"product_shipping_class-100000felett","10":"first","11":"instock","12":"sale","13":"taxable","14":"shipping-taxable","15":"purchasable","16":"product-type-simple"},"yoast_head":"<!-- This site is optimized with the Yoast SEO Premium plugin v26.9 (Yoast SEO v26.9) - https:\/\/yoast.com\/product\/yoast-seo-premium-wordpress\/ -->\n<title>Falmec POLAR EVO 35 cm sziget p\u00e1raelsz\u00edv\u00f3 fekete 2369181 - Pr\u00e9miumK\u00e9sz\u00fcl\u00e9k<\/title>\n<meta name=\"robots\" content=\"index, follow, max-snippet:-1, max-image-preview:large, max-video-preview:-1\" \/>\n<link rel=\"canonical\" href=\"https:\/\/premiumkeszulek.hu\/hu\/termek\/falmec-polar-evo-35-cm-sziget-paraelszivo-fekete-2369181\/\" \/>\n<meta property=\"og:locale\" content=\"hu_HU\" \/>\n<meta property=\"og:type\" content=\"article\" \/>\n<meta property=\"og:title\" content=\"Falmec POLAR EVO 35 cm sziget p\u00e1raelsz\u00edv\u00f3 fekete 2369181\" \/>\n<meta property=\"og:description\" content=\"\u00a0\u00a0\u00a0\u00a0\u00a0\u00a0\u00a0\u00a0\u00a0\u00a0 elektronikus vez\u00e9rl\u00e9s  \u00a0\u00a0\u00a0 kivehet\u0151 \u00e9s moshat\u00f3 f\u00e9m zs\u00edrfilter  \u00a0\u00a0\u00a0 opcion\u00e1lis akt\u00edvsz\u00e9n-filter  \u00a0\u00a0\u00a0 Dynamic LED vil\u00e1g\u00edt\u00e1s (2700K - 5600K)  \u00a0\u00a0\u00a0 szab\u00e1lyozhat\u00f3 LED vil\u00e1g\u00edt\u00e1s\u00a0  Sz\u00edn\/fel\u00fclet\u00a0\u00a0\u00a0\u00a0\u00a0\u00a0\u00a0\u00a0\u00a0\u00a0\u00a0 feket\u00e9re festett ac\u00e9l  \u00a0\u00a0\u00a0\u00a0\u00a0\u00a0\u00a0 Energiaoszt\u00e1ly\u00a0\u00a0\u00a0\u00a0\u00a0\u00a0\u00a0\u00a0\u00a0 A  \u00a0\u00a0\u00a0\u00a0\u00a0\u00a0\u00a0 Cikk sz\u00e9less\u00e9ge\u00a0\u00a0\u00a0\u00a0\u00a0\u00a0\u00a0\u00a0 35 cm  \u00a0\u00a0\u00a0\u00a0\u00a0\u00a0\u00a0 Vez\u00e9rl\u00e9s t\u00edpusa\u00a0\u00a0\u00a0\u00a0\u00a0\u00a0\u00a0\u00a0 elektronikus vez\u00e9rl\u00e9s  \u00a0\u00a0\u00a0\u00a0\u00a0\u00a0\u00a0 Zajszint (minimum)\u00a0\u00a0\u00a0\u00a0\u00a0 48 dB  \u00a0\u00a0\u00a0\u00a0\u00a0\u00a0\u00a0 Zajszint (maximum)\u00a0\u00a0\u00a0\u00a0\u00a0 65 dB  \u00a0\u00a0\u00a0\u00a0\u00a0\u00a0\u00a0 L\u00e9gsz\u00e1ll\u00edt\u00e1s IEC (minimum)\u00a0\u00a0\u00a0\u00a0 354 m3\/h  \u00a0\u00a0\u00a0\u00a0\u00a0\u00a0\u00a0 L\u00e9gsz\u00e1ll\u00edt\u00e1s IEC (maximum)\u00a0\u00a0\u00a0\u00a0 655 m3\/h  \u00a0\u00a0\u00a0\u00a0\u00a0\u00a0\u00a0 Vil\u00e1g\u00edt\u00e1s t\u00edpusa\u00a0\u00a0\u00a0\u00a0\u00a0\u00a0\u00a0\u00a0\u00a0 szab\u00e1lyozhat\u00f3 vil\u00e1g\u00edt\u00e1s (2700K - 5600K)  \u00a0\u00a0\u00a0\u00a0\u00a0\u00a0\u00a0\" \/>\n<meta property=\"og:url\" content=\"https:\/\/premiumkeszulek.hu\/hu\/termek\/falmec-polar-evo-35-cm-sziget-paraelszivo-fekete-2369181\/\" \/>\n<meta property=\"og:site_name\" content=\"Pr\u00e9miumK\u00e9sz\u00fcl\u00e9k\" \/>\n<meta property=\"article:publisher\" content=\"https:\/\/www.facebook.com\/konyhaluxnet\" \/>\n<meta property=\"article:modified_time\" content=\"2026-04-02T16:39:01+00:00\" \/>\n<meta property=\"og:image\" content=\"https:\/\/i0.wp.com\/premiumkeszulek.hu\/wp-content\/uploads\/2025\/05\/2369181-111.jpg?fit=800%2C800&ssl=1\" \/>\n\t<meta property=\"og:image:width\" content=\"800\" \/>\n\t<meta property=\"og:image:height\" content=\"800\" \/>\n\t<meta property=\"og:image:type\" content=\"image\/jpeg\" \/>\n<meta name=\"twitter:card\" content=\"summary_large_image\" \/>\n<meta name=\"twitter:label1\" content=\"\u00c1r\" \/>\n\t<meta name=\"twitter:data1\" content=\"379.905&#070;&#116;\" \/>\n\t<meta name=\"twitter:label2\" content=\"El\u00e9rhet\u0151s\u00e9g\" \/>\n\t<meta name=\"twitter:data2\" content=\"K\u00e9szleten\" \/>\n<script type=\"application\/ld+json\" class=\"yoast-schema-graph\">{\"@context\":\"https:\/\/schema.org\",\"@graph\":[{\"@type\":\"WebPage\",\"@id\":\"https:\/\/premiumkeszulek.hu\/product\/falmec-polar-evo-35-cm-sziget-paraelszivo-fekete-2369181\/\",\"url\":\"https:\/\/premiumkeszulek.hu\/product\/falmec-polar-evo-35-cm-sziget-paraelszivo-fekete-2369181\/\",\"name\":\"Falmec POLAR EVO 35 cm sziget p\u00e1raelsz\u00edv\u00f3 fekete 2369181 - Pr\u00e9miumK\u00e9sz\u00fcl\u00e9k\",\"isPartOf\":{\"@id\":\"https:\/\/premiumkeszulek.hu\/en\/#website\"},\"primaryImageOfPage\":{\"@id\":\"https:\/\/premiumkeszulek.hu\/product\/falmec-polar-evo-35-cm-sziget-paraelszivo-fekete-2369181\/#primaryimage\"},\"image\":{\"@id\":\"https:\/\/premiumkeszulek.hu\/product\/falmec-polar-evo-35-cm-sziget-paraelszivo-fekete-2369181\/#primaryimage\"},\"thumbnailUrl\":\"https:\/\/i0.wp.com\/premiumkeszulek.hu\/wp-content\/uploads\/2025\/05\/2369181-111.jpg?fit=800%2C800&ssl=1\",\"datePublished\":\"2025-05-26T15:34:55+00:00\",\"dateModified\":\"2026-04-02T16:39:01+00:00\",\"breadcrumb\":{\"@id\":\"https:\/\/premiumkeszulek.hu\/product\/falmec-polar-evo-35-cm-sziget-paraelszivo-fekete-2369181\/#breadcrumb\"},\"inLanguage\":\"hu\",\"potentialAction\":[{\"@type\":\"ReadAction\",\"target\":[\"https:\/\/premiumkeszulek.hu\/product\/falmec-polar-evo-35-cm-sziget-paraelszivo-fekete-2369181\/\"]}]},{\"@type\":\"ImageObject\",\"inLanguage\":\"hu\",\"@id\":\"https:\/\/premiumkeszulek.hu\/product\/falmec-polar-evo-35-cm-sziget-paraelszivo-fekete-2369181\/#primaryimage\",\"url\":\"https:\/\/i0.wp.com\/premiumkeszulek.hu\/wp-content\/uploads\/2025\/05\/2369181-111.jpg?fit=800%2C800&ssl=1\",\"contentUrl\":\"https:\/\/i0.wp.com\/premiumkeszulek.hu\/wp-content\/uploads\/2025\/05\/2369181-111.jpg?fit=800%2C800&ssl=1\",\"width\":800,\"height\":800},{\"@type\":\"BreadcrumbList\",\"@id\":\"https:\/\/premiumkeszulek.hu\/product\/falmec-polar-evo-35-cm-sziget-paraelszivo-fekete-2369181\/#breadcrumb\",\"itemListElement\":[{\"@type\":\"ListItem\",\"position\":1,\"name\":\"Home\",\"item\":\"https:\/\/premiumkeszulek.hu\/en\/\"},{\"@type\":\"ListItem\",\"position\":2,\"name\":\"Shop\",\"item\":\"https:\/\/premiumkeszulek.hu\/en\/shop\/\"},{\"@type\":\"ListItem\",\"position\":3,\"name\":\"Falmec POLAR EVO 35 cm sziget p\u00e1raelsz\u00edv\u00f3 fekete 2369181\"}]},{\"@type\":\"WebSite\",\"@id\":\"https:\/\/premiumkeszulek.hu\/en\/#website\",\"url\":\"https:\/\/premiumkeszulek.hu\/en\/\",\"name\":\"Pr\u00e9miumK\u00e9sz\u00fcl\u00e9k\",\"description\":\"\",\"publisher\":{\"@id\":\"https:\/\/premiumkeszulek.hu\/en\/#organization\"},\"potentialAction\":[{\"@type\":\"SearchAction\",\"target\":{\"@type\":\"EntryPoint\",\"urlTemplate\":\"https:\/\/premiumkeszulek.hu\/en\/?s={search_term_string}\"},\"query-input\":{\"@type\":\"PropertyValueSpecification\",\"valueRequired\":true,\"valueName\":\"search_term_string\"}}],\"inLanguage\":\"hu\"},{\"@type\":\"Organization\",\"@id\":\"https:\/\/premiumkeszulek.hu\/en\/#organization\",\"name\":\"Pr\u00e9miumK\u00e9sz\u00fcl\u00e9k\",\"alternateName\":\"HPH Special Kft\",\"url\":\"https:\/\/premiumkeszulek.hu\/en\/\",\"logo\":{\"@type\":\"ImageObject\",\"inLanguage\":\"hu\",\"@id\":\"https:\/\/premiumkeszulek.hu\/en\/#\/schema\/logo\/image\/\",\"url\":\"http:\/\/premiumkeszulek.hu\/wp-content\/uploads\/2025\/03\/TURKIZLOGO-kicsi.png\",\"contentUrl\":\"http:\/\/premiumkeszulek.hu\/wp-content\/uploads\/2025\/03\/TURKIZLOGO-kicsi.png\",\"width\":1600,\"height\":547,\"caption\":\"Pr\u00e9miumK\u00e9sz\u00fcl\u00e9k\"},\"image\":{\"@id\":\"https:\/\/premiumkeszulek.hu\/en\/#\/schema\/logo\/image\/\"},\"sameAs\":[\"https:\/\/www.facebook.com\/konyhaluxnet\",\"https:\/\/www.instagram.com\/konyhaluxnet\/#\"],\"email\":\"info@premiumkeszulek.hu\",\"telephone\":\"36 1 \/ 226-1992\",\"legalName\":\"HPH Special Kft\",\"vatID\":\"HU12549502\",\"taxID\":\"12549502\",\"hasMerchantReturnPolicy\":{\"@type\":\"MerchantReturnPolicy\",\"merchantReturnLink\":\"https:\/\/premiumkeszulek.hu\/hu\/altalanos-szerzodesi-es-felhasznalasi-feltetelek\/\"}}]}<\/script>\n<meta property=\"product:brand\" content=\"Falmec\" \/>\n<meta property=\"product:price:amount\" content=\"379905\" \/>\n<meta property=\"product:price:currency\" content=\"HUF\" \/>\n<meta property=\"og:availability\" content=\"instock\" \/>\n<meta property=\"product:availability\" content=\"instock\" \/>\n<meta property=\"product:retailer_item_id\" content=\"2369181\" \/>\n<meta property=\"product:condition\" content=\"new\" \/>\n<!-- \/ Yoast SEO Premium plugin. -->","yoast_head_json":{"title":"Falmec POLAR EVO 35 cm sziget p\u00e1raelsz\u00edv\u00f3 fekete 2369181 - Pr\u00e9miumK\u00e9sz\u00fcl\u00e9k","robots":{"index":"index","follow":"follow","max-snippet":"max-snippet:-1","max-image-preview":"max-image-preview:large","max-video-preview":"max-video-preview:-1"},"canonical":"https:\/\/premiumkeszulek.hu\/hu\/termek\/falmec-polar-evo-35-cm-sziget-paraelszivo-fekete-2369181\/","og_locale":"hu_HU","og_type":"article","og_title":"Falmec POLAR EVO 35 cm sziget p\u00e1raelsz\u00edv\u00f3 fekete 2369181","og_description":"\u00a0\u00a0\u00a0\u00a0\u00a0\u00a0\u00a0\u00a0\u00a0\u00a0 elektronikus vez\u00e9rl\u00e9s  \u00a0\u00a0\u00a0 kivehet\u0151 \u00e9s moshat\u00f3 f\u00e9m zs\u00edrfilter  \u00a0\u00a0\u00a0 opcion\u00e1lis akt\u00edvsz\u00e9n-filter  \u00a0\u00a0\u00a0 Dynamic LED vil\u00e1g\u00edt\u00e1s (2700K - 5600K)  \u00a0\u00a0\u00a0 szab\u00e1lyozhat\u00f3 LED vil\u00e1g\u00edt\u00e1s\u00a0  Sz\u00edn\/fel\u00fclet\u00a0\u00a0\u00a0\u00a0\u00a0\u00a0\u00a0\u00a0\u00a0\u00a0\u00a0 feket\u00e9re festett ac\u00e9l  \u00a0\u00a0\u00a0\u00a0\u00a0\u00a0\u00a0 Energiaoszt\u00e1ly\u00a0\u00a0\u00a0\u00a0\u00a0\u00a0\u00a0\u00a0\u00a0 A  \u00a0\u00a0\u00a0\u00a0\u00a0\u00a0\u00a0 Cikk sz\u00e9less\u00e9ge\u00a0\u00a0\u00a0\u00a0\u00a0\u00a0\u00a0\u00a0 35 cm  \u00a0\u00a0\u00a0\u00a0\u00a0\u00a0\u00a0 Vez\u00e9rl\u00e9s t\u00edpusa\u00a0\u00a0\u00a0\u00a0\u00a0\u00a0\u00a0\u00a0 elektronikus vez\u00e9rl\u00e9s  \u00a0\u00a0\u00a0\u00a0\u00a0\u00a0\u00a0 Zajszint (minimum)\u00a0\u00a0\u00a0\u00a0\u00a0 48 dB  \u00a0\u00a0\u00a0\u00a0\u00a0\u00a0\u00a0 Zajszint (maximum)\u00a0\u00a0\u00a0\u00a0\u00a0 65 dB  \u00a0\u00a0\u00a0\u00a0\u00a0\u00a0\u00a0 L\u00e9gsz\u00e1ll\u00edt\u00e1s IEC (minimum)\u00a0\u00a0\u00a0\u00a0 354 m3\/h  \u00a0\u00a0\u00a0\u00a0\u00a0\u00a0\u00a0 L\u00e9gsz\u00e1ll\u00edt\u00e1s IEC (maximum)\u00a0\u00a0\u00a0\u00a0 655 m3\/h  \u00a0\u00a0\u00a0\u00a0\u00a0\u00a0\u00a0 Vil\u00e1g\u00edt\u00e1s t\u00edpusa\u00a0\u00a0\u00a0\u00a0\u00a0\u00a0\u00a0\u00a0\u00a0 szab\u00e1lyozhat\u00f3 vil\u00e1g\u00edt\u00e1s (2700K - 5600K)  \u00a0\u00a0\u00a0\u00a0\u00a0\u00a0\u00a0","og_url":"https:\/\/premiumkeszulek.hu\/hu\/termek\/falmec-polar-evo-35-cm-sziget-paraelszivo-fekete-2369181\/","og_site_name":"Pr\u00e9miumK\u00e9sz\u00fcl\u00e9k","article_publisher":"https:\/\/www.facebook.com\/konyhaluxnet","article_modified_time":"2026-04-02T16:39:01+00:00","og_image":[{"width":800,"height":800,"url":"https:\/\/i0.wp.com\/premiumkeszulek.hu\/wp-content\/uploads\/2025\/05\/2369181-111.jpg?fit=800%2C800&ssl=1","type":"image\/jpeg"}],"twitter_card":"summary_large_image","twitter_misc":{"\u00c1r":"379.905&#70;&#116;","El\u00e9rhet\u0151s\u00e9g":"K\u00e9szleten"},"schema":{"@context":"https:\/\/schema.org","@graph":[{"@type":"WebPage","@id":"https:\/\/premiumkeszulek.hu\/product\/falmec-polar-evo-35-cm-sziget-paraelszivo-fekete-2369181\/","url":"https:\/\/premiumkeszulek.hu\/product\/falmec-polar-evo-35-cm-sziget-paraelszivo-fekete-2369181\/","name":"Falmec POLAR EVO 35 cm sziget p\u00e1raelsz\u00edv\u00f3 fekete 2369181 - Pr\u00e9miumK\u00e9sz\u00fcl\u00e9k","isPartOf":{"@id":"https:\/\/premiumkeszulek.hu\/en\/#website"},"primaryImageOfPage":{"@id":"https:\/\/premiumkeszulek.hu\/product\/falmec-polar-evo-35-cm-sziget-paraelszivo-fekete-2369181\/#primaryimage"},"image":{"@id":"https:\/\/premiumkeszulek.hu\/product\/falmec-polar-evo-35-cm-sziget-paraelszivo-fekete-2369181\/#primaryimage"},"thumbnailUrl":"https:\/\/i0.wp.com\/premiumkeszulek.hu\/wp-content\/uploads\/2025\/05\/2369181-111.jpg?fit=800%2C800&ssl=1","datePublished":"2025-05-26T15:34:55+00:00","dateModified":"2026-04-02T16:39:01+00:00","breadcrumb":{"@id":"https:\/\/premiumkeszulek.hu\/product\/falmec-polar-evo-35-cm-sziget-paraelszivo-fekete-2369181\/#breadcrumb"},"inLanguage":"hu","potentialAction":[{"@type":"ReadAction","target":["https:\/\/premiumkeszulek.hu\/product\/falmec-polar-evo-35-cm-sziget-paraelszivo-fekete-2369181\/"]}]},{"@type":"ImageObject","inLanguage":"hu","@id":"https:\/\/premiumkeszulek.hu\/product\/falmec-polar-evo-35-cm-sziget-paraelszivo-fekete-2369181\/#primaryimage","url":"https:\/\/i0.wp.com\/premiumkeszulek.hu\/wp-content\/uploads\/2025\/05\/2369181-111.jpg?fit=800%2C800&ssl=1","contentUrl":"https:\/\/i0.wp.com\/premiumkeszulek.hu\/wp-content\/uploads\/2025\/05\/2369181-111.jpg?fit=800%2C800&ssl=1","width":800,"height":800},{"@type":"BreadcrumbList","@id":"https:\/\/premiumkeszulek.hu\/product\/falmec-polar-evo-35-cm-sziget-paraelszivo-fekete-2369181\/#breadcrumb","itemListElement":[{"@type":"ListItem","position":1,"name":"Home","item":"https:\/\/premiumkeszulek.hu\/en\/"},{"@type":"ListItem","position":2,"name":"Shop","item":"https:\/\/premiumkeszulek.hu\/en\/shop\/"},{"@type":"ListItem","position":3,"name":"Falmec POLAR EVO 35 cm sziget p\u00e1raelsz\u00edv\u00f3 fekete 2369181"}]},{"@type":"WebSite","@id":"https:\/\/premiumkeszulek.hu\/en\/#website","url":"https:\/\/premiumkeszulek.hu\/en\/","name":"Pr\u00e9miumK\u00e9sz\u00fcl\u00e9k","description":"","publisher":{"@id":"https:\/\/premiumkeszulek.hu\/en\/#organization"},"potentialAction":[{"@type":"SearchAction","target":{"@type":"EntryPoint","urlTemplate":"https:\/\/premiumkeszulek.hu\/en\/?s={search_term_string}"},"query-input":{"@type":"PropertyValueSpecification","valueRequired":true,"valueName":"search_term_string"}}],"inLanguage":"hu"},{"@type":"Organization","@id":"https:\/\/premiumkeszulek.hu\/en\/#organization","name":"Pr\u00e9miumK\u00e9sz\u00fcl\u00e9k","alternateName":"HPH Special Kft","url":"https:\/\/premiumkeszulek.hu\/en\/","logo":{"@type":"ImageObject","inLanguage":"hu","@id":"https:\/\/premiumkeszulek.hu\/en\/#\/schema\/logo\/image\/","url":"http:\/\/premiumkeszulek.hu\/wp-content\/uploads\/2025\/03\/TURKIZLOGO-kicsi.png","contentUrl":"http:\/\/premiumkeszulek.hu\/wp-content\/uploads\/2025\/03\/TURKIZLOGO-kicsi.png","width":1600,"height":547,"caption":"Pr\u00e9miumK\u00e9sz\u00fcl\u00e9k"},"image":{"@id":"https:\/\/premiumkeszulek.hu\/en\/#\/schema\/logo\/image\/"},"sameAs":["https:\/\/www.facebook.com\/konyhaluxnet","https:\/\/www.instagram.com\/konyhaluxnet\/#"],"email":"info@premiumkeszulek.hu","telephone":"36 1 \/ 226-1992","legalName":"HPH Special Kft","vatID":"HU12549502","taxID":"12549502","hasMerchantReturnPolicy":{"@type":"MerchantReturnPolicy","merchantReturnLink":"https:\/\/premiumkeszulek.hu\/hu\/altalanos-szerzodesi-es-felhasznalasi-feltetelek\/"}}]},"product_brand":"Falmec","product_price_amount":"379905","product_price_currency":"HUF","og_availability":"instock","product_availability":"instock","product_retailer_item_id":"2369181","product_condition":"new"},"jetpack_publicize_connections":[],"jetpack_likes_enabled":true,"jetpack_sharing_enabled":true,"jetpack-related-posts":[],"_links":{"self":[{"href":"https:\/\/premiumkeszulek.hu\/hu\/wp-json\/wp\/v2\/product\/30556","targetHints":{"allow":["GET"]}}],"collection":[{"href":"https:\/\/premiumkeszulek.hu\/hu\/wp-json\/wp\/v2\/product"}],"about":[{"href":"https:\/\/premiumkeszulek.hu\/hu\/wp-json\/wp\/v2\/types\/product"}],"replies":[{"embeddable":true,"href":"https:\/\/premiumkeszulek.hu\/hu\/wp-json\/wp\/v2\/comments?post=30556"}],"wp:featuredmedia":[{"embeddable":true,"href":"https:\/\/premiumkeszulek.hu\/hu\/wp-json\/wp\/v2\/media\/30555"}],"wp:attachment":[{"href":"https:\/\/premiumkeszulek.hu\/hu\/wp-json\/wp\/v2\/media?parent=30556"}],"wp:term":[{"taxonomy":"product_brand","embeddable":true,"href":"https:\/\/premiumkeszulek.hu\/hu\/wp-json\/wp\/v2\/product_brand?post=30556"},{"taxonomy":"product_cat","embeddable":true,"href":"https:\/\/premiumkeszulek.hu\/hu\/wp-json\/wp\/v2\/product_cat?post=30556"},{"taxonomy":"product_tag","embeddable":true,"href":"https:\/\/premiumkeszulek.hu\/hu\/wp-json\/wp\/v2\/product_tag?post=30556"},{"taxonomy":"woo-feed-brand","embeddable":true,"href":"https:\/\/premiumkeszulek.hu\/hu\/wp-json\/wp\/v2\/woo-feed-brand?post=30556"}],"curies":[{"name":"wp","href":"https:\/\/api.w.org\/{rel}","templated":true}]}}