{"id":16953,"date":"2025-05-18T14:57:59","date_gmt":"2025-05-18T12:57:59","guid":{"rendered":"https:\/\/premiumkeszulek.hu\/termek\/electrolux-kesc7300l-beepitheto-mosogatogep-13-teritek-quickselect-kezelopanel-airdry-8-program\/"},"modified":"2026-04-17T19:34:29","modified_gmt":"2026-04-17T17:34:29","slug":"electrolux-kesc7300l-beepitheto-mosogatogep-13-teritek-quickselect-kezelopanel-airdry-8-program","status":"publish","type":"product","link":"https:\/\/premiumkeszulek.hu\/hu\/termek\/electrolux-kesc7300l-beepitheto-mosogatogep-13-teritek-quickselect-kezelopanel-airdry-8-program\/","title":{"rendered":"Electrolux KESC7300L Be\u00e9p\u00edthet\u0151 mosogat\u00f3g\u00e9p, 13 ter\u00edt\u00e9k, Quickselect kezel\u0151panel, AirDry, 8 program"},"content":{"rendered":"<p>8 program, 4 h\u0151m\u00e9rs\u00e9klet<br \/>\n&#8211; inverter motor<br \/>\n&#8211; Aqua Control &#8211; v\u00edzv\u00e9delmi rendszer<br \/>\n&#8211; \u00e9rint\u0151kapcsol\u00f3s vez\u00e9rl\u00e9s,<br \/>\n&#8211; QuickSelect kezel\u0151panel<br \/>\n&#8211; AutoOff &#8211; automatikus kikapcsol\u00e1s<br \/>\n&#8211; f\u00e9nypont a padl\u00f3n (pirosz\u00f6ld)<br \/>\n&#8211; LED-kijelz\u0151 &#8211; id\u0151visszajelz\u00e9s, piktogramok<br \/>\n&#8211; s\u00f3- \u00e9s \u00f6bl\u00edt\u0151szerut\u00e1nt\u00f6lt\u00e9s-kijelz\u00e9s<br \/>\n&#8211; ExtraPower, Machine Care \u00e9s GlassCare opci\u00f3<br \/>\n&#8211; k\u00e9sleltetett ind\u00edt\u00e1s (1-24 \u00f3ra)<br \/>\n&#8211; automatikus ajt\u00f3nyit\u00e1s a program v\u00e9g\u00e9n<br \/>\nEgyszer\u0171 beszerel\u00e9s PerfectFit cs\u00fasz\u00f3zsan\u00e9rokkal160 perc, 60 perc, 90 perc,   Sensea&gt;, ECO, tiszt\u00edt\u00f3 program, gyors<br \/>\n30 perc, \u00f6bl\u00edt\u00e9s-tart\u00e1s<\/p>\n","protected":false},"excerpt":{"rendered":"<p>160 perc, 60 perc, 90 perc, Auto Sense, ECO, tiszt\u00edt\u00f3 program, gyors<br \/>\n30 perc, \u00f6bl\u00edt\u00e9s-tart\u00e1s<\/p>\n","protected":false},"featured_media":16952,"comment_status":"closed","ping_status":"closed","template":"","meta":{"_crdt_document":"","content-type":"","jetpack_post_was_ever_published":false,"jetpack_publicize_message":"","jetpack_publicize_feature_enabled":true,"jetpack_social_post_already_shared":true,"jetpack_social_options":{"image_generator_settings":{"template":"highway","default_image_id":0,"font":"","enabled":false},"version":2},"_wpas_customize_per_network":false},"product_brand":[7625],"product_cat":[1385,1384],"product_tag":[],"woo-feed-brand":[],"class_list":{"0":"post-16953","1":"product","2":"type-product","3":"status-publish","4":"has-post-thumbnail","6":"product_brand-electrolux","7":"product_cat-beepithetomosogatogep","8":"product_cat-mosogatogep","9":"product_shipping_class-100000felett","11":"first","12":"instock","13":"sale","14":"taxable","15":"shipping-taxable","16":"purchasable","17":"product-type-simple"},"yoast_head":"<!-- This site is optimized with the Yoast SEO Premium plugin v26.9 (Yoast SEO v27.4) - https:\/\/yoast.com\/product\/yoast-seo-premium-wordpress\/ -->\n<title>Electrolux KESC7300L Be\u00e9p\u00edthet\u0151 mosogat\u00f3g\u00e9p, 13 ter\u00edt\u00e9k, Quickselect kezel\u0151panel, AirDry, 8 program - Pr\u00e9miumK\u00e9sz\u00fcl\u00e9k<\/title>\n<meta name=\"description\" content=\"Fedezze fel az Electrolux KESC7300L Be\u00e9p\u00edthet\u0151 mosogat\u00f3g\u00e9p hat\u00e9kony programjait! \u00c9lvezze a k\u00e9nyelmet \u00e9s a t\u00f6k\u00e9letes tiszt\u00edt\u00e1st otthon\u00e1ban!\" \/>\n<meta name=\"robots\" content=\"index, follow, max-snippet:-1, max-image-preview:large, max-video-preview:-1\" \/>\n<link rel=\"canonical\" href=\"https:\/\/premiumkeszulek.hu\/hu\/termek\/electrolux-kesc7300l-beepitheto-mosogatogep-13-teritek-quickselect-kezelopanel-airdry-8-program\/\" \/>\n<meta property=\"og:locale\" content=\"hu_HU\" \/>\n<meta property=\"og:type\" content=\"article\" \/>\n<meta property=\"og:title\" content=\"Electrolux KESC7300L Be\u00e9p\u00edthet\u0151 mosogat\u00f3g\u00e9p, 13 ter\u00edt\u00e9k, Quickselect kezel\u0151panel, AirDry, 8 program\" \/>\n<meta property=\"og:description\" content=\"Fedezze fel az Electrolux KESC7300L Be\u00e9p\u00edthet\u0151 mosogat\u00f3g\u00e9p hat\u00e9kony programjait! \u00c9lvezze a k\u00e9nyelmet \u00e9s a t\u00f6k\u00e9letes tiszt\u00edt\u00e1st otthon\u00e1ban!\" \/>\n<meta property=\"og:url\" content=\"https:\/\/premiumkeszulek.hu\/hu\/termek\/electrolux-kesc7300l-beepitheto-mosogatogep-13-teritek-quickselect-kezelopanel-airdry-8-program\/\" \/>\n<meta property=\"og:site_name\" content=\"Pr\u00e9miumK\u00e9sz\u00fcl\u00e9k\" \/>\n<meta property=\"article:publisher\" content=\"https:\/\/www.facebook.com\/konyhaluxnet\" \/>\n<meta property=\"article:modified_time\" content=\"2026-04-17T17:34:29+00:00\" \/>\n<meta property=\"og:image\" content=\"https:\/\/i0.wp.com\/premiumkeszulek.hu\/wp-content\/uploads\/2025\/05\/Kesc7300l.jpg?fit=800%2C800&ssl=1\" \/>\n\t<meta property=\"og:image:width\" content=\"800\" \/>\n\t<meta property=\"og:image:height\" content=\"800\" \/>\n\t<meta property=\"og:image:type\" content=\"image\/jpeg\" \/>\n<meta name=\"twitter:card\" content=\"summary_large_image\" \/>\n<meta name=\"twitter:label1\" content=\"\u00c1r\" \/>\n\t<meta name=\"twitter:data1\" content=\"189.905&#070;&#116;\" \/>\n\t<meta name=\"twitter:label2\" content=\"El\u00e9rhet\u0151s\u00e9g\" \/>\n\t<meta name=\"twitter:data2\" content=\"K\u00e9szleten\" \/>\n<script type=\"application\/ld+json\" class=\"yoast-schema-graph\">{\"@context\":\"https:\\\/\\\/schema.org\",\"@graph\":[{\"@type\":\"WebPage\",\"@id\":\"https:\\\/\\\/premiumkeszulek.hu\\\/en\\\/product\\\/electrolux-kesc7300l-beepitheto-mosogatogep-13-teritek-quickselect-kezelopanel-airdry-8-program\\\/\",\"url\":\"https:\\\/\\\/premiumkeszulek.hu\\\/en\\\/product\\\/electrolux-kesc7300l-beepitheto-mosogatogep-13-teritek-quickselect-kezelopanel-airdry-8-program\\\/\",\"name\":\"Electrolux KESC7300L Be\u00e9p\u00edthet\u0151 mosogat\u00f3g\u00e9p, 13 ter\u00edt\u00e9k, Quickselect kezel\u0151panel, AirDry, 8 program - Pr\u00e9miumK\u00e9sz\u00fcl\u00e9k\",\"isPartOf\":{\"@id\":\"https:\\\/\\\/premiumkeszulek.hu\\\/hu\\\/#website\"},\"primaryImageOfPage\":{\"@id\":\"https:\\\/\\\/premiumkeszulek.hu\\\/en\\\/product\\\/electrolux-kesc7300l-beepitheto-mosogatogep-13-teritek-quickselect-kezelopanel-airdry-8-program\\\/#primaryimage\"},\"image\":{\"@id\":\"https:\\\/\\\/premiumkeszulek.hu\\\/en\\\/product\\\/electrolux-kesc7300l-beepitheto-mosogatogep-13-teritek-quickselect-kezelopanel-airdry-8-program\\\/#primaryimage\"},\"thumbnailUrl\":\"https:\\\/\\\/i0.wp.com\\\/premiumkeszulek.hu\\\/wp-content\\\/uploads\\\/2025\\\/05\\\/Kesc7300l.jpg?fit=800%2C800&ssl=1\",\"datePublished\":\"2025-05-18T12:57:59+00:00\",\"dateModified\":\"2026-04-17T17:34:29+00:00\",\"description\":\"Fedezze fel az Electrolux KESC7300L Be\u00e9p\u00edthet\u0151 mosogat\u00f3g\u00e9p hat\u00e9kony programjait! \u00c9lvezze a k\u00e9nyelmet \u00e9s a t\u00f6k\u00e9letes tiszt\u00edt\u00e1st otthon\u00e1ban!\",\"breadcrumb\":{\"@id\":\"https:\\\/\\\/premiumkeszulek.hu\\\/en\\\/product\\\/electrolux-kesc7300l-beepitheto-mosogatogep-13-teritek-quickselect-kezelopanel-airdry-8-program\\\/#breadcrumb\"},\"inLanguage\":\"hu\",\"potentialAction\":[{\"@type\":\"ReadAction\",\"target\":[\"https:\\\/\\\/premiumkeszulek.hu\\\/en\\\/product\\\/electrolux-kesc7300l-beepitheto-mosogatogep-13-teritek-quickselect-kezelopanel-airdry-8-program\\\/\"]}]},{\"@type\":\"ImageObject\",\"inLanguage\":\"hu\",\"@id\":\"https:\\\/\\\/premiumkeszulek.hu\\\/en\\\/product\\\/electrolux-kesc7300l-beepitheto-mosogatogep-13-teritek-quickselect-kezelopanel-airdry-8-program\\\/#primaryimage\",\"url\":\"https:\\\/\\\/i0.wp.com\\\/premiumkeszulek.hu\\\/wp-content\\\/uploads\\\/2025\\\/05\\\/Kesc7300l.jpg?fit=800%2C800&ssl=1\",\"contentUrl\":\"https:\\\/\\\/i0.wp.com\\\/premiumkeszulek.hu\\\/wp-content\\\/uploads\\\/2025\\\/05\\\/Kesc7300l.jpg?fit=800%2C800&ssl=1\",\"width\":800,\"height\":800},{\"@type\":\"BreadcrumbList\",\"@id\":\"https:\\\/\\\/premiumkeszulek.hu\\\/en\\\/product\\\/electrolux-kesc7300l-beepitheto-mosogatogep-13-teritek-quickselect-kezelopanel-airdry-8-program\\\/#breadcrumb\",\"itemListElement\":[{\"@type\":\"ListItem\",\"position\":1,\"name\":\"Home\",\"item\":\"https:\\\/\\\/premiumkeszulek.hu\\\/hu\\\/\"},{\"@type\":\"ListItem\",\"position\":2,\"name\":\"Shop\",\"item\":\"https:\\\/\\\/premiumkeszulek.hu\\\/hu\\\/shop\\\/\"},{\"@type\":\"ListItem\",\"position\":3,\"name\":\"Electrolux KESC7300L Be\u00e9p\u00edthet\u0151 mosogat\u00f3g\u00e9p, 13 ter\u00edt\u00e9k, Quickselect kezel\u0151panel, AirDry, 8 program\"}]},{\"@type\":\"WebSite\",\"@id\":\"https:\\\/\\\/premiumkeszulek.hu\\\/hu\\\/#website\",\"url\":\"https:\\\/\\\/premiumkeszulek.hu\\\/hu\\\/\",\"name\":\"Pr\u00e9miumK\u00e9sz\u00fcl\u00e9k\",\"description\":\"\",\"publisher\":{\"@id\":\"https:\\\/\\\/premiumkeszulek.hu\\\/hu\\\/#organization\"},\"potentialAction\":[{\"@type\":\"SearchAction\",\"target\":{\"@type\":\"EntryPoint\",\"urlTemplate\":\"https:\\\/\\\/premiumkeszulek.hu\\\/hu\\\/?s={search_term_string}\"},\"query-input\":{\"@type\":\"PropertyValueSpecification\",\"valueRequired\":true,\"valueName\":\"search_term_string\"}}],\"inLanguage\":\"hu\"},{\"@type\":\"Organization\",\"@id\":\"https:\\\/\\\/premiumkeszulek.hu\\\/hu\\\/#organization\",\"name\":\"Pr\u00e9miumK\u00e9sz\u00fcl\u00e9k\",\"alternateName\":\"HPH Special Kft\",\"url\":\"https:\\\/\\\/premiumkeszulek.hu\\\/hu\\\/\",\"logo\":{\"@type\":\"ImageObject\",\"inLanguage\":\"hu\",\"@id\":\"https:\\\/\\\/premiumkeszulek.hu\\\/hu\\\/#\\\/schema\\\/logo\\\/image\\\/\",\"url\":\"http:\\\/\\\/premiumkeszulek.hu\\\/wp-content\\\/uploads\\\/2025\\\/03\\\/TURKIZLOGO-kicsi.png\",\"contentUrl\":\"http:\\\/\\\/premiumkeszulek.hu\\\/wp-content\\\/uploads\\\/2025\\\/03\\\/TURKIZLOGO-kicsi.png\",\"width\":1600,\"height\":547,\"caption\":\"Pr\u00e9miumK\u00e9sz\u00fcl\u00e9k\"},\"image\":{\"@id\":\"https:\\\/\\\/premiumkeszulek.hu\\\/hu\\\/#\\\/schema\\\/logo\\\/image\\\/\"},\"sameAs\":[\"https:\\\/\\\/www.facebook.com\\\/konyhaluxnet\",\"https:\\\/\\\/www.instagram.com\\\/konyhaluxnet\\\/#\"],\"email\":\"info@premiumkeszulek.hu\",\"telephone\":\"36 1 \\\/ 226-1992\",\"legalName\":\"HPH Special Kft\",\"vatID\":\"HU12549502\",\"taxID\":\"12549502\",\"hasMerchantReturnPolicy\":{\"@type\":\"MerchantReturnPolicy\",\"merchantReturnLink\":\"https:\\\/\\\/premiumkeszulek.hu\\\/hu\\\/altalanos-szerzodesi-es-felhasznalasi-feltetelek\\\/\"}}]}<\/script>\n<meta property=\"product:brand\" content=\"Electrolux\" \/>\n<meta property=\"product:price:amount\" content=\"189905\" \/>\n<meta property=\"product:price:currency\" content=\"HUF\" \/>\n<meta property=\"og:availability\" content=\"instock\" \/>\n<meta property=\"product:availability\" content=\"instock\" \/>\n<meta property=\"product:retailer_item_id\" content=\"911536576\" \/>\n<meta property=\"product:condition\" content=\"new\" \/>\n<!-- \/ Yoast SEO Premium plugin. -->","yoast_head_json":{"title":"Electrolux KESC7300L Be\u00e9p\u00edthet\u0151 mosogat\u00f3g\u00e9p, 13 ter\u00edt\u00e9k, Quickselect kezel\u0151panel, AirDry, 8 program - Pr\u00e9miumK\u00e9sz\u00fcl\u00e9k","description":"Fedezze fel az Electrolux KESC7300L Be\u00e9p\u00edthet\u0151 mosogat\u00f3g\u00e9p hat\u00e9kony programjait! \u00c9lvezze a k\u00e9nyelmet \u00e9s a t\u00f6k\u00e9letes tiszt\u00edt\u00e1st otthon\u00e1ban!","robots":{"index":"index","follow":"follow","max-snippet":"max-snippet:-1","max-image-preview":"max-image-preview:large","max-video-preview":"max-video-preview:-1"},"canonical":"https:\/\/premiumkeszulek.hu\/hu\/termek\/electrolux-kesc7300l-beepitheto-mosogatogep-13-teritek-quickselect-kezelopanel-airdry-8-program\/","og_locale":"hu_HU","og_type":"article","og_title":"Electrolux KESC7300L Be\u00e9p\u00edthet\u0151 mosogat\u00f3g\u00e9p, 13 ter\u00edt\u00e9k, Quickselect kezel\u0151panel, AirDry, 8 program","og_description":"Fedezze fel az Electrolux KESC7300L Be\u00e9p\u00edthet\u0151 mosogat\u00f3g\u00e9p hat\u00e9kony programjait! \u00c9lvezze a k\u00e9nyelmet \u00e9s a t\u00f6k\u00e9letes tiszt\u00edt\u00e1st otthon\u00e1ban!","og_url":"https:\/\/premiumkeszulek.hu\/hu\/termek\/electrolux-kesc7300l-beepitheto-mosogatogep-13-teritek-quickselect-kezelopanel-airdry-8-program\/","og_site_name":"Pr\u00e9miumK\u00e9sz\u00fcl\u00e9k","article_publisher":"https:\/\/www.facebook.com\/konyhaluxnet","article_modified_time":"2026-04-17T17:34:29+00:00","og_image":[{"width":800,"height":800,"url":"https:\/\/i0.wp.com\/premiumkeszulek.hu\/wp-content\/uploads\/2025\/05\/Kesc7300l.jpg?fit=800%2C800&ssl=1","type":"image\/jpeg"}],"twitter_card":"summary_large_image","twitter_misc":{"\u00c1r":"189.905&#70;&#116;","El\u00e9rhet\u0151s\u00e9g":"K\u00e9szleten"},"schema":{"@context":"https:\/\/schema.org","@graph":[{"@type":"WebPage","@id":"https:\/\/premiumkeszulek.hu\/en\/product\/electrolux-kesc7300l-beepitheto-mosogatogep-13-teritek-quickselect-kezelopanel-airdry-8-program\/","url":"https:\/\/premiumkeszulek.hu\/en\/product\/electrolux-kesc7300l-beepitheto-mosogatogep-13-teritek-quickselect-kezelopanel-airdry-8-program\/","name":"Electrolux KESC7300L Be\u00e9p\u00edthet\u0151 mosogat\u00f3g\u00e9p, 13 ter\u00edt\u00e9k, Quickselect kezel\u0151panel, AirDry, 8 program - Pr\u00e9miumK\u00e9sz\u00fcl\u00e9k","isPartOf":{"@id":"https:\/\/premiumkeszulek.hu\/hu\/#website"},"primaryImageOfPage":{"@id":"https:\/\/premiumkeszulek.hu\/en\/product\/electrolux-kesc7300l-beepitheto-mosogatogep-13-teritek-quickselect-kezelopanel-airdry-8-program\/#primaryimage"},"image":{"@id":"https:\/\/premiumkeszulek.hu\/en\/product\/electrolux-kesc7300l-beepitheto-mosogatogep-13-teritek-quickselect-kezelopanel-airdry-8-program\/#primaryimage"},"thumbnailUrl":"https:\/\/i0.wp.com\/premiumkeszulek.hu\/wp-content\/uploads\/2025\/05\/Kesc7300l.jpg?fit=800%2C800&ssl=1","datePublished":"2025-05-18T12:57:59+00:00","dateModified":"2026-04-17T17:34:29+00:00","description":"Fedezze fel az Electrolux KESC7300L Be\u00e9p\u00edthet\u0151 mosogat\u00f3g\u00e9p hat\u00e9kony programjait! \u00c9lvezze a k\u00e9nyelmet \u00e9s a t\u00f6k\u00e9letes tiszt\u00edt\u00e1st otthon\u00e1ban!","breadcrumb":{"@id":"https:\/\/premiumkeszulek.hu\/en\/product\/electrolux-kesc7300l-beepitheto-mosogatogep-13-teritek-quickselect-kezelopanel-airdry-8-program\/#breadcrumb"},"inLanguage":"hu","potentialAction":[{"@type":"ReadAction","target":["https:\/\/premiumkeszulek.hu\/en\/product\/electrolux-kesc7300l-beepitheto-mosogatogep-13-teritek-quickselect-kezelopanel-airdry-8-program\/"]}]},{"@type":"ImageObject","inLanguage":"hu","@id":"https:\/\/premiumkeszulek.hu\/en\/product\/electrolux-kesc7300l-beepitheto-mosogatogep-13-teritek-quickselect-kezelopanel-airdry-8-program\/#primaryimage","url":"https:\/\/i0.wp.com\/premiumkeszulek.hu\/wp-content\/uploads\/2025\/05\/Kesc7300l.jpg?fit=800%2C800&ssl=1","contentUrl":"https:\/\/i0.wp.com\/premiumkeszulek.hu\/wp-content\/uploads\/2025\/05\/Kesc7300l.jpg?fit=800%2C800&ssl=1","width":800,"height":800},{"@type":"BreadcrumbList","@id":"https:\/\/premiumkeszulek.hu\/en\/product\/electrolux-kesc7300l-beepitheto-mosogatogep-13-teritek-quickselect-kezelopanel-airdry-8-program\/#breadcrumb","itemListElement":[{"@type":"ListItem","position":1,"name":"Home","item":"https:\/\/premiumkeszulek.hu\/hu\/"},{"@type":"ListItem","position":2,"name":"Shop","item":"https:\/\/premiumkeszulek.hu\/hu\/shop\/"},{"@type":"ListItem","position":3,"name":"Electrolux KESC7300L Be\u00e9p\u00edthet\u0151 mosogat\u00f3g\u00e9p, 13 ter\u00edt\u00e9k, Quickselect kezel\u0151panel, AirDry, 8 program"}]},{"@type":"WebSite","@id":"https:\/\/premiumkeszulek.hu\/hu\/#website","url":"https:\/\/premiumkeszulek.hu\/hu\/","name":"Pr\u00e9miumK\u00e9sz\u00fcl\u00e9k","description":"","publisher":{"@id":"https:\/\/premiumkeszulek.hu\/hu\/#organization"},"potentialAction":[{"@type":"SearchAction","target":{"@type":"EntryPoint","urlTemplate":"https:\/\/premiumkeszulek.hu\/hu\/?s={search_term_string}"},"query-input":{"@type":"PropertyValueSpecification","valueRequired":true,"valueName":"search_term_string"}}],"inLanguage":"hu"},{"@type":"Organization","@id":"https:\/\/premiumkeszulek.hu\/hu\/#organization","name":"Pr\u00e9miumK\u00e9sz\u00fcl\u00e9k","alternateName":"HPH Special Kft","url":"https:\/\/premiumkeszulek.hu\/hu\/","logo":{"@type":"ImageObject","inLanguage":"hu","@id":"https:\/\/premiumkeszulek.hu\/hu\/#\/schema\/logo\/image\/","url":"http:\/\/premiumkeszulek.hu\/wp-content\/uploads\/2025\/03\/TURKIZLOGO-kicsi.png","contentUrl":"http:\/\/premiumkeszulek.hu\/wp-content\/uploads\/2025\/03\/TURKIZLOGO-kicsi.png","width":1600,"height":547,"caption":"Pr\u00e9miumK\u00e9sz\u00fcl\u00e9k"},"image":{"@id":"https:\/\/premiumkeszulek.hu\/hu\/#\/schema\/logo\/image\/"},"sameAs":["https:\/\/www.facebook.com\/konyhaluxnet","https:\/\/www.instagram.com\/konyhaluxnet\/#"],"email":"info@premiumkeszulek.hu","telephone":"36 1 \/ 226-1992","legalName":"HPH Special Kft","vatID":"HU12549502","taxID":"12549502","hasMerchantReturnPolicy":{"@type":"MerchantReturnPolicy","merchantReturnLink":"https:\/\/premiumkeszulek.hu\/hu\/altalanos-szerzodesi-es-felhasznalasi-feltetelek\/"}}]},"product_brand":"Electrolux","product_price_amount":"189905","product_price_currency":"HUF","og_availability":"instock","product_availability":"instock","product_retailer_item_id":"911536576","product_condition":"new"},"jetpack_publicize_connections":[],"jetpack_likes_enabled":true,"jetpack_sharing_enabled":true,"jetpack-related-posts":[],"_links":{"self":[{"href":"https:\/\/premiumkeszulek.hu\/hu\/wp-json\/wp\/v2\/product\/16953","targetHints":{"allow":["GET"]}}],"collection":[{"href":"https:\/\/premiumkeszulek.hu\/hu\/wp-json\/wp\/v2\/product"}],"about":[{"href":"https:\/\/premiumkeszulek.hu\/hu\/wp-json\/wp\/v2\/types\/product"}],"replies":[{"embeddable":true,"href":"https:\/\/premiumkeszulek.hu\/hu\/wp-json\/wp\/v2\/comments?post=16953"}],"wp:featuredmedia":[{"embeddable":true,"href":"https:\/\/premiumkeszulek.hu\/hu\/wp-json\/wp\/v2\/media\/16952"}],"wp:attachment":[{"href":"https:\/\/premiumkeszulek.hu\/hu\/wp-json\/wp\/v2\/media?parent=16953"}],"wp:term":[{"taxonomy":"product_brand","embeddable":true,"href":"https:\/\/premiumkeszulek.hu\/hu\/wp-json\/wp\/v2\/product_brand?post=16953"},{"taxonomy":"product_cat","embeddable":true,"href":"https:\/\/premiumkeszulek.hu\/hu\/wp-json\/wp\/v2\/product_cat?post=16953"},{"taxonomy":"product_tag","embeddable":true,"href":"https:\/\/premiumkeszulek.hu\/hu\/wp-json\/wp\/v2\/product_tag?post=16953"},{"taxonomy":"woo-feed-brand","embeddable":true,"href":"https:\/\/premiumkeszulek.hu\/hu\/wp-json\/wp\/v2\/woo-feed-brand?post=16953"}],"curies":[{"name":"wp","href":"https:\/\/api.w.org\/{rel}","templated":true}]}}