{"id":16816,"date":"2025-05-18T14:54:10","date_gmt":"2025-05-18T12:54:10","guid":{"rendered":"https:\/\/premiumkeszulek.hu\/termek\/electrolux-kecb7310l-beepitheto-mosogatogep-60cm\/"},"modified":"2026-04-14T15:46:04","modified_gmt":"2026-04-14T13:46:04","slug":"electrolux-kecb7310l-beepitheto-mosogatogep-60cm","status":"publish","type":"product","link":"https:\/\/premiumkeszulek.hu\/hu\/termek\/electrolux-kecb7310l-beepitheto-mosogatogep-60cm\/","title":{"rendered":"Electrolux KECB7310L Be\u00e9p\u00edthet\u0151 Mosogat\u00f3g\u00e9p 60cm"},"content":{"rendered":"<p>FlexiSpray - szatelit sz\u00f3r\u00f3kar<br \/>\nSz\u00e1r\u00edt\u00e1s: AirDry rendszer<br \/>\nSz\u00f6veges+szimb\u00f3lumos panel<br \/>\nAutoOff - automatikus kikapcsol\u00e1s<br \/>\nThermo Efficient technol\u00f3gia a melegvizes bek\u00f6t\u00e9shez<br \/>\nK\u00e9sleltetett ind\u00edt\u00e1si lehet\u0151s\u00e9g (1-24 \u00f3ra)<br \/>\nH\u00e1tral\u00e9v\u0151 id\u0151 kijelz\u00e9s<br \/>\nSensorcontrol<br \/>\nA v\u00edzszenzor \u00e9rz\u00e9keli a szennyezetts\u00e9gi szintet \u00e9s ez alapj\u00e1n igaz\u00edtja a<br \/>\nv\u00edzfelhaszn\u00e1l\u00e1st<br \/>\nS\u00f3 \u00e9s \u00f6bl\u00edt\u0151szer kijelz\u0151<br \/>\nEgy\u00e9b kijelz\u00e9s: f\u00e9nypont a padl\u00f3n (k\u00e9tsz\u00edn\u0171), hangjelz\u00e9s, k\u00e9sleltetett ind\u00edt\u00e1s<br \/>\n1h-24h, extra fert\u0151tlen\u00edt\u00e9s, GlassCare, \u00f6bl\u00edt\u0151szerhi\u00e1ny, s\u00f3 hi\u00e1ny, XtraPower<br \/>\nFlexiLift - k\u00f6nnyen \u00e1ll\u00edthat\u00f3 magass\u00e1g\u00fa fels\u0151 kos\u00e1r<br \/>\n\u00c1ll\u00edthat\u00f3 fels\u0151 kos\u00e1r, megpakolva is<br \/>\nFels\u0151 kos\u00e1r opci\u00f3k: 2 lehajthat\u00f3 tart\u00f3, 2 lehajthat\u00f3 dr\u00f3t poharakhoz, 2 Soft<br \/>\nT\u00fcskesor t\u00fcskesor, 6 borospoh\u00e1r r\u00f6gz\u00edt\u0151 gumigy\u0171r\u0171, lehajthat\u00f3 poh\u00e1rtart\u00f3k,<br \/>\nf\u00e9m foganty\u00fa, Oldals\u00f3 foganty\u00fak<br \/>\nAls\u00f3 kos\u00e1r a k\u00f6vetkez\u0151 opci\u00f3kkal:4 lehajthat\u00f3 t\u00e1ny\u00e9rtart\u00f3, inox foganty\u00fa, Comfprtlift<br \/>\nWaterStop System- v\u00edzv\u00e9delmi rendszer<br \/>\nK\u00e9t sz\u00edn\u0171, f\u00e9nypont jelz\u00e9s a padl\u00f3n<br \/>\nXXL m\u00e9ret\u0171 mosogat\u00f3g\u00e9p a k\u00f6nny\u0171 pakol\u00e1shoz extra 10 liter kapacit\u00e1ssal<br \/>\nInverteres motor<br \/>\nMelegv\u00edzre k\u00f6thet\u0151 (60\u00b0C-ig)<\/p>","protected":false},"excerpt":{"rendered":"<p>160 perces program,<br \/>\n60 perces program,<br \/>\n90 perces program,<br \/>\nAUTO program,<br \/>\nECO,<br \/>\nTiszt\u00edt\u00e1s,<br \/>\nGyors 30 perc,<br \/>\n\u00f6bl\u00edt\u00e9s-tart\u00e1s<\/p>","protected":false},"featured_media":16815,"comment_status":"closed","ping_status":"closed","template":"","meta":{"_crdt_document":"","content-type":"","jetpack_post_was_ever_published":false,"jetpack_publicize_message":"","jetpack_publicize_feature_enabled":true,"jetpack_social_post_already_shared":true,"jetpack_social_options":{"image_generator_settings":{"template":"highway","default_image_id":0,"font":"","enabled":false},"version":2},"_wpas_customize_per_network":false},"product_brand":[7625],"product_cat":[1385,1384],"product_tag":[],"woo-feed-brand":[],"class_list":{"0":"post-16816","1":"product","2":"type-product","3":"status-publish","4":"has-post-thumbnail","6":"product_brand-electrolux","7":"product_cat-beepithetomosogatogep","8":"product_cat-mosogatogep","9":"product_shipping_class-100000felett","11":"first","12":"instock","13":"taxable","14":"shipping-taxable","15":"purchasable","16":"product-type-simple"},"yoast_head":"<!-- This site is optimized with the Yoast SEO Premium plugin v26.9 (Yoast SEO v27.4) - https:\/\/yoast.com\/product\/yoast-seo-premium-wordpress\/ -->\n<title>Electrolux KECB7310L Be\u00e9p\u00edthet\u0151 Mosogat\u00f3g\u00e9p 60cm - Pr\u00e9miumK\u00e9sz\u00fcl\u00e9k<\/title>\n<meta name=\"description\" content=\"Az Electrolux KECB7310L Be\u00e9p\u00edthet\u0151 Mosogat\u00f3g\u00e9p modern megold\u00e1s a konyh\u00e1j\u00e1ban! N\u00e9zze meg, mennyivel egyszer\u0171bb\u00e9 v\u00e1lik a mosogat\u00e1s! \ud83e\udd73\" \/>\n<meta name=\"robots\" content=\"index, follow, max-snippet:-1, max-image-preview:large, max-video-preview:-1\" \/>\n<link rel=\"canonical\" href=\"https:\/\/premiumkeszulek.hu\/hu\/termek\/electrolux-kecb7310l-beepitheto-mosogatogep-60cm\/\" \/>\n<meta property=\"og:locale\" content=\"hu_HU\" \/>\n<meta property=\"og:type\" content=\"article\" \/>\n<meta property=\"og:title\" content=\"Electrolux KECB7310L Be\u00e9p\u00edthet\u0151 Mosogat\u00f3g\u00e9p 60cm\" \/>\n<meta property=\"og:description\" content=\"Az Electrolux KECB7310L Be\u00e9p\u00edthet\u0151 Mosogat\u00f3g\u00e9p modern megold\u00e1s a konyh\u00e1j\u00e1ban! N\u00e9zze meg, mennyivel egyszer\u0171bb\u00e9 v\u00e1lik a mosogat\u00e1s! \ud83e\udd73\" \/>\n<meta property=\"og:url\" content=\"https:\/\/premiumkeszulek.hu\/hu\/termek\/electrolux-kecb7310l-beepitheto-mosogatogep-60cm\/\" \/>\n<meta property=\"og:site_name\" content=\"Pr\u00e9miumK\u00e9sz\u00fcl\u00e9k\" \/>\n<meta property=\"article:publisher\" content=\"https:\/\/www.facebook.com\/konyhaluxnet\" \/>\n<meta property=\"article:modified_time\" content=\"2026-04-14T13:46:04+00:00\" \/>\n<meta property=\"og:image\" content=\"https:\/\/i0.wp.com\/premiumkeszulek.hu\/wp-content\/uploads\/2025\/05\/KECB7310L.jpg?fit=800%2C800&ssl=1\" \/>\n\t<meta property=\"og:image:width\" content=\"800\" \/>\n\t<meta property=\"og:image:height\" content=\"800\" \/>\n\t<meta property=\"og:image:type\" content=\"image\/jpeg\" \/>\n<meta name=\"twitter:card\" content=\"summary_large_image\" \/>\n<meta name=\"twitter:label1\" content=\"\u00c1r\" \/>\n\t<meta name=\"twitter:data1\" content=\"349.890&#070;&#116;\" \/>\n\t<meta name=\"twitter:label2\" content=\"El\u00e9rhet\u0151s\u00e9g\" \/>\n\t<meta name=\"twitter:data2\" content=\"K\u00e9szleten\" \/>\n<script type=\"application\/ld+json\" class=\"yoast-schema-graph\">{\"@context\":\"https:\\\/\\\/schema.org\",\"@graph\":[{\"@type\":\"WebPage\",\"@id\":\"https:\\\/\\\/premiumkeszulek.hu\\\/hu\\\/termek\\\/electrolux-kecb7310l-beepitheto-mosogatogep-60cm\\\/\",\"url\":\"https:\\\/\\\/premiumkeszulek.hu\\\/hu\\\/termek\\\/electrolux-kecb7310l-beepitheto-mosogatogep-60cm\\\/\",\"name\":\"Electrolux KECB7310L Be\u00e9p\u00edthet\u0151 Mosogat\u00f3g\u00e9p 60cm - Pr\u00e9miumK\u00e9sz\u00fcl\u00e9k\",\"isPartOf\":{\"@id\":\"https:\\\/\\\/premiumkeszulek.hu\\\/hu\\\/#website\"},\"primaryImageOfPage\":{\"@id\":\"https:\\\/\\\/premiumkeszulek.hu\\\/hu\\\/termek\\\/electrolux-kecb7310l-beepitheto-mosogatogep-60cm\\\/#primaryimage\"},\"image\":{\"@id\":\"https:\\\/\\\/premiumkeszulek.hu\\\/hu\\\/termek\\\/electrolux-kecb7310l-beepitheto-mosogatogep-60cm\\\/#primaryimage\"},\"thumbnailUrl\":\"https:\\\/\\\/i0.wp.com\\\/premiumkeszulek.hu\\\/wp-content\\\/uploads\\\/2025\\\/05\\\/KECB7310L.jpg?fit=800%2C800&ssl=1\",\"datePublished\":\"2025-05-18T12:54:10+00:00\",\"dateModified\":\"2026-04-14T13:46:04+00:00\",\"description\":\"Az Electrolux KECB7310L Be\u00e9p\u00edthet\u0151 Mosogat\u00f3g\u00e9p modern megold\u00e1s a konyh\u00e1j\u00e1ban! N\u00e9zze meg, mennyivel egyszer\u0171bb\u00e9 v\u00e1lik a mosogat\u00e1s! \ud83e\udd73\",\"breadcrumb\":{\"@id\":\"https:\\\/\\\/premiumkeszulek.hu\\\/hu\\\/termek\\\/electrolux-kecb7310l-beepitheto-mosogatogep-60cm\\\/#breadcrumb\"},\"inLanguage\":\"hu\",\"potentialAction\":[{\"@type\":\"ReadAction\",\"target\":[\"https:\\\/\\\/premiumkeszulek.hu\\\/hu\\\/termek\\\/electrolux-kecb7310l-beepitheto-mosogatogep-60cm\\\/\"]}]},{\"@type\":\"ImageObject\",\"inLanguage\":\"hu\",\"@id\":\"https:\\\/\\\/premiumkeszulek.hu\\\/hu\\\/termek\\\/electrolux-kecb7310l-beepitheto-mosogatogep-60cm\\\/#primaryimage\",\"url\":\"https:\\\/\\\/i0.wp.com\\\/premiumkeszulek.hu\\\/wp-content\\\/uploads\\\/2025\\\/05\\\/KECB7310L.jpg?fit=800%2C800&ssl=1\",\"contentUrl\":\"https:\\\/\\\/i0.wp.com\\\/premiumkeszulek.hu\\\/wp-content\\\/uploads\\\/2025\\\/05\\\/KECB7310L.jpg?fit=800%2C800&ssl=1\",\"width\":800,\"height\":800},{\"@type\":\"BreadcrumbList\",\"@id\":\"https:\\\/\\\/premiumkeszulek.hu\\\/hu\\\/termek\\\/electrolux-kecb7310l-beepitheto-mosogatogep-60cm\\\/#breadcrumb\",\"itemListElement\":[{\"@type\":\"ListItem\",\"position\":1,\"name\":\"Home\",\"item\":\"https:\\\/\\\/premiumkeszulek.hu\\\/hu\\\/\"},{\"@type\":\"ListItem\",\"position\":2,\"name\":\"Shop\",\"item\":\"https:\\\/\\\/premiumkeszulek.hu\\\/hu\\\/shop\\\/\"},{\"@type\":\"ListItem\",\"position\":3,\"name\":\"Electrolux KECB7310L Be\u00e9p\u00edthet\u0151 Mosogat\u00f3g\u00e9p 60cm\"}]},{\"@type\":\"WebSite\",\"@id\":\"https:\\\/\\\/premiumkeszulek.hu\\\/hu\\\/#website\",\"url\":\"https:\\\/\\\/premiumkeszulek.hu\\\/hu\\\/\",\"name\":\"Pr\u00e9miumK\u00e9sz\u00fcl\u00e9k\",\"description\":\"\",\"publisher\":{\"@id\":\"https:\\\/\\\/premiumkeszulek.hu\\\/hu\\\/#organization\"},\"potentialAction\":[{\"@type\":\"SearchAction\",\"target\":{\"@type\":\"EntryPoint\",\"urlTemplate\":\"https:\\\/\\\/premiumkeszulek.hu\\\/hu\\\/?s={search_term_string}\"},\"query-input\":{\"@type\":\"PropertyValueSpecification\",\"valueRequired\":true,\"valueName\":\"search_term_string\"}}],\"inLanguage\":\"hu\"},{\"@type\":\"Organization\",\"@id\":\"https:\\\/\\\/premiumkeszulek.hu\\\/hu\\\/#organization\",\"name\":\"Pr\u00e9miumK\u00e9sz\u00fcl\u00e9k\",\"alternateName\":\"HPH Special Kft\",\"url\":\"https:\\\/\\\/premiumkeszulek.hu\\\/hu\\\/\",\"logo\":{\"@type\":\"ImageObject\",\"inLanguage\":\"hu\",\"@id\":\"https:\\\/\\\/premiumkeszulek.hu\\\/hu\\\/#\\\/schema\\\/logo\\\/image\\\/\",\"url\":\"http:\\\/\\\/premiumkeszulek.hu\\\/wp-content\\\/uploads\\\/2025\\\/03\\\/TURKIZLOGO-kicsi.png\",\"contentUrl\":\"http:\\\/\\\/premiumkeszulek.hu\\\/wp-content\\\/uploads\\\/2025\\\/03\\\/TURKIZLOGO-kicsi.png\",\"width\":1600,\"height\":547,\"caption\":\"Pr\u00e9miumK\u00e9sz\u00fcl\u00e9k\"},\"image\":{\"@id\":\"https:\\\/\\\/premiumkeszulek.hu\\\/hu\\\/#\\\/schema\\\/logo\\\/image\\\/\"},\"sameAs\":[\"https:\\\/\\\/www.facebook.com\\\/konyhaluxnet\",\"https:\\\/\\\/www.instagram.com\\\/konyhaluxnet\\\/#\"],\"email\":\"info@premiumkeszulek.hu\",\"telephone\":\"36 1 \\\/ 226-1992\",\"legalName\":\"HPH Special Kft\",\"vatID\":\"HU12549502\",\"taxID\":\"12549502\",\"hasMerchantReturnPolicy\":{\"@type\":\"MerchantReturnPolicy\",\"merchantReturnLink\":\"https:\\\/\\\/premiumkeszulek.hu\\\/hu\\\/altalanos-szerzodesi-es-felhasznalasi-feltetelek\\\/\"}}]}<\/script>\n<meta property=\"product:brand\" content=\"Electrolux\" \/>\n<meta property=\"product:price:amount\" content=\"349890\" \/>\n<meta property=\"product:price:currency\" content=\"HUF\" \/>\n<meta property=\"og:availability\" content=\"instock\" \/>\n<meta property=\"product:availability\" content=\"instock\" \/>\n<meta property=\"product:retailer_item_id\" content=\"911434728\" \/>\n<meta property=\"product:condition\" content=\"new\" \/>\n<!-- \/ Yoast SEO Premium plugin. -->","yoast_head_json":{"title":"Electrolux KECB7310L Be\u00e9p\u00edthet\u0151 Mosogat\u00f3g\u00e9p 60cm - Pr\u00e9miumK\u00e9sz\u00fcl\u00e9k","description":"Az Electrolux KECB7310L Be\u00e9p\u00edthet\u0151 Mosogat\u00f3g\u00e9p modern megold\u00e1s a konyh\u00e1j\u00e1ban! N\u00e9zze meg, mennyivel egyszer\u0171bb\u00e9 v\u00e1lik a mosogat\u00e1s! \ud83e\udd73","robots":{"index":"index","follow":"follow","max-snippet":"max-snippet:-1","max-image-preview":"max-image-preview:large","max-video-preview":"max-video-preview:-1"},"canonical":"https:\/\/premiumkeszulek.hu\/hu\/termek\/electrolux-kecb7310l-beepitheto-mosogatogep-60cm\/","og_locale":"hu_HU","og_type":"article","og_title":"Electrolux KECB7310L Be\u00e9p\u00edthet\u0151 Mosogat\u00f3g\u00e9p 60cm","og_description":"Az Electrolux KECB7310L Be\u00e9p\u00edthet\u0151 Mosogat\u00f3g\u00e9p modern megold\u00e1s a konyh\u00e1j\u00e1ban! N\u00e9zze meg, mennyivel egyszer\u0171bb\u00e9 v\u00e1lik a mosogat\u00e1s! \ud83e\udd73","og_url":"https:\/\/premiumkeszulek.hu\/hu\/termek\/electrolux-kecb7310l-beepitheto-mosogatogep-60cm\/","og_site_name":"Pr\u00e9miumK\u00e9sz\u00fcl\u00e9k","article_publisher":"https:\/\/www.facebook.com\/konyhaluxnet","article_modified_time":"2026-04-14T13:46:04+00:00","og_image":[{"width":800,"height":800,"url":"https:\/\/i0.wp.com\/premiumkeszulek.hu\/wp-content\/uploads\/2025\/05\/KECB7310L.jpg?fit=800%2C800&ssl=1","type":"image\/jpeg"}],"twitter_card":"summary_large_image","twitter_misc":{"\u00c1r":"349.890&#70;&#116;","El\u00e9rhet\u0151s\u00e9g":"K\u00e9szleten"},"schema":{"@context":"https:\/\/schema.org","@graph":[{"@type":"WebPage","@id":"https:\/\/premiumkeszulek.hu\/hu\/termek\/electrolux-kecb7310l-beepitheto-mosogatogep-60cm\/","url":"https:\/\/premiumkeszulek.hu\/hu\/termek\/electrolux-kecb7310l-beepitheto-mosogatogep-60cm\/","name":"Electrolux KECB7310L Be\u00e9p\u00edthet\u0151 Mosogat\u00f3g\u00e9p 60cm - Pr\u00e9miumK\u00e9sz\u00fcl\u00e9k","isPartOf":{"@id":"https:\/\/premiumkeszulek.hu\/hu\/#website"},"primaryImageOfPage":{"@id":"https:\/\/premiumkeszulek.hu\/hu\/termek\/electrolux-kecb7310l-beepitheto-mosogatogep-60cm\/#primaryimage"},"image":{"@id":"https:\/\/premiumkeszulek.hu\/hu\/termek\/electrolux-kecb7310l-beepitheto-mosogatogep-60cm\/#primaryimage"},"thumbnailUrl":"https:\/\/i0.wp.com\/premiumkeszulek.hu\/wp-content\/uploads\/2025\/05\/KECB7310L.jpg?fit=800%2C800&ssl=1","datePublished":"2025-05-18T12:54:10+00:00","dateModified":"2026-04-14T13:46:04+00:00","description":"Az Electrolux KECB7310L Be\u00e9p\u00edthet\u0151 Mosogat\u00f3g\u00e9p modern megold\u00e1s a konyh\u00e1j\u00e1ban! N\u00e9zze meg, mennyivel egyszer\u0171bb\u00e9 v\u00e1lik a mosogat\u00e1s! \ud83e\udd73","breadcrumb":{"@id":"https:\/\/premiumkeszulek.hu\/hu\/termek\/electrolux-kecb7310l-beepitheto-mosogatogep-60cm\/#breadcrumb"},"inLanguage":"hu","potentialAction":[{"@type":"ReadAction","target":["https:\/\/premiumkeszulek.hu\/hu\/termek\/electrolux-kecb7310l-beepitheto-mosogatogep-60cm\/"]}]},{"@type":"ImageObject","inLanguage":"hu","@id":"https:\/\/premiumkeszulek.hu\/hu\/termek\/electrolux-kecb7310l-beepitheto-mosogatogep-60cm\/#primaryimage","url":"https:\/\/i0.wp.com\/premiumkeszulek.hu\/wp-content\/uploads\/2025\/05\/KECB7310L.jpg?fit=800%2C800&ssl=1","contentUrl":"https:\/\/i0.wp.com\/premiumkeszulek.hu\/wp-content\/uploads\/2025\/05\/KECB7310L.jpg?fit=800%2C800&ssl=1","width":800,"height":800},{"@type":"BreadcrumbList","@id":"https:\/\/premiumkeszulek.hu\/hu\/termek\/electrolux-kecb7310l-beepitheto-mosogatogep-60cm\/#breadcrumb","itemListElement":[{"@type":"ListItem","position":1,"name":"Home","item":"https:\/\/premiumkeszulek.hu\/hu\/"},{"@type":"ListItem","position":2,"name":"Shop","item":"https:\/\/premiumkeszulek.hu\/hu\/shop\/"},{"@type":"ListItem","position":3,"name":"Electrolux KECB7310L Be\u00e9p\u00edthet\u0151 Mosogat\u00f3g\u00e9p 60cm"}]},{"@type":"WebSite","@id":"https:\/\/premiumkeszulek.hu\/hu\/#website","url":"https:\/\/premiumkeszulek.hu\/hu\/","name":"Pr\u00e9miumK\u00e9sz\u00fcl\u00e9k","description":"","publisher":{"@id":"https:\/\/premiumkeszulek.hu\/hu\/#organization"},"potentialAction":[{"@type":"SearchAction","target":{"@type":"EntryPoint","urlTemplate":"https:\/\/premiumkeszulek.hu\/hu\/?s={search_term_string}"},"query-input":{"@type":"PropertyValueSpecification","valueRequired":true,"valueName":"search_term_string"}}],"inLanguage":"hu"},{"@type":"Organization","@id":"https:\/\/premiumkeszulek.hu\/hu\/#organization","name":"Pr\u00e9miumK\u00e9sz\u00fcl\u00e9k","alternateName":"HPH Special Kft","url":"https:\/\/premiumkeszulek.hu\/hu\/","logo":{"@type":"ImageObject","inLanguage":"hu","@id":"https:\/\/premiumkeszulek.hu\/hu\/#\/schema\/logo\/image\/","url":"http:\/\/premiumkeszulek.hu\/wp-content\/uploads\/2025\/03\/TURKIZLOGO-kicsi.png","contentUrl":"http:\/\/premiumkeszulek.hu\/wp-content\/uploads\/2025\/03\/TURKIZLOGO-kicsi.png","width":1600,"height":547,"caption":"Pr\u00e9miumK\u00e9sz\u00fcl\u00e9k"},"image":{"@id":"https:\/\/premiumkeszulek.hu\/hu\/#\/schema\/logo\/image\/"},"sameAs":["https:\/\/www.facebook.com\/konyhaluxnet","https:\/\/www.instagram.com\/konyhaluxnet\/#"],"email":"info@premiumkeszulek.hu","telephone":"36 1 \/ 226-1992","legalName":"HPH Special Kft","vatID":"HU12549502","taxID":"12549502","hasMerchantReturnPolicy":{"@type":"MerchantReturnPolicy","merchantReturnLink":"https:\/\/premiumkeszulek.hu\/hu\/altalanos-szerzodesi-es-felhasznalasi-feltetelek\/"}}]},"product_brand":"Electrolux","product_price_amount":"349890","product_price_currency":"HUF","og_availability":"instock","product_availability":"instock","product_retailer_item_id":"911434728","product_condition":"new"},"jetpack_publicize_connections":[],"jetpack_likes_enabled":true,"jetpack_sharing_enabled":true,"jetpack-related-posts":[],"_links":{"self":[{"href":"https:\/\/premiumkeszulek.hu\/hu\/wp-json\/wp\/v2\/product\/16816","targetHints":{"allow":["GET"]}}],"collection":[{"href":"https:\/\/premiumkeszulek.hu\/hu\/wp-json\/wp\/v2\/product"}],"about":[{"href":"https:\/\/premiumkeszulek.hu\/hu\/wp-json\/wp\/v2\/types\/product"}],"replies":[{"embeddable":true,"href":"https:\/\/premiumkeszulek.hu\/hu\/wp-json\/wp\/v2\/comments?post=16816"}],"wp:featuredmedia":[{"embeddable":true,"href":"https:\/\/premiumkeszulek.hu\/hu\/wp-json\/wp\/v2\/media\/16815"}],"wp:attachment":[{"href":"https:\/\/premiumkeszulek.hu\/hu\/wp-json\/wp\/v2\/media?parent=16816"}],"wp:term":[{"taxonomy":"product_brand","embeddable":true,"href":"https:\/\/premiumkeszulek.hu\/hu\/wp-json\/wp\/v2\/product_brand?post=16816"},{"taxonomy":"product_cat","embeddable":true,"href":"https:\/\/premiumkeszulek.hu\/hu\/wp-json\/wp\/v2\/product_cat?post=16816"},{"taxonomy":"product_tag","embeddable":true,"href":"https:\/\/premiumkeszulek.hu\/hu\/wp-json\/wp\/v2\/product_tag?post=16816"},{"taxonomy":"woo-feed-brand","embeddable":true,"href":"https:\/\/premiumkeszulek.hu\/hu\/wp-json\/wp\/v2\/woo-feed-brand?post=16816"}],"curies":[{"name":"wp","href":"https:\/\/api.w.org\/{rel}","templated":true}]}}