{"id":1663,"date":"2025-02-10T14:10:05","date_gmt":"2025-02-10T13:10:05","guid":{"rendered":"https:\/\/premiumkeszulek.hu\/product\/neff-hlagd53n0-beepitheto-mikrohullamu-suto\/"},"modified":"2026-04-02T18:39:22","modified_gmt":"2026-04-02T16:39:22","slug":"neff-hlagd53n0-beepitheto-mikrohullamu-suto","status":"publish","type":"product","link":"https:\/\/premiumkeszulek.hu\/hu\/termek\/neff-hlagd53n0-beepitheto-mikrohullamu-suto\/","title":{"rendered":"NEFF HLAGD53N0 be\u00e9p\u00edthet\u0151 mikrohull\u00e1m\u00fa s\u00fct\u0151"},"content":{"rendered":"<div class=\"loadbeeTabContent\" data-loadbee-apikey=\"bVxDWaSdseFz5PWWtvKmAkGr88n6WXYY\" data-loadbee-gtin=\"4242004222804\" data-loadbee-locale=\"hu_HU\">\u00a0\n<\/div>\n<p><script async src=\"https:\/\/cdn.loadbee.com\/js\/loadbee_integration.js\"><\/script><script type=\"text\/javascript\"\nsrc=\"https:\/\/tracking.channelsight.com\/api\/tracking\/v2\/Init\">\n<\/script> <\/p>","protected":false},"excerpt":{"rendered":"<p><iframe src=\" https:\/\/www.mbhbank.hu\/sfcalculation\/?ar=[PRICE]&#038;partner=DX030&#038;konstrukcio=DLSK14\" width=\"100%\" height=\"500\" frameborder=\"0\" scrolling=\"yes\" align=\"left\"><\/iframe><\/p>\n","protected":false},"featured_media":1662,"comment_status":"closed","ping_status":"closed","template":"","meta":{"_crdt_document":"","content-type":"","jetpack_post_was_ever_published":false,"jetpack_publicize_message":"","jetpack_publicize_feature_enabled":true,"jetpack_social_post_already_shared":true,"jetpack_social_options":{"image_generator_settings":{"template":"highway","default_image_id":0,"font":"","enabled":false},"version":2},"_wpas_customize_per_network":false},"product_brand":[1570],"product_cat":[1391,1527],"product_tag":[],"woo-feed-brand":[],"class_list":{"0":"post-1663","1":"product","2":"type-product","3":"status-publish","4":"has-post-thumbnail","6":"product_brand-neff","7":"product_cat-mikrohullamusuto","8":"product_cat-sutok-es-fozolapok","9":"product_shipping_class-100000felett","11":"first","12":"instock","13":"sale","14":"taxable","15":"shipping-taxable","16":"purchasable","17":"product-type-simple"},"yoast_head":"<!-- This site is optimized with the Yoast SEO Premium plugin v26.9 (Yoast SEO v26.9) - https:\/\/yoast.com\/product\/yoast-seo-premium-wordpress\/ -->\n<title>NEFF HLAGD53N0 be\u00e9p\u00edthet\u0151 mikrohull\u00e1m\u00fa s\u00fct\u0151 - Pr\u00e9miumK\u00e9sz\u00fcl\u00e9k<\/title>\n<meta name=\"description\" content=\"Fedezze fel a NEFF HLAGD53N0 be\u00e9p\u00edthet\u0151 mikrohull\u00e1m\u00fa s\u00fct\u0151 el\u0151nyeit modern konyh\u00e1j\u00e1ban. \u00c9lvezze az egyszer\u0171 haszn\u00e1latot \u00e9s a st\u00edlust!\" \/>\n<meta name=\"robots\" content=\"index, follow, max-snippet:-1, max-image-preview:large, max-video-preview:-1\" \/>\n<link rel=\"canonical\" href=\"https:\/\/premiumkeszulek.hu\/hu\/termek\/neff-hlagd53n0-beepitheto-mikrohullamu-suto\/\" \/>\n<meta property=\"og:locale\" content=\"hu_HU\" \/>\n<meta property=\"og:type\" content=\"article\" \/>\n<meta property=\"og:title\" content=\"NEFF HLAGD53N0 be\u00e9p\u00edthet\u0151 mikrohull\u00e1m\u00fa s\u00fct\u0151\" \/>\n<meta property=\"og:description\" content=\"Fedezze fel a NEFF HLAGD53N0 be\u00e9p\u00edthet\u0151 mikrohull\u00e1m\u00fa s\u00fct\u0151 el\u0151nyeit modern konyh\u00e1j\u00e1ban. \u00c9lvezze az egyszer\u0171 haszn\u00e1latot \u00e9s a st\u00edlust!\" \/>\n<meta property=\"og:url\" content=\"https:\/\/premiumkeszulek.hu\/hu\/termek\/neff-hlagd53n0-beepitheto-mikrohullamu-suto\/\" \/>\n<meta property=\"og:site_name\" content=\"Pr\u00e9miumK\u00e9sz\u00fcl\u00e9k\" \/>\n<meta property=\"article:publisher\" content=\"https:\/\/www.facebook.com\/konyhaluxnet\" \/>\n<meta property=\"article:modified_time\" content=\"2026-04-02T16:39:22+00:00\" \/>\n<meta property=\"og:image\" content=\"https:\/\/i0.wp.com\/premiumkeszulek.hu\/wp-content\/uploads\/2025\/02\/neff-hlagd53n0-beepitheto-mikrohullamu-suto3.png?fit=800%2C800&ssl=1\" \/>\n\t<meta property=\"og:image:width\" content=\"800\" \/>\n\t<meta property=\"og:image:height\" content=\"800\" \/>\n\t<meta property=\"og:image:type\" content=\"image\/png\" \/>\n<meta name=\"twitter:card\" content=\"summary_large_image\" \/>\n<meta name=\"twitter:label1\" content=\"\u00c1r\" \/>\n\t<meta name=\"twitter:data1\" content=\"164.255&#070;&#116;\" \/>\n\t<meta name=\"twitter:label2\" content=\"El\u00e9rhet\u0151s\u00e9g\" \/>\n\t<meta name=\"twitter:data2\" content=\"K\u00e9szleten\" \/>\n<script type=\"application\/ld+json\" class=\"yoast-schema-graph\">{\"@context\":\"https:\/\/schema.org\",\"@graph\":[{\"@type\":\"WebPage\",\"@id\":\"https:\/\/premiumkeszulek.hu\/hu\/termek\/neff-hlagd53n0-beepitheto-mikrohullamu-suto\/\",\"url\":\"https:\/\/premiumkeszulek.hu\/hu\/termek\/neff-hlagd53n0-beepitheto-mikrohullamu-suto\/\",\"name\":\"NEFF HLAGD53N0 be\u00e9p\u00edthet\u0151 mikrohull\u00e1m\u00fa s\u00fct\u0151 - Pr\u00e9miumK\u00e9sz\u00fcl\u00e9k\",\"isPartOf\":{\"@id\":\"https:\/\/premiumkeszulek.hu\/en\/#website\"},\"primaryImageOfPage\":{\"@id\":\"https:\/\/premiumkeszulek.hu\/hu\/termek\/neff-hlagd53n0-beepitheto-mikrohullamu-suto\/#primaryimage\"},\"image\":{\"@id\":\"https:\/\/premiumkeszulek.hu\/hu\/termek\/neff-hlagd53n0-beepitheto-mikrohullamu-suto\/#primaryimage\"},\"thumbnailUrl\":\"https:\/\/i0.wp.com\/premiumkeszulek.hu\/wp-content\/uploads\/2025\/02\/neff-hlagd53n0-beepitheto-mikrohullamu-suto3.png?fit=800%2C800&ssl=1\",\"datePublished\":\"2025-02-10T13:10:05+00:00\",\"dateModified\":\"2026-04-02T16:39:22+00:00\",\"description\":\"Fedezze fel a NEFF HLAGD53N0 be\u00e9p\u00edthet\u0151 mikrohull\u00e1m\u00fa s\u00fct\u0151 el\u0151nyeit modern konyh\u00e1j\u00e1ban. \u00c9lvezze az egyszer\u0171 haszn\u00e1latot \u00e9s a st\u00edlust!\",\"breadcrumb\":{\"@id\":\"https:\/\/premiumkeszulek.hu\/hu\/termek\/neff-hlagd53n0-beepitheto-mikrohullamu-suto\/#breadcrumb\"},\"inLanguage\":\"hu\",\"potentialAction\":[{\"@type\":\"ReadAction\",\"target\":[\"https:\/\/premiumkeszulek.hu\/hu\/termek\/neff-hlagd53n0-beepitheto-mikrohullamu-suto\/\"]}]},{\"@type\":\"ImageObject\",\"inLanguage\":\"hu\",\"@id\":\"https:\/\/premiumkeszulek.hu\/hu\/termek\/neff-hlagd53n0-beepitheto-mikrohullamu-suto\/#primaryimage\",\"url\":\"https:\/\/i0.wp.com\/premiumkeszulek.hu\/wp-content\/uploads\/2025\/02\/neff-hlagd53n0-beepitheto-mikrohullamu-suto3.png?fit=800%2C800&ssl=1\",\"contentUrl\":\"https:\/\/i0.wp.com\/premiumkeszulek.hu\/wp-content\/uploads\/2025\/02\/neff-hlagd53n0-beepitheto-mikrohullamu-suto3.png?fit=800%2C800&ssl=1\",\"width\":800,\"height\":800},{\"@type\":\"BreadcrumbList\",\"@id\":\"https:\/\/premiumkeszulek.hu\/hu\/termek\/neff-hlagd53n0-beepitheto-mikrohullamu-suto\/#breadcrumb\",\"itemListElement\":[{\"@type\":\"ListItem\",\"position\":1,\"name\":\"Home\",\"item\":\"https:\/\/premiumkeszulek.hu\/en\/\"},{\"@type\":\"ListItem\",\"position\":2,\"name\":\"Shop\",\"item\":\"https:\/\/premiumkeszulek.hu\/en\/shop\/\"},{\"@type\":\"ListItem\",\"position\":3,\"name\":\"NEFF HLAGD53N0 be\u00e9p\u00edthet\u0151 mikrohull\u00e1m\u00fa s\u00fct\u0151\"}]},{\"@type\":\"WebSite\",\"@id\":\"https:\/\/premiumkeszulek.hu\/en\/#website\",\"url\":\"https:\/\/premiumkeszulek.hu\/en\/\",\"name\":\"Pr\u00e9miumK\u00e9sz\u00fcl\u00e9k\",\"description\":\"\",\"publisher\":{\"@id\":\"https:\/\/premiumkeszulek.hu\/en\/#organization\"},\"potentialAction\":[{\"@type\":\"SearchAction\",\"target\":{\"@type\":\"EntryPoint\",\"urlTemplate\":\"https:\/\/premiumkeszulek.hu\/en\/?s={search_term_string}\"},\"query-input\":{\"@type\":\"PropertyValueSpecification\",\"valueRequired\":true,\"valueName\":\"search_term_string\"}}],\"inLanguage\":\"hu\"},{\"@type\":\"Organization\",\"@id\":\"https:\/\/premiumkeszulek.hu\/en\/#organization\",\"name\":\"Pr\u00e9miumK\u00e9sz\u00fcl\u00e9k\",\"alternateName\":\"HPH Special Kft\",\"url\":\"https:\/\/premiumkeszulek.hu\/en\/\",\"logo\":{\"@type\":\"ImageObject\",\"inLanguage\":\"hu\",\"@id\":\"https:\/\/premiumkeszulek.hu\/en\/#\/schema\/logo\/image\/\",\"url\":\"http:\/\/premiumkeszulek.hu\/wp-content\/uploads\/2025\/03\/TURKIZLOGO-kicsi.png\",\"contentUrl\":\"http:\/\/premiumkeszulek.hu\/wp-content\/uploads\/2025\/03\/TURKIZLOGO-kicsi.png\",\"width\":1600,\"height\":547,\"caption\":\"Pr\u00e9miumK\u00e9sz\u00fcl\u00e9k\"},\"image\":{\"@id\":\"https:\/\/premiumkeszulek.hu\/en\/#\/schema\/logo\/image\/\"},\"sameAs\":[\"https:\/\/www.facebook.com\/konyhaluxnet\",\"https:\/\/www.instagram.com\/konyhaluxnet\/#\"],\"email\":\"info@premiumkeszulek.hu\",\"telephone\":\"36 1 \/ 226-1992\",\"legalName\":\"HPH Special Kft\",\"vatID\":\"HU12549502\",\"taxID\":\"12549502\",\"hasMerchantReturnPolicy\":{\"@type\":\"MerchantReturnPolicy\",\"merchantReturnLink\":\"https:\/\/premiumkeszulek.hu\/hu\/altalanos-szerzodesi-es-felhasznalasi-feltetelek\/\"}}]}<\/script>\n<meta property=\"product:brand\" content=\"Neff\" \/>\n<meta property=\"product:price:amount\" content=\"164255\" \/>\n<meta property=\"product:price:currency\" content=\"HUF\" \/>\n<meta property=\"og:availability\" content=\"instock\" \/>\n<meta property=\"product:availability\" content=\"instock\" \/>\n<meta property=\"product:retailer_item_id\" content=\"4242004222804\" \/>\n<meta property=\"product:condition\" content=\"new\" \/>\n<!-- \/ Yoast SEO Premium plugin. -->","yoast_head_json":{"title":"NEFF HLAGD53N0 be\u00e9p\u00edthet\u0151 mikrohull\u00e1m\u00fa s\u00fct\u0151 - Pr\u00e9miumK\u00e9sz\u00fcl\u00e9kek","description":"Fedezze fel a NEFF HLAGD53N0 be\u00e9p\u00edthet\u0151 mikrohull\u00e1m\u00fa s\u00fct\u0151 el\u0151nyeit modern konyh\u00e1j\u00e1ban. \u00c9lvezze az egyszer\u0171 haszn\u00e1latot \u00e9s a st\u00edlust!","robots":{"index":"index","follow":"follow","max-snippet":"max-snippet:-1","max-image-preview":"max-image-preview:large","max-video-preview":"max-video-preview:-1"},"canonical":"https:\/\/premiumkeszulek.hu\/hu\/termek\/neff-hlagd53n0-beepitheto-mikrohullamu-suto\/","og_locale":"hu_HU","og_type":"article","og_title":"NEFF HLAGD53N0 be\u00e9p\u00edthet\u0151 mikrohull\u00e1m\u00fa s\u00fct\u0151","og_description":"Fedezze fel a NEFF HLAGD53N0 be\u00e9p\u00edthet\u0151 mikrohull\u00e1m\u00fa s\u00fct\u0151 el\u0151nyeit modern konyh\u00e1j\u00e1ban. \u00c9lvezze az egyszer\u0171 haszn\u00e1latot \u00e9s a st\u00edlust!","og_url":"https:\/\/premiumkeszulek.hu\/hu\/termek\/neff-hlagd53n0-beepitheto-mikrohullamu-suto\/","og_site_name":"Pr\u00e9miumK\u00e9sz\u00fcl\u00e9k","article_publisher":"https:\/\/www.facebook.com\/konyhaluxnet","article_modified_time":"2026-04-02T16:39:22+00:00","og_image":[{"width":800,"height":800,"url":"https:\/\/i0.wp.com\/premiumkeszulek.hu\/wp-content\/uploads\/2025\/02\/neff-hlagd53n0-beepitheto-mikrohullamu-suto3.png?fit=800%2C800&ssl=1","type":"image\/png"}],"twitter_card":"summary_large_image","twitter_misc":{"\u00c1r":"164.255&#70;&#116;","El\u00e9rhet\u0151s\u00e9g":"K\u00e9szleten"},"schema":{"@context":"https:\/\/schema.org","@graph":[{"@type":"WebPage","@id":"https:\/\/premiumkeszulek.hu\/hu\/termek\/neff-hlagd53n0-beepitheto-mikrohullamu-suto\/","url":"https:\/\/premiumkeszulek.hu\/hu\/termek\/neff-hlagd53n0-beepitheto-mikrohullamu-suto\/","name":"NEFF HLAGD53N0 be\u00e9p\u00edthet\u0151 mikrohull\u00e1m\u00fa s\u00fct\u0151 - Pr\u00e9miumK\u00e9sz\u00fcl\u00e9kek","isPartOf":{"@id":"https:\/\/premiumkeszulek.hu\/en\/#website"},"primaryImageOfPage":{"@id":"https:\/\/premiumkeszulek.hu\/hu\/termek\/neff-hlagd53n0-beepitheto-mikrohullamu-suto\/#primaryimage"},"image":{"@id":"https:\/\/premiumkeszulek.hu\/hu\/termek\/neff-hlagd53n0-beepitheto-mikrohullamu-suto\/#primaryimage"},"thumbnailUrl":"https:\/\/i0.wp.com\/premiumkeszulek.hu\/wp-content\/uploads\/2025\/02\/neff-hlagd53n0-beepitheto-mikrohullamu-suto3.png?fit=800%2C800&ssl=1","datePublished":"2025-02-10T13:10:05+00:00","dateModified":"2026-04-02T16:39:22+00:00","description":"Fedezze fel a NEFF HLAGD53N0 be\u00e9p\u00edthet\u0151 mikrohull\u00e1m\u00fa s\u00fct\u0151 el\u0151nyeit modern konyh\u00e1j\u00e1ban. \u00c9lvezze az egyszer\u0171 haszn\u00e1latot \u00e9s a st\u00edlust!","breadcrumb":{"@id":"https:\/\/premiumkeszulek.hu\/hu\/termek\/neff-hlagd53n0-beepitheto-mikrohullamu-suto\/#breadcrumb"},"inLanguage":"hu","potentialAction":[{"@type":"ReadAction","target":["https:\/\/premiumkeszulek.hu\/hu\/termek\/neff-hlagd53n0-beepitheto-mikrohullamu-suto\/"]}]},{"@type":"ImageObject","inLanguage":"hu","@id":"https:\/\/premiumkeszulek.hu\/hu\/termek\/neff-hlagd53n0-beepitheto-mikrohullamu-suto\/#primaryimage","url":"https:\/\/i0.wp.com\/premiumkeszulek.hu\/wp-content\/uploads\/2025\/02\/neff-hlagd53n0-beepitheto-mikrohullamu-suto3.png?fit=800%2C800&ssl=1","contentUrl":"https:\/\/i0.wp.com\/premiumkeszulek.hu\/wp-content\/uploads\/2025\/02\/neff-hlagd53n0-beepitheto-mikrohullamu-suto3.png?fit=800%2C800&ssl=1","width":800,"height":800},{"@type":"BreadcrumbList","@id":"https:\/\/premiumkeszulek.hu\/hu\/termek\/neff-hlagd53n0-beepitheto-mikrohullamu-suto\/#breadcrumb","itemListElement":[{"@type":"ListItem","position":1,"name":"Home","item":"https:\/\/premiumkeszulek.hu\/en\/"},{"@type":"ListItem","position":2,"name":"Shop","item":"https:\/\/premiumkeszulek.hu\/en\/shop\/"},{"@type":"ListItem","position":3,"name":"NEFF HLAGD53N0 be\u00e9p\u00edthet\u0151 mikrohull\u00e1m\u00fa s\u00fct\u0151"}]},{"@type":"WebSite","@id":"https:\/\/premiumkeszulek.hu\/en\/#website","url":"https:\/\/premiumkeszulek.hu\/en\/","name":"Pr\u00e9miumK\u00e9sz\u00fcl\u00e9k","description":"","publisher":{"@id":"https:\/\/premiumkeszulek.hu\/en\/#organization"},"potentialAction":[{"@type":"SearchAction","target":{"@type":"EntryPoint","urlTemplate":"https:\/\/premiumkeszulek.hu\/en\/?s={search_term_string}"},"query-input":{"@type":"PropertyValueSpecification","valueRequired":true,"valueName":"search_term_string"}}],"inLanguage":"hu"},{"@type":"Organization","@id":"https:\/\/premiumkeszulek.hu\/en\/#organization","name":"Pr\u00e9miumK\u00e9sz\u00fcl\u00e9k","alternateName":"HPH Special Kft","url":"https:\/\/premiumkeszulek.hu\/en\/","logo":{"@type":"ImageObject","inLanguage":"hu","@id":"https:\/\/premiumkeszulek.hu\/en\/#\/schema\/logo\/image\/","url":"http:\/\/premiumkeszulek.hu\/wp-content\/uploads\/2025\/03\/TURKIZLOGO-kicsi.png","contentUrl":"http:\/\/premiumkeszulek.hu\/wp-content\/uploads\/2025\/03\/TURKIZLOGO-kicsi.png","width":1600,"height":547,"caption":"Pr\u00e9miumK\u00e9sz\u00fcl\u00e9k"},"image":{"@id":"https:\/\/premiumkeszulek.hu\/en\/#\/schema\/logo\/image\/"},"sameAs":["https:\/\/www.facebook.com\/konyhaluxnet","https:\/\/www.instagram.com\/konyhaluxnet\/#"],"email":"info@premiumkeszulek.hu","telephone":"36 1 \/ 226-1992","legalName":"HPH Special Kft","vatID":"HU12549502","taxID":"12549502","hasMerchantReturnPolicy":{"@type":"MerchantReturnPolicy","merchantReturnLink":"https:\/\/premiumkeszulek.hu\/hu\/altalanos-szerzodesi-es-felhasznalasi-feltetelek\/"}}]},"product_brand":"Neff","product_price_amount":"164255","product_price_currency":"HUF","og_availability":"instock","product_availability":"instock","product_retailer_item_id":"4242004222804","product_condition":"new"},"jetpack_publicize_connections":[],"jetpack_likes_enabled":true,"jetpack_sharing_enabled":true,"jetpack-related-posts":[],"_links":{"self":[{"href":"https:\/\/premiumkeszulek.hu\/hu\/wp-json\/wp\/v2\/product\/1663","targetHints":{"allow":["GET"]}}],"collection":[{"href":"https:\/\/premiumkeszulek.hu\/hu\/wp-json\/wp\/v2\/product"}],"about":[{"href":"https:\/\/premiumkeszulek.hu\/hu\/wp-json\/wp\/v2\/types\/product"}],"replies":[{"embeddable":true,"href":"https:\/\/premiumkeszulek.hu\/hu\/wp-json\/wp\/v2\/comments?post=1663"}],"wp:featuredmedia":[{"embeddable":true,"href":"https:\/\/premiumkeszulek.hu\/hu\/wp-json\/wp\/v2\/media\/1662"}],"wp:attachment":[{"href":"https:\/\/premiumkeszulek.hu\/hu\/wp-json\/wp\/v2\/media?parent=1663"}],"wp:term":[{"taxonomy":"product_brand","embeddable":true,"href":"https:\/\/premiumkeszulek.hu\/hu\/wp-json\/wp\/v2\/product_brand?post=1663"},{"taxonomy":"product_cat","embeddable":true,"href":"https:\/\/premiumkeszulek.hu\/hu\/wp-json\/wp\/v2\/product_cat?post=1663"},{"taxonomy":"product_tag","embeddable":true,"href":"https:\/\/premiumkeszulek.hu\/hu\/wp-json\/wp\/v2\/product_tag?post=1663"},{"taxonomy":"woo-feed-brand","embeddable":true,"href":"https:\/\/premiumkeszulek.hu\/hu\/wp-json\/wp\/v2\/woo-feed-brand?post=1663"}],"curies":[{"name":"wp","href":"https:\/\/api.w.org\/{rel}","templated":true}]}}