{"id":16605,"date":"2025-05-18T12:44:13","date_gmt":"2025-05-18T10:44:13","guid":{"rendered":"https:\/\/premiumkeszulek.hu\/termek\/electrolux-loc8h39wz-mealassist-steamcrisp-700-gozsuto-aqua-clean-tisztitassal-fekete\/"},"modified":"2026-04-02T18:38:11","modified_gmt":"2026-04-02T16:38:11","slug":"electrolux-loc8h39wz-mealassist-steamcrisp-700-gozsuto-aqua-clean-tisztitassal-fekete","status":"publish","type":"product","link":"https:\/\/premiumkeszulek.hu\/hu\/termek\/electrolux-loc8h39wz-mealassist-steamcrisp-700-gozsuto-aqua-clean-tisztitassal-fekete\/","title":{"rendered":"Electrolux LOC8H39WZ MealAssist\/SteamCrisp 700 g\u0151zs\u00fct\u0151 aqua clean tiszt\u00edt\u00e1ssal fekete"},"content":{"rendered":"<p>Elektronika funkci\u00f3i: Automatikus f\u0151z\u0151programok: 167 k\u00fcl\u00f6nf\u00e9le el\u0151re be\u00e1ll\u00edtott f\u0151z\u0151programok 'Assist', 3 kedvenc funkci\u00f3, 31 nyelv\/sz\u00f6veges kijelz\u0151, hangjelz\u00e9s, applik\u00e1ci\u00f3 vez\u00e9rl\u00e9s, automatikus kikapcsol\u00e1s (csak s\u00fct\u0151), \u00e1ll\u00edthat\u00f3 jelz\u0151hang, s\u00fct\u00e9si eredm\u00e9ny ellen\u0151rz\u00e9se, \u00f3ra st\u00edlusa be\u00e1ll\u00edthat\u00f3, programozott s\u00fct\u00e9s, programozott s\u00fct\u00e9s, k\u00e9sleltetett ind\u00edt\u00e1s, demo m\u00f3d, elektronikus h\u0151m\u00e9rs\u00e9klet szab\u00e1lyoz\u00f3, elektronikus ajt\u00f3kapcsol\u00f3, v\u00e1laszthat\u00f3 gyors felf\u0171t\u00e9s, \u00e9tel\u00e9rz\u00e9kel\u0151 v\u00e9ghat\u00e1s \u00e1ll\u00edthat\u00f3, funkci\u00f3z\u00e1r, billenty\u0171hang, f\u0151kapcsol\u00f3, 3 napos mem\u00f3ria, percsz\u00e1ml\u00e1l\u00f3, s\u00fct\u0151f\u00e9ny be\/ki kapcsolhat\u00f3 (men\u00fc k\u00f6zvetlen el\u00e9r\u00e9s gomb), val\u00f3s h\u0151m\u00e9rs\u00e9klet kijelz\u00e9s, marad\u00e9kh\u0151 kijelz\u00e9s (\u00b0C), marad\u00e9kh\u0151 felhaszn\u00e1l\u00e1s, szervizk\u00f3d, kikapcsolhat\u00f3 \u00f3ra (napi id\u0151), h\u0151m\u00e9rs\u00e9klet aj\u00e1nl\u00e1s, \u00f3ra, WIFI kapcsolat: Igen\u00a0<\/p>","protected":false},"excerpt":{"rendered":"<p>S\u00fct\u00e9si Funkci\u00f3k: grill + als\u00f3 s\u00fct\u00e9s + l\u00e9gkever\u00e9s , h\u0151l\u00e9gbef\u00fav\u00e1s, h\u0151l\u00e9gbef\u00fav\u00e1s + als\u00f3 s\u00fct\u00e9s, h\u0151l\u00e9gbef\u00fav\u00e1s, g\u0151z + h\u0151l\u00e9gbef\u00fav\u00e1s + als\u00f3 s\u00fct\u00e9s, g\u0151z + h\u0151l\u00e9gbef\u00fav\u00e1s, als\u00f3 s\u00fct\u00e9s, grill, grill + als\u00f3 s\u00fct\u00e9s.<\/p>","protected":false},"featured_media":16604,"comment_status":"closed","ping_status":"closed","template":"","meta":{"_crdt_document":"","content-type":"","jetpack_post_was_ever_published":false,"jetpack_publicize_message":"","jetpack_publicize_feature_enabled":true,"jetpack_social_post_already_shared":true,"jetpack_social_options":{"image_generator_settings":{"template":"highway","default_image_id":0,"font":"","enabled":false},"version":2},"_wpas_customize_per_network":false},"product_brand":[7625],"product_cat":[1389,1527],"product_tag":[],"woo-feed-brand":[],"class_list":{"0":"post-16605","1":"product","2":"type-product","3":"status-publish","4":"has-post-thumbnail","6":"product_brand-electrolux","7":"product_cat-beepithetosutok","8":"product_cat-sutok-es-fozolapok","9":"product_shipping_class-100000felett","11":"first","12":"instock","13":"sale","14":"taxable","15":"shipping-taxable","16":"purchasable","17":"product-type-simple"},"yoast_head":"<!-- This site is optimized with the Yoast SEO Premium plugin v26.9 (Yoast SEO v26.9) - https:\/\/yoast.com\/product\/yoast-seo-premium-wordpress\/ -->\n<title>Electrolux LOC8H39WZ MealAssist\/SteamCrisp 700 g\u0151zs\u00fct\u0151 aqua clean tiszt\u00edt\u00e1ssal fekete - Pr\u00e9miumK\u00e9sz\u00fcl\u00e9k<\/title>\n<meta name=\"description\" content=\"Fedezze fel az Electrolux LOC8H39WZ MealAssist\/SteamCrisp g\u0151zs\u00fct\u0151 sokoldal\u00fa funkci\u00f3it! \u00c9lvezze a prec\u00edz f\u0151z\u00e9si eredm\u00e9nyeket minden \u00e9tkez\u00e9sn\u00e9l!\" \/>\n<meta name=\"robots\" content=\"index, follow, max-snippet:-1, max-image-preview:large, max-video-preview:-1\" \/>\n<link rel=\"canonical\" href=\"https:\/\/premiumkeszulek.hu\/hu\/termek\/electrolux-loc8h39wz-mealassist-steamcrisp-700-gozsuto-aqua-clean-tisztitassal-fekete\/\" \/>\n<meta property=\"og:locale\" content=\"hu_HU\" \/>\n<meta property=\"og:type\" content=\"article\" \/>\n<meta property=\"og:title\" content=\"Electrolux LOC8H39WZ MealAssist\/SteamCrisp 700 g\u0151zs\u00fct\u0151 aqua clean tiszt\u00edt\u00e1ssal fekete\" \/>\n<meta property=\"og:description\" content=\"Fedezze fel az Electrolux LOC8H39WZ MealAssist\/SteamCrisp g\u0151zs\u00fct\u0151 sokoldal\u00fa funkci\u00f3it! \u00c9lvezze a prec\u00edz f\u0151z\u00e9si eredm\u00e9nyeket minden \u00e9tkez\u00e9sn\u00e9l!\" \/>\n<meta property=\"og:url\" content=\"https:\/\/premiumkeszulek.hu\/hu\/termek\/electrolux-loc8h39wz-mealassist-steamcrisp-700-gozsuto-aqua-clean-tisztitassal-fekete\/\" \/>\n<meta property=\"og:site_name\" content=\"Pr\u00e9miumK\u00e9sz\u00fcl\u00e9k\" \/>\n<meta property=\"article:publisher\" content=\"https:\/\/www.facebook.com\/konyhaluxnet\" \/>\n<meta property=\"article:modified_time\" content=\"2026-04-02T16:38:11+00:00\" \/>\n<meta property=\"og:image\" content=\"https:\/\/i0.wp.com\/premiumkeszulek.hu\/wp-content\/uploads\/2025\/05\/LOC8H39WZ-111.png?fit=800%2C800&ssl=1\" \/>\n\t<meta property=\"og:image:width\" content=\"800\" \/>\n\t<meta property=\"og:image:height\" content=\"800\" \/>\n\t<meta property=\"og:image:type\" content=\"image\/png\" \/>\n<meta name=\"twitter:card\" content=\"summary_large_image\" \/>\n<meta name=\"twitter:label1\" content=\"\u00c1r\" \/>\n\t<meta name=\"twitter:data1\" content=\"265.905&#070;&#116;\" \/>\n\t<meta name=\"twitter:label2\" content=\"El\u00e9rhet\u0151s\u00e9g\" \/>\n\t<meta name=\"twitter:data2\" content=\"K\u00e9szleten\" \/>\n<script type=\"application\/ld+json\" class=\"yoast-schema-graph\">{\"@context\":\"https:\/\/schema.org\",\"@graph\":[{\"@type\":\"WebPage\",\"@id\":\"https:\/\/premiumkeszulek.hu\/hu\/termek\/electrolux-loc8h39wz-mealassist-steamcrisp-700-gozsuto-aqua-clean-tisztitassal-fekete\/\",\"url\":\"https:\/\/premiumkeszulek.hu\/hu\/termek\/electrolux-loc8h39wz-mealassist-steamcrisp-700-gozsuto-aqua-clean-tisztitassal-fekete\/\",\"name\":\"Electrolux LOC8H39WZ MealAssist\/SteamCrisp 700 g\u0151zs\u00fct\u0151 aqua clean tiszt\u00edt\u00e1ssal fekete - Pr\u00e9miumK\u00e9sz\u00fcl\u00e9k\",\"isPartOf\":{\"@id\":\"http:\/\/premiumkeszulek.hu\/hu\/#website\"},\"primaryImageOfPage\":{\"@id\":\"https:\/\/premiumkeszulek.hu\/hu\/termek\/electrolux-loc8h39wz-mealassist-steamcrisp-700-gozsuto-aqua-clean-tisztitassal-fekete\/#primaryimage\"},\"image\":{\"@id\":\"https:\/\/premiumkeszulek.hu\/hu\/termek\/electrolux-loc8h39wz-mealassist-steamcrisp-700-gozsuto-aqua-clean-tisztitassal-fekete\/#primaryimage\"},\"thumbnailUrl\":\"https:\/\/i0.wp.com\/premiumkeszulek.hu\/wp-content\/uploads\/2025\/05\/LOC8H39WZ-111.png?fit=800%2C800&ssl=1\",\"datePublished\":\"2025-05-18T10:44:13+00:00\",\"dateModified\":\"2026-04-02T16:38:11+00:00\",\"description\":\"Fedezze fel az Electrolux LOC8H39WZ MealAssist\/SteamCrisp g\u0151zs\u00fct\u0151 sokoldal\u00fa funkci\u00f3it! \u00c9lvezze a prec\u00edz f\u0151z\u00e9si eredm\u00e9nyeket minden \u00e9tkez\u00e9sn\u00e9l!\",\"breadcrumb\":{\"@id\":\"https:\/\/premiumkeszulek.hu\/hu\/termek\/electrolux-loc8h39wz-mealassist-steamcrisp-700-gozsuto-aqua-clean-tisztitassal-fekete\/#breadcrumb\"},\"inLanguage\":\"hu\",\"potentialAction\":[{\"@type\":\"ReadAction\",\"target\":[\"https:\/\/premiumkeszulek.hu\/hu\/termek\/electrolux-loc8h39wz-mealassist-steamcrisp-700-gozsuto-aqua-clean-tisztitassal-fekete\/\"]}]},{\"@type\":\"ImageObject\",\"inLanguage\":\"hu\",\"@id\":\"https:\/\/premiumkeszulek.hu\/hu\/termek\/electrolux-loc8h39wz-mealassist-steamcrisp-700-gozsuto-aqua-clean-tisztitassal-fekete\/#primaryimage\",\"url\":\"https:\/\/i0.wp.com\/premiumkeszulek.hu\/wp-content\/uploads\/2025\/05\/LOC8H39WZ-111.png?fit=800%2C800&ssl=1\",\"contentUrl\":\"https:\/\/i0.wp.com\/premiumkeszulek.hu\/wp-content\/uploads\/2025\/05\/LOC8H39WZ-111.png?fit=800%2C800&ssl=1\",\"width\":800,\"height\":800},{\"@type\":\"BreadcrumbList\",\"@id\":\"https:\/\/premiumkeszulek.hu\/hu\/termek\/electrolux-loc8h39wz-mealassist-steamcrisp-700-gozsuto-aqua-clean-tisztitassal-fekete\/#breadcrumb\",\"itemListElement\":[{\"@type\":\"ListItem\",\"position\":1,\"name\":\"Home\",\"item\":\"https:\/\/premiumkeszulek.hu\/hu\/\"},{\"@type\":\"ListItem\",\"position\":2,\"name\":\"Shop\",\"item\":\"https:\/\/premiumkeszulek.hu\/hu\/shop\/\"},{\"@type\":\"ListItem\",\"position\":3,\"name\":\"Electrolux LOC8H39WZ MealAssist\/SteamCrisp 700 g\u0151zs\u00fct\u0151 aqua clean tiszt\u00edt\u00e1ssal fekete\"}]},{\"@type\":\"WebSite\",\"@id\":\"http:\/\/premiumkeszulek.hu\/hu\/#website\",\"url\":\"http:\/\/premiumkeszulek.hu\/hu\/\",\"name\":\"Pr\u00e9miumK\u00e9sz\u00fcl\u00e9k\",\"description\":\"\",\"publisher\":{\"@id\":\"http:\/\/premiumkeszulek.hu\/hu\/#organization\"},\"potentialAction\":[{\"@type\":\"SearchAction\",\"target\":{\"@type\":\"EntryPoint\",\"urlTemplate\":\"http:\/\/premiumkeszulek.hu\/hu\/?s={search_term_string}\"},\"query-input\":{\"@type\":\"PropertyValueSpecification\",\"valueRequired\":true,\"valueName\":\"search_term_string\"}}],\"inLanguage\":\"hu\"},{\"@type\":\"Organization\",\"@id\":\"http:\/\/premiumkeszulek.hu\/hu\/#organization\",\"name\":\"Pr\u00e9miumK\u00e9sz\u00fcl\u00e9k\",\"alternateName\":\"HPH Special Kft\",\"url\":\"http:\/\/premiumkeszulek.hu\/hu\/\",\"logo\":{\"@type\":\"ImageObject\",\"inLanguage\":\"hu\",\"@id\":\"http:\/\/premiumkeszulek.hu\/hu\/#\/schema\/logo\/image\/\",\"url\":\"http:\/\/premiumkeszulek.hu\/wp-content\/uploads\/2025\/03\/TURKIZLOGO-kicsi.png\",\"contentUrl\":\"http:\/\/premiumkeszulek.hu\/wp-content\/uploads\/2025\/03\/TURKIZLOGO-kicsi.png\",\"width\":1600,\"height\":547,\"caption\":\"Pr\u00e9miumK\u00e9sz\u00fcl\u00e9k\"},\"image\":{\"@id\":\"http:\/\/premiumkeszulek.hu\/hu\/#\/schema\/logo\/image\/\"},\"sameAs\":[\"https:\/\/www.facebook.com\/konyhaluxnet\",\"https:\/\/www.instagram.com\/konyhaluxnet\/#\"],\"email\":\"info@premiumkeszulek.hu\",\"telephone\":\"36 1 \/ 226-1992\",\"legalName\":\"HPH Special Kft\",\"vatID\":\"HU12549502\",\"taxID\":\"12549502\",\"hasMerchantReturnPolicy\":{\"@type\":\"MerchantReturnPolicy\",\"merchantReturnLink\":\"https:\/\/premiumkeszulek.hu\/hu\/altalanos-szerzodesi-es-felhasznalasi-feltetelek\/\"}}]}<\/script>\n<meta property=\"product:brand\" content=\"Electrolux\" \/>\n<meta property=\"product:price:amount\" content=\"265905\" \/>\n<meta property=\"product:price:currency\" content=\"HUF\" \/>\n<meta property=\"og:availability\" content=\"instock\" \/>\n<meta property=\"product:availability\" content=\"instock\" \/>\n<meta property=\"product:retailer_item_id\" content=\"949284400\" \/>\n<meta property=\"product:condition\" content=\"new\" \/>\n<!-- \/ Yoast SEO Premium plugin. -->","yoast_head_json":{"title":"Electrolux LOC8H39WZ MealAssist\/SteamCrisp 700 g\u0151zs\u00fct\u0151 aqua clean tiszt\u00edt\u00e1ssal fekete - Pr\u00e9miumK\u00e9sz\u00fcl\u00e9k","description":"Fedezze fel az Electrolux LOC8H39WZ MealAssist\/SteamCrisp g\u0151zs\u00fct\u0151 sokoldal\u00fa funkci\u00f3it! \u00c9lvezze a prec\u00edz f\u0151z\u00e9si eredm\u00e9nyeket minden \u00e9tkez\u00e9sn\u00e9l!","robots":{"index":"index","follow":"follow","max-snippet":"max-snippet:-1","max-image-preview":"max-image-preview:large","max-video-preview":"max-video-preview:-1"},"canonical":"https:\/\/premiumkeszulek.hu\/hu\/termek\/electrolux-loc8h39wz-mealassist-steamcrisp-700-gozsuto-aqua-clean-tisztitassal-fekete\/","og_locale":"hu_HU","og_type":"article","og_title":"Electrolux LOC8H39WZ MealAssist\/SteamCrisp 700 g\u0151zs\u00fct\u0151 aqua clean tiszt\u00edt\u00e1ssal fekete","og_description":"Fedezze fel az Electrolux LOC8H39WZ MealAssist\/SteamCrisp g\u0151zs\u00fct\u0151 sokoldal\u00fa funkci\u00f3it! \u00c9lvezze a prec\u00edz f\u0151z\u00e9si eredm\u00e9nyeket minden \u00e9tkez\u00e9sn\u00e9l!","og_url":"https:\/\/premiumkeszulek.hu\/hu\/termek\/electrolux-loc8h39wz-mealassist-steamcrisp-700-gozsuto-aqua-clean-tisztitassal-fekete\/","og_site_name":"Pr\u00e9miumK\u00e9sz\u00fcl\u00e9k","article_publisher":"https:\/\/www.facebook.com\/konyhaluxnet","article_modified_time":"2026-04-02T16:38:11+00:00","og_image":[{"width":800,"height":800,"url":"https:\/\/i0.wp.com\/premiumkeszulek.hu\/wp-content\/uploads\/2025\/05\/LOC8H39WZ-111.png?fit=800%2C800&ssl=1","type":"image\/png"}],"twitter_card":"summary_large_image","twitter_misc":{"\u00c1r":"265.905&#70;&#116;","El\u00e9rhet\u0151s\u00e9g":"K\u00e9szleten"},"schema":{"@context":"https:\/\/schema.org","@graph":[{"@type":"WebPage","@id":"https:\/\/premiumkeszulek.hu\/hu\/termek\/electrolux-loc8h39wz-mealassist-steamcrisp-700-gozsuto-aqua-clean-tisztitassal-fekete\/","url":"https:\/\/premiumkeszulek.hu\/hu\/termek\/electrolux-loc8h39wz-mealassist-steamcrisp-700-gozsuto-aqua-clean-tisztitassal-fekete\/","name":"Electrolux LOC8H39WZ MealAssist\/SteamCrisp 700 g\u0151zs\u00fct\u0151 aqua clean tiszt\u00edt\u00e1ssal fekete - Pr\u00e9miumK\u00e9sz\u00fcl\u00e9k","isPartOf":{"@id":"http:\/\/premiumkeszulek.hu\/hu\/#website"},"primaryImageOfPage":{"@id":"https:\/\/premiumkeszulek.hu\/hu\/termek\/electrolux-loc8h39wz-mealassist-steamcrisp-700-gozsuto-aqua-clean-tisztitassal-fekete\/#primaryimage"},"image":{"@id":"https:\/\/premiumkeszulek.hu\/hu\/termek\/electrolux-loc8h39wz-mealassist-steamcrisp-700-gozsuto-aqua-clean-tisztitassal-fekete\/#primaryimage"},"thumbnailUrl":"https:\/\/i0.wp.com\/premiumkeszulek.hu\/wp-content\/uploads\/2025\/05\/LOC8H39WZ-111.png?fit=800%2C800&ssl=1","datePublished":"2025-05-18T10:44:13+00:00","dateModified":"2026-04-02T16:38:11+00:00","description":"Fedezze fel az Electrolux LOC8H39WZ MealAssist\/SteamCrisp g\u0151zs\u00fct\u0151 sokoldal\u00fa funkci\u00f3it! \u00c9lvezze a prec\u00edz f\u0151z\u00e9si eredm\u00e9nyeket minden \u00e9tkez\u00e9sn\u00e9l!","breadcrumb":{"@id":"https:\/\/premiumkeszulek.hu\/hu\/termek\/electrolux-loc8h39wz-mealassist-steamcrisp-700-gozsuto-aqua-clean-tisztitassal-fekete\/#breadcrumb"},"inLanguage":"hu","potentialAction":[{"@type":"ReadAction","target":["https:\/\/premiumkeszulek.hu\/hu\/termek\/electrolux-loc8h39wz-mealassist-steamcrisp-700-gozsuto-aqua-clean-tisztitassal-fekete\/"]}]},{"@type":"ImageObject","inLanguage":"hu","@id":"https:\/\/premiumkeszulek.hu\/hu\/termek\/electrolux-loc8h39wz-mealassist-steamcrisp-700-gozsuto-aqua-clean-tisztitassal-fekete\/#primaryimage","url":"https:\/\/i0.wp.com\/premiumkeszulek.hu\/wp-content\/uploads\/2025\/05\/LOC8H39WZ-111.png?fit=800%2C800&ssl=1","contentUrl":"https:\/\/i0.wp.com\/premiumkeszulek.hu\/wp-content\/uploads\/2025\/05\/LOC8H39WZ-111.png?fit=800%2C800&ssl=1","width":800,"height":800},{"@type":"BreadcrumbList","@id":"https:\/\/premiumkeszulek.hu\/hu\/termek\/electrolux-loc8h39wz-mealassist-steamcrisp-700-gozsuto-aqua-clean-tisztitassal-fekete\/#breadcrumb","itemListElement":[{"@type":"ListItem","position":1,"name":"Home","item":"https:\/\/premiumkeszulek.hu\/hu\/"},{"@type":"ListItem","position":2,"name":"Shop","item":"https:\/\/premiumkeszulek.hu\/hu\/shop\/"},{"@type":"ListItem","position":3,"name":"Electrolux LOC8H39WZ MealAssist\/SteamCrisp 700 g\u0151zs\u00fct\u0151 aqua clean tiszt\u00edt\u00e1ssal fekete"}]},{"@type":"WebSite","@id":"http:\/\/premiumkeszulek.hu\/hu\/#website","url":"http:\/\/premiumkeszulek.hu\/hu\/","name":"Pr\u00e9miumK\u00e9sz\u00fcl\u00e9k","description":"","publisher":{"@id":"http:\/\/premiumkeszulek.hu\/hu\/#organization"},"potentialAction":[{"@type":"SearchAction","target":{"@type":"EntryPoint","urlTemplate":"http:\/\/premiumkeszulek.hu\/hu\/?s={search_term_string}"},"query-input":{"@type":"PropertyValueSpecification","valueRequired":true,"valueName":"search_term_string"}}],"inLanguage":"hu"},{"@type":"Organization","@id":"http:\/\/premiumkeszulek.hu\/hu\/#organization","name":"Pr\u00e9miumK\u00e9sz\u00fcl\u00e9k","alternateName":"HPH Special Kft","url":"http:\/\/premiumkeszulek.hu\/hu\/","logo":{"@type":"ImageObject","inLanguage":"hu","@id":"http:\/\/premiumkeszulek.hu\/hu\/#\/schema\/logo\/image\/","url":"http:\/\/premiumkeszulek.hu\/wp-content\/uploads\/2025\/03\/TURKIZLOGO-kicsi.png","contentUrl":"http:\/\/premiumkeszulek.hu\/wp-content\/uploads\/2025\/03\/TURKIZLOGO-kicsi.png","width":1600,"height":547,"caption":"Pr\u00e9miumK\u00e9sz\u00fcl\u00e9k"},"image":{"@id":"http:\/\/premiumkeszulek.hu\/hu\/#\/schema\/logo\/image\/"},"sameAs":["https:\/\/www.facebook.com\/konyhaluxnet","https:\/\/www.instagram.com\/konyhaluxnet\/#"],"email":"info@premiumkeszulek.hu","telephone":"36 1 \/ 226-1992","legalName":"HPH Special Kft","vatID":"HU12549502","taxID":"12549502","hasMerchantReturnPolicy":{"@type":"MerchantReturnPolicy","merchantReturnLink":"https:\/\/premiumkeszulek.hu\/hu\/altalanos-szerzodesi-es-felhasznalasi-feltetelek\/"}}]},"product_brand":"Electrolux","product_price_amount":"265905","product_price_currency":"HUF","og_availability":"instock","product_availability":"instock","product_retailer_item_id":"949284400","product_condition":"new"},"jetpack_publicize_connections":[],"jetpack_likes_enabled":true,"jetpack_sharing_enabled":true,"jetpack-related-posts":[],"_links":{"self":[{"href":"https:\/\/premiumkeszulek.hu\/hu\/wp-json\/wp\/v2\/product\/16605","targetHints":{"allow":["GET"]}}],"collection":[{"href":"https:\/\/premiumkeszulek.hu\/hu\/wp-json\/wp\/v2\/product"}],"about":[{"href":"https:\/\/premiumkeszulek.hu\/hu\/wp-json\/wp\/v2\/types\/product"}],"replies":[{"embeddable":true,"href":"https:\/\/premiumkeszulek.hu\/hu\/wp-json\/wp\/v2\/comments?post=16605"}],"wp:featuredmedia":[{"embeddable":true,"href":"https:\/\/premiumkeszulek.hu\/hu\/wp-json\/wp\/v2\/media\/16604"}],"wp:attachment":[{"href":"https:\/\/premiumkeszulek.hu\/hu\/wp-json\/wp\/v2\/media?parent=16605"}],"wp:term":[{"taxonomy":"product_brand","embeddable":true,"href":"https:\/\/premiumkeszulek.hu\/hu\/wp-json\/wp\/v2\/product_brand?post=16605"},{"taxonomy":"product_cat","embeddable":true,"href":"https:\/\/premiumkeszulek.hu\/hu\/wp-json\/wp\/v2\/product_cat?post=16605"},{"taxonomy":"product_tag","embeddable":true,"href":"https:\/\/premiumkeszulek.hu\/hu\/wp-json\/wp\/v2\/product_tag?post=16605"},{"taxonomy":"woo-feed-brand","embeddable":true,"href":"https:\/\/premiumkeszulek.hu\/hu\/wp-json\/wp\/v2\/woo-feed-brand?post=16605"}],"curies":[{"name":"wp","href":"https:\/\/api.w.org\/{rel}","templated":true}]}}