{"id":16593,"date":"2025-05-18T12:43:53","date_gmt":"2025-05-18T10:43:53","guid":{"rendered":"https:\/\/premiumkeszulek.hu\/termek\/electrolux-loe8h39z-mealassist-700-suto-aqua-clean-tisztitassal-fekete\/"},"modified":"2026-04-02T18:38:11","modified_gmt":"2026-04-02T16:38:11","slug":"electrolux-loe8h39z-mealassist-700-suto-aqua-clean-tisztitassal-fekete","status":"publish","type":"product","link":"https:\/\/premiumkeszulek.hu\/hu\/termek\/electrolux-loe8h39z-mealassist-700-suto-aqua-clean-tisztitassal-fekete\/","title":{"rendered":"Electrolux LOE8H39Z MealAssist 700 s\u00fct\u0151 aqua clean tiszt\u00edt\u00e1ssal fekete"},"content":{"rendered":"<p>V\u00e1rhat\u00f3 be\u00e9rkez\u00e9se 2025 m\u00e1jus v\u00e9ge - j\u00fanius eleje <\/p>\n<p>Elektronika funkci\u00f3i: 160 recept \/auto programok, 3 kedvenc funkci\u00f3, 31 nyelv, hangjelz\u00e9s, auto kikapcsol\u00e1s (csak s\u00fct\u0151), \u00e1ll\u00edthat\u00f3 jelz\u0151hang, katal\u00edtikus tiszt\u00edt\u00e1s, s\u00fct\u00e9si eredm\u00e9ny ellen\u0151rz\u00e9se, tiszt\u00edt\u00e1s figyelmeztet\u0151, \u00f3ra st\u00edlusa be\u00e1ll\u00edthat\u00f3, programozott s\u00fct\u00e9s, programozott s\u00fct\u00e9s, demo m\u00f3d, elektronikus h\u0151m\u00e9rs\u00e9klet szab\u00e1lyoz\u00f3, elektronikus ajt\u00f3z\u00e1r, v\u00e1laszthat\u00f3 gyors felf\u0171t\u00e9s, melegentart\u00e1s (65 fokig), billenty\u0171hang, nyelvv\u00e1laszt\u00e1s, f\u0151kapcsol\u00f3, 3 napos mem\u00f3ria, percsz\u00e1ml\u00e1l\u00f3, s\u00fct\u0151vil\u00e1g\u00edt\u00e1s, val\u00f3s h\u0151m\u00e9rs\u00e9klet kijelz\u00e9s, marad\u00e9kh\u0151 kijelz\u00e9s (\u00b0C), marad\u00e9kh\u0151 felhaszn\u00e1l\u00e1s, szervizk\u00f3d, kikapcsolhat\u00f3 \u00f3ra (napi id\u0151), h\u0151m\u00e9rs\u00e9klet aj\u00e1nl\u00e1s, \u00f3ra<\/p>\n<p>au gratin barn\u00edt\u00e1s, keny\u00e9rs\u00fct\u00e9s, hagyom\u00e1nyos s\u00fct\u00e9s, kiolvaszt\u00e1s, keleszt\u00e9s, aszal\u00e1s, fagyasztott \u00e9tel, grill, melegentart\u00e1s, pizza, t\u00e1ny\u00e9rmeleg\u00edt\u00e9s, bef\u0151z\u00e9s, lass\u00fa s\u00fct\u00e9s, h\u0151l\u00e9gkever\u00e9s, turb\u00f3 grill\u00a0<\/p>","protected":false},"excerpt":{"rendered":"<p>S\u00fct\u00e9si Funkci\u00f3k: als\u00f3 s\u00fct\u00e9s, ventil\u00e1tor + vil\u00e1g\u00edt\u00e1s, grill, grill + als\u00f3 s\u00fct\u00e9s, grill + als\u00f3 s\u00fct\u00e9s + l\u00e9gkever\u00e9s , h\u0151l\u00e9gbef\u00fav\u00e1s, h\u0151l\u00e9gbef\u00fav\u00e1s + als\u00f3 s\u00fct\u00e9s, h\u0151l\u00e9gbef\u00fav\u00e1s<\/p>","protected":false},"featured_media":16592,"comment_status":"closed","ping_status":"closed","template":"","meta":{"_crdt_document":"","content-type":"","jetpack_post_was_ever_published":false,"jetpack_publicize_message":"","jetpack_publicize_feature_enabled":true,"jetpack_social_post_already_shared":true,"jetpack_social_options":{"image_generator_settings":{"template":"highway","default_image_id":0,"font":"","enabled":false},"version":2},"_wpas_customize_per_network":false},"product_brand":[7625],"product_cat":[1389,1527],"product_tag":[],"woo-feed-brand":[],"class_list":{"0":"post-16593","1":"product","2":"type-product","3":"status-publish","4":"has-post-thumbnail","6":"product_brand-electrolux","7":"product_cat-beepithetosutok","8":"product_cat-sutok-es-fozolapok","9":"product_shipping_class-100000felett","11":"first","12":"instock","13":"sale","14":"taxable","15":"shipping-taxable","16":"purchasable","17":"product-type-simple"},"yoast_head":"<!-- This site is optimized with the Yoast SEO Premium plugin v26.9 (Yoast SEO v26.9) - https:\/\/yoast.com\/product\/yoast-seo-premium-wordpress\/ -->\n<title>Electrolux LOE8H39Z MealAssist 700 s\u00fct\u0151 aqua clean tiszt\u00edt\u00e1ssal fekete - Pr\u00e9miumK\u00e9sz\u00fcl\u00e9k<\/title>\n<meta name=\"description\" content=\"Fedezd fel az Electrolux LOE8H39Z MealAssist s\u00fct\u0151 k\u00fcl\u00f6nleges funkci\u00f3it! 160 recept \u00e9s automatikus programok v\u00e1rnak r\u00e1d, ne hagyd ki! \ud83d\udd25\" \/>\n<meta name=\"robots\" content=\"index, follow, max-snippet:-1, max-image-preview:large, max-video-preview:-1\" \/>\n<link rel=\"canonical\" href=\"https:\/\/premiumkeszulek.hu\/hu\/termek\/electrolux-loe8h39z-mealassist-700-suto-aqua-clean-tisztitassal-fekete\/\" \/>\n<meta property=\"og:locale\" content=\"hu_HU\" \/>\n<meta property=\"og:type\" content=\"article\" \/>\n<meta property=\"og:title\" content=\"Electrolux LOE8H39Z MealAssist 700 s\u00fct\u0151 aqua clean tiszt\u00edt\u00e1ssal fekete\" \/>\n<meta property=\"og:description\" content=\"Fedezd fel az Electrolux LOE8H39Z MealAssist s\u00fct\u0151 k\u00fcl\u00f6nleges funkci\u00f3it! 160 recept \u00e9s automatikus programok v\u00e1rnak r\u00e1d, ne hagyd ki! \ud83d\udd25\" \/>\n<meta property=\"og:url\" content=\"https:\/\/premiumkeszulek.hu\/hu\/termek\/electrolux-loe8h39z-mealassist-700-suto-aqua-clean-tisztitassal-fekete\/\" \/>\n<meta property=\"og:site_name\" content=\"Pr\u00e9miumK\u00e9sz\u00fcl\u00e9k\" \/>\n<meta property=\"article:publisher\" content=\"https:\/\/www.facebook.com\/konyhaluxnet\" \/>\n<meta property=\"article:modified_time\" content=\"2026-04-02T16:38:11+00:00\" \/>\n<meta property=\"og:image\" content=\"https:\/\/i0.wp.com\/premiumkeszulek.hu\/wp-content\/uploads\/2025\/05\/LOE8H39Z-111.png?fit=800%2C800&ssl=1\" \/>\n\t<meta property=\"og:image:width\" content=\"800\" \/>\n\t<meta property=\"og:image:height\" content=\"800\" \/>\n\t<meta property=\"og:image:type\" content=\"image\/png\" \/>\n<meta name=\"twitter:card\" content=\"summary_large_image\" \/>\n<meta name=\"twitter:label1\" content=\"\u00c1r\" \/>\n\t<meta name=\"twitter:data1\" content=\"180.404&#070;&#116;\" \/>\n\t<meta name=\"twitter:label2\" content=\"El\u00e9rhet\u0151s\u00e9g\" \/>\n\t<meta name=\"twitter:data2\" content=\"K\u00e9szleten\" \/>\n<script type=\"application\/ld+json\" class=\"yoast-schema-graph\">{\"@context\":\"https:\/\/schema.org\",\"@graph\":[{\"@type\":\"WebPage\",\"@id\":\"https:\/\/premiumkeszulek.hu\/hu\/termek\/electrolux-loe8h39z-mealassist-700-suto-aqua-clean-tisztitassal-fekete\/\",\"url\":\"https:\/\/premiumkeszulek.hu\/hu\/termek\/electrolux-loe8h39z-mealassist-700-suto-aqua-clean-tisztitassal-fekete\/\",\"name\":\"Electrolux LOE8H39Z MealAssist 700 s\u00fct\u0151 aqua clean tiszt\u00edt\u00e1ssal fekete - Pr\u00e9miumK\u00e9sz\u00fcl\u00e9k\",\"isPartOf\":{\"@id\":\"http:\/\/premiumkeszulek.hu\/hu\/#website\"},\"primaryImageOfPage\":{\"@id\":\"https:\/\/premiumkeszulek.hu\/hu\/termek\/electrolux-loe8h39z-mealassist-700-suto-aqua-clean-tisztitassal-fekete\/#primaryimage\"},\"image\":{\"@id\":\"https:\/\/premiumkeszulek.hu\/hu\/termek\/electrolux-loe8h39z-mealassist-700-suto-aqua-clean-tisztitassal-fekete\/#primaryimage\"},\"thumbnailUrl\":\"https:\/\/i0.wp.com\/premiumkeszulek.hu\/wp-content\/uploads\/2025\/05\/LOE8H39Z-111.png?fit=800%2C800&ssl=1\",\"datePublished\":\"2025-05-18T10:43:53+00:00\",\"dateModified\":\"2026-04-02T16:38:11+00:00\",\"description\":\"Fedezd fel az Electrolux LOE8H39Z MealAssist s\u00fct\u0151 k\u00fcl\u00f6nleges funkci\u00f3it! 160 recept \u00e9s automatikus programok v\u00e1rnak r\u00e1d, ne hagyd ki! \ud83d\udd25\",\"breadcrumb\":{\"@id\":\"https:\/\/premiumkeszulek.hu\/hu\/termek\/electrolux-loe8h39z-mealassist-700-suto-aqua-clean-tisztitassal-fekete\/#breadcrumb\"},\"inLanguage\":\"hu\",\"potentialAction\":[{\"@type\":\"ReadAction\",\"target\":[\"https:\/\/premiumkeszulek.hu\/hu\/termek\/electrolux-loe8h39z-mealassist-700-suto-aqua-clean-tisztitassal-fekete\/\"]}]},{\"@type\":\"ImageObject\",\"inLanguage\":\"hu\",\"@id\":\"https:\/\/premiumkeszulek.hu\/hu\/termek\/electrolux-loe8h39z-mealassist-700-suto-aqua-clean-tisztitassal-fekete\/#primaryimage\",\"url\":\"https:\/\/i0.wp.com\/premiumkeszulek.hu\/wp-content\/uploads\/2025\/05\/LOE8H39Z-111.png?fit=800%2C800&ssl=1\",\"contentUrl\":\"https:\/\/i0.wp.com\/premiumkeszulek.hu\/wp-content\/uploads\/2025\/05\/LOE8H39Z-111.png?fit=800%2C800&ssl=1\",\"width\":800,\"height\":800},{\"@type\":\"BreadcrumbList\",\"@id\":\"https:\/\/premiumkeszulek.hu\/hu\/termek\/electrolux-loe8h39z-mealassist-700-suto-aqua-clean-tisztitassal-fekete\/#breadcrumb\",\"itemListElement\":[{\"@type\":\"ListItem\",\"position\":1,\"name\":\"Home\",\"item\":\"https:\/\/premiumkeszulek.hu\/hu\/\"},{\"@type\":\"ListItem\",\"position\":2,\"name\":\"Shop\",\"item\":\"https:\/\/premiumkeszulek.hu\/hu\/shop\/\"},{\"@type\":\"ListItem\",\"position\":3,\"name\":\"Electrolux LOE8H39Z MealAssist 700 s\u00fct\u0151 aqua clean tiszt\u00edt\u00e1ssal fekete\"}]},{\"@type\":\"WebSite\",\"@id\":\"http:\/\/premiumkeszulek.hu\/hu\/#website\",\"url\":\"http:\/\/premiumkeszulek.hu\/hu\/\",\"name\":\"Pr\u00e9miumK\u00e9sz\u00fcl\u00e9k\",\"description\":\"\",\"publisher\":{\"@id\":\"http:\/\/premiumkeszulek.hu\/hu\/#organization\"},\"potentialAction\":[{\"@type\":\"SearchAction\",\"target\":{\"@type\":\"EntryPoint\",\"urlTemplate\":\"http:\/\/premiumkeszulek.hu\/hu\/?s={search_term_string}\"},\"query-input\":{\"@type\":\"PropertyValueSpecification\",\"valueRequired\":true,\"valueName\":\"search_term_string\"}}],\"inLanguage\":\"hu\"},{\"@type\":\"Organization\",\"@id\":\"http:\/\/premiumkeszulek.hu\/hu\/#organization\",\"name\":\"Pr\u00e9miumK\u00e9sz\u00fcl\u00e9k\",\"alternateName\":\"HPH Special Kft\",\"url\":\"http:\/\/premiumkeszulek.hu\/hu\/\",\"logo\":{\"@type\":\"ImageObject\",\"inLanguage\":\"hu\",\"@id\":\"http:\/\/premiumkeszulek.hu\/hu\/#\/schema\/logo\/image\/\",\"url\":\"http:\/\/premiumkeszulek.hu\/wp-content\/uploads\/2025\/03\/TURKIZLOGO-kicsi.png\",\"contentUrl\":\"http:\/\/premiumkeszulek.hu\/wp-content\/uploads\/2025\/03\/TURKIZLOGO-kicsi.png\",\"width\":1600,\"height\":547,\"caption\":\"Pr\u00e9miumK\u00e9sz\u00fcl\u00e9k\"},\"image\":{\"@id\":\"http:\/\/premiumkeszulek.hu\/hu\/#\/schema\/logo\/image\/\"},\"sameAs\":[\"https:\/\/www.facebook.com\/konyhaluxnet\",\"https:\/\/www.instagram.com\/konyhaluxnet\/#\"],\"email\":\"info@premiumkeszulek.hu\",\"telephone\":\"36 1 \/ 226-1992\",\"legalName\":\"HPH Special Kft\",\"vatID\":\"HU12549502\",\"taxID\":\"12549502\",\"hasMerchantReturnPolicy\":{\"@type\":\"MerchantReturnPolicy\",\"merchantReturnLink\":\"https:\/\/premiumkeszulek.hu\/hu\/altalanos-szerzodesi-es-felhasznalasi-feltetelek\/\"}}]}<\/script>\n<meta property=\"product:brand\" content=\"Electrolux\" \/>\n<meta property=\"product:price:amount\" content=\"180404\" \/>\n<meta property=\"product:price:currency\" content=\"HUF\" \/>\n<meta property=\"og:availability\" content=\"instock\" \/>\n<meta property=\"product:availability\" content=\"instock\" \/>\n<meta property=\"product:retailer_item_id\" content=\"949287401\" \/>\n<meta property=\"product:condition\" content=\"new\" \/>\n<!-- \/ Yoast SEO Premium plugin. -->","yoast_head_json":{"title":"Electrolux LOE8H39Z MealAssist 700 s\u00fct\u0151 aqua clean tiszt\u00edt\u00e1ssal fekete - Pr\u00e9miumK\u00e9sz\u00fcl\u00e9k","description":"Fedezd fel az Electrolux LOE8H39Z MealAssist s\u00fct\u0151 k\u00fcl\u00f6nleges funkci\u00f3it! 160 recept \u00e9s automatikus programok v\u00e1rnak r\u00e1d, ne hagyd ki! \ud83d\udd25","robots":{"index":"index","follow":"follow","max-snippet":"max-snippet:-1","max-image-preview":"max-image-preview:large","max-video-preview":"max-video-preview:-1"},"canonical":"https:\/\/premiumkeszulek.hu\/hu\/termek\/electrolux-loe8h39z-mealassist-700-suto-aqua-clean-tisztitassal-fekete\/","og_locale":"hu_HU","og_type":"article","og_title":"Electrolux LOE8H39Z MealAssist 700 s\u00fct\u0151 aqua clean tiszt\u00edt\u00e1ssal fekete","og_description":"Fedezd fel az Electrolux LOE8H39Z MealAssist s\u00fct\u0151 k\u00fcl\u00f6nleges funkci\u00f3it! 160 recept \u00e9s automatikus programok v\u00e1rnak r\u00e1d, ne hagyd ki! \ud83d\udd25","og_url":"https:\/\/premiumkeszulek.hu\/hu\/termek\/electrolux-loe8h39z-mealassist-700-suto-aqua-clean-tisztitassal-fekete\/","og_site_name":"Pr\u00e9miumK\u00e9sz\u00fcl\u00e9k","article_publisher":"https:\/\/www.facebook.com\/konyhaluxnet","article_modified_time":"2026-04-02T16:38:11+00:00","og_image":[{"width":800,"height":800,"url":"https:\/\/i0.wp.com\/premiumkeszulek.hu\/wp-content\/uploads\/2025\/05\/LOE8H39Z-111.png?fit=800%2C800&ssl=1","type":"image\/png"}],"twitter_card":"summary_large_image","twitter_misc":{"\u00c1r":"180.404&#70;&#116;","El\u00e9rhet\u0151s\u00e9g":"K\u00e9szleten"},"schema":{"@context":"https:\/\/schema.org","@graph":[{"@type":"WebPage","@id":"https:\/\/premiumkeszulek.hu\/hu\/termek\/electrolux-loe8h39z-mealassist-700-suto-aqua-clean-tisztitassal-fekete\/","url":"https:\/\/premiumkeszulek.hu\/hu\/termek\/electrolux-loe8h39z-mealassist-700-suto-aqua-clean-tisztitassal-fekete\/","name":"Electrolux LOE8H39Z MealAssist 700 s\u00fct\u0151 aqua clean tiszt\u00edt\u00e1ssal fekete - Pr\u00e9miumK\u00e9sz\u00fcl\u00e9k","isPartOf":{"@id":"http:\/\/premiumkeszulek.hu\/hu\/#website"},"primaryImageOfPage":{"@id":"https:\/\/premiumkeszulek.hu\/hu\/termek\/electrolux-loe8h39z-mealassist-700-suto-aqua-clean-tisztitassal-fekete\/#primaryimage"},"image":{"@id":"https:\/\/premiumkeszulek.hu\/hu\/termek\/electrolux-loe8h39z-mealassist-700-suto-aqua-clean-tisztitassal-fekete\/#primaryimage"},"thumbnailUrl":"https:\/\/i0.wp.com\/premiumkeszulek.hu\/wp-content\/uploads\/2025\/05\/LOE8H39Z-111.png?fit=800%2C800&ssl=1","datePublished":"2025-05-18T10:43:53+00:00","dateModified":"2026-04-02T16:38:11+00:00","description":"Fedezd fel az Electrolux LOE8H39Z MealAssist s\u00fct\u0151 k\u00fcl\u00f6nleges funkci\u00f3it! 160 recept \u00e9s automatikus programok v\u00e1rnak r\u00e1d, ne hagyd ki! \ud83d\udd25","breadcrumb":{"@id":"https:\/\/premiumkeszulek.hu\/hu\/termek\/electrolux-loe8h39z-mealassist-700-suto-aqua-clean-tisztitassal-fekete\/#breadcrumb"},"inLanguage":"hu","potentialAction":[{"@type":"ReadAction","target":["https:\/\/premiumkeszulek.hu\/hu\/termek\/electrolux-loe8h39z-mealassist-700-suto-aqua-clean-tisztitassal-fekete\/"]}]},{"@type":"ImageObject","inLanguage":"hu","@id":"https:\/\/premiumkeszulek.hu\/hu\/termek\/electrolux-loe8h39z-mealassist-700-suto-aqua-clean-tisztitassal-fekete\/#primaryimage","url":"https:\/\/i0.wp.com\/premiumkeszulek.hu\/wp-content\/uploads\/2025\/05\/LOE8H39Z-111.png?fit=800%2C800&ssl=1","contentUrl":"https:\/\/i0.wp.com\/premiumkeszulek.hu\/wp-content\/uploads\/2025\/05\/LOE8H39Z-111.png?fit=800%2C800&ssl=1","width":800,"height":800},{"@type":"BreadcrumbList","@id":"https:\/\/premiumkeszulek.hu\/hu\/termek\/electrolux-loe8h39z-mealassist-700-suto-aqua-clean-tisztitassal-fekete\/#breadcrumb","itemListElement":[{"@type":"ListItem","position":1,"name":"Home","item":"https:\/\/premiumkeszulek.hu\/hu\/"},{"@type":"ListItem","position":2,"name":"Shop","item":"https:\/\/premiumkeszulek.hu\/hu\/shop\/"},{"@type":"ListItem","position":3,"name":"Electrolux LOE8H39Z MealAssist 700 s\u00fct\u0151 aqua clean tiszt\u00edt\u00e1ssal fekete"}]},{"@type":"WebSite","@id":"http:\/\/premiumkeszulek.hu\/hu\/#website","url":"http:\/\/premiumkeszulek.hu\/hu\/","name":"Pr\u00e9miumK\u00e9sz\u00fcl\u00e9k","description":"","publisher":{"@id":"http:\/\/premiumkeszulek.hu\/hu\/#organization"},"potentialAction":[{"@type":"SearchAction","target":{"@type":"EntryPoint","urlTemplate":"http:\/\/premiumkeszulek.hu\/hu\/?s={search_term_string}"},"query-input":{"@type":"PropertyValueSpecification","valueRequired":true,"valueName":"search_term_string"}}],"inLanguage":"hu"},{"@type":"Organization","@id":"http:\/\/premiumkeszulek.hu\/hu\/#organization","name":"Pr\u00e9miumK\u00e9sz\u00fcl\u00e9k","alternateName":"HPH Special Kft","url":"http:\/\/premiumkeszulek.hu\/hu\/","logo":{"@type":"ImageObject","inLanguage":"hu","@id":"http:\/\/premiumkeszulek.hu\/hu\/#\/schema\/logo\/image\/","url":"http:\/\/premiumkeszulek.hu\/wp-content\/uploads\/2025\/03\/TURKIZLOGO-kicsi.png","contentUrl":"http:\/\/premiumkeszulek.hu\/wp-content\/uploads\/2025\/03\/TURKIZLOGO-kicsi.png","width":1600,"height":547,"caption":"Pr\u00e9miumK\u00e9sz\u00fcl\u00e9k"},"image":{"@id":"http:\/\/premiumkeszulek.hu\/hu\/#\/schema\/logo\/image\/"},"sameAs":["https:\/\/www.facebook.com\/konyhaluxnet","https:\/\/www.instagram.com\/konyhaluxnet\/#"],"email":"info@premiumkeszulek.hu","telephone":"36 1 \/ 226-1992","legalName":"HPH Special Kft","vatID":"HU12549502","taxID":"12549502","hasMerchantReturnPolicy":{"@type":"MerchantReturnPolicy","merchantReturnLink":"https:\/\/premiumkeszulek.hu\/hu\/altalanos-szerzodesi-es-felhasznalasi-feltetelek\/"}}]},"product_brand":"Electrolux","product_price_amount":"180404","product_price_currency":"HUF","og_availability":"instock","product_availability":"instock","product_retailer_item_id":"949287401","product_condition":"new"},"jetpack_publicize_connections":[],"jetpack_likes_enabled":true,"jetpack_sharing_enabled":true,"jetpack-related-posts":[],"_links":{"self":[{"href":"https:\/\/premiumkeszulek.hu\/hu\/wp-json\/wp\/v2\/product\/16593","targetHints":{"allow":["GET"]}}],"collection":[{"href":"https:\/\/premiumkeszulek.hu\/hu\/wp-json\/wp\/v2\/product"}],"about":[{"href":"https:\/\/premiumkeszulek.hu\/hu\/wp-json\/wp\/v2\/types\/product"}],"replies":[{"embeddable":true,"href":"https:\/\/premiumkeszulek.hu\/hu\/wp-json\/wp\/v2\/comments?post=16593"}],"wp:featuredmedia":[{"embeddable":true,"href":"https:\/\/premiumkeszulek.hu\/hu\/wp-json\/wp\/v2\/media\/16592"}],"wp:attachment":[{"href":"https:\/\/premiumkeszulek.hu\/hu\/wp-json\/wp\/v2\/media?parent=16593"}],"wp:term":[{"taxonomy":"product_brand","embeddable":true,"href":"https:\/\/premiumkeszulek.hu\/hu\/wp-json\/wp\/v2\/product_brand?post=16593"},{"taxonomy":"product_cat","embeddable":true,"href":"https:\/\/premiumkeszulek.hu\/hu\/wp-json\/wp\/v2\/product_cat?post=16593"},{"taxonomy":"product_tag","embeddable":true,"href":"https:\/\/premiumkeszulek.hu\/hu\/wp-json\/wp\/v2\/product_tag?post=16593"},{"taxonomy":"woo-feed-brand","embeddable":true,"href":"https:\/\/premiumkeszulek.hu\/hu\/wp-json\/wp\/v2\/woo-feed-brand?post=16593"}],"curies":[{"name":"wp","href":"https:\/\/api.w.org\/{rel}","templated":true}]}}