{"id":16342,"date":"2025-05-18T12:38:27","date_gmt":"2025-05-18T10:38:27","guid":{"rendered":"https:\/\/premiumkeszulek.hu\/termek\/electrolux-kobcs31x-steamboost-beepitheto-elektromos-gozsuto\/"},"modified":"2026-04-02T18:38:04","modified_gmt":"2026-04-02T16:38:04","slug":"electrolux-kobcs31x-steamboost-beepitheto-elektromos-gozsuto","status":"publish","type":"product","link":"https:\/\/premiumkeszulek.hu\/hu\/termek\/electrolux-kobcs31x-steamboost-beepitheto-elektromos-gozsuto\/","title":{"rendered":"Electrolux KOBCS31X SteamBoost be\u00e9p\u00edthet\u0151 elektromos g\u0151zs\u00fct\u0151"},"content":{"rendered":"<p>nagym\u00e9ret\u0171, 70 literes s\u00fct\u0151t\u00e9r<br \/>\n- elektronikus id\u0151z\u00edt\u00e9s, digit\u00e1lis \u00f3ra, percsz\u00e1ml\u00e1l\u00f3<br \/>\n- elektronikus \u00e9rint\u0151kapcsol\u00f3s vez\u00e9rl\u00e9s<br \/>\n- 3 s\u00fct\u00e9si szint<br \/>\n gyerekz\u00e1r, funkci\u00f3z\u00e1r, automatikus kikapcsol\u00e1s<br \/>\n- magyar nyelv\u0171 men\u00fcrendszer<br \/>\n- 160 be\u00e9p\u00edtett recept - automatikus s\u00fct\u0151programok<br \/>\n- s\u00fct\u0151programok s\u00falymegad\u00e1ssal<br \/>\n- kedvenc program mem\u00f3ria<br \/>\n- gyors felf\u0171t\u00e9s<br \/>\n- marad\u00e9kh\u0151-kijelz\u00e9s<br \/>\n- marad\u00e9kh\u0151 felhaszn\u00e1l\u00e1s<br \/>\n- l\u00e1gyan csuk\u00f3d\u00f3 ajt\u00f3 A SteamBoost g\u0151zs\u00fct\u0151ben h\u00e1rom k\u00fcl\u00f6nb\u00f6z\u0151<br \/>\ng\u0151zprogram tal\u00e1lhat\u00f3. Egy a s\u00fctem\u00e9nyekhez \u00e9s<br \/>\nt\u00e9szt\u00e1khoz, egy a h\u00fasok s\u00fct\u00e9s\u00e9hez \u00e9s pir\u00edt\u00e1s\u00e1hoz, \u00e9s<br \/>\negy 100% g\u0151zp\u00e1rol\u00e1s. Seg\u00edts\u00e9g\u00fckkel ropog\u00f3s h\u00e9j\u00fa<br \/>\nkenyeret, zamatos h\u00fasokat \u00e9s oml\u00f3s hal\u00e9teleket<br \/>\nMagh\u0151m\u00e9r\u0151 a mindig t\u00f6k\u00e9letesre s\u00fclt fog\u00e1sok\u00e9rt<br \/>\nA magh\u0151m\u00e9r\u0151nek k\u00f6sz\u00f6nhet\u0151en minden alkalommal<br \/>\nt\u00f6k\u00e9letes lesz az eredm\u00e9ny. Haszn\u00e1lat\u00e1val nyomon<br \/>\nk\u00f6vetheti az \u00e9tel bels\u0151 h\u0151m\u00e9rs\u00e9klet\u00e9t. Jelzi, amikor az<br \/>\n\u00e9tel bels\u0151 h\u0151foka el\u00e9rte a be\u00e1ll\u00edtott h\u0151m\u00e9rs\u00e9kletet, \u00e9s<br \/>\nki is kapcsolja a s\u00fct\u0151t. Az LCD kijelz\u0151n kiv\u00e1lasztott \u00e9telhez \u00e1ll\u00edtja a s\u00fct\u00e9s id\u0151tartam\u00e1t \u00e9s h\u0151fok\u00e1t.<br \/>\nA gyors felf\u0171t\u00e9s funkci\u00f3val j\u00f3val r\u00f6videbb id\u0151re lesz sz\u00fcks\u00e9ge a s\u00fct\u0151re<br \/>\nel\u0151meleg\u00edt\u00e9s\u00e9hez. <\/p>","protected":false},"excerpt":{"rendered":"<p>S\u00fct\u00e9si Funkci\u00f3k: Au gratin barn\u00edt\u00e1s,<br \/>\nals\u00f3 s\u00fct\u00e9s,<br \/>\nkeny\u00e9rs\u00fct\u00e9s,<br \/>\nhagyom\u00e1nyos s\u00fct\u00e9s,<br \/>\nkiolvaszt\u00e1s,<br \/>\nkeleszt\u00e9s,<br \/>\naszal\u00e1s,<br \/>\nf\u00e9lk\u00e9sz \u00e9tel,<br \/>\nVital g\u0151z,<br \/>\ngrill,<br \/>\nnedves s\u00fct\u00e9s,<br \/>\nsz\u00e1raz s\u00fct\u00e9s,<br \/>\nmelegen tart\u00e1s,<br \/>\nnedves h\u0151l\u00e9gbef\u00fav\u00e1s,<br \/>\npizza,<br \/>\nt\u00e1ny\u00e9rmeleg\u00edt\u00e9s,<br \/>\ntart\u00f3s\u00edt\u00e1s,<br \/>\nlass\u00fa s\u00fct\u00e9s,<br \/>\n\u00fajrameleg\u00edt\u00e9s g\u0151zzel,<br \/>\nh\u0151l\u00e9gkever\u00e9s,<br \/>\nturb\u00f3grill<\/p>","protected":false},"featured_media":16341,"comment_status":"closed","ping_status":"closed","template":"","meta":{"_crdt_document":"","content-type":"","jetpack_post_was_ever_published":false,"jetpack_publicize_message":"","jetpack_publicize_feature_enabled":true,"jetpack_social_post_already_shared":true,"jetpack_social_options":{"image_generator_settings":{"template":"highway","default_image_id":0,"font":"","enabled":false},"version":2},"_wpas_customize_per_network":false},"product_brand":[7625],"product_cat":[1389,1527],"product_tag":[],"woo-feed-brand":[],"class_list":{"0":"post-16342","1":"product","2":"type-product","3":"status-publish","4":"has-post-thumbnail","6":"product_brand-electrolux","7":"product_cat-beepithetosutok","8":"product_cat-sutok-es-fozolapok","9":"product_shipping_class-100000felett","11":"first","12":"instock","13":"sale","14":"taxable","15":"shipping-taxable","16":"purchasable","17":"product-type-simple"},"yoast_head":"<!-- This site is optimized with the Yoast SEO Premium plugin v26.9 (Yoast SEO v26.9) - https:\/\/yoast.com\/product\/yoast-seo-premium-wordpress\/ -->\n<title>Electrolux KOBCS31X SteamBoost be\u00e9p\u00edthet\u0151 elektromos g\u0151zs\u00fct\u0151 - Pr\u00e9miumK\u00e9sz\u00fcl\u00e9k<\/title>\n<meta name=\"description\" content=\"Az Electrolux KOBCS31X be\u00e9p\u00edthet\u0151 elektromos g\u0151zs\u00fct\u0151 70 literes s\u00fct\u0151t\u00e9rrel \u00e9s gyerekz\u00e1rral rendelkezik. \u00c9lvezze az \u00edzek t\u00f6k\u00e9letes\u00edt\u00e9s\u00e9t \u00e9s a biztons\u00e1got!\" \/>\n<meta name=\"robots\" content=\"index, follow, max-snippet:-1, max-image-preview:large, max-video-preview:-1\" \/>\n<link rel=\"canonical\" href=\"https:\/\/premiumkeszulek.hu\/hu\/termek\/electrolux-kobcs31x-steamboost-beepitheto-elektromos-gozsuto\/\" \/>\n<meta property=\"og:locale\" content=\"hu_HU\" \/>\n<meta property=\"og:type\" content=\"article\" \/>\n<meta property=\"og:title\" content=\"Electrolux KOBCS31X SteamBoost be\u00e9p\u00edthet\u0151 elektromos g\u0151zs\u00fct\u0151\" \/>\n<meta property=\"og:description\" content=\"Az Electrolux KOBCS31X be\u00e9p\u00edthet\u0151 elektromos g\u0151zs\u00fct\u0151 70 literes s\u00fct\u0151t\u00e9rrel \u00e9s gyerekz\u00e1rral rendelkezik. \u00c9lvezze az \u00edzek t\u00f6k\u00e9letes\u00edt\u00e9s\u00e9t \u00e9s a biztons\u00e1got!\" \/>\n<meta property=\"og:url\" content=\"https:\/\/premiumkeszulek.hu\/hu\/termek\/electrolux-kobcs31x-steamboost-beepitheto-elektromos-gozsuto\/\" \/>\n<meta property=\"og:site_name\" content=\"Pr\u00e9miumK\u00e9sz\u00fcl\u00e9k\" \/>\n<meta property=\"article:publisher\" content=\"https:\/\/www.facebook.com\/konyhaluxnet\" \/>\n<meta property=\"article:modified_time\" content=\"2026-04-02T16:38:04+00:00\" \/>\n<meta property=\"og:image\" content=\"https:\/\/i0.wp.com\/premiumkeszulek.hu\/wp-content\/uploads\/2025\/05\/KOBCS31X.jpg?fit=800%2C800&ssl=1\" \/>\n\t<meta property=\"og:image:width\" content=\"800\" \/>\n\t<meta property=\"og:image:height\" content=\"800\" \/>\n\t<meta property=\"og:image:type\" content=\"image\/jpeg\" \/>\n<meta name=\"twitter:card\" content=\"summary_large_image\" \/>\n<meta name=\"twitter:label1\" content=\"\u00c1r\" \/>\n\t<meta name=\"twitter:data1\" content=\"256.405&#070;&#116;\" \/>\n\t<meta name=\"twitter:label2\" content=\"El\u00e9rhet\u0151s\u00e9g\" \/>\n\t<meta name=\"twitter:data2\" content=\"K\u00e9szleten\" \/>\n<script type=\"application\/ld+json\" class=\"yoast-schema-graph\">{\"@context\":\"https:\/\/schema.org\",\"@graph\":[{\"@type\":\"WebPage\",\"@id\":\"https:\/\/premiumkeszulek.hu\/hu\/termek\/electrolux-kobcs31x-steamboost-beepitheto-elektromos-gozsuto\/\",\"url\":\"https:\/\/premiumkeszulek.hu\/hu\/termek\/electrolux-kobcs31x-steamboost-beepitheto-elektromos-gozsuto\/\",\"name\":\"Electrolux KOBCS31X SteamBoost be\u00e9p\u00edthet\u0151 elektromos g\u0151zs\u00fct\u0151 - Pr\u00e9miumK\u00e9sz\u00fcl\u00e9k\",\"isPartOf\":{\"@id\":\"https:\/\/premiumkeszulek.hu\/en\/#website\"},\"primaryImageOfPage\":{\"@id\":\"https:\/\/premiumkeszulek.hu\/hu\/termek\/electrolux-kobcs31x-steamboost-beepitheto-elektromos-gozsuto\/#primaryimage\"},\"image\":{\"@id\":\"https:\/\/premiumkeszulek.hu\/hu\/termek\/electrolux-kobcs31x-steamboost-beepitheto-elektromos-gozsuto\/#primaryimage\"},\"thumbnailUrl\":\"https:\/\/i0.wp.com\/premiumkeszulek.hu\/wp-content\/uploads\/2025\/05\/KOBCS31X.jpg?fit=800%2C800&ssl=1\",\"datePublished\":\"2025-05-18T10:38:27+00:00\",\"dateModified\":\"2026-04-02T16:38:04+00:00\",\"description\":\"Az Electrolux KOBCS31X be\u00e9p\u00edthet\u0151 elektromos g\u0151zs\u00fct\u0151 70 literes s\u00fct\u0151t\u00e9rrel \u00e9s gyerekz\u00e1rral rendelkezik. \u00c9lvezze az \u00edzek t\u00f6k\u00e9letes\u00edt\u00e9s\u00e9t \u00e9s a biztons\u00e1got!\",\"breadcrumb\":{\"@id\":\"https:\/\/premiumkeszulek.hu\/hu\/termek\/electrolux-kobcs31x-steamboost-beepitheto-elektromos-gozsuto\/#breadcrumb\"},\"inLanguage\":\"hu\",\"potentialAction\":[{\"@type\":\"ReadAction\",\"target\":[\"https:\/\/premiumkeszulek.hu\/hu\/termek\/electrolux-kobcs31x-steamboost-beepitheto-elektromos-gozsuto\/\"]}]},{\"@type\":\"ImageObject\",\"inLanguage\":\"hu\",\"@id\":\"https:\/\/premiumkeszulek.hu\/hu\/termek\/electrolux-kobcs31x-steamboost-beepitheto-elektromos-gozsuto\/#primaryimage\",\"url\":\"https:\/\/i0.wp.com\/premiumkeszulek.hu\/wp-content\/uploads\/2025\/05\/KOBCS31X.jpg?fit=800%2C800&ssl=1\",\"contentUrl\":\"https:\/\/i0.wp.com\/premiumkeszulek.hu\/wp-content\/uploads\/2025\/05\/KOBCS31X.jpg?fit=800%2C800&ssl=1\",\"width\":800,\"height\":800},{\"@type\":\"BreadcrumbList\",\"@id\":\"https:\/\/premiumkeszulek.hu\/hu\/termek\/electrolux-kobcs31x-steamboost-beepitheto-elektromos-gozsuto\/#breadcrumb\",\"itemListElement\":[{\"@type\":\"ListItem\",\"position\":1,\"name\":\"Home\",\"item\":\"https:\/\/premiumkeszulek.hu\/en\/\"},{\"@type\":\"ListItem\",\"position\":2,\"name\":\"Shop\",\"item\":\"https:\/\/premiumkeszulek.hu\/en\/shop\/\"},{\"@type\":\"ListItem\",\"position\":3,\"name\":\"Electrolux KOBCS31X SteamBoost be\u00e9p\u00edthet\u0151 elektromos g\u0151zs\u00fct\u0151\"}]},{\"@type\":\"WebSite\",\"@id\":\"https:\/\/premiumkeszulek.hu\/en\/#website\",\"url\":\"https:\/\/premiumkeszulek.hu\/en\/\",\"name\":\"Pr\u00e9miumK\u00e9sz\u00fcl\u00e9k\",\"description\":\"\",\"publisher\":{\"@id\":\"https:\/\/premiumkeszulek.hu\/en\/#organization\"},\"potentialAction\":[{\"@type\":\"SearchAction\",\"target\":{\"@type\":\"EntryPoint\",\"urlTemplate\":\"https:\/\/premiumkeszulek.hu\/en\/?s={search_term_string}\"},\"query-input\":{\"@type\":\"PropertyValueSpecification\",\"valueRequired\":true,\"valueName\":\"search_term_string\"}}],\"inLanguage\":\"hu\"},{\"@type\":\"Organization\",\"@id\":\"https:\/\/premiumkeszulek.hu\/en\/#organization\",\"name\":\"Pr\u00e9miumK\u00e9sz\u00fcl\u00e9k\",\"alternateName\":\"HPH Special Kft\",\"url\":\"https:\/\/premiumkeszulek.hu\/en\/\",\"logo\":{\"@type\":\"ImageObject\",\"inLanguage\":\"hu\",\"@id\":\"https:\/\/premiumkeszulek.hu\/en\/#\/schema\/logo\/image\/\",\"url\":\"http:\/\/premiumkeszulek.hu\/wp-content\/uploads\/2025\/03\/TURKIZLOGO-kicsi.png\",\"contentUrl\":\"http:\/\/premiumkeszulek.hu\/wp-content\/uploads\/2025\/03\/TURKIZLOGO-kicsi.png\",\"width\":1600,\"height\":547,\"caption\":\"Pr\u00e9miumK\u00e9sz\u00fcl\u00e9k\"},\"image\":{\"@id\":\"https:\/\/premiumkeszulek.hu\/en\/#\/schema\/logo\/image\/\"},\"sameAs\":[\"https:\/\/www.facebook.com\/konyhaluxnet\",\"https:\/\/www.instagram.com\/konyhaluxnet\/#\"],\"email\":\"info@premiumkeszulek.hu\",\"telephone\":\"36 1 \/ 226-1992\",\"legalName\":\"HPH Special Kft\",\"vatID\":\"HU12549502\",\"taxID\":\"12549502\",\"hasMerchantReturnPolicy\":{\"@type\":\"MerchantReturnPolicy\",\"merchantReturnLink\":\"https:\/\/premiumkeszulek.hu\/hu\/altalanos-szerzodesi-es-felhasznalasi-feltetelek\/\"}}]}<\/script>\n<meta property=\"product:brand\" content=\"Electrolux\" \/>\n<meta property=\"product:price:amount\" content=\"256405\" \/>\n<meta property=\"product:price:currency\" content=\"HUF\" \/>\n<meta property=\"og:availability\" content=\"instock\" \/>\n<meta property=\"product:availability\" content=\"instock\" \/>\n<meta property=\"product:retailer_item_id\" content=\"944184892\" \/>\n<meta property=\"product:condition\" content=\"new\" \/>\n<!-- \/ Yoast SEO Premium plugin. -->","yoast_head_json":{"title":"Electrolux KOBCS31X SteamBoost be\u00e9p\u00edthet\u0151 elektromos g\u0151zs\u00fct\u0151 - Pr\u00e9miumK\u00e9sz\u00fcl\u00e9k","description":"Az Electrolux KOBCS31X be\u00e9p\u00edthet\u0151 elektromos g\u0151zs\u00fct\u0151 70 literes s\u00fct\u0151t\u00e9rrel \u00e9s gyerekz\u00e1rral rendelkezik. \u00c9lvezze az \u00edzek t\u00f6k\u00e9letes\u00edt\u00e9s\u00e9t \u00e9s a biztons\u00e1got!","robots":{"index":"index","follow":"follow","max-snippet":"max-snippet:-1","max-image-preview":"max-image-preview:large","max-video-preview":"max-video-preview:-1"},"canonical":"https:\/\/premiumkeszulek.hu\/hu\/termek\/electrolux-kobcs31x-steamboost-beepitheto-elektromos-gozsuto\/","og_locale":"hu_HU","og_type":"article","og_title":"Electrolux KOBCS31X SteamBoost be\u00e9p\u00edthet\u0151 elektromos g\u0151zs\u00fct\u0151","og_description":"Az Electrolux KOBCS31X be\u00e9p\u00edthet\u0151 elektromos g\u0151zs\u00fct\u0151 70 literes s\u00fct\u0151t\u00e9rrel \u00e9s gyerekz\u00e1rral rendelkezik. \u00c9lvezze az \u00edzek t\u00f6k\u00e9letes\u00edt\u00e9s\u00e9t \u00e9s a biztons\u00e1got!","og_url":"https:\/\/premiumkeszulek.hu\/hu\/termek\/electrolux-kobcs31x-steamboost-beepitheto-elektromos-gozsuto\/","og_site_name":"Pr\u00e9miumK\u00e9sz\u00fcl\u00e9k","article_publisher":"https:\/\/www.facebook.com\/konyhaluxnet","article_modified_time":"2026-04-02T16:38:04+00:00","og_image":[{"width":800,"height":800,"url":"https:\/\/i0.wp.com\/premiumkeszulek.hu\/wp-content\/uploads\/2025\/05\/KOBCS31X.jpg?fit=800%2C800&ssl=1","type":"image\/jpeg"}],"twitter_card":"summary_large_image","twitter_misc":{"\u00c1r":"256.405&#70;&#116;","El\u00e9rhet\u0151s\u00e9g":"K\u00e9szleten"},"schema":{"@context":"https:\/\/schema.org","@graph":[{"@type":"WebPage","@id":"https:\/\/premiumkeszulek.hu\/hu\/termek\/electrolux-kobcs31x-steamboost-beepitheto-elektromos-gozsuto\/","url":"https:\/\/premiumkeszulek.hu\/hu\/termek\/electrolux-kobcs31x-steamboost-beepitheto-elektromos-gozsuto\/","name":"Electrolux KOBCS31X SteamBoost be\u00e9p\u00edthet\u0151 elektromos g\u0151zs\u00fct\u0151 - Pr\u00e9miumK\u00e9sz\u00fcl\u00e9k","isPartOf":{"@id":"https:\/\/premiumkeszulek.hu\/en\/#website"},"primaryImageOfPage":{"@id":"https:\/\/premiumkeszulek.hu\/hu\/termek\/electrolux-kobcs31x-steamboost-beepitheto-elektromos-gozsuto\/#primaryimage"},"image":{"@id":"https:\/\/premiumkeszulek.hu\/hu\/termek\/electrolux-kobcs31x-steamboost-beepitheto-elektromos-gozsuto\/#primaryimage"},"thumbnailUrl":"https:\/\/i0.wp.com\/premiumkeszulek.hu\/wp-content\/uploads\/2025\/05\/KOBCS31X.jpg?fit=800%2C800&ssl=1","datePublished":"2025-05-18T10:38:27+00:00","dateModified":"2026-04-02T16:38:04+00:00","description":"Az Electrolux KOBCS31X be\u00e9p\u00edthet\u0151 elektromos g\u0151zs\u00fct\u0151 70 literes s\u00fct\u0151t\u00e9rrel \u00e9s gyerekz\u00e1rral rendelkezik. \u00c9lvezze az \u00edzek t\u00f6k\u00e9letes\u00edt\u00e9s\u00e9t \u00e9s a biztons\u00e1got!","breadcrumb":{"@id":"https:\/\/premiumkeszulek.hu\/hu\/termek\/electrolux-kobcs31x-steamboost-beepitheto-elektromos-gozsuto\/#breadcrumb"},"inLanguage":"hu","potentialAction":[{"@type":"ReadAction","target":["https:\/\/premiumkeszulek.hu\/hu\/termek\/electrolux-kobcs31x-steamboost-beepitheto-elektromos-gozsuto\/"]}]},{"@type":"ImageObject","inLanguage":"hu","@id":"https:\/\/premiumkeszulek.hu\/hu\/termek\/electrolux-kobcs31x-steamboost-beepitheto-elektromos-gozsuto\/#primaryimage","url":"https:\/\/i0.wp.com\/premiumkeszulek.hu\/wp-content\/uploads\/2025\/05\/KOBCS31X.jpg?fit=800%2C800&ssl=1","contentUrl":"https:\/\/i0.wp.com\/premiumkeszulek.hu\/wp-content\/uploads\/2025\/05\/KOBCS31X.jpg?fit=800%2C800&ssl=1","width":800,"height":800},{"@type":"BreadcrumbList","@id":"https:\/\/premiumkeszulek.hu\/hu\/termek\/electrolux-kobcs31x-steamboost-beepitheto-elektromos-gozsuto\/#breadcrumb","itemListElement":[{"@type":"ListItem","position":1,"name":"Home","item":"https:\/\/premiumkeszulek.hu\/en\/"},{"@type":"ListItem","position":2,"name":"Shop","item":"https:\/\/premiumkeszulek.hu\/en\/shop\/"},{"@type":"ListItem","position":3,"name":"Electrolux KOBCS31X SteamBoost be\u00e9p\u00edthet\u0151 elektromos g\u0151zs\u00fct\u0151"}]},{"@type":"WebSite","@id":"https:\/\/premiumkeszulek.hu\/en\/#website","url":"https:\/\/premiumkeszulek.hu\/en\/","name":"Pr\u00e9miumK\u00e9sz\u00fcl\u00e9k","description":"","publisher":{"@id":"https:\/\/premiumkeszulek.hu\/en\/#organization"},"potentialAction":[{"@type":"SearchAction","target":{"@type":"EntryPoint","urlTemplate":"https:\/\/premiumkeszulek.hu\/en\/?s={search_term_string}"},"query-input":{"@type":"PropertyValueSpecification","valueRequired":true,"valueName":"search_term_string"}}],"inLanguage":"hu"},{"@type":"Organization","@id":"https:\/\/premiumkeszulek.hu\/en\/#organization","name":"Pr\u00e9miumK\u00e9sz\u00fcl\u00e9k","alternateName":"HPH Special Kft","url":"https:\/\/premiumkeszulek.hu\/en\/","logo":{"@type":"ImageObject","inLanguage":"hu","@id":"https:\/\/premiumkeszulek.hu\/en\/#\/schema\/logo\/image\/","url":"http:\/\/premiumkeszulek.hu\/wp-content\/uploads\/2025\/03\/TURKIZLOGO-kicsi.png","contentUrl":"http:\/\/premiumkeszulek.hu\/wp-content\/uploads\/2025\/03\/TURKIZLOGO-kicsi.png","width":1600,"height":547,"caption":"Pr\u00e9miumK\u00e9sz\u00fcl\u00e9k"},"image":{"@id":"https:\/\/premiumkeszulek.hu\/en\/#\/schema\/logo\/image\/"},"sameAs":["https:\/\/www.facebook.com\/konyhaluxnet","https:\/\/www.instagram.com\/konyhaluxnet\/#"],"email":"info@premiumkeszulek.hu","telephone":"36 1 \/ 226-1992","legalName":"HPH Special Kft","vatID":"HU12549502","taxID":"12549502","hasMerchantReturnPolicy":{"@type":"MerchantReturnPolicy","merchantReturnLink":"https:\/\/premiumkeszulek.hu\/hu\/altalanos-szerzodesi-es-felhasznalasi-feltetelek\/"}}]},"product_brand":"Electrolux","product_price_amount":"256405","product_price_currency":"HUF","og_availability":"instock","product_availability":"instock","product_retailer_item_id":"944184892","product_condition":"new"},"jetpack_publicize_connections":[],"jetpack_likes_enabled":true,"jetpack_sharing_enabled":true,"jetpack-related-posts":[],"_links":{"self":[{"href":"https:\/\/premiumkeszulek.hu\/hu\/wp-json\/wp\/v2\/product\/16342","targetHints":{"allow":["GET"]}}],"collection":[{"href":"https:\/\/premiumkeszulek.hu\/hu\/wp-json\/wp\/v2\/product"}],"about":[{"href":"https:\/\/premiumkeszulek.hu\/hu\/wp-json\/wp\/v2\/types\/product"}],"replies":[{"embeddable":true,"href":"https:\/\/premiumkeszulek.hu\/hu\/wp-json\/wp\/v2\/comments?post=16342"}],"wp:featuredmedia":[{"embeddable":true,"href":"https:\/\/premiumkeszulek.hu\/hu\/wp-json\/wp\/v2\/media\/16341"}],"wp:attachment":[{"href":"https:\/\/premiumkeszulek.hu\/hu\/wp-json\/wp\/v2\/media?parent=16342"}],"wp:term":[{"taxonomy":"product_brand","embeddable":true,"href":"https:\/\/premiumkeszulek.hu\/hu\/wp-json\/wp\/v2\/product_brand?post=16342"},{"taxonomy":"product_cat","embeddable":true,"href":"https:\/\/premiumkeszulek.hu\/hu\/wp-json\/wp\/v2\/product_cat?post=16342"},{"taxonomy":"product_tag","embeddable":true,"href":"https:\/\/premiumkeszulek.hu\/hu\/wp-json\/wp\/v2\/product_tag?post=16342"},{"taxonomy":"woo-feed-brand","embeddable":true,"href":"https:\/\/premiumkeszulek.hu\/hu\/wp-json\/wp\/v2\/woo-feed-brand?post=16342"}],"curies":[{"name":"wp","href":"https:\/\/api.w.org\/{rel}","templated":true}]}}