{"id":16169,"date":"2025-05-16T19:17:54","date_gmt":"2025-05-16T17:17:54","guid":{"rendered":"https:\/\/premiumkeszulek.hu\/termek\/electrolux-ew6f3494e-sensicare-eloltoltos-mosogepgozzel-9-kg\/"},"modified":"2026-04-02T18:37:58","modified_gmt":"2026-04-02T16:37:58","slug":"electrolux-ew6f3494e-sensicare-eloltoltos-mosogepgozzel-9-kg","status":"publish","type":"product","link":"https:\/\/premiumkeszulek.hu\/hu\/termek\/electrolux-ew6f3494e-sensicare-eloltoltos-mosogepgozzel-9-kg\/","title":{"rendered":"Electrolux EW6F3494E SensiCare El\u00f6lt\u00f6lt\u0151s mos\u00f3g\u00e9p,g\u0151zzel, 9 kg"},"content":{"rendered":"<p>- \u00d6koinverter motor<br \/>\n\t- Textilk\u00edm\u00e9l\u0151 Care dob<br \/>\n\t- Nagy LED kijelz\u0151<br \/>\n\t- Gyerekz\u00e1r<br \/>\n\t- V\u00edzel\u00e1raszt\u00e1s elleni v\u00e9delem nyom\u00e1skapcsol\u00f3val<br \/>\n\t- Woolmark min\u0151s\u00edt\u00e9s : Woolmark Blue + Min\u0151s\u00edtett Ariel\/Lenor<br \/>\n\t- Time Manager 4 l\u00e9p\u00e9sben<br \/>\n\t- Sensi Care rendszer: a program hossz\u00e1t a t\u00f6ltet mennyis\u00e9g\u00e9hez igaz\u00edtja<\/p>","protected":false},"excerpt":{"rendered":"<p>Programok: pamut, m\u0171sz\u00e1l, k\u00edm\u00e9l\u0151 mos\u00e1s, gyapj\u00fa, Rapid 20 Min,<br \/>\n\u00f6bl\u00edt\u00e9s, centrifuga\/szivatty\u00faz\u00e1s, farmerprogram, sportruha, selyem, takar\u00f3,<br \/>\nk\u00fclt\u00e9ri ruh\u00e1zat, Higi\u00e9nia, Eco 40-60<\/p>","protected":false},"featured_media":16168,"comment_status":"closed","ping_status":"closed","template":"","meta":{"_crdt_document":"","content-type":"","jetpack_post_was_ever_published":false,"jetpack_publicize_message":"","jetpack_publicize_feature_enabled":true,"jetpack_social_post_already_shared":true,"jetpack_social_options":{"image_generator_settings":{"template":"highway","default_image_id":0,"font":"","enabled":false},"version":2},"_wpas_customize_per_network":false},"product_brand":[7625],"product_cat":[1377,1378],"product_tag":[],"woo-feed-brand":[],"class_list":{"0":"post-16169","1":"product","2":"type-product","3":"status-publish","4":"has-post-thumbnail","6":"product_brand-electrolux","7":"product_cat-mososzaritogepek","8":"product_cat-mosogep","9":"product_shipping_class-100000felett","11":"first","12":"instock","13":"sale","14":"taxable","15":"shipping-taxable","16":"purchasable","17":"product-type-simple"},"yoast_head":"<!-- This site is optimized with the Yoast SEO Premium plugin v26.9 (Yoast SEO v26.9) - https:\/\/yoast.com\/product\/yoast-seo-premium-wordpress\/ -->\n<title>Electrolux EW6F3494E SensiCare El\u00f6lt\u00f6lt\u0151s mos\u00f3g\u00e9p,g\u0151zzel, 9 kg - Pr\u00e9miumK\u00e9sz\u00fcl\u00e9k<\/title>\n<meta name=\"description\" content=\"Az Electrolux EW6F3494E SensiCare el\u00f6lt\u00f6lt\u0151s mos\u00f3g\u00e9p \u00f6ko motorral \u00e9s nagy LED kijelz\u0151vel rendelkezik. \u00c9lvezze a z\u00f6kken\u0151mentes mos\u00e1st! \ud83c\udf1f\" \/>\n<meta name=\"robots\" content=\"index, follow, max-snippet:-1, max-image-preview:large, max-video-preview:-1\" \/>\n<link rel=\"canonical\" href=\"https:\/\/premiumkeszulek.hu\/hu\/termek\/electrolux-ew6f3494e-sensicare-eloltoltos-mosogepgozzel-9-kg\/\" \/>\n<meta property=\"og:locale\" content=\"hu_HU\" \/>\n<meta property=\"og:type\" content=\"article\" \/>\n<meta property=\"og:title\" content=\"Electrolux EW6F3494E SensiCare El\u00f6lt\u00f6lt\u0151s mos\u00f3g\u00e9p,g\u0151zzel, 9 kg\" \/>\n<meta property=\"og:description\" content=\"Az Electrolux EW6F3494E SensiCare el\u00f6lt\u00f6lt\u0151s mos\u00f3g\u00e9p \u00f6ko motorral \u00e9s nagy LED kijelz\u0151vel rendelkezik. \u00c9lvezze a z\u00f6kken\u0151mentes mos\u00e1st! \ud83c\udf1f\" \/>\n<meta property=\"og:url\" content=\"https:\/\/premiumkeszulek.hu\/hu\/termek\/electrolux-ew6f3494e-sensicare-eloltoltos-mosogepgozzel-9-kg\/\" \/>\n<meta property=\"og:site_name\" content=\"Pr\u00e9miumK\u00e9sz\u00fcl\u00e9k\" \/>\n<meta property=\"article:publisher\" content=\"https:\/\/www.facebook.com\/konyhaluxnet\" \/>\n<meta property=\"article:modified_time\" content=\"2026-04-02T16:37:58+00:00\" \/>\n<meta property=\"og:image\" content=\"https:\/\/i0.wp.com\/premiumkeszulek.hu\/wp-content\/uploads\/2025\/05\/EW6F3494E.png?fit=800%2C800&ssl=1\" \/>\n\t<meta property=\"og:image:width\" content=\"800\" \/>\n\t<meta property=\"og:image:height\" content=\"800\" \/>\n\t<meta property=\"og:image:type\" content=\"image\/png\" \/>\n<meta name=\"twitter:card\" content=\"summary_large_image\" \/>\n<meta name=\"twitter:label1\" content=\"\u00c1r\" \/>\n\t<meta name=\"twitter:data1\" content=\"226.945&#070;&#116;\" \/>\n\t<meta name=\"twitter:label2\" content=\"El\u00e9rhet\u0151s\u00e9g\" \/>\n\t<meta name=\"twitter:data2\" content=\"K\u00e9szleten\" \/>\n<script type=\"application\/ld+json\" class=\"yoast-schema-graph\">{\"@context\":\"https:\/\/schema.org\",\"@graph\":[{\"@type\":\"WebPage\",\"@id\":\"https:\/\/premiumkeszulek.hu\/hu\/termek\/electrolux-ew6f3494e-sensicare-eloltoltos-mosogepgozzel-9-kg\/\",\"url\":\"https:\/\/premiumkeszulek.hu\/hu\/termek\/electrolux-ew6f3494e-sensicare-eloltoltos-mosogepgozzel-9-kg\/\",\"name\":\"Electrolux EW6F3494E SensiCare El\u00f6lt\u00f6lt\u0151s mos\u00f3g\u00e9p,g\u0151zzel, 9 kg - Pr\u00e9miumK\u00e9sz\u00fcl\u00e9k\",\"isPartOf\":{\"@id\":\"https:\/\/premiumkeszulek.hu\/en\/#website\"},\"primaryImageOfPage\":{\"@id\":\"https:\/\/premiumkeszulek.hu\/hu\/termek\/electrolux-ew6f3494e-sensicare-eloltoltos-mosogepgozzel-9-kg\/#primaryimage\"},\"image\":{\"@id\":\"https:\/\/premiumkeszulek.hu\/hu\/termek\/electrolux-ew6f3494e-sensicare-eloltoltos-mosogepgozzel-9-kg\/#primaryimage\"},\"thumbnailUrl\":\"https:\/\/i0.wp.com\/premiumkeszulek.hu\/wp-content\/uploads\/2025\/05\/EW6F3494E.png?fit=800%2C800&ssl=1\",\"datePublished\":\"2025-05-16T17:17:54+00:00\",\"dateModified\":\"2026-04-02T16:37:58+00:00\",\"description\":\"Az Electrolux EW6F3494E SensiCare el\u00f6lt\u00f6lt\u0151s mos\u00f3g\u00e9p \u00f6ko motorral \u00e9s nagy LED kijelz\u0151vel rendelkezik. \u00c9lvezze a z\u00f6kken\u0151mentes mos\u00e1st! \ud83c\udf1f\",\"breadcrumb\":{\"@id\":\"https:\/\/premiumkeszulek.hu\/hu\/termek\/electrolux-ew6f3494e-sensicare-eloltoltos-mosogepgozzel-9-kg\/#breadcrumb\"},\"inLanguage\":\"hu\",\"potentialAction\":[{\"@type\":\"ReadAction\",\"target\":[\"https:\/\/premiumkeszulek.hu\/hu\/termek\/electrolux-ew6f3494e-sensicare-eloltoltos-mosogepgozzel-9-kg\/\"]}]},{\"@type\":\"ImageObject\",\"inLanguage\":\"hu\",\"@id\":\"https:\/\/premiumkeszulek.hu\/hu\/termek\/electrolux-ew6f3494e-sensicare-eloltoltos-mosogepgozzel-9-kg\/#primaryimage\",\"url\":\"https:\/\/i0.wp.com\/premiumkeszulek.hu\/wp-content\/uploads\/2025\/05\/EW6F3494E.png?fit=800%2C800&ssl=1\",\"contentUrl\":\"https:\/\/i0.wp.com\/premiumkeszulek.hu\/wp-content\/uploads\/2025\/05\/EW6F3494E.png?fit=800%2C800&ssl=1\",\"width\":800,\"height\":800},{\"@type\":\"BreadcrumbList\",\"@id\":\"https:\/\/premiumkeszulek.hu\/hu\/termek\/electrolux-ew6f3494e-sensicare-eloltoltos-mosogepgozzel-9-kg\/#breadcrumb\",\"itemListElement\":[{\"@type\":\"ListItem\",\"position\":1,\"name\":\"Home\",\"item\":\"https:\/\/premiumkeszulek.hu\/en\/\"},{\"@type\":\"ListItem\",\"position\":2,\"name\":\"Shop\",\"item\":\"https:\/\/premiumkeszulek.hu\/en\/shop\/\"},{\"@type\":\"ListItem\",\"position\":3,\"name\":\"Electrolux EW6F3494E SensiCare El\u00f6lt\u00f6lt\u0151s mos\u00f3g\u00e9p,g\u0151zzel, 9 kg\"}]},{\"@type\":\"WebSite\",\"@id\":\"https:\/\/premiumkeszulek.hu\/en\/#website\",\"url\":\"https:\/\/premiumkeszulek.hu\/en\/\",\"name\":\"Pr\u00e9miumK\u00e9sz\u00fcl\u00e9k\",\"description\":\"\",\"publisher\":{\"@id\":\"https:\/\/premiumkeszulek.hu\/en\/#organization\"},\"potentialAction\":[{\"@type\":\"SearchAction\",\"target\":{\"@type\":\"EntryPoint\",\"urlTemplate\":\"https:\/\/premiumkeszulek.hu\/en\/?s={search_term_string}\"},\"query-input\":{\"@type\":\"PropertyValueSpecification\",\"valueRequired\":true,\"valueName\":\"search_term_string\"}}],\"inLanguage\":\"hu\"},{\"@type\":\"Organization\",\"@id\":\"https:\/\/premiumkeszulek.hu\/en\/#organization\",\"name\":\"Pr\u00e9miumK\u00e9sz\u00fcl\u00e9k\",\"alternateName\":\"HPH Special Kft\",\"url\":\"https:\/\/premiumkeszulek.hu\/en\/\",\"logo\":{\"@type\":\"ImageObject\",\"inLanguage\":\"hu\",\"@id\":\"https:\/\/premiumkeszulek.hu\/en\/#\/schema\/logo\/image\/\",\"url\":\"http:\/\/premiumkeszulek.hu\/wp-content\/uploads\/2025\/03\/TURKIZLOGO-kicsi.png\",\"contentUrl\":\"http:\/\/premiumkeszulek.hu\/wp-content\/uploads\/2025\/03\/TURKIZLOGO-kicsi.png\",\"width\":1600,\"height\":547,\"caption\":\"Pr\u00e9miumK\u00e9sz\u00fcl\u00e9k\"},\"image\":{\"@id\":\"https:\/\/premiumkeszulek.hu\/en\/#\/schema\/logo\/image\/\"},\"sameAs\":[\"https:\/\/www.facebook.com\/konyhaluxnet\",\"https:\/\/www.instagram.com\/konyhaluxnet\/#\"],\"email\":\"info@premiumkeszulek.hu\",\"telephone\":\"36 1 \/ 226-1992\",\"legalName\":\"HPH Special Kft\",\"vatID\":\"HU12549502\",\"taxID\":\"12549502\",\"hasMerchantReturnPolicy\":{\"@type\":\"MerchantReturnPolicy\",\"merchantReturnLink\":\"https:\/\/premiumkeszulek.hu\/hu\/altalanos-szerzodesi-es-felhasznalasi-feltetelek\/\"}}]}<\/script>\n<meta property=\"product:brand\" content=\"Electrolux\" \/>\n<meta property=\"product:price:amount\" content=\"226945\" \/>\n<meta property=\"product:price:currency\" content=\"HUF\" \/>\n<meta property=\"og:availability\" content=\"instock\" \/>\n<meta property=\"product:availability\" content=\"instock\" \/>\n<meta property=\"product:retailer_item_id\" content=\"914932025\" \/>\n<meta property=\"product:condition\" content=\"new\" \/>\n<!-- \/ Yoast SEO Premium plugin. -->","yoast_head_json":{"title":"Electrolux EW6F3494E SensiCare El\u00f6lt\u00f6lt\u0151s mos\u00f3g\u00e9p,g\u0151zzel, 9 kg - Pr\u00e9miumK\u00e9sz\u00fcl\u00e9k","description":"Az Electrolux EW6F3494E SensiCare el\u00f6lt\u00f6lt\u0151s mos\u00f3g\u00e9p \u00f6ko motorral \u00e9s nagy LED kijelz\u0151vel rendelkezik. \u00c9lvezze a z\u00f6kken\u0151mentes mos\u00e1st! \ud83c\udf1f","robots":{"index":"index","follow":"follow","max-snippet":"max-snippet:-1","max-image-preview":"max-image-preview:large","max-video-preview":"max-video-preview:-1"},"canonical":"https:\/\/premiumkeszulek.hu\/hu\/termek\/electrolux-ew6f3494e-sensicare-eloltoltos-mosogepgozzel-9-kg\/","og_locale":"hu_HU","og_type":"article","og_title":"Electrolux EW6F3494E SensiCare El\u00f6lt\u00f6lt\u0151s mos\u00f3g\u00e9p,g\u0151zzel, 9 kg","og_description":"Az Electrolux EW6F3494E SensiCare el\u00f6lt\u00f6lt\u0151s mos\u00f3g\u00e9p \u00f6ko motorral \u00e9s nagy LED kijelz\u0151vel rendelkezik. \u00c9lvezze a z\u00f6kken\u0151mentes mos\u00e1st! \ud83c\udf1f","og_url":"https:\/\/premiumkeszulek.hu\/hu\/termek\/electrolux-ew6f3494e-sensicare-eloltoltos-mosogepgozzel-9-kg\/","og_site_name":"Pr\u00e9miumK\u00e9sz\u00fcl\u00e9k","article_publisher":"https:\/\/www.facebook.com\/konyhaluxnet","article_modified_time":"2026-04-02T16:37:58+00:00","og_image":[{"width":800,"height":800,"url":"https:\/\/i0.wp.com\/premiumkeszulek.hu\/wp-content\/uploads\/2025\/05\/EW6F3494E.png?fit=800%2C800&ssl=1","type":"image\/png"}],"twitter_card":"summary_large_image","twitter_misc":{"\u00c1r":"226.945&#70;&#116;","El\u00e9rhet\u0151s\u00e9g":"K\u00e9szleten"},"schema":{"@context":"https:\/\/schema.org","@graph":[{"@type":"WebPage","@id":"https:\/\/premiumkeszulek.hu\/hu\/termek\/electrolux-ew6f3494e-sensicare-eloltoltos-mosogepgozzel-9-kg\/","url":"https:\/\/premiumkeszulek.hu\/hu\/termek\/electrolux-ew6f3494e-sensicare-eloltoltos-mosogepgozzel-9-kg\/","name":"Electrolux EW6F3494E SensiCare El\u00f6lt\u00f6lt\u0151s mos\u00f3g\u00e9p,g\u0151zzel, 9 kg - Pr\u00e9miumK\u00e9sz\u00fcl\u00e9k","isPartOf":{"@id":"https:\/\/premiumkeszulek.hu\/en\/#website"},"primaryImageOfPage":{"@id":"https:\/\/premiumkeszulek.hu\/hu\/termek\/electrolux-ew6f3494e-sensicare-eloltoltos-mosogepgozzel-9-kg\/#primaryimage"},"image":{"@id":"https:\/\/premiumkeszulek.hu\/hu\/termek\/electrolux-ew6f3494e-sensicare-eloltoltos-mosogepgozzel-9-kg\/#primaryimage"},"thumbnailUrl":"https:\/\/i0.wp.com\/premiumkeszulek.hu\/wp-content\/uploads\/2025\/05\/EW6F3494E.png?fit=800%2C800&ssl=1","datePublished":"2025-05-16T17:17:54+00:00","dateModified":"2026-04-02T16:37:58+00:00","description":"Az Electrolux EW6F3494E SensiCare el\u00f6lt\u00f6lt\u0151s mos\u00f3g\u00e9p \u00f6ko motorral \u00e9s nagy LED kijelz\u0151vel rendelkezik. \u00c9lvezze a z\u00f6kken\u0151mentes mos\u00e1st! \ud83c\udf1f","breadcrumb":{"@id":"https:\/\/premiumkeszulek.hu\/hu\/termek\/electrolux-ew6f3494e-sensicare-eloltoltos-mosogepgozzel-9-kg\/#breadcrumb"},"inLanguage":"hu","potentialAction":[{"@type":"ReadAction","target":["https:\/\/premiumkeszulek.hu\/hu\/termek\/electrolux-ew6f3494e-sensicare-eloltoltos-mosogepgozzel-9-kg\/"]}]},{"@type":"ImageObject","inLanguage":"hu","@id":"https:\/\/premiumkeszulek.hu\/hu\/termek\/electrolux-ew6f3494e-sensicare-eloltoltos-mosogepgozzel-9-kg\/#primaryimage","url":"https:\/\/i0.wp.com\/premiumkeszulek.hu\/wp-content\/uploads\/2025\/05\/EW6F3494E.png?fit=800%2C800&ssl=1","contentUrl":"https:\/\/i0.wp.com\/premiumkeszulek.hu\/wp-content\/uploads\/2025\/05\/EW6F3494E.png?fit=800%2C800&ssl=1","width":800,"height":800},{"@type":"BreadcrumbList","@id":"https:\/\/premiumkeszulek.hu\/hu\/termek\/electrolux-ew6f3494e-sensicare-eloltoltos-mosogepgozzel-9-kg\/#breadcrumb","itemListElement":[{"@type":"ListItem","position":1,"name":"Home","item":"https:\/\/premiumkeszulek.hu\/en\/"},{"@type":"ListItem","position":2,"name":"Shop","item":"https:\/\/premiumkeszulek.hu\/en\/shop\/"},{"@type":"ListItem","position":3,"name":"Electrolux EW6F3494E SensiCare El\u00f6lt\u00f6lt\u0151s mos\u00f3g\u00e9p,g\u0151zzel, 9 kg"}]},{"@type":"WebSite","@id":"https:\/\/premiumkeszulek.hu\/en\/#website","url":"https:\/\/premiumkeszulek.hu\/en\/","name":"Pr\u00e9miumK\u00e9sz\u00fcl\u00e9k","description":"","publisher":{"@id":"https:\/\/premiumkeszulek.hu\/en\/#organization"},"potentialAction":[{"@type":"SearchAction","target":{"@type":"EntryPoint","urlTemplate":"https:\/\/premiumkeszulek.hu\/en\/?s={search_term_string}"},"query-input":{"@type":"PropertyValueSpecification","valueRequired":true,"valueName":"search_term_string"}}],"inLanguage":"hu"},{"@type":"Organization","@id":"https:\/\/premiumkeszulek.hu\/en\/#organization","name":"Pr\u00e9miumK\u00e9sz\u00fcl\u00e9k","alternateName":"HPH Special Kft","url":"https:\/\/premiumkeszulek.hu\/en\/","logo":{"@type":"ImageObject","inLanguage":"hu","@id":"https:\/\/premiumkeszulek.hu\/en\/#\/schema\/logo\/image\/","url":"http:\/\/premiumkeszulek.hu\/wp-content\/uploads\/2025\/03\/TURKIZLOGO-kicsi.png","contentUrl":"http:\/\/premiumkeszulek.hu\/wp-content\/uploads\/2025\/03\/TURKIZLOGO-kicsi.png","width":1600,"height":547,"caption":"Pr\u00e9miumK\u00e9sz\u00fcl\u00e9k"},"image":{"@id":"https:\/\/premiumkeszulek.hu\/en\/#\/schema\/logo\/image\/"},"sameAs":["https:\/\/www.facebook.com\/konyhaluxnet","https:\/\/www.instagram.com\/konyhaluxnet\/#"],"email":"info@premiumkeszulek.hu","telephone":"36 1 \/ 226-1992","legalName":"HPH Special Kft","vatID":"HU12549502","taxID":"12549502","hasMerchantReturnPolicy":{"@type":"MerchantReturnPolicy","merchantReturnLink":"https:\/\/premiumkeszulek.hu\/hu\/altalanos-szerzodesi-es-felhasznalasi-feltetelek\/"}}]},"product_brand":"Electrolux","product_price_amount":"226945","product_price_currency":"HUF","og_availability":"instock","product_availability":"instock","product_retailer_item_id":"914932025","product_condition":"new"},"jetpack_publicize_connections":[],"jetpack_likes_enabled":true,"jetpack_sharing_enabled":true,"jetpack-related-posts":[],"_links":{"self":[{"href":"https:\/\/premiumkeszulek.hu\/hu\/wp-json\/wp\/v2\/product\/16169","targetHints":{"allow":["GET"]}}],"collection":[{"href":"https:\/\/premiumkeszulek.hu\/hu\/wp-json\/wp\/v2\/product"}],"about":[{"href":"https:\/\/premiumkeszulek.hu\/hu\/wp-json\/wp\/v2\/types\/product"}],"replies":[{"embeddable":true,"href":"https:\/\/premiumkeszulek.hu\/hu\/wp-json\/wp\/v2\/comments?post=16169"}],"wp:featuredmedia":[{"embeddable":true,"href":"https:\/\/premiumkeszulek.hu\/hu\/wp-json\/wp\/v2\/media\/16168"}],"wp:attachment":[{"href":"https:\/\/premiumkeszulek.hu\/hu\/wp-json\/wp\/v2\/media?parent=16169"}],"wp:term":[{"taxonomy":"product_brand","embeddable":true,"href":"https:\/\/premiumkeszulek.hu\/hu\/wp-json\/wp\/v2\/product_brand?post=16169"},{"taxonomy":"product_cat","embeddable":true,"href":"https:\/\/premiumkeszulek.hu\/hu\/wp-json\/wp\/v2\/product_cat?post=16169"},{"taxonomy":"product_tag","embeddable":true,"href":"https:\/\/premiumkeszulek.hu\/hu\/wp-json\/wp\/v2\/product_tag?post=16169"},{"taxonomy":"woo-feed-brand","embeddable":true,"href":"https:\/\/premiumkeszulek.hu\/hu\/wp-json\/wp\/v2\/woo-feed-brand?post=16169"}],"curies":[{"name":"wp","href":"https:\/\/api.w.org\/{rel}","templated":true}]}}