{"id":15261,"date":"2025-05-01T16:16:24","date_gmt":"2025-05-01T14:16:24","guid":{"rendered":"https:\/\/premiumkeszulek.hu\/termek\/whirlpool-w8i-ht40-t-beepitheto-mosogatogep\/"},"modified":"2026-04-14T15:50:05","modified_gmt":"2026-04-14T13:50:05","slug":"whirlpool-w8i-ht40-t-beepitheto-mosogatogep","status":"publish","type":"product","link":"https:\/\/premiumkeszulek.hu\/hu\/termek\/whirlpool-w8i-ht40-t-beepitheto-mosogatogep\/","title":{"rendered":"Whirlpool W8I HT40 T Be\u00e9p\u00edthet\u0151 mosogat\u00f3g\u00e9p"},"content":{"rendered":"","protected":false},"excerpt":{"rendered":"<p>Fekete sz\u00edn.<\/p>\n<p>C energiahat\u00e9konys\u00e1gi oszt\u00e1ly.<\/p>\n<p>Innovat\u00edv technol\u00f3gia, amely rendk\u00edv\u00fcl csendes teljes\u00edtm\u00e9nyt biztos\u00edt a halk k\u00e9sz\u00fcl\u00e9k sz\u00e1m\u00e1ra<\/p>\n<p>Kiv\u00e1l\u00f3 tiszt\u00edt\u00e1si teljes\u00edtm\u00e9ny az ide\u00e1lis mos\u00e1si eredm\u00e9nyekhez.<\/p>\n<p>Kiemelked\u0151 sz\u00e1r\u00edt\u00e1si teljes\u00edtm\u00e9ny, kiv\u00e1l\u00f3 eredm\u00e9nyekkel.<\/p>","protected":false},"featured_media":15260,"comment_status":"closed","ping_status":"closed","template":"","meta":{"_crdt_document":"","content-type":"","jetpack_post_was_ever_published":false,"jetpack_publicize_message":"","jetpack_publicize_feature_enabled":true,"jetpack_social_post_already_shared":true,"jetpack_social_options":{"image_generator_settings":{"template":"highway","default_image_id":0,"font":"","enabled":false},"version":2},"_wpas_customize_per_network":false},"product_brand":[6849],"product_cat":[1385,1384],"product_tag":[],"woo-feed-brand":[],"class_list":{"0":"post-15261","1":"product","2":"type-product","3":"status-publish","4":"has-post-thumbnail","6":"product_brand-whirlpool","7":"product_cat-beepithetomosogatogep","8":"product_cat-mosogatogep","9":"product_shipping_class-100000felett","11":"first","12":"onbackorder","13":"taxable","14":"shipping-taxable","15":"purchasable","16":"product-type-simple"},"yoast_head":"<!-- This site is optimized with the Yoast SEO Premium plugin v26.9 (Yoast SEO v27.4) - https:\/\/yoast.com\/product\/yoast-seo-premium-wordpress\/ -->\n<title>Whirlpool W8I HT40 T Be\u00e9p\u00edthet\u0151 mosogat\u00f3g\u00e9p - Pr\u00e9miumK\u00e9sz\u00fcl\u00e9k<\/title>\n<meta name=\"description\" content=\"\u00c9lvezd a csendes m\u0171k\u00f6d\u00e9st a Whirlpool W8I HT40 Be\u00e9p\u00edthet\u0151 mosogat\u00f3g\u00e9ppel. C energiahat\u00e9konys\u00e1g, kiv\u00e1l\u00f3 tiszt\u00edt\u00e1s \u00e9s sz\u00e1r\u00edt\u00e1s v\u00e1r r\u00e1d!\" \/>\n<meta name=\"robots\" content=\"index, follow, max-snippet:-1, max-image-preview:large, max-video-preview:-1\" \/>\n<link rel=\"canonical\" href=\"https:\/\/premiumkeszulek.hu\/hu\/termek\/whirlpool-w8i-ht40-t-beepitheto-mosogatogep\/\" \/>\n<meta property=\"og:locale\" content=\"hu_HU\" \/>\n<meta property=\"og:type\" content=\"article\" \/>\n<meta property=\"og:title\" content=\"Whirlpool W8I HT40 T Be\u00e9p\u00edthet\u0151 mosogat\u00f3g\u00e9p\" \/>\n<meta property=\"og:description\" content=\"\u00c9lvezd a csendes m\u0171k\u00f6d\u00e9st a Whirlpool W8I HT40 Be\u00e9p\u00edthet\u0151 mosogat\u00f3g\u00e9ppel. C energiahat\u00e9konys\u00e1g, kiv\u00e1l\u00f3 tiszt\u00edt\u00e1s \u00e9s sz\u00e1r\u00edt\u00e1s v\u00e1r r\u00e1d!\" \/>\n<meta property=\"og:url\" content=\"https:\/\/premiumkeszulek.hu\/hu\/termek\/whirlpool-w8i-ht40-t-beepitheto-mosogatogep\/\" \/>\n<meta property=\"og:site_name\" content=\"Pr\u00e9miumK\u00e9sz\u00fcl\u00e9k\" \/>\n<meta property=\"article:publisher\" content=\"https:\/\/www.facebook.com\/konyhaluxnet\" \/>\n<meta property=\"article:modified_time\" content=\"2026-04-14T13:50:05+00:00\" \/>\n<meta property=\"og:image\" content=\"https:\/\/i0.wp.com\/premiumkeszulek.hu\/wp-content\/uploads\/2025\/05\/W8IHT40T-1.jpg?fit=800%2C800&ssl=1\" \/>\n\t<meta property=\"og:image:width\" content=\"800\" \/>\n\t<meta property=\"og:image:height\" content=\"800\" \/>\n\t<meta property=\"og:image:type\" content=\"image\/jpeg\" \/>\n<meta name=\"twitter:card\" content=\"summary_large_image\" \/>\n<meta name=\"twitter:label1\" content=\"\u00c1r\" \/>\n\t<meta name=\"twitter:data1\" content=\"223.891&#070;&#116;\" \/>\n\t<meta name=\"twitter:label2\" content=\"El\u00e9rhet\u0151s\u00e9g\" \/>\n\t<meta name=\"twitter:data2\" content=\"Beszerz\u00e9s alatt\" \/>\n<script type=\"application\/ld+json\" class=\"yoast-schema-graph\">{\"@context\":\"https:\\\/\\\/schema.org\",\"@graph\":[{\"@type\":\"WebPage\",\"@id\":\"https:\\\/\\\/premiumkeszulek.hu\\\/en\\\/product\\\/whirlpool-w8i-ht40-t-beepitheto-mosogatogep\\\/\",\"url\":\"https:\\\/\\\/premiumkeszulek.hu\\\/en\\\/product\\\/whirlpool-w8i-ht40-t-beepitheto-mosogatogep\\\/\",\"name\":\"Whirlpool W8I HT40 T Be\u00e9p\u00edthet\u0151 mosogat\u00f3g\u00e9p - Pr\u00e9miumK\u00e9sz\u00fcl\u00e9k\",\"isPartOf\":{\"@id\":\"https:\\\/\\\/premiumkeszulek.hu\\\/hu\\\/#website\"},\"primaryImageOfPage\":{\"@id\":\"https:\\\/\\\/premiumkeszulek.hu\\\/en\\\/product\\\/whirlpool-w8i-ht40-t-beepitheto-mosogatogep\\\/#primaryimage\"},\"image\":{\"@id\":\"https:\\\/\\\/premiumkeszulek.hu\\\/en\\\/product\\\/whirlpool-w8i-ht40-t-beepitheto-mosogatogep\\\/#primaryimage\"},\"thumbnailUrl\":\"https:\\\/\\\/i0.wp.com\\\/premiumkeszulek.hu\\\/wp-content\\\/uploads\\\/2025\\\/05\\\/W8IHT40T-1.jpg?fit=800%2C800&ssl=1\",\"datePublished\":\"2025-05-01T14:16:24+00:00\",\"dateModified\":\"2026-04-14T13:50:05+00:00\",\"description\":\"\u00c9lvezd a csendes m\u0171k\u00f6d\u00e9st a Whirlpool W8I HT40 Be\u00e9p\u00edthet\u0151 mosogat\u00f3g\u00e9ppel. C energiahat\u00e9konys\u00e1g, kiv\u00e1l\u00f3 tiszt\u00edt\u00e1s \u00e9s sz\u00e1r\u00edt\u00e1s v\u00e1r r\u00e1d!\",\"breadcrumb\":{\"@id\":\"https:\\\/\\\/premiumkeszulek.hu\\\/en\\\/product\\\/whirlpool-w8i-ht40-t-beepitheto-mosogatogep\\\/#breadcrumb\"},\"inLanguage\":\"hu\",\"potentialAction\":[{\"@type\":\"ReadAction\",\"target\":[\"https:\\\/\\\/premiumkeszulek.hu\\\/en\\\/product\\\/whirlpool-w8i-ht40-t-beepitheto-mosogatogep\\\/\"]}]},{\"@type\":\"ImageObject\",\"inLanguage\":\"hu\",\"@id\":\"https:\\\/\\\/premiumkeszulek.hu\\\/en\\\/product\\\/whirlpool-w8i-ht40-t-beepitheto-mosogatogep\\\/#primaryimage\",\"url\":\"https:\\\/\\\/i0.wp.com\\\/premiumkeszulek.hu\\\/wp-content\\\/uploads\\\/2025\\\/05\\\/W8IHT40T-1.jpg?fit=800%2C800&ssl=1\",\"contentUrl\":\"https:\\\/\\\/i0.wp.com\\\/premiumkeszulek.hu\\\/wp-content\\\/uploads\\\/2025\\\/05\\\/W8IHT40T-1.jpg?fit=800%2C800&ssl=1\",\"width\":800,\"height\":800},{\"@type\":\"BreadcrumbList\",\"@id\":\"https:\\\/\\\/premiumkeszulek.hu\\\/en\\\/product\\\/whirlpool-w8i-ht40-t-beepitheto-mosogatogep\\\/#breadcrumb\",\"itemListElement\":[{\"@type\":\"ListItem\",\"position\":1,\"name\":\"Home\",\"item\":\"https:\\\/\\\/premiumkeszulek.hu\\\/hu\\\/\"},{\"@type\":\"ListItem\",\"position\":2,\"name\":\"Shop\",\"item\":\"https:\\\/\\\/premiumkeszulek.hu\\\/hu\\\/shop\\\/\"},{\"@type\":\"ListItem\",\"position\":3,\"name\":\"Whirlpool W8I HT40 T Be\u00e9p\u00edthet\u0151 mosogat\u00f3g\u00e9p\"}]},{\"@type\":\"WebSite\",\"@id\":\"https:\\\/\\\/premiumkeszulek.hu\\\/hu\\\/#website\",\"url\":\"https:\\\/\\\/premiumkeszulek.hu\\\/hu\\\/\",\"name\":\"Pr\u00e9miumK\u00e9sz\u00fcl\u00e9k\",\"description\":\"\",\"publisher\":{\"@id\":\"https:\\\/\\\/premiumkeszulek.hu\\\/hu\\\/#organization\"},\"potentialAction\":[{\"@type\":\"SearchAction\",\"target\":{\"@type\":\"EntryPoint\",\"urlTemplate\":\"https:\\\/\\\/premiumkeszulek.hu\\\/hu\\\/?s={search_term_string}\"},\"query-input\":{\"@type\":\"PropertyValueSpecification\",\"valueRequired\":true,\"valueName\":\"search_term_string\"}}],\"inLanguage\":\"hu\"},{\"@type\":\"Organization\",\"@id\":\"https:\\\/\\\/premiumkeszulek.hu\\\/hu\\\/#organization\",\"name\":\"Pr\u00e9miumK\u00e9sz\u00fcl\u00e9k\",\"alternateName\":\"HPH Special Kft\",\"url\":\"https:\\\/\\\/premiumkeszulek.hu\\\/hu\\\/\",\"logo\":{\"@type\":\"ImageObject\",\"inLanguage\":\"hu\",\"@id\":\"https:\\\/\\\/premiumkeszulek.hu\\\/hu\\\/#\\\/schema\\\/logo\\\/image\\\/\",\"url\":\"http:\\\/\\\/premiumkeszulek.hu\\\/wp-content\\\/uploads\\\/2025\\\/03\\\/TURKIZLOGO-kicsi.png\",\"contentUrl\":\"http:\\\/\\\/premiumkeszulek.hu\\\/wp-content\\\/uploads\\\/2025\\\/03\\\/TURKIZLOGO-kicsi.png\",\"width\":1600,\"height\":547,\"caption\":\"Pr\u00e9miumK\u00e9sz\u00fcl\u00e9k\"},\"image\":{\"@id\":\"https:\\\/\\\/premiumkeszulek.hu\\\/hu\\\/#\\\/schema\\\/logo\\\/image\\\/\"},\"sameAs\":[\"https:\\\/\\\/www.facebook.com\\\/konyhaluxnet\",\"https:\\\/\\\/www.instagram.com\\\/konyhaluxnet\\\/#\"],\"email\":\"info@premiumkeszulek.hu\",\"telephone\":\"36 1 \\\/ 226-1992\",\"legalName\":\"HPH Special Kft\",\"vatID\":\"HU12549502\",\"taxID\":\"12549502\",\"hasMerchantReturnPolicy\":{\"@type\":\"MerchantReturnPolicy\",\"merchantReturnLink\":\"https:\\\/\\\/premiumkeszulek.hu\\\/hu\\\/altalanos-szerzodesi-es-felhasznalasi-feltetelek\\\/\"}}]}<\/script>\n<meta property=\"product:brand\" content=\"Whirlpool\" \/>\n<meta property=\"product:price:amount\" content=\"223891\" \/>\n<meta property=\"product:price:currency\" content=\"HUF\" \/>\n<meta property=\"og:availability\" content=\"backorder\" \/>\n<meta property=\"product:availability\" content=\"available for order\" \/>\n<meta property=\"product:retailer_item_id\" content=\"869991657010\" \/>\n<meta property=\"product:condition\" content=\"new\" \/>\n<!-- \/ Yoast SEO Premium plugin. -->","yoast_head_json":{"title":"Whirlpool W8I HT40 T Be\u00e9p\u00edthet\u0151 mosogat\u00f3g\u00e9p - Pr\u00e9miumK\u00e9sz\u00fcl\u00e9kek","description":"\u00c9lvezd a csendes m\u0171k\u00f6d\u00e9st a Whirlpool W8I HT40 Be\u00e9p\u00edthet\u0151 mosogat\u00f3g\u00e9ppel. C energiahat\u00e9konys\u00e1g, kiv\u00e1l\u00f3 tiszt\u00edt\u00e1s \u00e9s sz\u00e1r\u00edt\u00e1s v\u00e1r r\u00e1d!","robots":{"index":"index","follow":"follow","max-snippet":"max-snippet:-1","max-image-preview":"max-image-preview:large","max-video-preview":"max-video-preview:-1"},"canonical":"https:\/\/premiumkeszulek.hu\/hu\/termek\/whirlpool-w8i-ht40-t-beepitheto-mosogatogep\/","og_locale":"hu_HU","og_type":"article","og_title":"Whirlpool W8I HT40 T Be\u00e9p\u00edthet\u0151 mosogat\u00f3g\u00e9p","og_description":"\u00c9lvezd a csendes m\u0171k\u00f6d\u00e9st a Whirlpool W8I HT40 Be\u00e9p\u00edthet\u0151 mosogat\u00f3g\u00e9ppel. C energiahat\u00e9konys\u00e1g, kiv\u00e1l\u00f3 tiszt\u00edt\u00e1s \u00e9s sz\u00e1r\u00edt\u00e1s v\u00e1r r\u00e1d!","og_url":"https:\/\/premiumkeszulek.hu\/hu\/termek\/whirlpool-w8i-ht40-t-beepitheto-mosogatogep\/","og_site_name":"Pr\u00e9miumK\u00e9sz\u00fcl\u00e9k","article_publisher":"https:\/\/www.facebook.com\/konyhaluxnet","article_modified_time":"2026-04-14T13:50:05+00:00","og_image":[{"width":800,"height":800,"url":"https:\/\/i0.wp.com\/premiumkeszulek.hu\/wp-content\/uploads\/2025\/05\/W8IHT40T-1.jpg?fit=800%2C800&ssl=1","type":"image\/jpeg"}],"twitter_card":"summary_large_image","twitter_misc":{"\u00c1r":"223.891&#70;&#116;","El\u00e9rhet\u0151s\u00e9g":"Beszerz\u00e9s alatt"},"schema":{"@context":"https:\/\/schema.org","@graph":[{"@type":"WebPage","@id":"https:\/\/premiumkeszulek.hu\/en\/product\/whirlpool-w8i-ht40-t-beepitheto-mosogatogep\/","url":"https:\/\/premiumkeszulek.hu\/en\/product\/whirlpool-w8i-ht40-t-beepitheto-mosogatogep\/","name":"Whirlpool W8I HT40 T Be\u00e9p\u00edthet\u0151 mosogat\u00f3g\u00e9p - Pr\u00e9miumK\u00e9sz\u00fcl\u00e9kek","isPartOf":{"@id":"https:\/\/premiumkeszulek.hu\/hu\/#website"},"primaryImageOfPage":{"@id":"https:\/\/premiumkeszulek.hu\/en\/product\/whirlpool-w8i-ht40-t-beepitheto-mosogatogep\/#primaryimage"},"image":{"@id":"https:\/\/premiumkeszulek.hu\/en\/product\/whirlpool-w8i-ht40-t-beepitheto-mosogatogep\/#primaryimage"},"thumbnailUrl":"https:\/\/i0.wp.com\/premiumkeszulek.hu\/wp-content\/uploads\/2025\/05\/W8IHT40T-1.jpg?fit=800%2C800&ssl=1","datePublished":"2025-05-01T14:16:24+00:00","dateModified":"2026-04-14T13:50:05+00:00","description":"\u00c9lvezd a csendes m\u0171k\u00f6d\u00e9st a Whirlpool W8I HT40 Be\u00e9p\u00edthet\u0151 mosogat\u00f3g\u00e9ppel. C energiahat\u00e9konys\u00e1g, kiv\u00e1l\u00f3 tiszt\u00edt\u00e1s \u00e9s sz\u00e1r\u00edt\u00e1s v\u00e1r r\u00e1d!","breadcrumb":{"@id":"https:\/\/premiumkeszulek.hu\/en\/product\/whirlpool-w8i-ht40-t-beepitheto-mosogatogep\/#breadcrumb"},"inLanguage":"hu","potentialAction":[{"@type":"ReadAction","target":["https:\/\/premiumkeszulek.hu\/en\/product\/whirlpool-w8i-ht40-t-beepitheto-mosogatogep\/"]}]},{"@type":"ImageObject","inLanguage":"hu","@id":"https:\/\/premiumkeszulek.hu\/en\/product\/whirlpool-w8i-ht40-t-beepitheto-mosogatogep\/#primaryimage","url":"https:\/\/i0.wp.com\/premiumkeszulek.hu\/wp-content\/uploads\/2025\/05\/W8IHT40T-1.jpg?fit=800%2C800&ssl=1","contentUrl":"https:\/\/i0.wp.com\/premiumkeszulek.hu\/wp-content\/uploads\/2025\/05\/W8IHT40T-1.jpg?fit=800%2C800&ssl=1","width":800,"height":800},{"@type":"BreadcrumbList","@id":"https:\/\/premiumkeszulek.hu\/en\/product\/whirlpool-w8i-ht40-t-beepitheto-mosogatogep\/#breadcrumb","itemListElement":[{"@type":"ListItem","position":1,"name":"Home","item":"https:\/\/premiumkeszulek.hu\/hu\/"},{"@type":"ListItem","position":2,"name":"Shop","item":"https:\/\/premiumkeszulek.hu\/hu\/shop\/"},{"@type":"ListItem","position":3,"name":"Whirlpool W8I HT40 T Be\u00e9p\u00edthet\u0151 mosogat\u00f3g\u00e9p"}]},{"@type":"WebSite","@id":"https:\/\/premiumkeszulek.hu\/hu\/#website","url":"https:\/\/premiumkeszulek.hu\/hu\/","name":"Pr\u00e9miumK\u00e9sz\u00fcl\u00e9k","description":"","publisher":{"@id":"https:\/\/premiumkeszulek.hu\/hu\/#organization"},"potentialAction":[{"@type":"SearchAction","target":{"@type":"EntryPoint","urlTemplate":"https:\/\/premiumkeszulek.hu\/hu\/?s={search_term_string}"},"query-input":{"@type":"PropertyValueSpecification","valueRequired":true,"valueName":"search_term_string"}}],"inLanguage":"hu"},{"@type":"Organization","@id":"https:\/\/premiumkeszulek.hu\/hu\/#organization","name":"Pr\u00e9miumK\u00e9sz\u00fcl\u00e9k","alternateName":"HPH Special Kft","url":"https:\/\/premiumkeszulek.hu\/hu\/","logo":{"@type":"ImageObject","inLanguage":"hu","@id":"https:\/\/premiumkeszulek.hu\/hu\/#\/schema\/logo\/image\/","url":"http:\/\/premiumkeszulek.hu\/wp-content\/uploads\/2025\/03\/TURKIZLOGO-kicsi.png","contentUrl":"http:\/\/premiumkeszulek.hu\/wp-content\/uploads\/2025\/03\/TURKIZLOGO-kicsi.png","width":1600,"height":547,"caption":"Pr\u00e9miumK\u00e9sz\u00fcl\u00e9k"},"image":{"@id":"https:\/\/premiumkeszulek.hu\/hu\/#\/schema\/logo\/image\/"},"sameAs":["https:\/\/www.facebook.com\/konyhaluxnet","https:\/\/www.instagram.com\/konyhaluxnet\/#"],"email":"info@premiumkeszulek.hu","telephone":"36 1 \/ 226-1992","legalName":"HPH Special Kft","vatID":"HU12549502","taxID":"12549502","hasMerchantReturnPolicy":{"@type":"MerchantReturnPolicy","merchantReturnLink":"https:\/\/premiumkeszulek.hu\/hu\/altalanos-szerzodesi-es-felhasznalasi-feltetelek\/"}}]},"product_brand":"Whirlpool","product_price_amount":"223891","product_price_currency":"HUF","og_availability":"backorder","product_availability":"available for order","product_retailer_item_id":"869991657010","product_condition":"new"},"jetpack_publicize_connections":[],"jetpack_likes_enabled":true,"jetpack_sharing_enabled":true,"jetpack-related-posts":[],"_links":{"self":[{"href":"https:\/\/premiumkeszulek.hu\/hu\/wp-json\/wp\/v2\/product\/15261","targetHints":{"allow":["GET"]}}],"collection":[{"href":"https:\/\/premiumkeszulek.hu\/hu\/wp-json\/wp\/v2\/product"}],"about":[{"href":"https:\/\/premiumkeszulek.hu\/hu\/wp-json\/wp\/v2\/types\/product"}],"replies":[{"embeddable":true,"href":"https:\/\/premiumkeszulek.hu\/hu\/wp-json\/wp\/v2\/comments?post=15261"}],"wp:featuredmedia":[{"embeddable":true,"href":"https:\/\/premiumkeszulek.hu\/hu\/wp-json\/wp\/v2\/media\/15260"}],"wp:attachment":[{"href":"https:\/\/premiumkeszulek.hu\/hu\/wp-json\/wp\/v2\/media?parent=15261"}],"wp:term":[{"taxonomy":"product_brand","embeddable":true,"href":"https:\/\/premiumkeszulek.hu\/hu\/wp-json\/wp\/v2\/product_brand?post=15261"},{"taxonomy":"product_cat","embeddable":true,"href":"https:\/\/premiumkeszulek.hu\/hu\/wp-json\/wp\/v2\/product_cat?post=15261"},{"taxonomy":"product_tag","embeddable":true,"href":"https:\/\/premiumkeszulek.hu\/hu\/wp-json\/wp\/v2\/product_tag?post=15261"},{"taxonomy":"woo-feed-brand","embeddable":true,"href":"https:\/\/premiumkeszulek.hu\/hu\/wp-json\/wp\/v2\/woo-feed-brand?post=15261"}],"curies":[{"name":"wp","href":"https:\/\/api.w.org\/{rel}","templated":true}]}}