{"id":14872,"date":"2025-04-28T23:03:37","date_gmt":"2025-04-28T21:03:37","guid":{"rendered":"https:\/\/premiumkeszulek.hu\/termek\/whirlpool-wt-1090-ba-beepitheto-indukcios-lap-ixelium-90cm\/"},"modified":"2026-04-02T18:40:12","modified_gmt":"2026-04-02T16:40:12","slug":"whirlpool-wt-1090-ba-beepitheto-indukcios-lap-ixelium-90cm","status":"publish","type":"product","link":"https:\/\/premiumkeszulek.hu\/hu\/termek\/whirlpool-wt-1090-ba-beepitheto-indukcios-lap-ixelium-90cm\/","title":{"rendered":"Whirlpool WT 1090 BA be\u00e9p\u00edthet\u0151 indukci\u00f3s lap iXelium\u2122 90cm"},"content":{"rendered":"<p>z\u00f3n\u00e1nk\u00e9nti pr\u00e9mium cs\u00faszka vez\u00e9rl\u00e9s\u0171 indukci\u00f3s f\u0151z\u0151lap, 90 cm, iXelium\u2122 \u00fcvegker\u00e1mia fel\u00fclet, 5 f\u0151z\u0151z\u00f3na, 9+B, be\u00e1ll\u00edthat\u00f3 id\u0151z\u00edt\u00e9s, FLexi Cook, 6. \u00c9rz\u00e9k automatikus funkci\u00f3k, Power Management<\/p>","protected":false},"excerpt":{"rendered":"<p>z\u00f3n\u00e1nk\u00e9nti pr\u00e9mium cs\u00faszka vez\u00e9rl\u00e9s\u0171 indukci\u00f3s f\u0151z\u0151lap, 90 cm, iXelium\u2122 \u00fcvegker\u00e1mia fel\u00fclet, 5 f\u0151z\u0151z\u00f3na, 9+B, be\u00e1ll\u00edthat\u00f3 id\u0151z\u00edt\u00e9s, FLexi Cook, 6. \u00c9rz\u00e9k automatikus funkci\u00f3k, Power Management<\/p>","protected":false},"featured_media":14871,"comment_status":"closed","ping_status":"closed","template":"","meta":{"_crdt_document":"","content-type":"","jetpack_post_was_ever_published":false,"jetpack_publicize_message":"","jetpack_publicize_feature_enabled":true,"jetpack_social_post_already_shared":true,"jetpack_social_options":{"image_generator_settings":{"template":"highway","default_image_id":0,"font":"","enabled":false},"version":2},"_wpas_customize_per_network":false},"product_brand":[6849],"product_cat":[1522,1526,1527],"product_tag":[],"woo-feed-brand":[],"class_list":{"0":"post-14872","1":"product","2":"type-product","3":"status-publish","4":"has-post-thumbnail","6":"product_brand-whirlpool","7":"product_cat-beepitheto-indukcios-fozolap","8":"product_cat-fozolap","9":"product_cat-sutok-es-fozolapok","10":"product_shipping_class-100000felett","12":"first","13":"instock","14":"sale","15":"taxable","16":"shipping-taxable","17":"purchasable","18":"product-type-simple"},"yoast_head":"<!-- This site is optimized with the Yoast SEO Premium plugin v26.9 (Yoast SEO v26.9) - https:\/\/yoast.com\/product\/yoast-seo-premium-wordpress\/ -->\n<title>Whirlpool WT 1090 BA be\u00e9p\u00edthet\u0151 indukci\u00f3s lap iXelium\u2122 90cm - Pr\u00e9miumK\u00e9sz\u00fcl\u00e9k<\/title>\n<meta name=\"description\" content=\"Fedezze fel a Whirlpool WT 1090 BA be\u00e9p\u00edthet\u0151 indukci\u00f3s lap el\u0151nyeit, amely 5 z\u00f3n\u00e1val \u00e9s pr\u00e9mium vez\u00e9rl\u00e9ssel rendelkezik. V\u00e1s\u00e1rolja meg most!\" \/>\n<meta name=\"robots\" content=\"index, follow, max-snippet:-1, max-image-preview:large, max-video-preview:-1\" \/>\n<link rel=\"canonical\" href=\"https:\/\/premiumkeszulek.hu\/hu\/termek\/whirlpool-wt-1090-ba-beepitheto-indukcios-lap-ixelium-90cm\/\" \/>\n<meta property=\"og:locale\" content=\"hu_HU\" \/>\n<meta property=\"og:type\" content=\"article\" \/>\n<meta property=\"og:title\" content=\"Whirlpool WT 1090 BA be\u00e9p\u00edthet\u0151 indukci\u00f3s lap iXelium\u2122 90cm\" \/>\n<meta property=\"og:description\" content=\"Fedezze fel a Whirlpool WT 1090 BA be\u00e9p\u00edthet\u0151 indukci\u00f3s lap el\u0151nyeit, amely 5 z\u00f3n\u00e1val \u00e9s pr\u00e9mium vez\u00e9rl\u00e9ssel rendelkezik. V\u00e1s\u00e1rolja meg most!\" \/>\n<meta property=\"og:url\" content=\"https:\/\/premiumkeszulek.hu\/hu\/termek\/whirlpool-wt-1090-ba-beepitheto-indukcios-lap-ixelium-90cm\/\" \/>\n<meta property=\"og:site_name\" content=\"Pr\u00e9miumK\u00e9sz\u00fcl\u00e9k\" \/>\n<meta property=\"article:publisher\" content=\"https:\/\/www.facebook.com\/konyhaluxnet\" \/>\n<meta property=\"article:modified_time\" content=\"2026-04-02T16:40:12+00:00\" \/>\n<meta property=\"og:image\" content=\"https:\/\/i0.wp.com\/premiumkeszulek.hu\/wp-content\/uploads\/2025\/04\/WT1090BA-111.jpg?fit=800%2C800&ssl=1\" \/>\n\t<meta property=\"og:image:width\" content=\"800\" \/>\n\t<meta property=\"og:image:height\" content=\"800\" \/>\n\t<meta property=\"og:image:type\" content=\"image\/jpeg\" \/>\n<meta name=\"twitter:card\" content=\"summary_large_image\" \/>\n<meta name=\"twitter:label1\" content=\"\u00c1r\" \/>\n\t<meta name=\"twitter:data1\" content=\"278.146&#070;&#116;\" \/>\n\t<meta name=\"twitter:label2\" content=\"El\u00e9rhet\u0151s\u00e9g\" \/>\n\t<meta name=\"twitter:data2\" content=\"K\u00e9szleten\" \/>\n<script type=\"application\/ld+json\" class=\"yoast-schema-graph\">{\"@context\":\"https:\/\/schema.org\",\"@graph\":[{\"@type\":\"WebPage\",\"@id\":\"https:\/\/premiumkeszulek.hu\/en\/product\/whirlpool-wt-1090-ba-beepitheto-indukcios-lap-ixelium-90cm\/\",\"url\":\"https:\/\/premiumkeszulek.hu\/en\/product\/whirlpool-wt-1090-ba-beepitheto-indukcios-lap-ixelium-90cm\/\",\"name\":\"Whirlpool WT 1090 BA be\u00e9p\u00edthet\u0151 indukci\u00f3s lap iXelium\u2122 90cm - Pr\u00e9miumK\u00e9sz\u00fcl\u00e9k\",\"isPartOf\":{\"@id\":\"https:\/\/premiumkeszulek.hu\/en\/#website\"},\"primaryImageOfPage\":{\"@id\":\"https:\/\/premiumkeszulek.hu\/en\/product\/whirlpool-wt-1090-ba-beepitheto-indukcios-lap-ixelium-90cm\/#primaryimage\"},\"image\":{\"@id\":\"https:\/\/premiumkeszulek.hu\/en\/product\/whirlpool-wt-1090-ba-beepitheto-indukcios-lap-ixelium-90cm\/#primaryimage\"},\"thumbnailUrl\":\"https:\/\/i0.wp.com\/premiumkeszulek.hu\/wp-content\/uploads\/2025\/04\/WT1090BA-111.jpg?fit=800%2C800&ssl=1\",\"datePublished\":\"2025-04-28T21:03:37+00:00\",\"dateModified\":\"2026-04-02T16:40:12+00:00\",\"description\":\"Fedezze fel a Whirlpool WT 1090 BA be\u00e9p\u00edthet\u0151 indukci\u00f3s lap el\u0151nyeit, amely 5 z\u00f3n\u00e1val \u00e9s pr\u00e9mium vez\u00e9rl\u00e9ssel rendelkezik. V\u00e1s\u00e1rolja meg most!\",\"breadcrumb\":{\"@id\":\"https:\/\/premiumkeszulek.hu\/en\/product\/whirlpool-wt-1090-ba-beepitheto-indukcios-lap-ixelium-90cm\/#breadcrumb\"},\"inLanguage\":\"hu\",\"potentialAction\":[{\"@type\":\"ReadAction\",\"target\":[\"https:\/\/premiumkeszulek.hu\/en\/product\/whirlpool-wt-1090-ba-beepitheto-indukcios-lap-ixelium-90cm\/\"]}]},{\"@type\":\"ImageObject\",\"inLanguage\":\"hu\",\"@id\":\"https:\/\/premiumkeszulek.hu\/en\/product\/whirlpool-wt-1090-ba-beepitheto-indukcios-lap-ixelium-90cm\/#primaryimage\",\"url\":\"https:\/\/i0.wp.com\/premiumkeszulek.hu\/wp-content\/uploads\/2025\/04\/WT1090BA-111.jpg?fit=800%2C800&ssl=1\",\"contentUrl\":\"https:\/\/i0.wp.com\/premiumkeszulek.hu\/wp-content\/uploads\/2025\/04\/WT1090BA-111.jpg?fit=800%2C800&ssl=1\",\"width\":800,\"height\":800},{\"@type\":\"BreadcrumbList\",\"@id\":\"https:\/\/premiumkeszulek.hu\/en\/product\/whirlpool-wt-1090-ba-beepitheto-indukcios-lap-ixelium-90cm\/#breadcrumb\",\"itemListElement\":[{\"@type\":\"ListItem\",\"position\":1,\"name\":\"Home\",\"item\":\"https:\/\/premiumkeszulek.hu\/en\/\"},{\"@type\":\"ListItem\",\"position\":2,\"name\":\"Shop\",\"item\":\"https:\/\/premiumkeszulek.hu\/en\/shop\/\"},{\"@type\":\"ListItem\",\"position\":3,\"name\":\"Whirlpool WT 1090 BA be\u00e9p\u00edthet\u0151 indukci\u00f3s lap iXelium\u2122 90cm\"}]},{\"@type\":\"WebSite\",\"@id\":\"https:\/\/premiumkeszulek.hu\/en\/#website\",\"url\":\"https:\/\/premiumkeszulek.hu\/en\/\",\"name\":\"Pr\u00e9miumK\u00e9sz\u00fcl\u00e9k\",\"description\":\"\",\"publisher\":{\"@id\":\"https:\/\/premiumkeszulek.hu\/en\/#organization\"},\"potentialAction\":[{\"@type\":\"SearchAction\",\"target\":{\"@type\":\"EntryPoint\",\"urlTemplate\":\"https:\/\/premiumkeszulek.hu\/en\/?s={search_term_string}\"},\"query-input\":{\"@type\":\"PropertyValueSpecification\",\"valueRequired\":true,\"valueName\":\"search_term_string\"}}],\"inLanguage\":\"hu\"},{\"@type\":\"Organization\",\"@id\":\"https:\/\/premiumkeszulek.hu\/en\/#organization\",\"name\":\"Pr\u00e9miumK\u00e9sz\u00fcl\u00e9k\",\"alternateName\":\"HPH Special Kft\",\"url\":\"https:\/\/premiumkeszulek.hu\/en\/\",\"logo\":{\"@type\":\"ImageObject\",\"inLanguage\":\"hu\",\"@id\":\"https:\/\/premiumkeszulek.hu\/en\/#\/schema\/logo\/image\/\",\"url\":\"http:\/\/premiumkeszulek.hu\/wp-content\/uploads\/2025\/03\/TURKIZLOGO-kicsi.png\",\"contentUrl\":\"http:\/\/premiumkeszulek.hu\/wp-content\/uploads\/2025\/03\/TURKIZLOGO-kicsi.png\",\"width\":1600,\"height\":547,\"caption\":\"Pr\u00e9miumK\u00e9sz\u00fcl\u00e9k\"},\"image\":{\"@id\":\"https:\/\/premiumkeszulek.hu\/en\/#\/schema\/logo\/image\/\"},\"sameAs\":[\"https:\/\/www.facebook.com\/konyhaluxnet\",\"https:\/\/www.instagram.com\/konyhaluxnet\/#\"],\"email\":\"info@premiumkeszulek.hu\",\"telephone\":\"36 1 \/ 226-1992\",\"legalName\":\"HPH Special Kft\",\"vatID\":\"HU12549502\",\"taxID\":\"12549502\",\"hasMerchantReturnPolicy\":{\"@type\":\"MerchantReturnPolicy\",\"merchantReturnLink\":\"https:\/\/premiumkeszulek.hu\/hu\/altalanos-szerzodesi-es-felhasznalasi-feltetelek\/\"}}]}<\/script>\n<meta property=\"product:brand\" content=\"Whirlpool\" \/>\n<meta property=\"product:price:amount\" content=\"278146\" \/>\n<meta property=\"product:price:currency\" content=\"HUF\" \/>\n<meta property=\"og:availability\" content=\"instock\" \/>\n<meta property=\"product:availability\" content=\"instock\" \/>\n<meta property=\"product:retailer_item_id\" content=\"859991646420\" \/>\n<meta property=\"product:condition\" content=\"new\" \/>\n<!-- \/ Yoast SEO Premium plugin. -->","yoast_head_json":{"title":"Whirlpool WT 1090 BA be\u00e9p\u00edthet\u0151 indukci\u00f3s lap iXelium\u2122 90cm - Pr\u00e9miumK\u00e9sz\u00fcl\u00e9k","description":"Fedezze fel a Whirlpool WT 1090 BA be\u00e9p\u00edthet\u0151 indukci\u00f3s lap el\u0151nyeit, amely 5 z\u00f3n\u00e1val \u00e9s pr\u00e9mium vez\u00e9rl\u00e9ssel rendelkezik. V\u00e1s\u00e1rolja meg a legt\u00f6bbet!","robots":{"index":"index","follow":"follow","max-snippet":"max-snippet:-1","max-image-preview":"max-image-preview:large","max-video-preview":"max-video-preview:-1"},"canonical":"https:\/\/premiumkeszulek.hu\/hu\/termek\/whirlpool-wt-1090-ba-beepitheto-indukcios-lap-ixelium-90cm\/","og_locale":"hu_HU","og_type":"article","og_title":"Whirlpool WT 1090 BA be\u00e9p\u00edthet\u0151 indukci\u00f3s lap iXelium\u2122 90cm","og_description":"Fedezze fel a Whirlpool WT 1090 BA be\u00e9p\u00edthet\u0151 indukci\u00f3s lap el\u0151nyeit, amely 5 z\u00f3n\u00e1val \u00e9s pr\u00e9mium vez\u00e9rl\u00e9ssel rendelkezik. V\u00e1s\u00e1rolja meg most!","og_url":"https:\/\/premiumkeszulek.hu\/hu\/termek\/whirlpool-wt-1090-ba-beepitheto-indukcios-lap-ixelium-90cm\/","og_site_name":"Pr\u00e9miumK\u00e9sz\u00fcl\u00e9k","article_publisher":"https:\/\/www.facebook.com\/konyhaluxnet","article_modified_time":"2026-04-02T16:40:12+00:00","og_image":[{"width":800,"height":800,"url":"https:\/\/i0.wp.com\/premiumkeszulek.hu\/wp-content\/uploads\/2025\/04\/WT1090BA-111.jpg?fit=800%2C800&ssl=1","type":"image\/jpeg"}],"twitter_card":"summary_large_image","twitter_misc":{"\u00c1r":"278.146&#70;&#116;","El\u00e9rhet\u0151s\u00e9g":"K\u00e9szleten"},"schema":{"@context":"https:\/\/schema.org","@graph":[{"@type":"WebPage","@id":"https:\/\/premiumkeszulek.hu\/en\/product\/whirlpool-wt-1090-ba-beepitheto-indukcios-lap-ixelium-90cm\/","url":"https:\/\/premiumkeszulek.hu\/en\/product\/whirlpool-wt-1090-ba-beepitheto-indukcios-lap-ixelium-90cm\/","name":"Whirlpool WT 1090 BA be\u00e9p\u00edthet\u0151 indukci\u00f3s lap iXelium\u2122 90cm - Pr\u00e9miumK\u00e9sz\u00fcl\u00e9k","isPartOf":{"@id":"https:\/\/premiumkeszulek.hu\/en\/#website"},"primaryImageOfPage":{"@id":"https:\/\/premiumkeszulek.hu\/en\/product\/whirlpool-wt-1090-ba-beepitheto-indukcios-lap-ixelium-90cm\/#primaryimage"},"image":{"@id":"https:\/\/premiumkeszulek.hu\/en\/product\/whirlpool-wt-1090-ba-beepitheto-indukcios-lap-ixelium-90cm\/#primaryimage"},"thumbnailUrl":"https:\/\/i0.wp.com\/premiumkeszulek.hu\/wp-content\/uploads\/2025\/04\/WT1090BA-111.jpg?fit=800%2C800&ssl=1","datePublished":"2025-04-28T21:03:37+00:00","dateModified":"2026-04-02T16:40:12+00:00","description":"Fedezze fel a Whirlpool WT 1090 BA be\u00e9p\u00edthet\u0151 indukci\u00f3s lap el\u0151nyeit, amely 5 z\u00f3n\u00e1val \u00e9s pr\u00e9mium vez\u00e9rl\u00e9ssel rendelkezik. V\u00e1s\u00e1rolja meg a legt\u00f6bbet!","breadcrumb":{"@id":"https:\/\/premiumkeszulek.hu\/en\/product\/whirlpool-wt-1090-ba-beepitheto-indukcios-lap-ixelium-90cm\/#breadcrumb"},"inLanguage":"hu","potentialAction":[{"@type":"ReadAction","target":["https:\/\/premiumkeszulek.hu\/en\/product\/whirlpool-wt-1090-ba-beepitheto-indukcios-lap-ixelium-90cm\/"]}]},{"@type":"ImageObject","inLanguage":"hu","@id":"https:\/\/premiumkeszulek.hu\/en\/product\/whirlpool-wt-1090-ba-beepitheto-indukcios-lap-ixelium-90cm\/#primaryimage","url":"https:\/\/i0.wp.com\/premiumkeszulek.hu\/wp-content\/uploads\/2025\/04\/WT1090BA-111.jpg?fit=800%2C800&ssl=1","contentUrl":"https:\/\/i0.wp.com\/premiumkeszulek.hu\/wp-content\/uploads\/2025\/04\/WT1090BA-111.jpg?fit=800%2C800&ssl=1","width":800,"height":800},{"@type":"BreadcrumbList","@id":"https:\/\/premiumkeszulek.hu\/en\/product\/whirlpool-wt-1090-ba-beepitheto-indukcios-lap-ixelium-90cm\/#breadcrumb","itemListElement":[{"@type":"ListItem","position":1,"name":"Home","item":"https:\/\/premiumkeszulek.hu\/en\/"},{"@type":"ListItem","position":2,"name":"Shop","item":"https:\/\/premiumkeszulek.hu\/en\/shop\/"},{"@type":"ListItem","position":3,"name":"Whirlpool WT 1090 BA be\u00e9p\u00edthet\u0151 indukci\u00f3s lap iXelium\u2122 90cm"}]},{"@type":"WebSite","@id":"https:\/\/premiumkeszulek.hu\/en\/#website","url":"https:\/\/premiumkeszulek.hu\/en\/","name":"Pr\u00e9miumK\u00e9sz\u00fcl\u00e9k","description":"","publisher":{"@id":"https:\/\/premiumkeszulek.hu\/en\/#organization"},"potentialAction":[{"@type":"SearchAction","target":{"@type":"EntryPoint","urlTemplate":"https:\/\/premiumkeszulek.hu\/en\/?s={search_term_string}"},"query-input":{"@type":"PropertyValueSpecification","valueRequired":true,"valueName":"search_term_string"}}],"inLanguage":"hu"},{"@type":"Organization","@id":"https:\/\/premiumkeszulek.hu\/en\/#organization","name":"Pr\u00e9miumK\u00e9sz\u00fcl\u00e9k","alternateName":"HPH Special Kft","url":"https:\/\/premiumkeszulek.hu\/en\/","logo":{"@type":"ImageObject","inLanguage":"hu","@id":"https:\/\/premiumkeszulek.hu\/en\/#\/schema\/logo\/image\/","url":"http:\/\/premiumkeszulek.hu\/wp-content\/uploads\/2025\/03\/TURKIZLOGO-kicsi.png","contentUrl":"http:\/\/premiumkeszulek.hu\/wp-content\/uploads\/2025\/03\/TURKIZLOGO-kicsi.png","width":1600,"height":547,"caption":"Pr\u00e9miumK\u00e9sz\u00fcl\u00e9k"},"image":{"@id":"https:\/\/premiumkeszulek.hu\/en\/#\/schema\/logo\/image\/"},"sameAs":["https:\/\/www.facebook.com\/konyhaluxnet","https:\/\/www.instagram.com\/konyhaluxnet\/#"],"email":"info@premiumkeszulek.hu","telephone":"36 1 \/ 226-1992","legalName":"HPH Special Kft","vatID":"HU12549502","taxID":"12549502","hasMerchantReturnPolicy":{"@type":"MerchantReturnPolicy","merchantReturnLink":"https:\/\/premiumkeszulek.hu\/hu\/altalanos-szerzodesi-es-felhasznalasi-feltetelek\/"}}]},"product_brand":"Whirlpool","product_price_amount":"278146","product_price_currency":"HUF","og_availability":"instock","product_availability":"instock","product_retailer_item_id":"859991646420","product_condition":"new"},"jetpack_publicize_connections":[],"jetpack_likes_enabled":true,"jetpack_sharing_enabled":true,"jetpack-related-posts":[],"_links":{"self":[{"href":"https:\/\/premiumkeszulek.hu\/hu\/wp-json\/wp\/v2\/product\/14872","targetHints":{"allow":["GET"]}}],"collection":[{"href":"https:\/\/premiumkeszulek.hu\/hu\/wp-json\/wp\/v2\/product"}],"about":[{"href":"https:\/\/premiumkeszulek.hu\/hu\/wp-json\/wp\/v2\/types\/product"}],"replies":[{"embeddable":true,"href":"https:\/\/premiumkeszulek.hu\/hu\/wp-json\/wp\/v2\/comments?post=14872"}],"wp:featuredmedia":[{"embeddable":true,"href":"https:\/\/premiumkeszulek.hu\/hu\/wp-json\/wp\/v2\/media\/14871"}],"wp:attachment":[{"href":"https:\/\/premiumkeszulek.hu\/hu\/wp-json\/wp\/v2\/media?parent=14872"}],"wp:term":[{"taxonomy":"product_brand","embeddable":true,"href":"https:\/\/premiumkeszulek.hu\/hu\/wp-json\/wp\/v2\/product_brand?post=14872"},{"taxonomy":"product_cat","embeddable":true,"href":"https:\/\/premiumkeszulek.hu\/hu\/wp-json\/wp\/v2\/product_cat?post=14872"},{"taxonomy":"product_tag","embeddable":true,"href":"https:\/\/premiumkeszulek.hu\/hu\/wp-json\/wp\/v2\/product_tag?post=14872"},{"taxonomy":"woo-feed-brand","embeddable":true,"href":"https:\/\/premiumkeszulek.hu\/hu\/wp-json\/wp\/v2\/woo-feed-brand?post=14872"}],"curies":[{"name":"wp","href":"https:\/\/api.w.org\/{rel}","templated":true}]}}