{"id":1424,"date":"2025-02-06T15:07:51","date_gmt":"2025-02-06T14:07:51","guid":{"rendered":"https:\/\/premiumkeszulek.hu\/product\/miele-beepitheto-gazlap-km2010\/"},"modified":"2026-04-14T15:48:12","modified_gmt":"2026-04-14T13:48:12","slug":"miele-beepitheto-gazlap-km2010","status":"publish","type":"product","link":"https:\/\/premiumkeszulek.hu\/hu\/termek\/miele-beepitheto-gazlap-km2010\/","title":{"rendered":"MIELE Be\u00e9p\u00edthet\u0151 G\u00e1zlap KM2010"},"content":{"rendered":"<figure class=\"wp-block-image size-full\"><img data-recalc-dims=\"1\" fetchpriority=\"high\" decoding=\"async\" width=\"364\" height=\"138\" data-attachment-id=\"79707\" data-permalink=\"https:\/\/premiumkeszulek.hu\/hu\/?attachment_id=79707\" data-orig-file=\"https:\/\/i0.wp.com\/premiumkeszulek.hu\/wp-content\/uploads\/2026\/04\/images-3.png?fit=364%2C138&amp;ssl=1\" data-orig-size=\"364,138\" data-comments-opened=\"1\" data-image-meta=\"{&quot;aperture&quot;:&quot;0&quot;,&quot;credit&quot;:&quot;&quot;,&quot;camera&quot;:&quot;&quot;,&quot;caption&quot;:&quot;&quot;,&quot;created_timestamp&quot;:&quot;0&quot;,&quot;copyright&quot;:&quot;&quot;,&quot;focal_length&quot;:&quot;0&quot;,&quot;iso&quot;:&quot;0&quot;,&quot;shutter_speed&quot;:&quot;0&quot;,&quot;title&quot;:&quot;&quot;,&quot;orientation&quot;:&quot;0&quot;}\" data-image-title=\"images (3)\" data-image-description=\"\" data-image-caption=\"\" data-medium-file=\"https:\/\/i0.wp.com\/premiumkeszulek.hu\/wp-content\/uploads\/2026\/04\/images-3.png?fit=300%2C114&amp;ssl=1\" data-large-file=\"https:\/\/i0.wp.com\/premiumkeszulek.hu\/wp-content\/uploads\/2026\/04\/images-3.png?fit=364%2C138&amp;ssl=1\" src=\"https:\/\/i0.wp.com\/premiumkeszulek.hu\/wp-content\/uploads\/2026\/04\/images-3.png?resize=364%2C138&#038;ssl=1\" alt=\"\" class=\"wp-image-79707\" srcset=\"https:\/\/i0.wp.com\/premiumkeszulek.hu\/wp-content\/uploads\/2026\/04\/images-3.png?w=364&amp;ssl=1 364w, https:\/\/i0.wp.com\/premiumkeszulek.hu\/wp-content\/uploads\/2026\/04\/images-3.png?resize=300%2C114&amp;ssl=1 300w, https:\/\/i0.wp.com\/premiumkeszulek.hu\/wp-content\/uploads\/2026\/04\/images-3.png?resize=18%2C7&amp;ssl=1 18w\" sizes=\"(max-width: 364px) 100vw, 364px\" \/><\/figure>\n<div class=\"loadbeeTabContent\" data-loadbee-apikey=\"bVxDWaSdseFz5PWWtvKmAkGr88n6WXYY\" data-loadbee-gtin=\"4002514383682\" data-loadbee-locale=\"hu_HU\">\u00a0\n<\/div><script async src=\"https:\/\/cdn.loadbee.com\/js\/loadbee_integration.js\"><\/script> Tervez\u00e9s:\n\tNemesac\u00e9l fel\u00fclet\u0171 g\u00e1z f\u0151z\u0151lap\n\tLevehet\u0151 ed\u00e9nytart\u00f3 f\u00e9mb\u0151l, feket\u00e9re zom\u00e1ncozva\n\tIntegr\u00e1lt kezel\u0151pult\n\tM\u0171anyag gombok\n\t \n\tKezel\u00e9s:\n\tAz el\u00f6l elhelyezett gombokkal\n\tF\u0171t\u00e9s: 4 g\u00e1z z\u00f3na f\u00f6ldg\u00e1zhoz\n\t \n\tJavasolt ed\u00e9ny\u00e1tm\u00e9r\u0151:\n\tTakar\u00e9kos \u00e9g\u0151n\u00e9l: 100-220 mmbr\n\tNorm\u00e1l \u00e9g\u0151n\u00e9l: 120-220 mmbr\n\tNagy teljes\u00edtm\u00e9ny\u0171 \u00e9g\u0151n\u00e9l: 140-240 mm\n\t\n\tKivitel:\n\tEgykezes elektronikus gy\u00fajt\u00e1s\n\t \n\tBiztons\u00e1g:\n\tTermoelektromos \u00e9g\u00e9sbiztos\u00edt\u00e1s\n\t \n\tTartoz\u00e9k:\n\tCsatlakoz\u00f3 k\u00e1bel vill\u00e1sdug\u00f3val\n\t \n\tV\u00e1s\u00e1rolhat\u00f3 tartoz\u00e9k:\n\tMiele ed\u00e9nyek indukci\u00f3s, HighLight \u00e9s g\u00e1zf\u0151z\u0151lapokhoz\n\t \n\tElektromos csatlakoz\u00e1s:\n\tTeljes csatlakoz\u00e1si \u00e9rt\u00e9k: 25 W, AC 230 V, 10 A\n\t \n\tKiv\u00e1g\u00e1si m\u00e9retek:\n\tSz\u00e9less\u00e9g: 560 mm\n\tM\u00e9lys\u00e9g: 480-490 mm","protected":false},"excerpt":{"rendered":"<p>\u00a0 Design: Nemesac\u00e9l fel\u00fclet\u0171 g\u00e1z f\u0151z\u0151lap Levehet\u0151 ed\u00e9nytart\u00f3 f\u00e9mb\u0151l, feket\u00e9re zom\u00e1ncozva Integr\u00e1lt kezel\u0151pult M\u0171anyag gombok Kezel\u00e9s: Az el\u00f6l elhelyezett gombokkal F\u0171t\u00e9s: 4 g\u00e1z z\u00f3na f\u00f6ldg\u00e1zhoz Javasolt ed\u00e9ny\u00e1tm\u00e9r\u0151: Takar\u00e9kos \u00e9g\u0151n\u00e9l: 100-220 mmbr Norm\u00e1l \u00e9g\u0151n\u00e9l: 120-220 mmbr Nagy teljes\u00edtm\u00e9ny\u0171 \u00e9g\u0151n\u00e9l: 140-240 mm Kivitel: Egykezes elektronikus gy\u00fajt\u00e1s Biztons\u00e1g: Termoelektromos \u00e9g\u00e9sbiztos\u00edt\u00e1s Tartoz\u00e9k: Csatlakoz\u00f3 k\u00e1bel vill\u00e1sdug\u00f3val V\u00e1s\u00e1rolhat\u00f3 tartoz\u00e9k: Miele ed\u00e9nyek [&hellip;]<\/p>\n","protected":false},"featured_media":1423,"comment_status":"closed","ping_status":"closed","template":"","meta":{"_crdt_document":"","content-type":"","jetpack_post_was_ever_published":false,"jetpack_publicize_message":"","jetpack_publicize_feature_enabled":true,"jetpack_social_post_already_shared":true,"jetpack_social_options":{"image_generator_settings":{"template":"highway","default_image_id":0,"font":"","enabled":false},"version":2},"_wpas_customize_per_network":false},"product_brand":[1372],"product_cat":[1524,1526,1527],"product_tag":[],"woo-feed-brand":[],"class_list":{"0":"post-1424","1":"product","2":"type-product","3":"status-publish","4":"has-post-thumbnail","6":"product_brand-miele","7":"product_cat-beepitheto-gazfozolap","8":"product_cat-fozolap","9":"product_cat-sutok-es-fozolapok","10":"product_shipping_class-100000felett","12":"first","13":"onbackorder","14":"sale","15":"taxable","16":"shipping-taxable","17":"purchasable","18":"product-type-simple"},"yoast_head":"<!-- This site is optimized with the Yoast SEO Premium plugin v26.9 (Yoast SEO v27.4) - https:\/\/yoast.com\/product\/yoast-seo-premium-wordpress\/ -->\n<title>MIELE Be\u00e9p\u00edthet\u0151 G\u00e1zlap KM2010 - Pr\u00e9miumK\u00e9sz\u00fcl\u00e9k<\/title>\n<meta name=\"description\" content=\"A MIELE Be\u00e9p\u00edthet\u0151 G\u00e1zlap KM2010 ide\u00e1lis v\u00e1laszt\u00e1s a hat\u00e9kony f\u0151z\u00e9shez. \u00c9lvezze a biztons\u00e1gos \u00e9s gyors g\u00e1zf\u0151z\u00e9st ezzel a term\u00e9kkel! \ud83d\udd25\" \/>\n<meta name=\"robots\" content=\"index, follow, max-snippet:-1, max-image-preview:large, max-video-preview:-1\" \/>\n<link rel=\"canonical\" href=\"https:\/\/premiumkeszulek.hu\/hu\/termek\/miele-beepitheto-gazlap-km2010\/\" \/>\n<meta property=\"og:locale\" content=\"hu_HU\" \/>\n<meta property=\"og:type\" content=\"article\" \/>\n<meta property=\"og:title\" content=\"MIELE Be\u00e9p\u00edthet\u0151 G\u00e1zlap KM2010\" \/>\n<meta property=\"og:description\" content=\"A MIELE Be\u00e9p\u00edthet\u0151 G\u00e1zlap KM2010 ide\u00e1lis v\u00e1laszt\u00e1s a hat\u00e9kony f\u0151z\u00e9shez. \u00c9lvezze a biztons\u00e1gos \u00e9s gyors g\u00e1zf\u0151z\u00e9st ezzel a term\u00e9kkel! \ud83d\udd25\" \/>\n<meta property=\"og:url\" content=\"https:\/\/premiumkeszulek.hu\/hu\/termek\/miele-beepitheto-gazlap-km2010\/\" \/>\n<meta property=\"og:site_name\" content=\"Pr\u00e9miumK\u00e9sz\u00fcl\u00e9k\" \/>\n<meta property=\"article:publisher\" content=\"https:\/\/www.facebook.com\/konyhaluxnet\" \/>\n<meta property=\"article:modified_time\" content=\"2026-04-14T13:48:12+00:00\" \/>\n<meta property=\"og:image\" content=\"https:\/\/i0.wp.com\/premiumkeszulek.hu\/wp-content\/uploads\/2025\/02\/km2010_1.jpg?fit=1000%2C1000&ssl=1\" \/>\n\t<meta property=\"og:image:width\" content=\"1000\" \/>\n\t<meta property=\"og:image:height\" content=\"1000\" \/>\n\t<meta property=\"og:image:type\" content=\"image\/jpeg\" \/>\n<meta name=\"twitter:card\" content=\"summary_large_image\" \/>\n<meta name=\"twitter:label1\" content=\"\u00c1r\" \/>\n\t<meta name=\"twitter:data1\" content=\"379.905&#070;&#116;\" \/>\n\t<meta name=\"twitter:label2\" content=\"El\u00e9rhet\u0151s\u00e9g\" \/>\n\t<meta name=\"twitter:data2\" content=\"Beszerz\u00e9s alatt\" \/>\n<script type=\"application\/ld+json\" class=\"yoast-schema-graph\">{\"@context\":\"https:\\\/\\\/schema.org\",\"@graph\":[{\"@type\":\"WebPage\",\"@id\":\"https:\\\/\\\/premiumkeszulek.hu\\\/hu\\\/termek\\\/miele-beepitheto-gazlap-km2010\\\/\",\"url\":\"https:\\\/\\\/premiumkeszulek.hu\\\/hu\\\/termek\\\/miele-beepitheto-gazlap-km2010\\\/\",\"name\":\"MIELE Be\u00e9p\u00edthet\u0151 G\u00e1zlap KM2010 - Pr\u00e9miumK\u00e9sz\u00fcl\u00e9k\",\"isPartOf\":{\"@id\":\"https:\\\/\\\/premiumkeszulek.hu\\\/hu\\\/#website\"},\"primaryImageOfPage\":{\"@id\":\"https:\\\/\\\/premiumkeszulek.hu\\\/hu\\\/termek\\\/miele-beepitheto-gazlap-km2010\\\/#primaryimage\"},\"image\":{\"@id\":\"https:\\\/\\\/premiumkeszulek.hu\\\/hu\\\/termek\\\/miele-beepitheto-gazlap-km2010\\\/#primaryimage\"},\"thumbnailUrl\":\"https:\\\/\\\/i0.wp.com\\\/premiumkeszulek.hu\\\/wp-content\\\/uploads\\\/2025\\\/02\\\/km2010_1.jpg?fit=1000%2C1000&ssl=1\",\"datePublished\":\"2025-02-06T14:07:51+00:00\",\"dateModified\":\"2026-04-14T13:48:12+00:00\",\"description\":\"A MIELE Be\u00e9p\u00edthet\u0151 G\u00e1zlap KM2010 ide\u00e1lis v\u00e1laszt\u00e1s a hat\u00e9kony f\u0151z\u00e9shez. \u00c9lvezze a biztons\u00e1gos \u00e9s gyors g\u00e1zf\u0151z\u00e9st ezzel a term\u00e9kkel! \ud83d\udd25\",\"breadcrumb\":{\"@id\":\"https:\\\/\\\/premiumkeszulek.hu\\\/hu\\\/termek\\\/miele-beepitheto-gazlap-km2010\\\/#breadcrumb\"},\"inLanguage\":\"hu\",\"potentialAction\":[{\"@type\":\"ReadAction\",\"target\":[\"https:\\\/\\\/premiumkeszulek.hu\\\/hu\\\/termek\\\/miele-beepitheto-gazlap-km2010\\\/\"]}]},{\"@type\":\"ImageObject\",\"inLanguage\":\"hu\",\"@id\":\"https:\\\/\\\/premiumkeszulek.hu\\\/hu\\\/termek\\\/miele-beepitheto-gazlap-km2010\\\/#primaryimage\",\"url\":\"https:\\\/\\\/i0.wp.com\\\/premiumkeszulek.hu\\\/wp-content\\\/uploads\\\/2025\\\/02\\\/km2010_1.jpg?fit=1000%2C1000&ssl=1\",\"contentUrl\":\"https:\\\/\\\/i0.wp.com\\\/premiumkeszulek.hu\\\/wp-content\\\/uploads\\\/2025\\\/02\\\/km2010_1.jpg?fit=1000%2C1000&ssl=1\",\"width\":1000,\"height\":1000},{\"@type\":\"BreadcrumbList\",\"@id\":\"https:\\\/\\\/premiumkeszulek.hu\\\/hu\\\/termek\\\/miele-beepitheto-gazlap-km2010\\\/#breadcrumb\",\"itemListElement\":[{\"@type\":\"ListItem\",\"position\":1,\"name\":\"Home\",\"item\":\"https:\\\/\\\/premiumkeszulek.hu\\\/hu\\\/\"},{\"@type\":\"ListItem\",\"position\":2,\"name\":\"Shop\",\"item\":\"https:\\\/\\\/premiumkeszulek.hu\\\/hu\\\/shop\\\/\"},{\"@type\":\"ListItem\",\"position\":3,\"name\":\"MIELE Be\u00e9p\u00edthet\u0151 G\u00e1zlap KM2010\"}]},{\"@type\":\"WebSite\",\"@id\":\"https:\\\/\\\/premiumkeszulek.hu\\\/hu\\\/#website\",\"url\":\"https:\\\/\\\/premiumkeszulek.hu\\\/hu\\\/\",\"name\":\"Pr\u00e9miumK\u00e9sz\u00fcl\u00e9k\",\"description\":\"\",\"publisher\":{\"@id\":\"https:\\\/\\\/premiumkeszulek.hu\\\/hu\\\/#organization\"},\"potentialAction\":[{\"@type\":\"SearchAction\",\"target\":{\"@type\":\"EntryPoint\",\"urlTemplate\":\"https:\\\/\\\/premiumkeszulek.hu\\\/hu\\\/?s={search_term_string}\"},\"query-input\":{\"@type\":\"PropertyValueSpecification\",\"valueRequired\":true,\"valueName\":\"search_term_string\"}}],\"inLanguage\":\"hu\"},{\"@type\":\"Organization\",\"@id\":\"https:\\\/\\\/premiumkeszulek.hu\\\/hu\\\/#organization\",\"name\":\"Pr\u00e9miumK\u00e9sz\u00fcl\u00e9k\",\"alternateName\":\"HPH Special Kft\",\"url\":\"https:\\\/\\\/premiumkeszulek.hu\\\/hu\\\/\",\"logo\":{\"@type\":\"ImageObject\",\"inLanguage\":\"hu\",\"@id\":\"https:\\\/\\\/premiumkeszulek.hu\\\/hu\\\/#\\\/schema\\\/logo\\\/image\\\/\",\"url\":\"http:\\\/\\\/premiumkeszulek.hu\\\/wp-content\\\/uploads\\\/2025\\\/03\\\/TURKIZLOGO-kicsi.png\",\"contentUrl\":\"http:\\\/\\\/premiumkeszulek.hu\\\/wp-content\\\/uploads\\\/2025\\\/03\\\/TURKIZLOGO-kicsi.png\",\"width\":1600,\"height\":547,\"caption\":\"Pr\u00e9miumK\u00e9sz\u00fcl\u00e9k\"},\"image\":{\"@id\":\"https:\\\/\\\/premiumkeszulek.hu\\\/hu\\\/#\\\/schema\\\/logo\\\/image\\\/\"},\"sameAs\":[\"https:\\\/\\\/www.facebook.com\\\/konyhaluxnet\",\"https:\\\/\\\/www.instagram.com\\\/konyhaluxnet\\\/#\"],\"email\":\"info@premiumkeszulek.hu\",\"telephone\":\"36 1 \\\/ 226-1992\",\"legalName\":\"HPH Special Kft\",\"vatID\":\"HU12549502\",\"taxID\":\"12549502\",\"hasMerchantReturnPolicy\":{\"@type\":\"MerchantReturnPolicy\",\"merchantReturnLink\":\"https:\\\/\\\/premiumkeszulek.hu\\\/hu\\\/altalanos-szerzodesi-es-felhasznalasi-feltetelek\\\/\"}}]}<\/script>\n<meta property=\"product:brand\" content=\"Miele\" \/>\n<meta property=\"product:price:amount\" content=\"379905\" \/>\n<meta property=\"product:price:currency\" content=\"HUF\" \/>\n<meta property=\"og:availability\" content=\"backorder\" \/>\n<meta property=\"product:availability\" content=\"available for order\" \/>\n<meta property=\"product:retailer_item_id\" content=\"4002514383682\" \/>\n<meta property=\"product:condition\" content=\"new\" \/>\n<!-- \/ Yoast SEO Premium plugin. -->","yoast_head_json":{"title":"MIELE Be\u00e9p\u00edthet\u0151 G\u00e1zlap KM2010 - Pr\u00e9miumK\u00e9sz\u00fcl\u00e9k","description":"A MIELE Be\u00e9p\u00edthet\u0151 G\u00e1zlap KM2010 ide\u00e1lis v\u00e1laszt\u00e1s a hat\u00e9kony f\u0151z\u00e9shez. \u00c9lvezze a biztons\u00e1gos \u00e9s gyors g\u00e1zf\u0151z\u00e9st ezzel a term\u00e9kkel! \ud83d\udd25","robots":{"index":"index","follow":"follow","max-snippet":"max-snippet:-1","max-image-preview":"max-image-preview:large","max-video-preview":"max-video-preview:-1"},"canonical":"https:\/\/premiumkeszulek.hu\/hu\/termek\/miele-beepitheto-gazlap-km2010\/","og_locale":"hu_HU","og_type":"article","og_title":"MIELE Be\u00e9p\u00edthet\u0151 G\u00e1zlap KM2010","og_description":"A MIELE Be\u00e9p\u00edthet\u0151 G\u00e1zlap KM2010 ide\u00e1lis v\u00e1laszt\u00e1s a hat\u00e9kony f\u0151z\u00e9shez. \u00c9lvezze a biztons\u00e1gos \u00e9s gyors g\u00e1zf\u0151z\u00e9st ezzel a term\u00e9kkel! \ud83d\udd25","og_url":"https:\/\/premiumkeszulek.hu\/hu\/termek\/miele-beepitheto-gazlap-km2010\/","og_site_name":"Pr\u00e9miumK\u00e9sz\u00fcl\u00e9k","article_publisher":"https:\/\/www.facebook.com\/konyhaluxnet","article_modified_time":"2026-04-14T13:48:12+00:00","og_image":[{"width":1000,"height":1000,"url":"https:\/\/i0.wp.com\/premiumkeszulek.hu\/wp-content\/uploads\/2025\/02\/km2010_1.jpg?fit=1000%2C1000&ssl=1","type":"image\/jpeg"}],"twitter_card":"summary_large_image","twitter_misc":{"\u00c1r":"379.905&#70;&#116;","El\u00e9rhet\u0151s\u00e9g":"Beszerz\u00e9s alatt"},"schema":{"@context":"https:\/\/schema.org","@graph":[{"@type":"WebPage","@id":"https:\/\/premiumkeszulek.hu\/hu\/termek\/miele-beepitheto-gazlap-km2010\/","url":"https:\/\/premiumkeszulek.hu\/hu\/termek\/miele-beepitheto-gazlap-km2010\/","name":"MIELE Be\u00e9p\u00edthet\u0151 G\u00e1zlap KM2010 - Pr\u00e9miumK\u00e9sz\u00fcl\u00e9k","isPartOf":{"@id":"https:\/\/premiumkeszulek.hu\/hu\/#website"},"primaryImageOfPage":{"@id":"https:\/\/premiumkeszulek.hu\/hu\/termek\/miele-beepitheto-gazlap-km2010\/#primaryimage"},"image":{"@id":"https:\/\/premiumkeszulek.hu\/hu\/termek\/miele-beepitheto-gazlap-km2010\/#primaryimage"},"thumbnailUrl":"https:\/\/i0.wp.com\/premiumkeszulek.hu\/wp-content\/uploads\/2025\/02\/km2010_1.jpg?fit=1000%2C1000&ssl=1","datePublished":"2025-02-06T14:07:51+00:00","dateModified":"2026-04-14T13:48:12+00:00","description":"A MIELE Be\u00e9p\u00edthet\u0151 G\u00e1zlap KM2010 ide\u00e1lis v\u00e1laszt\u00e1s a hat\u00e9kony f\u0151z\u00e9shez. \u00c9lvezze a biztons\u00e1gos \u00e9s gyors g\u00e1zf\u0151z\u00e9st ezzel a term\u00e9kkel! \ud83d\udd25","breadcrumb":{"@id":"https:\/\/premiumkeszulek.hu\/hu\/termek\/miele-beepitheto-gazlap-km2010\/#breadcrumb"},"inLanguage":"hu","potentialAction":[{"@type":"ReadAction","target":["https:\/\/premiumkeszulek.hu\/hu\/termek\/miele-beepitheto-gazlap-km2010\/"]}]},{"@type":"ImageObject","inLanguage":"hu","@id":"https:\/\/premiumkeszulek.hu\/hu\/termek\/miele-beepitheto-gazlap-km2010\/#primaryimage","url":"https:\/\/i0.wp.com\/premiumkeszulek.hu\/wp-content\/uploads\/2025\/02\/km2010_1.jpg?fit=1000%2C1000&ssl=1","contentUrl":"https:\/\/i0.wp.com\/premiumkeszulek.hu\/wp-content\/uploads\/2025\/02\/km2010_1.jpg?fit=1000%2C1000&ssl=1","width":1000,"height":1000},{"@type":"BreadcrumbList","@id":"https:\/\/premiumkeszulek.hu\/hu\/termek\/miele-beepitheto-gazlap-km2010\/#breadcrumb","itemListElement":[{"@type":"ListItem","position":1,"name":"Home","item":"https:\/\/premiumkeszulek.hu\/hu\/"},{"@type":"ListItem","position":2,"name":"Shop","item":"https:\/\/premiumkeszulek.hu\/hu\/shop\/"},{"@type":"ListItem","position":3,"name":"MIELE Be\u00e9p\u00edthet\u0151 G\u00e1zlap KM2010"}]},{"@type":"WebSite","@id":"https:\/\/premiumkeszulek.hu\/hu\/#website","url":"https:\/\/premiumkeszulek.hu\/hu\/","name":"Pr\u00e9miumK\u00e9sz\u00fcl\u00e9k","description":"","publisher":{"@id":"https:\/\/premiumkeszulek.hu\/hu\/#organization"},"potentialAction":[{"@type":"SearchAction","target":{"@type":"EntryPoint","urlTemplate":"https:\/\/premiumkeszulek.hu\/hu\/?s={search_term_string}"},"query-input":{"@type":"PropertyValueSpecification","valueRequired":true,"valueName":"search_term_string"}}],"inLanguage":"hu"},{"@type":"Organization","@id":"https:\/\/premiumkeszulek.hu\/hu\/#organization","name":"Pr\u00e9miumK\u00e9sz\u00fcl\u00e9k","alternateName":"HPH Special Kft","url":"https:\/\/premiumkeszulek.hu\/hu\/","logo":{"@type":"ImageObject","inLanguage":"hu","@id":"https:\/\/premiumkeszulek.hu\/hu\/#\/schema\/logo\/image\/","url":"http:\/\/premiumkeszulek.hu\/wp-content\/uploads\/2025\/03\/TURKIZLOGO-kicsi.png","contentUrl":"http:\/\/premiumkeszulek.hu\/wp-content\/uploads\/2025\/03\/TURKIZLOGO-kicsi.png","width":1600,"height":547,"caption":"Pr\u00e9miumK\u00e9sz\u00fcl\u00e9k"},"image":{"@id":"https:\/\/premiumkeszulek.hu\/hu\/#\/schema\/logo\/image\/"},"sameAs":["https:\/\/www.facebook.com\/konyhaluxnet","https:\/\/www.instagram.com\/konyhaluxnet\/#"],"email":"info@premiumkeszulek.hu","telephone":"36 1 \/ 226-1992","legalName":"HPH Special Kft","vatID":"HU12549502","taxID":"12549502","hasMerchantReturnPolicy":{"@type":"MerchantReturnPolicy","merchantReturnLink":"https:\/\/premiumkeszulek.hu\/hu\/altalanos-szerzodesi-es-felhasznalasi-feltetelek\/"}}]},"product_brand":"Miele","product_price_amount":"379905","product_price_currency":"HUF","og_availability":"backorder","product_availability":"available for order","product_retailer_item_id":"4002514383682","product_condition":"new"},"jetpack_publicize_connections":[],"jetpack_likes_enabled":true,"jetpack_sharing_enabled":true,"jetpack-related-posts":[],"_links":{"self":[{"href":"https:\/\/premiumkeszulek.hu\/hu\/wp-json\/wp\/v2\/product\/1424","targetHints":{"allow":["GET"]}}],"collection":[{"href":"https:\/\/premiumkeszulek.hu\/hu\/wp-json\/wp\/v2\/product"}],"about":[{"href":"https:\/\/premiumkeszulek.hu\/hu\/wp-json\/wp\/v2\/types\/product"}],"replies":[{"embeddable":true,"href":"https:\/\/premiumkeszulek.hu\/hu\/wp-json\/wp\/v2\/comments?post=1424"}],"wp:featuredmedia":[{"embeddable":true,"href":"https:\/\/premiumkeszulek.hu\/hu\/wp-json\/wp\/v2\/media\/1423"}],"wp:attachment":[{"href":"https:\/\/premiumkeszulek.hu\/hu\/wp-json\/wp\/v2\/media?parent=1424"}],"wp:term":[{"taxonomy":"product_brand","embeddable":true,"href":"https:\/\/premiumkeszulek.hu\/hu\/wp-json\/wp\/v2\/product_brand?post=1424"},{"taxonomy":"product_cat","embeddable":true,"href":"https:\/\/premiumkeszulek.hu\/hu\/wp-json\/wp\/v2\/product_cat?post=1424"},{"taxonomy":"product_tag","embeddable":true,"href":"https:\/\/premiumkeszulek.hu\/hu\/wp-json\/wp\/v2\/product_tag?post=1424"},{"taxonomy":"woo-feed-brand","embeddable":true,"href":"https:\/\/premiumkeszulek.hu\/hu\/wp-json\/wp\/v2\/woo-feed-brand?post=1424"}],"curies":[{"name":"wp","href":"https:\/\/api.w.org\/{rel}","templated":true}]}}