{"id":14041,"date":"2025-04-28T17:30:03","date_gmt":"2025-04-28T15:30:03","guid":{"rendered":"https:\/\/premiumkeszulek.hu\/termek\/whirlpool-whc18-t574-p-total-no-frost-beepitheto-hutoszekreny\/"},"modified":"2026-04-15T20:02:15","modified_gmt":"2026-04-15T18:02:15","slug":"whirlpool-whc18-t574-p-total-no-frost-beepitheto-hutoszekreny","status":"publish","type":"product","link":"https:\/\/premiumkeszulek.hu\/hu\/termek\/whirlpool-whc18-t574-p-total-no-frost-beepitheto-hutoszekreny\/","title":{"rendered":"Whirlpool WHC18 T574 P Total No Frost be\u00e9p\u00edthet\u0151 h\u0171t\u0151szekr\u00e9ny"},"content":{"rendered":"<p>\t6. \u00c9rz\u00e9k Freeze Control,<br \/>\n\t\u00d6sszesen No Frost technol\u00f3gia,<br \/>\n\tF\u00e9m Multiflow,<br \/>\n\tLED vil\u00e1g\u00edt\u00e1s,<br \/>\n\tdigit\u00e1lis kijelz\u0151 \u00e9rint\u0151 gombokkal,<br \/>\n\tgyorsfagyaszt\u00e1s,<br \/>\n\tparty \u00fczemm\u00f3d,<br \/>\n\tvak\u00e1ci\u00f3 \u00fczemm\u00f3d,<br \/>\n\tKiolvaszt\u00e1s fagyaszt\u00f3r\u00e9sz Automatikus<br \/>\n\tKiolvaszt\u00e1s h\u0171t\u0151r\u00e9sz Automatikus<br \/>\n\tGyors h\u0171t\u00e9si lehet\u0151s\u00e9g Igen<br \/>\n\tNyitva maradt ajt\u00f3 jelz\u00e9s\u00a0<\/p>","protected":false},"excerpt":{"rendered":"<p>6. \u00c9rz\u00e9k Freeze Control, Total No Frost technol\u00f3gia, Metal Multiflow, LED vil\u00e1g\u00edt\u00e1s, digit\u00e1lis kijelz\u0151 \u00e9rint\u0151 gombokkal, gyorsfagyaszt\u00e1s, party \u00fczemm\u00f3d, vak\u00e1ci\u00f3 \u00fczemm\u00f3d, Kiolvaszt\u00e1s fagyaszt\u00f3r\u00e9sz Automatikus Kiolvaszt\u00e1s h\u0171t\u0151r\u00e9sz Automatikus Gyors h\u0171t\u00e9si lehet\u0151s\u00e9g Igen Nyitva maradt ajt\u00f3 jelz\u00e9s\u00a0<\/p>","protected":false},"featured_media":14040,"comment_status":"closed","ping_status":"closed","template":"","meta":{"_crdt_document":"","content-type":"","jetpack_post_was_ever_published":false,"jetpack_publicize_message":"","jetpack_publicize_feature_enabled":true,"jetpack_social_post_already_shared":true,"jetpack_social_options":{"image_generator_settings":{"template":"highway","default_image_id":0,"font":"","enabled":false},"version":2},"_wpas_customize_per_network":false},"product_brand":[6849],"product_cat":[1405,1404],"product_tag":[],"woo-feed-brand":[],"class_list":{"0":"post-14041","1":"product","2":"type-product","3":"status-publish","4":"has-post-thumbnail","6":"product_brand-whirlpool","7":"product_cat-beepithetohuto","8":"product_cat-hutokfagyasztok","9":"product_shipping_class-100000felett","11":"first","12":"instock","13":"sale","14":"taxable","15":"shipping-taxable","16":"purchasable","17":"product-type-simple"},"yoast_head":"<!-- This site is optimized with the Yoast SEO Premium plugin v26.9 (Yoast SEO v27.4) - https:\/\/yoast.com\/product\/yoast-seo-premium-wordpress\/ -->\n<title>Whirlpool WHC18 T574 P Total No Frost be\u00e9p\u00edthet\u0151 h\u0171t\u0151szekr\u00e9ny - Pr\u00e9miumK\u00e9sz\u00fcl\u00e9k<\/title>\n<meta name=\"robots\" content=\"index, follow, max-snippet:-1, max-image-preview:large, max-video-preview:-1\" \/>\n<link rel=\"canonical\" href=\"https:\/\/premiumkeszulek.hu\/hu\/termek\/whirlpool-whc18-t574-p-total-no-frost-beepitheto-hutoszekreny\/\" \/>\n<meta property=\"og:locale\" content=\"hu_HU\" \/>\n<meta property=\"og:type\" content=\"article\" \/>\n<meta property=\"og:title\" content=\"Whirlpool WHC18 T574 P Total No Frost be\u00e9p\u00edthet\u0151 h\u0171t\u0151szekr\u00e9ny\" \/>\n<meta property=\"og:description\" content=\"6. \u00c9rz\u00e9k Freeze Control, Total No Frost technol\u00f3gia, Metal Multiflow, LED vil\u00e1g\u00edt\u00e1s, digit\u00e1lis kijelz\u0151 \u00e9rint\u0151 gombokkal, gyorsfagyaszt\u00e1s, party \u00fczemm\u00f3d, vak\u00e1ci\u00f3 \u00fczemm\u00f3d, Kiolvaszt\u00e1s fagyaszt\u00f3r\u00e9sz Automatikus Kiolvaszt\u00e1s h\u0171t\u0151r\u00e9sz Automatikus Gyors h\u0171t\u00e9si lehet\u0151s\u00e9g Igen Nyitva maradt ajt\u00f3 jelz\u00e9s\u00a0\" \/>\n<meta property=\"og:url\" content=\"https:\/\/premiumkeszulek.hu\/hu\/termek\/whirlpool-whc18-t574-p-total-no-frost-beepitheto-hutoszekreny\/\" \/>\n<meta property=\"og:site_name\" content=\"Pr\u00e9miumK\u00e9sz\u00fcl\u00e9k\" \/>\n<meta property=\"article:publisher\" content=\"https:\/\/www.facebook.com\/konyhaluxnet\" \/>\n<meta property=\"article:modified_time\" content=\"2026-04-15T18:02:15+00:00\" \/>\n<meta property=\"og:image\" content=\"https:\/\/i0.wp.com\/premiumkeszulek.hu\/wp-content\/uploads\/2025\/04\/WHC18T574P-111.jpg?fit=800%2C800&ssl=1\" \/>\n\t<meta property=\"og:image:width\" content=\"800\" \/>\n\t<meta property=\"og:image:height\" content=\"800\" \/>\n\t<meta property=\"og:image:type\" content=\"image\/jpeg\" \/>\n<meta name=\"twitter:card\" content=\"summary_large_image\" \/>\n<meta name=\"twitter:label1\" content=\"\u00c1r\" \/>\n\t<meta name=\"twitter:data1\" content=\"324.805&#070;&#116;\" \/>\n\t<meta name=\"twitter:label2\" content=\"El\u00e9rhet\u0151s\u00e9g\" \/>\n\t<meta name=\"twitter:data2\" content=\"K\u00e9szleten\" \/>\n<script type=\"application\/ld+json\" class=\"yoast-schema-graph\">{\"@context\":\"https:\\\/\\\/schema.org\",\"@graph\":[{\"@type\":\"WebPage\",\"@id\":\"https:\\\/\\\/premiumkeszulek.hu\\\/hu\\\/termek\\\/whirlpool-whc18-t574-p-total-no-frost-beepitheto-hutoszekreny\\\/\",\"url\":\"https:\\\/\\\/premiumkeszulek.hu\\\/hu\\\/termek\\\/whirlpool-whc18-t574-p-total-no-frost-beepitheto-hutoszekreny\\\/\",\"name\":\"Whirlpool WHC18 T574 P Total No Frost be\u00e9p\u00edthet\u0151 h\u0171t\u0151szekr\u00e9ny - Pr\u00e9miumK\u00e9sz\u00fcl\u00e9k\",\"isPartOf\":{\"@id\":\"https:\\\/\\\/premiumkeszulek.hu\\\/hu\\\/#website\"},\"primaryImageOfPage\":{\"@id\":\"https:\\\/\\\/premiumkeszulek.hu\\\/hu\\\/termek\\\/whirlpool-whc18-t574-p-total-no-frost-beepitheto-hutoszekreny\\\/#primaryimage\"},\"image\":{\"@id\":\"https:\\\/\\\/premiumkeszulek.hu\\\/hu\\\/termek\\\/whirlpool-whc18-t574-p-total-no-frost-beepitheto-hutoszekreny\\\/#primaryimage\"},\"thumbnailUrl\":\"https:\\\/\\\/i0.wp.com\\\/premiumkeszulek.hu\\\/wp-content\\\/uploads\\\/2025\\\/04\\\/WHC18T574P-111.jpg?fit=800%2C800&ssl=1\",\"datePublished\":\"2025-04-28T15:30:03+00:00\",\"dateModified\":\"2026-04-15T18:02:15+00:00\",\"breadcrumb\":{\"@id\":\"https:\\\/\\\/premiumkeszulek.hu\\\/hu\\\/termek\\\/whirlpool-whc18-t574-p-total-no-frost-beepitheto-hutoszekreny\\\/#breadcrumb\"},\"inLanguage\":\"hu\",\"potentialAction\":[{\"@type\":\"ReadAction\",\"target\":[\"https:\\\/\\\/premiumkeszulek.hu\\\/hu\\\/termek\\\/whirlpool-whc18-t574-p-total-no-frost-beepitheto-hutoszekreny\\\/\"]}]},{\"@type\":\"ImageObject\",\"inLanguage\":\"hu\",\"@id\":\"https:\\\/\\\/premiumkeszulek.hu\\\/hu\\\/termek\\\/whirlpool-whc18-t574-p-total-no-frost-beepitheto-hutoszekreny\\\/#primaryimage\",\"url\":\"https:\\\/\\\/i0.wp.com\\\/premiumkeszulek.hu\\\/wp-content\\\/uploads\\\/2025\\\/04\\\/WHC18T574P-111.jpg?fit=800%2C800&ssl=1\",\"contentUrl\":\"https:\\\/\\\/i0.wp.com\\\/premiumkeszulek.hu\\\/wp-content\\\/uploads\\\/2025\\\/04\\\/WHC18T574P-111.jpg?fit=800%2C800&ssl=1\",\"width\":800,\"height\":800},{\"@type\":\"BreadcrumbList\",\"@id\":\"https:\\\/\\\/premiumkeszulek.hu\\\/hu\\\/termek\\\/whirlpool-whc18-t574-p-total-no-frost-beepitheto-hutoszekreny\\\/#breadcrumb\",\"itemListElement\":[{\"@type\":\"ListItem\",\"position\":1,\"name\":\"Home\",\"item\":\"https:\\\/\\\/premiumkeszulek.hu\\\/hu\\\/\"},{\"@type\":\"ListItem\",\"position\":2,\"name\":\"Shop\",\"item\":\"https:\\\/\\\/premiumkeszulek.hu\\\/hu\\\/shop\\\/\"},{\"@type\":\"ListItem\",\"position\":3,\"name\":\"Whirlpool WHC18 T574 P Total No Frost be\u00e9p\u00edthet\u0151 h\u0171t\u0151szekr\u00e9ny\"}]},{\"@type\":\"WebSite\",\"@id\":\"https:\\\/\\\/premiumkeszulek.hu\\\/hu\\\/#website\",\"url\":\"https:\\\/\\\/premiumkeszulek.hu\\\/hu\\\/\",\"name\":\"Pr\u00e9miumK\u00e9sz\u00fcl\u00e9k\",\"description\":\"\",\"publisher\":{\"@id\":\"https:\\\/\\\/premiumkeszulek.hu\\\/hu\\\/#organization\"},\"potentialAction\":[{\"@type\":\"SearchAction\",\"target\":{\"@type\":\"EntryPoint\",\"urlTemplate\":\"https:\\\/\\\/premiumkeszulek.hu\\\/hu\\\/?s={search_term_string}\"},\"query-input\":{\"@type\":\"PropertyValueSpecification\",\"valueRequired\":true,\"valueName\":\"search_term_string\"}}],\"inLanguage\":\"hu\"},{\"@type\":\"Organization\",\"@id\":\"https:\\\/\\\/premiumkeszulek.hu\\\/hu\\\/#organization\",\"name\":\"Pr\u00e9miumK\u00e9sz\u00fcl\u00e9k\",\"alternateName\":\"HPH Special Kft\",\"url\":\"https:\\\/\\\/premiumkeszulek.hu\\\/hu\\\/\",\"logo\":{\"@type\":\"ImageObject\",\"inLanguage\":\"hu\",\"@id\":\"https:\\\/\\\/premiumkeszulek.hu\\\/hu\\\/#\\\/schema\\\/logo\\\/image\\\/\",\"url\":\"http:\\\/\\\/premiumkeszulek.hu\\\/wp-content\\\/uploads\\\/2025\\\/03\\\/TURKIZLOGO-kicsi.png\",\"contentUrl\":\"http:\\\/\\\/premiumkeszulek.hu\\\/wp-content\\\/uploads\\\/2025\\\/03\\\/TURKIZLOGO-kicsi.png\",\"width\":1600,\"height\":547,\"caption\":\"Pr\u00e9miumK\u00e9sz\u00fcl\u00e9k\"},\"image\":{\"@id\":\"https:\\\/\\\/premiumkeszulek.hu\\\/hu\\\/#\\\/schema\\\/logo\\\/image\\\/\"},\"sameAs\":[\"https:\\\/\\\/www.facebook.com\\\/konyhaluxnet\",\"https:\\\/\\\/www.instagram.com\\\/konyhaluxnet\\\/#\"],\"email\":\"info@premiumkeszulek.hu\",\"telephone\":\"36 1 \\\/ 226-1992\",\"legalName\":\"HPH Special Kft\",\"vatID\":\"HU12549502\",\"taxID\":\"12549502\",\"hasMerchantReturnPolicy\":{\"@type\":\"MerchantReturnPolicy\",\"merchantReturnLink\":\"https:\\\/\\\/premiumkeszulek.hu\\\/hu\\\/altalanos-szerzodesi-es-felhasznalasi-feltetelek\\\/\"}}]}<\/script>\n<meta property=\"product:brand\" content=\"Whirlpool\" \/>\n<meta property=\"product:price:amount\" content=\"324805\" \/>\n<meta property=\"product:price:currency\" content=\"HUF\" \/>\n<meta property=\"og:availability\" content=\"instock\" \/>\n<meta property=\"product:availability\" content=\"instock\" \/>\n<meta property=\"product:retailer_item_id\" content=\"859991635750\" \/>\n<meta property=\"product:condition\" content=\"new\" \/>\n<!-- \/ Yoast SEO Premium plugin. -->","yoast_head_json":{"title":"Whirlpool WHC18 T574 P Total No Frost be\u00e9p\u00edthet\u0151 h\u0171t\u0151szekr\u00e9ny - Pr\u00e9miumK\u00e9sz\u00fcl\u00e9k","robots":{"index":"index","follow":"follow","max-snippet":"max-snippet:-1","max-image-preview":"max-image-preview:large","max-video-preview":"max-video-preview:-1"},"canonical":"https:\/\/premiumkeszulek.hu\/hu\/termek\/whirlpool-whc18-t574-p-total-no-frost-beepitheto-hutoszekreny\/","og_locale":"hu_HU","og_type":"article","og_title":"Whirlpool WHC18 T574 P Total No Frost be\u00e9p\u00edthet\u0151 h\u0171t\u0151szekr\u00e9ny","og_description":"6. \u00c9rz\u00e9k Freeze Control, Total No Frost technol\u00f3gia, Metal Multiflow, LED vil\u00e1g\u00edt\u00e1s, digit\u00e1lis kijelz\u0151 \u00e9rint\u0151 gombokkal, gyorsfagyaszt\u00e1s, party \u00fczemm\u00f3d, vak\u00e1ci\u00f3 \u00fczemm\u00f3d, Kiolvaszt\u00e1s fagyaszt\u00f3r\u00e9sz Automatikus Kiolvaszt\u00e1s h\u0171t\u0151r\u00e9sz Automatikus Gyors h\u0171t\u00e9si lehet\u0151s\u00e9g Igen Nyitva maradt ajt\u00f3 jelz\u00e9s\u00a0","og_url":"https:\/\/premiumkeszulek.hu\/hu\/termek\/whirlpool-whc18-t574-p-total-no-frost-beepitheto-hutoszekreny\/","og_site_name":"Pr\u00e9miumK\u00e9sz\u00fcl\u00e9k","article_publisher":"https:\/\/www.facebook.com\/konyhaluxnet","article_modified_time":"2026-04-15T18:02:15+00:00","og_image":[{"width":800,"height":800,"url":"https:\/\/i0.wp.com\/premiumkeszulek.hu\/wp-content\/uploads\/2025\/04\/WHC18T574P-111.jpg?fit=800%2C800&ssl=1","type":"image\/jpeg"}],"twitter_card":"summary_large_image","twitter_misc":{"\u00c1r":"324.805&#70;&#116;","El\u00e9rhet\u0151s\u00e9g":"K\u00e9szleten"},"schema":{"@context":"https:\/\/schema.org","@graph":[{"@type":"WebPage","@id":"https:\/\/premiumkeszulek.hu\/hu\/termek\/whirlpool-whc18-t574-p-total-no-frost-beepitheto-hutoszekreny\/","url":"https:\/\/premiumkeszulek.hu\/hu\/termek\/whirlpool-whc18-t574-p-total-no-frost-beepitheto-hutoszekreny\/","name":"Whirlpool WHC18 T574 P Total No Frost be\u00e9p\u00edthet\u0151 h\u0171t\u0151szekr\u00e9ny - Pr\u00e9miumK\u00e9sz\u00fcl\u00e9k","isPartOf":{"@id":"https:\/\/premiumkeszulek.hu\/hu\/#website"},"primaryImageOfPage":{"@id":"https:\/\/premiumkeszulek.hu\/hu\/termek\/whirlpool-whc18-t574-p-total-no-frost-beepitheto-hutoszekreny\/#primaryimage"},"image":{"@id":"https:\/\/premiumkeszulek.hu\/hu\/termek\/whirlpool-whc18-t574-p-total-no-frost-beepitheto-hutoszekreny\/#primaryimage"},"thumbnailUrl":"https:\/\/i0.wp.com\/premiumkeszulek.hu\/wp-content\/uploads\/2025\/04\/WHC18T574P-111.jpg?fit=800%2C800&ssl=1","datePublished":"2025-04-28T15:30:03+00:00","dateModified":"2026-04-15T18:02:15+00:00","breadcrumb":{"@id":"https:\/\/premiumkeszulek.hu\/hu\/termek\/whirlpool-whc18-t574-p-total-no-frost-beepitheto-hutoszekreny\/#breadcrumb"},"inLanguage":"hu","potentialAction":[{"@type":"ReadAction","target":["https:\/\/premiumkeszulek.hu\/hu\/termek\/whirlpool-whc18-t574-p-total-no-frost-beepitheto-hutoszekreny\/"]}]},{"@type":"ImageObject","inLanguage":"hu","@id":"https:\/\/premiumkeszulek.hu\/hu\/termek\/whirlpool-whc18-t574-p-total-no-frost-beepitheto-hutoszekreny\/#primaryimage","url":"https:\/\/i0.wp.com\/premiumkeszulek.hu\/wp-content\/uploads\/2025\/04\/WHC18T574P-111.jpg?fit=800%2C800&ssl=1","contentUrl":"https:\/\/i0.wp.com\/premiumkeszulek.hu\/wp-content\/uploads\/2025\/04\/WHC18T574P-111.jpg?fit=800%2C800&ssl=1","width":800,"height":800},{"@type":"BreadcrumbList","@id":"https:\/\/premiumkeszulek.hu\/hu\/termek\/whirlpool-whc18-t574-p-total-no-frost-beepitheto-hutoszekreny\/#breadcrumb","itemListElement":[{"@type":"ListItem","position":1,"name":"Home","item":"https:\/\/premiumkeszulek.hu\/hu\/"},{"@type":"ListItem","position":2,"name":"Shop","item":"https:\/\/premiumkeszulek.hu\/hu\/shop\/"},{"@type":"ListItem","position":3,"name":"Whirlpool WHC18 T574 P Total No Frost be\u00e9p\u00edthet\u0151 h\u0171t\u0151szekr\u00e9ny"}]},{"@type":"WebSite","@id":"https:\/\/premiumkeszulek.hu\/hu\/#website","url":"https:\/\/premiumkeszulek.hu\/hu\/","name":"Pr\u00e9miumK\u00e9sz\u00fcl\u00e9k","description":"","publisher":{"@id":"https:\/\/premiumkeszulek.hu\/hu\/#organization"},"potentialAction":[{"@type":"SearchAction","target":{"@type":"EntryPoint","urlTemplate":"https:\/\/premiumkeszulek.hu\/hu\/?s={search_term_string}"},"query-input":{"@type":"PropertyValueSpecification","valueRequired":true,"valueName":"search_term_string"}}],"inLanguage":"hu"},{"@type":"Organization","@id":"https:\/\/premiumkeszulek.hu\/hu\/#organization","name":"Pr\u00e9miumK\u00e9sz\u00fcl\u00e9k","alternateName":"HPH Special Kft","url":"https:\/\/premiumkeszulek.hu\/hu\/","logo":{"@type":"ImageObject","inLanguage":"hu","@id":"https:\/\/premiumkeszulek.hu\/hu\/#\/schema\/logo\/image\/","url":"http:\/\/premiumkeszulek.hu\/wp-content\/uploads\/2025\/03\/TURKIZLOGO-kicsi.png","contentUrl":"http:\/\/premiumkeszulek.hu\/wp-content\/uploads\/2025\/03\/TURKIZLOGO-kicsi.png","width":1600,"height":547,"caption":"Pr\u00e9miumK\u00e9sz\u00fcl\u00e9k"},"image":{"@id":"https:\/\/premiumkeszulek.hu\/hu\/#\/schema\/logo\/image\/"},"sameAs":["https:\/\/www.facebook.com\/konyhaluxnet","https:\/\/www.instagram.com\/konyhaluxnet\/#"],"email":"info@premiumkeszulek.hu","telephone":"36 1 \/ 226-1992","legalName":"HPH Special Kft","vatID":"HU12549502","taxID":"12549502","hasMerchantReturnPolicy":{"@type":"MerchantReturnPolicy","merchantReturnLink":"https:\/\/premiumkeszulek.hu\/hu\/altalanos-szerzodesi-es-felhasznalasi-feltetelek\/"}}]},"product_brand":"Whirlpool","product_price_amount":"324805","product_price_currency":"HUF","og_availability":"instock","product_availability":"instock","product_retailer_item_id":"859991635750","product_condition":"new"},"jetpack_publicize_connections":[],"jetpack_likes_enabled":true,"jetpack_sharing_enabled":true,"jetpack-related-posts":[],"_links":{"self":[{"href":"https:\/\/premiumkeszulek.hu\/hu\/wp-json\/wp\/v2\/product\/14041","targetHints":{"allow":["GET"]}}],"collection":[{"href":"https:\/\/premiumkeszulek.hu\/hu\/wp-json\/wp\/v2\/product"}],"about":[{"href":"https:\/\/premiumkeszulek.hu\/hu\/wp-json\/wp\/v2\/types\/product"}],"replies":[{"embeddable":true,"href":"https:\/\/premiumkeszulek.hu\/hu\/wp-json\/wp\/v2\/comments?post=14041"}],"wp:featuredmedia":[{"embeddable":true,"href":"https:\/\/premiumkeszulek.hu\/hu\/wp-json\/wp\/v2\/media\/14040"}],"wp:attachment":[{"href":"https:\/\/premiumkeszulek.hu\/hu\/wp-json\/wp\/v2\/media?parent=14041"}],"wp:term":[{"taxonomy":"product_brand","embeddable":true,"href":"https:\/\/premiumkeszulek.hu\/hu\/wp-json\/wp\/v2\/product_brand?post=14041"},{"taxonomy":"product_cat","embeddable":true,"href":"https:\/\/premiumkeszulek.hu\/hu\/wp-json\/wp\/v2\/product_cat?post=14041"},{"taxonomy":"product_tag","embeddable":true,"href":"https:\/\/premiumkeszulek.hu\/hu\/wp-json\/wp\/v2\/product_tag?post=14041"},{"taxonomy":"woo-feed-brand","embeddable":true,"href":"https:\/\/premiumkeszulek.hu\/hu\/wp-json\/wp\/v2\/woo-feed-brand?post=14041"}],"curies":[{"name":"wp","href":"https:\/\/api.w.org\/{rel}","templated":true}]}}