{"id":13734,"date":"2025-04-28T15:15:24","date_gmt":"2025-04-28T13:15:24","guid":{"rendered":"https:\/\/premiumkeszulek.hu\/termek\/whirlpool-szabadonallo-eloltoltos-mosogep-80kg-ffb-8258-bv-ee\/"},"modified":"2026-04-07T11:43:54","modified_gmt":"2026-04-07T09:43:54","slug":"whirlpool-szabadonallo-eloltoltos-mosogep-80kg-ffb-8258-bv-ee","status":"publish","type":"product","link":"https:\/\/premiumkeszulek.hu\/hu\/termek\/whirlpool-szabadonallo-eloltoltos-mosogep-80kg-ffb-8258-bv-ee\/","title":{"rendered":"Whirlpool szabadon\u00e1ll\u00f3 el\u00f6lt\u00f6lt\u0151s mos\u00f3g\u00e9p 8,0kg FFB 8258 BV EE"},"content":{"rendered":"<p>6. \u00c9rz\u00e9k technol\u00f3gia<br \/>\nFedezze fel a t\u00f6k\u00e9letes gondoskod\u00e1st! A 6. \u00c9rz\u00e9k intelligens szenzorai a t\u00f6ltet nagys\u00e1g\u00e1hoz \u00e9s t\u00edpus\u00e1hoz igaz\u00edtj\u00e1k az er\u0151forr\u00e1sok felhaszn\u00e1l\u00e1s\u00e1t, ezzel ak\u00e1r 50 %* energia-, v\u00edz- \u00e9s id\u0151megtakar\u00edt\u00e1st k\u00edn\u00e1lva. (*60 \u00b0 pamut program eset\u00e9n, 6. \u00c9rz\u00e9k funkci\u00f3t haszn\u00e1lva, a maxim\u00e1lis t\u00f6lt\u0151kapacit\u00e1st az 1kg mos\u00f3t\u00f6ltettel \u00f6sszevetve)<\/p>\n<p>Inverteres motor<br \/>\nCsendes teljes\u00edtm\u00e9ny. Ennek a Whirlpool mos\u00f3g\u00e9pnek az innovat\u00edv Inverter motorj\u00e1t \u00fagy tervezt\u00e9k, hogy hossz\u00fa ideig tart\u00f3, csendes teljes\u00edtm\u00e9nyt biztos\u00edtson. \u00c9lvezze az ide\u00e1lis eredm\u00e9nyeket \u00e9s egy kis extra nyugalmat \u00e9s csendet egyar\u00e1nt.<\/p>\n<p>FreshCare+<br \/>\nTartsa frissen ruh\u00e1it m\u00e9g a mos\u00e1s befejez\u00e9se ut\u00e1n \u00f3r\u00e1kkal is. A mos\u00f3g\u00e9pben l\u00e9v\u0151 ruh\u00e1ir\u00f3l innovat\u00edv dobmozg\u00e1s \u00e9s finom g\u0151z gondoskodik. Az \u00faj FreshCare+ rendszer g\u0151zhat\u00e1sokat \u00e9s rendszeres, lass\u00fa mozgat\u00e1st v\u00e1ltogatva gyeng\u00e9den kezeli a ruh\u00e1kat \u00edgy biztos\u00edtva az anyagsz\u00e1lak k\u00f6z\u00f6tti leveg\u0151keringtet\u00e9st, amely a ruhanem\u0171ket frissen tartja \u00e9s meg\u00f3vja azokat a kellemetlen szagokt\u00f3l. A FreshCare+ haszn\u00e1lata val\u00f3ban frissen tartja a ruh\u00e1kat m\u00e9g \u00f3r\u00e1kkal a mos\u00f3program befejez\u00e9se ut\u00e1n is. A FreshCare+ funkci\u00f3 megg\u00e1tolja a kellemetlen szagok terjed\u00e9s\u00e9t (a mos\u00f3g\u00e9p belsej\u00e9ben) ak\u00e1r a mos\u00e1s befejez\u00e9s\u00e9t k\u00f6vet\u0151 6 \u00f3r\u00e1n kereszt\u00fcl is. A funkci\u00f3 nem haszn\u00e1lhat\u00f3 k\u00e9nyes ruhadarabokhoz \u00e9s paplanokhoz fejlesztett mos\u00f3programokhoz.<\/p>\n<p>G\u0151z friss\u00edt\u00e9s<br \/>\nA Steam Refresh meg\u00faj\u00edtja a ruhadarabok frissess\u00e9g\u00e9t, elker\u00fclve a felesleges mos\u00e1st. A ruh\u00e1k mind\u00f6ssze 20 perc alatt \u00fajra viselhet\u0151ek. A mos\u00f3g\u00e9p olyan g\u0151z\u00e1raml\u00e1st hoz l\u00e9tre, amely behatol a sz\u00e1lakba, elt\u00e1vol\u00edtja a kellemetlen szagokat, ellaz\u00edtja a sz\u00e1lakat \u00e9s kisim\u00edtja a gy\u0171r\u0151d\u00e9seket.<\/p>\n<p>Szennyezetts\u00e9gi szint<br \/>\nEz a Whirlpool mos\u00f3g\u00e9p felismeri a mosnival\u00f3 szennyezetts\u00e9gi szintj\u00e9t \u00e9s ehhez alkalmazkodva automatikusan be\u00e1ll\u00edtja az optim\u00e1lis mos\u00e1si param\u00e9tereket, \u00edgy biztosva \u00d6nnek a t\u00f6k\u00e9letes mos\u00e1si eredm\u00e9nyt.<\/p>\n<p>Napi mos\u00e1s<br \/>\nNapi mos\u00e1s k\u00f6nnyed\u00e9n. A Napi mos\u00e1s programmal 3,5 kg pamut \u00e9s m\u0171sz\u00e1las ruh\u00e1t moshat 40\u00b0C-on mind\u00f6ssze 1 \u00f3ra alatt.<\/p>\n<p>K\u00e9sleltetett ind\u00edt\u00e1s<br \/>\n\u00d6nre szabva. A K\u00e9sleltetett ind\u00edt\u00e1s opci\u00f3 lehet\u0151v\u00e9 teszi, hogy a mos\u00f3g\u00e9pet \u00fagy \u00e1ll\u00edtsa be, hogy akkor kezdje el a ciklus\u00e1t, amikor \u00d6nnek a legink\u00e1bb megfelel, \u00edgy id\u0151t \u00e9s energi\u00e1t takar\u00edthat meg.<\/p>\n<p>30 perces gyorsmos\u00e1s<br \/>\nA 30 perces gyorsmos\u00e1s t\u00f6k\u00e9letes mos\u00e1si eredm\u00e9nyt biztos\u00edt mind\u00f6ssze f\u00e9l \u00f3ra alatt.<\/p>\n<p>Gyapj\u00fa program<br \/>\nT\u00f6k\u00e9letes v\u00e9delem gyapj\u00fa ruh\u00e1inak. A k\u00e9sz\u00fcl\u00e9k gyapj\u00fa programja a Woolmark Company \u00e1ltal tesztelt \u00e9s elfogadott.<\/p>\n<p>30 perces gyorsprogram<br \/>\nA 30 perces gyorsprogram t\u00f6k\u00e9letes mos\u00e1si eredm\u00e9nyt biztos\u00edt, mind\u00f6ssze f\u00e9l \u00f3ra alatt.<\/p>","protected":false},"excerpt":{"rendered":"<p>6. \u00c9rz\u00e9k technol\u00f3gia Fedezze fel a t\u00f6k\u00e9letes gondoskod\u00e1st! A 6. \u00c9rz\u00e9k intelligens szenzorai a t\u00f6ltet nagys\u00e1g\u00e1hoz \u00e9s t\u00edpus\u00e1hoz igaz\u00edtj\u00e1k az er\u0151forr\u00e1sok felhaszn\u00e1l\u00e1s\u00e1t, ezzel ak\u00e1r 50 %* energia-, v\u00edz- \u00e9s id\u0151megtakar\u00edt\u00e1st k\u00edn\u00e1lva. (*60 \u00b0 pamut program eset\u00e9n, 6. \u00c9rz\u00e9k funkci\u00f3t haszn\u00e1lva, a maxim\u00e1lis t\u00f6lt\u0151kapacit\u00e1st az 1kg mos\u00f3t\u00f6ltettel \u00f6sszevetve) Inverter Motor Csendes teljes\u00edtm\u00e9ny. Ennek a Whirlpool mos\u00f3g\u00e9pnek [&hellip;]<\/p>\n","protected":false},"featured_media":13733,"comment_status":"closed","ping_status":"closed","template":"","meta":{"_crdt_document":"","content-type":"","jetpack_post_was_ever_published":false,"jetpack_publicize_message":"","jetpack_publicize_feature_enabled":true,"jetpack_social_post_already_shared":true,"jetpack_social_options":{"image_generator_settings":{"template":"highway","default_image_id":0,"font":"","enabled":false},"version":2},"_wpas_customize_per_network":false},"product_brand":[6849],"product_cat":[1377,1378],"product_tag":[],"woo-feed-brand":[],"class_list":{"0":"post-13734","1":"product","2":"type-product","3":"status-publish","4":"has-post-thumbnail","6":"product_brand-whirlpool","7":"product_cat-mososzaritogepek","8":"product_cat-mosogep","9":"product_shipping_class-100000felett","11":"first","12":"onbackorder","13":"taxable","14":"shipping-taxable","15":"purchasable","16":"product-type-simple"},"yoast_head":"<!-- This site is optimized with the Yoast SEO Premium plugin v26.9 (Yoast SEO v26.9) - https:\/\/yoast.com\/product\/yoast-seo-premium-wordpress\/ -->\n<title>Whirlpool szabadon\u00e1ll\u00f3 el\u00f6lt\u00f6lt\u0151s mos\u00f3g\u00e9p 8,0kg FFB 8258 BV EE - Pr\u00e9miumK\u00e9sz\u00fcl\u00e9k<\/title>\n<meta name=\"robots\" content=\"index, follow, max-snippet:-1, max-image-preview:large, max-video-preview:-1\" \/>\n<link rel=\"canonical\" href=\"http:\/\/premiumkeszulek.hu\/hu\/termek\/whirlpool-szabadonallo-eloltoltos-mosogep-80kg-ffb-8258-bv-ee\/\" \/>\n<meta property=\"og:locale\" content=\"hu_HU\" \/>\n<meta property=\"og:type\" content=\"article\" \/>\n<meta property=\"og:title\" content=\"Whirlpool szabadon\u00e1ll\u00f3 el\u00f6lt\u00f6lt\u0151s mos\u00f3g\u00e9p 8,0kg FFB 8258 BV EE\" \/>\n<meta property=\"og:description\" content=\"6. \u00c9rz\u00e9k technol\u00f3gia Fedezze fel a t\u00f6k\u00e9letes gondoskod\u00e1st! A 6. \u00c9rz\u00e9k intelligens szenzorai a t\u00f6ltet nagys\u00e1g\u00e1hoz \u00e9s t\u00edpus\u00e1hoz igaz\u00edtj\u00e1k az er\u0151forr\u00e1sok felhaszn\u00e1l\u00e1s\u00e1t, ezzel ak\u00e1r 50 %* energia-, v\u00edz- \u00e9s id\u0151megtakar\u00edt\u00e1st k\u00edn\u00e1lva. (*60 \u00b0 pamut program eset\u00e9n, 6. \u00c9rz\u00e9k funkci\u00f3t haszn\u00e1lva, a maxim\u00e1lis t\u00f6lt\u0151kapacit\u00e1st az 1kg mos\u00f3t\u00f6ltettel \u00f6sszevetve) Inverter Motor Csendes teljes\u00edtm\u00e9ny. Ennek a Whirlpool mos\u00f3g\u00e9pnek [&hellip;]\" \/>\n<meta property=\"og:url\" content=\"http:\/\/premiumkeszulek.hu\/hu\/termek\/whirlpool-szabadonallo-eloltoltos-mosogep-80kg-ffb-8258-bv-ee\/\" \/>\n<meta property=\"og:site_name\" content=\"Pr\u00e9miumK\u00e9sz\u00fcl\u00e9k\" \/>\n<meta property=\"article:publisher\" content=\"https:\/\/www.facebook.com\/konyhaluxnet\" \/>\n<meta property=\"article:modified_time\" content=\"2026-04-07T09:43:54+00:00\" \/>\n<meta property=\"og:image\" content=\"https:\/\/i0.wp.com\/premiumkeszulek.hu\/wp-content\/uploads\/2025\/04\/1-8.jpg?fit=800%2C800\" \/>\n\t<meta property=\"og:image:width\" content=\"800\" \/>\n\t<meta property=\"og:image:height\" content=\"800\" \/>\n\t<meta property=\"og:image:type\" content=\"image\/jpeg\" \/>\n<meta name=\"twitter:card\" content=\"summary_large_image\" \/>\n<meta name=\"twitter:label1\" content=\"\u00c1r\" \/>\n\t<meta name=\"twitter:data1\" content=\"167.900&#070;&#116;\" \/>\n\t<meta name=\"twitter:label2\" content=\"El\u00e9rhet\u0151s\u00e9g\" \/>\n\t<meta name=\"twitter:data2\" content=\"Beszerz\u00e9s alatt\" \/>\n<script type=\"application\/ld+json\" class=\"yoast-schema-graph\">{\"@context\":\"https:\/\/schema.org\",\"@graph\":[{\"@type\":\"WebPage\",\"@id\":\"http:\/\/premiumkeszulek.hu\/hu\/termek\/whirlpool-szabadonallo-eloltoltos-mosogep-80kg-ffb-8258-bv-ee\/\",\"url\":\"http:\/\/premiumkeszulek.hu\/hu\/termek\/whirlpool-szabadonallo-eloltoltos-mosogep-80kg-ffb-8258-bv-ee\/\",\"name\":\"Whirlpool szabadon\u00e1ll\u00f3 el\u00f6lt\u00f6lt\u0151s mos\u00f3g\u00e9p 8,0kg FFB 8258 BV EE - Pr\u00e9miumK\u00e9sz\u00fcl\u00e9k\",\"isPartOf\":{\"@id\":\"http:\/\/premiumkeszulek.hu\/hu\/#website\"},\"primaryImageOfPage\":{\"@id\":\"http:\/\/premiumkeszulek.hu\/hu\/termek\/whirlpool-szabadonallo-eloltoltos-mosogep-80kg-ffb-8258-bv-ee\/#primaryimage\"},\"image\":{\"@id\":\"http:\/\/premiumkeszulek.hu\/hu\/termek\/whirlpool-szabadonallo-eloltoltos-mosogep-80kg-ffb-8258-bv-ee\/#primaryimage\"},\"thumbnailUrl\":\"https:\/\/i0.wp.com\/premiumkeszulek.hu\/wp-content\/uploads\/2025\/04\/1-8.jpg?fit=800%2C800&ssl=1\",\"datePublished\":\"2025-04-28T13:15:24+00:00\",\"dateModified\":\"2026-04-07T09:43:54+00:00\",\"breadcrumb\":{\"@id\":\"http:\/\/premiumkeszulek.hu\/hu\/termek\/whirlpool-szabadonallo-eloltoltos-mosogep-80kg-ffb-8258-bv-ee\/#breadcrumb\"},\"inLanguage\":\"hu\",\"potentialAction\":[{\"@type\":\"ReadAction\",\"target\":[\"http:\/\/premiumkeszulek.hu\/hu\/termek\/whirlpool-szabadonallo-eloltoltos-mosogep-80kg-ffb-8258-bv-ee\/\"]}]},{\"@type\":\"ImageObject\",\"inLanguage\":\"hu\",\"@id\":\"http:\/\/premiumkeszulek.hu\/hu\/termek\/whirlpool-szabadonallo-eloltoltos-mosogep-80kg-ffb-8258-bv-ee\/#primaryimage\",\"url\":\"https:\/\/i0.wp.com\/premiumkeszulek.hu\/wp-content\/uploads\/2025\/04\/1-8.jpg?fit=800%2C800&ssl=1\",\"contentUrl\":\"https:\/\/i0.wp.com\/premiumkeszulek.hu\/wp-content\/uploads\/2025\/04\/1-8.jpg?fit=800%2C800&ssl=1\",\"width\":800,\"height\":800},{\"@type\":\"BreadcrumbList\",\"@id\":\"http:\/\/premiumkeszulek.hu\/hu\/termek\/whirlpool-szabadonallo-eloltoltos-mosogep-80kg-ffb-8258-bv-ee\/#breadcrumb\",\"itemListElement\":[{\"@type\":\"ListItem\",\"position\":1,\"name\":\"Home\",\"item\":\"http:\/\/premiumkeszulek.hu\/hu\/\"},{\"@type\":\"ListItem\",\"position\":2,\"name\":\"Shop\",\"item\":\"http:\/\/premiumkeszulek.hu\/hu\/shop\/\"},{\"@type\":\"ListItem\",\"position\":3,\"name\":\"Whirlpool szabadon\u00e1ll\u00f3 el\u00f6lt\u00f6lt\u0151s mos\u00f3g\u00e9p 8,0kg FFB 8258 BV EE\"}]},{\"@type\":\"WebSite\",\"@id\":\"http:\/\/premiumkeszulek.hu\/hu\/#website\",\"url\":\"http:\/\/premiumkeszulek.hu\/hu\/\",\"name\":\"Pr\u00e9miumK\u00e9sz\u00fcl\u00e9k\",\"description\":\"\",\"publisher\":{\"@id\":\"http:\/\/premiumkeszulek.hu\/hu\/#organization\"},\"potentialAction\":[{\"@type\":\"SearchAction\",\"target\":{\"@type\":\"EntryPoint\",\"urlTemplate\":\"http:\/\/premiumkeszulek.hu\/hu\/?s={search_term_string}\"},\"query-input\":{\"@type\":\"PropertyValueSpecification\",\"valueRequired\":true,\"valueName\":\"search_term_string\"}}],\"inLanguage\":\"hu\"},{\"@type\":\"Organization\",\"@id\":\"http:\/\/premiumkeszulek.hu\/hu\/#organization\",\"name\":\"Pr\u00e9miumK\u00e9sz\u00fcl\u00e9k\",\"alternateName\":\"HPH Special Kft\",\"url\":\"http:\/\/premiumkeszulek.hu\/hu\/\",\"logo\":{\"@type\":\"ImageObject\",\"inLanguage\":\"hu\",\"@id\":\"http:\/\/premiumkeszulek.hu\/hu\/#\/schema\/logo\/image\/\",\"url\":\"http:\/\/premiumkeszulek.hu\/wp-content\/uploads\/2025\/03\/TURKIZLOGO-kicsi.png\",\"contentUrl\":\"http:\/\/premiumkeszulek.hu\/wp-content\/uploads\/2025\/03\/TURKIZLOGO-kicsi.png\",\"width\":1600,\"height\":547,\"caption\":\"Pr\u00e9miumK\u00e9sz\u00fcl\u00e9k\"},\"image\":{\"@id\":\"http:\/\/premiumkeszulek.hu\/hu\/#\/schema\/logo\/image\/\"},\"sameAs\":[\"https:\/\/www.facebook.com\/konyhaluxnet\",\"https:\/\/www.instagram.com\/konyhaluxnet\/#\"],\"email\":\"info@premiumkeszulek.hu\",\"telephone\":\"36 1 \/ 226-1992\",\"legalName\":\"HPH Special Kft\",\"vatID\":\"HU12549502\",\"taxID\":\"12549502\",\"hasMerchantReturnPolicy\":{\"@type\":\"MerchantReturnPolicy\",\"merchantReturnLink\":\"https:\/\/premiumkeszulek.hu\/hu\/altalanos-szerzodesi-es-felhasznalasi-feltetelek\/\"}}]}<\/script>\n<meta property=\"product:brand\" content=\"Whirlpool\" \/>\n<meta property=\"product:price:amount\" content=\"167900\" \/>\n<meta property=\"product:price:currency\" content=\"HUF\" \/>\n<meta property=\"og:availability\" content=\"backorder\" \/>\n<meta property=\"product:availability\" content=\"available for order\" \/>\n<meta property=\"product:retailer_item_id\" content=\"859991636980\" \/>\n<meta property=\"product:condition\" content=\"new\" \/>\n<!-- \/ Yoast SEO Premium plugin. -->","yoast_head_json":{"title":"Whirlpool szabadon\u00e1ll\u00f3 el\u00f6lt\u00f6lt\u0151s mos\u00f3g\u00e9p 8,0kg FFB 8258 BV EE - Pr\u00e9miumK\u00e9sz\u00fcl\u00e9k","robots":{"index":"index","follow":"follow","max-snippet":"max-snippet:-1","max-image-preview":"max-image-preview:large","max-video-preview":"max-video-preview:-1"},"canonical":"http:\/\/premiumkeszulek.hu\/hu\/termek\/whirlpool-szabadonallo-eloltoltos-mosogep-80kg-ffb-8258-bv-ee\/","og_locale":"hu_HU","og_type":"article","og_title":"Whirlpool szabadon\u00e1ll\u00f3 el\u00f6lt\u00f6lt\u0151s mos\u00f3g\u00e9p 8,0kg FFB 8258 BV EE","og_description":"6. \u00c9rz\u00e9k technol\u00f3gia Fedezze fel a t\u00f6k\u00e9letes gondoskod\u00e1st! A 6. \u00c9rz\u00e9k intelligens szenzorai a t\u00f6ltet nagys\u00e1g\u00e1hoz \u00e9s t\u00edpus\u00e1hoz igaz\u00edtj\u00e1k az er\u0151forr\u00e1sok felhaszn\u00e1l\u00e1s\u00e1t, ezzel ak\u00e1r 50 %* energia-, v\u00edz- \u00e9s id\u0151megtakar\u00edt\u00e1st k\u00edn\u00e1lva. (*60 \u00b0 pamut program eset\u00e9n, 6. \u00c9rz\u00e9k funkci\u00f3t haszn\u00e1lva, a maxim\u00e1lis t\u00f6lt\u0151kapacit\u00e1st az 1kg mos\u00f3t\u00f6ltettel \u00f6sszevetve) Inverter Motor Csendes teljes\u00edtm\u00e9ny. Ennek a Whirlpool mos\u00f3g\u00e9pnek [&hellip;]","og_url":"http:\/\/premiumkeszulek.hu\/hu\/termek\/whirlpool-szabadonallo-eloltoltos-mosogep-80kg-ffb-8258-bv-ee\/","og_site_name":"Pr\u00e9miumK\u00e9sz\u00fcl\u00e9k","article_publisher":"https:\/\/www.facebook.com\/konyhaluxnet","article_modified_time":"2026-04-07T09:43:54+00:00","og_image":[{"width":800,"height":800,"url":"https:\/\/i0.wp.com\/premiumkeszulek.hu\/wp-content\/uploads\/2025\/04\/1-8.jpg?fit=800%2C800","type":"image\/jpeg"}],"twitter_card":"summary_large_image","twitter_misc":{"\u00c1r":"167.900&#70;&#116;","El\u00e9rhet\u0151s\u00e9g":"Beszerz\u00e9s alatt"},"schema":{"@context":"https:\/\/schema.org","@graph":[{"@type":"WebPage","@id":"http:\/\/premiumkeszulek.hu\/hu\/termek\/whirlpool-szabadonallo-eloltoltos-mosogep-80kg-ffb-8258-bv-ee\/","url":"http:\/\/premiumkeszulek.hu\/hu\/termek\/whirlpool-szabadonallo-eloltoltos-mosogep-80kg-ffb-8258-bv-ee\/","name":"Whirlpool szabadon\u00e1ll\u00f3 el\u00f6lt\u00f6lt\u0151s mos\u00f3g\u00e9p 8,0kg FFB 8258 BV EE - Pr\u00e9miumK\u00e9sz\u00fcl\u00e9k","isPartOf":{"@id":"http:\/\/premiumkeszulek.hu\/hu\/#website"},"primaryImageOfPage":{"@id":"http:\/\/premiumkeszulek.hu\/hu\/termek\/whirlpool-szabadonallo-eloltoltos-mosogep-80kg-ffb-8258-bv-ee\/#primaryimage"},"image":{"@id":"http:\/\/premiumkeszulek.hu\/hu\/termek\/whirlpool-szabadonallo-eloltoltos-mosogep-80kg-ffb-8258-bv-ee\/#primaryimage"},"thumbnailUrl":"https:\/\/i0.wp.com\/premiumkeszulek.hu\/wp-content\/uploads\/2025\/04\/1-8.jpg?fit=800%2C800&ssl=1","datePublished":"2025-04-28T13:15:24+00:00","dateModified":"2026-04-07T09:43:54+00:00","breadcrumb":{"@id":"http:\/\/premiumkeszulek.hu\/hu\/termek\/whirlpool-szabadonallo-eloltoltos-mosogep-80kg-ffb-8258-bv-ee\/#breadcrumb"},"inLanguage":"hu","potentialAction":[{"@type":"ReadAction","target":["http:\/\/premiumkeszulek.hu\/hu\/termek\/whirlpool-szabadonallo-eloltoltos-mosogep-80kg-ffb-8258-bv-ee\/"]}]},{"@type":"ImageObject","inLanguage":"hu","@id":"http:\/\/premiumkeszulek.hu\/hu\/termek\/whirlpool-szabadonallo-eloltoltos-mosogep-80kg-ffb-8258-bv-ee\/#primaryimage","url":"https:\/\/i0.wp.com\/premiumkeszulek.hu\/wp-content\/uploads\/2025\/04\/1-8.jpg?fit=800%2C800&ssl=1","contentUrl":"https:\/\/i0.wp.com\/premiumkeszulek.hu\/wp-content\/uploads\/2025\/04\/1-8.jpg?fit=800%2C800&ssl=1","width":800,"height":800},{"@type":"BreadcrumbList","@id":"http:\/\/premiumkeszulek.hu\/hu\/termek\/whirlpool-szabadonallo-eloltoltos-mosogep-80kg-ffb-8258-bv-ee\/#breadcrumb","itemListElement":[{"@type":"ListItem","position":1,"name":"Home","item":"http:\/\/premiumkeszulek.hu\/hu\/"},{"@type":"ListItem","position":2,"name":"Shop","item":"http:\/\/premiumkeszulek.hu\/hu\/shop\/"},{"@type":"ListItem","position":3,"name":"Whirlpool szabadon\u00e1ll\u00f3 el\u00f6lt\u00f6lt\u0151s mos\u00f3g\u00e9p 8,0kg FFB 8258 BV EE"}]},{"@type":"WebSite","@id":"http:\/\/premiumkeszulek.hu\/hu\/#website","url":"http:\/\/premiumkeszulek.hu\/hu\/","name":"Pr\u00e9miumK\u00e9sz\u00fcl\u00e9k","description":"","publisher":{"@id":"http:\/\/premiumkeszulek.hu\/hu\/#organization"},"potentialAction":[{"@type":"SearchAction","target":{"@type":"EntryPoint","urlTemplate":"http:\/\/premiumkeszulek.hu\/hu\/?s={search_term_string}"},"query-input":{"@type":"PropertyValueSpecification","valueRequired":true,"valueName":"search_term_string"}}],"inLanguage":"hu"},{"@type":"Organization","@id":"http:\/\/premiumkeszulek.hu\/hu\/#organization","name":"Pr\u00e9miumK\u00e9sz\u00fcl\u00e9k","alternateName":"HPH Special Kft","url":"http:\/\/premiumkeszulek.hu\/hu\/","logo":{"@type":"ImageObject","inLanguage":"hu","@id":"http:\/\/premiumkeszulek.hu\/hu\/#\/schema\/logo\/image\/","url":"http:\/\/premiumkeszulek.hu\/wp-content\/uploads\/2025\/03\/TURKIZLOGO-kicsi.png","contentUrl":"http:\/\/premiumkeszulek.hu\/wp-content\/uploads\/2025\/03\/TURKIZLOGO-kicsi.png","width":1600,"height":547,"caption":"Pr\u00e9miumK\u00e9sz\u00fcl\u00e9k"},"image":{"@id":"http:\/\/premiumkeszulek.hu\/hu\/#\/schema\/logo\/image\/"},"sameAs":["https:\/\/www.facebook.com\/konyhaluxnet","https:\/\/www.instagram.com\/konyhaluxnet\/#"],"email":"info@premiumkeszulek.hu","telephone":"36 1 \/ 226-1992","legalName":"HPH Special Kft","vatID":"HU12549502","taxID":"12549502","hasMerchantReturnPolicy":{"@type":"MerchantReturnPolicy","merchantReturnLink":"https:\/\/premiumkeszulek.hu\/hu\/altalanos-szerzodesi-es-felhasznalasi-feltetelek\/"}}]},"product_brand":"Whirlpool","product_price_amount":"167900","product_price_currency":"HUF","og_availability":"backorder","product_availability":"available for order","product_retailer_item_id":"859991636980","product_condition":"new"},"jetpack_publicize_connections":[],"jetpack_likes_enabled":true,"jetpack_sharing_enabled":true,"jetpack-related-posts":[],"_links":{"self":[{"href":"https:\/\/premiumkeszulek.hu\/hu\/wp-json\/wp\/v2\/product\/13734","targetHints":{"allow":["GET"]}}],"collection":[{"href":"https:\/\/premiumkeszulek.hu\/hu\/wp-json\/wp\/v2\/product"}],"about":[{"href":"https:\/\/premiumkeszulek.hu\/hu\/wp-json\/wp\/v2\/types\/product"}],"replies":[{"embeddable":true,"href":"https:\/\/premiumkeszulek.hu\/hu\/wp-json\/wp\/v2\/comments?post=13734"}],"wp:featuredmedia":[{"embeddable":true,"href":"https:\/\/premiumkeszulek.hu\/hu\/wp-json\/wp\/v2\/media\/13733"}],"wp:attachment":[{"href":"https:\/\/premiumkeszulek.hu\/hu\/wp-json\/wp\/v2\/media?parent=13734"}],"wp:term":[{"taxonomy":"product_brand","embeddable":true,"href":"https:\/\/premiumkeszulek.hu\/hu\/wp-json\/wp\/v2\/product_brand?post=13734"},{"taxonomy":"product_cat","embeddable":true,"href":"https:\/\/premiumkeszulek.hu\/hu\/wp-json\/wp\/v2\/product_cat?post=13734"},{"taxonomy":"product_tag","embeddable":true,"href":"https:\/\/premiumkeszulek.hu\/hu\/wp-json\/wp\/v2\/product_tag?post=13734"},{"taxonomy":"woo-feed-brand","embeddable":true,"href":"https:\/\/premiumkeszulek.hu\/hu\/wp-json\/wp\/v2\/woo-feed-brand?post=13734"}],"curies":[{"name":"wp","href":"https:\/\/api.w.org\/{rel}","templated":true}]}}