{"id":13717,"date":"2025-04-28T15:15:06","date_gmt":"2025-04-28T13:15:06","guid":{"rendered":"https:\/\/premiumkeszulek.hu\/termek\/whirlpool-szabadonallo-felultoltos-mosogep-60kg-tdlrb-6252bs-eu-n-feher\/"},"modified":"2026-04-01T19:53:06","modified_gmt":"2026-04-01T17:53:06","slug":"whirlpool-szabadonallo-felultoltos-mosogep-60kg-tdlrb-6252bs-eu-n-feher","status":"publish","type":"product","link":"https:\/\/premiumkeszulek.hu\/hu\/termek\/whirlpool-szabadonallo-felultoltos-mosogep-60kg-tdlrb-6252bs-eu-n-feher\/","title":{"rendered":"Whirlpool szabadon\u00e1ll\u00f3 fel\u00fclt\u00f6lt\u0151s mos\u00f3g\u00e9p 6,0kg TDLRB 6252BS EU\/N Feh\u00e9r"},"content":{"rendered":"<p>6. \u00c9rz\u00e9k technol\u00f3gia<br \/>\nFedezze fel a t\u00f6k\u00e9letes gondoskod\u00e1st! A 6. \u00c9rz\u00e9k intelligens szenzorai a t\u00f6ltet nagys\u00e1g\u00e1hoz \u00e9s t\u00edpus\u00e1hoz igaz\u00edtj\u00e1k az er\u0151forr\u00e1sok felhaszn\u00e1l\u00e1s\u00e1t, ezzel ak\u00e1r 50 %* energia-, v\u00edz- \u00e9s id\u0151megtakar\u00edt\u00e1st k\u00edn\u00e1lva. (*60 \u00b0 pamut program eset\u00e9n, 6. \u00c9rz\u00e9k funkci\u00f3t haszn\u00e1lva, a maxim\u00e1lis t\u00f6lt\u0151kapacit\u00e1st az 1kg mos\u00f3t\u00f6ltettel \u00f6sszevetve)<\/p>\n<p>ZEN technol\u00f3gia<br \/>\nAz innovat\u00edv ZEN technol\u00f3gi\u00e1val a motor k\u00f6zvetlen\u00fcl a dobot mozgatja, ez\u00e1ltal cs\u00f6kkkentve a vibr\u00e1ci\u00f3t \u00e9s a zajkibocs\u00e1t\u00e1st.<\/p>\n<p>Higi\u00e9nia 60\u00b0<br \/>\nAz \u00faj Hygiene 60\u00b0 program egy 150 perces ciklus, amely k\u00edm\u00e9letesen \u00e9s hat\u00e9konyan t\u00e1vol\u00edtja el a bakt\u00e9riumok 99%-\u00e1t*. *Az SSOG \u00e1ltal tesztelve k\u00e9pes a bakt\u00e9riumok 99%-\u00e1t elt\u00e1vol\u00edtani teljes t\u00f6ltet eset\u00e9n.<\/p>\n<p>Gyors opci\u00f3<br \/>\nA Rapid opci\u00f3 kombin\u00e1lja az ide\u00e1lis mos\u00e1si \u00e9s sz\u00e1r\u00edt\u00e1si eredm\u00e9nyt a r\u00f6videbb m\u0171k\u00f6d\u00e9si id\u0151vel.<\/p>\n<p>V\u00edzv\u00e9delmi rendszer<br \/>\nA k\u00e9sz\u00fcl\u00e9k Aqua Stop v\u00edzv\u00e9delmi rendszerrel szerelt, amely v\u00edzsziv\u00e1rg\u00e1s eset\u00e9n automatikusan lez\u00e1rja a v\u00edzell\u00e1t\u00e1st.<\/p>\n<p>Gyermekz\u00e1r<br \/>\nA biztons\u00e1g a legfontosabb. Ez a Whirlpool mos\u00f3g\u00e9p gyermekz\u00e1r funkci\u00f3val rendelkezik, amely megakad\u00e1lyozza a kisgyerekeket, hogy v\u00e9letlen\u00fcl elind\u00edts\u00e1k a k\u00e9sz\u00fcl\u00e9ket.<\/p>\n<p>Sz\u00ednes anyagok program<br \/>\nIde\u00e1lis sz\u00ednv\u00e9delem a Colors Program seg\u00edts\u00e9g\u00e9vel. A sz\u00ednek ide\u00e1lis v\u00e9delme. Biztos\u00edtsa a \"Colours Program\" seg\u00edts\u00e9g\u00e9vel sz\u00ednes ruh\u00e1i sz\u00e1m\u00e1ra azt az ide\u00e1lis t\u00f6r\u0151d\u00e9st, amire sz\u00fcks\u00e9g\u00fck van.<\/p>\n<p>Babaruha program<br \/>\nFokozott v\u00e9delem kisbab\u00e1ja b\u0151r\u00e9nek. A Babaruha program a kicsik ruh\u00e1it nagy gondoss\u00e1ggal \u00f6bl\u00edti ki, hogy megakad\u00e1lyozza a b\u0151rirrit\u00e1ci\u00f3t.<\/p>\n<p>Gyapj\u00fa program<br \/>\nT\u00f6k\u00e9letes v\u00e9delem gyapj\u00fa ruh\u00e1inak. A k\u00e9sz\u00fcl\u00e9k gyapj\u00fa programja a Woolmark Company \u00e1ltal tesztelt \u00e9s elfogadott.<\/p>\n<p>30 perces gyorsprogram<br \/>\nA 30 perces gyorsprogram t\u00f6k\u00e9letes mos\u00e1si eredm\u00e9nyt biztos\u00edt, mind\u00f6ssze f\u00e9l \u00f3ra alatt.<\/p>\n<p>6 kg kapacit\u00e1s<br \/>\nA k\u00e9sz\u00fcl\u00e9k 6 kg (pamut) mos\u00e1si kapacit\u00e1s\u00fa.<\/p>\n<p>1200 f\/perc<br \/>\nA k\u00e9sz\u00fcl\u00e9k 1200 f\/perc sebess\u00e9g\u0171 centrifug\u00e1val rendelkezik.<\/p>\n<p>Energiahat\u00e9konys\u00e1g: B<br \/>\nKiv\u00e1l\u00f3 energiahat\u00e9konys\u00e1g. Ez a Whirlpool mos\u00f3g\u00e9p kiemelked\u0151, B oszt\u00e1ly\u00fa energiahat\u00e9konys\u00e1gi besorol\u00e1ssal rendelkezik.<\/p>","protected":false},"excerpt":{"rendered":"<p>6. \u00c9rz\u00e9k technol\u00f3gia Fedezze fel a t\u00f6k\u00e9letes gondoskod\u00e1st! A 6. \u00c9rz\u00e9k intelligens szenzorai a t\u00f6ltet nagys\u00e1g\u00e1hoz \u00e9s t\u00edpus\u00e1hoz igaz\u00edtj\u00e1k az er\u0151forr\u00e1sok felhaszn\u00e1l\u00e1s\u00e1t, ezzel ak\u00e1r 50 %* energia-, v\u00edz- \u00e9s id\u0151megtakar\u00edt\u00e1st k\u00edn\u00e1lva. (*60 \u00b0 pamut program eset\u00e9n, 6. \u00c9rz\u00e9k funkci\u00f3t haszn\u00e1lva, a maxim\u00e1lis t\u00f6lt\u0151kapacit\u00e1st az 1kg mos\u00f3t\u00f6ltettel \u00f6sszevetve) ZEN technol\u00f3gia Az innovat\u00edv ZEN technol\u00f3gi\u00e1val a motor [&hellip;]<\/p>\n","protected":false},"featured_media":13716,"comment_status":"closed","ping_status":"closed","template":"","meta":{"_crdt_document":"","content-type":"","jetpack_post_was_ever_published":false,"jetpack_publicize_message":"","jetpack_publicize_feature_enabled":true,"jetpack_social_post_already_shared":true,"jetpack_social_options":{"image_generator_settings":{"template":"highway","default_image_id":0,"font":"","enabled":false},"version":2},"_wpas_customize_per_network":false},"product_brand":[6849],"product_cat":[1377,1378],"product_tag":[],"woo-feed-brand":[],"class_list":{"0":"post-13717","1":"product","2":"type-product","3":"status-publish","4":"has-post-thumbnail","6":"product_brand-whirlpool","7":"product_cat-mososzaritogepek","8":"product_cat-mosogep","9":"product_shipping_class-100000felett","11":"first","12":"onbackorder","13":"taxable","14":"shipping-taxable","15":"purchasable","16":"product-type-simple"},"yoast_head":"<!-- This site is optimized with the Yoast SEO Premium plugin v26.9 (Yoast SEO v26.9) - https:\/\/yoast.com\/product\/yoast-seo-premium-wordpress\/ -->\n<title>Whirlpool szabadon\u00e1ll\u00f3 fel\u00fclt\u00f6lt\u0151s mos\u00f3g\u00e9p 6,0kg TDLRB 6252BS EU\/N Feh\u00e9r - Pr\u00e9miumK\u00e9sz\u00fcl\u00e9k<\/title>\n<meta name=\"robots\" content=\"index, follow, max-snippet:-1, max-image-preview:large, max-video-preview:-1\" \/>\n<link rel=\"canonical\" href=\"https:\/\/premiumkeszulek.hu\/hu\/termek\/whirlpool-szabadonallo-felultoltos-mosogep-60kg-tdlrb-6252bs-eu-n-feher\/\" \/>\n<meta property=\"og:locale\" content=\"hu_HU\" \/>\n<meta property=\"og:type\" content=\"article\" \/>\n<meta property=\"og:title\" content=\"Whirlpool szabadon\u00e1ll\u00f3 fel\u00fclt\u00f6lt\u0151s mos\u00f3g\u00e9p 6,0kg TDLRB 6252BS EU\/N Feh\u00e9r\" \/>\n<meta property=\"og:description\" content=\"6. \u00c9rz\u00e9k technol\u00f3gia Fedezze fel a t\u00f6k\u00e9letes gondoskod\u00e1st! A 6. \u00c9rz\u00e9k intelligens szenzorai a t\u00f6ltet nagys\u00e1g\u00e1hoz \u00e9s t\u00edpus\u00e1hoz igaz\u00edtj\u00e1k az er\u0151forr\u00e1sok felhaszn\u00e1l\u00e1s\u00e1t, ezzel ak\u00e1r 50 %* energia-, v\u00edz- \u00e9s id\u0151megtakar\u00edt\u00e1st k\u00edn\u00e1lva. (*60 \u00b0 pamut program eset\u00e9n, 6. \u00c9rz\u00e9k funkci\u00f3t haszn\u00e1lva, a maxim\u00e1lis t\u00f6lt\u0151kapacit\u00e1st az 1kg mos\u00f3t\u00f6ltettel \u00f6sszevetve) ZEN technol\u00f3gia Az innovat\u00edv ZEN technol\u00f3gi\u00e1val a motor [&hellip;]\" \/>\n<meta property=\"og:url\" content=\"https:\/\/premiumkeszulek.hu\/hu\/termek\/whirlpool-szabadonallo-felultoltos-mosogep-60kg-tdlrb-6252bs-eu-n-feher\/\" \/>\n<meta property=\"og:site_name\" content=\"Pr\u00e9miumK\u00e9sz\u00fcl\u00e9k\" \/>\n<meta property=\"article:publisher\" content=\"https:\/\/www.facebook.com\/konyhaluxnet\" \/>\n<meta property=\"article:modified_time\" content=\"2026-04-01T17:53:06+00:00\" \/>\n<meta property=\"og:image\" content=\"https:\/\/i0.wp.com\/premiumkeszulek.hu\/wp-content\/uploads\/2025\/04\/1-6.jpg?fit=800%2C800&ssl=1\" \/>\n\t<meta property=\"og:image:width\" content=\"800\" \/>\n\t<meta property=\"og:image:height\" content=\"800\" \/>\n\t<meta property=\"og:image:type\" content=\"image\/jpeg\" \/>\n<meta name=\"twitter:card\" content=\"summary_large_image\" \/>\n<meta name=\"twitter:label1\" content=\"\u00c1r\" \/>\n\t<meta name=\"twitter:data1\" content=\"188.900&#070;&#116;\" \/>\n\t<meta name=\"twitter:label2\" content=\"El\u00e9rhet\u0151s\u00e9g\" \/>\n\t<meta name=\"twitter:data2\" content=\"Beszerz\u00e9s alatt\" \/>\n<script type=\"application\/ld+json\" class=\"yoast-schema-graph\">{\"@context\":\"https:\/\/schema.org\",\"@graph\":[{\"@type\":\"WebPage\",\"@id\":\"https:\/\/premiumkeszulek.hu\/hu\/termek\/whirlpool-szabadonallo-felultoltos-mosogep-60kg-tdlrb-6252bs-eu-n-feher\/\",\"url\":\"https:\/\/premiumkeszulek.hu\/hu\/termek\/whirlpool-szabadonallo-felultoltos-mosogep-60kg-tdlrb-6252bs-eu-n-feher\/\",\"name\":\"Whirlpool szabadon\u00e1ll\u00f3 fel\u00fclt\u00f6lt\u0151s mos\u00f3g\u00e9p 6,0kg TDLRB 6252BS EU\/N Feh\u00e9r - Pr\u00e9miumK\u00e9sz\u00fcl\u00e9k\",\"isPartOf\":{\"@id\":\"http:\/\/premiumkeszulek.hu\/hu\/#website\"},\"primaryImageOfPage\":{\"@id\":\"https:\/\/premiumkeszulek.hu\/hu\/termek\/whirlpool-szabadonallo-felultoltos-mosogep-60kg-tdlrb-6252bs-eu-n-feher\/#primaryimage\"},\"image\":{\"@id\":\"https:\/\/premiumkeszulek.hu\/hu\/termek\/whirlpool-szabadonallo-felultoltos-mosogep-60kg-tdlrb-6252bs-eu-n-feher\/#primaryimage\"},\"thumbnailUrl\":\"https:\/\/i0.wp.com\/premiumkeszulek.hu\/wp-content\/uploads\/2025\/04\/1-6.jpg?fit=800%2C800&ssl=1\",\"datePublished\":\"2025-04-28T13:15:06+00:00\",\"dateModified\":\"2026-04-01T17:53:06+00:00\",\"breadcrumb\":{\"@id\":\"https:\/\/premiumkeszulek.hu\/hu\/termek\/whirlpool-szabadonallo-felultoltos-mosogep-60kg-tdlrb-6252bs-eu-n-feher\/#breadcrumb\"},\"inLanguage\":\"hu\",\"potentialAction\":[{\"@type\":\"ReadAction\",\"target\":[\"https:\/\/premiumkeszulek.hu\/hu\/termek\/whirlpool-szabadonallo-felultoltos-mosogep-60kg-tdlrb-6252bs-eu-n-feher\/\"]}]},{\"@type\":\"ImageObject\",\"inLanguage\":\"hu\",\"@id\":\"https:\/\/premiumkeszulek.hu\/hu\/termek\/whirlpool-szabadonallo-felultoltos-mosogep-60kg-tdlrb-6252bs-eu-n-feher\/#primaryimage\",\"url\":\"https:\/\/i0.wp.com\/premiumkeszulek.hu\/wp-content\/uploads\/2025\/04\/1-6.jpg?fit=800%2C800&ssl=1\",\"contentUrl\":\"https:\/\/i0.wp.com\/premiumkeszulek.hu\/wp-content\/uploads\/2025\/04\/1-6.jpg?fit=800%2C800&ssl=1\",\"width\":800,\"height\":800},{\"@type\":\"BreadcrumbList\",\"@id\":\"https:\/\/premiumkeszulek.hu\/hu\/termek\/whirlpool-szabadonallo-felultoltos-mosogep-60kg-tdlrb-6252bs-eu-n-feher\/#breadcrumb\",\"itemListElement\":[{\"@type\":\"ListItem\",\"position\":1,\"name\":\"Home\",\"item\":\"http:\/\/premiumkeszulek.hu\/hu\/\"},{\"@type\":\"ListItem\",\"position\":2,\"name\":\"Shop\",\"item\":\"http:\/\/premiumkeszulek.hu\/hu\/shop\/\"},{\"@type\":\"ListItem\",\"position\":3,\"name\":\"Whirlpool szabadon\u00e1ll\u00f3 fel\u00fclt\u00f6lt\u0151s mos\u00f3g\u00e9p 6,0kg TDLRB 6252BS EU\/N Feh\u00e9r\"}]},{\"@type\":\"WebSite\",\"@id\":\"http:\/\/premiumkeszulek.hu\/hu\/#website\",\"url\":\"http:\/\/premiumkeszulek.hu\/hu\/\",\"name\":\"Pr\u00e9miumK\u00e9sz\u00fcl\u00e9k\",\"description\":\"\",\"publisher\":{\"@id\":\"http:\/\/premiumkeszulek.hu\/hu\/#organization\"},\"potentialAction\":[{\"@type\":\"SearchAction\",\"target\":{\"@type\":\"EntryPoint\",\"urlTemplate\":\"http:\/\/premiumkeszulek.hu\/hu\/?s={search_term_string}\"},\"query-input\":{\"@type\":\"PropertyValueSpecification\",\"valueRequired\":true,\"valueName\":\"search_term_string\"}}],\"inLanguage\":\"hu\"},{\"@type\":\"Organization\",\"@id\":\"http:\/\/premiumkeszulek.hu\/hu\/#organization\",\"name\":\"Pr\u00e9miumK\u00e9sz\u00fcl\u00e9k\",\"alternateName\":\"HPH Special Kft\",\"url\":\"http:\/\/premiumkeszulek.hu\/hu\/\",\"logo\":{\"@type\":\"ImageObject\",\"inLanguage\":\"hu\",\"@id\":\"http:\/\/premiumkeszulek.hu\/hu\/#\/schema\/logo\/image\/\",\"url\":\"http:\/\/premiumkeszulek.hu\/wp-content\/uploads\/2025\/03\/TURKIZLOGO-kicsi.png\",\"contentUrl\":\"http:\/\/premiumkeszulek.hu\/wp-content\/uploads\/2025\/03\/TURKIZLOGO-kicsi.png\",\"width\":1600,\"height\":547,\"caption\":\"Pr\u00e9miumK\u00e9sz\u00fcl\u00e9k\"},\"image\":{\"@id\":\"http:\/\/premiumkeszulek.hu\/hu\/#\/schema\/logo\/image\/\"},\"sameAs\":[\"https:\/\/www.facebook.com\/konyhaluxnet\",\"https:\/\/www.instagram.com\/konyhaluxnet\/#\"],\"email\":\"info@premiumkeszulek.hu\",\"telephone\":\"36 1 \/ 226-1992\",\"legalName\":\"HPH Special Kft\",\"vatID\":\"HU12549502\",\"taxID\":\"12549502\",\"hasMerchantReturnPolicy\":{\"@type\":\"MerchantReturnPolicy\",\"merchantReturnLink\":\"https:\/\/premiumkeszulek.hu\/hu\/altalanos-szerzodesi-es-felhasznalasi-feltetelek\/\"}}]}<\/script>\n<meta property=\"product:brand\" content=\"Whirlpool\" \/>\n<meta property=\"product:price:amount\" content=\"188900\" \/>\n<meta property=\"product:price:currency\" content=\"HUF\" \/>\n<meta property=\"og:availability\" content=\"backorder\" \/>\n<meta property=\"product:availability\" content=\"available for order\" \/>\n<meta property=\"product:retailer_item_id\" content=\"859991644910\" \/>\n<meta property=\"product:condition\" content=\"new\" \/>\n<!-- \/ Yoast SEO Premium plugin. -->","yoast_head_json":{"title":"Whirlpool szabadon\u00e1ll\u00f3 fel\u00fclt\u00f6lt\u0151s mos\u00f3g\u00e9p 6,0kg TDLRB 6252BS EU\/N Feh\u00e9r - Pr\u00e9miumK\u00e9sz\u00fcl\u00e9k","robots":{"index":"index","follow":"follow","max-snippet":"max-snippet:-1","max-image-preview":"max-image-preview:large","max-video-preview":"max-video-preview:-1"},"canonical":"https:\/\/premiumkeszulek.hu\/hu\/termek\/whirlpool-szabadonallo-felultoltos-mosogep-60kg-tdlrb-6252bs-eu-n-feher\/","og_locale":"hu_HU","og_type":"article","og_title":"Whirlpool szabadon\u00e1ll\u00f3 fel\u00fclt\u00f6lt\u0151s mos\u00f3g\u00e9p 6,0kg TDLRB 6252BS EU\/N Feh\u00e9r","og_description":"6. \u00c9rz\u00e9k technol\u00f3gia Fedezze fel a t\u00f6k\u00e9letes gondoskod\u00e1st! A 6. \u00c9rz\u00e9k intelligens szenzorai a t\u00f6ltet nagys\u00e1g\u00e1hoz \u00e9s t\u00edpus\u00e1hoz igaz\u00edtj\u00e1k az er\u0151forr\u00e1sok felhaszn\u00e1l\u00e1s\u00e1t, ezzel ak\u00e1r 50 %* energia-, v\u00edz- \u00e9s id\u0151megtakar\u00edt\u00e1st k\u00edn\u00e1lva. (*60 \u00b0 pamut program eset\u00e9n, 6. \u00c9rz\u00e9k funkci\u00f3t haszn\u00e1lva, a maxim\u00e1lis t\u00f6lt\u0151kapacit\u00e1st az 1kg mos\u00f3t\u00f6ltettel \u00f6sszevetve) ZEN technol\u00f3gia Az innovat\u00edv ZEN technol\u00f3gi\u00e1val a motor [&hellip;]","og_url":"https:\/\/premiumkeszulek.hu\/hu\/termek\/whirlpool-szabadonallo-felultoltos-mosogep-60kg-tdlrb-6252bs-eu-n-feher\/","og_site_name":"Pr\u00e9miumK\u00e9sz\u00fcl\u00e9k","article_publisher":"https:\/\/www.facebook.com\/konyhaluxnet","article_modified_time":"2026-04-01T17:53:06+00:00","og_image":[{"width":800,"height":800,"url":"https:\/\/i0.wp.com\/premiumkeszulek.hu\/wp-content\/uploads\/2025\/04\/1-6.jpg?fit=800%2C800&ssl=1","type":"image\/jpeg"}],"twitter_card":"summary_large_image","twitter_misc":{"\u00c1r":"188.900&#70;&#116;","El\u00e9rhet\u0151s\u00e9g":"Beszerz\u00e9s alatt"},"schema":{"@context":"https:\/\/schema.org","@graph":[{"@type":"WebPage","@id":"https:\/\/premiumkeszulek.hu\/hu\/termek\/whirlpool-szabadonallo-felultoltos-mosogep-60kg-tdlrb-6252bs-eu-n-feher\/","url":"https:\/\/premiumkeszulek.hu\/hu\/termek\/whirlpool-szabadonallo-felultoltos-mosogep-60kg-tdlrb-6252bs-eu-n-feher\/","name":"Whirlpool szabadon\u00e1ll\u00f3 fel\u00fclt\u00f6lt\u0151s mos\u00f3g\u00e9p 6,0kg TDLRB 6252BS EU\/N Feh\u00e9r - Pr\u00e9miumK\u00e9sz\u00fcl\u00e9k","isPartOf":{"@id":"http:\/\/premiumkeszulek.hu\/hu\/#website"},"primaryImageOfPage":{"@id":"https:\/\/premiumkeszulek.hu\/hu\/termek\/whirlpool-szabadonallo-felultoltos-mosogep-60kg-tdlrb-6252bs-eu-n-feher\/#primaryimage"},"image":{"@id":"https:\/\/premiumkeszulek.hu\/hu\/termek\/whirlpool-szabadonallo-felultoltos-mosogep-60kg-tdlrb-6252bs-eu-n-feher\/#primaryimage"},"thumbnailUrl":"https:\/\/i0.wp.com\/premiumkeszulek.hu\/wp-content\/uploads\/2025\/04\/1-6.jpg?fit=800%2C800&ssl=1","datePublished":"2025-04-28T13:15:06+00:00","dateModified":"2026-04-01T17:53:06+00:00","breadcrumb":{"@id":"https:\/\/premiumkeszulek.hu\/hu\/termek\/whirlpool-szabadonallo-felultoltos-mosogep-60kg-tdlrb-6252bs-eu-n-feher\/#breadcrumb"},"inLanguage":"hu","potentialAction":[{"@type":"ReadAction","target":["https:\/\/premiumkeszulek.hu\/hu\/termek\/whirlpool-szabadonallo-felultoltos-mosogep-60kg-tdlrb-6252bs-eu-n-feher\/"]}]},{"@type":"ImageObject","inLanguage":"hu","@id":"https:\/\/premiumkeszulek.hu\/hu\/termek\/whirlpool-szabadonallo-felultoltos-mosogep-60kg-tdlrb-6252bs-eu-n-feher\/#primaryimage","url":"https:\/\/i0.wp.com\/premiumkeszulek.hu\/wp-content\/uploads\/2025\/04\/1-6.jpg?fit=800%2C800&ssl=1","contentUrl":"https:\/\/i0.wp.com\/premiumkeszulek.hu\/wp-content\/uploads\/2025\/04\/1-6.jpg?fit=800%2C800&ssl=1","width":800,"height":800},{"@type":"BreadcrumbList","@id":"https:\/\/premiumkeszulek.hu\/hu\/termek\/whirlpool-szabadonallo-felultoltos-mosogep-60kg-tdlrb-6252bs-eu-n-feher\/#breadcrumb","itemListElement":[{"@type":"ListItem","position":1,"name":"Home","item":"http:\/\/premiumkeszulek.hu\/hu\/"},{"@type":"ListItem","position":2,"name":"Shop","item":"http:\/\/premiumkeszulek.hu\/hu\/shop\/"},{"@type":"ListItem","position":3,"name":"Whirlpool szabadon\u00e1ll\u00f3 fel\u00fclt\u00f6lt\u0151s mos\u00f3g\u00e9p 6,0kg TDLRB 6252BS EU\/N Feh\u00e9r"}]},{"@type":"WebSite","@id":"http:\/\/premiumkeszulek.hu\/hu\/#website","url":"http:\/\/premiumkeszulek.hu\/hu\/","name":"Pr\u00e9miumK\u00e9sz\u00fcl\u00e9k","description":"","publisher":{"@id":"http:\/\/premiumkeszulek.hu\/hu\/#organization"},"potentialAction":[{"@type":"SearchAction","target":{"@type":"EntryPoint","urlTemplate":"http:\/\/premiumkeszulek.hu\/hu\/?s={search_term_string}"},"query-input":{"@type":"PropertyValueSpecification","valueRequired":true,"valueName":"search_term_string"}}],"inLanguage":"hu"},{"@type":"Organization","@id":"http:\/\/premiumkeszulek.hu\/hu\/#organization","name":"Pr\u00e9miumK\u00e9sz\u00fcl\u00e9k","alternateName":"HPH Special Kft","url":"http:\/\/premiumkeszulek.hu\/hu\/","logo":{"@type":"ImageObject","inLanguage":"hu","@id":"http:\/\/premiumkeszulek.hu\/hu\/#\/schema\/logo\/image\/","url":"http:\/\/premiumkeszulek.hu\/wp-content\/uploads\/2025\/03\/TURKIZLOGO-kicsi.png","contentUrl":"http:\/\/premiumkeszulek.hu\/wp-content\/uploads\/2025\/03\/TURKIZLOGO-kicsi.png","width":1600,"height":547,"caption":"Pr\u00e9miumK\u00e9sz\u00fcl\u00e9k"},"image":{"@id":"http:\/\/premiumkeszulek.hu\/hu\/#\/schema\/logo\/image\/"},"sameAs":["https:\/\/www.facebook.com\/konyhaluxnet","https:\/\/www.instagram.com\/konyhaluxnet\/#"],"email":"info@premiumkeszulek.hu","telephone":"36 1 \/ 226-1992","legalName":"HPH Special Kft","vatID":"HU12549502","taxID":"12549502","hasMerchantReturnPolicy":{"@type":"MerchantReturnPolicy","merchantReturnLink":"https:\/\/premiumkeszulek.hu\/hu\/altalanos-szerzodesi-es-felhasznalasi-feltetelek\/"}}]},"product_brand":"Whirlpool","product_price_amount":"188900","product_price_currency":"HUF","og_availability":"backorder","product_availability":"available for order","product_retailer_item_id":"859991644910","product_condition":"new"},"jetpack_publicize_connections":[],"jetpack_likes_enabled":true,"jetpack_sharing_enabled":true,"jetpack-related-posts":[],"_links":{"self":[{"href":"https:\/\/premiumkeszulek.hu\/hu\/wp-json\/wp\/v2\/product\/13717","targetHints":{"allow":["GET"]}}],"collection":[{"href":"https:\/\/premiumkeszulek.hu\/hu\/wp-json\/wp\/v2\/product"}],"about":[{"href":"https:\/\/premiumkeszulek.hu\/hu\/wp-json\/wp\/v2\/types\/product"}],"replies":[{"embeddable":true,"href":"https:\/\/premiumkeszulek.hu\/hu\/wp-json\/wp\/v2\/comments?post=13717"}],"wp:featuredmedia":[{"embeddable":true,"href":"https:\/\/premiumkeszulek.hu\/hu\/wp-json\/wp\/v2\/media\/13716"}],"wp:attachment":[{"href":"https:\/\/premiumkeszulek.hu\/hu\/wp-json\/wp\/v2\/media?parent=13717"}],"wp:term":[{"taxonomy":"product_brand","embeddable":true,"href":"https:\/\/premiumkeszulek.hu\/hu\/wp-json\/wp\/v2\/product_brand?post=13717"},{"taxonomy":"product_cat","embeddable":true,"href":"https:\/\/premiumkeszulek.hu\/hu\/wp-json\/wp\/v2\/product_cat?post=13717"},{"taxonomy":"product_tag","embeddable":true,"href":"https:\/\/premiumkeszulek.hu\/hu\/wp-json\/wp\/v2\/product_tag?post=13717"},{"taxonomy":"woo-feed-brand","embeddable":true,"href":"https:\/\/premiumkeszulek.hu\/hu\/wp-json\/wp\/v2\/woo-feed-brand?post=13717"}],"curies":[{"name":"wp","href":"https:\/\/api.w.org\/{rel}","templated":true}]}}