{"id":13067,"date":"2025-04-25T18:15:31","date_gmt":"2025-04-25T16:15:31","guid":{"rendered":"https:\/\/premiumkeszulek.hu\/termek\/liebherr-uwpri-3761-vinidor-selection-pult-ala-beepitheto-borhuto-dekoralhato-44-palackos\/"},"modified":"2026-04-17T19:36:54","modified_gmt":"2026-04-17T17:36:54","slug":"liebherr-uwpri-3761-vinidor-selection-pult-ala-beepitheto-borhuto-dekoralhato-44-palackos","status":"publish","type":"product","link":"https:\/\/premiumkeszulek.hu\/hu\/termek\/liebherr-uwpri-3761-vinidor-selection-pult-ala-beepitheto-borhuto-dekoralhato-44-palackos\/","title":{"rendered":"Liebherr UWpri 3761 Vinidor Selection pult al\u00e1 be\u00e9p\u00edthet\u0151 borh\u0171t\u0151 dekor\u00e1lhat\u00f3 44 palackos"},"content":{"rendered":"<div class=\"loadbeeTabContent\" data-loadbee-apikey=\"bVxDWaSdseFz5PWWtvKmAkGr88n6WXYY\" data-loadbee-gtin=\"9005382280898\" data-loadbee-locale=\"hu_HU\">\u00a0\n<\/div>\n<p><script async src=\"https:\/\/cdn.loadbee.com\/js\/loadbee_integration.js\"><\/script><script type=\"text\/javascript\"\nsrc=\"https:\/\/tracking.channelsight.com\/api\/tracking\/v2\/Init\">\n<\/script><\/p>\n","protected":false},"excerpt":{"rendered":"<p>Dekorlemezzel ell\u00e1that\u00f3 ajt\u00f3<br \/>\n\tMostant\u00f3l a borh\u0171t\u0151 t\u00f6k\u00e9letesen illeszkedik a konyha st\u00edlus\u00e1ba: A dekorlemezzel ell\u00e1that\u00f3 ajt\u00f3val a konyh\u00e1j\u00e1hoz igaz\u00edthatja k\u00e9sz\u00fcl\u00e9k\u00e9t. Ugyanakkor bel\u00fclr\u0151l egy cs\u00facskateg\u00f3ri\u00e1s borh\u0171t\u0151 minden el\u0151ny\u00e9t k\u00edn\u00e1lja. \u00c9lvezze mindk\u00e9t vil\u00e1g legjav\u00e1t \u2013 szem\u00e9lyre szabott diz\u00e1jn \u00e9s cs\u00facsteljes\u00edtm\u00e9ny.<\/p>\n<p>1 h\u0151m\u00e9rs\u00e9kleti z\u00f3na<br \/>\n\tIsmerje meg a egy h\u0151m\u00e9rs\u00e9kleti z\u00f3n\u00e1val ell\u00e1tott, borh\u0171t\u0151t. Z\u00f3na h\u0151m\u00e9rs\u00e9klete pontosan be\u00e1ll\u00edthat\u00f3 +5 \u00b0C \u00e9s +20 \u00b0C k\u00f6z\u00f6tt, \u00edgy biztos lehet benne, hogy v\u00f6r\u00f6s \u00e9s feh\u00e9r borai sz\u00e9pen \u00e9rlel\u0151dnek, \u00e9s b\u00e1rmikor fogyaszt\u00e1sra k\u00e9szen \u00e1llnak a k\u00e9sz\u00fcl\u00e9kben. Ez k\u00e9nyelmet k\u00edn\u00e1l, f\u00fcggetlen\u00fcl att\u00f3l, hogy \u00d6n tapasztalt borgy\u0171jt\u0151 vagy lelkes kezd\u0151.<\/p>\n<p>TempProtect Plus<br \/>\n\tKett\u0151s v\u00e9delem. A TempProtect Plus haszn\u00e1lat\u00e1val bortemper\u00e1l\u00f3 szekr\u00e9ny\u00fcnk k\u00e9t \u00e9rz\u00e9kel\u0151n kereszt\u00fcl folyamatosan ellen\u0151rzi a h\u0151m\u00e9rs\u00e9kletet. \u00cdgy kett\u0151s v\u00e9delemmel biztos\u00edthatja borait a h\u0151m\u00e9rs\u00e9klet ingadoz\u00e1s\u00e1val szemben. Amint az egyik \u00e9rz\u00e9kel\u0151 kritikus h\u0151m\u00e9rs\u00e9klet-v\u00e1ltoz\u00e1st \u00e9rz\u00e9kel, \u00e9rtes\u00edt\u00e9st k\u00fcld, \u00e9s \u00d6nnek lehet\u0151s\u00e9ge ny\u00edlik az azonnali beavatkoz\u00e1sra.<\/p>\n<p>HumiditySelect<br \/>\n\tNe hagyja, hogy a dug\u00f3k elmorzsol\u00f3djanak. A HumiditySelect seg\u00edts\u00e9g\u00e9vel k\u00e9t fokozatban \u00e1ll\u00edthatja be a Vinidor modellek p\u00e1ratartalm\u00e1t a kijelz\u0151n kereszt\u00fcl: \u201eStandard p\u00e1ratartalom\u201d \u00e9s \u201eMagas p\u00e1ratartalom\u201d. Annyira egyszer\u0171, \u00e9s hasznos borai sz\u00e1m\u00e1ra. Az optim\u00e1lis p\u00e1ratartalom ugyanis biztos\u00edtja a dug\u00f3k kell\u0151 nedvess\u00e9g\u00e9t \u00edgy azok szorosan lez\u00e1rva tartj\u00e1k a palackokat.<\/p>\n<p>UVProtect Plus<br \/>\n\tH\u00e1romszoros v\u00e9delem. \u00dcvegajt\u00f3s bortemper\u00e1l\u00f3 szekr\u00e9nyeink soha nem l\u00e1tott v\u00e9delmet biztos\u00edtanak az UV sugarakkal szemben: h\u00e1rom r\u00e9teg\u0171 v\u00e9delem, amely egy r\u00e9teg sz\u00ednezett \u00fcvegb\u0151l \u00e9s k\u00e9t r\u00e9teg v\u00e1kuumos elj\u00e1r\u00e1ssal f\u00e9mmel bevont \u00fcvegb\u0151l \u00e1ll. Low-E bevonatk\u00e9nt ismert, rendk\u00edv\u00fcl hat\u00e9kony v\u00e9delmet ny\u00fajt bor\u00e1nak a Nap k\u00e1ros sugaraival szemben.<\/p>\n<p>VibrateSafe<br \/>\n\tBorainak nyugalomra \u00e9s csendre van sz\u00fcks\u00e9ge. A Liebherr \u00e1ltal fejlesztett, csendes kompresszorok \u00e9s a t\u00f6m\u00f6r b\u00fckkf\u00e1b\u00f3l k\u00e9sz\u00fclt stabil polcok seg\u00edts\u00e9g\u00e9vel bortemper\u00e1l\u00f3 szekr\u00e9nyeink megfelel\u0151 k\u00f6rnyezetet biztos\u00edtanak borai sz\u00e1m\u00e1ra. Borai \u00edgy zavartalanul \u00e9rlel\u0151dhetnek.<\/p>\n","protected":false},"featured_media":13066,"comment_status":"closed","ping_status":"closed","template":"","meta":{"_crdt_document":"","content-type":"","jetpack_post_was_ever_published":false,"jetpack_publicize_message":"","jetpack_publicize_feature_enabled":true,"jetpack_social_post_already_shared":true,"jetpack_social_options":{"image_generator_settings":{"template":"highway","default_image_id":0,"font":"","enabled":false},"version":2},"_wpas_customize_per_network":false},"product_brand":[1373],"product_cat":[1546,1404],"product_tag":[],"woo-feed-brand":[],"class_list":{"0":"post-13067","1":"product","2":"type-product","3":"status-publish","4":"has-post-thumbnail","6":"product_brand-liebherr","7":"product_cat-beepitheto-borhutok","8":"product_cat-hutokfagyasztok","9":"product_shipping_class-100000felett","11":"first","12":"onbackorder","13":"taxable","14":"shipping-taxable","15":"purchasable","16":"product-type-simple"},"yoast_head":"<!-- This site is optimized with the Yoast SEO Premium plugin v26.9 (Yoast SEO v27.4) - https:\/\/yoast.com\/product\/yoast-seo-premium-wordpress\/ -->\n<title>Liebherr UWpri 3761 Vinidor Selection pult al\u00e1 be\u00e9p\u00edthet\u0151 borh\u0171t\u0151 dekor\u00e1lhat\u00f3 44 palackos - Pr\u00e9miumK\u00e9sz\u00fcl\u00e9k<\/title>\n<meta name=\"description\" content=\"\u00c9lvezze a borh\u0171t\u0151 ny\u00fajtotta el\u0151ny\u00f6ket a Liebherr UWpri 3761 Vinidor borh\u0171t\u0151vel. T\u00f6k\u00e9letes h\u0151m\u00e9rs\u00e9klet \u00e9s dekorat\u00edv design v\u00e1r \u00d6nre!\" \/>\n<meta name=\"robots\" content=\"index, follow, max-snippet:-1, max-image-preview:large, max-video-preview:-1\" \/>\n<link rel=\"canonical\" href=\"http:\/\/premiumkeszulek.hu\/hu\/termek\/liebherr-uwpri-3761-vinidor-selection-pult-ala-beepitheto-borhuto-dekoralhato-44-palackos\/\" \/>\n<meta property=\"og:locale\" content=\"hu_HU\" \/>\n<meta property=\"og:type\" content=\"article\" \/>\n<meta property=\"og:title\" content=\"Liebherr UWpri 3761 Vinidor Selection pult al\u00e1 be\u00e9p\u00edthet\u0151 borh\u0171t\u0151 dekor\u00e1lhat\u00f3 44 palackos\" \/>\n<meta property=\"og:description\" content=\"\u00c9lvezze a borh\u0171t\u0151 ny\u00fajtotta el\u0151ny\u00f6ket a Liebherr UWpri 3761 Vinidor borh\u0171t\u0151vel. T\u00f6k\u00e9letes h\u0151m\u00e9rs\u00e9klet \u00e9s dekorat\u00edv design v\u00e1r \u00d6nre!\" \/>\n<meta property=\"og:url\" content=\"http:\/\/premiumkeszulek.hu\/hu\/termek\/liebherr-uwpri-3761-vinidor-selection-pult-ala-beepitheto-borhuto-dekoralhato-44-palackos\/\" \/>\n<meta property=\"og:site_name\" content=\"Pr\u00e9miumK\u00e9sz\u00fcl\u00e9k\" \/>\n<meta property=\"article:publisher\" content=\"https:\/\/www.facebook.com\/konyhaluxnet\" \/>\n<meta property=\"article:modified_time\" content=\"2026-04-17T17:36:54+00:00\" \/>\n<meta property=\"og:image\" content=\"https:\/\/i0.wp.com\/premiumkeszulek.hu\/wp-content\/uploads\/2025\/04\/UWpri3761-111.png?fit=800%2C800\" \/>\n\t<meta property=\"og:image:width\" content=\"800\" \/>\n\t<meta property=\"og:image:height\" content=\"800\" \/>\n\t<meta property=\"og:image:type\" content=\"image\/png\" \/>\n<meta name=\"twitter:card\" content=\"summary_large_image\" \/>\n<meta name=\"twitter:label1\" content=\"\u00c1r\" \/>\n\t<meta name=\"twitter:data1\" content=\"882.900&#070;&#116;\" \/>\n\t<meta name=\"twitter:label2\" content=\"El\u00e9rhet\u0151s\u00e9g\" \/>\n\t<meta name=\"twitter:data2\" content=\"Beszerz\u00e9s alatt\" \/>\n<script type=\"application\/ld+json\" class=\"yoast-schema-graph\">{\"@context\":\"https:\\\/\\\/schema.org\",\"@graph\":[{\"@type\":\"WebPage\",\"@id\":\"http:\\\/\\\/premiumkeszulek.hu\\\/hu\\\/termek\\\/liebherr-uwpri-3761-vinidor-selection-pult-ala-beepitheto-borhuto-dekoralhato-44-palackos\\\/\",\"url\":\"http:\\\/\\\/premiumkeszulek.hu\\\/hu\\\/termek\\\/liebherr-uwpri-3761-vinidor-selection-pult-ala-beepitheto-borhuto-dekoralhato-44-palackos\\\/\",\"name\":\"Liebherr UWpri 3761 Vinidor Selection pult al\u00e1 be\u00e9p\u00edthet\u0151 borh\u0171t\u0151 dekor\u00e1lhat\u00f3 44 palackos - Pr\u00e9miumK\u00e9sz\u00fcl\u00e9k\",\"isPartOf\":{\"@id\":\"https:\\\/\\\/premiumkeszulek.hu\\\/hu\\\/#website\"},\"primaryImageOfPage\":{\"@id\":\"http:\\\/\\\/premiumkeszulek.hu\\\/hu\\\/termek\\\/liebherr-uwpri-3761-vinidor-selection-pult-ala-beepitheto-borhuto-dekoralhato-44-palackos\\\/#primaryimage\"},\"image\":{\"@id\":\"http:\\\/\\\/premiumkeszulek.hu\\\/hu\\\/termek\\\/liebherr-uwpri-3761-vinidor-selection-pult-ala-beepitheto-borhuto-dekoralhato-44-palackos\\\/#primaryimage\"},\"thumbnailUrl\":\"https:\\\/\\\/i0.wp.com\\\/premiumkeszulek.hu\\\/wp-content\\\/uploads\\\/2025\\\/04\\\/UWpri3761-111.png?fit=800%2C800&ssl=1\",\"datePublished\":\"2025-04-25T16:15:31+00:00\",\"dateModified\":\"2026-04-17T17:36:54+00:00\",\"description\":\"\u00c9lvezze a borh\u0171t\u0151 ny\u00fajtotta el\u0151ny\u00f6ket a Liebherr UWpri 3761 Vinidor borh\u0171t\u0151vel. T\u00f6k\u00e9letes h\u0151m\u00e9rs\u00e9klet \u00e9s dekorat\u00edv design v\u00e1r \u00d6nre!\",\"breadcrumb\":{\"@id\":\"http:\\\/\\\/premiumkeszulek.hu\\\/hu\\\/termek\\\/liebherr-uwpri-3761-vinidor-selection-pult-ala-beepitheto-borhuto-dekoralhato-44-palackos\\\/#breadcrumb\"},\"inLanguage\":\"hu\",\"potentialAction\":[{\"@type\":\"ReadAction\",\"target\":[\"http:\\\/\\\/premiumkeszulek.hu\\\/hu\\\/termek\\\/liebherr-uwpri-3761-vinidor-selection-pult-ala-beepitheto-borhuto-dekoralhato-44-palackos\\\/\"]}]},{\"@type\":\"ImageObject\",\"inLanguage\":\"hu\",\"@id\":\"http:\\\/\\\/premiumkeszulek.hu\\\/hu\\\/termek\\\/liebherr-uwpri-3761-vinidor-selection-pult-ala-beepitheto-borhuto-dekoralhato-44-palackos\\\/#primaryimage\",\"url\":\"https:\\\/\\\/i0.wp.com\\\/premiumkeszulek.hu\\\/wp-content\\\/uploads\\\/2025\\\/04\\\/UWpri3761-111.png?fit=800%2C800&ssl=1\",\"contentUrl\":\"https:\\\/\\\/i0.wp.com\\\/premiumkeszulek.hu\\\/wp-content\\\/uploads\\\/2025\\\/04\\\/UWpri3761-111.png?fit=800%2C800&ssl=1\",\"width\":800,\"height\":800},{\"@type\":\"BreadcrumbList\",\"@id\":\"http:\\\/\\\/premiumkeszulek.hu\\\/hu\\\/termek\\\/liebherr-uwpri-3761-vinidor-selection-pult-ala-beepitheto-borhuto-dekoralhato-44-palackos\\\/#breadcrumb\",\"itemListElement\":[{\"@type\":\"ListItem\",\"position\":1,\"name\":\"Home\",\"item\":\"https:\\\/\\\/premiumkeszulek.hu\\\/hu\\\/\"},{\"@type\":\"ListItem\",\"position\":2,\"name\":\"Shop\",\"item\":\"https:\\\/\\\/premiumkeszulek.hu\\\/hu\\\/shop\\\/\"},{\"@type\":\"ListItem\",\"position\":3,\"name\":\"Liebherr UWpri 3761 Vinidor Selection pult al\u00e1 be\u00e9p\u00edthet\u0151 borh\u0171t\u0151 dekor\u00e1lhat\u00f3 44 palackos\"}]},{\"@type\":\"WebSite\",\"@id\":\"https:\\\/\\\/premiumkeszulek.hu\\\/hu\\\/#website\",\"url\":\"https:\\\/\\\/premiumkeszulek.hu\\\/hu\\\/\",\"name\":\"Pr\u00e9miumK\u00e9sz\u00fcl\u00e9k\",\"description\":\"\",\"publisher\":{\"@id\":\"https:\\\/\\\/premiumkeszulek.hu\\\/hu\\\/#organization\"},\"potentialAction\":[{\"@type\":\"SearchAction\",\"target\":{\"@type\":\"EntryPoint\",\"urlTemplate\":\"https:\\\/\\\/premiumkeszulek.hu\\\/hu\\\/?s={search_term_string}\"},\"query-input\":{\"@type\":\"PropertyValueSpecification\",\"valueRequired\":true,\"valueName\":\"search_term_string\"}}],\"inLanguage\":\"hu\"},{\"@type\":\"Organization\",\"@id\":\"https:\\\/\\\/premiumkeszulek.hu\\\/hu\\\/#organization\",\"name\":\"Pr\u00e9miumK\u00e9sz\u00fcl\u00e9k\",\"alternateName\":\"HPH Special Kft\",\"url\":\"https:\\\/\\\/premiumkeszulek.hu\\\/hu\\\/\",\"logo\":{\"@type\":\"ImageObject\",\"inLanguage\":\"hu\",\"@id\":\"https:\\\/\\\/premiumkeszulek.hu\\\/hu\\\/#\\\/schema\\\/logo\\\/image\\\/\",\"url\":\"http:\\\/\\\/premiumkeszulek.hu\\\/wp-content\\\/uploads\\\/2025\\\/03\\\/TURKIZLOGO-kicsi.png\",\"contentUrl\":\"http:\\\/\\\/premiumkeszulek.hu\\\/wp-content\\\/uploads\\\/2025\\\/03\\\/TURKIZLOGO-kicsi.png\",\"width\":1600,\"height\":547,\"caption\":\"Pr\u00e9miumK\u00e9sz\u00fcl\u00e9k\"},\"image\":{\"@id\":\"https:\\\/\\\/premiumkeszulek.hu\\\/hu\\\/#\\\/schema\\\/logo\\\/image\\\/\"},\"sameAs\":[\"https:\\\/\\\/www.facebook.com\\\/konyhaluxnet\",\"https:\\\/\\\/www.instagram.com\\\/konyhaluxnet\\\/#\"],\"email\":\"info@premiumkeszulek.hu\",\"telephone\":\"36 1 \\\/ 226-1992\",\"legalName\":\"HPH Special Kft\",\"vatID\":\"HU12549502\",\"taxID\":\"12549502\",\"hasMerchantReturnPolicy\":{\"@type\":\"MerchantReturnPolicy\",\"merchantReturnLink\":\"https:\\\/\\\/premiumkeszulek.hu\\\/hu\\\/altalanos-szerzodesi-es-felhasznalasi-feltetelek\\\/\"}}]}<\/script>\n<meta property=\"product:brand\" content=\"Liebherr\" \/>\n<meta property=\"product:price:amount\" content=\"882900\" \/>\n<meta property=\"product:price:currency\" content=\"HUF\" \/>\n<meta property=\"og:availability\" content=\"backorder\" \/>\n<meta property=\"product:availability\" content=\"available for order\" \/>\n<meta property=\"product:retailer_item_id\" content=\"9005382280898\" \/>\n<meta property=\"product:condition\" content=\"new\" \/>\n<!-- \/ Yoast SEO Premium plugin. -->","yoast_head_json":{"title":"Liebherr UWpri 3761 Vinidor Selection pult al\u00e1 be\u00e9p\u00edthet\u0151 borh\u0171t\u0151 dekor\u00e1lhat\u00f3 44 palackos - Pr\u00e9miumK\u00e9sz\u00fcl\u00e9k","description":"\u00c9lvezze a borh\u0171t\u0151 ny\u00fajtotta el\u0151ny\u00f6ket a Liebherr UWpri 3761 Vinidor borh\u0171t\u0151vel. T\u00f6k\u00e9letes h\u0151m\u00e9rs\u00e9klet \u00e9s dekorat\u00edv design v\u00e1r \u00d6nre!","robots":{"index":"index","follow":"follow","max-snippet":"max-snippet:-1","max-image-preview":"max-image-preview:large","max-video-preview":"max-video-preview:-1"},"canonical":"http:\/\/premiumkeszulek.hu\/hu\/termek\/liebherr-uwpri-3761-vinidor-selection-pult-ala-beepitheto-borhuto-dekoralhato-44-palackos\/","og_locale":"hu_HU","og_type":"article","og_title":"Liebherr UWpri 3761 Vinidor Selection pult al\u00e1 be\u00e9p\u00edthet\u0151 borh\u0171t\u0151 dekor\u00e1lhat\u00f3 44 palackos","og_description":"\u00c9lvezze a borh\u0171t\u0151 ny\u00fajtotta el\u0151ny\u00f6ket a Liebherr UWpri 3761 Vinidor borh\u0171t\u0151vel. T\u00f6k\u00e9letes h\u0151m\u00e9rs\u00e9klet \u00e9s dekorat\u00edv design v\u00e1r \u00d6nre!","og_url":"http:\/\/premiumkeszulek.hu\/hu\/termek\/liebherr-uwpri-3761-vinidor-selection-pult-ala-beepitheto-borhuto-dekoralhato-44-palackos\/","og_site_name":"Pr\u00e9miumK\u00e9sz\u00fcl\u00e9k","article_publisher":"https:\/\/www.facebook.com\/konyhaluxnet","article_modified_time":"2026-04-17T17:36:54+00:00","og_image":[{"width":800,"height":800,"url":"https:\/\/i0.wp.com\/premiumkeszulek.hu\/wp-content\/uploads\/2025\/04\/UWpri3761-111.png?fit=800%2C800","type":"image\/png"}],"twitter_card":"summary_large_image","twitter_misc":{"\u00c1r":"882.900&#70;&#116;","El\u00e9rhet\u0151s\u00e9g":"Beszerz\u00e9s alatt"},"schema":{"@context":"https:\/\/schema.org","@graph":[{"@type":"WebPage","@id":"http:\/\/premiumkeszulek.hu\/hu\/termek\/liebherr-uwpri-3761-vinidor-selection-pult-ala-beepitheto-borhuto-dekoralhato-44-palackos\/","url":"http:\/\/premiumkeszulek.hu\/hu\/termek\/liebherr-uwpri-3761-vinidor-selection-pult-ala-beepitheto-borhuto-dekoralhato-44-palackos\/","name":"Liebherr UWpri 3761 Vinidor Selection pult al\u00e1 be\u00e9p\u00edthet\u0151 borh\u0171t\u0151 dekor\u00e1lhat\u00f3 44 palackos - Pr\u00e9miumK\u00e9sz\u00fcl\u00e9k","isPartOf":{"@id":"https:\/\/premiumkeszulek.hu\/hu\/#website"},"primaryImageOfPage":{"@id":"http:\/\/premiumkeszulek.hu\/hu\/termek\/liebherr-uwpri-3761-vinidor-selection-pult-ala-beepitheto-borhuto-dekoralhato-44-palackos\/#primaryimage"},"image":{"@id":"http:\/\/premiumkeszulek.hu\/hu\/termek\/liebherr-uwpri-3761-vinidor-selection-pult-ala-beepitheto-borhuto-dekoralhato-44-palackos\/#primaryimage"},"thumbnailUrl":"https:\/\/i0.wp.com\/premiumkeszulek.hu\/wp-content\/uploads\/2025\/04\/UWpri3761-111.png?fit=800%2C800&ssl=1","datePublished":"2025-04-25T16:15:31+00:00","dateModified":"2026-04-17T17:36:54+00:00","description":"\u00c9lvezze a borh\u0171t\u0151 ny\u00fajtotta el\u0151ny\u00f6ket a Liebherr UWpri 3761 Vinidor borh\u0171t\u0151vel. T\u00f6k\u00e9letes h\u0151m\u00e9rs\u00e9klet \u00e9s dekorat\u00edv design v\u00e1r \u00d6nre!","breadcrumb":{"@id":"http:\/\/premiumkeszulek.hu\/hu\/termek\/liebherr-uwpri-3761-vinidor-selection-pult-ala-beepitheto-borhuto-dekoralhato-44-palackos\/#breadcrumb"},"inLanguage":"hu","potentialAction":[{"@type":"ReadAction","target":["http:\/\/premiumkeszulek.hu\/hu\/termek\/liebherr-uwpri-3761-vinidor-selection-pult-ala-beepitheto-borhuto-dekoralhato-44-palackos\/"]}]},{"@type":"ImageObject","inLanguage":"hu","@id":"http:\/\/premiumkeszulek.hu\/hu\/termek\/liebherr-uwpri-3761-vinidor-selection-pult-ala-beepitheto-borhuto-dekoralhato-44-palackos\/#primaryimage","url":"https:\/\/i0.wp.com\/premiumkeszulek.hu\/wp-content\/uploads\/2025\/04\/UWpri3761-111.png?fit=800%2C800&ssl=1","contentUrl":"https:\/\/i0.wp.com\/premiumkeszulek.hu\/wp-content\/uploads\/2025\/04\/UWpri3761-111.png?fit=800%2C800&ssl=1","width":800,"height":800},{"@type":"BreadcrumbList","@id":"http:\/\/premiumkeszulek.hu\/hu\/termek\/liebherr-uwpri-3761-vinidor-selection-pult-ala-beepitheto-borhuto-dekoralhato-44-palackos\/#breadcrumb","itemListElement":[{"@type":"ListItem","position":1,"name":"Home","item":"https:\/\/premiumkeszulek.hu\/hu\/"},{"@type":"ListItem","position":2,"name":"Shop","item":"https:\/\/premiumkeszulek.hu\/hu\/shop\/"},{"@type":"ListItem","position":3,"name":"Liebherr UWpri 3761 Vinidor Selection pult al\u00e1 be\u00e9p\u00edthet\u0151 borh\u0171t\u0151 dekor\u00e1lhat\u00f3 44 palackos"}]},{"@type":"WebSite","@id":"https:\/\/premiumkeszulek.hu\/hu\/#website","url":"https:\/\/premiumkeszulek.hu\/hu\/","name":"Pr\u00e9miumK\u00e9sz\u00fcl\u00e9k","description":"","publisher":{"@id":"https:\/\/premiumkeszulek.hu\/hu\/#organization"},"potentialAction":[{"@type":"SearchAction","target":{"@type":"EntryPoint","urlTemplate":"https:\/\/premiumkeszulek.hu\/hu\/?s={search_term_string}"},"query-input":{"@type":"PropertyValueSpecification","valueRequired":true,"valueName":"search_term_string"}}],"inLanguage":"hu"},{"@type":"Organization","@id":"https:\/\/premiumkeszulek.hu\/hu\/#organization","name":"Pr\u00e9miumK\u00e9sz\u00fcl\u00e9k","alternateName":"HPH Special Kft","url":"https:\/\/premiumkeszulek.hu\/hu\/","logo":{"@type":"ImageObject","inLanguage":"hu","@id":"https:\/\/premiumkeszulek.hu\/hu\/#\/schema\/logo\/image\/","url":"http:\/\/premiumkeszulek.hu\/wp-content\/uploads\/2025\/03\/TURKIZLOGO-kicsi.png","contentUrl":"http:\/\/premiumkeszulek.hu\/wp-content\/uploads\/2025\/03\/TURKIZLOGO-kicsi.png","width":1600,"height":547,"caption":"Pr\u00e9miumK\u00e9sz\u00fcl\u00e9k"},"image":{"@id":"https:\/\/premiumkeszulek.hu\/hu\/#\/schema\/logo\/image\/"},"sameAs":["https:\/\/www.facebook.com\/konyhaluxnet","https:\/\/www.instagram.com\/konyhaluxnet\/#"],"email":"info@premiumkeszulek.hu","telephone":"36 1 \/ 226-1992","legalName":"HPH Special Kft","vatID":"HU12549502","taxID":"12549502","hasMerchantReturnPolicy":{"@type":"MerchantReturnPolicy","merchantReturnLink":"https:\/\/premiumkeszulek.hu\/hu\/altalanos-szerzodesi-es-felhasznalasi-feltetelek\/"}}]},"product_brand":"Liebherr","product_price_amount":"882900","product_price_currency":"HUF","og_availability":"backorder","product_availability":"available for order","product_retailer_item_id":"9005382280898","product_condition":"new"},"jetpack_publicize_connections":[],"jetpack_likes_enabled":true,"jetpack_sharing_enabled":true,"jetpack-related-posts":[],"_links":{"self":[{"href":"https:\/\/premiumkeszulek.hu\/hu\/wp-json\/wp\/v2\/product\/13067","targetHints":{"allow":["GET"]}}],"collection":[{"href":"https:\/\/premiumkeszulek.hu\/hu\/wp-json\/wp\/v2\/product"}],"about":[{"href":"https:\/\/premiumkeszulek.hu\/hu\/wp-json\/wp\/v2\/types\/product"}],"replies":[{"embeddable":true,"href":"https:\/\/premiumkeszulek.hu\/hu\/wp-json\/wp\/v2\/comments?post=13067"}],"wp:featuredmedia":[{"embeddable":true,"href":"https:\/\/premiumkeszulek.hu\/hu\/wp-json\/wp\/v2\/media\/13066"}],"wp:attachment":[{"href":"https:\/\/premiumkeszulek.hu\/hu\/wp-json\/wp\/v2\/media?parent=13067"}],"wp:term":[{"taxonomy":"product_brand","embeddable":true,"href":"https:\/\/premiumkeszulek.hu\/hu\/wp-json\/wp\/v2\/product_brand?post=13067"},{"taxonomy":"product_cat","embeddable":true,"href":"https:\/\/premiumkeszulek.hu\/hu\/wp-json\/wp\/v2\/product_cat?post=13067"},{"taxonomy":"product_tag","embeddable":true,"href":"https:\/\/premiumkeszulek.hu\/hu\/wp-json\/wp\/v2\/product_tag?post=13067"},{"taxonomy":"woo-feed-brand","embeddable":true,"href":"https:\/\/premiumkeszulek.hu\/hu\/wp-json\/wp\/v2\/woo-feed-brand?post=13067"}],"curies":[{"name":"wp","href":"https:\/\/api.w.org\/{rel}","templated":true}]}}